{"id":35260,"date":"2023-09-14T02:23:53","date_gmt":"2023-09-14T02:23:53","guid":{"rendered":"https:\/\/www.artestar.eu\/al-por-mayor\/bracelet-coulissant-reglable-en-laiton-avec-extremites-a-bille\/"},"modified":"2023-09-19T03:10:30","modified_gmt":"2023-09-19T03:10:30","slug":"sliding-laiton-bracelet-coulissant-reglable-reglable-avec-extremites-billes","status":"publish","type":"product","link":"https:\/\/www.artestar.eu\/fr\/de-gros\/sliding-laiton-bracelet-coulissant-reglable-reglable-avec-extremites-billes\/","title":{"rendered":"Bracelet coulissant r\u00e9glable en laiton\uff08avec embouts sph\u00e9riques\uff09"},"content":{"rendered":"<h5>Bracelet coulissant r\u00e9glable en laiton\uff08avec embouts sph\u00e9riques\uff09<\/h5>\n<ul>\n<li>Design: Ce bracelet est fabriqu\u00e9 avec une cha\u00eene en cuivre. Le cordon d\u2019arr\u00eat (avec poign\u00e9e en caoutchouc \u00e0 l\u2019int\u00e9rieur) glisse le long de la cha\u00eene du bo\u00eetier pour maintenir le bracelet en toute s\u00e9curit\u00e9 \u00e0 la longueur souhait\u00e9e. Les d\u00e9tails en verre rond de l\u2019extr\u00e9mit\u00e9 sont soud\u00e9s. Parce que le bracelet est livr\u00e9 avec deux anneaux de saut qui peuvent \u00eatre accroch\u00e9s. Vous permettant d\u2019ajouter une vari\u00e9t\u00e9 d\u2019ornements pour cr\u00e9er un bracelet unique selon vos pr\u00e9f\u00e9rences personnelles et votre cr\u00e9ativit\u00e9.<\/li>\n<li>Mat\u00e9riel: Parce que ce bracelet est en laiton, le laiton r\u00e9siste \u00e0 la corrosion et \u00e0 l\u2019usure., le placage est durable et ne se d\u00e9colore pas facilement. Les bracelets \u00e0 cha\u00eene coulissants sont s\u00fbrs de capturer la lumi\u00e8re et de cr\u00e9er une lueur vibrante qui fera ressortir le luxe en vous.<\/li>\n<li>Utilisation: Ce bracelet semi-fini est facile \u00e0 porter. Parce qu\u2019il suffit de faire glisser le curseur en forme de perle unique le long de la cha\u00eene pour le maintenir en place sur toute la longueur de la cha\u00eene. Ins\u00e9rez deux bagues de connexion pour compl\u00e9ter le bracelet. Parce que la longueur du bracelet s\u2019adapte \u00e0 toutes les tailles de poignet et peut \u00eatre ajust\u00e9e en fonction de vos pr\u00e9f\u00e9rences et besoins personnels.<\/li>\n<li>Application: Parce que vous pouvez ajouter une vari\u00e9t\u00e9 de charmes, de perles semi-pr\u00e9cieuses, de perles de cristal, de perles et d\u2019autres ornements des deux c\u00f4t\u00e9s de l\u2019anneau ouvert. C\u2019est un bon choix de cadeau pour votre famille et vos amis \u00e0 l\u2019occasion de la f\u00eate des m\u00e8res, de l\u2019Halloween, de la Saint-Valentin, de No\u00ebl et d\u2019autres jours f\u00e9ri\u00e9s.<\/li>\n<\/ul>\n<p><img decoding=\"async\" class=\"alignnone size-full wp-image-34938\" src=\"https:\/\/www.artestar.eu\/wp-content\/uploads\/2023\/09\/brass-slider-adjustable-slider-bracelet-with-ball-ends-03.jpg\" alt=\"Bracelet coulissant r\u00e9glable en laiton (avec extr\u00e9mit\u00e9s \u00e0 bille)\" width=\"600\" height=\"600\" srcset=\"https:\/\/www.artestar.eu\/wp-content\/uploads\/2023\/09\/brass-slider-adjustable-slider-bracelet-with-ball-ends-03.jpg 600w, https:\/\/www.artestar.eu\/wp-content\/uploads\/2023\/09\/brass-slider-adjustable-slider-bracelet-with-ball-ends-03-300x300.jpg 300w, https:\/\/www.artestar.eu\/wp-content\/uploads\/2023\/09\/brass-slider-adjustable-slider-bracelet-with-ball-ends-03-150x150.jpg 150w, https:\/\/www.artestar.eu\/wp-content\/uploads\/2023\/09\/brass-slider-adjustable-slider-bracelet-with-ball-ends-03-450x450.jpg 450w, https:\/\/www.artestar.eu\/wp-content\/uploads\/2023\/09\/brass-slider-adjustable-slider-bracelet-with-ball-ends-03-54x54.jpg 54w\" sizes=\"(max-width: 600px) 100vw, 600px\" \/><\/p>\n<h5>Bracelet coulissant coulissant r\u00e9glable en laiton<\/h5>\n<p>&nbsp;<\/p>\n<ul>\n<li>Remarque: Veuillez autoriser une l\u00e9g\u00e8re erreur due \u00e0 la mesure manuelle.<\/li>\n<\/ul>\n","protected":false},"excerpt":{"rendered":"<ul>\n<li>Quantit\u00e9: 1pcs.<\/li>\n<li class=\"a-spacing-mini\"><span class=\"a-list-item\">Taille approximative <\/span>: <span class=\"a-list-item\">220 mm de long, 1,2 mm d\u2019\u00e9paisseur, trou : 2 mm.<\/span><\/li>\n<li>Il peut \u00eatre utilis\u00e9 avec des perles, des accessoires suspendus, etc. pour fabriquer des bracelets.<\/li>\n<\/ul>\n","protected":false},"featured_media":34922,"comment_status":"open","ping_status":"closed","template":"","meta":[],"product_cat":[1665,2369],"product_tag":[2865,3078,3117,3118,2895],"yoast_head":"<!-- This site is optimized with the Yoast SEO Premium plugin v20.5 (Yoast SEO v21.5) - https:\/\/yoast.com\/wordpress\/plugins\/seo\/ -->\n<title>Bracelet coulissant r\u00e9glable en laiton -% Artestar% Artestar%%<\/title>\n<meta name=\"description\" content=\"Le curseur de bracelet coulissant r\u00e9glable en laiton se combine avec diff\u00e9rentes perles et accessoires pour cr\u00e9er diff\u00e9rents styles de bracelet.\" \/>\n<meta name=\"robots\" content=\"index, follow, max-snippet:-1, max-image-preview:large, max-video-preview:-1\" \/>\n<link rel=\"canonical\" href=\"https:\/\/www.artestar.eu\/fr\/de-gros\/sliding-laiton-bracelet-coulissant-reglable-reglable-avec-extremites-billes\/\" \/>\n<meta property=\"og:locale\" content=\"fr_FR\" \/>\n<meta property=\"og:type\" content=\"article\" \/>\n<meta property=\"og:title\" content=\"Bracelet coulissant r\u00e9glable en laiton\uff08avec embouts sph\u00e9riques\uff09\" \/>\n<meta property=\"og:description\" content=\"Le curseur de bracelet coulissant r\u00e9glable en laiton se combine avec diff\u00e9rentes perles et accessoires pour cr\u00e9er diff\u00e9rents styles de bracelet.\" \/>\n<meta property=\"og:url\" content=\"https:\/\/www.artestar.eu\/fr\/de-gros\/sliding-laiton-bracelet-coulissant-reglable-reglable-avec-extremites-billes\/\" \/>\n<meta property=\"og:site_name\" content=\"Artestar\" \/>\n<meta property=\"article:publisher\" content=\"https:\/\/www.facebook.com\/ARTESTAREU\" \/>\n<meta property=\"article:modified_time\" content=\"2023-09-19T03:10:30+00:00\" \/>\n<meta property=\"og:image\" content=\"https:\/\/www.artestar.eu\/wp-content\/uploads\/2023\/09\/brass-slider-adjustable-slider-bracelet-with-ball-ends.jpg\" \/>\n\t<meta property=\"og:image:width\" content=\"600\" \/>\n\t<meta property=\"og:image:height\" content=\"600\" \/>\n\t<meta property=\"og:image:type\" content=\"image\/jpeg\" \/>\n<meta name=\"twitter:card\" content=\"summary_large_image\" \/>\n<meta name=\"twitter:label1\" content=\"Prix\" \/>\n\t<meta name=\"twitter:data1\" content=\"0,76&nbsp;&euro; (TVA NON incluse)\" \/>\n\t<meta name=\"twitter:label2\" content=\"Availability\" \/>\n\t<meta name=\"twitter:data2\" content=\"En stock\" \/>\n<script type=\"application\/ld+json\" class=\"yoast-schema-graph\">{\"@context\":\"https:\/\/schema.org\",\"@graph\":[{\"@type\":\"WebPage\",\"@id\":\"https:\/\/www.artestar.eu\/fr\/de-gros\/sliding-laiton-bracelet-coulissant-reglable-reglable-avec-extremites-billes\/\",\"url\":\"https:\/\/www.artestar.eu\/fr\/de-gros\/sliding-laiton-bracelet-coulissant-reglable-reglable-avec-extremites-billes\/\",\"name\":\"Bracelet coulissant r\u00e9glable en laiton -% Artestar% Artestar%%\",\"isPartOf\":{\"@id\":\"https:\/\/www.artestar.eu\/fr\/#website\"},\"datePublished\":\"2023-09-14T02:23:53+00:00\",\"dateModified\":\"2023-09-19T03:10:30+00:00\",\"description\":\"Le curseur de bracelet coulissant r\u00e9glable en laiton se combine avec diff\u00e9rentes perles et accessoires pour cr\u00e9er diff\u00e9rents styles de bracelet.\",\"breadcrumb\":{\"@id\":\"https:\/\/www.artestar.eu\/fr\/de-gros\/sliding-laiton-bracelet-coulissant-reglable-reglable-avec-extremites-billes\/#breadcrumb\"},\"inLanguage\":\"fr-FR\",\"potentialAction\":[{\"@type\":\"ReadAction\",\"target\":[\"https:\/\/www.artestar.eu\/fr\/de-gros\/sliding-laiton-bracelet-coulissant-reglable-reglable-avec-extremites-billes\/\"]}]},{\"@type\":\"BreadcrumbList\",\"@id\":\"https:\/\/www.artestar.eu\/fr\/de-gros\/sliding-laiton-bracelet-coulissant-reglable-reglable-avec-extremites-billes\/#breadcrumb\",\"itemListElement\":[{\"@type\":\"ListItem\",\"position\":1,\"name\":\"Artestar\",\"item\":\"https:\/\/www.artestar.eu\/fr\/\"},{\"@type\":\"ListItem\",\"position\":2,\"name\":\"De gros\",\"item\":\"https:\/\/www.artestar.eu\/fr\/de-gros\/\"},{\"@type\":\"ListItem\",\"position\":3,\"name\":\"Bracelet coulissant r\u00e9glable en laiton\uff08avec embouts sph\u00e9riques\uff09\"}]},{\"@type\":\"WebSite\",\"@id\":\"https:\/\/www.artestar.eu\/fr\/#website\",\"url\":\"https:\/\/www.artestar.eu\/fr\/\",\"name\":\"Artestar\",\"description\":\"Mayorista en abalorios y joyer\u00eda\",\"publisher\":{\"@id\":\"https:\/\/www.artestar.eu\/fr\/#organization\"},\"alternateName\":\"Artestar-EU\",\"potentialAction\":[{\"@type\":\"SearchAction\",\"target\":{\"@type\":\"EntryPoint\",\"urlTemplate\":\"https:\/\/www.artestar.eu\/fr\/?s={search_term_string}\"},\"query-input\":\"required name=search_term_string\"}],\"inLanguage\":\"fr-FR\"},{\"@type\":[\"Organization\",\"Place\"],\"@id\":\"https:\/\/www.artestar.eu\/fr\/#organization\",\"name\":\"RUBY ABALORIO S.L.\",\"alternateName\":\"Artestar\",\"url\":\"https:\/\/www.artestar.eu\/fr\/\",\"logo\":{\"@id\":\"https:\/\/www.artestar.eu\/fr\/de-gros\/sliding-laiton-bracelet-coulissant-reglable-reglable-avec-extremites-billes\/#local-main-organization-logo\"},\"image\":{\"@id\":\"https:\/\/www.artestar.eu\/fr\/de-gros\/sliding-laiton-bracelet-coulissant-reglable-reglable-avec-extremites-billes\/#local-main-organization-logo\"},\"sameAs\":[\"https:\/\/www.facebook.com\/ARTESTAREU\",\"https:\/\/www.instagram.com\/artestareu\/\",\"https:\/\/www.pinterest.es\/artestar_eu\/\",\"https:\/\/www.tiktok.com\/@artestar_wholesale\"],\"openingHoursSpecification\":[{\"@type\":\"OpeningHoursSpecification\",\"dayOfWeek\":[\"Monday\",\"Tuesday\",\"Wednesday\",\"Thursday\",\"Friday\",\"Saturday\",\"Sunday\"],\"opens\":\"09:00\",\"closes\":\"17:00\"}]},{\"@type\":\"ImageObject\",\"inLanguage\":\"fr-FR\",\"@id\":\"https:\/\/www.artestar.eu\/fr\/de-gros\/sliding-laiton-bracelet-coulissant-reglable-reglable-avec-extremites-billes\/#local-main-organization-logo\",\"url\":\"https:\/\/www.artestar.eu\/wp-content\/uploads\/2023\/05\/cropped-png.png\",\"contentUrl\":\"https:\/\/www.artestar.eu\/wp-content\/uploads\/2023\/05\/cropped-png.png\",\"width\":512,\"height\":512,\"caption\":\"RUBY ABALORIO S.L.\"}]}<\/script>\n<meta property=\"product:price:amount\" content=\"0.76\" \/>\n<meta property=\"product:price:currency\" content=\"EUR\" \/>\n<meta property=\"og:availability\" content=\"instock\" \/>\n<meta property=\"product:availability\" content=\"instock\" \/>\n<meta property=\"product:retailer_item_id\" content=\"BCPSL-T0002\" \/>\n<meta property=\"product:condition\" content=\"new\" \/>\n<!-- \/ Yoast SEO Premium plugin. -->","yoast_head_json":{"title":"Bracelet coulissant r\u00e9glable en laiton -% Artestar% Artestar%%","description":"Le curseur de bracelet coulissant r\u00e9glable en laiton se combine avec diff\u00e9rentes perles et accessoires pour cr\u00e9er diff\u00e9rents styles de bracelet.","robots":{"index":"index","follow":"follow","max-snippet":"max-snippet:-1","max-image-preview":"max-image-preview:large","max-video-preview":"max-video-preview:-1"},"canonical":"https:\/\/www.artestar.eu\/fr\/de-gros\/sliding-laiton-bracelet-coulissant-reglable-reglable-avec-extremites-billes\/","og_locale":"fr_FR","og_type":"article","og_title":"Bracelet coulissant r\u00e9glable en laiton\uff08avec embouts sph\u00e9riques\uff09","og_description":"Le curseur de bracelet coulissant r\u00e9glable en laiton se combine avec diff\u00e9rentes perles et accessoires pour cr\u00e9er diff\u00e9rents styles de bracelet.","og_url":"https:\/\/www.artestar.eu\/fr\/de-gros\/sliding-laiton-bracelet-coulissant-reglable-reglable-avec-extremites-billes\/","og_site_name":"Artestar","article_publisher":"https:\/\/www.facebook.com\/ARTESTAREU","article_modified_time":"2023-09-19T03:10:30+00:00","og_image":[{"width":600,"height":600,"url":"https:\/\/www.artestar.eu\/wp-content\/uploads\/2023\/09\/brass-slider-adjustable-slider-bracelet-with-ball-ends.jpg","type":"image\/jpeg"}],"twitter_card":"summary_large_image","twitter_misc":{"Prix":"0,76&nbsp;&euro; (TVA NON incluse)","Availability":"En stock"},"schema":{"@context":"https:\/\/schema.org","@graph":[{"@type":"WebPage","@id":"https:\/\/www.artestar.eu\/fr\/de-gros\/sliding-laiton-bracelet-coulissant-reglable-reglable-avec-extremites-billes\/","url":"https:\/\/www.artestar.eu\/fr\/de-gros\/sliding-laiton-bracelet-coulissant-reglable-reglable-avec-extremites-billes\/","name":"Bracelet coulissant r\u00e9glable en laiton -% Artestar% Artestar%%","isPartOf":{"@id":"https:\/\/www.artestar.eu\/fr\/#website"},"datePublished":"2023-09-14T02:23:53+00:00","dateModified":"2023-09-19T03:10:30+00:00","description":"Le curseur de bracelet coulissant r\u00e9glable en laiton se combine avec diff\u00e9rentes perles et accessoires pour cr\u00e9er diff\u00e9rents styles de bracelet.","breadcrumb":{"@id":"https:\/\/www.artestar.eu\/fr\/de-gros\/sliding-laiton-bracelet-coulissant-reglable-reglable-avec-extremites-billes\/#breadcrumb"},"inLanguage":"fr-FR","potentialAction":[{"@type":"ReadAction","target":["https:\/\/www.artestar.eu\/fr\/de-gros\/sliding-laiton-bracelet-coulissant-reglable-reglable-avec-extremites-billes\/"]}]},{"@type":"BreadcrumbList","@id":"https:\/\/www.artestar.eu\/fr\/de-gros\/sliding-laiton-bracelet-coulissant-reglable-reglable-avec-extremites-billes\/#breadcrumb","itemListElement":[{"@type":"ListItem","position":1,"name":"Artestar","item":"https:\/\/www.artestar.eu\/fr\/"},{"@type":"ListItem","position":2,"name":"De gros","item":"https:\/\/www.artestar.eu\/fr\/de-gros\/"},{"@type":"ListItem","position":3,"name":"Bracelet coulissant r\u00e9glable en laiton\uff08avec embouts sph\u00e9riques\uff09"}]},{"@type":"WebSite","@id":"https:\/\/www.artestar.eu\/fr\/#website","url":"https:\/\/www.artestar.eu\/fr\/","name":"Artestar","description":"Mayorista en abalorios y joyer\u00eda","publisher":{"@id":"https:\/\/www.artestar.eu\/fr\/#organization"},"alternateName":"Artestar-EU","potentialAction":[{"@type":"SearchAction","target":{"@type":"EntryPoint","urlTemplate":"https:\/\/www.artestar.eu\/fr\/?s={search_term_string}"},"query-input":"required name=search_term_string"}],"inLanguage":"fr-FR"},{"@type":["Organization","Place"],"@id":"https:\/\/www.artestar.eu\/fr\/#organization","name":"RUBY ABALORIO S.L.","alternateName":"Artestar","url":"https:\/\/www.artestar.eu\/fr\/","logo":{"@id":"https:\/\/www.artestar.eu\/fr\/de-gros\/sliding-laiton-bracelet-coulissant-reglable-reglable-avec-extremites-billes\/#local-main-organization-logo"},"image":{"@id":"https:\/\/www.artestar.eu\/fr\/de-gros\/sliding-laiton-bracelet-coulissant-reglable-reglable-avec-extremites-billes\/#local-main-organization-logo"},"sameAs":["https:\/\/www.facebook.com\/ARTESTAREU","https:\/\/www.instagram.com\/artestareu\/","https:\/\/www.pinterest.es\/artestar_eu\/","https:\/\/www.tiktok.com\/@artestar_wholesale"],"openingHoursSpecification":[{"@type":"OpeningHoursSpecification","dayOfWeek":["Monday","Tuesday","Wednesday","Thursday","Friday","Saturday","Sunday"],"opens":"09:00","closes":"17:00"}]},{"@type":"ImageObject","inLanguage":"fr-FR","@id":"https:\/\/www.artestar.eu\/fr\/de-gros\/sliding-laiton-bracelet-coulissant-reglable-reglable-avec-extremites-billes\/#local-main-organization-logo","url":"https:\/\/www.artestar.eu\/wp-content\/uploads\/2023\/05\/cropped-png.png","contentUrl":"https:\/\/www.artestar.eu\/wp-content\/uploads\/2023\/05\/cropped-png.png","width":512,"height":512,"caption":"RUBY ABALORIO S.L."}]},"product_price_amount":"0.76","product_price_currency":"EUR","og_availability":"instock","product_availability":"instock","product_retailer_item_id":"BCPSL-T0002","product_condition":"new"},"tiered_pricing_type":"fixed","tiered_pricing_fixed_rules":[],"tiered_pricing_percentage_rules":[],"tiered_pricing_minimum":null,"_administrator_tiered_pricing_type":"fixed","_administrator_tiered_pricing_fixed_rules":[],"_editor_tiered_pricing_type":"fixed","_editor_tiered_pricing_fixed_rules":[],"_author_tiered_pricing_type":"fixed","_author_tiered_pricing_fixed_rules":[],"_contributor_tiered_pricing_type":"fixed","_contributor_tiered_pricing_fixed_rules":[],"_subscriber_tiered_pricing_type":"fixed","_subscriber_tiered_pricing_fixed_rules":[],"_wpseo_manager_tiered_pricing_type":"fixed","_wpseo_manager_tiered_pricing_fixed_rules":[],"_wpseo_editor_tiered_pricing_type":"fixed","_wpseo_editor_tiered_pricing_fixed_rules":[],"_customer_tiered_pricing_type":"fixed","_customer_tiered_pricing_fixed_rules":[],"_shop_manager_tiered_pricing_type":"fixed","_shop_manager_tiered_pricing_fixed_rules":[],"_product_manager_tiered_pricing_type":"fixed","_product_manager_tiered_pricing_fixed_rules":[],"_links":{"self":[{"href":"https:\/\/www.artestar.eu\/fr\/wp-json\/wp\/v2\/product\/35260"}],"collection":[{"href":"https:\/\/www.artestar.eu\/fr\/wp-json\/wp\/v2\/product"}],"about":[{"href":"https:\/\/www.artestar.eu\/fr\/wp-json\/wp\/v2\/types\/product"}],"replies":[{"embeddable":true,"href":"https:\/\/www.artestar.eu\/fr\/wp-json\/wp\/v2\/comments?post=35260"}],"version-history":[{"count":1,"href":"https:\/\/www.artestar.eu\/fr\/wp-json\/wp\/v2\/product\/35260\/revisions"}],"predecessor-version":[{"id":35377,"href":"https:\/\/www.artestar.eu\/fr\/wp-json\/wp\/v2\/product\/35260\/revisions\/35377"}],"wp:featuredmedia":[{"embeddable":true,"href":"https:\/\/www.artestar.eu\/fr\/wp-json\/wp\/v2\/media\/34922"}],"wp:attachment":[{"href":"https:\/\/www.artestar.eu\/fr\/wp-json\/wp\/v2\/media?parent=35260"}],"wp:term":[{"taxonomy":"product_cat","embeddable":true,"href":"https:\/\/www.artestar.eu\/fr\/wp-json\/wp\/v2\/product_cat?post=35260"},{"taxonomy":"product_tag","embeddable":true,"href":"https:\/\/www.artestar.eu\/fr\/wp-json\/wp\/v2\/product_tag?post=35260"}],"curies":[{"name":"wp","href":"https:\/\/api.w.org\/{rel}","templated":true}]}}