{"id":46384,"date":"2023-11-27T16:14:46","date_gmt":"2023-11-27T16:14:46","guid":{"rendered":"https:\/\/www.artestar.eu\/?post_type=product&#038;p=46384"},"modified":"2023-12-04T10:34:15","modified_gmt":"2023-12-04T10:34:15","slug":"boules-en-nid-dabeille-en-silicone-15mm","status":"publish","type":"product","link":"https:\/\/www.artestar.eu\/fr\/de-gros\/boules-en-nid-dabeille-en-silicone-15mm\/","title":{"rendered":"50 boules en silicone nid d\u2019abeille \u00d815mm"},"content":{"rendered":"<h3><strong>Boules en silicone en nid d\u2019abeille<\/strong><\/h3>\n<p>Les billes de silicone en nid d\u2019abeille sont textur\u00e9es pour une stimulation sensorielle. Ils conviennent \u00e0 la cr\u00e9ation de bracelets, colliers, porte-t\u00e9tines, jouets et autres objets d\u2019artisanat. Ils peuvent \u00eatre utilis\u00e9s pour soulager l\u2019inconfort de la pouss\u00e9e dentaire et comme un anneau de dentition d\u2019allaitement parfait pour les b\u00e9b\u00e9s.<\/p>\n<p>Ces mat\u00e9riaux sont fabriqu\u00e9s avec du silicone antibact\u00e9rien biologique de qualit\u00e9 alimentaire sans BPA, PVC, phtalates, cadmium et plomb. Pas d\u2019odeurs ni de toxines<\/p>\n<ul>\n<li>MESURES&nbsp;: \u00d8 20mm.<\/li>\n<li>QUANTIT\u00c9&nbsp;: Pack de 50 unit\u00e9s.<\/li>\n<li>Ne laissez pas les pi\u00e8ces d\u00e9tach\u00e9es \u00e0 la port\u00e9e des enfants, lavez, st\u00e9rilisez les pi\u00e8ces avant utilisation, inspectez-les avant utilisation, peuvent \u00eatre lav\u00e9es avec un savon doux ou neutre, n\u2019utilisez pas de produits abrasifs.<\/li>\n<\/ul>\n<p>&nbsp;<\/p>\n<p><strong>AVERTISSEMENT<\/strong><\/p>\n<p>Ne laissez pas les pi\u00e8ces d\u00e9tach\u00e9es \u00e0 la port\u00e9e des enfants, les pi\u00e8ces d\u00e9tach\u00e9es peuvent provoquer une suffocation.<\/p>\n<p>Il est recommand\u00e9 de st\u00e9riliser avant de donner le b\u00e9b\u00e9 et de garder le produit propre avant utilisation.<\/p>\n<p>Facile \u00e0 nettoyer, avec de l\u2019eau et du savon, <strong>N\u2019UTILISEZ PAS DE PRODUITS ABRASIFS OU TOXIQUES.<\/strong><\/p>\n<p><a href=\"https:\/\/www.rubydiy.com\/wp-content\/uploads\/2021\/06\/BS1550RS-1-1.jpg\"><img decoding=\"async\" class=\"alignnone wp-image-37565 size-fusion-800\" src=\"https:\/\/www.rubydiy.com\/wp-content\/uploads\/2021\/06\/BS1550RS-1-1-800x800.jpg\" alt=\"Perles de ruche en silicone\" width=\"800\" height=\"800\"><\/a><\/p>\n<h3><strong>Perles de ruche en silicone pour anneau de dentition<\/strong><\/h3>\n<p><strong>Conseils<\/strong><\/p>\n<ul>\n<li>Nettoyage : Doit \u00eatre st\u00e9rilis\u00e9 avec de l\u2019eau et du savon neutre avant chaque utilisation.<\/li>\n<li>Vous devez le nettoyer apr\u00e8s chaque utilisation et le laisser s\u00e9cher \u00e0 l\u2019air libre.<\/li>\n<li>V\u00e9rifiez souvent l\u2019\u00e9tat des balles. Ne pas mettre au micro-ondes.<\/li>\n<li>La couleur peut varier l\u00e9g\u00e8rement en fonction des param\u00e8tres de votre \u00e9cran.<\/li>\n<li>Temps d\u2019utilisation : maximum 6 mois pour l\u2019hygi\u00e8ne et la s\u00e9curit\u00e9 des enfants.<\/li>\n<li>L\u2019Acheteur assume l\u2019enti\u00e8re responsabilit\u00e9 de l\u2019utilisation du produit.<\/li>\n<li>Si un dommage ou une perte est caus\u00e9 par la n\u00e9gligence de l\u2019acheteur, le vendeur ne sera pas responsable.<\/li>\n<\/ul>\n","protected":false},"excerpt":{"rendered":"<p><b>Boules spirales en silicone \u00d8 15mm pour anneaux de dentition.<\/b><\/p>\n<p><strong>Mesure:&nbsp;<\/strong>\u00d8 15mm.<\/p>\n<p><strong>Mesure int\u00e9rieure&nbsp;:&nbsp;<\/strong>\u00d8 2mm.<\/p>\n<p><strong>Quantit\u00e9&nbsp;:<\/strong> 5 pcs.<\/p>\n<p><strong>Mat\u00e9riel:<\/strong>&nbsp;Silicone.<\/p>\n<p><\/p>\n","protected":false},"featured_media":38637,"comment_status":"closed","ping_status":"closed","template":"","meta":[],"product_cat":[],"product_tag":[],"yoast_head":"<!-- This site is optimized with the Yoast SEO Premium plugin v20.5 (Yoast SEO v21.5) - https:\/\/yoast.com\/wordpress\/plugins\/seo\/ -->\n<title>Boules en nid d\u2019abeille en silicone pour l\u2019artisanat<\/title>\n<meta name=\"description\" content=\"50 perles boule en silicone nid d\u2019abeille \u00f815mm pour l\u2019assemblage de cha\u00eenes de t\u00e9tine et de jouets, de pi\u00e8ces de b\u00e9b\u00e9 en silicone, de perles de cha\u00eene de t\u00e9tine en silicone\" \/>\n<meta name=\"robots\" content=\"index, follow, max-snippet:-1, max-image-preview:large, max-video-preview:-1\" \/>\n<link rel=\"canonical\" href=\"https:\/\/www.artestar.eu\/fr\/de-gros\/boules-en-nid-dabeille-en-silicone-15mm\/\" \/>\n<meta property=\"og:locale\" content=\"fr_FR\" \/>\n<meta property=\"og:type\" content=\"article\" \/>\n<meta property=\"og:title\" content=\"50 boules en silicone nid d\u2019abeille \u00d815mm\" \/>\n<meta property=\"og:description\" content=\"50 perles boule en silicone nid d\u2019abeille \u00f815mm pour l\u2019assemblage de cha\u00eenes de t\u00e9tine et de jouets, de pi\u00e8ces de b\u00e9b\u00e9 en silicone, de perles de cha\u00eene de t\u00e9tine en silicone\" \/>\n<meta property=\"og:url\" content=\"https:\/\/www.artestar.eu\/fr\/de-gros\/boules-en-nid-dabeille-en-silicone-15mm\/\" \/>\n<meta property=\"og:site_name\" content=\"Artestar\" \/>\n<meta property=\"article:publisher\" content=\"https:\/\/www.facebook.com\/ARTESTAREU\" \/>\n<meta property=\"article:modified_time\" content=\"2023-12-04T10:34:15+00:00\" \/>\n<meta property=\"og:image\" content=\"https:\/\/www.artestar.eu\/wp-content\/uploads\/2023\/11\/BS1550RS-1-1.jpg\" \/>\n\t<meta property=\"og:image:width\" content=\"1500\" \/>\n\t<meta property=\"og:image:height\" content=\"1500\" \/>\n\t<meta property=\"og:image:type\" content=\"image\/jpeg\" \/>\n<meta name=\"twitter:card\" content=\"summary_large_image\" \/>\n<meta name=\"twitter:label1\" content=\"Availability\" \/>\n\t<meta name=\"twitter:data1\" content=\"En stock\" \/>\n<script type=\"application\/ld+json\" class=\"yoast-schema-graph\">{\"@context\":\"https:\/\/schema.org\",\"@graph\":[{\"@type\":\"WebPage\",\"@id\":\"https:\/\/www.artestar.eu\/fr\/de-gros\/boules-en-nid-dabeille-en-silicone-15mm\/\",\"url\":\"https:\/\/www.artestar.eu\/fr\/de-gros\/boules-en-nid-dabeille-en-silicone-15mm\/\",\"name\":\"Boules en nid d\u2019abeille en silicone pour l\u2019artisanat\",\"isPartOf\":{\"@id\":\"https:\/\/www.artestar.eu\/fr\/#website\"},\"datePublished\":\"2023-11-27T16:14:46+00:00\",\"dateModified\":\"2023-12-04T10:34:15+00:00\",\"description\":\"50 perles boule en silicone nid d\u2019abeille \u00f815mm pour l\u2019assemblage de cha\u00eenes de t\u00e9tine et de jouets, de pi\u00e8ces de b\u00e9b\u00e9 en silicone, de perles de cha\u00eene de t\u00e9tine en silicone\",\"breadcrumb\":{\"@id\":\"https:\/\/www.artestar.eu\/fr\/de-gros\/boules-en-nid-dabeille-en-silicone-15mm\/#breadcrumb\"},\"inLanguage\":\"fr-FR\",\"potentialAction\":[{\"@type\":\"ReadAction\",\"target\":[\"https:\/\/www.artestar.eu\/fr\/de-gros\/boules-en-nid-dabeille-en-silicone-15mm\/\"]}]},{\"@type\":\"BreadcrumbList\",\"@id\":\"https:\/\/www.artestar.eu\/fr\/de-gros\/boules-en-nid-dabeille-en-silicone-15mm\/#breadcrumb\",\"itemListElement\":[{\"@type\":\"ListItem\",\"position\":1,\"name\":\"Artestar\",\"item\":\"https:\/\/www.artestar.eu\/fr\/\"},{\"@type\":\"ListItem\",\"position\":2,\"name\":\"De gros\",\"item\":\"https:\/\/www.artestar.eu\/fr\/de-gros\/\"},{\"@type\":\"ListItem\",\"position\":3,\"name\":\"50 boules en silicone nid d\u2019abeille \u00d815mm\"}]},{\"@type\":\"WebSite\",\"@id\":\"https:\/\/www.artestar.eu\/fr\/#website\",\"url\":\"https:\/\/www.artestar.eu\/fr\/\",\"name\":\"Artestar\",\"description\":\"Mayorista en abalorios y joyer\u00eda\",\"publisher\":{\"@id\":\"https:\/\/www.artestar.eu\/fr\/#organization\"},\"alternateName\":\"Artestar-EU\",\"potentialAction\":[{\"@type\":\"SearchAction\",\"target\":{\"@type\":\"EntryPoint\",\"urlTemplate\":\"https:\/\/www.artestar.eu\/fr\/?s={search_term_string}\"},\"query-input\":\"required name=search_term_string\"}],\"inLanguage\":\"fr-FR\"},{\"@type\":[\"Organization\",\"Place\"],\"@id\":\"https:\/\/www.artestar.eu\/fr\/#organization\",\"name\":\"RUBY ABALORIO S.L.\",\"alternateName\":\"Artestar\",\"url\":\"https:\/\/www.artestar.eu\/fr\/\",\"logo\":{\"@id\":\"https:\/\/www.artestar.eu\/fr\/de-gros\/boules-en-nid-dabeille-en-silicone-15mm\/#local-main-organization-logo\"},\"image\":{\"@id\":\"https:\/\/www.artestar.eu\/fr\/de-gros\/boules-en-nid-dabeille-en-silicone-15mm\/#local-main-organization-logo\"},\"sameAs\":[\"https:\/\/www.facebook.com\/ARTESTAREU\",\"https:\/\/www.instagram.com\/artestareu\/\",\"https:\/\/www.pinterest.es\/artestar_eu\/\",\"https:\/\/www.tiktok.com\/@artestar_wholesale\"],\"openingHoursSpecification\":[{\"@type\":\"OpeningHoursSpecification\",\"dayOfWeek\":[\"Monday\",\"Tuesday\",\"Wednesday\",\"Thursday\",\"Friday\",\"Saturday\",\"Sunday\"],\"opens\":\"09:00\",\"closes\":\"17:00\"}]},{\"@type\":\"ImageObject\",\"inLanguage\":\"fr-FR\",\"@id\":\"https:\/\/www.artestar.eu\/fr\/de-gros\/boules-en-nid-dabeille-en-silicone-15mm\/#local-main-organization-logo\",\"url\":\"https:\/\/www.artestar.eu\/wp-content\/uploads\/2023\/05\/cropped-png.png\",\"contentUrl\":\"https:\/\/www.artestar.eu\/wp-content\/uploads\/2023\/05\/cropped-png.png\",\"width\":512,\"height\":512,\"caption\":\"RUBY ABALORIO S.L.\"}]}<\/script>\n<meta property=\"og:availability\" content=\"instock\" \/>\n<meta property=\"product:availability\" content=\"instock\" \/>\n<meta property=\"product:retailer_item_id\" content=\"BS1550\" \/>\n<meta property=\"product:condition\" content=\"new\" \/>\n<!-- \/ Yoast SEO Premium plugin. -->","yoast_head_json":{"title":"Boules en nid d\u2019abeille en silicone pour l\u2019artisanat","description":"50 perles boule en silicone nid d\u2019abeille \u00f815mm pour l\u2019assemblage de cha\u00eenes de t\u00e9tine et de jouets, de pi\u00e8ces de b\u00e9b\u00e9 en silicone, de perles de cha\u00eene de t\u00e9tine en silicone","robots":{"index":"index","follow":"follow","max-snippet":"max-snippet:-1","max-image-preview":"max-image-preview:large","max-video-preview":"max-video-preview:-1"},"canonical":"https:\/\/www.artestar.eu\/fr\/de-gros\/boules-en-nid-dabeille-en-silicone-15mm\/","og_locale":"fr_FR","og_type":"article","og_title":"50 boules en silicone nid d\u2019abeille \u00d815mm","og_description":"50 perles boule en silicone nid d\u2019abeille \u00f815mm pour l\u2019assemblage de cha\u00eenes de t\u00e9tine et de jouets, de pi\u00e8ces de b\u00e9b\u00e9 en silicone, de perles de cha\u00eene de t\u00e9tine en silicone","og_url":"https:\/\/www.artestar.eu\/fr\/de-gros\/boules-en-nid-dabeille-en-silicone-15mm\/","og_site_name":"Artestar","article_publisher":"https:\/\/www.facebook.com\/ARTESTAREU","article_modified_time":"2023-12-04T10:34:15+00:00","og_image":[{"width":1500,"height":1500,"url":"https:\/\/www.artestar.eu\/wp-content\/uploads\/2023\/11\/BS1550RS-1-1.jpg","type":"image\/jpeg"}],"twitter_card":"summary_large_image","twitter_misc":{"Availability":"En stock"},"schema":{"@context":"https:\/\/schema.org","@graph":[{"@type":"WebPage","@id":"https:\/\/www.artestar.eu\/fr\/de-gros\/boules-en-nid-dabeille-en-silicone-15mm\/","url":"https:\/\/www.artestar.eu\/fr\/de-gros\/boules-en-nid-dabeille-en-silicone-15mm\/","name":"Boules en nid d\u2019abeille en silicone pour l\u2019artisanat","isPartOf":{"@id":"https:\/\/www.artestar.eu\/fr\/#website"},"datePublished":"2023-11-27T16:14:46+00:00","dateModified":"2023-12-04T10:34:15+00:00","description":"50 perles boule en silicone nid d\u2019abeille \u00f815mm pour l\u2019assemblage de cha\u00eenes de t\u00e9tine et de jouets, de pi\u00e8ces de b\u00e9b\u00e9 en silicone, de perles de cha\u00eene de t\u00e9tine en silicone","breadcrumb":{"@id":"https:\/\/www.artestar.eu\/fr\/de-gros\/boules-en-nid-dabeille-en-silicone-15mm\/#breadcrumb"},"inLanguage":"fr-FR","potentialAction":[{"@type":"ReadAction","target":["https:\/\/www.artestar.eu\/fr\/de-gros\/boules-en-nid-dabeille-en-silicone-15mm\/"]}]},{"@type":"BreadcrumbList","@id":"https:\/\/www.artestar.eu\/fr\/de-gros\/boules-en-nid-dabeille-en-silicone-15mm\/#breadcrumb","itemListElement":[{"@type":"ListItem","position":1,"name":"Artestar","item":"https:\/\/www.artestar.eu\/fr\/"},{"@type":"ListItem","position":2,"name":"De gros","item":"https:\/\/www.artestar.eu\/fr\/de-gros\/"},{"@type":"ListItem","position":3,"name":"50 boules en silicone nid d\u2019abeille \u00d815mm"}]},{"@type":"WebSite","@id":"https:\/\/www.artestar.eu\/fr\/#website","url":"https:\/\/www.artestar.eu\/fr\/","name":"Artestar","description":"Mayorista en abalorios y joyer\u00eda","publisher":{"@id":"https:\/\/www.artestar.eu\/fr\/#organization"},"alternateName":"Artestar-EU","potentialAction":[{"@type":"SearchAction","target":{"@type":"EntryPoint","urlTemplate":"https:\/\/www.artestar.eu\/fr\/?s={search_term_string}"},"query-input":"required name=search_term_string"}],"inLanguage":"fr-FR"},{"@type":["Organization","Place"],"@id":"https:\/\/www.artestar.eu\/fr\/#organization","name":"RUBY ABALORIO S.L.","alternateName":"Artestar","url":"https:\/\/www.artestar.eu\/fr\/","logo":{"@id":"https:\/\/www.artestar.eu\/fr\/de-gros\/boules-en-nid-dabeille-en-silicone-15mm\/#local-main-organization-logo"},"image":{"@id":"https:\/\/www.artestar.eu\/fr\/de-gros\/boules-en-nid-dabeille-en-silicone-15mm\/#local-main-organization-logo"},"sameAs":["https:\/\/www.facebook.com\/ARTESTAREU","https:\/\/www.instagram.com\/artestareu\/","https:\/\/www.pinterest.es\/artestar_eu\/","https:\/\/www.tiktok.com\/@artestar_wholesale"],"openingHoursSpecification":[{"@type":"OpeningHoursSpecification","dayOfWeek":["Monday","Tuesday","Wednesday","Thursday","Friday","Saturday","Sunday"],"opens":"09:00","closes":"17:00"}]},{"@type":"ImageObject","inLanguage":"fr-FR","@id":"https:\/\/www.artestar.eu\/fr\/de-gros\/boules-en-nid-dabeille-en-silicone-15mm\/#local-main-organization-logo","url":"https:\/\/www.artestar.eu\/wp-content\/uploads\/2023\/05\/cropped-png.png","contentUrl":"https:\/\/www.artestar.eu\/wp-content\/uploads\/2023\/05\/cropped-png.png","width":512,"height":512,"caption":"RUBY ABALORIO S.L."}]},"og_availability":"instock","product_availability":"instock","product_retailer_item_id":"BS1550","product_condition":"new"},"tiered_pricing_type":"fixed","tiered_pricing_fixed_rules":[],"tiered_pricing_percentage_rules":[],"tiered_pricing_minimum":null,"_administrator_tiered_pricing_type":"fixed","_administrator_tiered_pricing_fixed_rules":[],"_editor_tiered_pricing_type":"fixed","_editor_tiered_pricing_fixed_rules":[],"_author_tiered_pricing_type":"fixed","_author_tiered_pricing_fixed_rules":[],"_contributor_tiered_pricing_type":"fixed","_contributor_tiered_pricing_fixed_rules":[],"_subscriber_tiered_pricing_type":"fixed","_subscriber_tiered_pricing_fixed_rules":[],"_wpseo_manager_tiered_pricing_type":"fixed","_wpseo_manager_tiered_pricing_fixed_rules":[],"_wpseo_editor_tiered_pricing_type":"fixed","_wpseo_editor_tiered_pricing_fixed_rules":[],"_customer_tiered_pricing_type":"fixed","_customer_tiered_pricing_fixed_rules":[],"_shop_manager_tiered_pricing_type":"fixed","_shop_manager_tiered_pricing_fixed_rules":[],"_product_manager_tiered_pricing_type":"fixed","_product_manager_tiered_pricing_fixed_rules":[],"_links":{"self":[{"href":"https:\/\/www.artestar.eu\/fr\/wp-json\/wp\/v2\/product\/46384"}],"collection":[{"href":"https:\/\/www.artestar.eu\/fr\/wp-json\/wp\/v2\/product"}],"about":[{"href":"https:\/\/www.artestar.eu\/fr\/wp-json\/wp\/v2\/types\/product"}],"replies":[{"embeddable":true,"href":"https:\/\/www.artestar.eu\/fr\/wp-json\/wp\/v2\/comments?post=46384"}],"version-history":[{"count":1,"href":"https:\/\/www.artestar.eu\/fr\/wp-json\/wp\/v2\/product\/46384\/revisions"}],"predecessor-version":[{"id":47446,"href":"https:\/\/www.artestar.eu\/fr\/wp-json\/wp\/v2\/product\/46384\/revisions\/47446"}],"wp:featuredmedia":[{"embeddable":true,"href":"https:\/\/www.artestar.eu\/fr\/wp-json\/wp\/v2\/media\/38637"}],"wp:attachment":[{"href":"https:\/\/www.artestar.eu\/fr\/wp-json\/wp\/v2\/media?parent=46384"}],"wp:term":[{"taxonomy":"product_cat","embeddable":true,"href":"https:\/\/www.artestar.eu\/fr\/wp-json\/wp\/v2\/product_cat?post=46384"},{"taxonomy":"product_tag","embeddable":true,"href":"https:\/\/www.artestar.eu\/fr\/wp-json\/wp\/v2\/product_tag?post=46384"}],"curies":[{"name":"wp","href":"https:\/\/api.w.org\/{rel}","templated":true}]}}