{"id":46461,"date":"2023-11-27T16:13:42","date_gmt":"2023-11-27T16:13:42","guid":{"rendered":"https:\/\/www.artestar.eu\/?post_type=product&#038;p=46461"},"modified":"2023-12-13T10:26:48","modified_gmt":"2023-12-13T10:26:48","slug":"pack-silicone-balls-15mm-marine-breeze","status":"publish","type":"product","link":"https:\/\/www.artestar.eu\/fr\/de-gros\/pack-silicone-balls-15mm-marine-breeze\/","title":{"rendered":"Pack Sea Breeze &#8211; 600 balles en silicone \u00d815mm"},"content":{"rendered":"<h2><b>Pack Sea Breeze avec boules en silicone de 15 mm pour attache-t\u00e9tines<\/b><\/h2>\n<p>600 boules en silicone de 15 mm en gros pour cr\u00e9er des cha\u00eenes de t\u00e9tine personnalis\u00e9es ou des jouets de dentition pour b\u00e9b\u00e9s. Produit de boules en silicone Brisa Marina \u00e0 un prix imbattable avec exp\u00e9dition dans toute l\u2019Europe.<\/p>\n<p>Les boules en silicone sont fabriqu\u00e9es en silicone de qualit\u00e9 alimentaire, sans BPA, PVC, phtalates, cadmium et plomb. 100% sans danger pour les enfants et les b\u00e9b\u00e9s. Ces mat\u00e9riaux conviennent \u00e0 la cr\u00e9ation de bracelets, colliers, attache-t\u00e9tines, jouets ou anneaux de dentition.<\/p>\n<ul>\n<li>MESURES&nbsp;: \u00d8 15mm.<\/li>\n<li>TAILLE INT\u00c9RIEURE <strong>: <\/strong>\u00d8 2mm<\/li>\n<li>QUANTIT\u00c9&nbsp;: Pack de 600 unit\u00e9s.<\/li>\n<li>COULEURS : Bleu, Beige et Blanc<\/li>\n<\/ul>\n<p><img decoding=\"async\" class=\"alignnone wp-image-37969\" src=\"https:\/\/www.artestar.eu\/wp-content\/uploads\/2023\/11\/SELLOCTI1-1-300x296.jpg\" alt=\"\" width=\"147\" height=\"145\" srcset=\"https:\/\/www.artestar.eu\/wp-content\/uploads\/2023\/11\/SELLOCTI1-1-300x296.jpg 300w, https:\/\/www.artestar.eu\/wp-content\/uploads\/2023\/11\/SELLOCTI1-1-55x54.jpg 55w, https:\/\/www.artestar.eu\/wp-content\/uploads\/2023\/11\/SELLOCTI1-1.jpg 583w\" sizes=\"(max-width: 147px) 100vw, 147px\" \/><\/p>\n<p>&nbsp;<\/p>\n<p><strong>AVERTISSEMENT<\/strong><\/p>\n<p>Ne laissez pas les pi\u00e8ces d\u00e9tach\u00e9es \u00e0 la port\u00e9e des enfants, les pi\u00e8ces d\u00e9tach\u00e9es peuvent provoquer une suffocation.<\/p>\n<p>Il est recommand\u00e9 de st\u00e9riliser avant de donner le b\u00e9b\u00e9 et de garder le produit propre avant utilisation.<\/p>\n<p>Facile \u00e0 nettoyer, avec de l\u2019eau et du savon, <strong>N\u2019UTILISEZ PAS DE PRODUITS ABRASIFS OU TOXIQUES.<\/strong><\/p>\n<p><img decoding=\"async\" class=\"alignnone wp-image-49129 size-fusion-800\" src=\"https:\/\/www.rubydiy.com\/wp-content\/uploads\/2020\/10\/Lote-bolas-silicona-para-chupetero-beige-15mm-3-800x800.jpg\" alt=\"Boules t\u00e9tines en silicone bleu\" width=\"800\" height=\"800\"><\/p>\n<h3><b>Boules en silicone pour l\u2019artisanat<\/b><\/h3>\n<p><strong>Conseils<\/strong><\/p>\n<ul>\n<li>Nettoyage : Doit \u00eatre st\u00e9rilis\u00e9 avec de l\u2019eau et du savon neutre avant chaque utilisation.<\/li>\n<li>Vous devez le nettoyer apr\u00e8s chaque utilisation et le laisser s\u00e9cher \u00e0 l\u2019air libre.<\/li>\n<li>V\u00e9rifiez souvent l\u2019\u00e9tat des balles. Ne pas mettre au micro-ondes.<\/li>\n<li>La couleur peut varier l\u00e9g\u00e8rement en fonction des param\u00e8tres de votre \u00e9cran.<\/li>\n<li>Temps d\u2019utilisation : maximum 6 mois pour l\u2019hygi\u00e8ne et la s\u00e9curit\u00e9 des enfants.<\/li>\n<li>L\u2019Acheteur assume l\u2019enti\u00e8re responsabilit\u00e9 de l\u2019utilisation du produit.<\/li>\n<li>Si un dommage ou une perte est caus\u00e9 par la n\u00e9gligence de l\u2019acheteur, le vendeur ne sera pas responsable.<\/li>\n<\/ul>\n","protected":false},"excerpt":{"rendered":"<p><strong>Mesure:<\/strong> \u00d8 15mm<\/p>\n<p><strong>Mesure int\u00e9rieure&nbsp;: <\/strong>\u00d8 2mm<\/p>\n<p><strong>Quantit\u00e9&nbsp;:<\/strong> 600<strong> <\/strong>Vous.<\/p>\n<p><strong>Mat\u00e9riel:<\/strong> Silicone<\/p>\n<p><strong>COULEURS :<\/strong> Bleu, Beige et Blanc<\/p>\n","protected":false},"featured_media":38349,"comment_status":"closed","ping_status":"closed","template":"","meta":[],"product_cat":[3153,3148],"product_tag":[],"yoast_head":"<!-- This site is optimized with the Yoast SEO Premium plugin v20.5 (Yoast SEO v21.5) - https:\/\/yoast.com\/wordpress\/plugins\/seo\/ -->\n<title>Vente en gros boules de silicone Sea Breeze pour cha\u00eenes de t\u00e9tine<\/title>\n<meta name=\"description\" content=\"Pack 600 boules en silicone bleu, beige et blanc de 15 mm pour cha\u00eenes de t\u00e9tine, boules en silicone pour anneaux de dentition et artisanat en gros\" \/>\n<meta name=\"robots\" content=\"index, follow, max-snippet:-1, max-image-preview:large, max-video-preview:-1\" \/>\n<link rel=\"canonical\" href=\"https:\/\/www.artestar.eu\/fr\/de-gros\/pack-silicone-balls-15mm-marine-breeze\/\" \/>\n<meta property=\"og:locale\" content=\"fr_FR\" \/>\n<meta property=\"og:type\" content=\"article\" \/>\n<meta property=\"og:title\" content=\"Pack Sea Breeze - 600 balles en silicone \u00d815mm\" \/>\n<meta property=\"og:description\" content=\"Pack 600 boules en silicone bleu, beige et blanc de 15 mm pour cha\u00eenes de t\u00e9tine, boules en silicone pour anneaux de dentition et artisanat en gros\" \/>\n<meta property=\"og:url\" content=\"https:\/\/www.artestar.eu\/fr\/de-gros\/pack-silicone-balls-15mm-marine-breeze\/\" \/>\n<meta property=\"og:site_name\" content=\"Artestar\" \/>\n<meta property=\"article:publisher\" content=\"https:\/\/www.facebook.com\/ARTESTAREU\" \/>\n<meta property=\"article:modified_time\" content=\"2023-12-13T10:26:48+00:00\" \/>\n<meta property=\"og:image\" content=\"https:\/\/www.artestar.eu\/wp-content\/uploads\/2023\/11\/Lote-bolas-silicona-para-chupetero-beige-15mm-1.jpg\" \/>\n\t<meta property=\"og:image:width\" content=\"1000\" \/>\n\t<meta property=\"og:image:height\" content=\"1000\" \/>\n\t<meta property=\"og:image:type\" content=\"image\/jpeg\" \/>\n<meta name=\"twitter:card\" content=\"summary_large_image\" \/>\n<meta name=\"twitter:label1\" content=\"Prix\" \/>\n\t<meta name=\"twitter:data1\" content=\"7,65&nbsp;&euro; (TVA NON incluse)\" \/>\n\t<meta name=\"twitter:label2\" content=\"Availability\" \/>\n\t<meta name=\"twitter:data2\" content=\"En stock\" \/>\n<script type=\"application\/ld+json\" class=\"yoast-schema-graph\">{\"@context\":\"https:\/\/schema.org\",\"@graph\":[{\"@type\":\"WebPage\",\"@id\":\"https:\/\/www.artestar.eu\/fr\/de-gros\/pack-silicone-balls-15mm-marine-breeze\/\",\"url\":\"https:\/\/www.artestar.eu\/fr\/de-gros\/pack-silicone-balls-15mm-marine-breeze\/\",\"name\":\"Vente en gros boules de silicone Sea Breeze pour cha\u00eenes de t\u00e9tine\",\"isPartOf\":{\"@id\":\"https:\/\/www.artestar.eu\/fr\/#website\"},\"datePublished\":\"2023-11-27T16:13:42+00:00\",\"dateModified\":\"2023-12-13T10:26:48+00:00\",\"description\":\"Pack 600 boules en silicone bleu, beige et blanc de 15 mm pour cha\u00eenes de t\u00e9tine, boules en silicone pour anneaux de dentition et artisanat en gros\",\"breadcrumb\":{\"@id\":\"https:\/\/www.artestar.eu\/fr\/de-gros\/pack-silicone-balls-15mm-marine-breeze\/#breadcrumb\"},\"inLanguage\":\"fr-FR\",\"potentialAction\":[{\"@type\":\"ReadAction\",\"target\":[\"https:\/\/www.artestar.eu\/fr\/de-gros\/pack-silicone-balls-15mm-marine-breeze\/\"]}]},{\"@type\":\"BreadcrumbList\",\"@id\":\"https:\/\/www.artestar.eu\/fr\/de-gros\/pack-silicone-balls-15mm-marine-breeze\/#breadcrumb\",\"itemListElement\":[{\"@type\":\"ListItem\",\"position\":1,\"name\":\"Artestar\",\"item\":\"https:\/\/www.artestar.eu\/fr\/\"},{\"@type\":\"ListItem\",\"position\":2,\"name\":\"De gros\",\"item\":\"https:\/\/www.artestar.eu\/fr\/de-gros\/\"},{\"@type\":\"ListItem\",\"position\":3,\"name\":\"Pack Sea Breeze &#8211; 600 balles en silicone \u00d815mm\"}]},{\"@type\":\"WebSite\",\"@id\":\"https:\/\/www.artestar.eu\/fr\/#website\",\"url\":\"https:\/\/www.artestar.eu\/fr\/\",\"name\":\"Artestar\",\"description\":\"Mayorista en abalorios y joyer\u00eda\",\"publisher\":{\"@id\":\"https:\/\/www.artestar.eu\/fr\/#organization\"},\"alternateName\":\"Artestar-EU\",\"potentialAction\":[{\"@type\":\"SearchAction\",\"target\":{\"@type\":\"EntryPoint\",\"urlTemplate\":\"https:\/\/www.artestar.eu\/fr\/?s={search_term_string}\"},\"query-input\":\"required name=search_term_string\"}],\"inLanguage\":\"fr-FR\"},{\"@type\":[\"Organization\",\"Place\"],\"@id\":\"https:\/\/www.artestar.eu\/fr\/#organization\",\"name\":\"RUBY ABALORIO S.L.\",\"alternateName\":\"Artestar\",\"url\":\"https:\/\/www.artestar.eu\/fr\/\",\"logo\":{\"@id\":\"https:\/\/www.artestar.eu\/fr\/de-gros\/pack-silicone-balls-15mm-marine-breeze\/#local-main-organization-logo\"},\"image\":{\"@id\":\"https:\/\/www.artestar.eu\/fr\/de-gros\/pack-silicone-balls-15mm-marine-breeze\/#local-main-organization-logo\"},\"sameAs\":[\"https:\/\/www.facebook.com\/ARTESTAREU\",\"https:\/\/www.instagram.com\/artestareu\/\",\"https:\/\/www.pinterest.es\/artestar_eu\/\",\"https:\/\/www.tiktok.com\/@artestar_wholesale\"],\"openingHoursSpecification\":[{\"@type\":\"OpeningHoursSpecification\",\"dayOfWeek\":[\"Monday\",\"Tuesday\",\"Wednesday\",\"Thursday\",\"Friday\",\"Saturday\",\"Sunday\"],\"opens\":\"09:00\",\"closes\":\"17:00\"}]},{\"@type\":\"ImageObject\",\"inLanguage\":\"fr-FR\",\"@id\":\"https:\/\/www.artestar.eu\/fr\/de-gros\/pack-silicone-balls-15mm-marine-breeze\/#local-main-organization-logo\",\"url\":\"https:\/\/www.artestar.eu\/wp-content\/uploads\/2023\/05\/cropped-png.png\",\"contentUrl\":\"https:\/\/www.artestar.eu\/wp-content\/uploads\/2023\/05\/cropped-png.png\",\"width\":512,\"height\":512,\"caption\":\"RUBY ABALORIO S.L.\"}]}<\/script>\n<meta property=\"product:price:amount\" content=\"7.65\" \/>\n<meta property=\"product:price:currency\" content=\"EUR\" \/>\n<meta property=\"og:availability\" content=\"instock\" \/>\n<meta property=\"product:availability\" content=\"instock\" \/>\n<meta property=\"product:retailer_item_id\" content=\"CP0315\" \/>\n<meta property=\"product:condition\" content=\"new\" \/>\n<!-- \/ Yoast SEO Premium plugin. -->","yoast_head_json":{"title":"Vente en gros boules de silicone Sea Breeze pour cha\u00eenes de t\u00e9tine","description":"Pack 600 boules en silicone bleu, beige et blanc de 15 mm pour cha\u00eenes de t\u00e9tine, boules en silicone pour anneaux de dentition et artisanat en gros","robots":{"index":"index","follow":"follow","max-snippet":"max-snippet:-1","max-image-preview":"max-image-preview:large","max-video-preview":"max-video-preview:-1"},"canonical":"https:\/\/www.artestar.eu\/fr\/de-gros\/pack-silicone-balls-15mm-marine-breeze\/","og_locale":"fr_FR","og_type":"article","og_title":"Pack Sea Breeze - 600 balles en silicone \u00d815mm","og_description":"Pack 600 boules en silicone bleu, beige et blanc de 15 mm pour cha\u00eenes de t\u00e9tine, boules en silicone pour anneaux de dentition et artisanat en gros","og_url":"https:\/\/www.artestar.eu\/fr\/de-gros\/pack-silicone-balls-15mm-marine-breeze\/","og_site_name":"Artestar","article_publisher":"https:\/\/www.facebook.com\/ARTESTAREU","article_modified_time":"2023-12-13T10:26:48+00:00","og_image":[{"width":1000,"height":1000,"url":"https:\/\/www.artestar.eu\/wp-content\/uploads\/2023\/11\/Lote-bolas-silicona-para-chupetero-beige-15mm-1.jpg","type":"image\/jpeg"}],"twitter_card":"summary_large_image","twitter_misc":{"Prix":"7,65&nbsp;&euro; (TVA NON incluse)","Availability":"En stock"},"schema":{"@context":"https:\/\/schema.org","@graph":[{"@type":"WebPage","@id":"https:\/\/www.artestar.eu\/fr\/de-gros\/pack-silicone-balls-15mm-marine-breeze\/","url":"https:\/\/www.artestar.eu\/fr\/de-gros\/pack-silicone-balls-15mm-marine-breeze\/","name":"Vente en gros boules de silicone Sea Breeze pour cha\u00eenes de t\u00e9tine","isPartOf":{"@id":"https:\/\/www.artestar.eu\/fr\/#website"},"datePublished":"2023-11-27T16:13:42+00:00","dateModified":"2023-12-13T10:26:48+00:00","description":"Pack 600 boules en silicone bleu, beige et blanc de 15 mm pour cha\u00eenes de t\u00e9tine, boules en silicone pour anneaux de dentition et artisanat en gros","breadcrumb":{"@id":"https:\/\/www.artestar.eu\/fr\/de-gros\/pack-silicone-balls-15mm-marine-breeze\/#breadcrumb"},"inLanguage":"fr-FR","potentialAction":[{"@type":"ReadAction","target":["https:\/\/www.artestar.eu\/fr\/de-gros\/pack-silicone-balls-15mm-marine-breeze\/"]}]},{"@type":"BreadcrumbList","@id":"https:\/\/www.artestar.eu\/fr\/de-gros\/pack-silicone-balls-15mm-marine-breeze\/#breadcrumb","itemListElement":[{"@type":"ListItem","position":1,"name":"Artestar","item":"https:\/\/www.artestar.eu\/fr\/"},{"@type":"ListItem","position":2,"name":"De gros","item":"https:\/\/www.artestar.eu\/fr\/de-gros\/"},{"@type":"ListItem","position":3,"name":"Pack Sea Breeze &#8211; 600 balles en silicone \u00d815mm"}]},{"@type":"WebSite","@id":"https:\/\/www.artestar.eu\/fr\/#website","url":"https:\/\/www.artestar.eu\/fr\/","name":"Artestar","description":"Mayorista en abalorios y joyer\u00eda","publisher":{"@id":"https:\/\/www.artestar.eu\/fr\/#organization"},"alternateName":"Artestar-EU","potentialAction":[{"@type":"SearchAction","target":{"@type":"EntryPoint","urlTemplate":"https:\/\/www.artestar.eu\/fr\/?s={search_term_string}"},"query-input":"required name=search_term_string"}],"inLanguage":"fr-FR"},{"@type":["Organization","Place"],"@id":"https:\/\/www.artestar.eu\/fr\/#organization","name":"RUBY ABALORIO S.L.","alternateName":"Artestar","url":"https:\/\/www.artestar.eu\/fr\/","logo":{"@id":"https:\/\/www.artestar.eu\/fr\/de-gros\/pack-silicone-balls-15mm-marine-breeze\/#local-main-organization-logo"},"image":{"@id":"https:\/\/www.artestar.eu\/fr\/de-gros\/pack-silicone-balls-15mm-marine-breeze\/#local-main-organization-logo"},"sameAs":["https:\/\/www.facebook.com\/ARTESTAREU","https:\/\/www.instagram.com\/artestareu\/","https:\/\/www.pinterest.es\/artestar_eu\/","https:\/\/www.tiktok.com\/@artestar_wholesale"],"openingHoursSpecification":[{"@type":"OpeningHoursSpecification","dayOfWeek":["Monday","Tuesday","Wednesday","Thursday","Friday","Saturday","Sunday"],"opens":"09:00","closes":"17:00"}]},{"@type":"ImageObject","inLanguage":"fr-FR","@id":"https:\/\/www.artestar.eu\/fr\/de-gros\/pack-silicone-balls-15mm-marine-breeze\/#local-main-organization-logo","url":"https:\/\/www.artestar.eu\/wp-content\/uploads\/2023\/05\/cropped-png.png","contentUrl":"https:\/\/www.artestar.eu\/wp-content\/uploads\/2023\/05\/cropped-png.png","width":512,"height":512,"caption":"RUBY ABALORIO S.L."}]},"product_price_amount":"7.65","product_price_currency":"EUR","og_availability":"instock","product_availability":"instock","product_retailer_item_id":"CP0315","product_condition":"new"},"tiered_pricing_type":"fixed","tiered_pricing_fixed_rules":[],"tiered_pricing_percentage_rules":[],"tiered_pricing_minimum":null,"_administrator_tiered_pricing_type":"fixed","_administrator_tiered_pricing_fixed_rules":[],"_editor_tiered_pricing_type":"fixed","_editor_tiered_pricing_fixed_rules":[],"_author_tiered_pricing_type":"fixed","_author_tiered_pricing_fixed_rules":[],"_contributor_tiered_pricing_type":"fixed","_contributor_tiered_pricing_fixed_rules":[],"_subscriber_tiered_pricing_type":"fixed","_subscriber_tiered_pricing_fixed_rules":[],"_wpseo_manager_tiered_pricing_type":"fixed","_wpseo_manager_tiered_pricing_fixed_rules":[],"_wpseo_editor_tiered_pricing_type":"fixed","_wpseo_editor_tiered_pricing_fixed_rules":[],"_customer_tiered_pricing_type":"fixed","_customer_tiered_pricing_fixed_rules":[],"_shop_manager_tiered_pricing_type":"fixed","_shop_manager_tiered_pricing_fixed_rules":[],"_product_manager_tiered_pricing_type":"fixed","_product_manager_tiered_pricing_fixed_rules":[],"_links":{"self":[{"href":"https:\/\/www.artestar.eu\/fr\/wp-json\/wp\/v2\/product\/46461"}],"collection":[{"href":"https:\/\/www.artestar.eu\/fr\/wp-json\/wp\/v2\/product"}],"about":[{"href":"https:\/\/www.artestar.eu\/fr\/wp-json\/wp\/v2\/types\/product"}],"replies":[{"embeddable":true,"href":"https:\/\/www.artestar.eu\/fr\/wp-json\/wp\/v2\/comments?post=46461"}],"version-history":[{"count":1,"href":"https:\/\/www.artestar.eu\/fr\/wp-json\/wp\/v2\/product\/46461\/revisions"}],"predecessor-version":[{"id":57568,"href":"https:\/\/www.artestar.eu\/fr\/wp-json\/wp\/v2\/product\/46461\/revisions\/57568"}],"wp:featuredmedia":[{"embeddable":true,"href":"https:\/\/www.artestar.eu\/fr\/wp-json\/wp\/v2\/media\/38349"}],"wp:attachment":[{"href":"https:\/\/www.artestar.eu\/fr\/wp-json\/wp\/v2\/media?parent=46461"}],"wp:term":[{"taxonomy":"product_cat","embeddable":true,"href":"https:\/\/www.artestar.eu\/fr\/wp-json\/wp\/v2\/product_cat?post=46461"},{"taxonomy":"product_tag","embeddable":true,"href":"https:\/\/www.artestar.eu\/fr\/wp-json\/wp\/v2\/product_tag?post=46461"}],"curies":[{"name":"wp","href":"https:\/\/api.w.org\/{rel}","templated":true}]}}