{"id":46474,"date":"2023-11-27T15:34:10","date_gmt":"2023-11-27T15:34:10","guid":{"rendered":"https:\/\/www.artestar.eu\/?post_type=product&#038;p=46474"},"modified":"2023-12-13T11:11:07","modified_gmt":"2023-12-13T11:11:07","slug":"50-perles-coeurs-de-bois-hetre","status":"publish","type":"product","link":"https:\/\/www.artestar.eu\/fr\/de-gros\/50-perles-coeurs-de-bois-hetre\/","title":{"rendered":"50 perles coeur en bois de h\u00eatre"},"content":{"rendered":"<h2>Perles, bois, coeurs de h\u00eatre<\/h2>\n<p>Les perles en forme de c\u0153ur sont fabriqu\u00e9es en bois de h\u00eatre 100% naturel, non toxique, l\u00e9ger et r\u00e9sistant pour une utilisation prolong\u00e9e.<br \/>\nPersonnalisez vos perles en bois sp\u00e9ciales selon vos besoins, il est facile de peindre sur les pi\u00e8ces.<br \/>\nAvec un trou de 4 mm \u00e0 l\u2019int\u00e9rieur, assez grand pour cr\u00e9er des bijoux, des hochets, des colliers, des bracelets, une cha\u00eene de t\u00e9tine ou cr\u00e9er tout type de bricolage.<\/p>\n<h3>Perles en bois pour anneau de dentition<\/h3>\n<p>Pratique pour soulager la douleur de la pouss\u00e9e dentaire de votre b\u00e9b\u00e9 lors de la pouss\u00e9e dentaire, am\u00e9liore le d\u00e9veloppement tactile, aide les enfants \u00e0 percevoir le monde.<\/p>\n<p>Quantit\u00e9&nbsp;: 50 pcs<br \/>\nTaille : 25mm x 24mm<\/p>\n<h2>Conseils sur les perles en bois de h\u00eatre et de h\u00eatre<\/h2>\n<ul>\n<li>Si vous souhaitez nettoyer les perles en bois, essuyez-les d\u00e9licatement avec une serviette humide.<\/li>\n<li>V\u00e9rifiez souvent l\u2019\u00e9tat des comptes. Ne pas mettre au micro-ondes.<\/li>\n<li>Ne les lavez pas directement \u00e0 l\u2019eau, ce qui affecterait l\u2019\u00e9clat d\u2019origine du bois.<\/li>\n<li>Ne plongez pas et ne faites pas tremper d\u2019objets en bois dans l\u2019eau. Ne les mettez pas non plus au r\u00e9frig\u00e9rateur ou au lave-vaisselle.<\/li>\n<li>Les articles en bois sont fabriqu\u00e9s \u00e0 partir de bois naturel, de sorte que certaines variations peuvent se produire et doivent \u00eatre manipul\u00e9s avec soin pour \u00e9viter tout dommage.<\/li>\n<\/ul>\n<h3>Avertissements<\/h3>\n<p>La couleur peut varier l\u00e9g\u00e8rement en fonction des param\u00e8tres de votre \u00e9cran.<br \/>\nL\u2019Acheteur assume l\u2019enti\u00e8re responsabilit\u00e9 de l\u2019utilisation du produit.<br \/>\nSi un dommage ou une perte est caus\u00e9 par la n\u00e9gligence de l\u2019acheteur, le vendeur ne sera pas responsable.<\/p>\n","protected":false},"excerpt":{"rendered":"<p>Quantit\u00e9&nbsp;: 50 pcs<br \/>\nTaille : 25mm x 24mm<br \/>\nMat\u00e9riau : bois de h\u00eatre 100 % naturel en forme de c\u0153ur<br \/>\nTaille int\u00e9rieure : \u00d8 4 mm<br \/>\nCouleur&nbsp;: Bois naturel<\/p>\n","protected":false},"featured_media":38165,"comment_status":"open","ping_status":"closed","template":"","meta":[],"product_cat":[3374,3148],"product_tag":[],"yoast_head":"<!-- This site is optimized with the Yoast SEO Premium plugin v20.5 (Yoast SEO v21.5) - https:\/\/yoast.com\/wordpress\/plugins\/seo\/ -->\n<title>50 perles coeur en bois de h\u00eatre - Artestar<\/title>\n<meta name=\"description\" content=\"Les perles sont en bois de h\u00eatre 100% naturel en forme de c\u0153urs, personnalisez des hochets, des colliers, des bracelets, une cha\u00eene de t\u00e9tine ou tout type de bricolage\" \/>\n<meta name=\"robots\" content=\"index, follow, max-snippet:-1, max-image-preview:large, max-video-preview:-1\" \/>\n<link rel=\"canonical\" href=\"https:\/\/www.artestar.eu\/fr\/de-gros\/50-perles-coeurs-de-bois-hetre\/\" \/>\n<meta property=\"og:locale\" content=\"fr_FR\" \/>\n<meta property=\"og:type\" content=\"article\" \/>\n<meta property=\"og:title\" content=\"50 perles coeur en bois de h\u00eatre\" \/>\n<meta property=\"og:description\" content=\"Les perles sont en bois de h\u00eatre 100% naturel en forme de c\u0153urs, personnalisez des hochets, des colliers, des bracelets, une cha\u00eene de t\u00e9tine ou tout type de bricolage\" \/>\n<meta property=\"og:url\" content=\"https:\/\/www.artestar.eu\/fr\/de-gros\/50-perles-coeurs-de-bois-hetre\/\" \/>\n<meta property=\"og:site_name\" content=\"Artestar\" \/>\n<meta property=\"article:publisher\" content=\"https:\/\/www.facebook.com\/ARTESTAREU\" \/>\n<meta property=\"article:modified_time\" content=\"2023-12-13T11:11:07+00:00\" \/>\n<meta property=\"og:image\" content=\"https:\/\/www.artestar.eu\/wp-content\/uploads\/2023\/11\/EMH10011.jpg\" \/>\n\t<meta property=\"og:image:width\" content=\"1000\" \/>\n\t<meta property=\"og:image:height\" content=\"1000\" \/>\n\t<meta property=\"og:image:type\" content=\"image\/jpeg\" \/>\n<meta name=\"twitter:card\" content=\"summary_large_image\" \/>\n<meta name=\"twitter:label1\" content=\"Prix\" \/>\n\t<meta name=\"twitter:data1\" content=\"22,00&nbsp;&euro; (TVA NON incluse)\" \/>\n\t<meta name=\"twitter:label2\" content=\"Availability\" \/>\n\t<meta name=\"twitter:data2\" content=\"En stock\" \/>\n<script type=\"application\/ld+json\" class=\"yoast-schema-graph\">{\"@context\":\"https:\/\/schema.org\",\"@graph\":[{\"@type\":\"WebPage\",\"@id\":\"https:\/\/www.artestar.eu\/fr\/de-gros\/50-perles-coeurs-de-bois-hetre\/\",\"url\":\"https:\/\/www.artestar.eu\/fr\/de-gros\/50-perles-coeurs-de-bois-hetre\/\",\"name\":\"50 perles coeur en bois de h\u00eatre - Artestar\",\"isPartOf\":{\"@id\":\"https:\/\/www.artestar.eu\/fr\/#website\"},\"datePublished\":\"2023-11-27T15:34:10+00:00\",\"dateModified\":\"2023-12-13T11:11:07+00:00\",\"description\":\"Les perles sont en bois de h\u00eatre 100% naturel en forme de c\u0153urs, personnalisez des hochets, des colliers, des bracelets, une cha\u00eene de t\u00e9tine ou tout type de bricolage\",\"breadcrumb\":{\"@id\":\"https:\/\/www.artestar.eu\/fr\/de-gros\/50-perles-coeurs-de-bois-hetre\/#breadcrumb\"},\"inLanguage\":\"fr-FR\",\"potentialAction\":[{\"@type\":\"ReadAction\",\"target\":[\"https:\/\/www.artestar.eu\/fr\/de-gros\/50-perles-coeurs-de-bois-hetre\/\"]}]},{\"@type\":\"BreadcrumbList\",\"@id\":\"https:\/\/www.artestar.eu\/fr\/de-gros\/50-perles-coeurs-de-bois-hetre\/#breadcrumb\",\"itemListElement\":[{\"@type\":\"ListItem\",\"position\":1,\"name\":\"Artestar\",\"item\":\"https:\/\/www.artestar.eu\/fr\/\"},{\"@type\":\"ListItem\",\"position\":2,\"name\":\"De gros\",\"item\":\"https:\/\/www.artestar.eu\/fr\/de-gros\/\"},{\"@type\":\"ListItem\",\"position\":3,\"name\":\"50 perles coeur en bois de h\u00eatre\"}]},{\"@type\":\"WebSite\",\"@id\":\"https:\/\/www.artestar.eu\/fr\/#website\",\"url\":\"https:\/\/www.artestar.eu\/fr\/\",\"name\":\"Artestar\",\"description\":\"Mayorista en abalorios y joyer\u00eda\",\"publisher\":{\"@id\":\"https:\/\/www.artestar.eu\/fr\/#organization\"},\"alternateName\":\"Artestar-EU\",\"potentialAction\":[{\"@type\":\"SearchAction\",\"target\":{\"@type\":\"EntryPoint\",\"urlTemplate\":\"https:\/\/www.artestar.eu\/fr\/?s={search_term_string}\"},\"query-input\":\"required name=search_term_string\"}],\"inLanguage\":\"fr-FR\"},{\"@type\":[\"Organization\",\"Place\"],\"@id\":\"https:\/\/www.artestar.eu\/fr\/#organization\",\"name\":\"RUBY ABALORIO S.L.\",\"alternateName\":\"Artestar\",\"url\":\"https:\/\/www.artestar.eu\/fr\/\",\"logo\":{\"@id\":\"https:\/\/www.artestar.eu\/fr\/de-gros\/50-perles-coeurs-de-bois-hetre\/#local-main-organization-logo\"},\"image\":{\"@id\":\"https:\/\/www.artestar.eu\/fr\/de-gros\/50-perles-coeurs-de-bois-hetre\/#local-main-organization-logo\"},\"sameAs\":[\"https:\/\/www.facebook.com\/ARTESTAREU\",\"https:\/\/www.instagram.com\/artestareu\/\",\"https:\/\/www.pinterest.es\/artestar_eu\/\",\"https:\/\/www.tiktok.com\/@artestar_wholesale\"],\"openingHoursSpecification\":[{\"@type\":\"OpeningHoursSpecification\",\"dayOfWeek\":[\"Monday\",\"Tuesday\",\"Wednesday\",\"Thursday\",\"Friday\",\"Saturday\",\"Sunday\"],\"opens\":\"09:00\",\"closes\":\"17:00\"}]},{\"@type\":\"ImageObject\",\"inLanguage\":\"fr-FR\",\"@id\":\"https:\/\/www.artestar.eu\/fr\/de-gros\/50-perles-coeurs-de-bois-hetre\/#local-main-organization-logo\",\"url\":\"https:\/\/www.artestar.eu\/wp-content\/uploads\/2023\/05\/cropped-png.png\",\"contentUrl\":\"https:\/\/www.artestar.eu\/wp-content\/uploads\/2023\/05\/cropped-png.png\",\"width\":512,\"height\":512,\"caption\":\"RUBY ABALORIO S.L.\"}]}<\/script>\n<meta property=\"product:price:amount\" content=\"22.00\" \/>\n<meta property=\"product:price:currency\" content=\"EUR\" \/>\n<meta property=\"og:availability\" content=\"instock\" \/>\n<meta property=\"product:availability\" content=\"instock\" \/>\n<meta property=\"product:retailer_item_id\" content=\"24\" \/>\n<meta property=\"product:condition\" content=\"new\" \/>\n<!-- \/ Yoast SEO Premium plugin. -->","yoast_head_json":{"title":"50 perles coeur en bois de h\u00eatre - Artestar","description":"Les perles sont en bois de h\u00eatre 100% naturel en forme de c\u0153urs, personnalisez des hochets, des colliers, des bracelets, une cha\u00eene de t\u00e9tine ou tout type de bricolage","robots":{"index":"index","follow":"follow","max-snippet":"max-snippet:-1","max-image-preview":"max-image-preview:large","max-video-preview":"max-video-preview:-1"},"canonical":"https:\/\/www.artestar.eu\/fr\/de-gros\/50-perles-coeurs-de-bois-hetre\/","og_locale":"fr_FR","og_type":"article","og_title":"50 perles coeur en bois de h\u00eatre","og_description":"Les perles sont en bois de h\u00eatre 100% naturel en forme de c\u0153urs, personnalisez des hochets, des colliers, des bracelets, une cha\u00eene de t\u00e9tine ou tout type de bricolage","og_url":"https:\/\/www.artestar.eu\/fr\/de-gros\/50-perles-coeurs-de-bois-hetre\/","og_site_name":"Artestar","article_publisher":"https:\/\/www.facebook.com\/ARTESTAREU","article_modified_time":"2023-12-13T11:11:07+00:00","og_image":[{"width":1000,"height":1000,"url":"https:\/\/www.artestar.eu\/wp-content\/uploads\/2023\/11\/EMH10011.jpg","type":"image\/jpeg"}],"twitter_card":"summary_large_image","twitter_misc":{"Prix":"22,00&nbsp;&euro; (TVA NON incluse)","Availability":"En stock"},"schema":{"@context":"https:\/\/schema.org","@graph":[{"@type":"WebPage","@id":"https:\/\/www.artestar.eu\/fr\/de-gros\/50-perles-coeurs-de-bois-hetre\/","url":"https:\/\/www.artestar.eu\/fr\/de-gros\/50-perles-coeurs-de-bois-hetre\/","name":"50 perles coeur en bois de h\u00eatre - Artestar","isPartOf":{"@id":"https:\/\/www.artestar.eu\/fr\/#website"},"datePublished":"2023-11-27T15:34:10+00:00","dateModified":"2023-12-13T11:11:07+00:00","description":"Les perles sont en bois de h\u00eatre 100% naturel en forme de c\u0153urs, personnalisez des hochets, des colliers, des bracelets, une cha\u00eene de t\u00e9tine ou tout type de bricolage","breadcrumb":{"@id":"https:\/\/www.artestar.eu\/fr\/de-gros\/50-perles-coeurs-de-bois-hetre\/#breadcrumb"},"inLanguage":"fr-FR","potentialAction":[{"@type":"ReadAction","target":["https:\/\/www.artestar.eu\/fr\/de-gros\/50-perles-coeurs-de-bois-hetre\/"]}]},{"@type":"BreadcrumbList","@id":"https:\/\/www.artestar.eu\/fr\/de-gros\/50-perles-coeurs-de-bois-hetre\/#breadcrumb","itemListElement":[{"@type":"ListItem","position":1,"name":"Artestar","item":"https:\/\/www.artestar.eu\/fr\/"},{"@type":"ListItem","position":2,"name":"De gros","item":"https:\/\/www.artestar.eu\/fr\/de-gros\/"},{"@type":"ListItem","position":3,"name":"50 perles coeur en bois de h\u00eatre"}]},{"@type":"WebSite","@id":"https:\/\/www.artestar.eu\/fr\/#website","url":"https:\/\/www.artestar.eu\/fr\/","name":"Artestar","description":"Mayorista en abalorios y joyer\u00eda","publisher":{"@id":"https:\/\/www.artestar.eu\/fr\/#organization"},"alternateName":"Artestar-EU","potentialAction":[{"@type":"SearchAction","target":{"@type":"EntryPoint","urlTemplate":"https:\/\/www.artestar.eu\/fr\/?s={search_term_string}"},"query-input":"required name=search_term_string"}],"inLanguage":"fr-FR"},{"@type":["Organization","Place"],"@id":"https:\/\/www.artestar.eu\/fr\/#organization","name":"RUBY ABALORIO S.L.","alternateName":"Artestar","url":"https:\/\/www.artestar.eu\/fr\/","logo":{"@id":"https:\/\/www.artestar.eu\/fr\/de-gros\/50-perles-coeurs-de-bois-hetre\/#local-main-organization-logo"},"image":{"@id":"https:\/\/www.artestar.eu\/fr\/de-gros\/50-perles-coeurs-de-bois-hetre\/#local-main-organization-logo"},"sameAs":["https:\/\/www.facebook.com\/ARTESTAREU","https:\/\/www.instagram.com\/artestareu\/","https:\/\/www.pinterest.es\/artestar_eu\/","https:\/\/www.tiktok.com\/@artestar_wholesale"],"openingHoursSpecification":[{"@type":"OpeningHoursSpecification","dayOfWeek":["Monday","Tuesday","Wednesday","Thursday","Friday","Saturday","Sunday"],"opens":"09:00","closes":"17:00"}]},{"@type":"ImageObject","inLanguage":"fr-FR","@id":"https:\/\/www.artestar.eu\/fr\/de-gros\/50-perles-coeurs-de-bois-hetre\/#local-main-organization-logo","url":"https:\/\/www.artestar.eu\/wp-content\/uploads\/2023\/05\/cropped-png.png","contentUrl":"https:\/\/www.artestar.eu\/wp-content\/uploads\/2023\/05\/cropped-png.png","width":512,"height":512,"caption":"RUBY ABALORIO S.L."}]},"product_price_amount":"22.00","product_price_currency":"EUR","og_availability":"instock","product_availability":"instock","product_retailer_item_id":"24","product_condition":"new"},"tiered_pricing_type":"fixed","tiered_pricing_fixed_rules":[],"tiered_pricing_percentage_rules":[],"tiered_pricing_minimum":null,"_administrator_tiered_pricing_type":"fixed","_administrator_tiered_pricing_fixed_rules":[],"_editor_tiered_pricing_type":"fixed","_editor_tiered_pricing_fixed_rules":[],"_author_tiered_pricing_type":"fixed","_author_tiered_pricing_fixed_rules":[],"_contributor_tiered_pricing_type":"fixed","_contributor_tiered_pricing_fixed_rules":[],"_subscriber_tiered_pricing_type":"fixed","_subscriber_tiered_pricing_fixed_rules":[],"_wpseo_manager_tiered_pricing_type":"fixed","_wpseo_manager_tiered_pricing_fixed_rules":[],"_wpseo_editor_tiered_pricing_type":"fixed","_wpseo_editor_tiered_pricing_fixed_rules":[],"_customer_tiered_pricing_type":"fixed","_customer_tiered_pricing_fixed_rules":[],"_shop_manager_tiered_pricing_type":"fixed","_shop_manager_tiered_pricing_fixed_rules":[],"_product_manager_tiered_pricing_type":"fixed","_product_manager_tiered_pricing_fixed_rules":[],"_links":{"self":[{"href":"https:\/\/www.artestar.eu\/fr\/wp-json\/wp\/v2\/product\/46474"}],"collection":[{"href":"https:\/\/www.artestar.eu\/fr\/wp-json\/wp\/v2\/product"}],"about":[{"href":"https:\/\/www.artestar.eu\/fr\/wp-json\/wp\/v2\/types\/product"}],"replies":[{"embeddable":true,"href":"https:\/\/www.artestar.eu\/fr\/wp-json\/wp\/v2\/comments?post=46474"}],"version-history":[{"count":1,"href":"https:\/\/www.artestar.eu\/fr\/wp-json\/wp\/v2\/product\/46474\/revisions"}],"predecessor-version":[{"id":57628,"href":"https:\/\/www.artestar.eu\/fr\/wp-json\/wp\/v2\/product\/46474\/revisions\/57628"}],"wp:featuredmedia":[{"embeddable":true,"href":"https:\/\/www.artestar.eu\/fr\/wp-json\/wp\/v2\/media\/38165"}],"wp:attachment":[{"href":"https:\/\/www.artestar.eu\/fr\/wp-json\/wp\/v2\/media?parent=46474"}],"wp:term":[{"taxonomy":"product_cat","embeddable":true,"href":"https:\/\/www.artestar.eu\/fr\/wp-json\/wp\/v2\/product_cat?post=46474"},{"taxonomy":"product_tag","embeddable":true,"href":"https:\/\/www.artestar.eu\/fr\/wp-json\/wp\/v2\/product_tag?post=46474"}],"curies":[{"name":"wp","href":"https:\/\/api.w.org\/{rel}","templated":true}]}}