{"id":46626,"date":"2023-11-27T16:13:42","date_gmt":"2023-11-27T16:13:42","guid":{"rendered":"https:\/\/www.artestar.eu\/?post_type=product&#038;p=46626"},"modified":"2023-12-13T10:42:23","modified_gmt":"2023-12-13T10:42:23","slug":"boules-de-crochet-20mm","status":"publish","type":"product","link":"https:\/\/www.artestar.eu\/fr\/de-gros\/boules-de-crochet-20mm\/","title":{"rendered":"50 pelotes au crochet \u00d820mm"},"content":{"rendered":"<h3>Boules de crochet pour l\u2019artisanat en gros<\/h3>\n<p>Les perles au crochet sont parfaites pour la fabrication artisanale, les anneaux de dentition, les attache-t\u00e9tines, les d\u00e9corations, les jouets et bien d\u2019autres projets d\u2019artisanat cr\u00e9atifs.<br \/>\nCe sont des fils de coton et des perles de bois 100% naturels de haute qualit\u00e9, sans BPA et PVC, sans plomb, l\u00e9gers et durables pour une utilisation prolong\u00e9e.<\/p>\n<ul>\n<li>QUANTIT\u00c9&nbsp;: 50pcs<\/li>\n<li>DIMENSIONS INT\u00c9RIEURES : \u00d8 4mm<\/li>\n<li>TAILLE&nbsp;: forme ronde de 20 mm<\/li>\n<li>MAT\u00c9RIEL&nbsp;: perles en bois et fil de coton<\/li>\n<li>Avec un trou de 4 mm \u00e0 l\u2019int\u00e9rieur<\/li>\n<li>Le paquet contient de petites perles rondes en bois, ne convient pas aux enfants de moins de 3 ans&nbsp;; Les enfants doivent utiliser sous la surveillance d\u2019un adulte.<\/li>\n<\/ul>\n<p><img decoding=\"async\" class=\"alignnone wp-image-22123 size-fusion-800\" src=\"https:\/\/www.rubydiy.com\/wp-content\/uploads\/2020\/10\/LOTEBC1404VD-5-800x800.jpg\" alt=\"Boules de b\u00e9b\u00e9 au crochet \u00d816mm\" width=\"800\" height=\"800\" data-wp-editing=\"1\"><\/p>\n<h3><strong>Boules de dentition au crochet pour b\u00e9b\u00e9<\/strong><\/h3>\n<p><strong>Sp\u00e9cification<\/strong><\/p>\n<ul>\n<li>La couleur peut varier l\u00e9g\u00e8rement en fonction des param\u00e8tres de votre \u00e9cran.<\/li>\n<li>Pour la sant\u00e9 de b\u00e9b\u00e9, toutes nos mati\u00e8res sont fabriqu\u00e9es \u00e0 partir de mati\u00e8res organiques naturelles. S\u2019applique aux nourrissons et aux enfants.<\/li>\n<li>L\u2019Acheteur assume l\u2019enti\u00e8re responsabilit\u00e9 de l\u2019utilisation du produit.<\/li>\n<li>Si un dommage ou une perte est caus\u00e9 par la n\u00e9gligence de l\u2019acheteur, le vendeur ne sera pas responsable.<\/li>\n<\/ul>\n<p><strong>Conseils<\/strong><\/p>\n<ul>\n<li>Si vous souhaitez nettoyer les perles en bois, essuyez-les d\u00e9licatement avec une serviette humide.<\/li>\n<li>Ne les lavez pas directement \u00e0 l\u2019eau, ce qui affecterait l\u2019\u00e9clat d\u2019origine du bois.<\/li>\n<li>Ne plongez pas et ne faites pas tremper d\u2019objets en bois dans l\u2019eau. Ne les mettez pas non plus au r\u00e9frig\u00e9rateur ou au lave-vaisselle.<\/li>\n<li>Les articles en bois sont fabriqu\u00e9s \u00e0 partir de bois naturel, de sorte que certaines variations peuvent se produire et doivent \u00eatre manipul\u00e9s avec soin pour \u00e9viter tout dommage.<\/li>\n<\/ul>\n","protected":false},"excerpt":{"rendered":"<p><strong>Mesure:<\/strong> \u00d8 20mm<\/p>\n<p><strong>Dimensions int\u00e9rieures :<\/strong> \u00d8 4mm<\/p>\n<p><strong>Quantit\u00e9&nbsp;:<\/strong> 50 pcs.<\/p>\n<p><strong>Mat\u00e9riel:<\/strong> Boule de bois avec du coton.<\/p>\n","protected":false},"featured_media":38330,"comment_status":"closed","ping_status":"closed","template":"","meta":[],"product_cat":[3153,3148],"product_tag":[],"yoast_head":"<!-- This site is optimized with the Yoast SEO Premium plugin v20.5 (Yoast SEO v21.5) - https:\/\/yoast.com\/wordpress\/plugins\/seo\/ -->\n<title>50 boules de Crochet de 20mm pour l\u2019artisanat<\/title>\n<meta name=\"description\" content=\"50 boules au crochet \u00f8 20mm pour l\u2019artisanat, boules en bois au crochet en gros pour les attache-t\u00e9tines, les jouets ou les anneaux de dentition pour b\u00e9b\u00e9.\" \/>\n<meta name=\"robots\" content=\"index, follow, max-snippet:-1, max-image-preview:large, max-video-preview:-1\" \/>\n<link rel=\"canonical\" href=\"https:\/\/www.artestar.eu\/fr\/de-gros\/boules-de-crochet-20mm\/\" \/>\n<meta property=\"og:locale\" content=\"fr_FR\" \/>\n<meta property=\"og:type\" content=\"article\" \/>\n<meta property=\"og:title\" content=\"50 pelotes au crochet \u00d820mm\" \/>\n<meta property=\"og:description\" content=\"50 boules au crochet \u00f8 20mm pour l\u2019artisanat, boules en bois au crochet en gros pour les attache-t\u00e9tines, les jouets ou les anneaux de dentition pour b\u00e9b\u00e9.\" \/>\n<meta property=\"og:url\" content=\"https:\/\/www.artestar.eu\/fr\/de-gros\/boules-de-crochet-20mm\/\" \/>\n<meta property=\"og:site_name\" content=\"Artestar\" \/>\n<meta property=\"article:publisher\" content=\"https:\/\/www.facebook.com\/ARTESTAREU\" \/>\n<meta property=\"article:modified_time\" content=\"2023-12-13T10:42:23+00:00\" \/>\n<meta property=\"og:image\" content=\"https:\/\/www.artestar.eu\/wp-content\/uploads\/2023\/11\/BC1404-1.jpg\" \/>\n\t<meta property=\"og:image:width\" content=\"1000\" \/>\n\t<meta property=\"og:image:height\" content=\"1000\" \/>\n\t<meta property=\"og:image:type\" content=\"image\/jpeg\" \/>\n<meta name=\"twitter:card\" content=\"summary_large_image\" \/>\n<meta name=\"twitter:label1\" content=\"Availability\" \/>\n\t<meta name=\"twitter:data1\" content=\"En stock\" \/>\n<script type=\"application\/ld+json\" class=\"yoast-schema-graph\">{\"@context\":\"https:\/\/schema.org\",\"@graph\":[{\"@type\":\"WebPage\",\"@id\":\"https:\/\/www.artestar.eu\/fr\/de-gros\/boules-de-crochet-20mm\/\",\"url\":\"https:\/\/www.artestar.eu\/fr\/de-gros\/boules-de-crochet-20mm\/\",\"name\":\"50 boules de Crochet de 20mm pour l\u2019artisanat\",\"isPartOf\":{\"@id\":\"https:\/\/www.artestar.eu\/fr\/#website\"},\"datePublished\":\"2023-11-27T16:13:42+00:00\",\"dateModified\":\"2023-12-13T10:42:23+00:00\",\"description\":\"50 boules au crochet \u00f8 20mm pour l\u2019artisanat, boules en bois au crochet en gros pour les attache-t\u00e9tines, les jouets ou les anneaux de dentition pour b\u00e9b\u00e9.\",\"breadcrumb\":{\"@id\":\"https:\/\/www.artestar.eu\/fr\/de-gros\/boules-de-crochet-20mm\/#breadcrumb\"},\"inLanguage\":\"fr-FR\",\"potentialAction\":[{\"@type\":\"ReadAction\",\"target\":[\"https:\/\/www.artestar.eu\/fr\/de-gros\/boules-de-crochet-20mm\/\"]}]},{\"@type\":\"BreadcrumbList\",\"@id\":\"https:\/\/www.artestar.eu\/fr\/de-gros\/boules-de-crochet-20mm\/#breadcrumb\",\"itemListElement\":[{\"@type\":\"ListItem\",\"position\":1,\"name\":\"Artestar\",\"item\":\"https:\/\/www.artestar.eu\/fr\/\"},{\"@type\":\"ListItem\",\"position\":2,\"name\":\"De gros\",\"item\":\"https:\/\/www.artestar.eu\/fr\/de-gros\/\"},{\"@type\":\"ListItem\",\"position\":3,\"name\":\"50 pelotes au crochet \u00d820mm\"}]},{\"@type\":\"WebSite\",\"@id\":\"https:\/\/www.artestar.eu\/fr\/#website\",\"url\":\"https:\/\/www.artestar.eu\/fr\/\",\"name\":\"Artestar\",\"description\":\"Mayorista en abalorios y joyer\u00eda\",\"publisher\":{\"@id\":\"https:\/\/www.artestar.eu\/fr\/#organization\"},\"alternateName\":\"Artestar-EU\",\"potentialAction\":[{\"@type\":\"SearchAction\",\"target\":{\"@type\":\"EntryPoint\",\"urlTemplate\":\"https:\/\/www.artestar.eu\/fr\/?s={search_term_string}\"},\"query-input\":\"required name=search_term_string\"}],\"inLanguage\":\"fr-FR\"},{\"@type\":[\"Organization\",\"Place\"],\"@id\":\"https:\/\/www.artestar.eu\/fr\/#organization\",\"name\":\"RUBY ABALORIO S.L.\",\"alternateName\":\"Artestar\",\"url\":\"https:\/\/www.artestar.eu\/fr\/\",\"logo\":{\"@id\":\"https:\/\/www.artestar.eu\/fr\/de-gros\/boules-de-crochet-20mm\/#local-main-organization-logo\"},\"image\":{\"@id\":\"https:\/\/www.artestar.eu\/fr\/de-gros\/boules-de-crochet-20mm\/#local-main-organization-logo\"},\"sameAs\":[\"https:\/\/www.facebook.com\/ARTESTAREU\",\"https:\/\/www.instagram.com\/artestareu\/\",\"https:\/\/www.pinterest.es\/artestar_eu\/\",\"https:\/\/www.tiktok.com\/@artestar_wholesale\"],\"openingHoursSpecification\":[{\"@type\":\"OpeningHoursSpecification\",\"dayOfWeek\":[\"Monday\",\"Tuesday\",\"Wednesday\",\"Thursday\",\"Friday\",\"Saturday\",\"Sunday\"],\"opens\":\"09:00\",\"closes\":\"17:00\"}]},{\"@type\":\"ImageObject\",\"inLanguage\":\"fr-FR\",\"@id\":\"https:\/\/www.artestar.eu\/fr\/de-gros\/boules-de-crochet-20mm\/#local-main-organization-logo\",\"url\":\"https:\/\/www.artestar.eu\/wp-content\/uploads\/2023\/05\/cropped-png.png\",\"contentUrl\":\"https:\/\/www.artestar.eu\/wp-content\/uploads\/2023\/05\/cropped-png.png\",\"width\":512,\"height\":512,\"caption\":\"RUBY ABALORIO S.L.\"}]}<\/script>\n<meta property=\"og:availability\" content=\"instock\" \/>\n<meta property=\"product:availability\" content=\"instock\" \/>\n<meta property=\"product:retailer_item_id\" content=\"BC1404\" \/>\n<meta property=\"product:condition\" content=\"new\" \/>\n<!-- \/ Yoast SEO Premium plugin. -->","yoast_head_json":{"title":"50 boules de Crochet de 20mm pour l\u2019artisanat","description":"50 boules au crochet \u00f8 20mm pour l\u2019artisanat, boules en bois au crochet en gros pour les attache-t\u00e9tines, les jouets ou les anneaux de dentition pour b\u00e9b\u00e9.","robots":{"index":"index","follow":"follow","max-snippet":"max-snippet:-1","max-image-preview":"max-image-preview:large","max-video-preview":"max-video-preview:-1"},"canonical":"https:\/\/www.artestar.eu\/fr\/de-gros\/boules-de-crochet-20mm\/","og_locale":"fr_FR","og_type":"article","og_title":"50 pelotes au crochet \u00d820mm","og_description":"50 boules au crochet \u00f8 20mm pour l\u2019artisanat, boules en bois au crochet en gros pour les attache-t\u00e9tines, les jouets ou les anneaux de dentition pour b\u00e9b\u00e9.","og_url":"https:\/\/www.artestar.eu\/fr\/de-gros\/boules-de-crochet-20mm\/","og_site_name":"Artestar","article_publisher":"https:\/\/www.facebook.com\/ARTESTAREU","article_modified_time":"2023-12-13T10:42:23+00:00","og_image":[{"width":1000,"height":1000,"url":"https:\/\/www.artestar.eu\/wp-content\/uploads\/2023\/11\/BC1404-1.jpg","type":"image\/jpeg"}],"twitter_card":"summary_large_image","twitter_misc":{"Availability":"En stock"},"schema":{"@context":"https:\/\/schema.org","@graph":[{"@type":"WebPage","@id":"https:\/\/www.artestar.eu\/fr\/de-gros\/boules-de-crochet-20mm\/","url":"https:\/\/www.artestar.eu\/fr\/de-gros\/boules-de-crochet-20mm\/","name":"50 boules de Crochet de 20mm pour l\u2019artisanat","isPartOf":{"@id":"https:\/\/www.artestar.eu\/fr\/#website"},"datePublished":"2023-11-27T16:13:42+00:00","dateModified":"2023-12-13T10:42:23+00:00","description":"50 boules au crochet \u00f8 20mm pour l\u2019artisanat, boules en bois au crochet en gros pour les attache-t\u00e9tines, les jouets ou les anneaux de dentition pour b\u00e9b\u00e9.","breadcrumb":{"@id":"https:\/\/www.artestar.eu\/fr\/de-gros\/boules-de-crochet-20mm\/#breadcrumb"},"inLanguage":"fr-FR","potentialAction":[{"@type":"ReadAction","target":["https:\/\/www.artestar.eu\/fr\/de-gros\/boules-de-crochet-20mm\/"]}]},{"@type":"BreadcrumbList","@id":"https:\/\/www.artestar.eu\/fr\/de-gros\/boules-de-crochet-20mm\/#breadcrumb","itemListElement":[{"@type":"ListItem","position":1,"name":"Artestar","item":"https:\/\/www.artestar.eu\/fr\/"},{"@type":"ListItem","position":2,"name":"De gros","item":"https:\/\/www.artestar.eu\/fr\/de-gros\/"},{"@type":"ListItem","position":3,"name":"50 pelotes au crochet \u00d820mm"}]},{"@type":"WebSite","@id":"https:\/\/www.artestar.eu\/fr\/#website","url":"https:\/\/www.artestar.eu\/fr\/","name":"Artestar","description":"Mayorista en abalorios y joyer\u00eda","publisher":{"@id":"https:\/\/www.artestar.eu\/fr\/#organization"},"alternateName":"Artestar-EU","potentialAction":[{"@type":"SearchAction","target":{"@type":"EntryPoint","urlTemplate":"https:\/\/www.artestar.eu\/fr\/?s={search_term_string}"},"query-input":"required name=search_term_string"}],"inLanguage":"fr-FR"},{"@type":["Organization","Place"],"@id":"https:\/\/www.artestar.eu\/fr\/#organization","name":"RUBY ABALORIO S.L.","alternateName":"Artestar","url":"https:\/\/www.artestar.eu\/fr\/","logo":{"@id":"https:\/\/www.artestar.eu\/fr\/de-gros\/boules-de-crochet-20mm\/#local-main-organization-logo"},"image":{"@id":"https:\/\/www.artestar.eu\/fr\/de-gros\/boules-de-crochet-20mm\/#local-main-organization-logo"},"sameAs":["https:\/\/www.facebook.com\/ARTESTAREU","https:\/\/www.instagram.com\/artestareu\/","https:\/\/www.pinterest.es\/artestar_eu\/","https:\/\/www.tiktok.com\/@artestar_wholesale"],"openingHoursSpecification":[{"@type":"OpeningHoursSpecification","dayOfWeek":["Monday","Tuesday","Wednesday","Thursday","Friday","Saturday","Sunday"],"opens":"09:00","closes":"17:00"}]},{"@type":"ImageObject","inLanguage":"fr-FR","@id":"https:\/\/www.artestar.eu\/fr\/de-gros\/boules-de-crochet-20mm\/#local-main-organization-logo","url":"https:\/\/www.artestar.eu\/wp-content\/uploads\/2023\/05\/cropped-png.png","contentUrl":"https:\/\/www.artestar.eu\/wp-content\/uploads\/2023\/05\/cropped-png.png","width":512,"height":512,"caption":"RUBY ABALORIO S.L."}]},"og_availability":"instock","product_availability":"instock","product_retailer_item_id":"BC1404","product_condition":"new"},"tiered_pricing_type":"fixed","tiered_pricing_fixed_rules":[],"tiered_pricing_percentage_rules":[],"tiered_pricing_minimum":null,"_administrator_tiered_pricing_type":"fixed","_administrator_tiered_pricing_fixed_rules":[],"_editor_tiered_pricing_type":"fixed","_editor_tiered_pricing_fixed_rules":[],"_author_tiered_pricing_type":"fixed","_author_tiered_pricing_fixed_rules":[],"_contributor_tiered_pricing_type":"fixed","_contributor_tiered_pricing_fixed_rules":[],"_subscriber_tiered_pricing_type":"fixed","_subscriber_tiered_pricing_fixed_rules":[],"_wpseo_manager_tiered_pricing_type":"fixed","_wpseo_manager_tiered_pricing_fixed_rules":[],"_wpseo_editor_tiered_pricing_type":"fixed","_wpseo_editor_tiered_pricing_fixed_rules":[],"_customer_tiered_pricing_type":"fixed","_customer_tiered_pricing_fixed_rules":[],"_shop_manager_tiered_pricing_type":"fixed","_shop_manager_tiered_pricing_fixed_rules":[],"_product_manager_tiered_pricing_type":"fixed","_product_manager_tiered_pricing_fixed_rules":[],"_links":{"self":[{"href":"https:\/\/www.artestar.eu\/fr\/wp-json\/wp\/v2\/product\/46626"}],"collection":[{"href":"https:\/\/www.artestar.eu\/fr\/wp-json\/wp\/v2\/product"}],"about":[{"href":"https:\/\/www.artestar.eu\/fr\/wp-json\/wp\/v2\/types\/product"}],"replies":[{"embeddable":true,"href":"https:\/\/www.artestar.eu\/fr\/wp-json\/wp\/v2\/comments?post=46626"}],"version-history":[{"count":1,"href":"https:\/\/www.artestar.eu\/fr\/wp-json\/wp\/v2\/product\/46626\/revisions"}],"predecessor-version":[{"id":57613,"href":"https:\/\/www.artestar.eu\/fr\/wp-json\/wp\/v2\/product\/46626\/revisions\/57613"}],"wp:featuredmedia":[{"embeddable":true,"href":"https:\/\/www.artestar.eu\/fr\/wp-json\/wp\/v2\/media\/38330"}],"wp:attachment":[{"href":"https:\/\/www.artestar.eu\/fr\/wp-json\/wp\/v2\/media?parent=46626"}],"wp:term":[{"taxonomy":"product_cat","embeddable":true,"href":"https:\/\/www.artestar.eu\/fr\/wp-json\/wp\/v2\/product_cat?post=46626"},{"taxonomy":"product_tag","embeddable":true,"href":"https:\/\/www.artestar.eu\/fr\/wp-json\/wp\/v2\/product_tag?post=46626"}],"curies":[{"name":"wp","href":"https:\/\/api.w.org\/{rel}","templated":true}]}}