{"id":46668,"date":"2023-11-27T16:14:45","date_gmt":"2023-11-27T16:14:45","guid":{"rendered":"https:\/\/www.artestar.eu\/?post_type=product&#038;p=46668"},"modified":"2023-12-13T11:35:50","modified_gmt":"2023-12-13T11:35:50","slug":"bois-hetre-boules-20mm","status":"publish","type":"product","link":"https:\/\/www.artestar.eu\/fr\/de-gros\/bois-hetre-boules-20mm\/","title":{"rendered":"500 billes en bois de h\u00eatre \u00d820mm"},"content":{"rendered":"<h3><strong>Boules de bois de h\u00eatre 20mm<\/strong><\/h3>\n<p>Vente en gros boules de bois de h\u00eatre pour la cr\u00e9ation artisanale. Pack de 500 boules en bois de 20mm pour colliers, bracelets, attache-t\u00e9tine, hochets, d\u00e9corations de maison.  <span class=\"a-list-item\">Ne convient pas aux enfants de moins de 3 ans ; Les enfants doivent utiliser sous la surveillance d\u2019un adulte. Facile \u00e0 peindre.  L\u00e9ger et durable pour une utilisation prolong\u00e9e.<\/span><\/p>\n<ul>\n<li>Quantit\u00e9&nbsp;: 500pcs<\/li>\n<li>Taille&nbsp;: forme ronde de 20 mm<\/li>\n<li>Avec un trou \u00e0 l\u2019int\u00e9rieur \u00d8 4mm<\/li>\n<li>Mat\u00e9riau : perles en bois de h\u00eatre 100% naturel<\/li>\n<\/ul>\n<p><img decoding=\"async\" class=\"alignnone wp-image-34974\" src=\"https:\/\/www.rubydiy.com\/wp-content\/uploads\/2021\/06\/Bola-madera-haya-20mm-1-300x300.jpg\" alt=\"Boules de bois de h\u00eatre 20mm\" width=\"360\" height=\"360\"><\/p>\n<h3><strong>500 boules de bois de h\u00eatre 20mm en gros<\/strong><\/h3>\n<p><strong>Sp\u00e9cification<\/strong><\/p>\n<ul>\n<li>La couleur peut varier l\u00e9g\u00e8rement en fonction des param\u00e8tres de votre \u00e9cran.<\/li>\n<li>L\u2019Acheteur assume l\u2019enti\u00e8re responsabilit\u00e9 de l\u2019utilisation du produit.<\/li>\n<li>Si un dommage ou une perte est caus\u00e9 par la n\u00e9gligence de l\u2019acheteur, le vendeur ne sera pas responsable.<\/li>\n<\/ul>\n<p><strong>Conseils<\/strong><\/p>\n<ul>\n<li>Si vous souhaitez nettoyer les perles en bois, essuyez-les d\u00e9licatement avec une serviette humide.<\/li>\n<li>Ne les lavez pas directement \u00e0 l\u2019eau, ce qui affecterait l\u2019\u00e9clat d\u2019origine du bois.<\/li>\n<li>Ne plongez pas et ne faites pas tremper d\u2019objets en bois dans l\u2019eau. Ne les mettez pas non plus dans le bleu marine ou le lave-vaisselle.<\/li>\n<li>Les articles en bois sont fabriqu\u00e9s \u00e0 partir de bois naturel, de sorte que certaines variations peuvent se produire et doivent \u00eatre manipul\u00e9s avec soin pour \u00e9viter tout dommage.<\/li>\n<\/ul>\n","protected":false},"excerpt":{"rendered":"<p><strong>Mesure: <\/strong> \u00d8 20mm<\/p>\n<p><strong>Mesure int\u00e9rieure&nbsp;: <\/strong>\u00d8 4mm<\/p>\n<p><strong>Quantit\u00e9&nbsp;: <\/strong>500 pcs<\/p>\n<p><strong>Mat\u00e9riel:<\/strong> H\u00eatre<\/p>\n","protected":false},"featured_media":38618,"comment_status":"closed","ping_status":"closed","template":"","meta":[],"product_cat":[3153,3148],"product_tag":[],"yoast_head":"<!-- This site is optimized with the Yoast SEO Premium plugin v20.5 (Yoast SEO v21.5) - https:\/\/yoast.com\/wordpress\/plugins\/seo\/ -->\n<title>Boules en bois de 20 mm pour l\u2019artisanat<\/title>\n<meta name=\"description\" content=\"500 perles en bois de h\u00eatre 20mm pour l\u2019artisanat et les sucettes. Vente en gros pas cher petites boules de bois de h\u00eatre\" \/>\n<meta name=\"robots\" content=\"index, follow, max-snippet:-1, max-image-preview:large, max-video-preview:-1\" \/>\n<link rel=\"canonical\" href=\"https:\/\/www.artestar.eu\/fr\/de-gros\/bois-hetre-boules-20mm\/\" \/>\n<meta property=\"og:locale\" content=\"fr_FR\" \/>\n<meta property=\"og:type\" content=\"article\" \/>\n<meta property=\"og:title\" content=\"500 billes en bois de h\u00eatre \u00d820mm\" \/>\n<meta property=\"og:description\" content=\"500 perles en bois de h\u00eatre 20mm pour l\u2019artisanat et les sucettes. Vente en gros pas cher petites boules de bois de h\u00eatre\" \/>\n<meta property=\"og:url\" content=\"https:\/\/www.artestar.eu\/fr\/de-gros\/bois-hetre-boules-20mm\/\" \/>\n<meta property=\"og:site_name\" content=\"Artestar\" \/>\n<meta property=\"article:publisher\" content=\"https:\/\/www.facebook.com\/ARTESTAREU\" \/>\n<meta property=\"article:modified_time\" content=\"2023-12-13T11:35:50+00:00\" \/>\n<meta property=\"og:image\" content=\"https:\/\/www.artestar.eu\/wp-content\/uploads\/2023\/11\/Bola-madera-haya-20mm-3.jpg\" \/>\n\t<meta property=\"og:image:width\" content=\"1000\" \/>\n\t<meta property=\"og:image:height\" content=\"1000\" \/>\n\t<meta property=\"og:image:type\" content=\"image\/jpeg\" \/>\n<meta name=\"twitter:card\" content=\"summary_large_image\" \/>\n<meta name=\"twitter:label1\" content=\"Prix\" \/>\n\t<meta name=\"twitter:data1\" content=\"7,65&nbsp;&euro; (TVA NON incluse)\" \/>\n\t<meta name=\"twitter:label2\" content=\"Availability\" \/>\n\t<meta name=\"twitter:data2\" content=\"En stock\" \/>\n<script type=\"application\/ld+json\" class=\"yoast-schema-graph\">{\"@context\":\"https:\/\/schema.org\",\"@graph\":[{\"@type\":\"WebPage\",\"@id\":\"https:\/\/www.artestar.eu\/fr\/de-gros\/bois-hetre-boules-20mm\/\",\"url\":\"https:\/\/www.artestar.eu\/fr\/de-gros\/bois-hetre-boules-20mm\/\",\"name\":\"Boules en bois de 20 mm pour l\u2019artisanat\",\"isPartOf\":{\"@id\":\"https:\/\/www.artestar.eu\/fr\/#website\"},\"datePublished\":\"2023-11-27T16:14:45+00:00\",\"dateModified\":\"2023-12-13T11:35:50+00:00\",\"description\":\"500 perles en bois de h\u00eatre 20mm pour l\u2019artisanat et les sucettes. Vente en gros pas cher petites boules de bois de h\u00eatre\",\"breadcrumb\":{\"@id\":\"https:\/\/www.artestar.eu\/fr\/de-gros\/bois-hetre-boules-20mm\/#breadcrumb\"},\"inLanguage\":\"fr-FR\",\"potentialAction\":[{\"@type\":\"ReadAction\",\"target\":[\"https:\/\/www.artestar.eu\/fr\/de-gros\/bois-hetre-boules-20mm\/\"]}]},{\"@type\":\"BreadcrumbList\",\"@id\":\"https:\/\/www.artestar.eu\/fr\/de-gros\/bois-hetre-boules-20mm\/#breadcrumb\",\"itemListElement\":[{\"@type\":\"ListItem\",\"position\":1,\"name\":\"Artestar\",\"item\":\"https:\/\/www.artestar.eu\/fr\/\"},{\"@type\":\"ListItem\",\"position\":2,\"name\":\"De gros\",\"item\":\"https:\/\/www.artestar.eu\/fr\/de-gros\/\"},{\"@type\":\"ListItem\",\"position\":3,\"name\":\"500 billes en bois de h\u00eatre \u00d820mm\"}]},{\"@type\":\"WebSite\",\"@id\":\"https:\/\/www.artestar.eu\/fr\/#website\",\"url\":\"https:\/\/www.artestar.eu\/fr\/\",\"name\":\"Artestar\",\"description\":\"Mayorista en abalorios y joyer\u00eda\",\"publisher\":{\"@id\":\"https:\/\/www.artestar.eu\/fr\/#organization\"},\"alternateName\":\"Artestar-EU\",\"potentialAction\":[{\"@type\":\"SearchAction\",\"target\":{\"@type\":\"EntryPoint\",\"urlTemplate\":\"https:\/\/www.artestar.eu\/fr\/?s={search_term_string}\"},\"query-input\":\"required name=search_term_string\"}],\"inLanguage\":\"fr-FR\"},{\"@type\":[\"Organization\",\"Place\"],\"@id\":\"https:\/\/www.artestar.eu\/fr\/#organization\",\"name\":\"RUBY ABALORIO S.L.\",\"alternateName\":\"Artestar\",\"url\":\"https:\/\/www.artestar.eu\/fr\/\",\"logo\":{\"@id\":\"https:\/\/www.artestar.eu\/fr\/de-gros\/bois-hetre-boules-20mm\/#local-main-organization-logo\"},\"image\":{\"@id\":\"https:\/\/www.artestar.eu\/fr\/de-gros\/bois-hetre-boules-20mm\/#local-main-organization-logo\"},\"sameAs\":[\"https:\/\/www.facebook.com\/ARTESTAREU\",\"https:\/\/www.instagram.com\/artestareu\/\",\"https:\/\/www.pinterest.es\/artestar_eu\/\",\"https:\/\/www.tiktok.com\/@artestar_wholesale\"],\"openingHoursSpecification\":[{\"@type\":\"OpeningHoursSpecification\",\"dayOfWeek\":[\"Monday\",\"Tuesday\",\"Wednesday\",\"Thursday\",\"Friday\",\"Saturday\",\"Sunday\"],\"opens\":\"09:00\",\"closes\":\"17:00\"}]},{\"@type\":\"ImageObject\",\"inLanguage\":\"fr-FR\",\"@id\":\"https:\/\/www.artestar.eu\/fr\/de-gros\/bois-hetre-boules-20mm\/#local-main-organization-logo\",\"url\":\"https:\/\/www.artestar.eu\/wp-content\/uploads\/2023\/05\/cropped-png.png\",\"contentUrl\":\"https:\/\/www.artestar.eu\/wp-content\/uploads\/2023\/05\/cropped-png.png\",\"width\":512,\"height\":512,\"caption\":\"RUBY ABALORIO S.L.\"}]}<\/script>\n<meta property=\"product:price:amount\" content=\"7.65\" \/>\n<meta property=\"product:price:currency\" content=\"EUR\" \/>\n<meta property=\"og:availability\" content=\"instock\" \/>\n<meta property=\"product:availability\" content=\"instock\" \/>\n<meta property=\"product:retailer_item_id\" content=\"265\" \/>\n<meta property=\"product:condition\" content=\"new\" \/>\n<!-- \/ Yoast SEO Premium plugin. -->","yoast_head_json":{"title":"Boules en bois de 20 mm pour l\u2019artisanat","description":"500 perles en bois de h\u00eatre 20mm pour l\u2019artisanat et les sucettes. Vente en gros pas cher petites boules de bois de h\u00eatre","robots":{"index":"index","follow":"follow","max-snippet":"max-snippet:-1","max-image-preview":"max-image-preview:large","max-video-preview":"max-video-preview:-1"},"canonical":"https:\/\/www.artestar.eu\/fr\/de-gros\/bois-hetre-boules-20mm\/","og_locale":"fr_FR","og_type":"article","og_title":"500 billes en bois de h\u00eatre \u00d820mm","og_description":"500 perles en bois de h\u00eatre 20mm pour l\u2019artisanat et les sucettes. Vente en gros pas cher petites boules de bois de h\u00eatre","og_url":"https:\/\/www.artestar.eu\/fr\/de-gros\/bois-hetre-boules-20mm\/","og_site_name":"Artestar","article_publisher":"https:\/\/www.facebook.com\/ARTESTAREU","article_modified_time":"2023-12-13T11:35:50+00:00","og_image":[{"width":1000,"height":1000,"url":"https:\/\/www.artestar.eu\/wp-content\/uploads\/2023\/11\/Bola-madera-haya-20mm-3.jpg","type":"image\/jpeg"}],"twitter_card":"summary_large_image","twitter_misc":{"Prix":"7,65&nbsp;&euro; (TVA NON incluse)","Availability":"En stock"},"schema":{"@context":"https:\/\/schema.org","@graph":[{"@type":"WebPage","@id":"https:\/\/www.artestar.eu\/fr\/de-gros\/bois-hetre-boules-20mm\/","url":"https:\/\/www.artestar.eu\/fr\/de-gros\/bois-hetre-boules-20mm\/","name":"Boules en bois de 20 mm pour l\u2019artisanat","isPartOf":{"@id":"https:\/\/www.artestar.eu\/fr\/#website"},"datePublished":"2023-11-27T16:14:45+00:00","dateModified":"2023-12-13T11:35:50+00:00","description":"500 perles en bois de h\u00eatre 20mm pour l\u2019artisanat et les sucettes. Vente en gros pas cher petites boules de bois de h\u00eatre","breadcrumb":{"@id":"https:\/\/www.artestar.eu\/fr\/de-gros\/bois-hetre-boules-20mm\/#breadcrumb"},"inLanguage":"fr-FR","potentialAction":[{"@type":"ReadAction","target":["https:\/\/www.artestar.eu\/fr\/de-gros\/bois-hetre-boules-20mm\/"]}]},{"@type":"BreadcrumbList","@id":"https:\/\/www.artestar.eu\/fr\/de-gros\/bois-hetre-boules-20mm\/#breadcrumb","itemListElement":[{"@type":"ListItem","position":1,"name":"Artestar","item":"https:\/\/www.artestar.eu\/fr\/"},{"@type":"ListItem","position":2,"name":"De gros","item":"https:\/\/www.artestar.eu\/fr\/de-gros\/"},{"@type":"ListItem","position":3,"name":"500 billes en bois de h\u00eatre \u00d820mm"}]},{"@type":"WebSite","@id":"https:\/\/www.artestar.eu\/fr\/#website","url":"https:\/\/www.artestar.eu\/fr\/","name":"Artestar","description":"Mayorista en abalorios y joyer\u00eda","publisher":{"@id":"https:\/\/www.artestar.eu\/fr\/#organization"},"alternateName":"Artestar-EU","potentialAction":[{"@type":"SearchAction","target":{"@type":"EntryPoint","urlTemplate":"https:\/\/www.artestar.eu\/fr\/?s={search_term_string}"},"query-input":"required name=search_term_string"}],"inLanguage":"fr-FR"},{"@type":["Organization","Place"],"@id":"https:\/\/www.artestar.eu\/fr\/#organization","name":"RUBY ABALORIO S.L.","alternateName":"Artestar","url":"https:\/\/www.artestar.eu\/fr\/","logo":{"@id":"https:\/\/www.artestar.eu\/fr\/de-gros\/bois-hetre-boules-20mm\/#local-main-organization-logo"},"image":{"@id":"https:\/\/www.artestar.eu\/fr\/de-gros\/bois-hetre-boules-20mm\/#local-main-organization-logo"},"sameAs":["https:\/\/www.facebook.com\/ARTESTAREU","https:\/\/www.instagram.com\/artestareu\/","https:\/\/www.pinterest.es\/artestar_eu\/","https:\/\/www.tiktok.com\/@artestar_wholesale"],"openingHoursSpecification":[{"@type":"OpeningHoursSpecification","dayOfWeek":["Monday","Tuesday","Wednesday","Thursday","Friday","Saturday","Sunday"],"opens":"09:00","closes":"17:00"}]},{"@type":"ImageObject","inLanguage":"fr-FR","@id":"https:\/\/www.artestar.eu\/fr\/de-gros\/bois-hetre-boules-20mm\/#local-main-organization-logo","url":"https:\/\/www.artestar.eu\/wp-content\/uploads\/2023\/05\/cropped-png.png","contentUrl":"https:\/\/www.artestar.eu\/wp-content\/uploads\/2023\/05\/cropped-png.png","width":512,"height":512,"caption":"RUBY ABALORIO S.L."}]},"product_price_amount":"7.65","product_price_currency":"EUR","og_availability":"instock","product_availability":"instock","product_retailer_item_id":"265","product_condition":"new"},"tiered_pricing_type":"fixed","tiered_pricing_fixed_rules":[],"tiered_pricing_percentage_rules":[],"tiered_pricing_minimum":null,"_administrator_tiered_pricing_type":"fixed","_administrator_tiered_pricing_fixed_rules":[],"_editor_tiered_pricing_type":"fixed","_editor_tiered_pricing_fixed_rules":[],"_author_tiered_pricing_type":"fixed","_author_tiered_pricing_fixed_rules":[],"_contributor_tiered_pricing_type":"fixed","_contributor_tiered_pricing_fixed_rules":[],"_subscriber_tiered_pricing_type":"fixed","_subscriber_tiered_pricing_fixed_rules":[],"_wpseo_manager_tiered_pricing_type":"fixed","_wpseo_manager_tiered_pricing_fixed_rules":[],"_wpseo_editor_tiered_pricing_type":"fixed","_wpseo_editor_tiered_pricing_fixed_rules":[],"_customer_tiered_pricing_type":"fixed","_customer_tiered_pricing_fixed_rules":[],"_shop_manager_tiered_pricing_type":"fixed","_shop_manager_tiered_pricing_fixed_rules":[],"_product_manager_tiered_pricing_type":"fixed","_product_manager_tiered_pricing_fixed_rules":[],"_links":{"self":[{"href":"https:\/\/www.artestar.eu\/fr\/wp-json\/wp\/v2\/product\/46668"}],"collection":[{"href":"https:\/\/www.artestar.eu\/fr\/wp-json\/wp\/v2\/product"}],"about":[{"href":"https:\/\/www.artestar.eu\/fr\/wp-json\/wp\/v2\/types\/product"}],"replies":[{"embeddable":true,"href":"https:\/\/www.artestar.eu\/fr\/wp-json\/wp\/v2\/comments?post=46668"}],"version-history":[{"count":1,"href":"https:\/\/www.artestar.eu\/fr\/wp-json\/wp\/v2\/product\/46668\/revisions"}],"predecessor-version":[{"id":57668,"href":"https:\/\/www.artestar.eu\/fr\/wp-json\/wp\/v2\/product\/46668\/revisions\/57668"}],"wp:featuredmedia":[{"embeddable":true,"href":"https:\/\/www.artestar.eu\/fr\/wp-json\/wp\/v2\/media\/38618"}],"wp:attachment":[{"href":"https:\/\/www.artestar.eu\/fr\/wp-json\/wp\/v2\/media?parent=46668"}],"wp:term":[{"taxonomy":"product_cat","embeddable":true,"href":"https:\/\/www.artestar.eu\/fr\/wp-json\/wp\/v2\/product_cat?post=46668"},{"taxonomy":"product_tag","embeddable":true,"href":"https:\/\/www.artestar.eu\/fr\/wp-json\/wp\/v2\/product_tag?post=46668"}],"curies":[{"name":"wp","href":"https:\/\/api.w.org\/{rel}","templated":true}]}}