{"id":47002,"date":"2023-12-02T02:33:35","date_gmt":"2023-12-02T02:33:35","guid":{"rendered":"https:\/\/www.artestar.eu\/al-por-mayor\/laniere-en-cuir-veritable-pour-la-fabrication-de-bracelets-bracelets-en-cuir-colliers-et-porte-cles\/"},"modified":"2023-12-02T02:33:35","modified_gmt":"2023-12-02T02:33:35","slug":"cordon-en-cuir-veritable-pour-la-confection-de-bracelets-colliers-etc-dans-les-projets-de-bijoux-de-bricolage","status":"publish","type":"product","link":"https:\/\/www.artestar.eu\/fr\/de-gros\/cordon-en-cuir-veritable-pour-la-confection-de-bracelets-colliers-etc-dans-les-projets-de-bijoux-de-bricolage\/","title":{"rendered":"Lani\u00e8re en cuir v\u00e9ritable pour la fabrication de bracelets, bracelets en cuir, colliers et porte-cl\u00e9s"},"content":{"rendered":"<p><img decoding=\"async\" src=\"https:\/\/m.media-amazon.com\/images\/S\/aplus-media-library-service-media\/0d592e2f-10d1-4d9a-884d-6fad5469fe4d.__CR0,0,970,600_PT0_SX970_V1___.jpg\" alt=\"Lederschnur Lederband aus echt Leder, Lederriemen rund \u00d8 2mm f\u00fcr DIY Handwerk Schl\u00fcsselband Armband\"><img decoding=\"async\" src=\"https:\/\/m.media-amazon.com\/images\/S\/aplus-media-library-service-media\/3b6ca892-8354-418b-9b28-fd0974dcce89.__CR0,17,3000,1856_PT0_SX970_V1___.jpg\" alt=\"RUBY Lederband Lederriemen, Classic Lederband Kette Lederb\u00e4nder f\u00fcr Ketten\"><img decoding=\"async\" src=\"https:\/\/m.media-amazon.com\/images\/S\/aplus-media-library-service-media\/bc4db6d0-15fc-4bcb-9cf3-81a510813907.__CR0,0,970,600_PT0_SX970_V1___.jpg\" alt=\"RUBY Lederband Lederriemen,Classic Lederband Kette,Lederb\u00e4nder f\u00fcr Ketten\"><\/p>\n<p>Fitas de couro para artesanato feitas de couro genu\u00edno s\u00e3o mais resistentes e tornam suas cria\u00e7\u00f5es mais dur\u00e1veis.<\/p>\n<p>As tiras de couro t\u00eam uma plasticidade infinita no campo do artesanato&nbsp;; Aproveite sua imagina\u00e7\u00e3o para criar trabalhos manuais \u00fanicos.<\/p>\n<p>Fita de couro vintage e plana tamb\u00e9m pode ser usada como acess\u00f3rio para trabalhos manuais, como roupas mediaevais, apanhadores de sonhos e cadar\u00e7os de couro. A fita de couro vendida por metro \u00e9 muito versatile.<\/p>\n<p><img decoding=\"async\" src=\"https:\/\/m.media-amazon.com\/images\/S\/aplus-media-library-service-media\/d026a4cc-5f8c-4e36-816b-3f37cea9a209.__CR0,0,970,600_PT0_SX970_V1___.jpg\" alt=\"RUBY Lederband Lederriemen, Classic Lederband Kette, Lederb\u00e4nder f\u00fcr Ketten\"><img decoding=\"async\" src=\"https:\/\/m.media-amazon.com\/images\/S\/aplus-media-library-service-media\/581eba13-38ce-4824-afc5-7749fe25af41.__CR0,0,970,600_PT0_SX970_V1___.jpg\" alt=\"RUBY Lederband Lederriemen, Classic Lederband Kette Lederb\u00e4nder f\u00fcr Ketten\"><\/p>\n<div class=\"celwidget aplus-module 3p-module-b aplus-standard\" data-csa-c-id=\"3dbrhj-xekvju-cbo6s1-1xk5sq\">\n<div class=\"aplus-module-wrapper aplus-3p-fixed-width\">\n<p class=\"a-spacing-base\"><span class=\"a-text-bold\">Wenn Sie neu im Basteln sind, wird Sie dieses Leather strap \u00fcberraschen und Ihren Kreationen mehr Glanz verleihen.<\/span><\/p>\n<ul class=\"a-unordered-list a-vertical\">\n<li><span class=\"a-list-item\">Das Echtleder band hat einen nat\u00fcrlichen Ledergeruch, was normal ist.<\/span><\/li>\n<li><span class=\"a-list-item\">Aufgrund des Lichteffekts und der Einstellung des Monitors kann die Farbe des erhaltenen Produkts geringf\u00fcgig von der Abbildung abweichen. lesen Sie vor dem Kauf die Gr\u00f6\u00dfen der verschiedenen Lederseile und w\u00e4hlen Sie dann diejenige aus, die Ihnen am besten gef\u00e4llt.<\/span><\/li>\n<\/ul>\n<p><img decoding=\"async\" src=\"https:\/\/m.media-amazon.com\/images\/S\/aplus-media-library-service-media\/13d374f3-c015-4153-93eb-3103ac587209.__CR0,0,970,600_PT0_SX970_V1___.jpg\" alt=\"RUBY Lederband Lederriemen, Classic Lederband Kette, Lederb\u00e4nder f\u00fcr Ketten\"><\/p>\n<p>&nbsp;<\/p>\n<\/div>\n<\/div>\n<div class=\"celwidget aplus-module 3p-module-b aplus-standard\" data-csa-c-id=\"6kftl3-winm0m-g3fz9q-wrr6gj\"><\/div>\n","protected":false},"excerpt":{"rendered":"<p>-Mat\u00e9riaux de haute qualit\u00e9&nbsp;: Feito de couro genu\u00edno, une surface et trait\u00e9e avec de la peinture pour un tournage lisse, tournant le mat\u00e9riau un tr\u00e8s rigide et scorgadio, entravant l\u2019emaranhamento. Possui uma ampla gama de aplica\u00e7\u00f5es e pode ser usado em muitas ocasi\u00f5es decorativas, al\u00e9m de ter uma largura estreita, reduzindo o risco de quebra.<\/p>\n<p>-Coupe flexivelle : Avec une compression totale d\u2019environ 20 m\u00e8tres, le coruro correia est suffisamment long pour \u00eatre coup\u00e9 de mani\u00e8re flexible qui n\u2019est pas comprim\u00e9e souhait\u00e9e.<\/p>\n<p>-Polyvalence&nbsp;: Comme les bandes de couro peuvent \u00eatre utilis\u00e9es pour faire des joias, tels que des bracelets, des colares et des chaveiros. Une correia de couro plana e vintage peut \u00e9galement \u00eatre utilis\u00e9e comme accessoire pour l\u2019artisanat, comme les roupas mediaevais, les apanhadores de sonhos et les cadar\u00e7os de couro. A correia de couro vendida por metro \u00e9 muito versatile.<\/p>\n","protected":false},"featured_media":46876,"comment_status":"closed","ping_status":"closed","template":"","meta":[],"product_cat":[2389],"product_tag":[],"yoast_head":"<!-- This site is optimized with the Yoast SEO Premium plugin v20.5 (Yoast SEO v21.5) - https:\/\/yoast.com\/wordpress\/plugins\/seo\/ -->\n<title>Lani\u00e8re en cuir v\u00e9ritable pour la fabrication de bracelets, bracelets en cuir, colliers et porte-cl\u00e9s - Artestar<\/title>\n<meta name=\"description\" content=\"Lani\u00e8re en cuir v\u00e9ritable pour la fabrication de bracelets, bracelets en cuir, colliers et porte-cl\u00e9s\" \/>\n<meta name=\"robots\" content=\"index, follow, max-snippet:-1, max-image-preview:large, max-video-preview:-1\" \/>\n<link rel=\"canonical\" href=\"https:\/\/www.artestar.eu\/fr\/de-gros\/cordon-en-cuir-veritable-pour-la-confection-de-bracelets-colliers-etc-dans-les-projets-de-bijoux-de-bricolage\/\" \/>\n<meta property=\"og:locale\" content=\"fr_FR\" \/>\n<meta property=\"og:type\" content=\"article\" \/>\n<meta property=\"og:title\" content=\"Lani\u00e8re en cuir v\u00e9ritable pour la fabrication de bracelets, bracelets en cuir, colliers et porte-cl\u00e9s\" \/>\n<meta property=\"og:description\" content=\"Lani\u00e8re en cuir v\u00e9ritable pour la fabrication de bracelets, bracelets en cuir, colliers et porte-cl\u00e9s\" \/>\n<meta property=\"og:url\" content=\"https:\/\/www.artestar.eu\/fr\/de-gros\/cordon-en-cuir-veritable-pour-la-confection-de-bracelets-colliers-etc-dans-les-projets-de-bijoux-de-bricolage\/\" \/>\n<meta property=\"og:site_name\" content=\"Artestar\" \/>\n<meta property=\"article:publisher\" content=\"https:\/\/www.facebook.com\/ARTESTAREU\" \/>\n<meta property=\"og:image\" content=\"https:\/\/www.artestar.eu\/wp-content\/uploads\/2023\/12\/True-Colour-3-Mm.jpg\" \/>\n\t<meta property=\"og:image:width\" content=\"679\" \/>\n\t<meta property=\"og:image:height\" content=\"491\" \/>\n\t<meta property=\"og:image:type\" content=\"image\/jpeg\" \/>\n<meta name=\"twitter:card\" content=\"summary_large_image\" \/>\n<meta name=\"twitter:label1\" content=\"Availability\" \/>\n\t<meta name=\"twitter:data1\" content=\"En stock\" \/>\n<script type=\"application\/ld+json\" class=\"yoast-schema-graph\">{\"@context\":\"https:\/\/schema.org\",\"@graph\":[{\"@type\":\"WebPage\",\"@id\":\"https:\/\/www.artestar.eu\/fr\/de-gros\/cordon-en-cuir-veritable-pour-la-confection-de-bracelets-colliers-etc-dans-les-projets-de-bijoux-de-bricolage\/\",\"url\":\"https:\/\/www.artestar.eu\/fr\/de-gros\/cordon-en-cuir-veritable-pour-la-confection-de-bracelets-colliers-etc-dans-les-projets-de-bijoux-de-bricolage\/\",\"name\":\"Lani\u00e8re en cuir v\u00e9ritable pour la fabrication de bracelets, bracelets en cuir, colliers et porte-cl\u00e9s - Artestar\",\"isPartOf\":{\"@id\":\"https:\/\/www.artestar.eu\/fr\/#website\"},\"datePublished\":\"2023-12-02T02:33:35+00:00\",\"dateModified\":\"2023-12-02T02:33:35+00:00\",\"description\":\"Lani\u00e8re en cuir v\u00e9ritable pour la fabrication de bracelets, bracelets en cuir, colliers et porte-cl\u00e9s\",\"breadcrumb\":{\"@id\":\"https:\/\/www.artestar.eu\/fr\/de-gros\/cordon-en-cuir-veritable-pour-la-confection-de-bracelets-colliers-etc-dans-les-projets-de-bijoux-de-bricolage\/#breadcrumb\"},\"inLanguage\":\"fr-FR\",\"potentialAction\":[{\"@type\":\"ReadAction\",\"target\":[\"https:\/\/www.artestar.eu\/fr\/de-gros\/cordon-en-cuir-veritable-pour-la-confection-de-bracelets-colliers-etc-dans-les-projets-de-bijoux-de-bricolage\/\"]}]},{\"@type\":\"BreadcrumbList\",\"@id\":\"https:\/\/www.artestar.eu\/fr\/de-gros\/cordon-en-cuir-veritable-pour-la-confection-de-bracelets-colliers-etc-dans-les-projets-de-bijoux-de-bricolage\/#breadcrumb\",\"itemListElement\":[{\"@type\":\"ListItem\",\"position\":1,\"name\":\"Artestar\",\"item\":\"https:\/\/www.artestar.eu\/fr\/\"},{\"@type\":\"ListItem\",\"position\":2,\"name\":\"De gros\",\"item\":\"https:\/\/www.artestar.eu\/fr\/de-gros\/\"},{\"@type\":\"ListItem\",\"position\":3,\"name\":\"Lani\u00e8re en cuir v\u00e9ritable pour la fabrication de bracelets, bracelets en cuir, colliers et porte-cl\u00e9s\"}]},{\"@type\":\"WebSite\",\"@id\":\"https:\/\/www.artestar.eu\/fr\/#website\",\"url\":\"https:\/\/www.artestar.eu\/fr\/\",\"name\":\"Artestar\",\"description\":\"Mayorista en abalorios y joyer\u00eda\",\"publisher\":{\"@id\":\"https:\/\/www.artestar.eu\/fr\/#organization\"},\"alternateName\":\"Artestar-EU\",\"potentialAction\":[{\"@type\":\"SearchAction\",\"target\":{\"@type\":\"EntryPoint\",\"urlTemplate\":\"https:\/\/www.artestar.eu\/fr\/?s={search_term_string}\"},\"query-input\":\"required name=search_term_string\"}],\"inLanguage\":\"fr-FR\"},{\"@type\":[\"Organization\",\"Place\"],\"@id\":\"https:\/\/www.artestar.eu\/fr\/#organization\",\"name\":\"RUBY ABALORIO S.L.\",\"alternateName\":\"Artestar\",\"url\":\"https:\/\/www.artestar.eu\/fr\/\",\"logo\":{\"@id\":\"https:\/\/www.artestar.eu\/fr\/de-gros\/cordon-en-cuir-veritable-pour-la-confection-de-bracelets-colliers-etc-dans-les-projets-de-bijoux-de-bricolage\/#local-main-organization-logo\"},\"image\":{\"@id\":\"https:\/\/www.artestar.eu\/fr\/de-gros\/cordon-en-cuir-veritable-pour-la-confection-de-bracelets-colliers-etc-dans-les-projets-de-bijoux-de-bricolage\/#local-main-organization-logo\"},\"sameAs\":[\"https:\/\/www.facebook.com\/ARTESTAREU\",\"https:\/\/www.instagram.com\/artestareu\/\",\"https:\/\/www.pinterest.es\/artestar_eu\/\",\"https:\/\/www.tiktok.com\/@artestar_wholesale\"],\"openingHoursSpecification\":[{\"@type\":\"OpeningHoursSpecification\",\"dayOfWeek\":[\"Monday\",\"Tuesday\",\"Wednesday\",\"Thursday\",\"Friday\",\"Saturday\",\"Sunday\"],\"opens\":\"09:00\",\"closes\":\"17:00\"}]},{\"@type\":\"ImageObject\",\"inLanguage\":\"fr-FR\",\"@id\":\"https:\/\/www.artestar.eu\/fr\/de-gros\/cordon-en-cuir-veritable-pour-la-confection-de-bracelets-colliers-etc-dans-les-projets-de-bijoux-de-bricolage\/#local-main-organization-logo\",\"url\":\"https:\/\/www.artestar.eu\/wp-content\/uploads\/2023\/05\/cropped-png.png\",\"contentUrl\":\"https:\/\/www.artestar.eu\/wp-content\/uploads\/2023\/05\/cropped-png.png\",\"width\":512,\"height\":512,\"caption\":\"RUBY ABALORIO S.L.\"}]}<\/script>\n<meta property=\"og:availability\" content=\"instock\" \/>\n<meta property=\"product:availability\" content=\"instock\" \/>\n<meta property=\"product:retailer_item_id\" content=\"PS0001-PS0012\" \/>\n<meta property=\"product:condition\" content=\"new\" \/>\n<!-- \/ Yoast SEO Premium plugin. -->","yoast_head_json":{"title":"Lani\u00e8re en cuir v\u00e9ritable pour la fabrication de bracelets, bracelets en cuir, colliers et porte-cl\u00e9s - Artestar","description":"Lani\u00e8re en cuir v\u00e9ritable pour la fabrication de bracelets, bracelets en cuir, colliers et porte-cl\u00e9s","robots":{"index":"index","follow":"follow","max-snippet":"max-snippet:-1","max-image-preview":"max-image-preview:large","max-video-preview":"max-video-preview:-1"},"canonical":"https:\/\/www.artestar.eu\/fr\/de-gros\/cordon-en-cuir-veritable-pour-la-confection-de-bracelets-colliers-etc-dans-les-projets-de-bijoux-de-bricolage\/","og_locale":"fr_FR","og_type":"article","og_title":"Lani\u00e8re en cuir v\u00e9ritable pour la fabrication de bracelets, bracelets en cuir, colliers et porte-cl\u00e9s","og_description":"Lani\u00e8re en cuir v\u00e9ritable pour la fabrication de bracelets, bracelets en cuir, colliers et porte-cl\u00e9s","og_url":"https:\/\/www.artestar.eu\/fr\/de-gros\/cordon-en-cuir-veritable-pour-la-confection-de-bracelets-colliers-etc-dans-les-projets-de-bijoux-de-bricolage\/","og_site_name":"Artestar","article_publisher":"https:\/\/www.facebook.com\/ARTESTAREU","og_image":[{"width":679,"height":491,"url":"https:\/\/www.artestar.eu\/wp-content\/uploads\/2023\/12\/True-Colour-3-Mm.jpg","type":"image\/jpeg"}],"twitter_card":"summary_large_image","twitter_misc":{"Availability":"En stock"},"schema":{"@context":"https:\/\/schema.org","@graph":[{"@type":"WebPage","@id":"https:\/\/www.artestar.eu\/fr\/de-gros\/cordon-en-cuir-veritable-pour-la-confection-de-bracelets-colliers-etc-dans-les-projets-de-bijoux-de-bricolage\/","url":"https:\/\/www.artestar.eu\/fr\/de-gros\/cordon-en-cuir-veritable-pour-la-confection-de-bracelets-colliers-etc-dans-les-projets-de-bijoux-de-bricolage\/","name":"Lani\u00e8re en cuir v\u00e9ritable pour la fabrication de bracelets, bracelets en cuir, colliers et porte-cl\u00e9s - Artestar","isPartOf":{"@id":"https:\/\/www.artestar.eu\/fr\/#website"},"datePublished":"2023-12-02T02:33:35+00:00","dateModified":"2023-12-02T02:33:35+00:00","description":"Lani\u00e8re en cuir v\u00e9ritable pour la fabrication de bracelets, bracelets en cuir, colliers et porte-cl\u00e9s","breadcrumb":{"@id":"https:\/\/www.artestar.eu\/fr\/de-gros\/cordon-en-cuir-veritable-pour-la-confection-de-bracelets-colliers-etc-dans-les-projets-de-bijoux-de-bricolage\/#breadcrumb"},"inLanguage":"fr-FR","potentialAction":[{"@type":"ReadAction","target":["https:\/\/www.artestar.eu\/fr\/de-gros\/cordon-en-cuir-veritable-pour-la-confection-de-bracelets-colliers-etc-dans-les-projets-de-bijoux-de-bricolage\/"]}]},{"@type":"BreadcrumbList","@id":"https:\/\/www.artestar.eu\/fr\/de-gros\/cordon-en-cuir-veritable-pour-la-confection-de-bracelets-colliers-etc-dans-les-projets-de-bijoux-de-bricolage\/#breadcrumb","itemListElement":[{"@type":"ListItem","position":1,"name":"Artestar","item":"https:\/\/www.artestar.eu\/fr\/"},{"@type":"ListItem","position":2,"name":"De gros","item":"https:\/\/www.artestar.eu\/fr\/de-gros\/"},{"@type":"ListItem","position":3,"name":"Lani\u00e8re en cuir v\u00e9ritable pour la fabrication de bracelets, bracelets en cuir, colliers et porte-cl\u00e9s"}]},{"@type":"WebSite","@id":"https:\/\/www.artestar.eu\/fr\/#website","url":"https:\/\/www.artestar.eu\/fr\/","name":"Artestar","description":"Mayorista en abalorios y joyer\u00eda","publisher":{"@id":"https:\/\/www.artestar.eu\/fr\/#organization"},"alternateName":"Artestar-EU","potentialAction":[{"@type":"SearchAction","target":{"@type":"EntryPoint","urlTemplate":"https:\/\/www.artestar.eu\/fr\/?s={search_term_string}"},"query-input":"required name=search_term_string"}],"inLanguage":"fr-FR"},{"@type":["Organization","Place"],"@id":"https:\/\/www.artestar.eu\/fr\/#organization","name":"RUBY ABALORIO S.L.","alternateName":"Artestar","url":"https:\/\/www.artestar.eu\/fr\/","logo":{"@id":"https:\/\/www.artestar.eu\/fr\/de-gros\/cordon-en-cuir-veritable-pour-la-confection-de-bracelets-colliers-etc-dans-les-projets-de-bijoux-de-bricolage\/#local-main-organization-logo"},"image":{"@id":"https:\/\/www.artestar.eu\/fr\/de-gros\/cordon-en-cuir-veritable-pour-la-confection-de-bracelets-colliers-etc-dans-les-projets-de-bijoux-de-bricolage\/#local-main-organization-logo"},"sameAs":["https:\/\/www.facebook.com\/ARTESTAREU","https:\/\/www.instagram.com\/artestareu\/","https:\/\/www.pinterest.es\/artestar_eu\/","https:\/\/www.tiktok.com\/@artestar_wholesale"],"openingHoursSpecification":[{"@type":"OpeningHoursSpecification","dayOfWeek":["Monday","Tuesday","Wednesday","Thursday","Friday","Saturday","Sunday"],"opens":"09:00","closes":"17:00"}]},{"@type":"ImageObject","inLanguage":"fr-FR","@id":"https:\/\/www.artestar.eu\/fr\/de-gros\/cordon-en-cuir-veritable-pour-la-confection-de-bracelets-colliers-etc-dans-les-projets-de-bijoux-de-bricolage\/#local-main-organization-logo","url":"https:\/\/www.artestar.eu\/wp-content\/uploads\/2023\/05\/cropped-png.png","contentUrl":"https:\/\/www.artestar.eu\/wp-content\/uploads\/2023\/05\/cropped-png.png","width":512,"height":512,"caption":"RUBY ABALORIO S.L."}]},"og_availability":"instock","product_availability":"instock","product_retailer_item_id":"PS0001-PS0012","product_condition":"new"},"tiered_pricing_type":"fixed","tiered_pricing_fixed_rules":[],"tiered_pricing_percentage_rules":[],"tiered_pricing_minimum":null,"_administrator_tiered_pricing_type":"fixed","_administrator_tiered_pricing_fixed_rules":[],"_editor_tiered_pricing_type":"fixed","_editor_tiered_pricing_fixed_rules":[],"_author_tiered_pricing_type":"fixed","_author_tiered_pricing_fixed_rules":[],"_contributor_tiered_pricing_type":"fixed","_contributor_tiered_pricing_fixed_rules":[],"_subscriber_tiered_pricing_type":"fixed","_subscriber_tiered_pricing_fixed_rules":[],"_wpseo_manager_tiered_pricing_type":"fixed","_wpseo_manager_tiered_pricing_fixed_rules":[],"_wpseo_editor_tiered_pricing_type":"fixed","_wpseo_editor_tiered_pricing_fixed_rules":[],"_customer_tiered_pricing_type":"fixed","_customer_tiered_pricing_fixed_rules":[],"_shop_manager_tiered_pricing_type":"fixed","_shop_manager_tiered_pricing_fixed_rules":[],"_product_manager_tiered_pricing_type":"fixed","_product_manager_tiered_pricing_fixed_rules":[],"_links":{"self":[{"href":"https:\/\/www.artestar.eu\/fr\/wp-json\/wp\/v2\/product\/47002"}],"collection":[{"href":"https:\/\/www.artestar.eu\/fr\/wp-json\/wp\/v2\/product"}],"about":[{"href":"https:\/\/www.artestar.eu\/fr\/wp-json\/wp\/v2\/types\/product"}],"replies":[{"embeddable":true,"href":"https:\/\/www.artestar.eu\/fr\/wp-json\/wp\/v2\/comments?post=47002"}],"version-history":[{"count":0,"href":"https:\/\/www.artestar.eu\/fr\/wp-json\/wp\/v2\/product\/47002\/revisions"}],"wp:featuredmedia":[{"embeddable":true,"href":"https:\/\/www.artestar.eu\/fr\/wp-json\/wp\/v2\/media\/46876"}],"wp:attachment":[{"href":"https:\/\/www.artestar.eu\/fr\/wp-json\/wp\/v2\/media?parent=47002"}],"wp:term":[{"taxonomy":"product_cat","embeddable":true,"href":"https:\/\/www.artestar.eu\/fr\/wp-json\/wp\/v2\/product_cat?post=47002"},{"taxonomy":"product_tag","embeddable":true,"href":"https:\/\/www.artestar.eu\/fr\/wp-json\/wp\/v2\/product_tag?post=47002"}],"curies":[{"name":"wp","href":"https:\/\/api.w.org\/{rel}","templated":true}]}}