{"id":49458,"date":"2023-12-04T14:39:51","date_gmt":"2023-12-04T14:39:51","guid":{"rendered":"https:\/\/www.artestar.eu\/?post_type=product&#038;p=49458"},"modified":"2023-12-13T13:43:19","modified_gmt":"2023-12-13T13:43:19","slug":"lote-60-cuentas-abaco-de-silicona-reino-de-las-nubes","status":"publish","type":"product","link":"https:\/\/www.artestar.eu\/fr\/al-por-mayor\/lote-60-cuentas-abaco-de-silicona-reino-de-las-nubes\/","title":{"rendered":"Lote 60 Cuentas \u00c1baco de Silicona 12mm Reino de las Nubes"},"content":{"rendered":"<h3><strong>60 \u00c1bacos silicona Reino de las Nubes para beb\u00e9s<\/strong><\/h3>\n<p><img decoding=\"async\" class=\"alignnone wp-image-49183\" src=\"https:\/\/www.rubydiy.com\/wp-content\/uploads\/2021\/01\/lote-abacos-de-silicona-lila-300x300.jpg\" alt=\"Abacos silicona azul claro para montar chupeteros\" width=\"180\" height=\"180\" \/> <img decoding=\"async\" class=\"alignnone wp-image-49189\" src=\"https:\/\/www.rubydiy.com\/wp-content\/uploads\/2021\/01\/lote-abacos-de-silicona-para-chupetero-rosa-palo-300x300.jpg\" alt=\"Abacos silicona azul claro para montar chupeteros\" width=\"180\" height=\"180\" \/> <img decoding=\"async\" class=\"alignnone wp-image-49214\" src=\"https:\/\/www.rubydiy.com\/wp-content\/uploads\/2021\/01\/Cuentas-Abaco-de-Silicona-300x300.png\" alt=\"Abacos silicona azul claro para montar chupeteros\" width=\"180\" height=\"180\" \/> <img decoding=\"async\" class=\"alignnone wp-image-49279\" src=\"https:\/\/www.rubydiy.com\/wp-content\/uploads\/2020\/10\/lote-abacos-de-silicona-para-chupetoro-turquesa-300x300.jpg\" alt=\"Abacos silicona azul claro para montar chupeteros\" width=\"180\" height=\"180\" \/> <img decoding=\"async\" class=\"alignnone wp-image-49208\" src=\"https:\/\/www.rubydiy.com\/wp-content\/uploads\/2021\/01\/lote-abacos-de-silicona-rosa-300x300.jpg\" alt=\"Abacos silicona azul claro para montar chupeteros\" width=\"180\" height=\"180\" \/><img decoding=\"async\" class=\"alignnone wp-image-49165\" src=\"https:\/\/www.rubydiy.com\/wp-content\/uploads\/2021\/01\/Lote-Abacos-de-silicona-azul-300x300.jpg\" alt=\"Abacos silicona azul claro para montar chupeteros\" width=\"180\" height=\"180\" \/><img decoding=\"async\" class=\"alignnone wp-image-49220\" src=\"https:\/\/www.rubydiy.com\/wp-content\/uploads\/2021\/01\/B07L13DJ9M1-RS-300x300.jpg\" alt=\"Abacos silicona azul claro para montar chupeteros\" width=\"180\" height=\"180\" \/><img decoding=\"async\" class=\"alignnone wp-image-47714\" src=\"https:\/\/www.rubydiy.com\/wp-content\/uploads\/2021\/11\/Reino-de-misterioso-gato-300x300.jpg\" alt=\"Abacos silicona azul claro para montar chupeteros\" width=\"180\" height=\"180\" \/><\/p>\n<p>Material de silicona para crear chupeteros personalizados o juguetes de dentici\u00f3n para beb\u00e9s. Fabricado con silicona\u00a0 Org\u00e1nica Anti Bacterias de grado alimentario libre de BPA, PVC, Ftalatos, Cadmio y Plomo.., 100% seguros para tus seres queridos. Precio inmejorable en todo mercado europeo.<\/p>\n<p>Material de silicona para crear chupeteros personalizados o juguetes de dentici\u00f3n para beb\u00e9s. Fabricado con silicona\u00a0 Org\u00e1nica Anti Bacterias de grado alimentario libre de BPA, PVC, Ftalatos, Cadmio y Plomo.., 100% seguros para tus seres queridos. Precio inmejorable en todo mercado europeo.<\/p>\n<p>&nbsp;<\/p>\n<ul>\n<li>MEDIDAS: 12mm x 6mm, medida interior: \u00d8 2mm.<\/li>\n<li>CANTIDAD: El paquete contiene 60 unidades en forma de \u00c1baco de silicona.<\/li>\n<li>Alivia la incomodidad de la dentici\u00f3n, mordedor de lactancia perfecto para que el beb\u00e9 mastique, un regalo inolvidable.<\/li>\n<li>Puede dise\u00f1ar collares, pulseras, chupeteros, entre otras piezas, son de color brillante hermoso atractivo. Ideal para beb\u00e9s.<\/li>\n<li>Sin olores ni toxinas. Con los certificados de calidad de la Uni\u00f3n Europea.<\/li>\n<li>No dejar las piezas sueltas al alcance de los ni\u00f1os, lavar, esterilizar las piezas antes de su uso, inspeccionar antes de usar, se puede lavar con jab\u00f3n suave o neutro, no usar productos abrasivos.<\/li>\n<\/ul>\n<p>&nbsp;<\/p>\n<p><img decoding=\"async\" src=\"https:\/\/www.rubyabalorios.com\/img\/cms\/logo2%5B1%5D.png\" alt=\"logo centro test internacional\" width=\"321\" height=\"76\" \/>\u00a0\u00a0 \u00a0 \u00a0 \u00a0 \u00a0 \u00a0 \u00a0 \u00a0 \u00a0 \u00a0 \u00a0 \u00a0\u00a0\u00a0<img decoding=\"async\" src=\"https:\/\/www.rubyabalorios.com\/img\/cms\/SELLOCTI1.jpg\" alt=\"\" width=\"79\" height=\"78\" \/><\/p>\n<p>&nbsp;<\/p>\n<p>Estos materiales son 100% Silicona Org\u00e1nica Anti Bacterias de grado alimentario libre de BPA, PVC, Ftalatos, Cadmio y Plomo..<\/p>\n<p>Estos materiales son aptos para la creaci\u00f3n de pulseras, collares, cuelga chupetes y juguetes para utilizar de mordedor.<\/p>\n<p><strong>ADVERTENCIA<\/strong><\/p>\n<p>No dejar las piezas sueltas al alcance de los ni\u00f1os, las piezas sueltas pueden provocar asfixias.<\/p>\n<p>Se recomienda esterilizar antes de dar al beb\u00e9 y mantener el producto limpio antes de su uso.<\/p>\n<p>De f\u00e1cil limpieza, con agua y jab\u00f3n,\u00a0<strong>NO USAR PRODUCTOS ABRASIVOS NI T\u00d3XICOS.<\/strong><\/p>\n<p><img decoding=\"async\" class=\"alignnone wp-image-49605 \" src=\"https:\/\/www.artestar.eu\/wp-content\/uploads\/2023\/12\/Lote-Abacos-de-silicona-azul.jpg\" alt=\"Lote 600 Cuentas \u00c1baco de Silicona Reino de las Nubes\" width=\"672\" height=\"672\" srcset=\"https:\/\/www.artestar.eu\/wp-content\/uploads\/2023\/12\/Lote-Abacos-de-silicona-azul.jpg 1000w, https:\/\/www.artestar.eu\/wp-content\/uploads\/2023\/12\/Lote-Abacos-de-silicona-azul-300x300.jpg 300w, https:\/\/www.artestar.eu\/wp-content\/uploads\/2023\/12\/Lote-Abacos-de-silicona-azul-150x150.jpg 150w, https:\/\/www.artestar.eu\/wp-content\/uploads\/2023\/12\/Lote-Abacos-de-silicona-azul-768x768.jpg 768w, https:\/\/www.artestar.eu\/wp-content\/uploads\/2023\/12\/Lote-Abacos-de-silicona-azul-450x450.jpg 450w, https:\/\/www.artestar.eu\/wp-content\/uploads\/2023\/12\/Lote-Abacos-de-silicona-azul-600x600.jpg 600w, https:\/\/www.artestar.eu\/wp-content\/uploads\/2023\/12\/Lote-Abacos-de-silicona-azul-54x54.jpg 54w\" sizes=\"(max-width: 672px) 100vw, 672px\" \/><\/p>\n<h3><strong>60 Cuentas \u00c1bacos silicona Reino de las Nubes para chupeteros<\/strong><\/h3>\n<p><strong>Especificaci\u00f3n<\/strong><\/p>\n<ul>\n<li>Pr\u00e1ctico para aliviar el dolor de la dentici\u00f3n de su beb\u00e9 cuando le est\u00e1 saliendo los dientes.<\/li>\n<li>Debe limpiarlo despu\u00e9s de cada uso y dejarlo secar al aire libre.<\/li>\n<li>Comprueba el estado de las bolas a menudo. No meter en el microondas.<\/li>\n<li>El color puede variar levemente debido a su la configuraci\u00f3n de la pantalla.<\/li>\n<li>El comprador asume toda la responsabilidad respecto al uso del producto.<\/li>\n<li>Si alg\u00fan da\u00f1o o p\u00e9rdida es causado por la negligencia del comprador, el vendedor no ser\u00e1 responsable.<\/li>\n<\/ul>\n<p><strong>Consejos<\/strong><\/p>\n<ul>\n<li>Si desea limpiar las cuentas de madera, l\u00edmpielas suavemente con una toalla h\u00fameda.<\/li>\n<li>\n<div class=\"okr-block-clipboard\" data-okr=\"%7B%22okrDelta%22%3A%5B%7B%22lineType%22%3A%22text%22%2C%22lineOptions%22%3A%7B%7D%2C%22lineContent%22%3A%5B%7B%22opType%22%3A%22text%22%2C%22options%22%3A%7B%22text%22%3A%22No%20sumerja%20ni%20remoje%20ning%C3%BAn%20art%C3%ADculos%20de%20madera%20en%20el%20agua.%20Tampoco%20los%20poner%20en%20la%20navera%20o%20la%20lavavajillas.%22%7D%7D%5D%7D%2C%7B%22lineType%22%3A%22text%22%2C%22lineOptions%22%3A%7B%7D%2C%22lineContent%22%3A%5B%7B%22opType%22%3A%22text%22%2C%22options%22%3A%7B%22text%22%3A%22Los%20art%C3%ADculos%20de%20madera%20est%C3%A1n%20hechos%20de%20madera%20natural%20y%2C%20por%20lo%20tanto%2C%20pueden%20ocurrir%20algunas%20variaciones%2C%20por%20lo%20que%20deben%20manipularse%20con%20cuidado%20para%20evitar%20da%C3%B1os.%22%7D%7D%5D%7D%5D%2C%22businessKey%22%3A%22lark-doc%22%7D\">No los lave directamente en el agua, lo que afectar\u00e1 el brillo original de la madera.<\/div>\n<\/li>\n<li>No sumerja ni remoje ning\u00fan art\u00edculos de madera en el agua. Tampoco los poner en la nevera o la lavavajillas.<\/li>\n<li>Los art\u00edculos de madera est\u00e1n hechos de madera natural, por lo que podr\u00edan ocurrir algunas variaciones y deben manipularse con cuidado para evitar da\u00f1os.<\/li>\n<\/ul>\n","protected":false},"excerpt":{"rendered":"<p><strong>Medidas:<\/strong> 12mm x 6mm<\/p>\n<p><strong>Medida Interior: <\/strong>\u00d8 2mm<\/p>\n<p><strong>Cantidad:<\/strong> 60<strong>\u00a0<\/strong>uds.<\/p>\n<p><strong>Material:<\/strong> Silicona<\/p>\n","protected":false},"featured_media":49605,"comment_status":"closed","ping_status":"closed","template":"","meta":[],"product_cat":[3146,3213,3145],"product_tag":[],"yoast_head":"<!-- This site is optimized with the Yoast SEO Premium plugin v20.5 (Yoast SEO v21.5) - https:\/\/yoast.com\/wordpress\/plugins\/seo\/ -->\n<title>\u00c1baco Silicona Azul Pastel Separadores para Beb\u00e9<\/title>\n<meta name=\"description\" content=\"Lote 60pcs Cuenta \u00c1baco Silicona Azul Pastel Separadores para Beb\u00e9, Silicona Abaco para Mordedores, Dentici\u00f3n Cuentas Abaco de Silicona\" \/>\n<meta name=\"robots\" content=\"index, follow, max-snippet:-1, max-image-preview:large, max-video-preview:-1\" \/>\n<link rel=\"canonical\" href=\"https:\/\/www.artestar.eu\/fr\/al-por-mayor\/lote-60-cuentas-abaco-de-silicona-reino-de-las-nubes\/\" \/>\n<meta property=\"og:locale\" content=\"fr_FR\" \/>\n<meta property=\"og:type\" content=\"article\" \/>\n<meta property=\"og:title\" content=\"Lote 60 Cuentas \u00c1baco de Silicona 12mm Reino de las Nubes\" \/>\n<meta property=\"og:description\" content=\"Lote 60pcs Cuenta \u00c1baco Silicona Azul Pastel Separadores para Beb\u00e9, Silicona Abaco para Mordedores, Dentici\u00f3n Cuentas Abaco de Silicona\" \/>\n<meta property=\"og:url\" content=\"https:\/\/www.artestar.eu\/fr\/al-por-mayor\/lote-60-cuentas-abaco-de-silicona-reino-de-las-nubes\/\" \/>\n<meta property=\"og:site_name\" content=\"Artestar\" \/>\n<meta property=\"article:publisher\" content=\"https:\/\/www.facebook.com\/ARTESTAREU\" \/>\n<meta property=\"article:modified_time\" content=\"2023-12-13T13:43:19+00:00\" \/>\n<meta property=\"og:image\" content=\"https:\/\/www.artestar.eu\/wp-content\/uploads\/2023\/12\/Lote-Abacos-de-silicona-azul.jpg\" \/>\n\t<meta property=\"og:image:width\" content=\"1000\" \/>\n\t<meta property=\"og:image:height\" content=\"1000\" \/>\n\t<meta property=\"og:image:type\" content=\"image\/jpeg\" \/>\n<meta name=\"twitter:card\" content=\"summary_large_image\" \/>\n<meta name=\"twitter:label1\" content=\"Prix\" \/>\n\t<meta name=\"twitter:data1\" content=\"7,19&nbsp;&euro; (TVA NON incluse)\" \/>\n\t<meta name=\"twitter:label2\" content=\"Availability\" \/>\n\t<meta name=\"twitter:data2\" content=\"En stock\" \/>\n<script type=\"application\/ld+json\" class=\"yoast-schema-graph\">{\"@context\":\"https:\/\/schema.org\",\"@graph\":[{\"@type\":\"WebPage\",\"@id\":\"https:\/\/www.artestar.eu\/fr\/al-por-mayor\/lote-60-cuentas-abaco-de-silicona-reino-de-las-nubes\/\",\"url\":\"https:\/\/www.artestar.eu\/fr\/al-por-mayor\/lote-60-cuentas-abaco-de-silicona-reino-de-las-nubes\/\",\"name\":\"\u00c1baco Silicona Azul Pastel Separadores para Beb\u00e9\",\"isPartOf\":{\"@id\":\"https:\/\/www.artestar.eu\/fr\/#website\"},\"datePublished\":\"2023-12-04T14:39:51+00:00\",\"dateModified\":\"2023-12-13T13:43:19+00:00\",\"description\":\"Lote 60pcs Cuenta \u00c1baco Silicona Azul Pastel Separadores para Beb\u00e9, Silicona Abaco para Mordedores, Dentici\u00f3n Cuentas Abaco de Silicona\",\"breadcrumb\":{\"@id\":\"https:\/\/www.artestar.eu\/fr\/al-por-mayor\/lote-60-cuentas-abaco-de-silicona-reino-de-las-nubes\/#breadcrumb\"},\"inLanguage\":\"fr-FR\",\"potentialAction\":[{\"@type\":\"ReadAction\",\"target\":[\"https:\/\/www.artestar.eu\/fr\/al-por-mayor\/lote-60-cuentas-abaco-de-silicona-reino-de-las-nubes\/\"]}]},{\"@type\":\"BreadcrumbList\",\"@id\":\"https:\/\/www.artestar.eu\/fr\/al-por-mayor\/lote-60-cuentas-abaco-de-silicona-reino-de-las-nubes\/#breadcrumb\",\"itemListElement\":[{\"@type\":\"ListItem\",\"position\":1,\"name\":\"Artestar\",\"item\":\"https:\/\/www.artestar.eu\/fr\/\"},{\"@type\":\"ListItem\",\"position\":2,\"name\":\"De gros\",\"item\":\"https:\/\/www.artestar.eu\/fr\/de-gros\/\"},{\"@type\":\"ListItem\",\"position\":3,\"name\":\"Lote 60 Cuentas \u00c1baco de Silicona 12mm Reino de las Nubes\"}]},{\"@type\":\"WebSite\",\"@id\":\"https:\/\/www.artestar.eu\/fr\/#website\",\"url\":\"https:\/\/www.artestar.eu\/fr\/\",\"name\":\"Artestar\",\"description\":\"Mayorista en abalorios y joyer\u00eda\",\"publisher\":{\"@id\":\"https:\/\/www.artestar.eu\/fr\/#organization\"},\"alternateName\":\"Artestar-EU\",\"potentialAction\":[{\"@type\":\"SearchAction\",\"target\":{\"@type\":\"EntryPoint\",\"urlTemplate\":\"https:\/\/www.artestar.eu\/fr\/?s={search_term_string}\"},\"query-input\":\"required name=search_term_string\"}],\"inLanguage\":\"fr-FR\"},{\"@type\":[\"Organization\",\"Place\"],\"@id\":\"https:\/\/www.artestar.eu\/fr\/#organization\",\"name\":\"RUBY ABALORIO S.L.\",\"alternateName\":\"Artestar\",\"url\":\"https:\/\/www.artestar.eu\/fr\/\",\"logo\":{\"@id\":\"https:\/\/www.artestar.eu\/fr\/al-por-mayor\/lote-60-cuentas-abaco-de-silicona-reino-de-las-nubes\/#local-main-organization-logo\"},\"image\":{\"@id\":\"https:\/\/www.artestar.eu\/fr\/al-por-mayor\/lote-60-cuentas-abaco-de-silicona-reino-de-las-nubes\/#local-main-organization-logo\"},\"sameAs\":[\"https:\/\/www.facebook.com\/ARTESTAREU\",\"https:\/\/www.instagram.com\/artestareu\/\",\"https:\/\/www.pinterest.es\/artestar_eu\/\",\"https:\/\/www.tiktok.com\/@artestar_wholesale\"],\"openingHoursSpecification\":[{\"@type\":\"OpeningHoursSpecification\",\"dayOfWeek\":[\"Monday\",\"Tuesday\",\"Wednesday\",\"Thursday\",\"Friday\",\"Saturday\",\"Sunday\"],\"opens\":\"09:00\",\"closes\":\"17:00\"}]},{\"@type\":\"ImageObject\",\"inLanguage\":\"fr-FR\",\"@id\":\"https:\/\/www.artestar.eu\/fr\/al-por-mayor\/lote-60-cuentas-abaco-de-silicona-reino-de-las-nubes\/#local-main-organization-logo\",\"url\":\"https:\/\/www.artestar.eu\/wp-content\/uploads\/2023\/05\/cropped-png.png\",\"contentUrl\":\"https:\/\/www.artestar.eu\/wp-content\/uploads\/2023\/05\/cropped-png.png\",\"width\":512,\"height\":512,\"caption\":\"RUBY ABALORIO S.L.\"}]}<\/script>\n<meta property=\"product:price:amount\" content=\"7.19\" \/>\n<meta property=\"product:price:currency\" content=\"EUR\" \/>\n<meta property=\"og:availability\" content=\"instock\" \/>\n<meta property=\"product:availability\" content=\"instock\" \/>\n<meta property=\"product:retailer_item_id\" content=\"338\" \/>\n<meta property=\"product:condition\" content=\"new\" \/>\n<!-- \/ Yoast SEO Premium plugin. -->","yoast_head_json":{"title":"\u00c1baco Silicona Azul Pastel Separadores para Beb\u00e9","description":"Lote 60pcs Cuenta \u00c1baco Silicona Azul Pastel Separadores para Beb\u00e9, Silicona Abaco para Mordedores, Dentici\u00f3n Cuentas Abaco de Silicona","robots":{"index":"index","follow":"follow","max-snippet":"max-snippet:-1","max-image-preview":"max-image-preview:large","max-video-preview":"max-video-preview:-1"},"canonical":"https:\/\/www.artestar.eu\/fr\/al-por-mayor\/lote-60-cuentas-abaco-de-silicona-reino-de-las-nubes\/","og_locale":"fr_FR","og_type":"article","og_title":"Lote 60 Cuentas \u00c1baco de Silicona 12mm Reino de las Nubes","og_description":"Lote 60pcs Cuenta \u00c1baco Silicona Azul Pastel Separadores para Beb\u00e9, Silicona Abaco para Mordedores, Dentici\u00f3n Cuentas Abaco de Silicona","og_url":"https:\/\/www.artestar.eu\/fr\/al-por-mayor\/lote-60-cuentas-abaco-de-silicona-reino-de-las-nubes\/","og_site_name":"Artestar","article_publisher":"https:\/\/www.facebook.com\/ARTESTAREU","article_modified_time":"2023-12-13T13:43:19+00:00","og_image":[{"width":1000,"height":1000,"url":"https:\/\/www.artestar.eu\/wp-content\/uploads\/2023\/12\/Lote-Abacos-de-silicona-azul.jpg","type":"image\/jpeg"}],"twitter_card":"summary_large_image","twitter_misc":{"Prix":"7,19&nbsp;&euro; (TVA NON incluse)","Availability":"En stock"},"schema":{"@context":"https:\/\/schema.org","@graph":[{"@type":"WebPage","@id":"https:\/\/www.artestar.eu\/fr\/al-por-mayor\/lote-60-cuentas-abaco-de-silicona-reino-de-las-nubes\/","url":"https:\/\/www.artestar.eu\/fr\/al-por-mayor\/lote-60-cuentas-abaco-de-silicona-reino-de-las-nubes\/","name":"\u00c1baco Silicona Azul Pastel Separadores para Beb\u00e9","isPartOf":{"@id":"https:\/\/www.artestar.eu\/fr\/#website"},"datePublished":"2023-12-04T14:39:51+00:00","dateModified":"2023-12-13T13:43:19+00:00","description":"Lote 60pcs Cuenta \u00c1baco Silicona Azul Pastel Separadores para Beb\u00e9, Silicona Abaco para Mordedores, Dentici\u00f3n Cuentas Abaco de Silicona","breadcrumb":{"@id":"https:\/\/www.artestar.eu\/fr\/al-por-mayor\/lote-60-cuentas-abaco-de-silicona-reino-de-las-nubes\/#breadcrumb"},"inLanguage":"fr-FR","potentialAction":[{"@type":"ReadAction","target":["https:\/\/www.artestar.eu\/fr\/al-por-mayor\/lote-60-cuentas-abaco-de-silicona-reino-de-las-nubes\/"]}]},{"@type":"BreadcrumbList","@id":"https:\/\/www.artestar.eu\/fr\/al-por-mayor\/lote-60-cuentas-abaco-de-silicona-reino-de-las-nubes\/#breadcrumb","itemListElement":[{"@type":"ListItem","position":1,"name":"Artestar","item":"https:\/\/www.artestar.eu\/fr\/"},{"@type":"ListItem","position":2,"name":"De gros","item":"https:\/\/www.artestar.eu\/fr\/de-gros\/"},{"@type":"ListItem","position":3,"name":"Lote 60 Cuentas \u00c1baco de Silicona 12mm Reino de las Nubes"}]},{"@type":"WebSite","@id":"https:\/\/www.artestar.eu\/fr\/#website","url":"https:\/\/www.artestar.eu\/fr\/","name":"Artestar","description":"Mayorista en abalorios y joyer\u00eda","publisher":{"@id":"https:\/\/www.artestar.eu\/fr\/#organization"},"alternateName":"Artestar-EU","potentialAction":[{"@type":"SearchAction","target":{"@type":"EntryPoint","urlTemplate":"https:\/\/www.artestar.eu\/fr\/?s={search_term_string}"},"query-input":"required name=search_term_string"}],"inLanguage":"fr-FR"},{"@type":["Organization","Place"],"@id":"https:\/\/www.artestar.eu\/fr\/#organization","name":"RUBY ABALORIO S.L.","alternateName":"Artestar","url":"https:\/\/www.artestar.eu\/fr\/","logo":{"@id":"https:\/\/www.artestar.eu\/fr\/al-por-mayor\/lote-60-cuentas-abaco-de-silicona-reino-de-las-nubes\/#local-main-organization-logo"},"image":{"@id":"https:\/\/www.artestar.eu\/fr\/al-por-mayor\/lote-60-cuentas-abaco-de-silicona-reino-de-las-nubes\/#local-main-organization-logo"},"sameAs":["https:\/\/www.facebook.com\/ARTESTAREU","https:\/\/www.instagram.com\/artestareu\/","https:\/\/www.pinterest.es\/artestar_eu\/","https:\/\/www.tiktok.com\/@artestar_wholesale"],"openingHoursSpecification":[{"@type":"OpeningHoursSpecification","dayOfWeek":["Monday","Tuesday","Wednesday","Thursday","Friday","Saturday","Sunday"],"opens":"09:00","closes":"17:00"}]},{"@type":"ImageObject","inLanguage":"fr-FR","@id":"https:\/\/www.artestar.eu\/fr\/al-por-mayor\/lote-60-cuentas-abaco-de-silicona-reino-de-las-nubes\/#local-main-organization-logo","url":"https:\/\/www.artestar.eu\/wp-content\/uploads\/2023\/05\/cropped-png.png","contentUrl":"https:\/\/www.artestar.eu\/wp-content\/uploads\/2023\/05\/cropped-png.png","width":512,"height":512,"caption":"RUBY ABALORIO S.L."}]},"product_price_amount":"7.19","product_price_currency":"EUR","og_availability":"instock","product_availability":"instock","product_retailer_item_id":"338","product_condition":"new"},"tiered_pricing_type":"fixed","tiered_pricing_fixed_rules":[],"tiered_pricing_percentage_rules":[],"tiered_pricing_minimum":null,"_administrator_tiered_pricing_type":"fixed","_administrator_tiered_pricing_fixed_rules":[],"_editor_tiered_pricing_type":"fixed","_editor_tiered_pricing_fixed_rules":[],"_author_tiered_pricing_type":"fixed","_author_tiered_pricing_fixed_rules":[],"_contributor_tiered_pricing_type":"fixed","_contributor_tiered_pricing_fixed_rules":[],"_subscriber_tiered_pricing_type":"fixed","_subscriber_tiered_pricing_fixed_rules":[],"_wpseo_manager_tiered_pricing_type":"fixed","_wpseo_manager_tiered_pricing_fixed_rules":[],"_wpseo_editor_tiered_pricing_type":"fixed","_wpseo_editor_tiered_pricing_fixed_rules":[],"_customer_tiered_pricing_type":"fixed","_customer_tiered_pricing_fixed_rules":[],"_shop_manager_tiered_pricing_type":"fixed","_shop_manager_tiered_pricing_fixed_rules":[],"_product_manager_tiered_pricing_type":"fixed","_product_manager_tiered_pricing_fixed_rules":[],"_links":{"self":[{"href":"https:\/\/www.artestar.eu\/fr\/wp-json\/wp\/v2\/product\/49458"}],"collection":[{"href":"https:\/\/www.artestar.eu\/fr\/wp-json\/wp\/v2\/product"}],"about":[{"href":"https:\/\/www.artestar.eu\/fr\/wp-json\/wp\/v2\/types\/product"}],"replies":[{"embeddable":true,"href":"https:\/\/www.artestar.eu\/fr\/wp-json\/wp\/v2\/comments?post=49458"}],"version-history":[{"count":4,"href":"https:\/\/www.artestar.eu\/fr\/wp-json\/wp\/v2\/product\/49458\/revisions"}],"predecessor-version":[{"id":57690,"href":"https:\/\/www.artestar.eu\/fr\/wp-json\/wp\/v2\/product\/49458\/revisions\/57690"}],"wp:featuredmedia":[{"embeddable":true,"href":"https:\/\/www.artestar.eu\/fr\/wp-json\/wp\/v2\/media\/49605"}],"wp:attachment":[{"href":"https:\/\/www.artestar.eu\/fr\/wp-json\/wp\/v2\/media?parent=49458"}],"wp:term":[{"taxonomy":"product_cat","embeddable":true,"href":"https:\/\/www.artestar.eu\/fr\/wp-json\/wp\/v2\/product_cat?post=49458"},{"taxonomy":"product_tag","embeddable":true,"href":"https:\/\/www.artestar.eu\/fr\/wp-json\/wp\/v2\/product_tag?post=49458"}],"curies":[{"name":"wp","href":"https:\/\/api.w.org\/{rel}","templated":true}]}}