{"id":52470,"date":"2023-12-07T09:24:56","date_gmt":"2023-12-07T09:24:56","guid":{"rendered":"https:\/\/www.artestar.eu\/?post_type=product&#038;p=52470"},"modified":"2023-12-13T15:24:06","modified_gmt":"2023-12-13T15:24:06","slug":"lote-160-pinzas-chupetero-color-liso","status":"publish","type":"product","link":"https:\/\/www.artestar.eu\/fr\/al-por-mayor\/lote-160-pinzas-chupetero-color-liso\/","title":{"rendered":"Lote 160 Pinzas Chupetero Color Liso"},"content":{"rendered":"<p><strong>160 Pinzas de pl\u00e1stico para chupetero color liso<\/strong><\/p>\n<p>Accesorio de cadena para chupete: Pinza para chupeteros, son muy f\u00e1ciles de abrir y cerrar y no se caen f\u00e1cilmente una vez aseguradas, para que puedas utilizarlas para hacer cadena de chupete, cadena para cochecito , mordedores y juguetes para beb\u00e9. La apertura de 4.5 cm tambi\u00e9n permite fijarlos a las capotas m\u00e1s anchas o a los manillares. No es t\u00f3xico ni tiene olor, es sano y respetuoso con el medio ambiente, la superficie del pinza madera chupetero est\u00e1 cuidadosamente pulida, no raya la piel del beb\u00e9, son seguros para el beb\u00e9.<\/p>\n<ul>\n<li>Cantidad: 160 unidades, f\u00e1ciles de combinar y usar.<\/li>\n<li>Tama\u00f1o: 43 x 25 x 10mm.\u00a0 colores disponibles: azul pastel, menta, violeta, blanco<\/li>\n<li>Material: pl\u00e1stico, no t\u00f3xico, no BPA, el acabado bien pulido, son seguros para el beb\u00e9.<\/li>\n<li>Buena calidad: Pinza fabricada en metal, f\u00e1cil de limpiar y esterilizar, no se suelta f\u00e1cilmente, y no deja rastro en la ropa de tu beb\u00e9 cuando se usa como chupeteros<\/li>\n<li>El regalo perfecto para el beb\u00e9: las Pinzas de Chupetero de pl\u00e1stico es el juguete perfecto para su hijo, o como regalo para un amigo.<\/li>\n<li>Hay un peque\u00f1o orificio al final de los clips, puede atar los juguetes con clips de la p\u00e9rdida, colgar juguetes, o cordones de mu\u00f1ecos, m\u00f3viles, etc&#8230;<\/li>\n<\/ul>\n<p>&nbsp;<\/p>\n<p><strong>ADVERTENCIA<\/strong><\/p>\n<p>No dejar las piezas sueltas al alcance de los ni\u00f1os, las piezas sueltas pueden provocar asfixias.<\/p>\n<p>Se recomienda esterilizar antes de dar al beb\u00e9 y mantener el producto limpio antes de su uso.<\/p>\n<p>De f\u00e1cil limpieza, con agua y jab\u00f3n,<strong>\u00a0NO USAR PRODUCTOS ABRASIVOS NI T\u00d3XICOS.<\/strong><\/p>\n<p><img decoding=\"async\" class=\"alignnone wp-image-37499\" src=\"https:\/\/www.rubydiy.com\/wp-content\/uploads\/2020\/11\/30496-300x300.png\" alt=\"\" width=\"240\" height=\"240\" \/><img decoding=\"async\" class=\"alignnone wp-image-37505\" src=\"https:\/\/www.rubydiy.com\/wp-content\/uploads\/2020\/11\/30507-300x300.png\" alt=\"\" width=\"240\" height=\"240\" \/><img decoding=\"async\" class=\"alignnone wp-image-37511\" src=\"https:\/\/www.rubydiy.com\/wp-content\/uploads\/2020\/11\/30504-300x300.png\" alt=\"Pinzas Chupetero pl\u00e1stico color liso\" width=\"240\" height=\"240\" \/><img decoding=\"async\" class=\"alignnone wp-image-37517\" src=\"https:\/\/www.rubydiy.com\/wp-content\/uploads\/2020\/11\/CH3001LOT-blanco-300x300-1.jpg\" alt=\"Pinzas Chupetero pl\u00e1stico color liso\" width=\"240\" height=\"240\" \/><img decoding=\"async\" class=\"alignnone wp-image-37523\" src=\"https:\/\/www.rubydiy.com\/wp-content\/uploads\/2020\/11\/30493-300x300.png\" alt=\"Pinzas Chupetero pl\u00e1stico color liso\" width=\"240\" height=\"240\" \/><img decoding=\"async\" class=\"alignnone wp-image-37529\" src=\"https:\/\/www.rubydiy.com\/wp-content\/uploads\/2020\/11\/30502-300x300.png\" alt=\"Pinzas Chupetero pl\u00e1stico color liso\" width=\"240\" height=\"240\" \/><\/p>\n<h3><strong>Pinzas chupetero pl\u00e1stico <\/strong><\/h3>\n<p><strong>Especificaci\u00f3n<\/strong><\/p>\n<ul>\n<li>Limpieza: debe ser esterilizado con agua y jab\u00f3n neutro antes de cada uso.<\/li>\n<li>Debe limpiarlo despu\u00e9s de cada uso y dejarlo secar al aire libre.<\/li>\n<li>Comprueba el estado de la pinza a menudo. No meter en el microondas.<\/li>\n<li>El color puede variar levemente debido a su la configuraci\u00f3n de la pantalla.<\/li>\n<li>El Comprador asume toda la responsabilidad respecto al uso del producto.<\/li>\n<li>Si alg\u00fan da\u00f1o o p\u00e9rdida es causado por la negligencia del comprador, el vendedor no ser\u00e1 responsable.<\/li>\n<\/ul>\n","protected":false},"excerpt":{"rendered":"<p><strong>Medidas:\u00a0<\/strong>\u00a043mm x 25mm x 10mm<\/p>\n<p><strong>Medida Interior:<\/strong>\u00a020mm<\/p>\n<p><strong>Cantidad:<\/strong>\u00a0160<strong>\u00a0<\/strong>uds.<\/p>\n<p><strong>Material:<\/strong>\u00a0Pl\u00e1stico<\/p>\n<ul>\n<li><span class=\"a-list-item\">Lote de 16 pinzas de pl\u00e1stico de color liso<\/span><\/li>\n<li><span class=\"a-list-item\">Cierre especial para beb\u00e9 con cierre de seguridad<\/span><\/li>\n<li><span class=\"a-list-item\">Cierre de forma plana y redondeada para no da\u00f1ar al beb\u00e9<\/span><\/li>\n<\/ul>\n<p>&nbsp;<\/p>\n","protected":false},"featured_media":52649,"comment_status":"closed","ping_status":"closed","template":"","meta":[],"product_cat":[3145,3693],"product_tag":[],"yoast_head":"<!-- This site is optimized with the Yoast SEO Premium plugin v20.5 (Yoast SEO v21.5) - https:\/\/yoast.com\/wordpress\/plugins\/seo\/ -->\n<title>160 Pinzas de pl\u00e1stico para chupetero color liso - Artestar<\/title>\n<meta name=\"description\" content=\"16pcs Pinzas Chupetero Pl\u00e1stico Color Liso, colores Pinzas Pl\u00e1stico para sujetar Chupetero, Pinza Chupete en Pl\u00e1stico para bebe,\" \/>\n<meta name=\"robots\" content=\"index, follow, max-snippet:-1, max-image-preview:large, max-video-preview:-1\" \/>\n<link rel=\"canonical\" href=\"https:\/\/www.artestar.eu\/fr\/al-por-mayor\/lote-160-pinzas-chupetero-color-liso\/\" \/>\n<meta property=\"og:locale\" content=\"fr_FR\" \/>\n<meta property=\"og:type\" content=\"article\" \/>\n<meta property=\"og:title\" content=\"Lote 160 Pinzas Chupetero Color Liso\" \/>\n<meta property=\"og:description\" content=\"16pcs Pinzas Chupetero Pl\u00e1stico Color Liso, colores Pinzas Pl\u00e1stico para sujetar Chupetero, Pinza Chupete en Pl\u00e1stico para bebe,\" \/>\n<meta property=\"og:url\" content=\"https:\/\/www.artestar.eu\/fr\/al-por-mayor\/lote-160-pinzas-chupetero-color-liso\/\" \/>\n<meta property=\"og:site_name\" content=\"Artestar\" \/>\n<meta property=\"article:publisher\" content=\"https:\/\/www.facebook.com\/ARTESTAREU\" \/>\n<meta property=\"article:modified_time\" content=\"2023-12-13T15:24:06+00:00\" \/>\n<meta property=\"og:image\" content=\"https:\/\/www.artestar.eu\/wp-content\/uploads\/2023\/12\/lote-16-pinzas-chupetes-de-plastico.jpg\" \/>\n\t<meta property=\"og:image:width\" content=\"1000\" \/>\n\t<meta property=\"og:image:height\" content=\"1000\" \/>\n\t<meta property=\"og:image:type\" content=\"image\/jpeg\" \/>\n<meta name=\"twitter:card\" content=\"summary_large_image\" \/>\n<meta name=\"twitter:label1\" content=\"Availability\" \/>\n\t<meta name=\"twitter:data1\" content=\"En stock\" \/>\n<script type=\"application\/ld+json\" class=\"yoast-schema-graph\">{\"@context\":\"https:\/\/schema.org\",\"@graph\":[{\"@type\":\"WebPage\",\"@id\":\"https:\/\/www.artestar.eu\/fr\/al-por-mayor\/lote-160-pinzas-chupetero-color-liso\/\",\"url\":\"https:\/\/www.artestar.eu\/fr\/al-por-mayor\/lote-160-pinzas-chupetero-color-liso\/\",\"name\":\"160 Pinzas de pl\u00e1stico para chupetero color liso - Artestar\",\"isPartOf\":{\"@id\":\"https:\/\/www.artestar.eu\/fr\/#website\"},\"datePublished\":\"2023-12-07T09:24:56+00:00\",\"dateModified\":\"2023-12-13T15:24:06+00:00\",\"description\":\"16pcs Pinzas Chupetero Pl\u00e1stico Color Liso, colores Pinzas Pl\u00e1stico para sujetar Chupetero, Pinza Chupete en Pl\u00e1stico para bebe,\",\"breadcrumb\":{\"@id\":\"https:\/\/www.artestar.eu\/fr\/al-por-mayor\/lote-160-pinzas-chupetero-color-liso\/#breadcrumb\"},\"inLanguage\":\"fr-FR\",\"potentialAction\":[{\"@type\":\"ReadAction\",\"target\":[\"https:\/\/www.artestar.eu\/fr\/al-por-mayor\/lote-160-pinzas-chupetero-color-liso\/\"]}]},{\"@type\":\"BreadcrumbList\",\"@id\":\"https:\/\/www.artestar.eu\/fr\/al-por-mayor\/lote-160-pinzas-chupetero-color-liso\/#breadcrumb\",\"itemListElement\":[{\"@type\":\"ListItem\",\"position\":1,\"name\":\"Artestar\",\"item\":\"https:\/\/www.artestar.eu\/fr\/\"},{\"@type\":\"ListItem\",\"position\":2,\"name\":\"De gros\",\"item\":\"https:\/\/www.artestar.eu\/fr\/de-gros\/\"},{\"@type\":\"ListItem\",\"position\":3,\"name\":\"Lote 160 Pinzas Chupetero Color Liso\"}]},{\"@type\":\"WebSite\",\"@id\":\"https:\/\/www.artestar.eu\/fr\/#website\",\"url\":\"https:\/\/www.artestar.eu\/fr\/\",\"name\":\"Artestar\",\"description\":\"Mayorista en abalorios y joyer\u00eda\",\"publisher\":{\"@id\":\"https:\/\/www.artestar.eu\/fr\/#organization\"},\"alternateName\":\"Artestar-EU\",\"potentialAction\":[{\"@type\":\"SearchAction\",\"target\":{\"@type\":\"EntryPoint\",\"urlTemplate\":\"https:\/\/www.artestar.eu\/fr\/?s={search_term_string}\"},\"query-input\":\"required name=search_term_string\"}],\"inLanguage\":\"fr-FR\"},{\"@type\":[\"Organization\",\"Place\"],\"@id\":\"https:\/\/www.artestar.eu\/fr\/#organization\",\"name\":\"RUBY ABALORIO S.L.\",\"alternateName\":\"Artestar\",\"url\":\"https:\/\/www.artestar.eu\/fr\/\",\"logo\":{\"@id\":\"https:\/\/www.artestar.eu\/fr\/al-por-mayor\/lote-160-pinzas-chupetero-color-liso\/#local-main-organization-logo\"},\"image\":{\"@id\":\"https:\/\/www.artestar.eu\/fr\/al-por-mayor\/lote-160-pinzas-chupetero-color-liso\/#local-main-organization-logo\"},\"sameAs\":[\"https:\/\/www.facebook.com\/ARTESTAREU\",\"https:\/\/www.instagram.com\/artestareu\/\",\"https:\/\/www.pinterest.es\/artestar_eu\/\",\"https:\/\/www.tiktok.com\/@artestar_wholesale\"],\"openingHoursSpecification\":[{\"@type\":\"OpeningHoursSpecification\",\"dayOfWeek\":[\"Monday\",\"Tuesday\",\"Wednesday\",\"Thursday\",\"Friday\",\"Saturday\",\"Sunday\"],\"opens\":\"09:00\",\"closes\":\"17:00\"}]},{\"@type\":\"ImageObject\",\"inLanguage\":\"fr-FR\",\"@id\":\"https:\/\/www.artestar.eu\/fr\/al-por-mayor\/lote-160-pinzas-chupetero-color-liso\/#local-main-organization-logo\",\"url\":\"https:\/\/www.artestar.eu\/wp-content\/uploads\/2023\/05\/cropped-png.png\",\"contentUrl\":\"https:\/\/www.artestar.eu\/wp-content\/uploads\/2023\/05\/cropped-png.png\",\"width\":512,\"height\":512,\"caption\":\"RUBY ABALORIO S.L.\"}]}<\/script>\n<meta property=\"og:availability\" content=\"instock\" \/>\n<meta property=\"product:availability\" content=\"instock\" \/>\n<meta property=\"product:retailer_item_id\" content=\"SP0141P\" \/>\n<meta property=\"product:condition\" content=\"new\" \/>\n<!-- \/ Yoast SEO Premium plugin. -->","yoast_head_json":{"title":"160 Pinzas de pl\u00e1stico para chupetero color liso - Artestar","description":"16pcs Pinzas Chupetero Pl\u00e1stico Color Liso, colores Pinzas Pl\u00e1stico para sujetar Chupetero, Pinza Chupete en Pl\u00e1stico para bebe,","robots":{"index":"index","follow":"follow","max-snippet":"max-snippet:-1","max-image-preview":"max-image-preview:large","max-video-preview":"max-video-preview:-1"},"canonical":"https:\/\/www.artestar.eu\/fr\/al-por-mayor\/lote-160-pinzas-chupetero-color-liso\/","og_locale":"fr_FR","og_type":"article","og_title":"Lote 160 Pinzas Chupetero Color Liso","og_description":"16pcs Pinzas Chupetero Pl\u00e1stico Color Liso, colores Pinzas Pl\u00e1stico para sujetar Chupetero, Pinza Chupete en Pl\u00e1stico para bebe,","og_url":"https:\/\/www.artestar.eu\/fr\/al-por-mayor\/lote-160-pinzas-chupetero-color-liso\/","og_site_name":"Artestar","article_publisher":"https:\/\/www.facebook.com\/ARTESTAREU","article_modified_time":"2023-12-13T15:24:06+00:00","og_image":[{"width":1000,"height":1000,"url":"https:\/\/www.artestar.eu\/wp-content\/uploads\/2023\/12\/lote-16-pinzas-chupetes-de-plastico.jpg","type":"image\/jpeg"}],"twitter_card":"summary_large_image","twitter_misc":{"Availability":"En stock"},"schema":{"@context":"https:\/\/schema.org","@graph":[{"@type":"WebPage","@id":"https:\/\/www.artestar.eu\/fr\/al-por-mayor\/lote-160-pinzas-chupetero-color-liso\/","url":"https:\/\/www.artestar.eu\/fr\/al-por-mayor\/lote-160-pinzas-chupetero-color-liso\/","name":"160 Pinzas de pl\u00e1stico para chupetero color liso - Artestar","isPartOf":{"@id":"https:\/\/www.artestar.eu\/fr\/#website"},"datePublished":"2023-12-07T09:24:56+00:00","dateModified":"2023-12-13T15:24:06+00:00","description":"16pcs Pinzas Chupetero Pl\u00e1stico Color Liso, colores Pinzas Pl\u00e1stico para sujetar Chupetero, Pinza Chupete en Pl\u00e1stico para bebe,","breadcrumb":{"@id":"https:\/\/www.artestar.eu\/fr\/al-por-mayor\/lote-160-pinzas-chupetero-color-liso\/#breadcrumb"},"inLanguage":"fr-FR","potentialAction":[{"@type":"ReadAction","target":["https:\/\/www.artestar.eu\/fr\/al-por-mayor\/lote-160-pinzas-chupetero-color-liso\/"]}]},{"@type":"BreadcrumbList","@id":"https:\/\/www.artestar.eu\/fr\/al-por-mayor\/lote-160-pinzas-chupetero-color-liso\/#breadcrumb","itemListElement":[{"@type":"ListItem","position":1,"name":"Artestar","item":"https:\/\/www.artestar.eu\/fr\/"},{"@type":"ListItem","position":2,"name":"De gros","item":"https:\/\/www.artestar.eu\/fr\/de-gros\/"},{"@type":"ListItem","position":3,"name":"Lote 160 Pinzas Chupetero Color Liso"}]},{"@type":"WebSite","@id":"https:\/\/www.artestar.eu\/fr\/#website","url":"https:\/\/www.artestar.eu\/fr\/","name":"Artestar","description":"Mayorista en abalorios y joyer\u00eda","publisher":{"@id":"https:\/\/www.artestar.eu\/fr\/#organization"},"alternateName":"Artestar-EU","potentialAction":[{"@type":"SearchAction","target":{"@type":"EntryPoint","urlTemplate":"https:\/\/www.artestar.eu\/fr\/?s={search_term_string}"},"query-input":"required name=search_term_string"}],"inLanguage":"fr-FR"},{"@type":["Organization","Place"],"@id":"https:\/\/www.artestar.eu\/fr\/#organization","name":"RUBY ABALORIO S.L.","alternateName":"Artestar","url":"https:\/\/www.artestar.eu\/fr\/","logo":{"@id":"https:\/\/www.artestar.eu\/fr\/al-por-mayor\/lote-160-pinzas-chupetero-color-liso\/#local-main-organization-logo"},"image":{"@id":"https:\/\/www.artestar.eu\/fr\/al-por-mayor\/lote-160-pinzas-chupetero-color-liso\/#local-main-organization-logo"},"sameAs":["https:\/\/www.facebook.com\/ARTESTAREU","https:\/\/www.instagram.com\/artestareu\/","https:\/\/www.pinterest.es\/artestar_eu\/","https:\/\/www.tiktok.com\/@artestar_wholesale"],"openingHoursSpecification":[{"@type":"OpeningHoursSpecification","dayOfWeek":["Monday","Tuesday","Wednesday","Thursday","Friday","Saturday","Sunday"],"opens":"09:00","closes":"17:00"}]},{"@type":"ImageObject","inLanguage":"fr-FR","@id":"https:\/\/www.artestar.eu\/fr\/al-por-mayor\/lote-160-pinzas-chupetero-color-liso\/#local-main-organization-logo","url":"https:\/\/www.artestar.eu\/wp-content\/uploads\/2023\/05\/cropped-png.png","contentUrl":"https:\/\/www.artestar.eu\/wp-content\/uploads\/2023\/05\/cropped-png.png","width":512,"height":512,"caption":"RUBY ABALORIO S.L."}]},"og_availability":"instock","product_availability":"instock","product_retailer_item_id":"SP0141P","product_condition":"new"},"tiered_pricing_type":"fixed","tiered_pricing_fixed_rules":[],"tiered_pricing_percentage_rules":[],"tiered_pricing_minimum":null,"_administrator_tiered_pricing_type":"fixed","_administrator_tiered_pricing_fixed_rules":[],"_editor_tiered_pricing_type":"fixed","_editor_tiered_pricing_fixed_rules":[],"_author_tiered_pricing_type":"fixed","_author_tiered_pricing_fixed_rules":[],"_contributor_tiered_pricing_type":"fixed","_contributor_tiered_pricing_fixed_rules":[],"_subscriber_tiered_pricing_type":"fixed","_subscriber_tiered_pricing_fixed_rules":[],"_wpseo_manager_tiered_pricing_type":"fixed","_wpseo_manager_tiered_pricing_fixed_rules":[],"_wpseo_editor_tiered_pricing_type":"fixed","_wpseo_editor_tiered_pricing_fixed_rules":[],"_customer_tiered_pricing_type":"fixed","_customer_tiered_pricing_fixed_rules":[],"_shop_manager_tiered_pricing_type":"fixed","_shop_manager_tiered_pricing_fixed_rules":[],"_product_manager_tiered_pricing_type":"fixed","_product_manager_tiered_pricing_fixed_rules":[],"_links":{"self":[{"href":"https:\/\/www.artestar.eu\/fr\/wp-json\/wp\/v2\/product\/52470"}],"collection":[{"href":"https:\/\/www.artestar.eu\/fr\/wp-json\/wp\/v2\/product"}],"about":[{"href":"https:\/\/www.artestar.eu\/fr\/wp-json\/wp\/v2\/types\/product"}],"replies":[{"embeddable":true,"href":"https:\/\/www.artestar.eu\/fr\/wp-json\/wp\/v2\/comments?post=52470"}],"version-history":[{"count":3,"href":"https:\/\/www.artestar.eu\/fr\/wp-json\/wp\/v2\/product\/52470\/revisions"}],"predecessor-version":[{"id":53388,"href":"https:\/\/www.artestar.eu\/fr\/wp-json\/wp\/v2\/product\/52470\/revisions\/53388"}],"wp:featuredmedia":[{"embeddable":true,"href":"https:\/\/www.artestar.eu\/fr\/wp-json\/wp\/v2\/media\/52649"}],"wp:attachment":[{"href":"https:\/\/www.artestar.eu\/fr\/wp-json\/wp\/v2\/media?parent=52470"}],"wp:term":[{"taxonomy":"product_cat","embeddable":true,"href":"https:\/\/www.artestar.eu\/fr\/wp-json\/wp\/v2\/product_cat?post=52470"},{"taxonomy":"product_tag","embeddable":true,"href":"https:\/\/www.artestar.eu\/fr\/wp-json\/wp\/v2\/product_tag?post=52470"}],"curies":[{"name":"wp","href":"https:\/\/api.w.org\/{rel}","templated":true}]}}