{"id":53434,"date":"2023-12-11T08:47:04","date_gmt":"2023-12-11T08:47:04","guid":{"rendered":"https:\/\/www.artestar.eu\/?post_type=product&#038;p=53434"},"modified":"2023-12-14T08:33:55","modified_gmt":"2023-12-14T08:33:55","slug":"3pcs-cadena-chupete-bebe-chupetero-tela","status":"publish","type":"product","link":"https:\/\/www.artestar.eu\/fr\/al-por-mayor\/3pcs-cadena-chupete-bebe-chupetero-tela\/","title":{"rendered":"set de 3PCS Cadena Chupete Bebe Chupetero Tela"},"content":{"rendered":"<h3><strong>Cadena Chupete silicona y tela para Beb\u00e9<\/strong><\/h3>\n<p>Las cadenas de chupetero de silicona puede colocarse f\u00e1cilmente en la ropa, cuna o\u00a0 el cochecito del beb\u00e9. El dise\u00f1o es simple, <span class=\"a-list-item\">llamativo, sirve como juego y distracci\u00f3n para el ni\u00f1o y un gran accesorio de chupete para beb\u00e9s. L<\/span>iviano y pr\u00e1ctico, f\u00e1cil de transportar y el clip de acero inoxidable es m\u00e1s duradero.<\/p>\n<ul>\n<li>Cantidad:set de 3 piezas<\/li>\n<\/ul>\n<ul>\n<li>Cadena Chupete Bebe Chupetero Tela Son hechas a mano, las medidas pueden variar seg\u00fan la pieza.<\/li>\n<li>Seguridad de calidad: las cuentas de silicona del juego de cadena chupete bebe est\u00e1n hechas de silicona de grado alimenticio. La portachupetes tela est\u00e1 tejida a mano con hilo de algod\u00f3n puro, combinada con un clip chupetero de madera de haya, que es seguro, ecol\u00f3gico y duradero.<\/li>\n<li>La portachupete bebe se puede unir con chupete silicona, mordedor silicona bebe y teething toy. Fije la porta chupetes a la ropa, los cochecitos, las cunas o los asientos del autom\u00f3vil, para que su beb\u00e9 pueda jugar con los juguetes de la chupetero personalizado en cualquier momento.<\/li>\n<li>El regalo perfecto para los reci\u00e9n nacidos: son todos hechos a mano, muy pr\u00e1cticos e higi\u00e9nicos y no causar\u00e1n ning\u00fan da\u00f1o al beb\u00e9.<\/li>\n<li>Tambi\u00e9n es un regalo ideal para futuros padres o para el bautismo.<\/li>\n<li>El dise\u00f1o es simple,\u00a0llamativo y un gran accesorio de moda para beb\u00e9s. Liviano y pr\u00e1ctico, f\u00e1cil de transportar y el clip de acero inoxidable es m\u00e1s duradero.<\/li>\n<\/ul>\n<p><a href=\"https:\/\/www.rubydiy.com\/wp-content\/uploads\/2023\/01\/ea3dd19b-aef5-4ea3-bc4d-f31b4d453f06.jpg\">\u00a0 \u00a0 \u00a0 <\/a><a href=\"https:\/\/www.rubydiy.com\/wp-content\/uploads\/2023\/01\/ea3dd19b-aef5-4ea3-bc4d-f31b4d453f06.jpg\"><img decoding=\"async\" class=\"alignnone wp-image-60843\" src=\"https:\/\/www.rubydiy.com\/wp-content\/uploads\/2023\/01\/ea3dd19b-aef5-4ea3-bc4d-f31b4d453f06-300x300.jpg\" alt=\"Cadena Chupete Bebe Chupetero Tela\" width=\"320\" height=\"320\" \/> \u00a0 \u00a0 \u00a0 <\/a><a href=\"https:\/\/www.rubydiy.com\/wp-content\/uploads\/2023\/01\/835ec2da-113b-4bd8-a4b6-83b52dd84df7.jpg\"><img decoding=\"async\" class=\"alignnone wp-image-60801\" src=\"https:\/\/www.rubydiy.com\/wp-content\/uploads\/2023\/01\/835ec2da-113b-4bd8-a4b6-83b52dd84df7-300x300.jpg\" alt=\"\" width=\"320\" height=\"320\" \/>\u00a0 \u00a0 \u00a0 <\/a><img decoding=\"async\" class=\"alignnone wp-image-60777\" src=\"https:\/\/www.rubydiy.com\/wp-content\/uploads\/2023\/01\/4a4b6639-4ea9-41ed-844e-fa73b15a81f2-300x300.jpg\" alt=\"\" width=\"320\" height=\"320\" \/><\/p>\n<p>&nbsp;<\/p>\n<h3><strong>Chupetero silicona y tela para Beb\u00e9<\/strong><\/h3>\n<p><strong>Especificaci\u00f3n<\/strong><\/p>\n<ul>\n<li>Compruebe el estado del producto a menudo.<\/li>\n<li>El color puede variar seg\u00fan la configuraci\u00f3n de la pantalla de su ordenador.<\/li>\n<li>El comprador asume toda la responsabilidad respecto al uso del producto.<\/li>\n<li>Si alg\u00fan da\u00f1o o p\u00e9rdida es causado por la negligencia del comprador, el vendedor no ser\u00e1 responsable.<\/li>\n<\/ul>\n<p><strong>Consejos<\/strong><\/p>\n<ul>\n<li>Si desea limpiar las cuentas de madera, l\u00edmpielas suavemente con una toalla h\u00fameda.<\/li>\n<li>\n<div class=\"okr-block-clipboard\" data-okr=\"%7B%22okrDelta%22%3A%5B%7B%22lineType%22%3A%22text%22%2C%22lineOptions%22%3A%7B%7D%2C%22lineContent%22%3A%5B%7B%22opType%22%3A%22text%22%2C%22options%22%3A%7B%22text%22%3A%22No%20sumerja%20ni%20remoje%20ning%C3%BAn%20art%C3%ADculos%20de%20madera%20en%20el%20agua.%20Tampoco%20los%20poner%20en%20la%20navera%20o%20la%20lavavajillas.%22%7D%7D%5D%7D%2C%7B%22lineType%22%3A%22text%22%2C%22lineOptions%22%3A%7B%7D%2C%22lineContent%22%3A%5B%7B%22opType%22%3A%22text%22%2C%22options%22%3A%7B%22text%22%3A%22Los%20art%C3%ADculos%20de%20madera%20est%C3%A1n%20hechos%20de%20madera%20natural%20y%2C%20por%20lo%20tanto%2C%20pueden%20ocurrir%20algunas%20variaciones%2C%20por%20lo%20que%20deben%20manipularse%20con%20cuidado%20para%20evitar%20da%C3%B1os.%22%7D%7D%5D%7D%5D%2C%22businessKey%22%3A%22lark-doc%22%7D\">No los lave directamente en el agua, lo que afectar\u00e1 el brillo original de la madera.<\/div>\n<\/li>\n<li>\n<div class=\"okr-block-clipboard\" data-okr=\"%7B%22okrDelta%22%3A%5B%7B%22lineType%22%3A%22text%22%2C%22lineOptions%22%3A%7B%7D%2C%22lineContent%22%3A%5B%7B%22opType%22%3A%22text%22%2C%22options%22%3A%7B%22text%22%3A%22No%20sumerja%20ni%20remoje%20ning%C3%BAn%20art%C3%ADculos%20de%20madera%20en%20el%20agua.%20Tampoco%20los%20poner%20en%20la%20navera%20o%20la%20lavavajillas.%22%7D%7D%5D%7D%2C%7B%22lineType%22%3A%22text%22%2C%22lineOptions%22%3A%7B%7D%2C%22lineContent%22%3A%5B%7B%22opType%22%3A%22text%22%2C%22options%22%3A%7B%22text%22%3A%22Los%20art%C3%ADculos%20de%20madera%20est%C3%A1n%20hechos%20de%20madera%20natural%20y%2C%20por%20lo%20tanto%2C%20pueden%20ocurrir%20algunas%20variaciones%2C%20por%20lo%20que%20deben%20manipularse%20con%20cuidado%20para%20evitar%20da%C3%B1os.%22%7D%7D%5D%7D%5D%2C%22businessKey%22%3A%22lark-doc%22%7D\">No sumerja ni remoje ning\u00fan art\u00edculos de madera en el agua. Tampoco los poner en la nevera o la lavavajillas.<\/div>\n<\/li>\n<li>Las pinzas de madera est\u00e1n hechos de madera natural, por lo que podr\u00edan ocurrir algunas variaciones y deben manipularse con cuidado para evitar da\u00f1os.<\/li>\n<\/ul>\n<p>&nbsp;<\/p>\n","protected":false},"excerpt":{"rendered":"<p><strong>Cadena Chupete Bebe Chupetero Tela<\/strong><\/p>\n<p><strong>Cantidad<\/strong> : set de 3 piezas<\/p>\n<p><strong>Material<\/strong>:\u00a0 Algod\u00f3n\/Madera de haya\/Silicona\/Acero Inoxidable<\/p>\n<p><strong>100 % hechas a mano, las medidas pueden variar seg\u00fan la pieza.<\/strong><\/p>\n","protected":false},"featured_media":54034,"comment_status":"closed","ping_status":"closed","template":"","meta":[],"product_cat":[3708,3145],"product_tag":[],"yoast_head":"<!-- This site is optimized with the Yoast SEO Premium plugin v20.5 (Yoast SEO v21.5) - https:\/\/yoast.com\/wordpress\/plugins\/seo\/ -->\n<title>set de 3PCS Cadena Chupete Bebe Chupetero Tela - Artestar<\/title>\n<meta name=\"description\" content=\"Cadena Chupete Bebe Chupetero Tela, cadena para sujetar el chupete de beb\u00e9, mordedores de cadena con clip de madera de haya para beb\u00e9\" \/>\n<meta name=\"robots\" content=\"index, follow, max-snippet:-1, max-image-preview:large, max-video-preview:-1\" \/>\n<link rel=\"canonical\" href=\"https:\/\/www.artestar.eu\/fr\/al-por-mayor\/3pcs-cadena-chupete-bebe-chupetero-tela\/\" \/>\n<meta property=\"og:locale\" content=\"fr_FR\" \/>\n<meta property=\"og:type\" content=\"article\" \/>\n<meta property=\"og:title\" content=\"set de 3PCS Cadena Chupete Bebe Chupetero Tela\" \/>\n<meta property=\"og:description\" content=\"Cadena Chupete Bebe Chupetero Tela, cadena para sujetar el chupete de beb\u00e9, mordedores de cadena con clip de madera de haya para beb\u00e9\" \/>\n<meta property=\"og:url\" content=\"https:\/\/www.artestar.eu\/fr\/al-por-mayor\/3pcs-cadena-chupete-bebe-chupetero-tela\/\" \/>\n<meta property=\"og:site_name\" content=\"Artestar\" \/>\n<meta property=\"article:publisher\" content=\"https:\/\/www.facebook.com\/ARTESTAREU\" \/>\n<meta property=\"article:modified_time\" content=\"2023-12-14T08:33:55+00:00\" \/>\n<meta property=\"og:image\" content=\"https:\/\/www.artestar.eu\/wp-content\/uploads\/2023\/12\/803725fb-2347-4e37-a32b-cda334679772.jpg\" \/>\n\t<meta property=\"og:image:width\" content=\"1200\" \/>\n\t<meta property=\"og:image:height\" content=\"1200\" \/>\n\t<meta property=\"og:image:type\" content=\"image\/jpeg\" \/>\n<meta name=\"twitter:card\" content=\"summary_large_image\" \/>\n<meta name=\"twitter:label1\" content=\"Availability\" \/>\n\t<meta name=\"twitter:data1\" content=\"En stock\" \/>\n<script type=\"application\/ld+json\" class=\"yoast-schema-graph\">{\"@context\":\"https:\/\/schema.org\",\"@graph\":[{\"@type\":\"WebPage\",\"@id\":\"https:\/\/www.artestar.eu\/fr\/al-por-mayor\/3pcs-cadena-chupete-bebe-chupetero-tela\/\",\"url\":\"https:\/\/www.artestar.eu\/fr\/al-por-mayor\/3pcs-cadena-chupete-bebe-chupetero-tela\/\",\"name\":\"set de 3PCS Cadena Chupete Bebe Chupetero Tela - Artestar\",\"isPartOf\":{\"@id\":\"https:\/\/www.artestar.eu\/fr\/#website\"},\"datePublished\":\"2023-12-11T08:47:04+00:00\",\"dateModified\":\"2023-12-14T08:33:55+00:00\",\"description\":\"Cadena Chupete Bebe Chupetero Tela, cadena para sujetar el chupete de beb\u00e9, mordedores de cadena con clip de madera de haya para beb\u00e9\",\"breadcrumb\":{\"@id\":\"https:\/\/www.artestar.eu\/fr\/al-por-mayor\/3pcs-cadena-chupete-bebe-chupetero-tela\/#breadcrumb\"},\"inLanguage\":\"fr-FR\",\"potentialAction\":[{\"@type\":\"ReadAction\",\"target\":[\"https:\/\/www.artestar.eu\/fr\/al-por-mayor\/3pcs-cadena-chupete-bebe-chupetero-tela\/\"]}]},{\"@type\":\"BreadcrumbList\",\"@id\":\"https:\/\/www.artestar.eu\/fr\/al-por-mayor\/3pcs-cadena-chupete-bebe-chupetero-tela\/#breadcrumb\",\"itemListElement\":[{\"@type\":\"ListItem\",\"position\":1,\"name\":\"Artestar\",\"item\":\"https:\/\/www.artestar.eu\/fr\/\"},{\"@type\":\"ListItem\",\"position\":2,\"name\":\"De gros\",\"item\":\"https:\/\/www.artestar.eu\/fr\/de-gros\/\"},{\"@type\":\"ListItem\",\"position\":3,\"name\":\"set de 3PCS Cadena Chupete Bebe Chupetero Tela\"}]},{\"@type\":\"WebSite\",\"@id\":\"https:\/\/www.artestar.eu\/fr\/#website\",\"url\":\"https:\/\/www.artestar.eu\/fr\/\",\"name\":\"Artestar\",\"description\":\"Mayorista en abalorios y joyer\u00eda\",\"publisher\":{\"@id\":\"https:\/\/www.artestar.eu\/fr\/#organization\"},\"alternateName\":\"Artestar-EU\",\"potentialAction\":[{\"@type\":\"SearchAction\",\"target\":{\"@type\":\"EntryPoint\",\"urlTemplate\":\"https:\/\/www.artestar.eu\/fr\/?s={search_term_string}\"},\"query-input\":\"required name=search_term_string\"}],\"inLanguage\":\"fr-FR\"},{\"@type\":[\"Organization\",\"Place\"],\"@id\":\"https:\/\/www.artestar.eu\/fr\/#organization\",\"name\":\"RUBY ABALORIO S.L.\",\"alternateName\":\"Artestar\",\"url\":\"https:\/\/www.artestar.eu\/fr\/\",\"logo\":{\"@id\":\"https:\/\/www.artestar.eu\/fr\/al-por-mayor\/3pcs-cadena-chupete-bebe-chupetero-tela\/#local-main-organization-logo\"},\"image\":{\"@id\":\"https:\/\/www.artestar.eu\/fr\/al-por-mayor\/3pcs-cadena-chupete-bebe-chupetero-tela\/#local-main-organization-logo\"},\"sameAs\":[\"https:\/\/www.facebook.com\/ARTESTAREU\",\"https:\/\/www.instagram.com\/artestareu\/\",\"https:\/\/www.pinterest.es\/artestar_eu\/\",\"https:\/\/www.tiktok.com\/@artestar_wholesale\"],\"openingHoursSpecification\":[{\"@type\":\"OpeningHoursSpecification\",\"dayOfWeek\":[\"Monday\",\"Tuesday\",\"Wednesday\",\"Thursday\",\"Friday\",\"Saturday\",\"Sunday\"],\"opens\":\"09:00\",\"closes\":\"17:00\"}]},{\"@type\":\"ImageObject\",\"inLanguage\":\"fr-FR\",\"@id\":\"https:\/\/www.artestar.eu\/fr\/al-por-mayor\/3pcs-cadena-chupete-bebe-chupetero-tela\/#local-main-organization-logo\",\"url\":\"https:\/\/www.artestar.eu\/wp-content\/uploads\/2023\/05\/cropped-png.png\",\"contentUrl\":\"https:\/\/www.artestar.eu\/wp-content\/uploads\/2023\/05\/cropped-png.png\",\"width\":512,\"height\":512,\"caption\":\"RUBY ABALORIO S.L.\"}]}<\/script>\n<meta property=\"og:availability\" content=\"instock\" \/>\n<meta property=\"product:availability\" content=\"instock\" \/>\n<meta property=\"product:retailer_item_id\" content=\"CPF0013\" \/>\n<meta property=\"product:condition\" content=\"new\" \/>\n<!-- \/ Yoast SEO Premium plugin. -->","yoast_head_json":{"title":"set de 3PCS Cadena Chupete Bebe Chupetero Tela - Artestar","description":"Cadena Chupete Bebe Chupetero Tela, cadena para sujetar el chupete de beb\u00e9, mordedores de cadena con clip de madera de haya para beb\u00e9","robots":{"index":"index","follow":"follow","max-snippet":"max-snippet:-1","max-image-preview":"max-image-preview:large","max-video-preview":"max-video-preview:-1"},"canonical":"https:\/\/www.artestar.eu\/fr\/al-por-mayor\/3pcs-cadena-chupete-bebe-chupetero-tela\/","og_locale":"fr_FR","og_type":"article","og_title":"set de 3PCS Cadena Chupete Bebe Chupetero Tela","og_description":"Cadena Chupete Bebe Chupetero Tela, cadena para sujetar el chupete de beb\u00e9, mordedores de cadena con clip de madera de haya para beb\u00e9","og_url":"https:\/\/www.artestar.eu\/fr\/al-por-mayor\/3pcs-cadena-chupete-bebe-chupetero-tela\/","og_site_name":"Artestar","article_publisher":"https:\/\/www.facebook.com\/ARTESTAREU","article_modified_time":"2023-12-14T08:33:55+00:00","og_image":[{"width":1200,"height":1200,"url":"https:\/\/www.artestar.eu\/wp-content\/uploads\/2023\/12\/803725fb-2347-4e37-a32b-cda334679772.jpg","type":"image\/jpeg"}],"twitter_card":"summary_large_image","twitter_misc":{"Availability":"En stock"},"schema":{"@context":"https:\/\/schema.org","@graph":[{"@type":"WebPage","@id":"https:\/\/www.artestar.eu\/fr\/al-por-mayor\/3pcs-cadena-chupete-bebe-chupetero-tela\/","url":"https:\/\/www.artestar.eu\/fr\/al-por-mayor\/3pcs-cadena-chupete-bebe-chupetero-tela\/","name":"set de 3PCS Cadena Chupete Bebe Chupetero Tela - Artestar","isPartOf":{"@id":"https:\/\/www.artestar.eu\/fr\/#website"},"datePublished":"2023-12-11T08:47:04+00:00","dateModified":"2023-12-14T08:33:55+00:00","description":"Cadena Chupete Bebe Chupetero Tela, cadena para sujetar el chupete de beb\u00e9, mordedores de cadena con clip de madera de haya para beb\u00e9","breadcrumb":{"@id":"https:\/\/www.artestar.eu\/fr\/al-por-mayor\/3pcs-cadena-chupete-bebe-chupetero-tela\/#breadcrumb"},"inLanguage":"fr-FR","potentialAction":[{"@type":"ReadAction","target":["https:\/\/www.artestar.eu\/fr\/al-por-mayor\/3pcs-cadena-chupete-bebe-chupetero-tela\/"]}]},{"@type":"BreadcrumbList","@id":"https:\/\/www.artestar.eu\/fr\/al-por-mayor\/3pcs-cadena-chupete-bebe-chupetero-tela\/#breadcrumb","itemListElement":[{"@type":"ListItem","position":1,"name":"Artestar","item":"https:\/\/www.artestar.eu\/fr\/"},{"@type":"ListItem","position":2,"name":"De gros","item":"https:\/\/www.artestar.eu\/fr\/de-gros\/"},{"@type":"ListItem","position":3,"name":"set de 3PCS Cadena Chupete Bebe Chupetero Tela"}]},{"@type":"WebSite","@id":"https:\/\/www.artestar.eu\/fr\/#website","url":"https:\/\/www.artestar.eu\/fr\/","name":"Artestar","description":"Mayorista en abalorios y joyer\u00eda","publisher":{"@id":"https:\/\/www.artestar.eu\/fr\/#organization"},"alternateName":"Artestar-EU","potentialAction":[{"@type":"SearchAction","target":{"@type":"EntryPoint","urlTemplate":"https:\/\/www.artestar.eu\/fr\/?s={search_term_string}"},"query-input":"required name=search_term_string"}],"inLanguage":"fr-FR"},{"@type":["Organization","Place"],"@id":"https:\/\/www.artestar.eu\/fr\/#organization","name":"RUBY ABALORIO S.L.","alternateName":"Artestar","url":"https:\/\/www.artestar.eu\/fr\/","logo":{"@id":"https:\/\/www.artestar.eu\/fr\/al-por-mayor\/3pcs-cadena-chupete-bebe-chupetero-tela\/#local-main-organization-logo"},"image":{"@id":"https:\/\/www.artestar.eu\/fr\/al-por-mayor\/3pcs-cadena-chupete-bebe-chupetero-tela\/#local-main-organization-logo"},"sameAs":["https:\/\/www.facebook.com\/ARTESTAREU","https:\/\/www.instagram.com\/artestareu\/","https:\/\/www.pinterest.es\/artestar_eu\/","https:\/\/www.tiktok.com\/@artestar_wholesale"],"openingHoursSpecification":[{"@type":"OpeningHoursSpecification","dayOfWeek":["Monday","Tuesday","Wednesday","Thursday","Friday","Saturday","Sunday"],"opens":"09:00","closes":"17:00"}]},{"@type":"ImageObject","inLanguage":"fr-FR","@id":"https:\/\/www.artestar.eu\/fr\/al-por-mayor\/3pcs-cadena-chupete-bebe-chupetero-tela\/#local-main-organization-logo","url":"https:\/\/www.artestar.eu\/wp-content\/uploads\/2023\/05\/cropped-png.png","contentUrl":"https:\/\/www.artestar.eu\/wp-content\/uploads\/2023\/05\/cropped-png.png","width":512,"height":512,"caption":"RUBY ABALORIO S.L."}]},"og_availability":"instock","product_availability":"instock","product_retailer_item_id":"CPF0013","product_condition":"new"},"tiered_pricing_type":"fixed","tiered_pricing_fixed_rules":[],"tiered_pricing_percentage_rules":[],"tiered_pricing_minimum":null,"_administrator_tiered_pricing_type":"fixed","_administrator_tiered_pricing_fixed_rules":[],"_editor_tiered_pricing_type":"fixed","_editor_tiered_pricing_fixed_rules":[],"_author_tiered_pricing_type":"fixed","_author_tiered_pricing_fixed_rules":[],"_contributor_tiered_pricing_type":"fixed","_contributor_tiered_pricing_fixed_rules":[],"_subscriber_tiered_pricing_type":"fixed","_subscriber_tiered_pricing_fixed_rules":[],"_wpseo_manager_tiered_pricing_type":"fixed","_wpseo_manager_tiered_pricing_fixed_rules":[],"_wpseo_editor_tiered_pricing_type":"fixed","_wpseo_editor_tiered_pricing_fixed_rules":[],"_customer_tiered_pricing_type":"fixed","_customer_tiered_pricing_fixed_rules":[],"_shop_manager_tiered_pricing_type":"fixed","_shop_manager_tiered_pricing_fixed_rules":[],"_product_manager_tiered_pricing_type":"fixed","_product_manager_tiered_pricing_fixed_rules":[],"_links":{"self":[{"href":"https:\/\/www.artestar.eu\/fr\/wp-json\/wp\/v2\/product\/53434"}],"collection":[{"href":"https:\/\/www.artestar.eu\/fr\/wp-json\/wp\/v2\/product"}],"about":[{"href":"https:\/\/www.artestar.eu\/fr\/wp-json\/wp\/v2\/types\/product"}],"replies":[{"embeddable":true,"href":"https:\/\/www.artestar.eu\/fr\/wp-json\/wp\/v2\/comments?post=53434"}],"version-history":[{"count":3,"href":"https:\/\/www.artestar.eu\/fr\/wp-json\/wp\/v2\/product\/53434\/revisions"}],"predecessor-version":[{"id":57754,"href":"https:\/\/www.artestar.eu\/fr\/wp-json\/wp\/v2\/product\/53434\/revisions\/57754"}],"wp:featuredmedia":[{"embeddable":true,"href":"https:\/\/www.artestar.eu\/fr\/wp-json\/wp\/v2\/media\/54034"}],"wp:attachment":[{"href":"https:\/\/www.artestar.eu\/fr\/wp-json\/wp\/v2\/media?parent=53434"}],"wp:term":[{"taxonomy":"product_cat","embeddable":true,"href":"https:\/\/www.artestar.eu\/fr\/wp-json\/wp\/v2\/product_cat?post=53434"},{"taxonomy":"product_tag","embeddable":true,"href":"https:\/\/www.artestar.eu\/fr\/wp-json\/wp\/v2\/product_tag?post=53434"}],"curies":[{"name":"wp","href":"https:\/\/api.w.org\/{rel}","templated":true}]}}