{"id":55281,"date":"2023-12-11T14:27:14","date_gmt":"2023-12-11T14:27:14","guid":{"rendered":"https:\/\/www.artestar.eu\/?post_type=product&#038;p=55281"},"modified":"2023-12-14T09:49:55","modified_gmt":"2023-12-14T09:49:55","slug":"10-mordedor-de-madera-haya-estrella","status":"publish","type":"product","link":"https:\/\/www.artestar.eu\/fr\/al-por-mayor\/10-mordedor-de-madera-haya-estrella\/","title":{"rendered":"10 Mordedor de Madera Haya Estrella"},"content":{"rendered":"<h3><strong>Mordedor estrella madera haya<\/strong><\/h3>\n<p>Figuras de madera de haya para mordedor de beb\u00e9 y para crear collares, pulseras, cadena de chupetes, sonajeros o decoraciones. Madera haya 100% natural , no t\u00f3xico, es f\u00e1cil de pintar o embellecer sobre el. Ligero y resistente para un largo uso.<\/p>\n<ul>\n<li>Cantidad: 10pc<\/li>\n<li>Tama\u00f1o: 62 mm x 62 mm en forma de estrella<\/li>\n<li>Material: madera de haya 100% natural en forma de estrella, no t\u00f3xico, es f\u00e1cil de pintar o embellecer sobre el. Ligero y resistente para un largo uso.<\/li>\n<li>Personaliza sus cuentas especiales de madera como necesite.<\/li>\n<li>Con un agujero en el interior suficientemente grande para creaci\u00f3n de oyer\u00eda, sonajero.collares, pulseras, cadena de chupetes, etc&#8230;<\/li>\n<li>Funci\u00f3n m\u00faltiples, satisface con la mayor\u00eda de necesidades para crear sus propias cualquier tipo de bricolaje.<\/li>\n<li>Elimina el malestar de los dientes de leche, mejora el desarrollo t\u00e1ctil, ayuda a los ni\u00f1os a percibir el mundo.<\/li>\n<li>Pr\u00e1ctico para aliviar el dolor de la dentici\u00f3n de su beb\u00e9 cuando le est\u00e1 saliendo los dientes.<\/li>\n<\/ul>\n<p><img decoding=\"async\" class=\"alignnone wp-image-56323 size-medium\" src=\"https:\/\/www.artestar.eu\/wp-content\/uploads\/2023\/12\/61PYYBZSTIL-300x300.jpg\" alt=\"\" width=\"300\" height=\"300\" srcset=\"https:\/\/www.artestar.eu\/wp-content\/uploads\/2023\/12\/61PYYBZSTIL-300x300.jpg 300w, https:\/\/www.artestar.eu\/wp-content\/uploads\/2023\/12\/61PYYBZSTIL-150x150.jpg 150w, https:\/\/www.artestar.eu\/wp-content\/uploads\/2023\/12\/61PYYBZSTIL-768x768.jpg 768w, https:\/\/www.artestar.eu\/wp-content\/uploads\/2023\/12\/61PYYBZSTIL-450x450.jpg 450w, https:\/\/www.artestar.eu\/wp-content\/uploads\/2023\/12\/61PYYBZSTIL-600x600.jpg 600w, https:\/\/www.artestar.eu\/wp-content\/uploads\/2023\/12\/61PYYBZSTIL-54x54.jpg 54w, https:\/\/www.artestar.eu\/wp-content\/uploads\/2023\/12\/61PYYBZSTIL.jpg 1000w\" sizes=\"(max-width: 300px) 100vw, 300px\" \/> <img decoding=\"async\" class=\"alignnone wp-image-55439 size-medium\" src=\"https:\/\/www.artestar.eu\/wp-content\/uploads\/2023\/12\/MM0012LOT42-1-300x300.jpg\" alt=\"\" width=\"300\" height=\"300\" srcset=\"https:\/\/www.artestar.eu\/wp-content\/uploads\/2023\/12\/MM0012LOT42-1-300x300.jpg 300w, https:\/\/www.artestar.eu\/wp-content\/uploads\/2023\/12\/MM0012LOT42-1-150x150.jpg 150w, https:\/\/www.artestar.eu\/wp-content\/uploads\/2023\/12\/MM0012LOT42-1-450x450.jpg 450w, https:\/\/www.artestar.eu\/wp-content\/uploads\/2023\/12\/MM0012LOT42-1-54x54.jpg 54w, https:\/\/www.artestar.eu\/wp-content\/uploads\/2023\/12\/MM0012LOT42-1.jpg 500w\" sizes=\"(max-width: 300px) 100vw, 300px\" \/><\/p>\n<h3><em><strong>Mordedor estrella madera haya para DIY<\/strong><\/em><\/h3>\n<p><strong>Especificaci\u00f3n<\/strong><\/p>\n<ul>\n<li>Compruebe el estado de las cuentas a menudo. No meter en el microondas.<\/li>\n<li>El color puede variar levemente debido a su la configuraci\u00f3n de la pantalla.<\/li>\n<li>El Comprador asume toda la responsabilidad respecto al uso del producto.<\/li>\n<li>Si alg\u00fan da\u00f1o o p\u00e9rdida es causado por la negligencia del comprador, el vendedor no ser\u00e1 responsable.<\/li>\n<\/ul>\n<div class=\"celwidget aplus-module module-2 aplus-standard\" data-csa-c-id=\"hyqkjp-st5xj8-uplf2t-ja1njb\" data-cel-widget=\"aplus-module-2\">\n<div class=\"a-expander-collapsed-height a-row a-expander-container a-expander-partial-collapse-container\" data-a-expander-name=\"aplus-module-expander\" data-a-expander-collapsed-height=\"700\">\n<div class=\"a-expander-content a-expander-partial-collapse-content\">\n<div class=\"aplus-module-wrapper apm-floatnone apm-fixed-width\">\n<div class=\"apm-sidemodule apm-spacing\">\n<div class=\"apm-sidemodule-textright\">\n<p><strong>Consejos<\/strong><\/p>\n<ul>\n<li>Si desea limpiar las cuentas de madera, l\u00edmpielas suavemente con una toalla h\u00fameda.<\/li>\n<li>No los lave directamente en el agua, lo que afectar\u00e1 el brillo original de la madera.<\/li>\n<li>No sumerja ni remoje ning\u00fan art\u00edculos de madera en el agua. Tampoco los poner en la nevera o la lavavajillas.<\/li>\n<li>Los art\u00edculos de madera est\u00e1n hechos de madera natural, por lo que podr\u00edan ocurrir algunas variaciones y deben manipularse con cuidado para evitar da\u00f1os.<\/li>\n<\/ul>\n<\/div>\n<\/div>\n<\/div>\n<\/div>\n<\/div>\n<\/div>\n","protected":false},"excerpt":{"rendered":"<p><strong>Medidas:<\/strong> 62 mm x 62 mm<\/p>\n<p><strong>Color:\u00a0<\/strong>Madera natural<\/p>\n<p><strong>Cantidad:\u00a0<\/strong>10 ud<\/p>\n<p><strong>Material:<\/strong> Madera haya<\/p>\n","protected":false},"featured_media":55439,"comment_status":"closed","ping_status":"closed","template":"","meta":[],"product_cat":[3712,3145],"product_tag":[],"yoast_head":"<!-- This site is optimized with the Yoast SEO Premium plugin v20.5 (Yoast SEO v21.5) - https:\/\/yoast.com\/wordpress\/plugins\/seo\/ -->\n<title>Mordedor estrella madera haya para Beb\u00e9 - Artestar<\/title>\n<meta name=\"description\" content=\"Mordedor estrella madera haya para Beb\u00e9, Pieza de Madera en forma de estrella para Dentici\u00f3n, Cuenta de Madera estrella para Montar Chupetero\" \/>\n<meta name=\"robots\" content=\"index, follow, max-snippet:-1, max-image-preview:large, max-video-preview:-1\" \/>\n<link rel=\"canonical\" href=\"https:\/\/www.artestar.eu\/fr\/al-por-mayor\/10-mordedor-de-madera-haya-estrella\/\" \/>\n<meta property=\"og:locale\" content=\"fr_FR\" \/>\n<meta property=\"og:type\" content=\"article\" \/>\n<meta property=\"og:title\" content=\"10 Mordedor de Madera Haya Estrella\" \/>\n<meta property=\"og:description\" content=\"Mordedor estrella madera haya para Beb\u00e9, Pieza de Madera en forma de estrella para Dentici\u00f3n, Cuenta de Madera estrella para Montar Chupetero\" \/>\n<meta property=\"og:url\" content=\"https:\/\/www.artestar.eu\/fr\/al-por-mayor\/10-mordedor-de-madera-haya-estrella\/\" \/>\n<meta property=\"og:site_name\" content=\"Artestar\" \/>\n<meta property=\"article:publisher\" content=\"https:\/\/www.facebook.com\/ARTESTAREU\" \/>\n<meta property=\"article:modified_time\" content=\"2023-12-14T09:49:55+00:00\" \/>\n<meta property=\"og:image\" content=\"https:\/\/www.artestar.eu\/wp-content\/uploads\/2023\/12\/MM0012LOT42-1.jpg\" \/>\n\t<meta property=\"og:image:width\" content=\"500\" \/>\n\t<meta property=\"og:image:height\" content=\"500\" \/>\n\t<meta property=\"og:image:type\" content=\"image\/jpeg\" \/>\n<meta name=\"twitter:card\" content=\"summary_large_image\" \/>\n<meta name=\"twitter:label1\" content=\"Prix\" \/>\n\t<meta name=\"twitter:data1\" content=\"6,80&nbsp;&euro; (TVA NON incluse)\" \/>\n\t<meta name=\"twitter:label2\" content=\"Availability\" \/>\n\t<meta name=\"twitter:data2\" content=\"En stock\" \/>\n<script type=\"application\/ld+json\" class=\"yoast-schema-graph\">{\"@context\":\"https:\/\/schema.org\",\"@graph\":[{\"@type\":\"WebPage\",\"@id\":\"https:\/\/www.artestar.eu\/fr\/al-por-mayor\/10-mordedor-de-madera-haya-estrella\/\",\"url\":\"https:\/\/www.artestar.eu\/fr\/al-por-mayor\/10-mordedor-de-madera-haya-estrella\/\",\"name\":\"Mordedor estrella madera haya para Beb\u00e9 - Artestar\",\"isPartOf\":{\"@id\":\"https:\/\/www.artestar.eu\/fr\/#website\"},\"datePublished\":\"2023-12-11T14:27:14+00:00\",\"dateModified\":\"2023-12-14T09:49:55+00:00\",\"description\":\"Mordedor estrella madera haya para Beb\u00e9, Pieza de Madera en forma de estrella para Dentici\u00f3n, Cuenta de Madera estrella para Montar Chupetero\",\"breadcrumb\":{\"@id\":\"https:\/\/www.artestar.eu\/fr\/al-por-mayor\/10-mordedor-de-madera-haya-estrella\/#breadcrumb\"},\"inLanguage\":\"fr-FR\",\"potentialAction\":[{\"@type\":\"ReadAction\",\"target\":[\"https:\/\/www.artestar.eu\/fr\/al-por-mayor\/10-mordedor-de-madera-haya-estrella\/\"]}]},{\"@type\":\"BreadcrumbList\",\"@id\":\"https:\/\/www.artestar.eu\/fr\/al-por-mayor\/10-mordedor-de-madera-haya-estrella\/#breadcrumb\",\"itemListElement\":[{\"@type\":\"ListItem\",\"position\":1,\"name\":\"Artestar\",\"item\":\"https:\/\/www.artestar.eu\/fr\/\"},{\"@type\":\"ListItem\",\"position\":2,\"name\":\"De gros\",\"item\":\"https:\/\/www.artestar.eu\/fr\/de-gros\/\"},{\"@type\":\"ListItem\",\"position\":3,\"name\":\"10 Mordedor de Madera Haya Estrella\"}]},{\"@type\":\"WebSite\",\"@id\":\"https:\/\/www.artestar.eu\/fr\/#website\",\"url\":\"https:\/\/www.artestar.eu\/fr\/\",\"name\":\"Artestar\",\"description\":\"Mayorista en abalorios y joyer\u00eda\",\"publisher\":{\"@id\":\"https:\/\/www.artestar.eu\/fr\/#organization\"},\"alternateName\":\"Artestar-EU\",\"potentialAction\":[{\"@type\":\"SearchAction\",\"target\":{\"@type\":\"EntryPoint\",\"urlTemplate\":\"https:\/\/www.artestar.eu\/fr\/?s={search_term_string}\"},\"query-input\":\"required name=search_term_string\"}],\"inLanguage\":\"fr-FR\"},{\"@type\":[\"Organization\",\"Place\"],\"@id\":\"https:\/\/www.artestar.eu\/fr\/#organization\",\"name\":\"RUBY ABALORIO S.L.\",\"alternateName\":\"Artestar\",\"url\":\"https:\/\/www.artestar.eu\/fr\/\",\"logo\":{\"@id\":\"https:\/\/www.artestar.eu\/fr\/al-por-mayor\/10-mordedor-de-madera-haya-estrella\/#local-main-organization-logo\"},\"image\":{\"@id\":\"https:\/\/www.artestar.eu\/fr\/al-por-mayor\/10-mordedor-de-madera-haya-estrella\/#local-main-organization-logo\"},\"sameAs\":[\"https:\/\/www.facebook.com\/ARTESTAREU\",\"https:\/\/www.instagram.com\/artestareu\/\",\"https:\/\/www.pinterest.es\/artestar_eu\/\",\"https:\/\/www.tiktok.com\/@artestar_wholesale\"],\"openingHoursSpecification\":[{\"@type\":\"OpeningHoursSpecification\",\"dayOfWeek\":[\"Monday\",\"Tuesday\",\"Wednesday\",\"Thursday\",\"Friday\",\"Saturday\",\"Sunday\"],\"opens\":\"09:00\",\"closes\":\"17:00\"}]},{\"@type\":\"ImageObject\",\"inLanguage\":\"fr-FR\",\"@id\":\"https:\/\/www.artestar.eu\/fr\/al-por-mayor\/10-mordedor-de-madera-haya-estrella\/#local-main-organization-logo\",\"url\":\"https:\/\/www.artestar.eu\/wp-content\/uploads\/2023\/05\/cropped-png.png\",\"contentUrl\":\"https:\/\/www.artestar.eu\/wp-content\/uploads\/2023\/05\/cropped-png.png\",\"width\":512,\"height\":512,\"caption\":\"RUBY ABALORIO S.L.\"}]}<\/script>\n<meta property=\"product:price:amount\" content=\"6.80\" \/>\n<meta property=\"product:price:currency\" content=\"EUR\" \/>\n<meta property=\"og:availability\" content=\"instock\" \/>\n<meta property=\"product:availability\" content=\"instock\" \/>\n<meta property=\"product:retailer_item_id\" content=\"SP0198\" \/>\n<meta property=\"product:condition\" content=\"new\" \/>\n<!-- \/ Yoast SEO Premium plugin. -->","yoast_head_json":{"title":"Mordedor estrella madera haya para Beb\u00e9 - Artestar","description":"Mordedor estrella madera haya para Beb\u00e9, Pieza de Madera en forma de estrella para Dentici\u00f3n, Cuenta de Madera estrella para Montar Chupetero","robots":{"index":"index","follow":"follow","max-snippet":"max-snippet:-1","max-image-preview":"max-image-preview:large","max-video-preview":"max-video-preview:-1"},"canonical":"https:\/\/www.artestar.eu\/fr\/al-por-mayor\/10-mordedor-de-madera-haya-estrella\/","og_locale":"fr_FR","og_type":"article","og_title":"10 Mordedor de Madera Haya Estrella","og_description":"Mordedor estrella madera haya para Beb\u00e9, Pieza de Madera en forma de estrella para Dentici\u00f3n, Cuenta de Madera estrella para Montar Chupetero","og_url":"https:\/\/www.artestar.eu\/fr\/al-por-mayor\/10-mordedor-de-madera-haya-estrella\/","og_site_name":"Artestar","article_publisher":"https:\/\/www.facebook.com\/ARTESTAREU","article_modified_time":"2023-12-14T09:49:55+00:00","og_image":[{"width":500,"height":500,"url":"https:\/\/www.artestar.eu\/wp-content\/uploads\/2023\/12\/MM0012LOT42-1.jpg","type":"image\/jpeg"}],"twitter_card":"summary_large_image","twitter_misc":{"Prix":"6,80&nbsp;&euro; (TVA NON incluse)","Availability":"En stock"},"schema":{"@context":"https:\/\/schema.org","@graph":[{"@type":"WebPage","@id":"https:\/\/www.artestar.eu\/fr\/al-por-mayor\/10-mordedor-de-madera-haya-estrella\/","url":"https:\/\/www.artestar.eu\/fr\/al-por-mayor\/10-mordedor-de-madera-haya-estrella\/","name":"Mordedor estrella madera haya para Beb\u00e9 - Artestar","isPartOf":{"@id":"https:\/\/www.artestar.eu\/fr\/#website"},"datePublished":"2023-12-11T14:27:14+00:00","dateModified":"2023-12-14T09:49:55+00:00","description":"Mordedor estrella madera haya para Beb\u00e9, Pieza de Madera en forma de estrella para Dentici\u00f3n, Cuenta de Madera estrella para Montar Chupetero","breadcrumb":{"@id":"https:\/\/www.artestar.eu\/fr\/al-por-mayor\/10-mordedor-de-madera-haya-estrella\/#breadcrumb"},"inLanguage":"fr-FR","potentialAction":[{"@type":"ReadAction","target":["https:\/\/www.artestar.eu\/fr\/al-por-mayor\/10-mordedor-de-madera-haya-estrella\/"]}]},{"@type":"BreadcrumbList","@id":"https:\/\/www.artestar.eu\/fr\/al-por-mayor\/10-mordedor-de-madera-haya-estrella\/#breadcrumb","itemListElement":[{"@type":"ListItem","position":1,"name":"Artestar","item":"https:\/\/www.artestar.eu\/fr\/"},{"@type":"ListItem","position":2,"name":"De gros","item":"https:\/\/www.artestar.eu\/fr\/de-gros\/"},{"@type":"ListItem","position":3,"name":"10 Mordedor de Madera Haya Estrella"}]},{"@type":"WebSite","@id":"https:\/\/www.artestar.eu\/fr\/#website","url":"https:\/\/www.artestar.eu\/fr\/","name":"Artestar","description":"Mayorista en abalorios y joyer\u00eda","publisher":{"@id":"https:\/\/www.artestar.eu\/fr\/#organization"},"alternateName":"Artestar-EU","potentialAction":[{"@type":"SearchAction","target":{"@type":"EntryPoint","urlTemplate":"https:\/\/www.artestar.eu\/fr\/?s={search_term_string}"},"query-input":"required name=search_term_string"}],"inLanguage":"fr-FR"},{"@type":["Organization","Place"],"@id":"https:\/\/www.artestar.eu\/fr\/#organization","name":"RUBY ABALORIO S.L.","alternateName":"Artestar","url":"https:\/\/www.artestar.eu\/fr\/","logo":{"@id":"https:\/\/www.artestar.eu\/fr\/al-por-mayor\/10-mordedor-de-madera-haya-estrella\/#local-main-organization-logo"},"image":{"@id":"https:\/\/www.artestar.eu\/fr\/al-por-mayor\/10-mordedor-de-madera-haya-estrella\/#local-main-organization-logo"},"sameAs":["https:\/\/www.facebook.com\/ARTESTAREU","https:\/\/www.instagram.com\/artestareu\/","https:\/\/www.pinterest.es\/artestar_eu\/","https:\/\/www.tiktok.com\/@artestar_wholesale"],"openingHoursSpecification":[{"@type":"OpeningHoursSpecification","dayOfWeek":["Monday","Tuesday","Wednesday","Thursday","Friday","Saturday","Sunday"],"opens":"09:00","closes":"17:00"}]},{"@type":"ImageObject","inLanguage":"fr-FR","@id":"https:\/\/www.artestar.eu\/fr\/al-por-mayor\/10-mordedor-de-madera-haya-estrella\/#local-main-organization-logo","url":"https:\/\/www.artestar.eu\/wp-content\/uploads\/2023\/05\/cropped-png.png","contentUrl":"https:\/\/www.artestar.eu\/wp-content\/uploads\/2023\/05\/cropped-png.png","width":512,"height":512,"caption":"RUBY ABALORIO S.L."}]},"product_price_amount":"6.80","product_price_currency":"EUR","og_availability":"instock","product_availability":"instock","product_retailer_item_id":"SP0198","product_condition":"new"},"tiered_pricing_type":"fixed","tiered_pricing_fixed_rules":[],"tiered_pricing_percentage_rules":[],"tiered_pricing_minimum":null,"_administrator_tiered_pricing_type":"fixed","_administrator_tiered_pricing_fixed_rules":[],"_editor_tiered_pricing_type":"fixed","_editor_tiered_pricing_fixed_rules":[],"_author_tiered_pricing_type":"fixed","_author_tiered_pricing_fixed_rules":[],"_contributor_tiered_pricing_type":"fixed","_contributor_tiered_pricing_fixed_rules":[],"_subscriber_tiered_pricing_type":"fixed","_subscriber_tiered_pricing_fixed_rules":[],"_wpseo_manager_tiered_pricing_type":"fixed","_wpseo_manager_tiered_pricing_fixed_rules":[],"_wpseo_editor_tiered_pricing_type":"fixed","_wpseo_editor_tiered_pricing_fixed_rules":[],"_customer_tiered_pricing_type":"fixed","_customer_tiered_pricing_fixed_rules":[],"_shop_manager_tiered_pricing_type":"fixed","_shop_manager_tiered_pricing_fixed_rules":[],"_product_manager_tiered_pricing_type":"fixed","_product_manager_tiered_pricing_fixed_rules":[],"_links":{"self":[{"href":"https:\/\/www.artestar.eu\/fr\/wp-json\/wp\/v2\/product\/55281"}],"collection":[{"href":"https:\/\/www.artestar.eu\/fr\/wp-json\/wp\/v2\/product"}],"about":[{"href":"https:\/\/www.artestar.eu\/fr\/wp-json\/wp\/v2\/types\/product"}],"replies":[{"embeddable":true,"href":"https:\/\/www.artestar.eu\/fr\/wp-json\/wp\/v2\/comments?post=55281"}],"version-history":[{"count":3,"href":"https:\/\/www.artestar.eu\/fr\/wp-json\/wp\/v2\/product\/55281\/revisions"}],"predecessor-version":[{"id":57824,"href":"https:\/\/www.artestar.eu\/fr\/wp-json\/wp\/v2\/product\/55281\/revisions\/57824"}],"wp:featuredmedia":[{"embeddable":true,"href":"https:\/\/www.artestar.eu\/fr\/wp-json\/wp\/v2\/media\/55439"}],"wp:attachment":[{"href":"https:\/\/www.artestar.eu\/fr\/wp-json\/wp\/v2\/media?parent=55281"}],"wp:term":[{"taxonomy":"product_cat","embeddable":true,"href":"https:\/\/www.artestar.eu\/fr\/wp-json\/wp\/v2\/product_cat?post=55281"},{"taxonomy":"product_tag","embeddable":true,"href":"https:\/\/www.artestar.eu\/fr\/wp-json\/wp\/v2\/product_tag?post=55281"}],"curies":[{"name":"wp","href":"https:\/\/api.w.org\/{rel}","templated":true}]}}