{"id":55648,"date":"2023-12-11T14:29:51","date_gmt":"2023-12-11T14:29:51","guid":{"rendered":"https:\/\/www.artestar.eu\/?post_type=product&#038;p=55648"},"modified":"2023-12-14T10:40:37","modified_gmt":"2023-12-14T10:40:37","slug":"jirafa-de-crochet-sonajero","status":"publish","type":"product","link":"https:\/\/www.artestar.eu\/fr\/al-por-mayor\/jirafa-de-crochet-sonajero\/","title":{"rendered":"5 Jirafa de Crochet Sonajero"},"content":{"rendered":"<h3><strong>Jirafa de crochet sonajero para beb\u00e9<\/strong><\/h3>\n<p>Figuras de madera de haya y crochet para sonajero y mordedor de beb\u00e9 . Madera haya 100% natural , no t\u00f3xico, es f\u00e1cil de pintar o embellecer sobre el. Ligero y resistente para un largo uso.<\/p>\n<ul>\n<li>Cantidad: 5pz<\/li>\n<li>Medidas: 69 x 161 mm<\/li>\n<li>100 % hechas a mano, las medidas pueden variar\u00a0seg\u00fan la\u00a0pieza.<\/li>\n<li>Cascabel en su interior, sonido despu\u00e9s de sacudir.<\/li>\n<li>Dise\u00f1o \u00fanico: se coloca f\u00e1cilmente a las cadenas de chupete, no hay que preocuparse de que se caiga al suelo.<\/li>\n<li><span class=\"a-list-item\">El sonajero no contiene ning\u00fan producto qu\u00edmico y son suficientemente seguros, d<\/span>uradero y resistente.<\/li>\n<li>Material: hecho de tela de algod\u00f3n de alta calidad y madera haya 100% natural,\u00a0 muy seguro para la dentici\u00f3n del beb\u00e9.<\/li>\n<li>Sonido agradable: las cascabeles emiten un sonido suave y agradable, animando a los ni\u00f1os a jugar y probar, muy atractivo a los ni\u00f1os.<\/li>\n<li>Por lo tanto, el mordedor de sonajero crochet no solo puede distraer la atenci\u00f3n del beb\u00e9, mejora el desarrollo t\u00e1ctil, ayuda a los ni\u00f1os a percibir el mundo, sino tambi\u00e9n aliviar el malestar de los dientes de leche y calmar al ni\u00f1o.<\/li>\n<li><span class=\"a-list-item\">Regalos hechos a mano: los peque\u00f1os animales tejidos a mano hacen que los beb\u00e9s y los padres se sientan felices. Cada animal tiene su propia expresi\u00f3n, que resulta especialmente atractiva para los ni\u00f1os peque\u00f1os. <\/span><\/li>\n<li>Los sonajeros animales son los compa\u00f1eros perfectos para beb\u00e9 en el viaje de crecimiento.<\/li>\n<li>Se puede utilizar para regalos personalizados, adem\u00e1s, son ideal para usar como accesorios fotogr\u00e1ficos y decoraciones.<\/li>\n<\/ul>\n<p><img decoding=\"async\" class=\"alignnone wp-image-39773\" src=\"https:\/\/www.rubydiy.com\/wp-content\/uploads\/2021\/07\/AMI5502AM-4-300x300.jpg\" alt=\"Jirafa de crochet sonajero para beb\u00e9\" width=\"360\" height=\"360\" \/><img decoding=\"async\" class=\"alignnone wp-image-40128\" src=\"https:\/\/www.rubydiy.com\/wp-content\/uploads\/2021\/07\/7-1-300x300.jpg\" alt=\"Jirafa de crochet sonajero para beb\u00e9\" width=\"360\" height=\"360\" \/><img decoding=\"async\" class=\"alignnone wp-image-39767\" src=\"https:\/\/www.rubydiy.com\/wp-content\/uploads\/2021\/07\/AMI5502NJ-6-300x300.jpg\" alt=\"Jirafa de crochet sonajero para beb\u00e9\" width=\"360\" height=\"360\" \/><\/p>\n<h3><strong>Sonajero mordedor crochet Koala para beb\u00e9<\/strong><\/h3>\n<p><strong>Especificaci\u00f3n<\/strong><\/p>\n<ul>\n<li>Compruebe el estado del producto a menudo.<\/li>\n<li>El color puede variar levemente debido a su la configuraci\u00f3n de la pantalla.<\/li>\n<li>El comprador asume toda la responsabilidad respecto al uso del producto.<\/li>\n<li>Si alg\u00fan da\u00f1o o p\u00e9rdida es causado por la negligencia del comprador, el vendedor no ser\u00e1 responsable.<\/li>\n<\/ul>\n<p><strong>Consejos<\/strong><\/p>\n<ul>\n<li>Si desea esterilizar estas figuras de crochet, l\u00edmpielos simplemente con agua tibia y jab\u00f3n neutro a mano.<\/li>\n<li>No sumerja ni remoje ning\u00fan art\u00edculos de madera en el agua. Tampoco los poner en la nevera o la lavavajillas.<\/li>\n<li>Los art\u00edculos de madera est\u00e1n hechos de madera natural, por lo que podr\u00edan ocurrir algunas variaciones y deben manipularse con cuidado para evitar da\u00f1os.<\/li>\n<\/ul>\n","protected":false},"excerpt":{"rendered":"<p><b>100 % hechas a mano, las medidas pueden variar\u00a0seg\u00fan la\u00a0pieza. <\/b><\/p>\n<p><b>Cascabel en su interior, sonido despu\u00e9s de sacudir.<\/b><\/p>\n<p><strong>Medidas aproximadas :<\/strong> 69 x 161 mm<\/p>\n<p><strong>Cantidad :<\/strong> 5 ud.<\/p>\n<p><strong>Material:<\/strong>\u00a0 Algod\u00f3n\/Madera de haya<\/p>\n","protected":false},"featured_media":55813,"comment_status":"closed","ping_status":"closed","template":"","meta":[],"product_cat":[3712,3145],"product_tag":[],"yoast_head":"<!-- This site is optimized with the Yoast SEO Premium plugin v20.5 (Yoast SEO v21.5) - https:\/\/yoast.com\/wordpress\/plugins\/seo\/ -->\n<title>Jirafa de crochet sonajero para mordedor - Artestar<\/title>\n<meta name=\"description\" content=\"Jirafa de crochet sonajero para mordedor, Crochet jirafa Mordedores para Beb\u00e9, Sonajero de Ganchillo en forma de jirafa para dentici\u00f3n\" \/>\n<meta name=\"robots\" content=\"index, follow, max-snippet:-1, max-image-preview:large, max-video-preview:-1\" \/>\n<link rel=\"canonical\" href=\"https:\/\/www.artestar.eu\/fr\/al-por-mayor\/jirafa-de-crochet-sonajero\/\" \/>\n<meta property=\"og:locale\" content=\"fr_FR\" \/>\n<meta property=\"og:type\" content=\"article\" \/>\n<meta property=\"og:title\" content=\"5 Jirafa de Crochet Sonajero\" \/>\n<meta property=\"og:description\" content=\"Jirafa de crochet sonajero para mordedor, Crochet jirafa Mordedores para Beb\u00e9, Sonajero de Ganchillo en forma de jirafa para dentici\u00f3n\" \/>\n<meta property=\"og:url\" content=\"https:\/\/www.artestar.eu\/fr\/al-por-mayor\/jirafa-de-crochet-sonajero\/\" \/>\n<meta property=\"og:site_name\" content=\"Artestar\" \/>\n<meta property=\"article:publisher\" content=\"https:\/\/www.facebook.com\/ARTESTAREU\" \/>\n<meta property=\"article:modified_time\" content=\"2023-12-14T10:40:37+00:00\" \/>\n<meta property=\"og:image\" content=\"https:\/\/www.artestar.eu\/wp-content\/uploads\/2023\/12\/AMI5502AM.jpg\" \/>\n\t<meta property=\"og:image:width\" content=\"1200\" \/>\n\t<meta property=\"og:image:height\" content=\"1200\" \/>\n\t<meta property=\"og:image:type\" content=\"image\/jpeg\" \/>\n<meta name=\"twitter:card\" content=\"summary_large_image\" \/>\n<meta name=\"twitter:label1\" content=\"Availability\" \/>\n\t<meta name=\"twitter:data1\" content=\"En stock\" \/>\n<script type=\"application\/ld+json\" class=\"yoast-schema-graph\">{\"@context\":\"https:\/\/schema.org\",\"@graph\":[{\"@type\":\"WebPage\",\"@id\":\"https:\/\/www.artestar.eu\/fr\/al-por-mayor\/jirafa-de-crochet-sonajero\/\",\"url\":\"https:\/\/www.artestar.eu\/fr\/al-por-mayor\/jirafa-de-crochet-sonajero\/\",\"name\":\"Jirafa de crochet sonajero para mordedor - Artestar\",\"isPartOf\":{\"@id\":\"https:\/\/www.artestar.eu\/fr\/#website\"},\"datePublished\":\"2023-12-11T14:29:51+00:00\",\"dateModified\":\"2023-12-14T10:40:37+00:00\",\"description\":\"Jirafa de crochet sonajero para mordedor, Crochet jirafa Mordedores para Beb\u00e9, Sonajero de Ganchillo en forma de jirafa para dentici\u00f3n\",\"breadcrumb\":{\"@id\":\"https:\/\/www.artestar.eu\/fr\/al-por-mayor\/jirafa-de-crochet-sonajero\/#breadcrumb\"},\"inLanguage\":\"fr-FR\",\"potentialAction\":[{\"@type\":\"ReadAction\",\"target\":[\"https:\/\/www.artestar.eu\/fr\/al-por-mayor\/jirafa-de-crochet-sonajero\/\"]}]},{\"@type\":\"BreadcrumbList\",\"@id\":\"https:\/\/www.artestar.eu\/fr\/al-por-mayor\/jirafa-de-crochet-sonajero\/#breadcrumb\",\"itemListElement\":[{\"@type\":\"ListItem\",\"position\":1,\"name\":\"Artestar\",\"item\":\"https:\/\/www.artestar.eu\/fr\/\"},{\"@type\":\"ListItem\",\"position\":2,\"name\":\"De gros\",\"item\":\"https:\/\/www.artestar.eu\/fr\/de-gros\/\"},{\"@type\":\"ListItem\",\"position\":3,\"name\":\"5 Jirafa de Crochet Sonajero\"}]},{\"@type\":\"WebSite\",\"@id\":\"https:\/\/www.artestar.eu\/fr\/#website\",\"url\":\"https:\/\/www.artestar.eu\/fr\/\",\"name\":\"Artestar\",\"description\":\"Mayorista en abalorios y joyer\u00eda\",\"publisher\":{\"@id\":\"https:\/\/www.artestar.eu\/fr\/#organization\"},\"alternateName\":\"Artestar-EU\",\"potentialAction\":[{\"@type\":\"SearchAction\",\"target\":{\"@type\":\"EntryPoint\",\"urlTemplate\":\"https:\/\/www.artestar.eu\/fr\/?s={search_term_string}\"},\"query-input\":\"required name=search_term_string\"}],\"inLanguage\":\"fr-FR\"},{\"@type\":[\"Organization\",\"Place\"],\"@id\":\"https:\/\/www.artestar.eu\/fr\/#organization\",\"name\":\"RUBY ABALORIO S.L.\",\"alternateName\":\"Artestar\",\"url\":\"https:\/\/www.artestar.eu\/fr\/\",\"logo\":{\"@id\":\"https:\/\/www.artestar.eu\/fr\/al-por-mayor\/jirafa-de-crochet-sonajero\/#local-main-organization-logo\"},\"image\":{\"@id\":\"https:\/\/www.artestar.eu\/fr\/al-por-mayor\/jirafa-de-crochet-sonajero\/#local-main-organization-logo\"},\"sameAs\":[\"https:\/\/www.facebook.com\/ARTESTAREU\",\"https:\/\/www.instagram.com\/artestareu\/\",\"https:\/\/www.pinterest.es\/artestar_eu\/\",\"https:\/\/www.tiktok.com\/@artestar_wholesale\"],\"openingHoursSpecification\":[{\"@type\":\"OpeningHoursSpecification\",\"dayOfWeek\":[\"Monday\",\"Tuesday\",\"Wednesday\",\"Thursday\",\"Friday\",\"Saturday\",\"Sunday\"],\"opens\":\"09:00\",\"closes\":\"17:00\"}]},{\"@type\":\"ImageObject\",\"inLanguage\":\"fr-FR\",\"@id\":\"https:\/\/www.artestar.eu\/fr\/al-por-mayor\/jirafa-de-crochet-sonajero\/#local-main-organization-logo\",\"url\":\"https:\/\/www.artestar.eu\/wp-content\/uploads\/2023\/05\/cropped-png.png\",\"contentUrl\":\"https:\/\/www.artestar.eu\/wp-content\/uploads\/2023\/05\/cropped-png.png\",\"width\":512,\"height\":512,\"caption\":\"RUBY ABALORIO S.L.\"}]}<\/script>\n<meta property=\"og:availability\" content=\"instock\" \/>\n<meta property=\"product:availability\" content=\"instock\" \/>\n<meta property=\"product:retailer_item_id\" content=\"SP0800P\" \/>\n<meta property=\"product:condition\" content=\"new\" \/>\n<!-- \/ Yoast SEO Premium plugin. -->","yoast_head_json":{"title":"Jirafa de crochet sonajero para mordedor - Artestar","description":"Jirafa de crochet sonajero para mordedor, Crochet jirafa Mordedores para Beb\u00e9, Sonajero de Ganchillo en forma de jirafa para dentici\u00f3n","robots":{"index":"index","follow":"follow","max-snippet":"max-snippet:-1","max-image-preview":"max-image-preview:large","max-video-preview":"max-video-preview:-1"},"canonical":"https:\/\/www.artestar.eu\/fr\/al-por-mayor\/jirafa-de-crochet-sonajero\/","og_locale":"fr_FR","og_type":"article","og_title":"5 Jirafa de Crochet Sonajero","og_description":"Jirafa de crochet sonajero para mordedor, Crochet jirafa Mordedores para Beb\u00e9, Sonajero de Ganchillo en forma de jirafa para dentici\u00f3n","og_url":"https:\/\/www.artestar.eu\/fr\/al-por-mayor\/jirafa-de-crochet-sonajero\/","og_site_name":"Artestar","article_publisher":"https:\/\/www.facebook.com\/ARTESTAREU","article_modified_time":"2023-12-14T10:40:37+00:00","og_image":[{"width":1200,"height":1200,"url":"https:\/\/www.artestar.eu\/wp-content\/uploads\/2023\/12\/AMI5502AM.jpg","type":"image\/jpeg"}],"twitter_card":"summary_large_image","twitter_misc":{"Availability":"En stock"},"schema":{"@context":"https:\/\/schema.org","@graph":[{"@type":"WebPage","@id":"https:\/\/www.artestar.eu\/fr\/al-por-mayor\/jirafa-de-crochet-sonajero\/","url":"https:\/\/www.artestar.eu\/fr\/al-por-mayor\/jirafa-de-crochet-sonajero\/","name":"Jirafa de crochet sonajero para mordedor - Artestar","isPartOf":{"@id":"https:\/\/www.artestar.eu\/fr\/#website"},"datePublished":"2023-12-11T14:29:51+00:00","dateModified":"2023-12-14T10:40:37+00:00","description":"Jirafa de crochet sonajero para mordedor, Crochet jirafa Mordedores para Beb\u00e9, Sonajero de Ganchillo en forma de jirafa para dentici\u00f3n","breadcrumb":{"@id":"https:\/\/www.artestar.eu\/fr\/al-por-mayor\/jirafa-de-crochet-sonajero\/#breadcrumb"},"inLanguage":"fr-FR","potentialAction":[{"@type":"ReadAction","target":["https:\/\/www.artestar.eu\/fr\/al-por-mayor\/jirafa-de-crochet-sonajero\/"]}]},{"@type":"BreadcrumbList","@id":"https:\/\/www.artestar.eu\/fr\/al-por-mayor\/jirafa-de-crochet-sonajero\/#breadcrumb","itemListElement":[{"@type":"ListItem","position":1,"name":"Artestar","item":"https:\/\/www.artestar.eu\/fr\/"},{"@type":"ListItem","position":2,"name":"De gros","item":"https:\/\/www.artestar.eu\/fr\/de-gros\/"},{"@type":"ListItem","position":3,"name":"5 Jirafa de Crochet Sonajero"}]},{"@type":"WebSite","@id":"https:\/\/www.artestar.eu\/fr\/#website","url":"https:\/\/www.artestar.eu\/fr\/","name":"Artestar","description":"Mayorista en abalorios y joyer\u00eda","publisher":{"@id":"https:\/\/www.artestar.eu\/fr\/#organization"},"alternateName":"Artestar-EU","potentialAction":[{"@type":"SearchAction","target":{"@type":"EntryPoint","urlTemplate":"https:\/\/www.artestar.eu\/fr\/?s={search_term_string}"},"query-input":"required name=search_term_string"}],"inLanguage":"fr-FR"},{"@type":["Organization","Place"],"@id":"https:\/\/www.artestar.eu\/fr\/#organization","name":"RUBY ABALORIO S.L.","alternateName":"Artestar","url":"https:\/\/www.artestar.eu\/fr\/","logo":{"@id":"https:\/\/www.artestar.eu\/fr\/al-por-mayor\/jirafa-de-crochet-sonajero\/#local-main-organization-logo"},"image":{"@id":"https:\/\/www.artestar.eu\/fr\/al-por-mayor\/jirafa-de-crochet-sonajero\/#local-main-organization-logo"},"sameAs":["https:\/\/www.facebook.com\/ARTESTAREU","https:\/\/www.instagram.com\/artestareu\/","https:\/\/www.pinterest.es\/artestar_eu\/","https:\/\/www.tiktok.com\/@artestar_wholesale"],"openingHoursSpecification":[{"@type":"OpeningHoursSpecification","dayOfWeek":["Monday","Tuesday","Wednesday","Thursday","Friday","Saturday","Sunday"],"opens":"09:00","closes":"17:00"}]},{"@type":"ImageObject","inLanguage":"fr-FR","@id":"https:\/\/www.artestar.eu\/fr\/al-por-mayor\/jirafa-de-crochet-sonajero\/#local-main-organization-logo","url":"https:\/\/www.artestar.eu\/wp-content\/uploads\/2023\/05\/cropped-png.png","contentUrl":"https:\/\/www.artestar.eu\/wp-content\/uploads\/2023\/05\/cropped-png.png","width":512,"height":512,"caption":"RUBY ABALORIO S.L."}]},"og_availability":"instock","product_availability":"instock","product_retailer_item_id":"SP0800P","product_condition":"new"},"tiered_pricing_type":"fixed","tiered_pricing_fixed_rules":[],"tiered_pricing_percentage_rules":[],"tiered_pricing_minimum":null,"_administrator_tiered_pricing_type":"fixed","_administrator_tiered_pricing_fixed_rules":[],"_editor_tiered_pricing_type":"fixed","_editor_tiered_pricing_fixed_rules":[],"_author_tiered_pricing_type":"fixed","_author_tiered_pricing_fixed_rules":[],"_contributor_tiered_pricing_type":"fixed","_contributor_tiered_pricing_fixed_rules":[],"_subscriber_tiered_pricing_type":"fixed","_subscriber_tiered_pricing_fixed_rules":[],"_wpseo_manager_tiered_pricing_type":"fixed","_wpseo_manager_tiered_pricing_fixed_rules":[],"_wpseo_editor_tiered_pricing_type":"fixed","_wpseo_editor_tiered_pricing_fixed_rules":[],"_customer_tiered_pricing_type":"fixed","_customer_tiered_pricing_fixed_rules":[],"_shop_manager_tiered_pricing_type":"fixed","_shop_manager_tiered_pricing_fixed_rules":[],"_product_manager_tiered_pricing_type":"fixed","_product_manager_tiered_pricing_fixed_rules":[],"_links":{"self":[{"href":"https:\/\/www.artestar.eu\/fr\/wp-json\/wp\/v2\/product\/55648"}],"collection":[{"href":"https:\/\/www.artestar.eu\/fr\/wp-json\/wp\/v2\/product"}],"about":[{"href":"https:\/\/www.artestar.eu\/fr\/wp-json\/wp\/v2\/types\/product"}],"replies":[{"embeddable":true,"href":"https:\/\/www.artestar.eu\/fr\/wp-json\/wp\/v2\/comments?post=55648"}],"version-history":[{"count":4,"href":"https:\/\/www.artestar.eu\/fr\/wp-json\/wp\/v2\/product\/55648\/revisions"}],"predecessor-version":[{"id":57874,"href":"https:\/\/www.artestar.eu\/fr\/wp-json\/wp\/v2\/product\/55648\/revisions\/57874"}],"wp:featuredmedia":[{"embeddable":true,"href":"https:\/\/www.artestar.eu\/fr\/wp-json\/wp\/v2\/media\/55813"}],"wp:attachment":[{"href":"https:\/\/www.artestar.eu\/fr\/wp-json\/wp\/v2\/media?parent=55648"}],"wp:term":[{"taxonomy":"product_cat","embeddable":true,"href":"https:\/\/www.artestar.eu\/fr\/wp-json\/wp\/v2\/product_cat?post=55648"},{"taxonomy":"product_tag","embeddable":true,"href":"https:\/\/www.artestar.eu\/fr\/wp-json\/wp\/v2\/product_tag?post=55648"}],"curies":[{"name":"wp","href":"https:\/\/api.w.org\/{rel}","templated":true}]}}