{"id":56867,"date":"2023-12-12T09:38:59","date_gmt":"2023-12-12T09:38:59","guid":{"rendered":"https:\/\/www.artestar.eu\/?post_type=product&#038;p=56867"},"modified":"2023-12-14T07:38:56","modified_gmt":"2023-12-14T07:38:56","slug":"kit-126-piezas-juego-cuentas-de-madera-manualidades","status":"publish","type":"product","link":"https:\/\/www.artestar.eu\/fr\/al-por-mayor\/kit-126-piezas-juego-cuentas-de-madera-manualidades\/","title":{"rendered":"Kit 126 Piezas Juego Cuentas de Madera Manualidades"},"content":{"rendered":"<h3><strong>Kit de 126 Cuentas de Madera Natural<\/strong><\/h3>\n<p>Aros, bolas y formas de madera natural redondo sin acabar, no t\u00f3xico, es f\u00e1cil de pintar o embellecer sobre el. Ideal para decoraci\u00f3n de regalo para navidad o cualquier festivo, campana de viento, etc\u2026 Dise\u00f1a, crea y da rienda suelta a tu imaginaci\u00f3n.<\/p>\n<ul>\n<li>Madera Natural: Las cuentas de madera y los anillo madera del kit madera manualidades est\u00e1n hechos 100 % de madera de alta calidad.<\/li>\n<li>La superficie es lisa y duradera, y el kit manualidades de color de madera original es m\u00e1s f\u00e1cil para la creaci\u00f3n de bricolaje.<\/li>\n<li>Abundantes Accesorios: el macrame kit contiene 85 abalorios madera redonda de 4 tama\u00f1os diferentes, 15 bolas para pulseras planas de madera, 5 cuentas de madera octogonales, 5 cuentas de madera en forma de coraz\u00f3n y 5 cuentas de madera en forma de estrella. Tambi\u00e9n hay 15 aros de madera en 2 tama\u00f1os y 1 rollos de alambre de cera de 10 m. Hay amplias cantidades en el kit maderas para bricolaje para permitir que su rica creatividad se desate.<\/li>\n<li>DIY Procesamiento: Puede te\u00f1ir o pintar las bolas de madera para manualidades natural y los aros de madera para manualidades en el kit accesorios macrame seg\u00fan sus preferencias, y use este kit bolas madera para crear artesan\u00edas \u00fanicas.<\/li>\n<li>Uso M\u00faLtiple: el kit anillas madera se puede usar para hacer de manualidades como bolas navidad madera, bolas pulseras y llaveros.<\/li>\n<li>Tambi\u00e9n puede usar el kit bolas madera manualidades para hacer decoraciones de pared, sala de estar y jard\u00edn.<\/li>\n<li>Regalos para Ni\u00f1os: Este kit bolas de madera se puede usar como regalo para ni\u00f1os.<\/li>\n<li>Deje que los ni\u00f1os usen este kit aros madera manualidades para hacer creaciones hechas a mano en su tiempo libre.<\/li>\n<li>Lo que puede enriquecer la vida de fin de semana de los ni\u00f1os.<\/li>\n<\/ul>\n<p><strong>ADVERTENCIA<\/strong><\/p>\n<p>No dejar las piezas sueltas al alcance de los ni\u00f1os, las piezas sueltas pueden provocar asfixias.<\/p>\n<p><img decoding=\"async\" class=\"alignnone wp-image-62496\" src=\"https:\/\/www.rubydiy.com\/wp-content\/uploads\/2023\/02\/81jPNZ0TbkL-300x300.jpg\" alt=\"Kit cuentas de madera natural\" width=\"320\" height=\"320\" \/> \u00a0 \u00a0 \u00a0 <a href=\"https:\/\/www.rubydiy.com\/wp-content\/uploads\/2023\/02\/71VqrKaxtML.jpg\"><img decoding=\"async\" class=\"alignnone wp-image-62484\" src=\"https:\/\/www.rubydiy.com\/wp-content\/uploads\/2023\/02\/71VqrKaxtML-300x300.jpg\" alt=\"Kit cuentas de madera natural\" width=\"320\" height=\"320\" \/> \u00a0 \u00a0 \u00a0 <\/a><img decoding=\"async\" class=\"alignnone wp-image-62466\" src=\"https:\/\/www.rubydiy.com\/wp-content\/uploads\/2023\/02\/61ehfRaBVeL-300x300.jpg\" alt=\"Kit cuentas de madera natural\" width=\"320\" height=\"320\" \/><\/p>\n<p>&nbsp;<\/p>\n<h3>Kit Cuentas de Madera Natural<\/h3>\n<p><strong>Especificaci\u00f3n<\/strong><\/p>\n<ul>\n<li>Los kit cuentas de madera natural son ideales para las creaciones de bricolaje!<\/li>\n<li>Las bolas de madera con agujero y circulos madera originales de madera color madera del kit se pueden combinar con cualquier estilo de decoraci\u00f3n.<\/li>\n<li>Se pueden hacer tapices, tapices y cordones para macetas, etc.<\/li>\n<li>A partir de kit aros madera y cuerdas de algod\u00f3n, perfectos para principiantes en la artesan\u00eda.<\/li>\n<li>La elaboraci\u00f3n con kit accesorios pulseras le permite dejar de lado sus dispositivos electr\u00f3nicos por un tiempo y relajarse.<\/li>\n<li>Pase los fines de semana con sus hijos haciendo manualidades con este kit de pulseras con cuentas.<\/li>\n<li>Puede cultivar su imaginaci\u00f3n y creatividad.<\/li>\n<li>El Comprador asume toda la responsabilidad respecto al uso del producto.<\/li>\n<li>Si alg\u00fan da\u00f1o o p\u00e9rdida es causado por la negligencia del comprador, el vendedor no ser\u00e1 responsable<\/li>\n<\/ul>\n","protected":false},"excerpt":{"rendered":"<p><strong>10 Kit 126 Piezas Juego Cuentas de Madera Manualidades <\/strong><\/p>\n<ul>\n<li><strong>Material:<\/strong> Madera Natural<\/li>\n<li><strong>Cantidad:<\/strong>kit de 126 pcs<\/li>\n<li><strong>Tama\u00f1o:<\/strong> 10cm x 17cm x 2.5cm<\/li>\n<\/ul>\n","protected":false},"featured_media":57309,"comment_status":"closed","ping_status":"closed","template":"","meta":[],"product_cat":[3716,3145],"product_tag":[],"yoast_head":"<!-- This site is optimized with the Yoast SEO Premium plugin v20.5 (Yoast SEO v21.5) - https:\/\/yoast.com\/wordpress\/plugins\/seo\/ -->\n<title>Kit 126 Piezas Cuentas de Madera Manualidades | Artestar<\/title>\n<meta name=\"description\" content=\"Kit 126 Piezas con cuentas de madera para manualidades, aros de madera, anillas, bolas de madera, cuentas octogonales, bolitas de corazones y estrellas.\" \/>\n<meta name=\"robots\" content=\"index, follow, max-snippet:-1, max-image-preview:large, max-video-preview:-1\" \/>\n<link rel=\"canonical\" href=\"https:\/\/www.artestar.eu\/fr\/al-por-mayor\/kit-126-piezas-juego-cuentas-de-madera-manualidades\/\" \/>\n<meta property=\"og:locale\" content=\"fr_FR\" \/>\n<meta property=\"og:type\" content=\"article\" \/>\n<meta property=\"og:title\" content=\"Kit 126 Piezas Juego Cuentas de Madera Manualidades\" \/>\n<meta property=\"og:description\" content=\"Kit 126 Piezas con cuentas de madera para manualidades, aros de madera, anillas, bolas de madera, cuentas octogonales, bolitas de corazones y estrellas.\" \/>\n<meta property=\"og:url\" content=\"https:\/\/www.artestar.eu\/fr\/al-por-mayor\/kit-126-piezas-juego-cuentas-de-madera-manualidades\/\" \/>\n<meta property=\"og:site_name\" content=\"Artestar\" \/>\n<meta property=\"article:publisher\" content=\"https:\/\/www.facebook.com\/ARTESTAREU\" \/>\n<meta property=\"article:modified_time\" content=\"2023-12-14T07:38:56+00:00\" \/>\n<meta property=\"og:image\" content=\"https:\/\/www.artestar.eu\/wp-content\/uploads\/2023\/12\/71zWLuwfgLL.jpg\" \/>\n\t<meta property=\"og:image:width\" content=\"1600\" \/>\n\t<meta property=\"og:image:height\" content=\"1600\" \/>\n\t<meta property=\"og:image:type\" content=\"image\/jpeg\" \/>\n<meta name=\"twitter:card\" content=\"summary_large_image\" \/>\n<meta name=\"twitter:label1\" content=\"Prix\" \/>\n\t<meta name=\"twitter:data1\" content=\"6,29&nbsp;&euro; (TVA NON incluse)\" \/>\n\t<meta name=\"twitter:label2\" content=\"Availability\" \/>\n\t<meta name=\"twitter:data2\" content=\"En stock\" \/>\n<script type=\"application\/ld+json\" class=\"yoast-schema-graph\">{\"@context\":\"https:\/\/schema.org\",\"@graph\":[{\"@type\":\"WebPage\",\"@id\":\"https:\/\/www.artestar.eu\/fr\/al-por-mayor\/kit-126-piezas-juego-cuentas-de-madera-manualidades\/\",\"url\":\"https:\/\/www.artestar.eu\/fr\/al-por-mayor\/kit-126-piezas-juego-cuentas-de-madera-manualidades\/\",\"name\":\"Kit 126 Piezas Cuentas de Madera Manualidades | Artestar\",\"isPartOf\":{\"@id\":\"https:\/\/www.artestar.eu\/fr\/#website\"},\"datePublished\":\"2023-12-12T09:38:59+00:00\",\"dateModified\":\"2023-12-14T07:38:56+00:00\",\"description\":\"Kit 126 Piezas con cuentas de madera para manualidades, aros de madera, anillas, bolas de madera, cuentas octogonales, bolitas de corazones y estrellas.\",\"breadcrumb\":{\"@id\":\"https:\/\/www.artestar.eu\/fr\/al-por-mayor\/kit-126-piezas-juego-cuentas-de-madera-manualidades\/#breadcrumb\"},\"inLanguage\":\"fr-FR\",\"potentialAction\":[{\"@type\":\"ReadAction\",\"target\":[\"https:\/\/www.artestar.eu\/fr\/al-por-mayor\/kit-126-piezas-juego-cuentas-de-madera-manualidades\/\"]}]},{\"@type\":\"BreadcrumbList\",\"@id\":\"https:\/\/www.artestar.eu\/fr\/al-por-mayor\/kit-126-piezas-juego-cuentas-de-madera-manualidades\/#breadcrumb\",\"itemListElement\":[{\"@type\":\"ListItem\",\"position\":1,\"name\":\"Artestar\",\"item\":\"https:\/\/www.artestar.eu\/fr\/\"},{\"@type\":\"ListItem\",\"position\":2,\"name\":\"De gros\",\"item\":\"https:\/\/www.artestar.eu\/fr\/de-gros\/\"},{\"@type\":\"ListItem\",\"position\":3,\"name\":\"Kit 126 Piezas Juego Cuentas de Madera Manualidades\"}]},{\"@type\":\"WebSite\",\"@id\":\"https:\/\/www.artestar.eu\/fr\/#website\",\"url\":\"https:\/\/www.artestar.eu\/fr\/\",\"name\":\"Artestar\",\"description\":\"Mayorista en abalorios y joyer\u00eda\",\"publisher\":{\"@id\":\"https:\/\/www.artestar.eu\/fr\/#organization\"},\"alternateName\":\"Artestar-EU\",\"potentialAction\":[{\"@type\":\"SearchAction\",\"target\":{\"@type\":\"EntryPoint\",\"urlTemplate\":\"https:\/\/www.artestar.eu\/fr\/?s={search_term_string}\"},\"query-input\":\"required name=search_term_string\"}],\"inLanguage\":\"fr-FR\"},{\"@type\":[\"Organization\",\"Place\"],\"@id\":\"https:\/\/www.artestar.eu\/fr\/#organization\",\"name\":\"RUBY ABALORIO S.L.\",\"alternateName\":\"Artestar\",\"url\":\"https:\/\/www.artestar.eu\/fr\/\",\"logo\":{\"@id\":\"https:\/\/www.artestar.eu\/fr\/al-por-mayor\/kit-126-piezas-juego-cuentas-de-madera-manualidades\/#local-main-organization-logo\"},\"image\":{\"@id\":\"https:\/\/www.artestar.eu\/fr\/al-por-mayor\/kit-126-piezas-juego-cuentas-de-madera-manualidades\/#local-main-organization-logo\"},\"sameAs\":[\"https:\/\/www.facebook.com\/ARTESTAREU\",\"https:\/\/www.instagram.com\/artestareu\/\",\"https:\/\/www.pinterest.es\/artestar_eu\/\",\"https:\/\/www.tiktok.com\/@artestar_wholesale\"],\"openingHoursSpecification\":[{\"@type\":\"OpeningHoursSpecification\",\"dayOfWeek\":[\"Monday\",\"Tuesday\",\"Wednesday\",\"Thursday\",\"Friday\",\"Saturday\",\"Sunday\"],\"opens\":\"09:00\",\"closes\":\"17:00\"}]},{\"@type\":\"ImageObject\",\"inLanguage\":\"fr-FR\",\"@id\":\"https:\/\/www.artestar.eu\/fr\/al-por-mayor\/kit-126-piezas-juego-cuentas-de-madera-manualidades\/#local-main-organization-logo\",\"url\":\"https:\/\/www.artestar.eu\/wp-content\/uploads\/2023\/05\/cropped-png.png\",\"contentUrl\":\"https:\/\/www.artestar.eu\/wp-content\/uploads\/2023\/05\/cropped-png.png\",\"width\":512,\"height\":512,\"caption\":\"RUBY ABALORIO S.L.\"}]}<\/script>\n<meta property=\"product:price:amount\" content=\"6.29\" \/>\n<meta property=\"product:price:currency\" content=\"EUR\" \/>\n<meta property=\"og:availability\" content=\"instock\" \/>\n<meta property=\"product:availability\" content=\"instock\" \/>\n<meta property=\"product:retailer_item_id\" content=\"X001LW75YX\" \/>\n<meta property=\"product:condition\" content=\"new\" \/>\n<!-- \/ Yoast SEO Premium plugin. -->","yoast_head_json":{"title":"Kit 126 Piezas Cuentas de Madera Manualidades | Artestar","description":"Kit 126 Piezas con cuentas de madera para manualidades, aros de madera, anillas, bolas de madera, cuentas octogonales, bolitas de corazones y estrellas.","robots":{"index":"index","follow":"follow","max-snippet":"max-snippet:-1","max-image-preview":"max-image-preview:large","max-video-preview":"max-video-preview:-1"},"canonical":"https:\/\/www.artestar.eu\/fr\/al-por-mayor\/kit-126-piezas-juego-cuentas-de-madera-manualidades\/","og_locale":"fr_FR","og_type":"article","og_title":"Kit 126 Piezas Juego Cuentas de Madera Manualidades","og_description":"Kit 126 Piezas con cuentas de madera para manualidades, aros de madera, anillas, bolas de madera, cuentas octogonales, bolitas de corazones y estrellas.","og_url":"https:\/\/www.artestar.eu\/fr\/al-por-mayor\/kit-126-piezas-juego-cuentas-de-madera-manualidades\/","og_site_name":"Artestar","article_publisher":"https:\/\/www.facebook.com\/ARTESTAREU","article_modified_time":"2023-12-14T07:38:56+00:00","og_image":[{"width":1600,"height":1600,"url":"https:\/\/www.artestar.eu\/wp-content\/uploads\/2023\/12\/71zWLuwfgLL.jpg","type":"image\/jpeg"}],"twitter_card":"summary_large_image","twitter_misc":{"Prix":"6,29&nbsp;&euro; (TVA NON incluse)","Availability":"En stock"},"schema":{"@context":"https:\/\/schema.org","@graph":[{"@type":"WebPage","@id":"https:\/\/www.artestar.eu\/fr\/al-por-mayor\/kit-126-piezas-juego-cuentas-de-madera-manualidades\/","url":"https:\/\/www.artestar.eu\/fr\/al-por-mayor\/kit-126-piezas-juego-cuentas-de-madera-manualidades\/","name":"Kit 126 Piezas Cuentas de Madera Manualidades | Artestar","isPartOf":{"@id":"https:\/\/www.artestar.eu\/fr\/#website"},"datePublished":"2023-12-12T09:38:59+00:00","dateModified":"2023-12-14T07:38:56+00:00","description":"Kit 126 Piezas con cuentas de madera para manualidades, aros de madera, anillas, bolas de madera, cuentas octogonales, bolitas de corazones y estrellas.","breadcrumb":{"@id":"https:\/\/www.artestar.eu\/fr\/al-por-mayor\/kit-126-piezas-juego-cuentas-de-madera-manualidades\/#breadcrumb"},"inLanguage":"fr-FR","potentialAction":[{"@type":"ReadAction","target":["https:\/\/www.artestar.eu\/fr\/al-por-mayor\/kit-126-piezas-juego-cuentas-de-madera-manualidades\/"]}]},{"@type":"BreadcrumbList","@id":"https:\/\/www.artestar.eu\/fr\/al-por-mayor\/kit-126-piezas-juego-cuentas-de-madera-manualidades\/#breadcrumb","itemListElement":[{"@type":"ListItem","position":1,"name":"Artestar","item":"https:\/\/www.artestar.eu\/fr\/"},{"@type":"ListItem","position":2,"name":"De gros","item":"https:\/\/www.artestar.eu\/fr\/de-gros\/"},{"@type":"ListItem","position":3,"name":"Kit 126 Piezas Juego Cuentas de Madera Manualidades"}]},{"@type":"WebSite","@id":"https:\/\/www.artestar.eu\/fr\/#website","url":"https:\/\/www.artestar.eu\/fr\/","name":"Artestar","description":"Mayorista en abalorios y joyer\u00eda","publisher":{"@id":"https:\/\/www.artestar.eu\/fr\/#organization"},"alternateName":"Artestar-EU","potentialAction":[{"@type":"SearchAction","target":{"@type":"EntryPoint","urlTemplate":"https:\/\/www.artestar.eu\/fr\/?s={search_term_string}"},"query-input":"required name=search_term_string"}],"inLanguage":"fr-FR"},{"@type":["Organization","Place"],"@id":"https:\/\/www.artestar.eu\/fr\/#organization","name":"RUBY ABALORIO S.L.","alternateName":"Artestar","url":"https:\/\/www.artestar.eu\/fr\/","logo":{"@id":"https:\/\/www.artestar.eu\/fr\/al-por-mayor\/kit-126-piezas-juego-cuentas-de-madera-manualidades\/#local-main-organization-logo"},"image":{"@id":"https:\/\/www.artestar.eu\/fr\/al-por-mayor\/kit-126-piezas-juego-cuentas-de-madera-manualidades\/#local-main-organization-logo"},"sameAs":["https:\/\/www.facebook.com\/ARTESTAREU","https:\/\/www.instagram.com\/artestareu\/","https:\/\/www.pinterest.es\/artestar_eu\/","https:\/\/www.tiktok.com\/@artestar_wholesale"],"openingHoursSpecification":[{"@type":"OpeningHoursSpecification","dayOfWeek":["Monday","Tuesday","Wednesday","Thursday","Friday","Saturday","Sunday"],"opens":"09:00","closes":"17:00"}]},{"@type":"ImageObject","inLanguage":"fr-FR","@id":"https:\/\/www.artestar.eu\/fr\/al-por-mayor\/kit-126-piezas-juego-cuentas-de-madera-manualidades\/#local-main-organization-logo","url":"https:\/\/www.artestar.eu\/wp-content\/uploads\/2023\/05\/cropped-png.png","contentUrl":"https:\/\/www.artestar.eu\/wp-content\/uploads\/2023\/05\/cropped-png.png","width":512,"height":512,"caption":"RUBY ABALORIO S.L."}]},"product_price_amount":"6.29","product_price_currency":"EUR","og_availability":"instock","product_availability":"instock","product_retailer_item_id":"X001LW75YX","product_condition":"new"},"tiered_pricing_type":"fixed","tiered_pricing_fixed_rules":[],"tiered_pricing_percentage_rules":[],"tiered_pricing_minimum":null,"_administrator_tiered_pricing_type":"fixed","_administrator_tiered_pricing_fixed_rules":[],"_editor_tiered_pricing_type":"fixed","_editor_tiered_pricing_fixed_rules":[],"_author_tiered_pricing_type":"fixed","_author_tiered_pricing_fixed_rules":[],"_contributor_tiered_pricing_type":"fixed","_contributor_tiered_pricing_fixed_rules":[],"_subscriber_tiered_pricing_type":"fixed","_subscriber_tiered_pricing_fixed_rules":[],"_wpseo_manager_tiered_pricing_type":"fixed","_wpseo_manager_tiered_pricing_fixed_rules":[],"_wpseo_editor_tiered_pricing_type":"fixed","_wpseo_editor_tiered_pricing_fixed_rules":[],"_customer_tiered_pricing_type":"fixed","_customer_tiered_pricing_fixed_rules":[],"_shop_manager_tiered_pricing_type":"fixed","_shop_manager_tiered_pricing_fixed_rules":[],"_product_manager_tiered_pricing_type":"fixed","_product_manager_tiered_pricing_fixed_rules":[],"_links":{"self":[{"href":"https:\/\/www.artestar.eu\/fr\/wp-json\/wp\/v2\/product\/56867"}],"collection":[{"href":"https:\/\/www.artestar.eu\/fr\/wp-json\/wp\/v2\/product"}],"about":[{"href":"https:\/\/www.artestar.eu\/fr\/wp-json\/wp\/v2\/types\/product"}],"replies":[{"embeddable":true,"href":"https:\/\/www.artestar.eu\/fr\/wp-json\/wp\/v2\/comments?post=56867"}],"version-history":[{"count":3,"href":"https:\/\/www.artestar.eu\/fr\/wp-json\/wp\/v2\/product\/56867\/revisions"}],"predecessor-version":[{"id":57734,"href":"https:\/\/www.artestar.eu\/fr\/wp-json\/wp\/v2\/product\/56867\/revisions\/57734"}],"wp:featuredmedia":[{"embeddable":true,"href":"https:\/\/www.artestar.eu\/fr\/wp-json\/wp\/v2\/media\/57309"}],"wp:attachment":[{"href":"https:\/\/www.artestar.eu\/fr\/wp-json\/wp\/v2\/media?parent=56867"}],"wp:term":[{"taxonomy":"product_cat","embeddable":true,"href":"https:\/\/www.artestar.eu\/fr\/wp-json\/wp\/v2\/product_cat?post=56867"},{"taxonomy":"product_tag","embeddable":true,"href":"https:\/\/www.artestar.eu\/fr\/wp-json\/wp\/v2\/product_tag?post=56867"}],"curies":[{"name":"wp","href":"https:\/\/api.w.org\/{rel}","templated":true}]}}