{"id":57943,"date":"2023-12-13T16:24:22","date_gmt":"2023-12-13T16:24:22","guid":{"rendered":"https:\/\/www.artestar.eu\/al-por-mayor\/10-cerf-au-crochet\/"},"modified":"2023-12-13T16:24:22","modified_gmt":"2023-12-13T16:24:22","slug":"10-cerf-crochet","status":"publish","type":"product","link":"https:\/\/www.artestar.eu\/fr\/de-gros\/10-cerf-crochet\/","title":{"rendered":"10 cerf au Crochet"},"content":{"rendered":"<h3><strong>T\u00eate de cerf au crochet <\/strong><strong>pour b\u00e9b\u00e9<\/strong><\/h3>\n<p>Jouet en peluche au crochet en forme d\u2019\u00e9l\u00e9phant pour attache-t\u00e9tine ou jouets pour b\u00e9b\u00e9. La pi\u00e8ce de pr\u00e9hension de taille moyenne convient \u00e0 b\u00e9b\u00e9, ce qui favorise la croissance et le d\u00e9veloppement des enfants.<\/p>\n<ul>\n<li>Quantit\u00e9 : 10pc<\/li>\n<li>Taille&nbsp;: 45 x 32mm forme de t\u00eate de cerf<\/li>\n<li>Mat\u00e9riel&nbsp;: crochet\u00e9 avec du coton 100% naturel, il est s\u00fbr, \u00e9cologique et hypoallerg\u00e9nique.<\/li>\n<li>La pi\u00e8ce de pr\u00e9hension de taille moyenne convient \u00e0 b\u00e9b\u00e9, ce qui favorise la croissance et le d\u00e9veloppement des enfants.<\/li>\n<li>Convient aux enfants de tout \u00e2ge. . Parfait comme jeu, d\u00e9coration dans les chambres d\u2019enfants ou comme accessoire photographique.<\/li>\n<li>La conception de cerf mignon attirera l\u2019amour et l\u2019attention de votre b\u00e9b\u00e9, la forme de l\u2019animal est d\u2019aider le b\u00e9b\u00e9 \u00e0 rencontrer les petits animaux.<\/li>\n<\/ul>\n<p>&nbsp;<\/p>\n<h3><strong>Amigurimi t\u00eate de cerf au Crochet pour bricolage<\/strong><\/h3>\n<p><strong>Sp\u00e9cification<\/strong><\/p>\n<ul>\n<li>Seul le cerf au crochet pour b\u00e9b\u00e9, montrer d\u2019autres accessoires dans l\u2019image n\u2019est pas inclus.<\/li>\n<li>La couleur peut varier l\u00e9g\u00e8rement en fonction des param\u00e8tres de votre \u00e9cran.<\/li>\n<li>L\u2019Acheteur assume l\u2019enti\u00e8re responsabilit\u00e9 de l\u2019utilisation du produit.<\/li>\n<li>Si un dommage ou une perte est caus\u00e9 par la n\u00e9gligence de l\u2019acheteur, le vendeur ne sera pas responsable.<\/li>\n<\/ul>\n<p><strong>Conseils<\/strong><\/p>\n<ul>\n<li>Si vous souhaitez st\u00e9riliser ces figures au crochet, il suffit de les nettoyer avec de l\u2019eau ti\u00e8de et du savon neutre.<\/li>\n<\/ul>\n<p><strong>IMPORTANT:<\/strong><\/p>\n<ul>\n<li><strong>Ces articles en vrac sont des pi\u00e8ces inachev\u00e9es. Gardez-le hors de port\u00e9e des jeunes enfants s\u2019il n\u2019a pas fini de s\u2019assembler.<\/strong><\/li>\n<\/ul>\n","protected":false},"excerpt":{"rendered":"<p><strong>Dimensions approximatives :<\/strong> 45 x 32 mm (oreilles ouvertes)<\/p>\n<p><strong>Quantit\u00e9 :<\/strong> 10 pcs.<\/p>\n<p><strong>Mat\u00e9riel:<\/strong> Coton<\/p>\n<p><strong>100% fait \u00e0 la main, les mesures peuvent varier en fonction de la pi\u00e8ce.<\/strong><\/p>\n","protected":false},"featured_media":55937,"comment_status":"closed","ping_status":"closed","template":"","meta":[],"product_cat":[3837,3148],"product_tag":[],"yoast_head":"<!-- This site is optimized with the Yoast SEO Premium plugin v20.5 (Yoast SEO v21.5) - https:\/\/yoast.com\/wordpress\/plugins\/seo\/ -->\n<title>T\u00eate de cerf au Crochet pour b\u00e9b\u00e9 - Artestar<\/title>\n<meta name=\"description\" content=\"T\u00eate de cerf au Crochet pour b\u00e9b\u00e9 et jouets pour b\u00e9b\u00e9, cerf au Crochet pour porte-t\u00e9tine, Animal au Crochet pour porte-t\u00e9tine\" \/>\n<meta name=\"robots\" content=\"index, follow, max-snippet:-1, max-image-preview:large, max-video-preview:-1\" \/>\n<link rel=\"canonical\" href=\"https:\/\/www.artestar.eu\/fr\/de-gros\/10-cerf-crochet\/\" \/>\n<meta property=\"og:locale\" content=\"fr_FR\" \/>\n<meta property=\"og:type\" content=\"article\" \/>\n<meta property=\"og:title\" content=\"10 cerf au Crochet\" \/>\n<meta property=\"og:description\" content=\"T\u00eate de cerf au Crochet pour b\u00e9b\u00e9 et jouets pour b\u00e9b\u00e9, cerf au Crochet pour porte-t\u00e9tine, Animal au Crochet pour porte-t\u00e9tine\" \/>\n<meta property=\"og:url\" content=\"https:\/\/www.artestar.eu\/fr\/de-gros\/10-cerf-crochet\/\" \/>\n<meta property=\"og:site_name\" content=\"Artestar\" \/>\n<meta property=\"article:publisher\" content=\"https:\/\/www.facebook.com\/ARTESTAREU\" \/>\n<meta property=\"og:image\" content=\"https:\/\/www.artestar.eu\/wp-content\/uploads\/2023\/12\/CIERVO.jpg\" \/>\n\t<meta property=\"og:image:width\" content=\"1500\" \/>\n\t<meta property=\"og:image:height\" content=\"1500\" \/>\n\t<meta property=\"og:image:type\" content=\"image\/jpeg\" \/>\n<meta name=\"twitter:card\" content=\"summary_large_image\" \/>\n<meta name=\"twitter:label1\" content=\"Prix\" \/>\n\t<meta name=\"twitter:data1\" content=\"24,00&nbsp;&euro; (TVA NON incluse)\" \/>\n\t<meta name=\"twitter:label2\" content=\"Availability\" \/>\n\t<meta name=\"twitter:data2\" content=\"En stock\" \/>\n<script type=\"application\/ld+json\" class=\"yoast-schema-graph\">{\"@context\":\"https:\/\/schema.org\",\"@graph\":[{\"@type\":\"WebPage\",\"@id\":\"https:\/\/www.artestar.eu\/fr\/de-gros\/10-cerf-crochet\/\",\"url\":\"https:\/\/www.artestar.eu\/fr\/de-gros\/10-cerf-crochet\/\",\"name\":\"T\u00eate de cerf au Crochet pour b\u00e9b\u00e9 - Artestar\",\"isPartOf\":{\"@id\":\"https:\/\/www.artestar.eu\/fr\/#website\"},\"datePublished\":\"2023-12-13T16:24:22+00:00\",\"dateModified\":\"2023-12-13T16:24:22+00:00\",\"description\":\"T\u00eate de cerf au Crochet pour b\u00e9b\u00e9 et jouets pour b\u00e9b\u00e9, cerf au Crochet pour porte-t\u00e9tine, Animal au Crochet pour porte-t\u00e9tine\",\"breadcrumb\":{\"@id\":\"https:\/\/www.artestar.eu\/fr\/de-gros\/10-cerf-crochet\/#breadcrumb\"},\"inLanguage\":\"fr-FR\",\"potentialAction\":[{\"@type\":\"ReadAction\",\"target\":[\"https:\/\/www.artestar.eu\/fr\/de-gros\/10-cerf-crochet\/\"]}]},{\"@type\":\"BreadcrumbList\",\"@id\":\"https:\/\/www.artestar.eu\/fr\/de-gros\/10-cerf-crochet\/#breadcrumb\",\"itemListElement\":[{\"@type\":\"ListItem\",\"position\":1,\"name\":\"Artestar\",\"item\":\"https:\/\/www.artestar.eu\/fr\/\"},{\"@type\":\"ListItem\",\"position\":2,\"name\":\"De gros\",\"item\":\"https:\/\/www.artestar.eu\/fr\/de-gros\/\"},{\"@type\":\"ListItem\",\"position\":3,\"name\":\"10 cerf au Crochet\"}]},{\"@type\":\"WebSite\",\"@id\":\"https:\/\/www.artestar.eu\/fr\/#website\",\"url\":\"https:\/\/www.artestar.eu\/fr\/\",\"name\":\"Artestar\",\"description\":\"Mayorista en abalorios y joyer\u00eda\",\"publisher\":{\"@id\":\"https:\/\/www.artestar.eu\/fr\/#organization\"},\"alternateName\":\"Artestar-EU\",\"potentialAction\":[{\"@type\":\"SearchAction\",\"target\":{\"@type\":\"EntryPoint\",\"urlTemplate\":\"https:\/\/www.artestar.eu\/fr\/?s={search_term_string}\"},\"query-input\":\"required name=search_term_string\"}],\"inLanguage\":\"fr-FR\"},{\"@type\":[\"Organization\",\"Place\"],\"@id\":\"https:\/\/www.artestar.eu\/fr\/#organization\",\"name\":\"RUBY ABALORIO S.L.\",\"alternateName\":\"Artestar\",\"url\":\"https:\/\/www.artestar.eu\/fr\/\",\"logo\":{\"@id\":\"https:\/\/www.artestar.eu\/fr\/de-gros\/10-cerf-crochet\/#local-main-organization-logo\"},\"image\":{\"@id\":\"https:\/\/www.artestar.eu\/fr\/de-gros\/10-cerf-crochet\/#local-main-organization-logo\"},\"sameAs\":[\"https:\/\/www.facebook.com\/ARTESTAREU\",\"https:\/\/www.instagram.com\/artestareu\/\",\"https:\/\/www.pinterest.es\/artestar_eu\/\",\"https:\/\/www.tiktok.com\/@artestar_wholesale\"],\"openingHoursSpecification\":[{\"@type\":\"OpeningHoursSpecification\",\"dayOfWeek\":[\"Monday\",\"Tuesday\",\"Wednesday\",\"Thursday\",\"Friday\",\"Saturday\",\"Sunday\"],\"opens\":\"09:00\",\"closes\":\"17:00\"}]},{\"@type\":\"ImageObject\",\"inLanguage\":\"fr-FR\",\"@id\":\"https:\/\/www.artestar.eu\/fr\/de-gros\/10-cerf-crochet\/#local-main-organization-logo\",\"url\":\"https:\/\/www.artestar.eu\/wp-content\/uploads\/2023\/05\/cropped-png.png\",\"contentUrl\":\"https:\/\/www.artestar.eu\/wp-content\/uploads\/2023\/05\/cropped-png.png\",\"width\":512,\"height\":512,\"caption\":\"RUBY ABALORIO S.L.\"}]}<\/script>\n<meta property=\"product:price:amount\" content=\"24.00\" \/>\n<meta property=\"product:price:currency\" content=\"EUR\" \/>\n<meta property=\"og:availability\" content=\"instock\" \/>\n<meta property=\"product:availability\" content=\"instock\" \/>\n<meta property=\"product:retailer_item_id\" content=\"SP0530\" \/>\n<meta property=\"product:condition\" content=\"new\" \/>\n<!-- \/ Yoast SEO Premium plugin. -->","yoast_head_json":{"title":"T\u00eate de cerf au Crochet pour b\u00e9b\u00e9 - Artestar","description":"T\u00eate de cerf au Crochet pour b\u00e9b\u00e9 et jouets pour b\u00e9b\u00e9, cerf au Crochet pour porte-t\u00e9tine, Animal au Crochet pour porte-t\u00e9tine","robots":{"index":"index","follow":"follow","max-snippet":"max-snippet:-1","max-image-preview":"max-image-preview:large","max-video-preview":"max-video-preview:-1"},"canonical":"https:\/\/www.artestar.eu\/fr\/de-gros\/10-cerf-crochet\/","og_locale":"fr_FR","og_type":"article","og_title":"10 cerf au Crochet","og_description":"T\u00eate de cerf au Crochet pour b\u00e9b\u00e9 et jouets pour b\u00e9b\u00e9, cerf au Crochet pour porte-t\u00e9tine, Animal au Crochet pour porte-t\u00e9tine","og_url":"https:\/\/www.artestar.eu\/fr\/de-gros\/10-cerf-crochet\/","og_site_name":"Artestar","article_publisher":"https:\/\/www.facebook.com\/ARTESTAREU","og_image":[{"width":1500,"height":1500,"url":"https:\/\/www.artestar.eu\/wp-content\/uploads\/2023\/12\/CIERVO.jpg","type":"image\/jpeg"}],"twitter_card":"summary_large_image","twitter_misc":{"Prix":"24,00&nbsp;&euro; (TVA NON incluse)","Availability":"En stock"},"schema":{"@context":"https:\/\/schema.org","@graph":[{"@type":"WebPage","@id":"https:\/\/www.artestar.eu\/fr\/de-gros\/10-cerf-crochet\/","url":"https:\/\/www.artestar.eu\/fr\/de-gros\/10-cerf-crochet\/","name":"T\u00eate de cerf au Crochet pour b\u00e9b\u00e9 - Artestar","isPartOf":{"@id":"https:\/\/www.artestar.eu\/fr\/#website"},"datePublished":"2023-12-13T16:24:22+00:00","dateModified":"2023-12-13T16:24:22+00:00","description":"T\u00eate de cerf au Crochet pour b\u00e9b\u00e9 et jouets pour b\u00e9b\u00e9, cerf au Crochet pour porte-t\u00e9tine, Animal au Crochet pour porte-t\u00e9tine","breadcrumb":{"@id":"https:\/\/www.artestar.eu\/fr\/de-gros\/10-cerf-crochet\/#breadcrumb"},"inLanguage":"fr-FR","potentialAction":[{"@type":"ReadAction","target":["https:\/\/www.artestar.eu\/fr\/de-gros\/10-cerf-crochet\/"]}]},{"@type":"BreadcrumbList","@id":"https:\/\/www.artestar.eu\/fr\/de-gros\/10-cerf-crochet\/#breadcrumb","itemListElement":[{"@type":"ListItem","position":1,"name":"Artestar","item":"https:\/\/www.artestar.eu\/fr\/"},{"@type":"ListItem","position":2,"name":"De gros","item":"https:\/\/www.artestar.eu\/fr\/de-gros\/"},{"@type":"ListItem","position":3,"name":"10 cerf au Crochet"}]},{"@type":"WebSite","@id":"https:\/\/www.artestar.eu\/fr\/#website","url":"https:\/\/www.artestar.eu\/fr\/","name":"Artestar","description":"Mayorista en abalorios y joyer\u00eda","publisher":{"@id":"https:\/\/www.artestar.eu\/fr\/#organization"},"alternateName":"Artestar-EU","potentialAction":[{"@type":"SearchAction","target":{"@type":"EntryPoint","urlTemplate":"https:\/\/www.artestar.eu\/fr\/?s={search_term_string}"},"query-input":"required name=search_term_string"}],"inLanguage":"fr-FR"},{"@type":["Organization","Place"],"@id":"https:\/\/www.artestar.eu\/fr\/#organization","name":"RUBY ABALORIO S.L.","alternateName":"Artestar","url":"https:\/\/www.artestar.eu\/fr\/","logo":{"@id":"https:\/\/www.artestar.eu\/fr\/de-gros\/10-cerf-crochet\/#local-main-organization-logo"},"image":{"@id":"https:\/\/www.artestar.eu\/fr\/de-gros\/10-cerf-crochet\/#local-main-organization-logo"},"sameAs":["https:\/\/www.facebook.com\/ARTESTAREU","https:\/\/www.instagram.com\/artestareu\/","https:\/\/www.pinterest.es\/artestar_eu\/","https:\/\/www.tiktok.com\/@artestar_wholesale"],"openingHoursSpecification":[{"@type":"OpeningHoursSpecification","dayOfWeek":["Monday","Tuesday","Wednesday","Thursday","Friday","Saturday","Sunday"],"opens":"09:00","closes":"17:00"}]},{"@type":"ImageObject","inLanguage":"fr-FR","@id":"https:\/\/www.artestar.eu\/fr\/de-gros\/10-cerf-crochet\/#local-main-organization-logo","url":"https:\/\/www.artestar.eu\/wp-content\/uploads\/2023\/05\/cropped-png.png","contentUrl":"https:\/\/www.artestar.eu\/wp-content\/uploads\/2023\/05\/cropped-png.png","width":512,"height":512,"caption":"RUBY ABALORIO S.L."}]},"product_price_amount":"24.00","product_price_currency":"EUR","og_availability":"instock","product_availability":"instock","product_retailer_item_id":"SP0530","product_condition":"new"},"tiered_pricing_type":"fixed","tiered_pricing_fixed_rules":[],"tiered_pricing_percentage_rules":[],"tiered_pricing_minimum":null,"_administrator_tiered_pricing_type":"fixed","_administrator_tiered_pricing_fixed_rules":[],"_editor_tiered_pricing_type":"fixed","_editor_tiered_pricing_fixed_rules":[],"_author_tiered_pricing_type":"fixed","_author_tiered_pricing_fixed_rules":[],"_contributor_tiered_pricing_type":"fixed","_contributor_tiered_pricing_fixed_rules":[],"_subscriber_tiered_pricing_type":"fixed","_subscriber_tiered_pricing_fixed_rules":[],"_wpseo_manager_tiered_pricing_type":"fixed","_wpseo_manager_tiered_pricing_fixed_rules":[],"_wpseo_editor_tiered_pricing_type":"fixed","_wpseo_editor_tiered_pricing_fixed_rules":[],"_customer_tiered_pricing_type":"fixed","_customer_tiered_pricing_fixed_rules":[],"_shop_manager_tiered_pricing_type":"fixed","_shop_manager_tiered_pricing_fixed_rules":[],"_product_manager_tiered_pricing_type":"fixed","_product_manager_tiered_pricing_fixed_rules":[],"_links":{"self":[{"href":"https:\/\/www.artestar.eu\/fr\/wp-json\/wp\/v2\/product\/57943"}],"collection":[{"href":"https:\/\/www.artestar.eu\/fr\/wp-json\/wp\/v2\/product"}],"about":[{"href":"https:\/\/www.artestar.eu\/fr\/wp-json\/wp\/v2\/types\/product"}],"replies":[{"embeddable":true,"href":"https:\/\/www.artestar.eu\/fr\/wp-json\/wp\/v2\/comments?post=57943"}],"version-history":[{"count":0,"href":"https:\/\/www.artestar.eu\/fr\/wp-json\/wp\/v2\/product\/57943\/revisions"}],"wp:featuredmedia":[{"embeddable":true,"href":"https:\/\/www.artestar.eu\/fr\/wp-json\/wp\/v2\/media\/55937"}],"wp:attachment":[{"href":"https:\/\/www.artestar.eu\/fr\/wp-json\/wp\/v2\/media?parent=57943"}],"wp:term":[{"taxonomy":"product_cat","embeddable":true,"href":"https:\/\/www.artestar.eu\/fr\/wp-json\/wp\/v2\/product_cat?post=57943"},{"taxonomy":"product_tag","embeddable":true,"href":"https:\/\/www.artestar.eu\/fr\/wp-json\/wp\/v2\/product_tag?post=57943"}],"curies":[{"name":"wp","href":"https:\/\/api.w.org\/{rel}","templated":true}]}}