{"id":26675,"date":"2022-11-01T08:43:10","date_gmt":"2022-11-01T08:43:10","guid":{"rendered":"https:\/\/www.artestar.eu\/politica-di-rimborso-e-restituzione\/"},"modified":"2023-09-09T02:27:16","modified_gmt":"2023-09-09T02:27:16","slug":"politica-di-rimborso-e-restituzione","status":"publish","type":"page","link":"https:\/\/www.artestar.eu\/it\/politica-di-rimborso-e-restituzione\/","title":{"rendered":"Politica di rimborso e restituzione"},"content":{"rendered":"\t\t<div data-elementor-type=\"wp-page\" data-elementor-id=\"26675\" class=\"elementor elementor-26675 elementor-3553\">\n\t\t\t\t\t\t\t\t\t<section class=\"elementor-section elementor-top-section elementor-element elementor-element-f652e24 elementor-section-boxed elementor-section-height-default elementor-section-height-default\" data-id=\"f652e24\" data-element_type=\"section\">\n\t\t\t\t\t\t<div class=\"elementor-container elementor-column-gap-extended\">\n\t\t\t\t\t<div class=\"elementor-column elementor-col-100 elementor-top-column elementor-element elementor-element-eddfb85\" data-id=\"eddfb85\" data-element_type=\"column\">\n\t\t\t<div class=\"elementor-widget-wrap elementor-element-populated\">\n\t\t\t\t\t\t\t\t<div class=\"elementor-element elementor-element-8ef4c3c elementor-widget elementor-widget-text-editor\" data-id=\"8ef4c3c\" data-element_type=\"widget\" data-widget_type=\"text-editor.default\">\n\t\t\t\t<div class=\"elementor-widget-container\">\n\t\t\t<style>\/*! elementor - v3.17.0 - 08-11-2023 *\/\n.elementor-widget-text-editor.elementor-drop-cap-view-stacked .elementor-drop-cap{background-color:#69727d;color:#fff}.elementor-widget-text-editor.elementor-drop-cap-view-framed .elementor-drop-cap{color:#69727d;border:3px solid;background-color:transparent}.elementor-widget-text-editor:not(.elementor-drop-cap-view-default) .elementor-drop-cap{margin-top:8px}.elementor-widget-text-editor:not(.elementor-drop-cap-view-default) .elementor-drop-cap-letter{width:1em;height:1em}.elementor-widget-text-editor .elementor-drop-cap{float:left;text-align:center;line-height:1;font-size:50px}.elementor-widget-text-editor .elementor-drop-cap-letter{display:inline-block}<\/style>\t\t\t\t<h5 data-zone-id=\"0\" data-line-index=\"0\" data-line=\"true\"><span style=\"color: #b8956e;\">Politica di restituzione e rimborso <\/span><a href=\"http:\/\/www.artestar.eu%E2%80%8B%E2%80%8B%E2%80%8B%E2%80%8B\" target=\"_blank\" rel=\"noopener noreferrer\">www.artestar.eu<\/a><\/h5><div data-zone-id=\"0\" data-line-index=\"2\" data-line=\"true\"><span style=\"color: #b8956e;\">Noi di<a style=\"color: #b8956e;\" href=\"http:\/\/www.artestar.eu%E2%80%8B%E2%80%8B%E2%80%8B%E2%80%8B\" target=\"_blank\" rel=\"noopener noreferrer\">&#8220;www.artestar.eu&#8221;<\/a> ci impegniamo a fornire prodotti di qualit\u00e0 e la totale soddisfazione del cliente. Tuttavia, siamo consapevoli che a volte pu\u00f2 essere necessario effettuare un reso. Di seguito \u00e8 riportata la nostra politica di restituzione e rimborso, applicabile agli ordini effettuati dai clienti sul nostro sito web:<\/span><br \/><span style=\"color: #b8956e;\"><br \/><\/span><\/div><div data-zone-id=\"0\" data-line-index=\"2\" data-line=\"true\"><h4 data-zone-id=\"0\" data-line-index=\"0\" data-line=\"true\"><span style=\"color: #b8956e;\">1. Condizioni di restituzione: <\/span><\/h4><\/div><p><span style=\"color: #b8956e;\">Per effettuare un reso, \u00e8 obbligatorio contattare il nostro servizio clienti prima di inviare il prodotto. Potete contattarci via e-mail: artestar123@gmail.com, fornendo i dati dell&#8217;ordine e il motivo del reso.<\/span><\/p><ul><li><span style=\"color: #b8956e;\">Il prodotto deve essere nelle sue condizioni originali, senza essere stato utilizzato, danneggiato o modificato.<\/span><\/li><li><span style=\"color: #b8956e;\">Il prodotto deve essere restituito nella sua confezione originale, comprensiva di tutte le etichette, i manuali e gli accessori forniti.<\/span><\/li><li><span style=\"color: #b8956e;\">La richiesta di reso deve essere effettuata entro 7 giorni dal ricevimento del prodotto.<\/span><\/li><li><span style=\"color: #b8956e;\">Solo gli articoli a prezzo normale possono essere rimborsati, gli articoli a prezzo speciale non possono essere rimborsati.<\/span><\/li><\/ul><h4 data-zone-id=\"0\" data-line-index=\"0\" data-line=\"true\">\u00a0<\/h4><h4 data-zone-id=\"0\" data-line-index=\"0\" data-line=\"true\"><span style=\"color: #b8956e;\">2. Processo di restituzione<\/span><\/h4><p><span style=\"color: #b8956e;\">Una volta contattato il nostro servizio clienti e approvata la richiesta di reso, vi verranno fornite istruzioni dettagliate su come procedere alla spedizione del prodotto.<br \/>\u00c8 importante seguire le nostre istruzioni e utilizzare un metodo di spedizione che includa un numero di tracciabilit\u00e0. Non siamo responsabili per le merci restituite che vengono perse durante il trasporto.<\/span><\/p><h2>\u00a0<\/h2><h4 data-zone-id=\"0\" data-line-index=\"0\" data-line=\"true\"><span style=\"color: #b8956e;\">3. Costi di ritorno<\/span><\/h4><p><span style=\"color: #b8956e;\">Le spese di spedizione e qualsiasi altro onere relativo alla restituzione del prodotto saranno a carico del cliente e il costo della spedizione di restituzione sar\u00e0 detratto dal rimborso del cliente, a meno che il motivo della restituzione non sia attribuibile a un errore da parte nostra o a un prodotto difettoso.<br \/><\/span><\/p><h2>\u00a0<\/h2><h4 data-zone-id=\"0\" data-line-index=\"0\" data-line=\"true\"><span style=\"color: #b8956e;\">4. Spedizione del prodotto restituito<\/span><\/h4><p><span style=\"color: #b8956e;\">\u00c8 importante che il prodotto venga rispedito entro 3 giorni dall&#8217;approvazione della richiesta di reso.<br \/>Si consiglia di utilizzare un servizio di spedizione affidabile che fornisca un numero di tracciabilit\u00e0. Inoltre, assicurarsi di imballare correttamente il prodotto per evitare danni durante il trasporto.<br \/>Dopo aver inviato il prodotto restituito, si prega di fornire il numero di tracking al nostro servizio clienti in tempo utile dopo la consegna.<br \/><\/span><\/p><h2>\u00a0<\/h2><h4 data-zone-id=\"0\" data-line-index=\"0\" data-line=\"true\"><span style=\"color: #b8956e;\">5. Ispezione ed elaborazione dei rimborsi<\/span><\/h4><p><span style=\"color: #b8956e;\">Una volta ricevuto il prodotto restituito e verificato che sia conforme alle condizioni di restituzione, procederemo a effettuare il rimborso corrispondente.<br \/>Il rimborso verr\u00e0 effettuato utilizzando lo stesso metodo di pagamento utilizzato per l&#8217;acquisto originale, salvo diverso accordo con il cliente.<br \/>Ci riserviamo il diritto di ricalcolare il prezzo dei prodotti restituiti in base alle loro condizioni e ad eventuali sconti promozionali applicati al momento dell&#8217;acquisto.<br \/><\/span><\/p><h2>\u00a0<\/h2><h3 data-zone-id=\"0\" data-line-index=\"2\" data-line=\"true\"><span style=\"color: #b8956e;\">Eccezioni<\/span><\/h3><p><span style=\"color: #b8956e;\">Non si accettano restituzioni di prodotti personalizzati o su misura, a meno che non si tratti di difetti di fabbricazione.<br \/>Non si accettano restituzioni di prodotti che sono stati utilizzati, danneggiati intenzionalmente o alterati dopo la consegna.<br \/>Se avete ulteriori domande o desiderate maggiori informazioni sulla nostra politica di restituzione e rimborso, non esitate a contattare il nostro servizio clienti utilizzando i dettagli di contatto qui sotto:<br \/><br \/><\/span><\/p><h5><span style=\"color: #b8956e;\">E-mail: <\/span><\/h5><h5><a href=\"https:\/\/www.artestar.eu\/artestar123@gmail.com\">artestar123@gmail.com<\/a><\/h5>\t\t\t\t\t\t<\/div>\n\t\t\t\t<\/div>\n\t\t\t\t\t<\/div>\n\t\t<\/div>\n\t\t\t\t\t\t\t<\/div>\n\t\t<\/section>\n\t\t\t\t\t\t\t<\/div>\n\t\t","protected":false},"excerpt":{"rendered":"<p>Politica di restituzione e rimborso www.artestar.eu Noi di&#8220;www.artestar.eu&#8221; ci impegniamo a fornire prodotti di qualit\u00e0 e la totale soddisfazione del cliente. Tuttavia, siamo consapevoli che a volte pu\u00f2 essere necessario effettuare un reso. Di seguito \u00e8 riportata la nostra politica di restituzione e rimborso, applicabile agli ordini effettuati dai clienti sul nostro sito web: 1.<\/p>\n<div class=\"klb-readmore button\"><a class=\"btn link\" href=\"https:\/\/www.artestar.eu\/it\/politica-di-rimborso-e-restituzione\/\">Read More <i class=\"klbth-icon-right-arrow\"><\/i><\/a><\/div>\n","protected":false},"author":1,"featured_media":0,"parent":0,"menu_order":0,"comment_status":"closed","ping_status":"closed","template":"","meta":{"footnotes":""},"yoast_head":"<!-- This site is optimized with the Yoast SEO Premium plugin v20.5 (Yoast SEO v21.5) - https:\/\/yoast.com\/wordpress\/plugins\/seo\/ -->\n<title>Politica di rimborso e restituzione - Artestar<\/title>\n<meta name=\"robots\" content=\"index, follow, max-snippet:-1, max-image-preview:large, max-video-preview:-1\" \/>\n<link rel=\"canonical\" href=\"https:\/\/www.artestar.eu\/it\/politica-di-rimborso-e-restituzione\/\" \/>\n<meta property=\"og:locale\" content=\"it_IT\" \/>\n<meta property=\"og:type\" content=\"article\" \/>\n<meta property=\"og:title\" content=\"Politica di rimborso e restituzione\" \/>\n<meta property=\"og:description\" content=\"Politica di restituzione e rimborso www.artestar.eu Noi di&#8220;www.artestar.eu&#8221; ci impegniamo a fornire prodotti di qualit\u00e0 e la totale soddisfazione del cliente. Tuttavia, siamo consapevoli che a volte pu\u00f2 essere necessario effettuare un reso. Di seguito \u00e8 riportata la nostra politica di restituzione e rimborso, applicabile agli ordini effettuati dai clienti sul nostro sito web: 1.Read More\" \/>\n<meta property=\"og:url\" content=\"https:\/\/www.artestar.eu\/it\/politica-di-rimborso-e-restituzione\/\" \/>\n<meta property=\"og:site_name\" content=\"Artestar\" \/>\n<meta property=\"article:publisher\" content=\"https:\/\/www.facebook.com\/ARTESTAREU\" \/>\n<meta property=\"article:modified_time\" content=\"2023-09-09T02:27:16+00:00\" \/>\n<meta property=\"og:image\" content=\"https:\/\/www.artestar.eu\/wp-content\/uploads\/2023\/08\/ruby-beadswhole-2000x700-1.jpg\" \/>\n\t<meta property=\"og:image:width\" content=\"2000\" \/>\n\t<meta property=\"og:image:height\" content=\"700\" \/>\n\t<meta property=\"og:image:type\" content=\"image\/jpeg\" \/>\n<meta name=\"twitter:card\" content=\"summary_large_image\" \/>\n<meta name=\"twitter:label1\" content=\"Tempo di lettura stimato\" \/>\n\t<meta name=\"twitter:data1\" content=\"3 minuti\" \/>\n<script type=\"application\/ld+json\" class=\"yoast-schema-graph\">{\"@context\":\"https:\/\/schema.org\",\"@graph\":[{\"@type\":\"WebPage\",\"@id\":\"https:\/\/www.artestar.eu\/it\/politica-di-rimborso-e-restituzione\/\",\"url\":\"https:\/\/www.artestar.eu\/it\/politica-di-rimborso-e-restituzione\/\",\"name\":\"Politica di rimborso e restituzione - Artestar\",\"isPartOf\":{\"@id\":\"https:\/\/www.artestar.eu\/it\/#website\"},\"datePublished\":\"2022-11-01T08:43:10+00:00\",\"dateModified\":\"2023-09-09T02:27:16+00:00\",\"breadcrumb\":{\"@id\":\"https:\/\/www.artestar.eu\/it\/politica-di-rimborso-e-restituzione\/#breadcrumb\"},\"inLanguage\":\"it-IT\",\"potentialAction\":[{\"@type\":\"ReadAction\",\"target\":[\"https:\/\/www.artestar.eu\/it\/politica-di-rimborso-e-restituzione\/\"]}]},{\"@type\":\"BreadcrumbList\",\"@id\":\"https:\/\/www.artestar.eu\/it\/politica-di-rimborso-e-restituzione\/#breadcrumb\",\"itemListElement\":[{\"@type\":\"ListItem\",\"position\":1,\"name\":\"Artestar\",\"item\":\"https:\/\/www.artestar.eu\/it\/\"},{\"@type\":\"ListItem\",\"position\":2,\"name\":\"Politica di rimborso e restituzione\"}]},{\"@type\":\"WebSite\",\"@id\":\"https:\/\/www.artestar.eu\/it\/#website\",\"url\":\"https:\/\/www.artestar.eu\/it\/\",\"name\":\"Artestar\",\"description\":\"Mayorista en abalorios y joyer\u00eda\",\"publisher\":{\"@id\":\"https:\/\/www.artestar.eu\/it\/#organization\"},\"alternateName\":\"Artestar-EU\",\"potentialAction\":[{\"@type\":\"SearchAction\",\"target\":{\"@type\":\"EntryPoint\",\"urlTemplate\":\"https:\/\/www.artestar.eu\/it\/?s={search_term_string}\"},\"query-input\":\"required name=search_term_string\"}],\"inLanguage\":\"it-IT\"},{\"@type\":[\"Organization\",\"Place\"],\"@id\":\"https:\/\/www.artestar.eu\/it\/#organization\",\"name\":\"RUBY ABALORIO S.L.\",\"alternateName\":\"Artestar\",\"url\":\"https:\/\/www.artestar.eu\/it\/\",\"logo\":{\"@id\":\"https:\/\/www.artestar.eu\/it\/politica-di-rimborso-e-restituzione\/#local-main-organization-logo\"},\"image\":{\"@id\":\"https:\/\/www.artestar.eu\/it\/politica-di-rimborso-e-restituzione\/#local-main-organization-logo\"},\"sameAs\":[\"https:\/\/www.facebook.com\/ARTESTAREU\",\"https:\/\/www.instagram.com\/artestareu\/\",\"https:\/\/www.pinterest.es\/artestar_eu\/\",\"https:\/\/www.tiktok.com\/@artestar_wholesale\"],\"openingHoursSpecification\":[{\"@type\":\"OpeningHoursSpecification\",\"dayOfWeek\":[\"Monday\",\"Tuesday\",\"Wednesday\",\"Thursday\",\"Friday\",\"Saturday\",\"Sunday\"],\"opens\":\"09:00\",\"closes\":\"17:00\"}]},{\"@type\":\"ImageObject\",\"inLanguage\":\"it-IT\",\"@id\":\"https:\/\/www.artestar.eu\/it\/politica-di-rimborso-e-restituzione\/#local-main-organization-logo\",\"url\":\"https:\/\/www.artestar.eu\/wp-content\/uploads\/2023\/05\/cropped-png.png\",\"contentUrl\":\"https:\/\/www.artestar.eu\/wp-content\/uploads\/2023\/05\/cropped-png.png\",\"width\":512,\"height\":512,\"caption\":\"RUBY ABALORIO S.L.\"}]}<\/script>\n<!-- \/ Yoast SEO Premium plugin. -->","yoast_head_json":{"title":"Politica di rimborso e restituzione - Artestar","robots":{"index":"index","follow":"follow","max-snippet":"max-snippet:-1","max-image-preview":"max-image-preview:large","max-video-preview":"max-video-preview:-1"},"canonical":"https:\/\/www.artestar.eu\/it\/politica-di-rimborso-e-restituzione\/","og_locale":"it_IT","og_type":"article","og_title":"Politica di rimborso e restituzione","og_description":"Politica di restituzione e rimborso www.artestar.eu Noi di&#8220;www.artestar.eu&#8221; ci impegniamo a fornire prodotti di qualit\u00e0 e la totale soddisfazione del cliente. Tuttavia, siamo consapevoli che a volte pu\u00f2 essere necessario effettuare un reso. Di seguito \u00e8 riportata la nostra politica di restituzione e rimborso, applicabile agli ordini effettuati dai clienti sul nostro sito web: 1.Read More","og_url":"https:\/\/www.artestar.eu\/it\/politica-di-rimborso-e-restituzione\/","og_site_name":"Artestar","article_publisher":"https:\/\/www.facebook.com\/ARTESTAREU","article_modified_time":"2023-09-09T02:27:16+00:00","og_image":[{"width":2000,"height":700,"url":"https:\/\/www.artestar.eu\/wp-content\/uploads\/2023\/08\/ruby-beadswhole-2000x700-1.jpg","type":"image\/jpeg"}],"twitter_card":"summary_large_image","twitter_misc":{"Tempo di lettura stimato":"3 minuti"},"schema":{"@context":"https:\/\/schema.org","@graph":[{"@type":"WebPage","@id":"https:\/\/www.artestar.eu\/it\/politica-di-rimborso-e-restituzione\/","url":"https:\/\/www.artestar.eu\/it\/politica-di-rimborso-e-restituzione\/","name":"Politica di rimborso e restituzione - Artestar","isPartOf":{"@id":"https:\/\/www.artestar.eu\/it\/#website"},"datePublished":"2022-11-01T08:43:10+00:00","dateModified":"2023-09-09T02:27:16+00:00","breadcrumb":{"@id":"https:\/\/www.artestar.eu\/it\/politica-di-rimborso-e-restituzione\/#breadcrumb"},"inLanguage":"it-IT","potentialAction":[{"@type":"ReadAction","target":["https:\/\/www.artestar.eu\/it\/politica-di-rimborso-e-restituzione\/"]}]},{"@type":"BreadcrumbList","@id":"https:\/\/www.artestar.eu\/it\/politica-di-rimborso-e-restituzione\/#breadcrumb","itemListElement":[{"@type":"ListItem","position":1,"name":"Artestar","item":"https:\/\/www.artestar.eu\/it\/"},{"@type":"ListItem","position":2,"name":"Politica di rimborso e restituzione"}]},{"@type":"WebSite","@id":"https:\/\/www.artestar.eu\/it\/#website","url":"https:\/\/www.artestar.eu\/it\/","name":"Artestar","description":"Mayorista en abalorios y joyer\u00eda","publisher":{"@id":"https:\/\/www.artestar.eu\/it\/#organization"},"alternateName":"Artestar-EU","potentialAction":[{"@type":"SearchAction","target":{"@type":"EntryPoint","urlTemplate":"https:\/\/www.artestar.eu\/it\/?s={search_term_string}"},"query-input":"required name=search_term_string"}],"inLanguage":"it-IT"},{"@type":["Organization","Place"],"@id":"https:\/\/www.artestar.eu\/it\/#organization","name":"RUBY ABALORIO S.L.","alternateName":"Artestar","url":"https:\/\/www.artestar.eu\/it\/","logo":{"@id":"https:\/\/www.artestar.eu\/it\/politica-di-rimborso-e-restituzione\/#local-main-organization-logo"},"image":{"@id":"https:\/\/www.artestar.eu\/it\/politica-di-rimborso-e-restituzione\/#local-main-organization-logo"},"sameAs":["https:\/\/www.facebook.com\/ARTESTAREU","https:\/\/www.instagram.com\/artestareu\/","https:\/\/www.pinterest.es\/artestar_eu\/","https:\/\/www.tiktok.com\/@artestar_wholesale"],"openingHoursSpecification":[{"@type":"OpeningHoursSpecification","dayOfWeek":["Monday","Tuesday","Wednesday","Thursday","Friday","Saturday","Sunday"],"opens":"09:00","closes":"17:00"}]},{"@type":"ImageObject","inLanguage":"it-IT","@id":"https:\/\/www.artestar.eu\/it\/politica-di-rimborso-e-restituzione\/#local-main-organization-logo","url":"https:\/\/www.artestar.eu\/wp-content\/uploads\/2023\/05\/cropped-png.png","contentUrl":"https:\/\/www.artestar.eu\/wp-content\/uploads\/2023\/05\/cropped-png.png","width":512,"height":512,"caption":"RUBY ABALORIO S.L."}]}},"_links":{"self":[{"href":"https:\/\/www.artestar.eu\/it\/wp-json\/wp\/v2\/pages\/26675"}],"collection":[{"href":"https:\/\/www.artestar.eu\/it\/wp-json\/wp\/v2\/pages"}],"about":[{"href":"https:\/\/www.artestar.eu\/it\/wp-json\/wp\/v2\/types\/page"}],"author":[{"embeddable":true,"href":"https:\/\/www.artestar.eu\/it\/wp-json\/wp\/v2\/users\/1"}],"replies":[{"embeddable":true,"href":"https:\/\/www.artestar.eu\/it\/wp-json\/wp\/v2\/comments?post=26675"}],"version-history":[{"count":8,"href":"https:\/\/www.artestar.eu\/it\/wp-json\/wp\/v2\/pages\/26675\/revisions"}],"predecessor-version":[{"id":34638,"href":"https:\/\/www.artestar.eu\/it\/wp-json\/wp\/v2\/pages\/26675\/revisions\/34638"}],"wp:attachment":[{"href":"https:\/\/www.artestar.eu\/it\/wp-json\/wp\/v2\/media?parent=26675"}],"curies":[{"name":"wp","href":"https:\/\/api.w.org\/{rel}","templated":true}]}}