{"id":24722,"date":"2023-08-21T06:41:46","date_gmt":"2023-08-21T06:41:46","guid":{"rendered":"https:\/\/www.artestar.eu\/al-por-mayor\/stella-merkabah-appesa-in-pietra-semi-preziosa\/"},"modified":"2023-09-19T02:21:22","modified_gmt":"2023-09-19T02:21:22","slug":"stella-merkaba-semipreziosa-pietra-pendente","status":"publish","type":"product","link":"https:\/\/www.artestar.eu\/it\/vendita-all-ingrosso\/stella-merkaba-semipreziosa-pietra-pendente\/","title":{"rendered":"Stella merkabah appesa in pietra semi-preziosa"},"content":{"rendered":"<p>Ciondolo con pietra semipreziosa Star Merkabah: la forma del ciondolo \u00e8 caratterizzata da un design unico a corno piatto, che ricorda una perfetta fusione tra il moderno e il classico. I pendenti in pietra semipreziosa hanno un aspetto semplice ma sofisticato. Questo li rende perfetti per essere indossati tutti i giorni e aggiunge eleganza alle occasioni speciali.<\/p>\n<ul>\n<li>I nostri ciondoli in pietra sono lucidati con una finitura liscia e sono molto comodi da indossare. Inoltre, ogni gemma ha un colore e un&#8217;energia unici.<\/li>\n<li>Indossare questo ciondolo non solo aggiunge fascino, ma trasmette anche i propri valori ed emozioni. Come il coraggio, l&#8217;amore, la pace, la saggezza, ecc.<\/li>\n<li>Il ciondolo con pietra semipreziosa che vedete qui pu\u00f2 essere indossato con una variet\u00e0 di abiti. Ma pu\u00f2 anche essere regalato ad amici e parenti in occasioni speciali. Il suo design unico e lo scintillio della gemma semipreziosa faranno s\u00ec che chi lo indossa emani sicurezza ed eleganza.<\/li>\n<li>Questi delicati pendenti in pietra possono essere combinati con altri accessori in metallo, cristalli, perle e conchiglie per creare qualsiasi oggetto di bigiotteria, collane, bracciali, orecchini, decorazioni per la casa e molto altro ancora. Non solo \u00e8 un regalo perfetto, ma \u00e8 anche accompagnato dai migliori auguri.<\/li>\n<\/ul>\n<p><img decoding=\"async\" class=\"alignnone size-full wp-image-10209\" src=\"https:\/\/www.artestar.eu%E2%80%8B%E2%80%8B%E2%80%8B%E2%80%8B\/wp-content\/uploads\/2023\/08\/natural-semi-precious-gemstone-pendants-merkaba-star-01.jpg\" alt=\"Stella merkabah appesa in pietra semi-preziosa\" width=\"600\" height=\"600\" srcset=\"https:\/\/www.artestar.eu\/wp-content\/uploads\/2023\/08\/natural-semi-precious-gemstone-pendants-merkaba-star-01.jpg 600w, https:\/\/www.artestar.eu\/wp-content\/uploads\/2023\/08\/natural-semi-precious-gemstone-pendants-merkaba-star-01-300x300.jpg 300w, https:\/\/www.artestar.eu\/wp-content\/uploads\/2023\/08\/natural-semi-precious-gemstone-pendants-merkaba-star-01-150x150.jpg 150w, https:\/\/www.artestar.eu\/wp-content\/uploads\/2023\/08\/natural-semi-precious-gemstone-pendants-merkaba-star-01-450x450.jpg 450w, https:\/\/www.artestar.eu\/wp-content\/uploads\/2023\/08\/natural-semi-precious-gemstone-pendants-merkaba-star-01-54x54.jpg 54w\" sizes=\"(max-width: 600px) 100vw, 600px\" \/><\/p>\n<h5>Stella merkabah appesa in pietra semi-preziosa<\/h5>\n<ul>\n<li>Le diverse pietre semipreziose hanno energie diverse e possono essere selezionate da sole. Ad esempio, l&#8217;ametista \u00e8 spesso considerata un simbolo di calma, serenit\u00e0 e saggezza; la pietra verde \u00e8 associata all&#8217;equilibrio spirituale, alla creativit\u00e0 e all&#8217;energia curativa; lo zaffiro simboleggia il vero amore e la fedelt\u00e0.<\/li>\n<\/ul>\n<p><strong>Precauzione:<\/strong><\/p>\n<ul>\n<li>A causa delle differenze nei monitor e nella risoluzione, i colori delle immagini potrebbero differire leggermente dai colori reali.<\/li>\n<li>Le perle di pietra devono essere protette dalla luce solare intensa per evitare di danneggiare la consistenza e il colore della pietra.<\/li>\n<\/ul>\n","protected":false},"excerpt":{"rendered":"<ul>\n<li>Quantit\u00e0: 1 pz.<\/li>\n<li>Dimensioni: circa 24 x 18 mm, foro: circa. 2 mm<\/li>\n<li>A causa di fattori quali l&#8217;illuminazione o le variazioni naturali dei materiali utilizzati, il prodotto pu\u00f2 variare leggermente nel colore e nella forma.<\/li>\n<\/ul>\n","protected":false},"featured_media":23991,"comment_status":"open","ping_status":"closed","template":"","meta":[],"product_cat":[1137,1138],"product_tag":[],"yoast_head":"<!-- This site is optimized with the Yoast SEO Premium plugin v20.5 (Yoast SEO v21.5) - https:\/\/yoast.com\/wordpress\/plugins\/seo\/ -->\n<title>Stella merkabah appesa in pietra semi-preziosa - Artestar<\/title>\n<meta name=\"description\" content=\"Elegante e sofisticato, questo ciondolo con pietra merkabah a forma di stella sar\u00e0 un regalo prezioso, sia che lo acquistiate per voi stessi sia che lo regaliate a qualcun altro.\" \/>\n<meta name=\"robots\" content=\"index, follow, max-snippet:-1, max-image-preview:large, max-video-preview:-1\" \/>\n<link rel=\"canonical\" href=\"https:\/\/www.artestar.eu\/it\/vendita-all-ingrosso\/stella-merkaba-semipreziosa-pietra-pendente\/\" \/>\n<meta property=\"og:locale\" content=\"it_IT\" \/>\n<meta property=\"og:type\" content=\"article\" \/>\n<meta property=\"og:title\" content=\"Stella merkabah appesa in pietra semi-preziosa\" \/>\n<meta property=\"og:description\" content=\"Elegante e sofisticato, questo ciondolo con pietra merkabah a forma di stella sar\u00e0 un regalo prezioso, sia che lo acquistiate per voi stessi sia che lo regaliate a qualcun altro.\" \/>\n<meta property=\"og:url\" content=\"https:\/\/www.artestar.eu\/it\/vendita-all-ingrosso\/stella-merkaba-semipreziosa-pietra-pendente\/\" \/>\n<meta property=\"og:site_name\" content=\"Artestar\" \/>\n<meta property=\"article:publisher\" content=\"https:\/\/www.facebook.com\/ARTESTAREU\" \/>\n<meta property=\"article:modified_time\" content=\"2023-09-19T02:21:22+00:00\" \/>\n<meta property=\"og:image\" content=\"https:\/\/www.artestar.eu\/wp-content\/uploads\/2023\/08\/natural-semi-precious-gemstone-pendants-merkaba-star.jpg\" \/>\n\t<meta property=\"og:image:width\" content=\"600\" \/>\n\t<meta property=\"og:image:height\" content=\"600\" \/>\n\t<meta property=\"og:image:type\" content=\"image\/jpeg\" \/>\n<meta name=\"twitter:card\" content=\"summary_large_image\" \/>\n<meta name=\"twitter:label1\" content=\"Availability\" \/>\n\t<meta name=\"twitter:data1\" content=\"In stock\" \/>\n<script type=\"application\/ld+json\" class=\"yoast-schema-graph\">{\"@context\":\"https:\/\/schema.org\",\"@graph\":[{\"@type\":\"WebPage\",\"@id\":\"https:\/\/www.artestar.eu\/it\/vendita-all-ingrosso\/stella-merkaba-semipreziosa-pietra-pendente\/\",\"url\":\"https:\/\/www.artestar.eu\/it\/vendita-all-ingrosso\/stella-merkaba-semipreziosa-pietra-pendente\/\",\"name\":\"Stella merkabah appesa in pietra semi-preziosa - Artestar\",\"isPartOf\":{\"@id\":\"https:\/\/www.artestar.eu\/it\/#website\"},\"datePublished\":\"2023-08-21T06:41:46+00:00\",\"dateModified\":\"2023-09-19T02:21:22+00:00\",\"description\":\"Elegante e sofisticato, questo ciondolo con pietra merkabah a forma di stella sar\u00e0 un regalo prezioso, sia che lo acquistiate per voi stessi sia che lo regaliate a qualcun altro.\",\"breadcrumb\":{\"@id\":\"https:\/\/www.artestar.eu\/it\/vendita-all-ingrosso\/stella-merkaba-semipreziosa-pietra-pendente\/#breadcrumb\"},\"inLanguage\":\"it-IT\",\"potentialAction\":[{\"@type\":\"ReadAction\",\"target\":[\"https:\/\/www.artestar.eu\/it\/vendita-all-ingrosso\/stella-merkaba-semipreziosa-pietra-pendente\/\"]}]},{\"@type\":\"BreadcrumbList\",\"@id\":\"https:\/\/www.artestar.eu\/it\/vendita-all-ingrosso\/stella-merkaba-semipreziosa-pietra-pendente\/#breadcrumb\",\"itemListElement\":[{\"@type\":\"ListItem\",\"position\":1,\"name\":\"Artestar\",\"item\":\"https:\/\/www.artestar.eu\/it\/\"},{\"@type\":\"ListItem\",\"position\":2,\"name\":\"Vendita all&#8217;ingrosso\",\"item\":\"https:\/\/www.artestar.eu\/it\/vendita-all-ingrosso\/\"},{\"@type\":\"ListItem\",\"position\":3,\"name\":\"Stella merkabah appesa in pietra semi-preziosa\"}]},{\"@type\":\"WebSite\",\"@id\":\"https:\/\/www.artestar.eu\/it\/#website\",\"url\":\"https:\/\/www.artestar.eu\/it\/\",\"name\":\"Artestar\",\"description\":\"Mayorista en abalorios y joyer\u00eda\",\"publisher\":{\"@id\":\"https:\/\/www.artestar.eu\/it\/#organization\"},\"alternateName\":\"Artestar-EU\",\"potentialAction\":[{\"@type\":\"SearchAction\",\"target\":{\"@type\":\"EntryPoint\",\"urlTemplate\":\"https:\/\/www.artestar.eu\/it\/?s={search_term_string}\"},\"query-input\":\"required name=search_term_string\"}],\"inLanguage\":\"it-IT\"},{\"@type\":[\"Organization\",\"Place\"],\"@id\":\"https:\/\/www.artestar.eu\/it\/#organization\",\"name\":\"RUBY ABALORIO S.L.\",\"alternateName\":\"Artestar\",\"url\":\"https:\/\/www.artestar.eu\/it\/\",\"logo\":{\"@id\":\"https:\/\/www.artestar.eu\/it\/vendita-all-ingrosso\/stella-merkaba-semipreziosa-pietra-pendente\/#local-main-organization-logo\"},\"image\":{\"@id\":\"https:\/\/www.artestar.eu\/it\/vendita-all-ingrosso\/stella-merkaba-semipreziosa-pietra-pendente\/#local-main-organization-logo\"},\"sameAs\":[\"https:\/\/www.facebook.com\/ARTESTAREU\",\"https:\/\/www.instagram.com\/artestareu\/\",\"https:\/\/www.pinterest.es\/artestar_eu\/\",\"https:\/\/www.tiktok.com\/@artestar_wholesale\"],\"openingHoursSpecification\":[{\"@type\":\"OpeningHoursSpecification\",\"dayOfWeek\":[\"Monday\",\"Tuesday\",\"Wednesday\",\"Thursday\",\"Friday\",\"Saturday\",\"Sunday\"],\"opens\":\"09:00\",\"closes\":\"17:00\"}]},{\"@type\":\"ImageObject\",\"inLanguage\":\"it-IT\",\"@id\":\"https:\/\/www.artestar.eu\/it\/vendita-all-ingrosso\/stella-merkaba-semipreziosa-pietra-pendente\/#local-main-organization-logo\",\"url\":\"https:\/\/www.artestar.eu\/wp-content\/uploads\/2023\/05\/cropped-png.png\",\"contentUrl\":\"https:\/\/www.artestar.eu\/wp-content\/uploads\/2023\/05\/cropped-png.png\",\"width\":512,\"height\":512,\"caption\":\"RUBY ABALORIO S.L.\"}]}<\/script>\n<meta property=\"og:availability\" content=\"instock\" \/>\n<meta property=\"product:availability\" content=\"instock\" \/>\n<meta property=\"product:retailer_item_id\" content=\"BS-GZ-KBX-0001-0017\" \/>\n<meta property=\"product:condition\" content=\"new\" \/>\n<!-- \/ Yoast SEO Premium plugin. -->","yoast_head_json":{"title":"Stella merkabah appesa in pietra semi-preziosa - Artestar","description":"Elegante e sofisticato, questo ciondolo con pietra merkabah a forma di stella sar\u00e0 un regalo prezioso, sia che lo acquistiate per voi stessi sia che lo regaliate a qualcun altro.","robots":{"index":"index","follow":"follow","max-snippet":"max-snippet:-1","max-image-preview":"max-image-preview:large","max-video-preview":"max-video-preview:-1"},"canonical":"https:\/\/www.artestar.eu\/it\/vendita-all-ingrosso\/stella-merkaba-semipreziosa-pietra-pendente\/","og_locale":"it_IT","og_type":"article","og_title":"Stella merkabah appesa in pietra semi-preziosa","og_description":"Elegante e sofisticato, questo ciondolo con pietra merkabah a forma di stella sar\u00e0 un regalo prezioso, sia che lo acquistiate per voi stessi sia che lo regaliate a qualcun altro.","og_url":"https:\/\/www.artestar.eu\/it\/vendita-all-ingrosso\/stella-merkaba-semipreziosa-pietra-pendente\/","og_site_name":"Artestar","article_publisher":"https:\/\/www.facebook.com\/ARTESTAREU","article_modified_time":"2023-09-19T02:21:22+00:00","og_image":[{"width":600,"height":600,"url":"https:\/\/www.artestar.eu\/wp-content\/uploads\/2023\/08\/natural-semi-precious-gemstone-pendants-merkaba-star.jpg","type":"image\/jpeg"}],"twitter_card":"summary_large_image","twitter_misc":{"Availability":"In stock"},"schema":{"@context":"https:\/\/schema.org","@graph":[{"@type":"WebPage","@id":"https:\/\/www.artestar.eu\/it\/vendita-all-ingrosso\/stella-merkaba-semipreziosa-pietra-pendente\/","url":"https:\/\/www.artestar.eu\/it\/vendita-all-ingrosso\/stella-merkaba-semipreziosa-pietra-pendente\/","name":"Stella merkabah appesa in pietra semi-preziosa - Artestar","isPartOf":{"@id":"https:\/\/www.artestar.eu\/it\/#website"},"datePublished":"2023-08-21T06:41:46+00:00","dateModified":"2023-09-19T02:21:22+00:00","description":"Elegante e sofisticato, questo ciondolo con pietra merkabah a forma di stella sar\u00e0 un regalo prezioso, sia che lo acquistiate per voi stessi sia che lo regaliate a qualcun altro.","breadcrumb":{"@id":"https:\/\/www.artestar.eu\/it\/vendita-all-ingrosso\/stella-merkaba-semipreziosa-pietra-pendente\/#breadcrumb"},"inLanguage":"it-IT","potentialAction":[{"@type":"ReadAction","target":["https:\/\/www.artestar.eu\/it\/vendita-all-ingrosso\/stella-merkaba-semipreziosa-pietra-pendente\/"]}]},{"@type":"BreadcrumbList","@id":"https:\/\/www.artestar.eu\/it\/vendita-all-ingrosso\/stella-merkaba-semipreziosa-pietra-pendente\/#breadcrumb","itemListElement":[{"@type":"ListItem","position":1,"name":"Artestar","item":"https:\/\/www.artestar.eu\/it\/"},{"@type":"ListItem","position":2,"name":"Vendita all&#8217;ingrosso","item":"https:\/\/www.artestar.eu\/it\/vendita-all-ingrosso\/"},{"@type":"ListItem","position":3,"name":"Stella merkabah appesa in pietra semi-preziosa"}]},{"@type":"WebSite","@id":"https:\/\/www.artestar.eu\/it\/#website","url":"https:\/\/www.artestar.eu\/it\/","name":"Artestar","description":"Mayorista en abalorios y joyer\u00eda","publisher":{"@id":"https:\/\/www.artestar.eu\/it\/#organization"},"alternateName":"Artestar-EU","potentialAction":[{"@type":"SearchAction","target":{"@type":"EntryPoint","urlTemplate":"https:\/\/www.artestar.eu\/it\/?s={search_term_string}"},"query-input":"required name=search_term_string"}],"inLanguage":"it-IT"},{"@type":["Organization","Place"],"@id":"https:\/\/www.artestar.eu\/it\/#organization","name":"RUBY ABALORIO S.L.","alternateName":"Artestar","url":"https:\/\/www.artestar.eu\/it\/","logo":{"@id":"https:\/\/www.artestar.eu\/it\/vendita-all-ingrosso\/stella-merkaba-semipreziosa-pietra-pendente\/#local-main-organization-logo"},"image":{"@id":"https:\/\/www.artestar.eu\/it\/vendita-all-ingrosso\/stella-merkaba-semipreziosa-pietra-pendente\/#local-main-organization-logo"},"sameAs":["https:\/\/www.facebook.com\/ARTESTAREU","https:\/\/www.instagram.com\/artestareu\/","https:\/\/www.pinterest.es\/artestar_eu\/","https:\/\/www.tiktok.com\/@artestar_wholesale"],"openingHoursSpecification":[{"@type":"OpeningHoursSpecification","dayOfWeek":["Monday","Tuesday","Wednesday","Thursday","Friday","Saturday","Sunday"],"opens":"09:00","closes":"17:00"}]},{"@type":"ImageObject","inLanguage":"it-IT","@id":"https:\/\/www.artestar.eu\/it\/vendita-all-ingrosso\/stella-merkaba-semipreziosa-pietra-pendente\/#local-main-organization-logo","url":"https:\/\/www.artestar.eu\/wp-content\/uploads\/2023\/05\/cropped-png.png","contentUrl":"https:\/\/www.artestar.eu\/wp-content\/uploads\/2023\/05\/cropped-png.png","width":512,"height":512,"caption":"RUBY ABALORIO S.L."}]},"og_availability":"instock","product_availability":"instock","product_retailer_item_id":"BS-GZ-KBX-0001-0017","product_condition":"new"},"tiered_pricing_type":"fixed","tiered_pricing_fixed_rules":[],"tiered_pricing_percentage_rules":[],"tiered_pricing_minimum":null,"_administrator_tiered_pricing_type":"fixed","_administrator_tiered_pricing_fixed_rules":[],"_editor_tiered_pricing_type":"fixed","_editor_tiered_pricing_fixed_rules":[],"_author_tiered_pricing_type":"fixed","_author_tiered_pricing_fixed_rules":[],"_contributor_tiered_pricing_type":"fixed","_contributor_tiered_pricing_fixed_rules":[],"_subscriber_tiered_pricing_type":"fixed","_subscriber_tiered_pricing_fixed_rules":[],"_wpseo_manager_tiered_pricing_type":"fixed","_wpseo_manager_tiered_pricing_fixed_rules":[],"_wpseo_editor_tiered_pricing_type":"fixed","_wpseo_editor_tiered_pricing_fixed_rules":[],"_customer_tiered_pricing_type":"fixed","_customer_tiered_pricing_fixed_rules":[],"_shop_manager_tiered_pricing_type":"fixed","_shop_manager_tiered_pricing_fixed_rules":[],"_product_manager_tiered_pricing_type":"fixed","_product_manager_tiered_pricing_fixed_rules":[],"_links":{"self":[{"href":"https:\/\/www.artestar.eu\/it\/wp-json\/wp\/v2\/product\/24722"}],"collection":[{"href":"https:\/\/www.artestar.eu\/it\/wp-json\/wp\/v2\/product"}],"about":[{"href":"https:\/\/www.artestar.eu\/it\/wp-json\/wp\/v2\/types\/product"}],"replies":[{"embeddable":true,"href":"https:\/\/www.artestar.eu\/it\/wp-json\/wp\/v2\/comments?post=24722"}],"version-history":[{"count":2,"href":"https:\/\/www.artestar.eu\/it\/wp-json\/wp\/v2\/product\/24722\/revisions"}],"predecessor-version":[{"id":35318,"href":"https:\/\/www.artestar.eu\/it\/wp-json\/wp\/v2\/product\/24722\/revisions\/35318"}],"wp:featuredmedia":[{"embeddable":true,"href":"https:\/\/www.artestar.eu\/it\/wp-json\/wp\/v2\/media\/23991"}],"wp:attachment":[{"href":"https:\/\/www.artestar.eu\/it\/wp-json\/wp\/v2\/media?parent=24722"}],"wp:term":[{"taxonomy":"product_cat","embeddable":true,"href":"https:\/\/www.artestar.eu\/it\/wp-json\/wp\/v2\/product_cat?post=24722"},{"taxonomy":"product_tag","embeddable":true,"href":"https:\/\/www.artestar.eu\/it\/wp-json\/wp\/v2\/product_tag?post=24722"}],"curies":[{"name":"wp","href":"https:\/\/api.w.org\/{rel}","templated":true}]}}