{"id":25923,"date":"2023-06-10T03:34:45","date_gmt":"2023-06-10T03:34:45","guid":{"rendered":"https:\/\/www.artestar.eu\/al-por-mayor\/cuentas-de-conchas-de-paua-rombo\/"},"modified":"2023-10-18T02:53:10","modified_gmt":"2023-10-18T02:53:10","slug":"cuentas-de-conchas-de-paua-rombo","status":"publish","type":"product","link":"https:\/\/www.artestar.eu\/it\/vendita-all-ingrosso\/cuentas-de-conchas-de-paua-rombo\/","title":{"rendered":"Cuentas de conchas de paua rombo"},"content":{"rendered":"<p>Las cuentas de conchas de paua rombo son un cl\u00e1sico. Los dise\u00f1os \u00fanicos pueden hacer que sus creaciones sean \u00fanicas y llamativas. Y porque las cuentas de concha de abul\u00f3n tienen una superficie lisa y texturizada para mayor comodidad de uso.<\/p>\n<h5>Caratteristiche<\/h5>\n<ul>\n<li>Porque cuentas de conchas de paua rombo con agujeros para enhebrarlas f\u00e1cilmente. Perfectas para abalorios, collares, pulseras, pendientes y otros dise\u00f1os de bisuter\u00eda; tambi\u00e9n para regalos de bricolaje, manualidades, decoraci\u00f3n del hogar y bodas, etc.<\/li>\n<li>Utilice estas exclusivas cuentas de conchas de paua para hacer regalos \u00fanicos a sus amigos y familiares y expresarles los mejores y m\u00e1s c\u00e1lidos deseos en cumplea\u00f1os, aniversarios, Navidad, D\u00eda de la Madre y D\u00eda de San Valent\u00edn.<\/li>\n<li>Porque el dibujo de cada cuenta es \u00fanico, lo que la convierte en un elemento especial de la joya.<\/li>\n<li>En el interior de las conchas de abul\u00f3n se esconde una gama de colores iridiscentes. Desde azules fr\u00edos, verdes marinos y morados profundos hasta amarillos y rosas suaves, pasando por dorados y plateados resplandecientes.<\/li>\n<li>Porque adem\u00e1s de sus llamativos colores, y presentan un fascinante patr\u00f3n de bandas que recuerda al mar, por lo que son ideales para creaciones de tem\u00e1tica marina.<\/li>\n<li>Las cuentas de conchas de paua son un subproducto natural que se puede trabajar. Porque f\u00e1ciles de cortar y moldear, se pueden crear en una gran variedad de bellos productos, y tenemos una gran variedad de formas caracter\u00edsticas entre las que elegir.<\/li>\n<\/ul>\n<p><img decoding=\"async\" class=\"alignnone size-full wp-image-8603\" src=\"https:\/\/www.artestar.eu%E2%80%8B%E2%80%8B%E2%80%8B%E2%80%8B\/wp-content\/uploads\/2023\/06\/Nacre-beads.jpg\" alt=\"Cuentas de conchas de paua rombo\" width=\"600\" height=\"600\" srcset=\"https:\/\/www.artestar.eu\/wp-content\/uploads\/2023\/06\/Nacre-beads.jpg 600w, https:\/\/www.artestar.eu\/wp-content\/uploads\/2023\/06\/Nacre-beads-300x300.jpg 300w, https:\/\/www.artestar.eu\/wp-content\/uploads\/2023\/06\/Nacre-beads-150x150.jpg 150w, https:\/\/www.artestar.eu\/wp-content\/uploads\/2023\/06\/Nacre-beads-450x450.jpg 450w, https:\/\/www.artestar.eu\/wp-content\/uploads\/2023\/06\/Nacre-beads-54x54.jpg 54w\" sizes=\"(max-width: 600px) 100vw, 600px\" \/><\/p>\n<h6>Avvertimento:<\/h6>\n<ul>\n<li>A causa dei diversi dispositivi di visualizzazione, sono consentite lievi deviazioni di colore.<\/li>\n<li>I bambini di et\u00e0 inferiore ai tre anni devono evitare il contatto con il prodotto a causa del rischio di soffocamento.<\/li>\n<\/ul>\n","protected":false},"excerpt":{"rendered":"<ul>\n<li>Tama\u00f1o: 10 x 10 mm<\/li>\n<li>Quantit\u00e0: ca. 33 unids.<\/li>\n<li>Arco\u00edris de colores \u00fanico<\/li>\n<li>Utilizzato per fare collane, bracciali e altri gioielli<\/li>\n<\/ul>\n","protected":false},"featured_media":14451,"comment_status":"open","ping_status":"closed","template":"","meta":[],"product_cat":[1693,1694,1495],"product_tag":[],"yoast_head":"<!-- This site is optimized with the Yoast SEO Premium plugin v20.5 (Yoast SEO v21.5) - https:\/\/yoast.com\/wordpress\/plugins\/seo\/ -->\n<title>Cuentas de conchas de paua rombo - Artestar<\/title>\n<meta name=\"description\" content=\"Las cuentas de conchas de paua son un subproducto natural que se puede trabajar. Presentan un fascinante patr\u00f3n de bandas que recuerda al mar.\" \/>\n<meta name=\"robots\" content=\"index, follow, max-snippet:-1, max-image-preview:large, max-video-preview:-1\" \/>\n<link rel=\"canonical\" href=\"https:\/\/www.artestar.eu\/it\/vendita-all-ingrosso\/cuentas-de-conchas-de-paua-rombo\/\" \/>\n<meta property=\"og:locale\" content=\"it_IT\" \/>\n<meta property=\"og:type\" content=\"article\" \/>\n<meta property=\"og:title\" content=\"Cuentas de conchas de paua rombo\" \/>\n<meta property=\"og:description\" content=\"Las cuentas de conchas de paua son un subproducto natural que se puede trabajar. Presentan un fascinante patr\u00f3n de bandas que recuerda al mar.\" \/>\n<meta property=\"og:url\" content=\"https:\/\/www.artestar.eu\/it\/vendita-all-ingrosso\/cuentas-de-conchas-de-paua-rombo\/\" \/>\n<meta property=\"og:site_name\" content=\"Artestar\" \/>\n<meta property=\"article:publisher\" content=\"https:\/\/www.facebook.com\/ARTESTAREU\" \/>\n<meta property=\"article:modified_time\" content=\"2023-10-18T02:53:10+00:00\" \/>\n<meta property=\"og:image\" content=\"https:\/\/www.artestar.eu\/wp-content\/uploads\/2023\/06\/rhombus-paua-shell-beads.jpg\" \/>\n\t<meta property=\"og:image:width\" content=\"1600\" \/>\n\t<meta property=\"og:image:height\" content=\"1600\" \/>\n\t<meta property=\"og:image:type\" content=\"image\/jpeg\" \/>\n<meta name=\"twitter:card\" content=\"summary_large_image\" \/>\n<meta name=\"twitter:label1\" content=\"Prezzo\" \/>\n\t<meta name=\"twitter:data1\" content=\"14,75&nbsp;&euro; (IVA non inclusa)\" \/>\n\t<meta name=\"twitter:label2\" content=\"Availability\" \/>\n\t<meta name=\"twitter:data2\" content=\"In stock\" \/>\n<script type=\"application\/ld+json\" class=\"yoast-schema-graph\">{\"@context\":\"https:\/\/schema.org\",\"@graph\":[{\"@type\":\"WebPage\",\"@id\":\"https:\/\/www.artestar.eu\/it\/vendita-all-ingrosso\/cuentas-de-conchas-de-paua-rombo\/\",\"url\":\"https:\/\/www.artestar.eu\/it\/vendita-all-ingrosso\/cuentas-de-conchas-de-paua-rombo\/\",\"name\":\"Cuentas de conchas de paua rombo - Artestar\",\"isPartOf\":{\"@id\":\"https:\/\/www.artestar.eu\/it\/#website\"},\"datePublished\":\"2023-06-10T03:34:45+00:00\",\"dateModified\":\"2023-10-18T02:53:10+00:00\",\"description\":\"Las cuentas de conchas de paua son un subproducto natural que se puede trabajar. Presentan un fascinante patr\u00f3n de bandas que recuerda al mar.\",\"breadcrumb\":{\"@id\":\"https:\/\/www.artestar.eu\/it\/vendita-all-ingrosso\/cuentas-de-conchas-de-paua-rombo\/#breadcrumb\"},\"inLanguage\":\"it-IT\",\"potentialAction\":[{\"@type\":\"ReadAction\",\"target\":[\"https:\/\/www.artestar.eu\/it\/vendita-all-ingrosso\/cuentas-de-conchas-de-paua-rombo\/\"]}]},{\"@type\":\"BreadcrumbList\",\"@id\":\"https:\/\/www.artestar.eu\/it\/vendita-all-ingrosso\/cuentas-de-conchas-de-paua-rombo\/#breadcrumb\",\"itemListElement\":[{\"@type\":\"ListItem\",\"position\":1,\"name\":\"Artestar\",\"item\":\"https:\/\/www.artestar.eu\/it\/\"},{\"@type\":\"ListItem\",\"position\":2,\"name\":\"Vendita all&#8217;ingrosso\",\"item\":\"https:\/\/www.artestar.eu\/it\/vendita-all-ingrosso\/\"},{\"@type\":\"ListItem\",\"position\":3,\"name\":\"Cuentas de conchas de paua rombo\"}]},{\"@type\":\"WebSite\",\"@id\":\"https:\/\/www.artestar.eu\/it\/#website\",\"url\":\"https:\/\/www.artestar.eu\/it\/\",\"name\":\"Artestar\",\"description\":\"Mayorista en abalorios y joyer\u00eda\",\"publisher\":{\"@id\":\"https:\/\/www.artestar.eu\/it\/#organization\"},\"alternateName\":\"Artestar-EU\",\"potentialAction\":[{\"@type\":\"SearchAction\",\"target\":{\"@type\":\"EntryPoint\",\"urlTemplate\":\"https:\/\/www.artestar.eu\/it\/?s={search_term_string}\"},\"query-input\":\"required name=search_term_string\"}],\"inLanguage\":\"it-IT\"},{\"@type\":[\"Organization\",\"Place\"],\"@id\":\"https:\/\/www.artestar.eu\/it\/#organization\",\"name\":\"RUBY ABALORIO S.L.\",\"alternateName\":\"Artestar\",\"url\":\"https:\/\/www.artestar.eu\/it\/\",\"logo\":{\"@id\":\"https:\/\/www.artestar.eu\/it\/vendita-all-ingrosso\/cuentas-de-conchas-de-paua-rombo\/#local-main-organization-logo\"},\"image\":{\"@id\":\"https:\/\/www.artestar.eu\/it\/vendita-all-ingrosso\/cuentas-de-conchas-de-paua-rombo\/#local-main-organization-logo\"},\"sameAs\":[\"https:\/\/www.facebook.com\/ARTESTAREU\",\"https:\/\/www.instagram.com\/artestareu\/\",\"https:\/\/www.pinterest.es\/artestar_eu\/\",\"https:\/\/www.tiktok.com\/@artestar_wholesale\"],\"openingHoursSpecification\":[{\"@type\":\"OpeningHoursSpecification\",\"dayOfWeek\":[\"Monday\",\"Tuesday\",\"Wednesday\",\"Thursday\",\"Friday\",\"Saturday\",\"Sunday\"],\"opens\":\"09:00\",\"closes\":\"17:00\"}]},{\"@type\":\"ImageObject\",\"inLanguage\":\"it-IT\",\"@id\":\"https:\/\/www.artestar.eu\/it\/vendita-all-ingrosso\/cuentas-de-conchas-de-paua-rombo\/#local-main-organization-logo\",\"url\":\"https:\/\/www.artestar.eu\/wp-content\/uploads\/2023\/05\/cropped-png.png\",\"contentUrl\":\"https:\/\/www.artestar.eu\/wp-content\/uploads\/2023\/05\/cropped-png.png\",\"width\":512,\"height\":512,\"caption\":\"RUBY ABALORIO S.L.\"}]}<\/script>\n<meta property=\"product:price:amount\" content=\"14.75\" \/>\n<meta property=\"product:price:currency\" content=\"EUR\" \/>\n<meta property=\"og:availability\" content=\"instock\" \/>\n<meta property=\"product:availability\" content=\"instock\" \/>\n<meta property=\"product:retailer_item_id\" content=\"BK-BY-FX0002\" \/>\n<meta property=\"product:condition\" content=\"new\" \/>\n<!-- \/ Yoast SEO Premium plugin. -->","yoast_head_json":{"title":"Cuentas de conchas de paua rombo - Artestar","description":"Las cuentas de conchas de paua son un subproducto natural que se puede trabajar. Presentan un fascinante patr\u00f3n de bandas que recuerda al mar.","robots":{"index":"index","follow":"follow","max-snippet":"max-snippet:-1","max-image-preview":"max-image-preview:large","max-video-preview":"max-video-preview:-1"},"canonical":"https:\/\/www.artestar.eu\/it\/vendita-all-ingrosso\/cuentas-de-conchas-de-paua-rombo\/","og_locale":"it_IT","og_type":"article","og_title":"Cuentas de conchas de paua rombo","og_description":"Las cuentas de conchas de paua son un subproducto natural que se puede trabajar. Presentan un fascinante patr\u00f3n de bandas que recuerda al mar.","og_url":"https:\/\/www.artestar.eu\/it\/vendita-all-ingrosso\/cuentas-de-conchas-de-paua-rombo\/","og_site_name":"Artestar","article_publisher":"https:\/\/www.facebook.com\/ARTESTAREU","article_modified_time":"2023-10-18T02:53:10+00:00","og_image":[{"width":1600,"height":1600,"url":"https:\/\/www.artestar.eu\/wp-content\/uploads\/2023\/06\/rhombus-paua-shell-beads.jpg","type":"image\/jpeg"}],"twitter_card":"summary_large_image","twitter_misc":{"Prezzo":"14,75&nbsp;&euro; (IVA non inclusa)","Availability":"In stock"},"schema":{"@context":"https:\/\/schema.org","@graph":[{"@type":"WebPage","@id":"https:\/\/www.artestar.eu\/it\/vendita-all-ingrosso\/cuentas-de-conchas-de-paua-rombo\/","url":"https:\/\/www.artestar.eu\/it\/vendita-all-ingrosso\/cuentas-de-conchas-de-paua-rombo\/","name":"Cuentas de conchas de paua rombo - Artestar","isPartOf":{"@id":"https:\/\/www.artestar.eu\/it\/#website"},"datePublished":"2023-06-10T03:34:45+00:00","dateModified":"2023-10-18T02:53:10+00:00","description":"Las cuentas de conchas de paua son un subproducto natural que se puede trabajar. Presentan un fascinante patr\u00f3n de bandas que recuerda al mar.","breadcrumb":{"@id":"https:\/\/www.artestar.eu\/it\/vendita-all-ingrosso\/cuentas-de-conchas-de-paua-rombo\/#breadcrumb"},"inLanguage":"it-IT","potentialAction":[{"@type":"ReadAction","target":["https:\/\/www.artestar.eu\/it\/vendita-all-ingrosso\/cuentas-de-conchas-de-paua-rombo\/"]}]},{"@type":"BreadcrumbList","@id":"https:\/\/www.artestar.eu\/it\/vendita-all-ingrosso\/cuentas-de-conchas-de-paua-rombo\/#breadcrumb","itemListElement":[{"@type":"ListItem","position":1,"name":"Artestar","item":"https:\/\/www.artestar.eu\/it\/"},{"@type":"ListItem","position":2,"name":"Vendita all&#8217;ingrosso","item":"https:\/\/www.artestar.eu\/it\/vendita-all-ingrosso\/"},{"@type":"ListItem","position":3,"name":"Cuentas de conchas de paua rombo"}]},{"@type":"WebSite","@id":"https:\/\/www.artestar.eu\/it\/#website","url":"https:\/\/www.artestar.eu\/it\/","name":"Artestar","description":"Mayorista en abalorios y joyer\u00eda","publisher":{"@id":"https:\/\/www.artestar.eu\/it\/#organization"},"alternateName":"Artestar-EU","potentialAction":[{"@type":"SearchAction","target":{"@type":"EntryPoint","urlTemplate":"https:\/\/www.artestar.eu\/it\/?s={search_term_string}"},"query-input":"required name=search_term_string"}],"inLanguage":"it-IT"},{"@type":["Organization","Place"],"@id":"https:\/\/www.artestar.eu\/it\/#organization","name":"RUBY ABALORIO S.L.","alternateName":"Artestar","url":"https:\/\/www.artestar.eu\/it\/","logo":{"@id":"https:\/\/www.artestar.eu\/it\/vendita-all-ingrosso\/cuentas-de-conchas-de-paua-rombo\/#local-main-organization-logo"},"image":{"@id":"https:\/\/www.artestar.eu\/it\/vendita-all-ingrosso\/cuentas-de-conchas-de-paua-rombo\/#local-main-organization-logo"},"sameAs":["https:\/\/www.facebook.com\/ARTESTAREU","https:\/\/www.instagram.com\/artestareu\/","https:\/\/www.pinterest.es\/artestar_eu\/","https:\/\/www.tiktok.com\/@artestar_wholesale"],"openingHoursSpecification":[{"@type":"OpeningHoursSpecification","dayOfWeek":["Monday","Tuesday","Wednesday","Thursday","Friday","Saturday","Sunday"],"opens":"09:00","closes":"17:00"}]},{"@type":"ImageObject","inLanguage":"it-IT","@id":"https:\/\/www.artestar.eu\/it\/vendita-all-ingrosso\/cuentas-de-conchas-de-paua-rombo\/#local-main-organization-logo","url":"https:\/\/www.artestar.eu\/wp-content\/uploads\/2023\/05\/cropped-png.png","contentUrl":"https:\/\/www.artestar.eu\/wp-content\/uploads\/2023\/05\/cropped-png.png","width":512,"height":512,"caption":"RUBY ABALORIO S.L."}]},"product_price_amount":"14.75","product_price_currency":"EUR","og_availability":"instock","product_availability":"instock","product_retailer_item_id":"BK-BY-FX0002","product_condition":"new"},"tiered_pricing_type":"fixed","tiered_pricing_fixed_rules":[],"tiered_pricing_percentage_rules":[],"tiered_pricing_minimum":null,"_administrator_tiered_pricing_type":"fixed","_administrator_tiered_pricing_fixed_rules":[],"_editor_tiered_pricing_type":"fixed","_editor_tiered_pricing_fixed_rules":[],"_author_tiered_pricing_type":"fixed","_author_tiered_pricing_fixed_rules":[],"_contributor_tiered_pricing_type":"fixed","_contributor_tiered_pricing_fixed_rules":[],"_subscriber_tiered_pricing_type":"fixed","_subscriber_tiered_pricing_fixed_rules":[],"_wpseo_manager_tiered_pricing_type":"fixed","_wpseo_manager_tiered_pricing_fixed_rules":[],"_wpseo_editor_tiered_pricing_type":"fixed","_wpseo_editor_tiered_pricing_fixed_rules":[],"_customer_tiered_pricing_type":"fixed","_customer_tiered_pricing_fixed_rules":[],"_shop_manager_tiered_pricing_type":"fixed","_shop_manager_tiered_pricing_fixed_rules":[],"_product_manager_tiered_pricing_type":"fixed","_product_manager_tiered_pricing_fixed_rules":[],"_links":{"self":[{"href":"https:\/\/www.artestar.eu\/it\/wp-json\/wp\/v2\/product\/25923"}],"collection":[{"href":"https:\/\/www.artestar.eu\/it\/wp-json\/wp\/v2\/product"}],"about":[{"href":"https:\/\/www.artestar.eu\/it\/wp-json\/wp\/v2\/types\/product"}],"replies":[{"embeddable":true,"href":"https:\/\/www.artestar.eu\/it\/wp-json\/wp\/v2\/comments?post=25923"}],"version-history":[{"count":2,"href":"https:\/\/www.artestar.eu\/it\/wp-json\/wp\/v2\/product\/25923\/revisions"}],"predecessor-version":[{"id":36836,"href":"https:\/\/www.artestar.eu\/it\/wp-json\/wp\/v2\/product\/25923\/revisions\/36836"}],"wp:featuredmedia":[{"embeddable":true,"href":"https:\/\/www.artestar.eu\/it\/wp-json\/wp\/v2\/media\/14451"}],"wp:attachment":[{"href":"https:\/\/www.artestar.eu\/it\/wp-json\/wp\/v2\/media?parent=25923"}],"wp:term":[{"taxonomy":"product_cat","embeddable":true,"href":"https:\/\/www.artestar.eu\/it\/wp-json\/wp\/v2\/product_cat?post=25923"},{"taxonomy":"product_tag","embeddable":true,"href":"https:\/\/www.artestar.eu\/it\/wp-json\/wp\/v2\/product_tag?post=25923"}],"curies":[{"name":"wp","href":"https:\/\/api.w.org\/{rel}","templated":true}]}}