{"id":26036,"date":"2023-06-12T08:23:53","date_gmt":"2023-06-12T08:23:53","guid":{"rendered":"https:\/\/www.artestar.eu\/al-por-mayor\/agata-roja-irregular-cuentas-de-piedra\/"},"modified":"2023-10-18T01:43:32","modified_gmt":"2023-10-18T01:43:32","slug":"agata-roja-irregular-cuentas-de-piedra","status":"publish","type":"product","link":"https:\/\/www.artestar.eu\/it\/vendita-all-ingrosso\/agata-roja-irregular-cuentas-de-piedra\/","title":{"rendered":"\u00c1gata roja irregular cuentas de piedra"},"content":{"rendered":"<p>\u00c1gata roja irregular cuentas de piedra: 8 &#8211; 12 mm.<\/p>\n<ul>\n<li>Porque cada cuenta de piedra preciosa est\u00e1 hecha de materiales naturales puros y tiene una apariencia \u00fanica.<\/li>\n<li>Porque pulidas mediante el proceso de pulido, las cuentas de piedras naturales irregulares son suaves y redondeadas, lo que las hace muy c\u00f3modas de llevar. Adem\u00e1s, su tama\u00f1o irregular y textura \u00fanica, junto con vetas y colores naturales, hacen que las cuentas de piedras preciosas sean \u00fanicas.<\/li>\n<li>Las cuentas de piedras semipreciosas naturales irregulares pueden aliviar el estr\u00e9s y la ansiedad, transmiten un mensaje psicol\u00f3gico positivo, una visi\u00f3n optimista de la vida y se dice que transmiten la energ\u00eda del universo al cuerpo.<\/li>\n<li>Cada una de estas preciosas cuentas irregulares de piedra suelta est\u00e1 perforada y es perfecta para enhebrar. S\u00f3lo tiene que pasar un hilo de perl\u00e9 por los orificios de las cuentas y a\u00f1adirlas f\u00e1cilmente a sus proyectos de punto: \u00a1disfrute haciendo manualidades de bisuter\u00eda!<\/li>\n<li>Estas delicadas cuentas perforadas se pueden combinar con otros accesorios met\u00e1licos, cristales, perlas, conchas y mucho m\u00e1s para hacer cualquier manualidad, collar, pulsera, pendientes, decoraci\u00f3n del hogar y mucho m\u00e1s. Reg\u00e1lalo a familiares y amigos amantes de las manualidades. No s\u00f3lo es un regalo perfecto, sino que tambi\u00e9n lleva los mejores deseos.<\/li>\n<\/ul>\n<p><img decoding=\"async\" class=\"alignnone size-full wp-image-5926\" src=\"https:\/\/www.artestar.eu%E2%80%8B%E2%80%8B%E2%80%8B%E2%80%8B\/wp-content\/uploads\/2023\/06\/natural-gemstone-1.jpg\" alt=\"cuentas de piedra irregulares naturales\" width=\"600\" height=\"600\" srcset=\"https:\/\/www.artestar.eu\/wp-content\/uploads\/2023\/06\/natural-gemstone-1.jpg 600w, https:\/\/www.artestar.eu\/wp-content\/uploads\/2023\/06\/natural-gemstone-1-300x300.jpg 300w, https:\/\/www.artestar.eu\/wp-content\/uploads\/2023\/06\/natural-gemstone-1-150x150.jpg 150w, https:\/\/www.artestar.eu\/wp-content\/uploads\/2023\/06\/natural-gemstone-1-450x450.jpg 450w, https:\/\/www.artestar.eu\/wp-content\/uploads\/2023\/06\/natural-gemstone-1-54x54.jpg 54w\" sizes=\"(max-width: 600px) 100vw, 600px\" \/><\/p>\n<h5>\u00c1gata roja irregular cuentas de piedra naturales<\/h5>\n<p><strong>Precauzione:<\/strong><\/p>\n<ul>\n<li>Debido a las diferencias entre monitores y resoluciones, los colores de las im\u00e1genes pueden diferir ligeramente de los colores reales.<\/li>\n<li>A causa di fattori quali l&#8217;illuminazione o le variazioni naturali dei materiali utilizzati, il prodotto pu\u00f2 variare leggermente nel colore e nella forma.<\/li>\n<li>Le perle di pietra devono essere protette dalla luce solare intensa per evitare di danneggiare la consistenza e il colore della pietra.<\/li>\n<\/ul>\n<p><strong>Attenzione: <\/strong><\/p>\n<ul>\n<li>I bambini sotto i tre anni di et\u00e0 dovrebbero evitare il contatto, il rischio di soffocamento.<\/li>\n<\/ul>\n","protected":false},"excerpt":{"rendered":"<ul>\n<li>Dimensioni: circa 8 &#8211; 12 mm, agujero: 1 mm<\/li>\n<li>Quantit\u00e0: ca. 30 ~ 45 unids. La cantidad puede variar debido a los diferentes tama\u00f1os de cuentas.<\/li>\n<\/ul>\n","protected":false},"featured_media":14541,"comment_status":"open","ping_status":"closed","template":"","meta":[],"product_cat":[1571,1495,1496],"product_tag":[],"yoast_head":"<!-- This site is optimized with the Yoast SEO Premium plugin v20.5 (Yoast SEO v21.5) - https:\/\/yoast.com\/wordpress\/plugins\/seo\/ -->\n<title>\u00c1gata roja irregular cuentas de piedra - Artestar<\/title>\n<meta name=\"description\" content=\"L&#039;agata \u00e8 una pietra con propriet\u00e0 protettive, rinforzanti e stabilizzanti in grado di bilanciare sia le emozioni che il corpo.\" \/>\n<meta name=\"robots\" content=\"index, follow, max-snippet:-1, max-image-preview:large, max-video-preview:-1\" \/>\n<link rel=\"canonical\" href=\"https:\/\/www.artestar.eu\/it\/vendita-all-ingrosso\/agata-roja-irregular-cuentas-de-piedra\/\" \/>\n<meta property=\"og:locale\" content=\"it_IT\" \/>\n<meta property=\"og:type\" content=\"article\" \/>\n<meta property=\"og:title\" content=\"\u00c1gata roja irregular cuentas de piedra\" \/>\n<meta property=\"og:description\" content=\"L&#039;agata \u00e8 una pietra con propriet\u00e0 protettive, rinforzanti e stabilizzanti in grado di bilanciare sia le emozioni che il corpo.\" \/>\n<meta property=\"og:url\" content=\"https:\/\/www.artestar.eu\/it\/vendita-all-ingrosso\/agata-roja-irregular-cuentas-de-piedra\/\" \/>\n<meta property=\"og:site_name\" content=\"Artestar\" \/>\n<meta property=\"article:publisher\" content=\"https:\/\/www.facebook.com\/ARTESTAREU\" \/>\n<meta property=\"article:modified_time\" content=\"2023-10-18T01:43:32+00:00\" \/>\n<meta property=\"og:image\" content=\"https:\/\/www.artestar.eu\/wp-content\/uploads\/2023\/06\/natural-semi-precious-gemstone-beads-red-agate.jpg\" \/>\n\t<meta property=\"og:image:width\" content=\"600\" \/>\n\t<meta property=\"og:image:height\" content=\"600\" \/>\n\t<meta property=\"og:image:type\" content=\"image\/jpeg\" \/>\n<meta name=\"twitter:card\" content=\"summary_large_image\" \/>\n<meta name=\"twitter:label1\" content=\"Prezzo\" \/>\n\t<meta name=\"twitter:data1\" content=\"1,65&nbsp;&euro; (IVA non inclusa)\" \/>\n\t<meta name=\"twitter:label2\" content=\"Availability\" \/>\n\t<meta name=\"twitter:data2\" content=\"In stock\" \/>\n<script type=\"application\/ld+json\" class=\"yoast-schema-graph\">{\"@context\":\"https:\/\/schema.org\",\"@graph\":[{\"@type\":\"WebPage\",\"@id\":\"https:\/\/www.artestar.eu\/it\/vendita-all-ingrosso\/agata-roja-irregular-cuentas-de-piedra\/\",\"url\":\"https:\/\/www.artestar.eu\/it\/vendita-all-ingrosso\/agata-roja-irregular-cuentas-de-piedra\/\",\"name\":\"\u00c1gata roja irregular cuentas de piedra - Artestar\",\"isPartOf\":{\"@id\":\"https:\/\/www.artestar.eu\/it\/#website\"},\"datePublished\":\"2023-06-12T08:23:53+00:00\",\"dateModified\":\"2023-10-18T01:43:32+00:00\",\"description\":\"L'agata \u00e8 una pietra con propriet\u00e0 protettive, rinforzanti e stabilizzanti in grado di bilanciare sia le emozioni che il corpo.\",\"breadcrumb\":{\"@id\":\"https:\/\/www.artestar.eu\/it\/vendita-all-ingrosso\/agata-roja-irregular-cuentas-de-piedra\/#breadcrumb\"},\"inLanguage\":\"it-IT\",\"potentialAction\":[{\"@type\":\"ReadAction\",\"target\":[\"https:\/\/www.artestar.eu\/it\/vendita-all-ingrosso\/agata-roja-irregular-cuentas-de-piedra\/\"]}]},{\"@type\":\"BreadcrumbList\",\"@id\":\"https:\/\/www.artestar.eu\/it\/vendita-all-ingrosso\/agata-roja-irregular-cuentas-de-piedra\/#breadcrumb\",\"itemListElement\":[{\"@type\":\"ListItem\",\"position\":1,\"name\":\"Artestar\",\"item\":\"https:\/\/www.artestar.eu\/it\/\"},{\"@type\":\"ListItem\",\"position\":2,\"name\":\"Vendita all&#8217;ingrosso\",\"item\":\"https:\/\/www.artestar.eu\/it\/vendita-all-ingrosso\/\"},{\"@type\":\"ListItem\",\"position\":3,\"name\":\"\u00c1gata roja irregular cuentas de piedra\"}]},{\"@type\":\"WebSite\",\"@id\":\"https:\/\/www.artestar.eu\/it\/#website\",\"url\":\"https:\/\/www.artestar.eu\/it\/\",\"name\":\"Artestar\",\"description\":\"Mayorista en abalorios y joyer\u00eda\",\"publisher\":{\"@id\":\"https:\/\/www.artestar.eu\/it\/#organization\"},\"alternateName\":\"Artestar-EU\",\"potentialAction\":[{\"@type\":\"SearchAction\",\"target\":{\"@type\":\"EntryPoint\",\"urlTemplate\":\"https:\/\/www.artestar.eu\/it\/?s={search_term_string}\"},\"query-input\":\"required name=search_term_string\"}],\"inLanguage\":\"it-IT\"},{\"@type\":[\"Organization\",\"Place\"],\"@id\":\"https:\/\/www.artestar.eu\/it\/#organization\",\"name\":\"RUBY ABALORIO S.L.\",\"alternateName\":\"Artestar\",\"url\":\"https:\/\/www.artestar.eu\/it\/\",\"logo\":{\"@id\":\"https:\/\/www.artestar.eu\/it\/vendita-all-ingrosso\/agata-roja-irregular-cuentas-de-piedra\/#local-main-organization-logo\"},\"image\":{\"@id\":\"https:\/\/www.artestar.eu\/it\/vendita-all-ingrosso\/agata-roja-irregular-cuentas-de-piedra\/#local-main-organization-logo\"},\"sameAs\":[\"https:\/\/www.facebook.com\/ARTESTAREU\",\"https:\/\/www.instagram.com\/artestareu\/\",\"https:\/\/www.pinterest.es\/artestar_eu\/\",\"https:\/\/www.tiktok.com\/@artestar_wholesale\"],\"openingHoursSpecification\":[{\"@type\":\"OpeningHoursSpecification\",\"dayOfWeek\":[\"Monday\",\"Tuesday\",\"Wednesday\",\"Thursday\",\"Friday\",\"Saturday\",\"Sunday\"],\"opens\":\"09:00\",\"closes\":\"17:00\"}]},{\"@type\":\"ImageObject\",\"inLanguage\":\"it-IT\",\"@id\":\"https:\/\/www.artestar.eu\/it\/vendita-all-ingrosso\/agata-roja-irregular-cuentas-de-piedra\/#local-main-organization-logo\",\"url\":\"https:\/\/www.artestar.eu\/wp-content\/uploads\/2023\/05\/cropped-png.png\",\"contentUrl\":\"https:\/\/www.artestar.eu\/wp-content\/uploads\/2023\/05\/cropped-png.png\",\"width\":512,\"height\":512,\"caption\":\"RUBY ABALORIO S.L.\"}]}<\/script>\n<meta property=\"product:price:amount\" content=\"1.65\" \/>\n<meta property=\"product:price:currency\" content=\"EUR\" \/>\n<meta property=\"og:availability\" content=\"instock\" \/>\n<meta property=\"product:availability\" content=\"instock\" \/>\n<meta property=\"product:retailer_item_id\" content=\"BS-YZ-SX0019\" \/>\n<meta property=\"product:condition\" content=\"new\" \/>\n<!-- \/ Yoast SEO Premium plugin. -->","yoast_head_json":{"title":"\u00c1gata roja irregular cuentas de piedra - Artestar","description":"L'agata \u00e8 una pietra con propriet\u00e0 protettive, rinforzanti e stabilizzanti in grado di bilanciare sia le emozioni che il corpo.","robots":{"index":"index","follow":"follow","max-snippet":"max-snippet:-1","max-image-preview":"max-image-preview:large","max-video-preview":"max-video-preview:-1"},"canonical":"https:\/\/www.artestar.eu\/it\/vendita-all-ingrosso\/agata-roja-irregular-cuentas-de-piedra\/","og_locale":"it_IT","og_type":"article","og_title":"\u00c1gata roja irregular cuentas de piedra","og_description":"L'agata \u00e8 una pietra con propriet\u00e0 protettive, rinforzanti e stabilizzanti in grado di bilanciare sia le emozioni che il corpo.","og_url":"https:\/\/www.artestar.eu\/it\/vendita-all-ingrosso\/agata-roja-irregular-cuentas-de-piedra\/","og_site_name":"Artestar","article_publisher":"https:\/\/www.facebook.com\/ARTESTAREU","article_modified_time":"2023-10-18T01:43:32+00:00","og_image":[{"width":600,"height":600,"url":"https:\/\/www.artestar.eu\/wp-content\/uploads\/2023\/06\/natural-semi-precious-gemstone-beads-red-agate.jpg","type":"image\/jpeg"}],"twitter_card":"summary_large_image","twitter_misc":{"Prezzo":"1,65&nbsp;&euro; (IVA non inclusa)","Availability":"In stock"},"schema":{"@context":"https:\/\/schema.org","@graph":[{"@type":"WebPage","@id":"https:\/\/www.artestar.eu\/it\/vendita-all-ingrosso\/agata-roja-irregular-cuentas-de-piedra\/","url":"https:\/\/www.artestar.eu\/it\/vendita-all-ingrosso\/agata-roja-irregular-cuentas-de-piedra\/","name":"\u00c1gata roja irregular cuentas de piedra - Artestar","isPartOf":{"@id":"https:\/\/www.artestar.eu\/it\/#website"},"datePublished":"2023-06-12T08:23:53+00:00","dateModified":"2023-10-18T01:43:32+00:00","description":"L'agata \u00e8 una pietra con propriet\u00e0 protettive, rinforzanti e stabilizzanti in grado di bilanciare sia le emozioni che il corpo.","breadcrumb":{"@id":"https:\/\/www.artestar.eu\/it\/vendita-all-ingrosso\/agata-roja-irregular-cuentas-de-piedra\/#breadcrumb"},"inLanguage":"it-IT","potentialAction":[{"@type":"ReadAction","target":["https:\/\/www.artestar.eu\/it\/vendita-all-ingrosso\/agata-roja-irregular-cuentas-de-piedra\/"]}]},{"@type":"BreadcrumbList","@id":"https:\/\/www.artestar.eu\/it\/vendita-all-ingrosso\/agata-roja-irregular-cuentas-de-piedra\/#breadcrumb","itemListElement":[{"@type":"ListItem","position":1,"name":"Artestar","item":"https:\/\/www.artestar.eu\/it\/"},{"@type":"ListItem","position":2,"name":"Vendita all&#8217;ingrosso","item":"https:\/\/www.artestar.eu\/it\/vendita-all-ingrosso\/"},{"@type":"ListItem","position":3,"name":"\u00c1gata roja irregular cuentas de piedra"}]},{"@type":"WebSite","@id":"https:\/\/www.artestar.eu\/it\/#website","url":"https:\/\/www.artestar.eu\/it\/","name":"Artestar","description":"Mayorista en abalorios y joyer\u00eda","publisher":{"@id":"https:\/\/www.artestar.eu\/it\/#organization"},"alternateName":"Artestar-EU","potentialAction":[{"@type":"SearchAction","target":{"@type":"EntryPoint","urlTemplate":"https:\/\/www.artestar.eu\/it\/?s={search_term_string}"},"query-input":"required name=search_term_string"}],"inLanguage":"it-IT"},{"@type":["Organization","Place"],"@id":"https:\/\/www.artestar.eu\/it\/#organization","name":"RUBY ABALORIO S.L.","alternateName":"Artestar","url":"https:\/\/www.artestar.eu\/it\/","logo":{"@id":"https:\/\/www.artestar.eu\/it\/vendita-all-ingrosso\/agata-roja-irregular-cuentas-de-piedra\/#local-main-organization-logo"},"image":{"@id":"https:\/\/www.artestar.eu\/it\/vendita-all-ingrosso\/agata-roja-irregular-cuentas-de-piedra\/#local-main-organization-logo"},"sameAs":["https:\/\/www.facebook.com\/ARTESTAREU","https:\/\/www.instagram.com\/artestareu\/","https:\/\/www.pinterest.es\/artestar_eu\/","https:\/\/www.tiktok.com\/@artestar_wholesale"],"openingHoursSpecification":[{"@type":"OpeningHoursSpecification","dayOfWeek":["Monday","Tuesday","Wednesday","Thursday","Friday","Saturday","Sunday"],"opens":"09:00","closes":"17:00"}]},{"@type":"ImageObject","inLanguage":"it-IT","@id":"https:\/\/www.artestar.eu\/it\/vendita-all-ingrosso\/agata-roja-irregular-cuentas-de-piedra\/#local-main-organization-logo","url":"https:\/\/www.artestar.eu\/wp-content\/uploads\/2023\/05\/cropped-png.png","contentUrl":"https:\/\/www.artestar.eu\/wp-content\/uploads\/2023\/05\/cropped-png.png","width":512,"height":512,"caption":"RUBY ABALORIO S.L."}]},"product_price_amount":"1.65","product_price_currency":"EUR","og_availability":"instock","product_availability":"instock","product_retailer_item_id":"BS-YZ-SX0019","product_condition":"new"},"tiered_pricing_type":"percentage","tiered_pricing_fixed_rules":{"10":"10"},"tiered_pricing_percentage_rules":[],"tiered_pricing_minimum":null,"_administrator_tiered_pricing_type":"fixed","_administrator_tiered_pricing_fixed_rules":[],"_editor_tiered_pricing_type":"fixed","_editor_tiered_pricing_fixed_rules":[],"_author_tiered_pricing_type":"fixed","_author_tiered_pricing_fixed_rules":[],"_contributor_tiered_pricing_type":"fixed","_contributor_tiered_pricing_fixed_rules":[],"_subscriber_tiered_pricing_type":"fixed","_subscriber_tiered_pricing_fixed_rules":[],"_wpseo_manager_tiered_pricing_type":"fixed","_wpseo_manager_tiered_pricing_fixed_rules":[],"_wpseo_editor_tiered_pricing_type":"fixed","_wpseo_editor_tiered_pricing_fixed_rules":[],"_customer_tiered_pricing_type":"fixed","_customer_tiered_pricing_fixed_rules":[],"_shop_manager_tiered_pricing_type":"fixed","_shop_manager_tiered_pricing_fixed_rules":[],"_product_manager_tiered_pricing_type":"fixed","_product_manager_tiered_pricing_fixed_rules":[],"_links":{"self":[{"href":"https:\/\/www.artestar.eu\/it\/wp-json\/wp\/v2\/product\/26036"}],"collection":[{"href":"https:\/\/www.artestar.eu\/it\/wp-json\/wp\/v2\/product"}],"about":[{"href":"https:\/\/www.artestar.eu\/it\/wp-json\/wp\/v2\/types\/product"}],"replies":[{"embeddable":true,"href":"https:\/\/www.artestar.eu\/it\/wp-json\/wp\/v2\/comments?post=26036"}],"version-history":[{"count":1,"href":"https:\/\/www.artestar.eu\/it\/wp-json\/wp\/v2\/product\/26036\/revisions"}],"predecessor-version":[{"id":36771,"href":"https:\/\/www.artestar.eu\/it\/wp-json\/wp\/v2\/product\/26036\/revisions\/36771"}],"wp:featuredmedia":[{"embeddable":true,"href":"https:\/\/www.artestar.eu\/it\/wp-json\/wp\/v2\/media\/14541"}],"wp:attachment":[{"href":"https:\/\/www.artestar.eu\/it\/wp-json\/wp\/v2\/media?parent=26036"}],"wp:term":[{"taxonomy":"product_cat","embeddable":true,"href":"https:\/\/www.artestar.eu\/it\/wp-json\/wp\/v2\/product_cat?post=26036"},{"taxonomy":"product_tag","embeddable":true,"href":"https:\/\/www.artestar.eu\/it\/wp-json\/wp\/v2\/product_tag?post=26036"}],"curies":[{"name":"wp","href":"https:\/\/api.w.org\/{rel}","templated":true}]}}