{"id":26545,"date":"2023-06-15T09:06:51","date_gmt":"2023-06-15T09:06:51","guid":{"rendered":"https:\/\/www.artestar.eu\/al-por-mayor\/cuentas-de-nacar-columna-3-x-2-mm\/"},"modified":"2023-10-17T03:20:41","modified_gmt":"2023-10-17T03:20:41","slug":"perline-di-conchiglia-colorate-naturali","status":"publish","type":"product","link":"https:\/\/www.artestar.eu\/it\/vendita-all-ingrosso\/perline-di-conchiglia-colorate-naturali\/","title":{"rendered":"Colonna di perline madreperlate 3 x 2 mm"},"content":{"rendered":"<p>Le nostre perline di conchiglie colonnari naturali colorate sono disponibili in molti bei colori, il che le rende molto selettive. Sentiti libero di scegliere il colore e la forma che preferisci per creare i tuoi gioielli creativi fai-da-te.<\/p>\n<h5>Caratteristiche:<\/h5>\n<ul>\n<li>Morbide e fresche, queste perline naturali di conchiglia colorata in madreperla sono belle, leggere e comode da indossare.<\/li>\n<li>Queste colorate perle a conchiglia colonnare naturali sono l&#8217;accessorio perfetto per le perline. Puoi creare uno stile unico e rendere i tuoi gioielli sbalorditivi. Queste perle sciolte sono adatte per disegni di bigiotteria, regali fai-da-te, collane, ciondoli, bracciali, orecchini, accessori per abiti, decorazioni per la casa e disegni di nozze.<\/li>\n<li>Poich\u00e9 le perline di conchiglia di madreperla sono tenute in posizione con il filo, non dovrai sforzarti per perforarle. Possono anche essere utilizzati con catene metalliche e perle di pietre preziose di cristallo per creare accessori per capelli alla moda, materiali per accessori di abbigliamento e molto altro.<\/li>\n<li>Usa queste perle di conchiglie per fare diversi regali artigianali. Possono essere usati come regali preziosi per la tua famiglia e i tuoi amici in occasione di compleanni, Natale, Ringraziamento e altri anniversari speciali delle vacanze, ecc. Oppure regalali ai tuoi amici amanti dell&#8217;artigianato. Questo non solo migliorer\u00e0 le tue abilit\u00e0 artigianali, ma creer\u00e0 anche cameratismo tra te e il tuo amico.<\/li>\n<li>Le perline a forma di tubo a colonna hanno una forma eccezionale, sono classiche ed eleganti e danno un aspetto molto rinfrescante. \u00c8 visivamente naturale e confortevole, ma allo stesso tempo molto unico e bello. Se esci indossando gioielli a forma di nodo di bamb\u00f9, ti distinguerai sicuramente, poich\u00e9 sono davvero molto carini.<\/li>\n<li>La madreperla \u00e8 probabilmente un materiale naturale che si trova naturalmente in alcune conchiglie. Se hai mai aperto un guscio di ostrica e guardato dentro, noterai facilmente che la madreperla adorna le creazioni di gioielli con riflessi splendenti, conferendo loro un fascino morbido e femminile e simboleggiando la protezione.<\/li>\n<\/ul>\n<h6>Avvertimento:<\/h6>\n<ul>\n<li>A causa dei diversi dispositivi di visualizzazione, sono consentite lievi deviazioni di colore.<\/li>\n<li>I bambini sotto i tre anni di et\u00e0 devono evitare il contatto con il prodotto a causa del rischio di soffocamento.<\/li>\n<li>Quando si indossano gioielli in madreperla, si raccomanda di non esporli a sostanze chimiche come profumi, gel da bagno e detergenti, poich\u00e9 possono alterare il colore naturale della madreperla o addirittura danneggiarlo. Per pulire la madreperla, \u00e8 sufficiente pulirla con un panno morbido o un panno in microfibra.<\/li>\n<\/ul>\n","protected":false},"excerpt":{"rendered":"<ul>\n<li>Dimensioni: 3 x 2 mm<\/li>\n<li>Quantit\u00e0: ca. 182 pezzi<\/li>\n<li>Ampia gamma di colori<\/li>\n<li>Viene utilizzato per realizzare collane, orecchini, bracciali e altri gioielli<\/li>\n<\/ul>\n","protected":false},"featured_media":16084,"comment_status":"open","ping_status":"closed","template":"","meta":[],"product_cat":[1693,1694,1495],"product_tag":[],"yoast_head":"<!-- This site is optimized with the Yoast SEO Premium plugin v20.5 (Yoast SEO v21.5) - https:\/\/yoast.com\/wordpress\/plugins\/seo\/ -->\n<title>Perline di conchiglia colonnare naturale - Artestar<\/title>\n<meta name=\"description\" content=\"Queste perline di conchiglia colonnare naturale sono l&#039;accessorio perfetto per le perline. Puoi creare uno stile unico per rendere i tuoi gioielli sbalorditivi.\" \/>\n<meta name=\"robots\" content=\"index, follow, max-snippet:-1, max-image-preview:large, max-video-preview:-1\" \/>\n<link rel=\"canonical\" href=\"https:\/\/www.artestar.eu\/it\/vendita-all-ingrosso\/perline-di-conchiglia-colorate-naturali\/\" \/>\n<meta property=\"og:locale\" content=\"it_IT\" \/>\n<meta property=\"og:type\" content=\"article\" \/>\n<meta property=\"og:title\" content=\"Colonna di perline madreperlate 3 x 2 mm\" \/>\n<meta property=\"og:description\" content=\"Queste perline di conchiglia colonnare naturale sono l&#039;accessorio perfetto per le perline. Puoi creare uno stile unico per rendere i tuoi gioielli sbalorditivi.\" \/>\n<meta property=\"og:url\" content=\"https:\/\/www.artestar.eu\/it\/vendita-all-ingrosso\/perline-di-conchiglia-colorate-naturali\/\" \/>\n<meta property=\"og:site_name\" content=\"Artestar\" \/>\n<meta property=\"article:publisher\" content=\"https:\/\/www.facebook.com\/ARTESTAREU\" \/>\n<meta property=\"article:modified_time\" content=\"2023-10-17T03:20:41+00:00\" \/>\n<meta property=\"og:image\" content=\"https:\/\/www.artestar.eu\/wp-content\/uploads\/2023\/06\/shell-beads-2.jpg\" \/>\n\t<meta property=\"og:image:width\" content=\"600\" \/>\n\t<meta property=\"og:image:height\" content=\"600\" \/>\n\t<meta property=\"og:image:type\" content=\"image\/jpeg\" \/>\n<meta name=\"twitter:card\" content=\"summary_large_image\" \/>\n<meta name=\"twitter:label1\" content=\"Availability\" \/>\n\t<meta name=\"twitter:data1\" content=\"In stock\" \/>\n<script type=\"application\/ld+json\" class=\"yoast-schema-graph\">{\"@context\":\"https:\/\/schema.org\",\"@graph\":[{\"@type\":\"WebPage\",\"@id\":\"https:\/\/www.artestar.eu\/it\/vendita-all-ingrosso\/perline-di-conchiglia-colorate-naturali\/\",\"url\":\"https:\/\/www.artestar.eu\/it\/vendita-all-ingrosso\/perline-di-conchiglia-colorate-naturali\/\",\"name\":\"Perline di conchiglia colonnare naturale - Artestar\",\"isPartOf\":{\"@id\":\"https:\/\/www.artestar.eu\/it\/#website\"},\"datePublished\":\"2023-06-15T09:06:51+00:00\",\"dateModified\":\"2023-10-17T03:20:41+00:00\",\"description\":\"Queste perline di conchiglia colonnare naturale sono l'accessorio perfetto per le perline. Puoi creare uno stile unico per rendere i tuoi gioielli sbalorditivi.\",\"breadcrumb\":{\"@id\":\"https:\/\/www.artestar.eu\/it\/vendita-all-ingrosso\/perline-di-conchiglia-colorate-naturali\/#breadcrumb\"},\"inLanguage\":\"it-IT\",\"potentialAction\":[{\"@type\":\"ReadAction\",\"target\":[\"https:\/\/www.artestar.eu\/it\/vendita-all-ingrosso\/perline-di-conchiglia-colorate-naturali\/\"]}]},{\"@type\":\"BreadcrumbList\",\"@id\":\"https:\/\/www.artestar.eu\/it\/vendita-all-ingrosso\/perline-di-conchiglia-colorate-naturali\/#breadcrumb\",\"itemListElement\":[{\"@type\":\"ListItem\",\"position\":1,\"name\":\"Artestar\",\"item\":\"https:\/\/www.artestar.eu\/it\/\"},{\"@type\":\"ListItem\",\"position\":2,\"name\":\"Vendita all&#8217;ingrosso\",\"item\":\"https:\/\/www.artestar.eu\/it\/vendita-all-ingrosso\/\"},{\"@type\":\"ListItem\",\"position\":3,\"name\":\"Colonna di perline madreperlate 3 x 2 mm\"}]},{\"@type\":\"WebSite\",\"@id\":\"https:\/\/www.artestar.eu\/it\/#website\",\"url\":\"https:\/\/www.artestar.eu\/it\/\",\"name\":\"Artestar\",\"description\":\"Mayorista en abalorios y joyer\u00eda\",\"publisher\":{\"@id\":\"https:\/\/www.artestar.eu\/it\/#organization\"},\"alternateName\":\"Artestar-EU\",\"potentialAction\":[{\"@type\":\"SearchAction\",\"target\":{\"@type\":\"EntryPoint\",\"urlTemplate\":\"https:\/\/www.artestar.eu\/it\/?s={search_term_string}\"},\"query-input\":\"required name=search_term_string\"}],\"inLanguage\":\"it-IT\"},{\"@type\":[\"Organization\",\"Place\"],\"@id\":\"https:\/\/www.artestar.eu\/it\/#organization\",\"name\":\"RUBY ABALORIO S.L.\",\"alternateName\":\"Artestar\",\"url\":\"https:\/\/www.artestar.eu\/it\/\",\"logo\":{\"@id\":\"https:\/\/www.artestar.eu\/it\/vendita-all-ingrosso\/perline-di-conchiglia-colorate-naturali\/#local-main-organization-logo\"},\"image\":{\"@id\":\"https:\/\/www.artestar.eu\/it\/vendita-all-ingrosso\/perline-di-conchiglia-colorate-naturali\/#local-main-organization-logo\"},\"sameAs\":[\"https:\/\/www.facebook.com\/ARTESTAREU\",\"https:\/\/www.instagram.com\/artestareu\/\",\"https:\/\/www.pinterest.es\/artestar_eu\/\",\"https:\/\/www.tiktok.com\/@artestar_wholesale\"],\"openingHoursSpecification\":[{\"@type\":\"OpeningHoursSpecification\",\"dayOfWeek\":[\"Monday\",\"Tuesday\",\"Wednesday\",\"Thursday\",\"Friday\",\"Saturday\",\"Sunday\"],\"opens\":\"09:00\",\"closes\":\"17:00\"}]},{\"@type\":\"ImageObject\",\"inLanguage\":\"it-IT\",\"@id\":\"https:\/\/www.artestar.eu\/it\/vendita-all-ingrosso\/perline-di-conchiglia-colorate-naturali\/#local-main-organization-logo\",\"url\":\"https:\/\/www.artestar.eu\/wp-content\/uploads\/2023\/05\/cropped-png.png\",\"contentUrl\":\"https:\/\/www.artestar.eu\/wp-content\/uploads\/2023\/05\/cropped-png.png\",\"width\":512,\"height\":512,\"caption\":\"RUBY ABALORIO S.L.\"}]}<\/script>\n<meta property=\"og:availability\" content=\"instock\" \/>\n<meta property=\"product:availability\" content=\"instock\" \/>\n<meta property=\"product:retailer_item_id\" content=\"BK-YZ-ZG0012-0020\" \/>\n<meta property=\"product:condition\" content=\"new\" \/>\n<!-- \/ Yoast SEO Premium plugin. -->","yoast_head_json":{"title":"Perline di conchiglia colonnare naturale - Artestar","description":"Queste perline di conchiglia colonnare naturale sono l'accessorio perfetto per le perline. Puoi creare uno stile unico per rendere i tuoi gioielli sbalorditivi.","robots":{"index":"index","follow":"follow","max-snippet":"max-snippet:-1","max-image-preview":"max-image-preview:large","max-video-preview":"max-video-preview:-1"},"canonical":"https:\/\/www.artestar.eu\/it\/vendita-all-ingrosso\/perline-di-conchiglia-colorate-naturali\/","og_locale":"it_IT","og_type":"article","og_title":"Colonna di perline madreperlate 3 x 2 mm","og_description":"Queste perline di conchiglia colonnare naturale sono l'accessorio perfetto per le perline. Puoi creare uno stile unico per rendere i tuoi gioielli sbalorditivi.","og_url":"https:\/\/www.artestar.eu\/it\/vendita-all-ingrosso\/perline-di-conchiglia-colorate-naturali\/","og_site_name":"Artestar","article_publisher":"https:\/\/www.facebook.com\/ARTESTAREU","article_modified_time":"2023-10-17T03:20:41+00:00","og_image":[{"width":600,"height":600,"url":"https:\/\/www.artestar.eu\/wp-content\/uploads\/2023\/06\/shell-beads-2.jpg","type":"image\/jpeg"}],"twitter_card":"summary_large_image","twitter_misc":{"Availability":"In stock"},"schema":{"@context":"https:\/\/schema.org","@graph":[{"@type":"WebPage","@id":"https:\/\/www.artestar.eu\/it\/vendita-all-ingrosso\/perline-di-conchiglia-colorate-naturali\/","url":"https:\/\/www.artestar.eu\/it\/vendita-all-ingrosso\/perline-di-conchiglia-colorate-naturali\/","name":"Perline di conchiglia colonnare naturale - Artestar","isPartOf":{"@id":"https:\/\/www.artestar.eu\/it\/#website"},"datePublished":"2023-06-15T09:06:51+00:00","dateModified":"2023-10-17T03:20:41+00:00","description":"Queste perline di conchiglia colonnare naturale sono l'accessorio perfetto per le perline. Puoi creare uno stile unico per rendere i tuoi gioielli sbalorditivi.","breadcrumb":{"@id":"https:\/\/www.artestar.eu\/it\/vendita-all-ingrosso\/perline-di-conchiglia-colorate-naturali\/#breadcrumb"},"inLanguage":"it-IT","potentialAction":[{"@type":"ReadAction","target":["https:\/\/www.artestar.eu\/it\/vendita-all-ingrosso\/perline-di-conchiglia-colorate-naturali\/"]}]},{"@type":"BreadcrumbList","@id":"https:\/\/www.artestar.eu\/it\/vendita-all-ingrosso\/perline-di-conchiglia-colorate-naturali\/#breadcrumb","itemListElement":[{"@type":"ListItem","position":1,"name":"Artestar","item":"https:\/\/www.artestar.eu\/it\/"},{"@type":"ListItem","position":2,"name":"Vendita all&#8217;ingrosso","item":"https:\/\/www.artestar.eu\/it\/vendita-all-ingrosso\/"},{"@type":"ListItem","position":3,"name":"Colonna di perline madreperlate 3 x 2 mm"}]},{"@type":"WebSite","@id":"https:\/\/www.artestar.eu\/it\/#website","url":"https:\/\/www.artestar.eu\/it\/","name":"Artestar","description":"Mayorista en abalorios y joyer\u00eda","publisher":{"@id":"https:\/\/www.artestar.eu\/it\/#organization"},"alternateName":"Artestar-EU","potentialAction":[{"@type":"SearchAction","target":{"@type":"EntryPoint","urlTemplate":"https:\/\/www.artestar.eu\/it\/?s={search_term_string}"},"query-input":"required name=search_term_string"}],"inLanguage":"it-IT"},{"@type":["Organization","Place"],"@id":"https:\/\/www.artestar.eu\/it\/#organization","name":"RUBY ABALORIO S.L.","alternateName":"Artestar","url":"https:\/\/www.artestar.eu\/it\/","logo":{"@id":"https:\/\/www.artestar.eu\/it\/vendita-all-ingrosso\/perline-di-conchiglia-colorate-naturali\/#local-main-organization-logo"},"image":{"@id":"https:\/\/www.artestar.eu\/it\/vendita-all-ingrosso\/perline-di-conchiglia-colorate-naturali\/#local-main-organization-logo"},"sameAs":["https:\/\/www.facebook.com\/ARTESTAREU","https:\/\/www.instagram.com\/artestareu\/","https:\/\/www.pinterest.es\/artestar_eu\/","https:\/\/www.tiktok.com\/@artestar_wholesale"],"openingHoursSpecification":[{"@type":"OpeningHoursSpecification","dayOfWeek":["Monday","Tuesday","Wednesday","Thursday","Friday","Saturday","Sunday"],"opens":"09:00","closes":"17:00"}]},{"@type":"ImageObject","inLanguage":"it-IT","@id":"https:\/\/www.artestar.eu\/it\/vendita-all-ingrosso\/perline-di-conchiglia-colorate-naturali\/#local-main-organization-logo","url":"https:\/\/www.artestar.eu\/wp-content\/uploads\/2023\/05\/cropped-png.png","contentUrl":"https:\/\/www.artestar.eu\/wp-content\/uploads\/2023\/05\/cropped-png.png","width":512,"height":512,"caption":"RUBY ABALORIO S.L."}]},"og_availability":"instock","product_availability":"instock","product_retailer_item_id":"BK-YZ-ZG0012-0020","product_condition":"new"},"tiered_pricing_type":"fixed","tiered_pricing_fixed_rules":[],"tiered_pricing_percentage_rules":[],"tiered_pricing_minimum":null,"_administrator_tiered_pricing_type":"fixed","_administrator_tiered_pricing_fixed_rules":[],"_editor_tiered_pricing_type":"fixed","_editor_tiered_pricing_fixed_rules":[],"_author_tiered_pricing_type":"fixed","_author_tiered_pricing_fixed_rules":[],"_contributor_tiered_pricing_type":"fixed","_contributor_tiered_pricing_fixed_rules":[],"_subscriber_tiered_pricing_type":"fixed","_subscriber_tiered_pricing_fixed_rules":[],"_wpseo_manager_tiered_pricing_type":"fixed","_wpseo_manager_tiered_pricing_fixed_rules":[],"_wpseo_editor_tiered_pricing_type":"fixed","_wpseo_editor_tiered_pricing_fixed_rules":[],"_customer_tiered_pricing_type":"fixed","_customer_tiered_pricing_fixed_rules":[],"_shop_manager_tiered_pricing_type":"fixed","_shop_manager_tiered_pricing_fixed_rules":[],"_product_manager_tiered_pricing_type":"fixed","_product_manager_tiered_pricing_fixed_rules":[],"_links":{"self":[{"href":"https:\/\/www.artestar.eu\/it\/wp-json\/wp\/v2\/product\/26545"}],"collection":[{"href":"https:\/\/www.artestar.eu\/it\/wp-json\/wp\/v2\/product"}],"about":[{"href":"https:\/\/www.artestar.eu\/it\/wp-json\/wp\/v2\/types\/product"}],"replies":[{"embeddable":true,"href":"https:\/\/www.artestar.eu\/it\/wp-json\/wp\/v2\/comments?post=26545"}],"version-history":[{"count":2,"href":"https:\/\/www.artestar.eu\/it\/wp-json\/wp\/v2\/product\/26545\/revisions"}],"predecessor-version":[{"id":36643,"href":"https:\/\/www.artestar.eu\/it\/wp-json\/wp\/v2\/product\/26545\/revisions\/36643"}],"wp:featuredmedia":[{"embeddable":true,"href":"https:\/\/www.artestar.eu\/it\/wp-json\/wp\/v2\/media\/16084"}],"wp:attachment":[{"href":"https:\/\/www.artestar.eu\/it\/wp-json\/wp\/v2\/media?parent=26545"}],"wp:term":[{"taxonomy":"product_cat","embeddable":true,"href":"https:\/\/www.artestar.eu\/it\/wp-json\/wp\/v2\/product_cat?post=26545"},{"taxonomy":"product_tag","embeddable":true,"href":"https:\/\/www.artestar.eu\/it\/wp-json\/wp\/v2\/product_tag?post=26545"}],"curies":[{"name":"wp","href":"https:\/\/api.w.org\/{rel}","templated":true}]}}