{"id":26856,"date":"2023-06-15T07:52:37","date_gmt":"2023-06-15T07:52:37","guid":{"rendered":"https:\/\/www.artestar.eu\/al-por-mayor\/cuentas-de-nacar-%e2%88%852mm\/"},"modified":"2023-10-17T03:24:07","modified_gmt":"2023-10-17T03:24:07","slug":"perline-in-madreperla-colorata","status":"publish","type":"product","link":"https:\/\/www.artestar.eu\/it\/vendita-all-ingrosso\/perline-in-madreperla-colorata\/","title":{"rendered":"Perline di madreperla \u22052mm"},"content":{"rendered":"<p>Perline tonde in madreperla di colore naturale da 2 mm. Perch\u00e9 queste perline di conchiglie colorate sono disponibili in diversi colori. Quindi puoi scegliere un colore che pi\u00f9 ti si addice e fai da te per realizzare qualsiasi stile di accessorio di bigiotteria che ti piace.<\/p>\n<h5>Caratteristiche:<\/h5>\n<ul>\n<li>Le nostre perline a conchiglia sono disponibili in molti bei colori. Perch\u00e9 con una superficie liscia e una sensazione di freschezza, queste perline di conchiglie colorate sono belle, leggere e comode da indossare.<\/li>\n<li>Queste perline rotonde di colore naturale sono l&#8217;accessorio perfetto per le perline. Puoi creare uno stile unico per rendere i tuoi gioielli sbalorditivi. Queste perline sciolte sono adatte per realizzare disegni di bigiotteria, regali fai-da-te. E collane, ciondoli, bracciali, orecchini, accessori di abbigliamento, decorazioni per la casa e design per matrimoni.<\/li>\n<li>Poich\u00e9 le perline rotonde di madreperla di colore naturale sono fissate con filo, non dovrai sforzarti per forarle. Possono anche essere utilizzati con catene metalliche e perline di pietre preziose di cristallo, per creare accessori per capelli alla moda, materiale per accessori di abbigliamento e altro ancora.<\/li>\n<li>Usa queste perle di conchiglie per fare diversi regali artigianali. Regalali a familiari e amici per compleanni, Natale, Ringraziamento e altri anniversari speciali delle vacanze. Oppure puoi creare con i tuoi amici che amano l&#8217;artigianato. Questo non solo migliorer\u00e0 le tue abilit\u00e0 artigianali, ma favorir\u00e0 anche il cameratismo tra te e i tuoi amici.<\/li>\n<\/ul>\n<h6>Avvertimento:<\/h6>\n<ul>\n<li>A causa dei diversi dispositivi di visualizzazione, sono consentite lievi deviazioni di colore.<\/li>\n<li>I bambini sotto i tre anni di et\u00e0 devono evitare il contatto con il prodotto a causa del rischio di soffocamento.<\/li>\n<li>Quando si indossano gioielli in madreperla, si raccomanda di non esporli a sostanze chimiche come profumi, gel da bagno e detergenti, poich\u00e9 possono alterare il colore naturale della madreperla o addirittura danneggiarlo. Per pulire la madreperla, \u00e8 sufficiente pulirla con un panno morbido o un panno in microfibra.<\/li>\n<\/ul>\n","protected":false},"excerpt":{"rendered":"<ul>\n<li>Dimensioni: \u22052 mm<\/li>\n<li>Quantit\u00e0: ca. 166 pezzi.<\/li>\n<li>Ampia gamma di colori<\/li>\n<li>Viene utilizzato per realizzare collane, orecchini, bracciali e altri gioielli<\/li>\n<\/ul>\n","protected":false},"featured_media":15858,"comment_status":"open","ping_status":"closed","template":"","meta":[],"product_cat":[1693,1694,1495],"product_tag":[],"yoast_head":"<!-- This site is optimized with the Yoast SEO Premium plugin v20.5 (Yoast SEO v21.5) - https:\/\/yoast.com\/wordpress\/plugins\/seo\/ -->\n<title>Perline rotonde colorate in madreperla - Artestar<\/title>\n<meta name=\"description\" content=\"Queste perline rotonde colorate in madreperla sono l&#039;accessorio perfetto per le perline. Puoi creare uno stile unico per rendere i tuoi gioielli sbalorditivi.\" \/>\n<meta name=\"robots\" content=\"index, follow, max-snippet:-1, max-image-preview:large, max-video-preview:-1\" \/>\n<link rel=\"canonical\" href=\"https:\/\/www.artestar.eu\/it\/vendita-all-ingrosso\/perline-in-madreperla-colorata\/\" \/>\n<meta property=\"og:locale\" content=\"it_IT\" \/>\n<meta property=\"og:type\" content=\"article\" \/>\n<meta property=\"og:title\" content=\"Perline di madreperla \u22052mm\" \/>\n<meta property=\"og:description\" content=\"Queste perline rotonde colorate in madreperla sono l&#039;accessorio perfetto per le perline. Puoi creare uno stile unico per rendere i tuoi gioielli sbalorditivi.\" \/>\n<meta property=\"og:url\" content=\"https:\/\/www.artestar.eu\/it\/vendita-all-ingrosso\/perline-in-madreperla-colorata\/\" \/>\n<meta property=\"og:site_name\" content=\"Artestar\" \/>\n<meta property=\"article:publisher\" content=\"https:\/\/www.facebook.com\/ARTESTAREU\" \/>\n<meta property=\"article:modified_time\" content=\"2023-10-17T03:24:07+00:00\" \/>\n<meta property=\"og:image\" content=\"https:\/\/www.artestar.eu\/wp-content\/uploads\/2023\/06\/shell-beads-round-beads-3.jpg\" \/>\n\t<meta property=\"og:image:width\" content=\"600\" \/>\n\t<meta property=\"og:image:height\" content=\"600\" \/>\n\t<meta property=\"og:image:type\" content=\"image\/jpeg\" \/>\n<meta name=\"twitter:card\" content=\"summary_large_image\" \/>\n<meta name=\"twitter:label1\" content=\"Availability\" \/>\n\t<meta name=\"twitter:data1\" content=\"In stock\" \/>\n<script type=\"application\/ld+json\" class=\"yoast-schema-graph\">{\"@context\":\"https:\/\/schema.org\",\"@graph\":[{\"@type\":\"WebPage\",\"@id\":\"https:\/\/www.artestar.eu\/it\/vendita-all-ingrosso\/perline-in-madreperla-colorata\/\",\"url\":\"https:\/\/www.artestar.eu\/it\/vendita-all-ingrosso\/perline-in-madreperla-colorata\/\",\"name\":\"Perline rotonde colorate in madreperla - Artestar\",\"isPartOf\":{\"@id\":\"https:\/\/www.artestar.eu\/it\/#website\"},\"datePublished\":\"2023-06-15T07:52:37+00:00\",\"dateModified\":\"2023-10-17T03:24:07+00:00\",\"description\":\"Queste perline rotonde colorate in madreperla sono l'accessorio perfetto per le perline. Puoi creare uno stile unico per rendere i tuoi gioielli sbalorditivi.\",\"breadcrumb\":{\"@id\":\"https:\/\/www.artestar.eu\/it\/vendita-all-ingrosso\/perline-in-madreperla-colorata\/#breadcrumb\"},\"inLanguage\":\"it-IT\",\"potentialAction\":[{\"@type\":\"ReadAction\",\"target\":[\"https:\/\/www.artestar.eu\/it\/vendita-all-ingrosso\/perline-in-madreperla-colorata\/\"]}]},{\"@type\":\"BreadcrumbList\",\"@id\":\"https:\/\/www.artestar.eu\/it\/vendita-all-ingrosso\/perline-in-madreperla-colorata\/#breadcrumb\",\"itemListElement\":[{\"@type\":\"ListItem\",\"position\":1,\"name\":\"Artestar\",\"item\":\"https:\/\/www.artestar.eu\/it\/\"},{\"@type\":\"ListItem\",\"position\":2,\"name\":\"Vendita all&#8217;ingrosso\",\"item\":\"https:\/\/www.artestar.eu\/it\/vendita-all-ingrosso\/\"},{\"@type\":\"ListItem\",\"position\":3,\"name\":\"Perline di madreperla \u22052mm\"}]},{\"@type\":\"WebSite\",\"@id\":\"https:\/\/www.artestar.eu\/it\/#website\",\"url\":\"https:\/\/www.artestar.eu\/it\/\",\"name\":\"Artestar\",\"description\":\"Mayorista en abalorios y joyer\u00eda\",\"publisher\":{\"@id\":\"https:\/\/www.artestar.eu\/it\/#organization\"},\"alternateName\":\"Artestar-EU\",\"potentialAction\":[{\"@type\":\"SearchAction\",\"target\":{\"@type\":\"EntryPoint\",\"urlTemplate\":\"https:\/\/www.artestar.eu\/it\/?s={search_term_string}\"},\"query-input\":\"required name=search_term_string\"}],\"inLanguage\":\"it-IT\"},{\"@type\":[\"Organization\",\"Place\"],\"@id\":\"https:\/\/www.artestar.eu\/it\/#organization\",\"name\":\"RUBY ABALORIO S.L.\",\"alternateName\":\"Artestar\",\"url\":\"https:\/\/www.artestar.eu\/it\/\",\"logo\":{\"@id\":\"https:\/\/www.artestar.eu\/it\/vendita-all-ingrosso\/perline-in-madreperla-colorata\/#local-main-organization-logo\"},\"image\":{\"@id\":\"https:\/\/www.artestar.eu\/it\/vendita-all-ingrosso\/perline-in-madreperla-colorata\/#local-main-organization-logo\"},\"sameAs\":[\"https:\/\/www.facebook.com\/ARTESTAREU\",\"https:\/\/www.instagram.com\/artestareu\/\",\"https:\/\/www.pinterest.es\/artestar_eu\/\",\"https:\/\/www.tiktok.com\/@artestar_wholesale\"],\"openingHoursSpecification\":[{\"@type\":\"OpeningHoursSpecification\",\"dayOfWeek\":[\"Monday\",\"Tuesday\",\"Wednesday\",\"Thursday\",\"Friday\",\"Saturday\",\"Sunday\"],\"opens\":\"09:00\",\"closes\":\"17:00\"}]},{\"@type\":\"ImageObject\",\"inLanguage\":\"it-IT\",\"@id\":\"https:\/\/www.artestar.eu\/it\/vendita-all-ingrosso\/perline-in-madreperla-colorata\/#local-main-organization-logo\",\"url\":\"https:\/\/www.artestar.eu\/wp-content\/uploads\/2023\/05\/cropped-png.png\",\"contentUrl\":\"https:\/\/www.artestar.eu\/wp-content\/uploads\/2023\/05\/cropped-png.png\",\"width\":512,\"height\":512,\"caption\":\"RUBY ABALORIO S.L.\"}]}<\/script>\n<meta property=\"og:availability\" content=\"instock\" \/>\n<meta property=\"product:availability\" content=\"instock\" \/>\n<meta property=\"product:retailer_item_id\" content=\"BK-YZ-0038-0049\" \/>\n<meta property=\"product:condition\" content=\"new\" \/>\n<!-- \/ Yoast SEO Premium plugin. -->","yoast_head_json":{"title":"Perline rotonde colorate in madreperla - Artestar","description":"Queste perline rotonde colorate in madreperla sono l'accessorio perfetto per le perline. Puoi creare uno stile unico per rendere i tuoi gioielli sbalorditivi.","robots":{"index":"index","follow":"follow","max-snippet":"max-snippet:-1","max-image-preview":"max-image-preview:large","max-video-preview":"max-video-preview:-1"},"canonical":"https:\/\/www.artestar.eu\/it\/vendita-all-ingrosso\/perline-in-madreperla-colorata\/","og_locale":"it_IT","og_type":"article","og_title":"Perline di madreperla \u22052mm","og_description":"Queste perline rotonde colorate in madreperla sono l'accessorio perfetto per le perline. Puoi creare uno stile unico per rendere i tuoi gioielli sbalorditivi.","og_url":"https:\/\/www.artestar.eu\/it\/vendita-all-ingrosso\/perline-in-madreperla-colorata\/","og_site_name":"Artestar","article_publisher":"https:\/\/www.facebook.com\/ARTESTAREU","article_modified_time":"2023-10-17T03:24:07+00:00","og_image":[{"width":600,"height":600,"url":"https:\/\/www.artestar.eu\/wp-content\/uploads\/2023\/06\/shell-beads-round-beads-3.jpg","type":"image\/jpeg"}],"twitter_card":"summary_large_image","twitter_misc":{"Availability":"In stock"},"schema":{"@context":"https:\/\/schema.org","@graph":[{"@type":"WebPage","@id":"https:\/\/www.artestar.eu\/it\/vendita-all-ingrosso\/perline-in-madreperla-colorata\/","url":"https:\/\/www.artestar.eu\/it\/vendita-all-ingrosso\/perline-in-madreperla-colorata\/","name":"Perline rotonde colorate in madreperla - Artestar","isPartOf":{"@id":"https:\/\/www.artestar.eu\/it\/#website"},"datePublished":"2023-06-15T07:52:37+00:00","dateModified":"2023-10-17T03:24:07+00:00","description":"Queste perline rotonde colorate in madreperla sono l'accessorio perfetto per le perline. Puoi creare uno stile unico per rendere i tuoi gioielli sbalorditivi.","breadcrumb":{"@id":"https:\/\/www.artestar.eu\/it\/vendita-all-ingrosso\/perline-in-madreperla-colorata\/#breadcrumb"},"inLanguage":"it-IT","potentialAction":[{"@type":"ReadAction","target":["https:\/\/www.artestar.eu\/it\/vendita-all-ingrosso\/perline-in-madreperla-colorata\/"]}]},{"@type":"BreadcrumbList","@id":"https:\/\/www.artestar.eu\/it\/vendita-all-ingrosso\/perline-in-madreperla-colorata\/#breadcrumb","itemListElement":[{"@type":"ListItem","position":1,"name":"Artestar","item":"https:\/\/www.artestar.eu\/it\/"},{"@type":"ListItem","position":2,"name":"Vendita all&#8217;ingrosso","item":"https:\/\/www.artestar.eu\/it\/vendita-all-ingrosso\/"},{"@type":"ListItem","position":3,"name":"Perline di madreperla \u22052mm"}]},{"@type":"WebSite","@id":"https:\/\/www.artestar.eu\/it\/#website","url":"https:\/\/www.artestar.eu\/it\/","name":"Artestar","description":"Mayorista en abalorios y joyer\u00eda","publisher":{"@id":"https:\/\/www.artestar.eu\/it\/#organization"},"alternateName":"Artestar-EU","potentialAction":[{"@type":"SearchAction","target":{"@type":"EntryPoint","urlTemplate":"https:\/\/www.artestar.eu\/it\/?s={search_term_string}"},"query-input":"required name=search_term_string"}],"inLanguage":"it-IT"},{"@type":["Organization","Place"],"@id":"https:\/\/www.artestar.eu\/it\/#organization","name":"RUBY ABALORIO S.L.","alternateName":"Artestar","url":"https:\/\/www.artestar.eu\/it\/","logo":{"@id":"https:\/\/www.artestar.eu\/it\/vendita-all-ingrosso\/perline-in-madreperla-colorata\/#local-main-organization-logo"},"image":{"@id":"https:\/\/www.artestar.eu\/it\/vendita-all-ingrosso\/perline-in-madreperla-colorata\/#local-main-organization-logo"},"sameAs":["https:\/\/www.facebook.com\/ARTESTAREU","https:\/\/www.instagram.com\/artestareu\/","https:\/\/www.pinterest.es\/artestar_eu\/","https:\/\/www.tiktok.com\/@artestar_wholesale"],"openingHoursSpecification":[{"@type":"OpeningHoursSpecification","dayOfWeek":["Monday","Tuesday","Wednesday","Thursday","Friday","Saturday","Sunday"],"opens":"09:00","closes":"17:00"}]},{"@type":"ImageObject","inLanguage":"it-IT","@id":"https:\/\/www.artestar.eu\/it\/vendita-all-ingrosso\/perline-in-madreperla-colorata\/#local-main-organization-logo","url":"https:\/\/www.artestar.eu\/wp-content\/uploads\/2023\/05\/cropped-png.png","contentUrl":"https:\/\/www.artestar.eu\/wp-content\/uploads\/2023\/05\/cropped-png.png","width":512,"height":512,"caption":"RUBY ABALORIO S.L."}]},"og_availability":"instock","product_availability":"instock","product_retailer_item_id":"BK-YZ-0038-0049","product_condition":"new"},"tiered_pricing_type":"fixed","tiered_pricing_fixed_rules":[],"tiered_pricing_percentage_rules":[],"tiered_pricing_minimum":null,"_administrator_tiered_pricing_type":"fixed","_administrator_tiered_pricing_fixed_rules":[],"_editor_tiered_pricing_type":"fixed","_editor_tiered_pricing_fixed_rules":[],"_author_tiered_pricing_type":"fixed","_author_tiered_pricing_fixed_rules":[],"_contributor_tiered_pricing_type":"fixed","_contributor_tiered_pricing_fixed_rules":[],"_subscriber_tiered_pricing_type":"fixed","_subscriber_tiered_pricing_fixed_rules":[],"_wpseo_manager_tiered_pricing_type":"fixed","_wpseo_manager_tiered_pricing_fixed_rules":[],"_wpseo_editor_tiered_pricing_type":"fixed","_wpseo_editor_tiered_pricing_fixed_rules":[],"_customer_tiered_pricing_type":"fixed","_customer_tiered_pricing_fixed_rules":[],"_shop_manager_tiered_pricing_type":"fixed","_shop_manager_tiered_pricing_fixed_rules":[],"_product_manager_tiered_pricing_type":"fixed","_product_manager_tiered_pricing_fixed_rules":[],"_links":{"self":[{"href":"https:\/\/www.artestar.eu\/it\/wp-json\/wp\/v2\/product\/26856"}],"collection":[{"href":"https:\/\/www.artestar.eu\/it\/wp-json\/wp\/v2\/product"}],"about":[{"href":"https:\/\/www.artestar.eu\/it\/wp-json\/wp\/v2\/types\/product"}],"replies":[{"embeddable":true,"href":"https:\/\/www.artestar.eu\/it\/wp-json\/wp\/v2\/comments?post=26856"}],"version-history":[{"count":2,"href":"https:\/\/www.artestar.eu\/it\/wp-json\/wp\/v2\/product\/26856\/revisions"}],"predecessor-version":[{"id":36648,"href":"https:\/\/www.artestar.eu\/it\/wp-json\/wp\/v2\/product\/26856\/revisions\/36648"}],"wp:featuredmedia":[{"embeddable":true,"href":"https:\/\/www.artestar.eu\/it\/wp-json\/wp\/v2\/media\/15858"}],"wp:attachment":[{"href":"https:\/\/www.artestar.eu\/it\/wp-json\/wp\/v2\/media?parent=26856"}],"wp:term":[{"taxonomy":"product_cat","embeddable":true,"href":"https:\/\/www.artestar.eu\/it\/wp-json\/wp\/v2\/product_cat?post=26856"},{"taxonomy":"product_tag","embeddable":true,"href":"https:\/\/www.artestar.eu\/it\/wp-json\/wp\/v2\/product_tag?post=26856"}],"curies":[{"name":"wp","href":"https:\/\/api.w.org\/{rel}","templated":true}]}}