{"id":27139,"date":"2023-06-01T05:08:54","date_gmt":"2023-06-01T05:08:54","guid":{"rendered":"https:\/\/www.artestar.eu\/al-por-mayor\/cierres-de-langosta-de-acero\/"},"modified":"2023-10-26T06:32:59","modified_gmt":"2023-10-26T06:32:59","slug":"chiusure-acciaio-aragosta","status":"publish","type":"product","link":"https:\/\/www.artestar.eu\/it\/vendita-all-ingrosso\/chiusure-acciaio-aragosta\/","title":{"rendered":"Chiusure per aragosta in acciaio"},"content":{"rendered":"<p>Chiusure aragosta in acciaio: 9 mm &#8211; 10 mm &#8211; 11 mm &#8211; 12 mm &#8211; 13 mm &#8211; 15 mm.<\/p>\n<ul>\n<li>Le chiusure per aragosta in acciaio sono disponibili in un&#8217;ampia gamma di dimensioni e hanno una finitura liscia per una vestibilit\u00e0 confortevole.<\/li>\n<li>La chiusura a moschettone curva \u00e8 realizzata in acciaio inossidabile di alta qualit\u00e0. Rispetto ad altre leghe metalliche, \u00e8 stabile e resistente alla corrosione, durevole e duraturo. E con bassi costi di manutenzione, \u00e8 ideale per molti design di gioielli.<\/li>\n<li>Le staffe per artiglio di aragosta sono compatte e flessibili, rendendolo facile da usare. \u00c8 facile da aprire e chiudere. Alla fine della chiusura dell&#8217;aragosta c&#8217;\u00e8 un piccolo foro per infilare o agganciare un anello diviso. Basta posizionare un anello a crimpare sul fondo della chiusura del grilletto del pappagallo e chiuderlo con una pinza. Posizionate della catena e usatela come estensore, un pratico accessorio per realizzare bigiotteria.<\/li>\n<li>Le chiusure per aragosta in acciaio inossidabile hanno una vasta gamma di usi, possono essere utilizzate per riparare alcuni gioielli esistenti, accessori di bigiotteria, ecc. \u00c8 adatto anche per realizzare pezzi creativi con anelli di salto, estensioni, catene e altri accessori in acciaio inossidabile e vari cristalli di pietre preziose, perle e perle di conchiglie fai-da-te. Include orecchini, bracciali, cavigliere, collane, ciondoli, catene in vita, ganci portachiavi, catene per occhiali e artigianato.<\/li>\n<li>Puoi regalare lo squisito fai da te fatto a familiari e amici che amano l&#8217;artigianato, in quanto sono adatti a molte occasioni. Come matrimoni, Ringraziamento, Natale, feste di compleanno, cerimonie di laurea e molti altri. Non \u00e8 solo un bel regalo, ma anche un meraviglioso messaggio di affetto e amore.<\/li>\n<\/ul>\n<p><img decoding=\"async\" class=\"alignnone wp-image-5061\" src=\"https:\/\/www.artestar.eu%E2%80%8B%E2%80%8B%E2%80%8B%E2%80%8B\/wp-content\/uploads\/2023\/06\/stainless-steel-lobster-clasp-silver-parrot-trigger-locks-01.jpg\" alt=\"Chiusure per aragosta in acciaio\" width=\"600\" height=\"600\" srcset=\"https:\/\/www.artestar.eu\/wp-content\/uploads\/2023\/06\/stainless-steel-lobster-clasp-silver-parrot-trigger-locks-01.jpg 1000w, https:\/\/www.artestar.eu\/wp-content\/uploads\/2023\/06\/stainless-steel-lobster-clasp-silver-parrot-trigger-locks-01-300x300.jpg 300w, https:\/\/www.artestar.eu\/wp-content\/uploads\/2023\/06\/stainless-steel-lobster-clasp-silver-parrot-trigger-locks-01-150x150.jpg 150w, https:\/\/www.artestar.eu\/wp-content\/uploads\/2023\/06\/stainless-steel-lobster-clasp-silver-parrot-trigger-locks-01-768x768.jpg 768w, https:\/\/www.artestar.eu\/wp-content\/uploads\/2023\/06\/stainless-steel-lobster-clasp-silver-parrot-trigger-locks-01-450x450.jpg 450w, https:\/\/www.artestar.eu\/wp-content\/uploads\/2023\/06\/stainless-steel-lobster-clasp-silver-parrot-trigger-locks-01-600x600.jpg 600w, https:\/\/www.artestar.eu\/wp-content\/uploads\/2023\/06\/stainless-steel-lobster-clasp-silver-parrot-trigger-locks-01-54x54.jpg 54w\" sizes=\"(max-width: 600px) 100vw, 600px\" \/><\/p>\n<h5>Chiusure per aragosta in acciaio<\/h5>\n<ul>\n<li>Attenzione: questi accessori in acciaio inossidabile sono piccole parti, si prega di tenere fuori dalla portata dei bambini.<\/li>\n<li>Tutti i nostri accessori in acciaio inossidabile sono disponibili in due colori, oro e acciaio. Ognuno \u00e8 disponibile in diverse dimensioni, in grandi quantit\u00e0 e in dimensioni uniformi, dandoti la libert\u00e0 di creare il tuo accessorio di gioielleria preferito.<\/li>\n<\/ul>\n","protected":false},"excerpt":{"rendered":"<p><img decoding=\"async\" class=\"alignnone size-full wp-image-6378\" src=\"https:\/\/www.artestar.eu%E2%80%8B%E2%80%8B%E2%80%8B%E2%80%8B\/wp-content\/uploads\/2023\/06\/size-lobster-clasps-silver-2.jpg\" alt=\"Chiusure per aragosta in acciaio\" width=\"1000\" height=\"180\" srcset=\"https:\/\/www.artestar.eu\/wp-content\/uploads\/2023\/06\/size-lobster-clasps-silver-2.jpg 1000w, https:\/\/www.artestar.eu\/wp-content\/uploads\/2023\/06\/size-lobster-clasps-silver-2-300x54.jpg 300w, https:\/\/www.artestar.eu\/wp-content\/uploads\/2023\/06\/size-lobster-clasps-silver-2-768x138.jpg 768w, https:\/\/www.artestar.eu\/wp-content\/uploads\/2023\/06\/size-lobster-clasps-silver-2-600x108.jpg 600w, https:\/\/www.artestar.eu\/wp-content\/uploads\/2023\/06\/size-lobster-clasps-silver-2-90x16.jpg 90w\" sizes=\"(max-width: 1000px) 100vw, 1000px\" \/>Importo approssimativo<\/p>\n<ul>\n<li>Materiale: acciaio inossidabile<\/li>\n<li>Che tu stia realizzando o indossando gioielli, una spilla di aragosta in acciaio inossidabile \u00e8 un pezzo pratico e affidabile.<\/li>\n<\/ul>\n","protected":false},"featured_media":12534,"comment_status":"open","ping_status":"closed","template":"","meta":[],"product_cat":[2014,1673],"product_tag":[],"yoast_head":"<!-- This site is optimized with the Yoast SEO Premium plugin v20.5 (Yoast SEO v21.5) - https:\/\/yoast.com\/wordpress\/plugins\/seo\/ -->\n<title>Chiusure aragosta in acciaio - Artestar<\/title>\n<meta name=\"description\" content=\"La chiusura a aragosta in acciaio pu\u00f2 essere utilizzata per agganciare catene, regolare le lunghezze ed \u00e8 un ottimo accessorio per rifinire gli accessori.\" \/>\n<meta name=\"robots\" content=\"index, follow, max-snippet:-1, max-image-preview:large, max-video-preview:-1\" \/>\n<link rel=\"canonical\" href=\"https:\/\/www.artestar.eu\/it\/vendita-all-ingrosso\/chiusure-acciaio-aragosta\/\" \/>\n<meta property=\"og:locale\" content=\"it_IT\" \/>\n<meta property=\"og:type\" content=\"article\" \/>\n<meta property=\"og:title\" content=\"Chiusure per aragosta in acciaio\" \/>\n<meta property=\"og:description\" content=\"La chiusura a aragosta in acciaio pu\u00f2 essere utilizzata per agganciare catene, regolare le lunghezze ed \u00e8 un ottimo accessorio per rifinire gli accessori.\" \/>\n<meta property=\"og:url\" content=\"https:\/\/www.artestar.eu\/it\/vendita-all-ingrosso\/chiusure-acciaio-aragosta\/\" \/>\n<meta property=\"og:site_name\" content=\"Artestar\" \/>\n<meta property=\"article:publisher\" content=\"https:\/\/www.facebook.com\/ARTESTAREU\" \/>\n<meta property=\"article:modified_time\" content=\"2023-10-26T06:32:59+00:00\" \/>\n<meta property=\"og:image\" content=\"https:\/\/www.artestar.eu\/wp-content\/uploads\/2023\/06\/stainless-steel-lobster-clasp-silver-parrot-trigger-locks.jpg\" \/>\n\t<meta property=\"og:image:width\" content=\"600\" \/>\n\t<meta property=\"og:image:height\" content=\"600\" \/>\n\t<meta property=\"og:image:type\" content=\"image\/jpeg\" \/>\n<meta name=\"twitter:card\" content=\"summary_large_image\" \/>\n<meta name=\"twitter:label1\" content=\"Availability\" \/>\n\t<meta name=\"twitter:data1\" content=\"In stock\" \/>\n<script type=\"application\/ld+json\" class=\"yoast-schema-graph\">{\"@context\":\"https:\/\/schema.org\",\"@graph\":[{\"@type\":\"WebPage\",\"@id\":\"https:\/\/www.artestar.eu\/it\/vendita-all-ingrosso\/chiusure-acciaio-aragosta\/\",\"url\":\"https:\/\/www.artestar.eu\/it\/vendita-all-ingrosso\/chiusure-acciaio-aragosta\/\",\"name\":\"Chiusure aragosta in acciaio - Artestar\",\"isPartOf\":{\"@id\":\"https:\/\/www.artestar.eu\/it\/#website\"},\"datePublished\":\"2023-06-01T05:08:54+00:00\",\"dateModified\":\"2023-10-26T06:32:59+00:00\",\"description\":\"La chiusura a aragosta in acciaio pu\u00f2 essere utilizzata per agganciare catene, regolare le lunghezze ed \u00e8 un ottimo accessorio per rifinire gli accessori.\",\"breadcrumb\":{\"@id\":\"https:\/\/www.artestar.eu\/it\/vendita-all-ingrosso\/chiusure-acciaio-aragosta\/#breadcrumb\"},\"inLanguage\":\"it-IT\",\"potentialAction\":[{\"@type\":\"ReadAction\",\"target\":[\"https:\/\/www.artestar.eu\/it\/vendita-all-ingrosso\/chiusure-acciaio-aragosta\/\"]}]},{\"@type\":\"BreadcrumbList\",\"@id\":\"https:\/\/www.artestar.eu\/it\/vendita-all-ingrosso\/chiusure-acciaio-aragosta\/#breadcrumb\",\"itemListElement\":[{\"@type\":\"ListItem\",\"position\":1,\"name\":\"Artestar\",\"item\":\"https:\/\/www.artestar.eu\/it\/\"},{\"@type\":\"ListItem\",\"position\":2,\"name\":\"Vendita all&#8217;ingrosso\",\"item\":\"https:\/\/www.artestar.eu\/it\/vendita-all-ingrosso\/\"},{\"@type\":\"ListItem\",\"position\":3,\"name\":\"Chiusure per aragosta in acciaio\"}]},{\"@type\":\"WebSite\",\"@id\":\"https:\/\/www.artestar.eu\/it\/#website\",\"url\":\"https:\/\/www.artestar.eu\/it\/\",\"name\":\"Artestar\",\"description\":\"Mayorista en abalorios y joyer\u00eda\",\"publisher\":{\"@id\":\"https:\/\/www.artestar.eu\/it\/#organization\"},\"alternateName\":\"Artestar-EU\",\"potentialAction\":[{\"@type\":\"SearchAction\",\"target\":{\"@type\":\"EntryPoint\",\"urlTemplate\":\"https:\/\/www.artestar.eu\/it\/?s={search_term_string}\"},\"query-input\":\"required name=search_term_string\"}],\"inLanguage\":\"it-IT\"},{\"@type\":[\"Organization\",\"Place\"],\"@id\":\"https:\/\/www.artestar.eu\/it\/#organization\",\"name\":\"RUBY ABALORIO S.L.\",\"alternateName\":\"Artestar\",\"url\":\"https:\/\/www.artestar.eu\/it\/\",\"logo\":{\"@id\":\"https:\/\/www.artestar.eu\/it\/vendita-all-ingrosso\/chiusure-acciaio-aragosta\/#local-main-organization-logo\"},\"image\":{\"@id\":\"https:\/\/www.artestar.eu\/it\/vendita-all-ingrosso\/chiusure-acciaio-aragosta\/#local-main-organization-logo\"},\"sameAs\":[\"https:\/\/www.facebook.com\/ARTESTAREU\",\"https:\/\/www.instagram.com\/artestareu\/\",\"https:\/\/www.pinterest.es\/artestar_eu\/\",\"https:\/\/www.tiktok.com\/@artestar_wholesale\"],\"openingHoursSpecification\":[{\"@type\":\"OpeningHoursSpecification\",\"dayOfWeek\":[\"Monday\",\"Tuesday\",\"Wednesday\",\"Thursday\",\"Friday\",\"Saturday\",\"Sunday\"],\"opens\":\"09:00\",\"closes\":\"17:00\"}]},{\"@type\":\"ImageObject\",\"inLanguage\":\"it-IT\",\"@id\":\"https:\/\/www.artestar.eu\/it\/vendita-all-ingrosso\/chiusure-acciaio-aragosta\/#local-main-organization-logo\",\"url\":\"https:\/\/www.artestar.eu\/wp-content\/uploads\/2023\/05\/cropped-png.png\",\"contentUrl\":\"https:\/\/www.artestar.eu\/wp-content\/uploads\/2023\/05\/cropped-png.png\",\"width\":512,\"height\":512,\"caption\":\"RUBY ABALORIO S.L.\"}]}<\/script>\n<meta property=\"og:availability\" content=\"instock\" \/>\n<meta property=\"product:availability\" content=\"instock\" \/>\n<meta property=\"product:retailer_item_id\" content=\"BXG0003-0008\" \/>\n<meta property=\"product:condition\" content=\"new\" \/>\n<!-- \/ Yoast SEO Premium plugin. -->","yoast_head_json":{"title":"Chiusure aragosta in acciaio - Artestar","description":"La chiusura a aragosta in acciaio pu\u00f2 essere utilizzata per agganciare catene, regolare le lunghezze ed \u00e8 un ottimo accessorio per rifinire gli accessori.","robots":{"index":"index","follow":"follow","max-snippet":"max-snippet:-1","max-image-preview":"max-image-preview:large","max-video-preview":"max-video-preview:-1"},"canonical":"https:\/\/www.artestar.eu\/it\/vendita-all-ingrosso\/chiusure-acciaio-aragosta\/","og_locale":"it_IT","og_type":"article","og_title":"Chiusure per aragosta in acciaio","og_description":"La chiusura a aragosta in acciaio pu\u00f2 essere utilizzata per agganciare catene, regolare le lunghezze ed \u00e8 un ottimo accessorio per rifinire gli accessori.","og_url":"https:\/\/www.artestar.eu\/it\/vendita-all-ingrosso\/chiusure-acciaio-aragosta\/","og_site_name":"Artestar","article_publisher":"https:\/\/www.facebook.com\/ARTESTAREU","article_modified_time":"2023-10-26T06:32:59+00:00","og_image":[{"width":600,"height":600,"url":"https:\/\/www.artestar.eu\/wp-content\/uploads\/2023\/06\/stainless-steel-lobster-clasp-silver-parrot-trigger-locks.jpg","type":"image\/jpeg"}],"twitter_card":"summary_large_image","twitter_misc":{"Availability":"In stock"},"schema":{"@context":"https:\/\/schema.org","@graph":[{"@type":"WebPage","@id":"https:\/\/www.artestar.eu\/it\/vendita-all-ingrosso\/chiusure-acciaio-aragosta\/","url":"https:\/\/www.artestar.eu\/it\/vendita-all-ingrosso\/chiusure-acciaio-aragosta\/","name":"Chiusure aragosta in acciaio - Artestar","isPartOf":{"@id":"https:\/\/www.artestar.eu\/it\/#website"},"datePublished":"2023-06-01T05:08:54+00:00","dateModified":"2023-10-26T06:32:59+00:00","description":"La chiusura a aragosta in acciaio pu\u00f2 essere utilizzata per agganciare catene, regolare le lunghezze ed \u00e8 un ottimo accessorio per rifinire gli accessori.","breadcrumb":{"@id":"https:\/\/www.artestar.eu\/it\/vendita-all-ingrosso\/chiusure-acciaio-aragosta\/#breadcrumb"},"inLanguage":"it-IT","potentialAction":[{"@type":"ReadAction","target":["https:\/\/www.artestar.eu\/it\/vendita-all-ingrosso\/chiusure-acciaio-aragosta\/"]}]},{"@type":"BreadcrumbList","@id":"https:\/\/www.artestar.eu\/it\/vendita-all-ingrosso\/chiusure-acciaio-aragosta\/#breadcrumb","itemListElement":[{"@type":"ListItem","position":1,"name":"Artestar","item":"https:\/\/www.artestar.eu\/it\/"},{"@type":"ListItem","position":2,"name":"Vendita all&#8217;ingrosso","item":"https:\/\/www.artestar.eu\/it\/vendita-all-ingrosso\/"},{"@type":"ListItem","position":3,"name":"Chiusure per aragosta in acciaio"}]},{"@type":"WebSite","@id":"https:\/\/www.artestar.eu\/it\/#website","url":"https:\/\/www.artestar.eu\/it\/","name":"Artestar","description":"Mayorista en abalorios y joyer\u00eda","publisher":{"@id":"https:\/\/www.artestar.eu\/it\/#organization"},"alternateName":"Artestar-EU","potentialAction":[{"@type":"SearchAction","target":{"@type":"EntryPoint","urlTemplate":"https:\/\/www.artestar.eu\/it\/?s={search_term_string}"},"query-input":"required name=search_term_string"}],"inLanguage":"it-IT"},{"@type":["Organization","Place"],"@id":"https:\/\/www.artestar.eu\/it\/#organization","name":"RUBY ABALORIO S.L.","alternateName":"Artestar","url":"https:\/\/www.artestar.eu\/it\/","logo":{"@id":"https:\/\/www.artestar.eu\/it\/vendita-all-ingrosso\/chiusure-acciaio-aragosta\/#local-main-organization-logo"},"image":{"@id":"https:\/\/www.artestar.eu\/it\/vendita-all-ingrosso\/chiusure-acciaio-aragosta\/#local-main-organization-logo"},"sameAs":["https:\/\/www.facebook.com\/ARTESTAREU","https:\/\/www.instagram.com\/artestareu\/","https:\/\/www.pinterest.es\/artestar_eu\/","https:\/\/www.tiktok.com\/@artestar_wholesale"],"openingHoursSpecification":[{"@type":"OpeningHoursSpecification","dayOfWeek":["Monday","Tuesday","Wednesday","Thursday","Friday","Saturday","Sunday"],"opens":"09:00","closes":"17:00"}]},{"@type":"ImageObject","inLanguage":"it-IT","@id":"https:\/\/www.artestar.eu\/it\/vendita-all-ingrosso\/chiusure-acciaio-aragosta\/#local-main-organization-logo","url":"https:\/\/www.artestar.eu\/wp-content\/uploads\/2023\/05\/cropped-png.png","contentUrl":"https:\/\/www.artestar.eu\/wp-content\/uploads\/2023\/05\/cropped-png.png","width":512,"height":512,"caption":"RUBY ABALORIO S.L."}]},"og_availability":"instock","product_availability":"instock","product_retailer_item_id":"BXG0003-0008","product_condition":"new"},"tiered_pricing_type":"fixed","tiered_pricing_fixed_rules":[],"tiered_pricing_percentage_rules":[],"tiered_pricing_minimum":null,"_administrator_tiered_pricing_type":"fixed","_administrator_tiered_pricing_fixed_rules":[],"_editor_tiered_pricing_type":"fixed","_editor_tiered_pricing_fixed_rules":[],"_author_tiered_pricing_type":"fixed","_author_tiered_pricing_fixed_rules":[],"_contributor_tiered_pricing_type":"fixed","_contributor_tiered_pricing_fixed_rules":[],"_subscriber_tiered_pricing_type":"fixed","_subscriber_tiered_pricing_fixed_rules":[],"_wpseo_manager_tiered_pricing_type":"fixed","_wpseo_manager_tiered_pricing_fixed_rules":[],"_wpseo_editor_tiered_pricing_type":"fixed","_wpseo_editor_tiered_pricing_fixed_rules":[],"_customer_tiered_pricing_type":"fixed","_customer_tiered_pricing_fixed_rules":[],"_shop_manager_tiered_pricing_type":"fixed","_shop_manager_tiered_pricing_fixed_rules":[],"_product_manager_tiered_pricing_type":"fixed","_product_manager_tiered_pricing_fixed_rules":[],"_links":{"self":[{"href":"https:\/\/www.artestar.eu\/it\/wp-json\/wp\/v2\/product\/27139"}],"collection":[{"href":"https:\/\/www.artestar.eu\/it\/wp-json\/wp\/v2\/product"}],"about":[{"href":"https:\/\/www.artestar.eu\/it\/wp-json\/wp\/v2\/types\/product"}],"replies":[{"embeddable":true,"href":"https:\/\/www.artestar.eu\/it\/wp-json\/wp\/v2\/comments?post=27139"}],"version-history":[{"count":2,"href":"https:\/\/www.artestar.eu\/it\/wp-json\/wp\/v2\/product\/27139\/revisions"}],"predecessor-version":[{"id":37311,"href":"https:\/\/www.artestar.eu\/it\/wp-json\/wp\/v2\/product\/27139\/revisions\/37311"}],"wp:featuredmedia":[{"embeddable":true,"href":"https:\/\/www.artestar.eu\/it\/wp-json\/wp\/v2\/media\/12534"}],"wp:attachment":[{"href":"https:\/\/www.artestar.eu\/it\/wp-json\/wp\/v2\/media?parent=27139"}],"wp:term":[{"taxonomy":"product_cat","embeddable":true,"href":"https:\/\/www.artestar.eu\/it\/wp-json\/wp\/v2\/product_cat?post=27139"},{"taxonomy":"product_tag","embeddable":true,"href":"https:\/\/www.artestar.eu\/it\/wp-json\/wp\/v2\/product_tag?post=27139"}],"curies":[{"name":"wp","href":"https:\/\/api.w.org\/{rel}","templated":true}]}}