{"id":27831,"date":"2023-06-05T02:19:55","date_gmt":"2023-06-05T02:19:55","guid":{"rendered":"https:\/\/www.artestar.eu\/al-por-mayor\/cuentas-espaciadoras-de-acero\/"},"modified":"2023-10-25T03:07:44","modified_gmt":"2023-10-25T03:07:44","slug":"cuentas-espaciadoras-de-acero","status":"publish","type":"product","link":"https:\/\/www.artestar.eu\/it\/vendita-all-ingrosso\/cuentas-espaciadoras-de-acero\/","title":{"rendered":"Cuentas espaciadoras de acero"},"content":{"rendered":"<p>Cuentas espaciadoras de acero: Debido a que estas cuentas de acero de colores se empaquetan individualmente por tama\u00f1o, es f\u00e1cil elegir. Satisfaga f\u00e1cilmente sus necesidades de producci\u00f3n de bricolaje.<\/p>\n<ul>\n<li>Estas cuentas sueltas est\u00e1n hechas de acero inoxidable y cada cuenta tiene un tama\u00f1o uniforme con una superficie lisa y redondeada y un acabado brillante, resistente y duradero.<\/li>\n<li>Estas redondo espaciador cuentas tienen un dise\u00f1o redondo y se utilizan habitualmente para alinear collares de varias cuentas o cadenas de pulseras y evitar enredos.Puede insertarlas a intervalos regulares mientras ensarta las cuentas, lo que facilita su manejo.<\/li>\n<li>Porque estas cuentas separadoras redondas lisas son vers\u00e1tiles y adecuadas para una amplia gama de joyas y manualidades. As\u00ed como para otros art\u00edculos que puedan ensartarse f\u00e1cilmente.<\/li>\n<li>Por ejemplo, collares, pendientes, pulseras, colgantes, tobilleras, borlas, marcap\u00e1ginas y otros art\u00edculos decorativos. Conf\u00ede en que las manualidades que haga se conviertan en su exclusivo complemento de moda.<\/li>\n<li>Estas bola espaciadora redonda son estupendos accesorios de bisuter\u00eda. Puede dejar volar su imaginaci\u00f3n y mezclarlas y combinarlas para hacer regalos especiales para su familia o amigos.<\/li>\n<\/ul>\n<p><img decoding=\"async\" class=\"alignnone size-full wp-image-5250\" src=\"https:\/\/www.artestar.eu%E2%80%8B%E2%80%8B%E2%80%8B%E2%80%8B\/wp-content\/uploads\/2023\/06\/stainless-steel-spacer-beads-smooth-round-spacer-beads-mixed-colors-metal-spacer-ball-beads.jpg\" alt=\"Cuentas espaciadoras de acero\" width=\"600\" height=\"600\" srcset=\"https:\/\/www.artestar.eu\/wp-content\/uploads\/2023\/06\/stainless-steel-spacer-beads-smooth-round-spacer-beads-mixed-colors-metal-spacer-ball-beads.jpg 600w, https:\/\/www.artestar.eu\/wp-content\/uploads\/2023\/06\/stainless-steel-spacer-beads-smooth-round-spacer-beads-mixed-colors-metal-spacer-ball-beads-300x300.jpg 300w, https:\/\/www.artestar.eu\/wp-content\/uploads\/2023\/06\/stainless-steel-spacer-beads-smooth-round-spacer-beads-mixed-colors-metal-spacer-ball-beads-150x150.jpg 150w, https:\/\/www.artestar.eu\/wp-content\/uploads\/2023\/06\/stainless-steel-spacer-beads-smooth-round-spacer-beads-mixed-colors-metal-spacer-ball-beads-450x450.jpg 450w, https:\/\/www.artestar.eu\/wp-content\/uploads\/2023\/06\/stainless-steel-spacer-beads-smooth-round-spacer-beads-mixed-colors-metal-spacer-ball-beads-54x54.jpg 54w\" sizes=\"(max-width: 600px) 100vw, 600px\" \/><\/p>\n<h5>Cuentas espaciadoras de acero inoxidable<\/h5>\n<ul>\n<li>Cuentas separadoras de acero inoxidable disponibles en dorado y plateado y en varios tama\u00f1os. Puede mezclar y combinar como desee y crear una bonita manualidad mientras se relaja.<\/li>\n<li>Puedes mezclarlo y combinarlo como quieras. Compartirlo con familiares o amigos o crear juntos vuestra propia manualidad.<\/li>\n<\/ul>\n","protected":false},"excerpt":{"rendered":"<p><img decoding=\"async\" class=\"alignnone size-full wp-image-25334\" src=\"https:\/\/www.artestar.eu\/wp-content\/uploads\/2023\/06\/stainless-steel-spacer-beads-smooth-round-spacer-beads-silver-size-1.jpg\" alt=\"Cuentas espaciadoras de acero\" width=\"1000\" height=\"240\" srcset=\"https:\/\/www.artestar.eu\/wp-content\/uploads\/2023\/06\/stainless-steel-spacer-beads-smooth-round-spacer-beads-silver-size-1.jpg 1000w, https:\/\/www.artestar.eu\/wp-content\/uploads\/2023\/06\/stainless-steel-spacer-beads-smooth-round-spacer-beads-silver-size-1-300x72.jpg 300w, https:\/\/www.artestar.eu\/wp-content\/uploads\/2023\/06\/stainless-steel-spacer-beads-smooth-round-spacer-beads-silver-size-1-768x184.jpg 768w, https:\/\/www.artestar.eu\/wp-content\/uploads\/2023\/06\/stainless-steel-spacer-beads-smooth-round-spacer-beads-silver-size-1-600x144.jpg 600w, https:\/\/www.artestar.eu\/wp-content\/uploads\/2023\/06\/stainless-steel-spacer-beads-smooth-round-spacer-beads-silver-size-1-90x22.jpg 90w\" sizes=\"(max-width: 1000px) 100vw, 1000px\" \/><\/p>\n<ul>\n<li data-slate-node=\"element\">Si prega di fare riferimento all&#8217;immagine del prodotto per dimensioni e quantit\u00e0 dettagliate.<\/li>\n<li data-slate-node=\"element\">Viene utilizzato per realizzare gioielli, decorazioni, artigianato, ecc.<\/li>\n<\/ul>\n","protected":false},"featured_media":12885,"comment_status":"open","ping_status":"closed","template":"","meta":[],"product_cat":[1673,2136],"product_tag":[],"yoast_head":"<!-- This site is optimized with the Yoast SEO Premium plugin v20.5 (Yoast SEO v21.5) - https:\/\/yoast.com\/wordpress\/plugins\/seo\/ -->\n<title>Cuentas espaciadoras de acero - Artestar<\/title>\n<meta name=\"description\" content=\"Las cuentas espaciadoras de acero son un gran accesorio para combinar con piedras preciosas, perlas y m\u00e1s para hacer collares, pulseras y m\u00e1s.\" \/>\n<meta name=\"robots\" content=\"index, follow, max-snippet:-1, max-image-preview:large, max-video-preview:-1\" \/>\n<link rel=\"canonical\" href=\"https:\/\/www.artestar.eu\/it\/vendita-all-ingrosso\/cuentas-espaciadoras-de-acero\/\" \/>\n<meta property=\"og:locale\" content=\"it_IT\" \/>\n<meta property=\"og:type\" content=\"article\" \/>\n<meta property=\"og:title\" content=\"Cuentas espaciadoras de acero\" \/>\n<meta property=\"og:description\" content=\"Las cuentas espaciadoras de acero son un gran accesorio para combinar con piedras preciosas, perlas y m\u00e1s para hacer collares, pulseras y m\u00e1s.\" \/>\n<meta property=\"og:url\" content=\"https:\/\/www.artestar.eu\/it\/vendita-all-ingrosso\/cuentas-espaciadoras-de-acero\/\" \/>\n<meta property=\"og:site_name\" content=\"Artestar\" \/>\n<meta property=\"article:publisher\" content=\"https:\/\/www.facebook.com\/ARTESTAREU\" \/>\n<meta property=\"article:modified_time\" content=\"2023-10-25T03:07:44+00:00\" \/>\n<meta property=\"og:image\" content=\"https:\/\/www.artestar.eu\/wp-content\/uploads\/2023\/06\/stainless-steel-spacer-beads-smooth-round-spacer-beads-silver-metal-spacer-ball-beads.jpg\" \/>\n\t<meta property=\"og:image:width\" content=\"600\" \/>\n\t<meta property=\"og:image:height\" content=\"600\" \/>\n\t<meta property=\"og:image:type\" content=\"image\/jpeg\" \/>\n<meta name=\"twitter:card\" content=\"summary_large_image\" \/>\n<meta name=\"twitter:label1\" content=\"Availability\" \/>\n\t<meta name=\"twitter:data1\" content=\"In stock\" \/>\n<script type=\"application\/ld+json\" class=\"yoast-schema-graph\">{\"@context\":\"https:\/\/schema.org\",\"@graph\":[{\"@type\":\"WebPage\",\"@id\":\"https:\/\/www.artestar.eu\/it\/vendita-all-ingrosso\/cuentas-espaciadoras-de-acero\/\",\"url\":\"https:\/\/www.artestar.eu\/it\/vendita-all-ingrosso\/cuentas-espaciadoras-de-acero\/\",\"name\":\"Cuentas espaciadoras de acero - Artestar\",\"isPartOf\":{\"@id\":\"https:\/\/www.artestar.eu\/it\/#website\"},\"datePublished\":\"2023-06-05T02:19:55+00:00\",\"dateModified\":\"2023-10-25T03:07:44+00:00\",\"description\":\"Las cuentas espaciadoras de acero son un gran accesorio para combinar con piedras preciosas, perlas y m\u00e1s para hacer collares, pulseras y m\u00e1s.\",\"breadcrumb\":{\"@id\":\"https:\/\/www.artestar.eu\/it\/vendita-all-ingrosso\/cuentas-espaciadoras-de-acero\/#breadcrumb\"},\"inLanguage\":\"it-IT\",\"potentialAction\":[{\"@type\":\"ReadAction\",\"target\":[\"https:\/\/www.artestar.eu\/it\/vendita-all-ingrosso\/cuentas-espaciadoras-de-acero\/\"]}]},{\"@type\":\"BreadcrumbList\",\"@id\":\"https:\/\/www.artestar.eu\/it\/vendita-all-ingrosso\/cuentas-espaciadoras-de-acero\/#breadcrumb\",\"itemListElement\":[{\"@type\":\"ListItem\",\"position\":1,\"name\":\"Artestar\",\"item\":\"https:\/\/www.artestar.eu\/it\/\"},{\"@type\":\"ListItem\",\"position\":2,\"name\":\"Vendita all&#8217;ingrosso\",\"item\":\"https:\/\/www.artestar.eu\/it\/vendita-all-ingrosso\/\"},{\"@type\":\"ListItem\",\"position\":3,\"name\":\"Cuentas espaciadoras de acero\"}]},{\"@type\":\"WebSite\",\"@id\":\"https:\/\/www.artestar.eu\/it\/#website\",\"url\":\"https:\/\/www.artestar.eu\/it\/\",\"name\":\"Artestar\",\"description\":\"Mayorista en abalorios y joyer\u00eda\",\"publisher\":{\"@id\":\"https:\/\/www.artestar.eu\/it\/#organization\"},\"alternateName\":\"Artestar-EU\",\"potentialAction\":[{\"@type\":\"SearchAction\",\"target\":{\"@type\":\"EntryPoint\",\"urlTemplate\":\"https:\/\/www.artestar.eu\/it\/?s={search_term_string}\"},\"query-input\":\"required name=search_term_string\"}],\"inLanguage\":\"it-IT\"},{\"@type\":[\"Organization\",\"Place\"],\"@id\":\"https:\/\/www.artestar.eu\/it\/#organization\",\"name\":\"RUBY ABALORIO S.L.\",\"alternateName\":\"Artestar\",\"url\":\"https:\/\/www.artestar.eu\/it\/\",\"logo\":{\"@id\":\"https:\/\/www.artestar.eu\/it\/vendita-all-ingrosso\/cuentas-espaciadoras-de-acero\/#local-main-organization-logo\"},\"image\":{\"@id\":\"https:\/\/www.artestar.eu\/it\/vendita-all-ingrosso\/cuentas-espaciadoras-de-acero\/#local-main-organization-logo\"},\"sameAs\":[\"https:\/\/www.facebook.com\/ARTESTAREU\",\"https:\/\/www.instagram.com\/artestareu\/\",\"https:\/\/www.pinterest.es\/artestar_eu\/\",\"https:\/\/www.tiktok.com\/@artestar_wholesale\"],\"openingHoursSpecification\":[{\"@type\":\"OpeningHoursSpecification\",\"dayOfWeek\":[\"Monday\",\"Tuesday\",\"Wednesday\",\"Thursday\",\"Friday\",\"Saturday\",\"Sunday\"],\"opens\":\"09:00\",\"closes\":\"17:00\"}]},{\"@type\":\"ImageObject\",\"inLanguage\":\"it-IT\",\"@id\":\"https:\/\/www.artestar.eu\/it\/vendita-all-ingrosso\/cuentas-espaciadoras-de-acero\/#local-main-organization-logo\",\"url\":\"https:\/\/www.artestar.eu\/wp-content\/uploads\/2023\/05\/cropped-png.png\",\"contentUrl\":\"https:\/\/www.artestar.eu\/wp-content\/uploads\/2023\/05\/cropped-png.png\",\"width\":512,\"height\":512,\"caption\":\"RUBY ABALORIO S.L.\"}]}<\/script>\n<meta property=\"og:availability\" content=\"instock\" \/>\n<meta property=\"product:availability\" content=\"instock\" \/>\n<meta property=\"product:retailer_item_id\" content=\"BXG0027-0038\" \/>\n<meta property=\"product:condition\" content=\"new\" \/>\n<!-- \/ Yoast SEO Premium plugin. -->","yoast_head_json":{"title":"Cuentas espaciadoras de acero - Artestar","description":"Las cuentas espaciadoras de acero son un gran accesorio para combinar con piedras preciosas, perlas y m\u00e1s para hacer collares, pulseras y m\u00e1s.","robots":{"index":"index","follow":"follow","max-snippet":"max-snippet:-1","max-image-preview":"max-image-preview:large","max-video-preview":"max-video-preview:-1"},"canonical":"https:\/\/www.artestar.eu\/it\/vendita-all-ingrosso\/cuentas-espaciadoras-de-acero\/","og_locale":"it_IT","og_type":"article","og_title":"Cuentas espaciadoras de acero","og_description":"Las cuentas espaciadoras de acero son un gran accesorio para combinar con piedras preciosas, perlas y m\u00e1s para hacer collares, pulseras y m\u00e1s.","og_url":"https:\/\/www.artestar.eu\/it\/vendita-all-ingrosso\/cuentas-espaciadoras-de-acero\/","og_site_name":"Artestar","article_publisher":"https:\/\/www.facebook.com\/ARTESTAREU","article_modified_time":"2023-10-25T03:07:44+00:00","og_image":[{"width":600,"height":600,"url":"https:\/\/www.artestar.eu\/wp-content\/uploads\/2023\/06\/stainless-steel-spacer-beads-smooth-round-spacer-beads-silver-metal-spacer-ball-beads.jpg","type":"image\/jpeg"}],"twitter_card":"summary_large_image","twitter_misc":{"Availability":"In stock"},"schema":{"@context":"https:\/\/schema.org","@graph":[{"@type":"WebPage","@id":"https:\/\/www.artestar.eu\/it\/vendita-all-ingrosso\/cuentas-espaciadoras-de-acero\/","url":"https:\/\/www.artestar.eu\/it\/vendita-all-ingrosso\/cuentas-espaciadoras-de-acero\/","name":"Cuentas espaciadoras de acero - Artestar","isPartOf":{"@id":"https:\/\/www.artestar.eu\/it\/#website"},"datePublished":"2023-06-05T02:19:55+00:00","dateModified":"2023-10-25T03:07:44+00:00","description":"Las cuentas espaciadoras de acero son un gran accesorio para combinar con piedras preciosas, perlas y m\u00e1s para hacer collares, pulseras y m\u00e1s.","breadcrumb":{"@id":"https:\/\/www.artestar.eu\/it\/vendita-all-ingrosso\/cuentas-espaciadoras-de-acero\/#breadcrumb"},"inLanguage":"it-IT","potentialAction":[{"@type":"ReadAction","target":["https:\/\/www.artestar.eu\/it\/vendita-all-ingrosso\/cuentas-espaciadoras-de-acero\/"]}]},{"@type":"BreadcrumbList","@id":"https:\/\/www.artestar.eu\/it\/vendita-all-ingrosso\/cuentas-espaciadoras-de-acero\/#breadcrumb","itemListElement":[{"@type":"ListItem","position":1,"name":"Artestar","item":"https:\/\/www.artestar.eu\/it\/"},{"@type":"ListItem","position":2,"name":"Vendita all&#8217;ingrosso","item":"https:\/\/www.artestar.eu\/it\/vendita-all-ingrosso\/"},{"@type":"ListItem","position":3,"name":"Cuentas espaciadoras de acero"}]},{"@type":"WebSite","@id":"https:\/\/www.artestar.eu\/it\/#website","url":"https:\/\/www.artestar.eu\/it\/","name":"Artestar","description":"Mayorista en abalorios y joyer\u00eda","publisher":{"@id":"https:\/\/www.artestar.eu\/it\/#organization"},"alternateName":"Artestar-EU","potentialAction":[{"@type":"SearchAction","target":{"@type":"EntryPoint","urlTemplate":"https:\/\/www.artestar.eu\/it\/?s={search_term_string}"},"query-input":"required name=search_term_string"}],"inLanguage":"it-IT"},{"@type":["Organization","Place"],"@id":"https:\/\/www.artestar.eu\/it\/#organization","name":"RUBY ABALORIO S.L.","alternateName":"Artestar","url":"https:\/\/www.artestar.eu\/it\/","logo":{"@id":"https:\/\/www.artestar.eu\/it\/vendita-all-ingrosso\/cuentas-espaciadoras-de-acero\/#local-main-organization-logo"},"image":{"@id":"https:\/\/www.artestar.eu\/it\/vendita-all-ingrosso\/cuentas-espaciadoras-de-acero\/#local-main-organization-logo"},"sameAs":["https:\/\/www.facebook.com\/ARTESTAREU","https:\/\/www.instagram.com\/artestareu\/","https:\/\/www.pinterest.es\/artestar_eu\/","https:\/\/www.tiktok.com\/@artestar_wholesale"],"openingHoursSpecification":[{"@type":"OpeningHoursSpecification","dayOfWeek":["Monday","Tuesday","Wednesday","Thursday","Friday","Saturday","Sunday"],"opens":"09:00","closes":"17:00"}]},{"@type":"ImageObject","inLanguage":"it-IT","@id":"https:\/\/www.artestar.eu\/it\/vendita-all-ingrosso\/cuentas-espaciadoras-de-acero\/#local-main-organization-logo","url":"https:\/\/www.artestar.eu\/wp-content\/uploads\/2023\/05\/cropped-png.png","contentUrl":"https:\/\/www.artestar.eu\/wp-content\/uploads\/2023\/05\/cropped-png.png","width":512,"height":512,"caption":"RUBY ABALORIO S.L."}]},"og_availability":"instock","product_availability":"instock","product_retailer_item_id":"BXG0027-0038","product_condition":"new"},"tiered_pricing_type":"fixed","tiered_pricing_fixed_rules":[],"tiered_pricing_percentage_rules":[],"tiered_pricing_minimum":null,"_administrator_tiered_pricing_type":"fixed","_administrator_tiered_pricing_fixed_rules":[],"_editor_tiered_pricing_type":"fixed","_editor_tiered_pricing_fixed_rules":[],"_author_tiered_pricing_type":"fixed","_author_tiered_pricing_fixed_rules":[],"_contributor_tiered_pricing_type":"fixed","_contributor_tiered_pricing_fixed_rules":[],"_subscriber_tiered_pricing_type":"fixed","_subscriber_tiered_pricing_fixed_rules":[],"_wpseo_manager_tiered_pricing_type":"fixed","_wpseo_manager_tiered_pricing_fixed_rules":[],"_wpseo_editor_tiered_pricing_type":"fixed","_wpseo_editor_tiered_pricing_fixed_rules":[],"_customer_tiered_pricing_type":"fixed","_customer_tiered_pricing_fixed_rules":[],"_shop_manager_tiered_pricing_type":"fixed","_shop_manager_tiered_pricing_fixed_rules":[],"_product_manager_tiered_pricing_type":"fixed","_product_manager_tiered_pricing_fixed_rules":[],"_links":{"self":[{"href":"https:\/\/www.artestar.eu\/it\/wp-json\/wp\/v2\/product\/27831"}],"collection":[{"href":"https:\/\/www.artestar.eu\/it\/wp-json\/wp\/v2\/product"}],"about":[{"href":"https:\/\/www.artestar.eu\/it\/wp-json\/wp\/v2\/types\/product"}],"replies":[{"embeddable":true,"href":"https:\/\/www.artestar.eu\/it\/wp-json\/wp\/v2\/comments?post=27831"}],"version-history":[{"count":3,"href":"https:\/\/www.artestar.eu\/it\/wp-json\/wp\/v2\/product\/27831\/revisions"}],"predecessor-version":[{"id":37141,"href":"https:\/\/www.artestar.eu\/it\/wp-json\/wp\/v2\/product\/27831\/revisions\/37141"}],"wp:featuredmedia":[{"embeddable":true,"href":"https:\/\/www.artestar.eu\/it\/wp-json\/wp\/v2\/media\/12885"}],"wp:attachment":[{"href":"https:\/\/www.artestar.eu\/it\/wp-json\/wp\/v2\/media?parent=27831"}],"wp:term":[{"taxonomy":"product_cat","embeddable":true,"href":"https:\/\/www.artestar.eu\/it\/wp-json\/wp\/v2\/product_cat?post=27831"},{"taxonomy":"product_tag","embeddable":true,"href":"https:\/\/www.artestar.eu\/it\/wp-json\/wp\/v2\/product_tag?post=27831"}],"curies":[{"name":"wp","href":"https:\/\/api.w.org\/{rel}","templated":true}]}}