{"id":28954,"date":"2023-06-16T08:07:03","date_gmt":"2023-06-16T08:07:03","guid":{"rendered":"https:\/\/www.artestar.eu\/al-por-mayor\/separadores-de-cuentas-de-nacar\/"},"modified":"2023-10-17T02:39:59","modified_gmt":"2023-10-17T02:39:59","slug":"separatori-di-perline-nacar","status":"publish","type":"product","link":"https:\/\/www.artestar.eu\/it\/vendita-all-ingrosso\/separatori-di-perline-nacar\/","title":{"rendered":"Separatori di perline in madreperla"},"content":{"rendered":"<p>I nostri separatori di perle in madreperla naturale colorata sono disponibili in molti bei colori, il che li rende molto selettivi. Sentiti libero di scegliere il tuo colore preferito per creare i tuoi gioielli creativi fai-da-te.<\/p>\n<h5>Caratteristiche:<\/h5>\n<ul>\n<li>Morbidi e freschi, questi colorati divisori di perline in madreperla sono belli, leggeri e comodi da indossare.<\/li>\n<li>Queste colorate perle a conchiglia colonnare naturali sono l&#8217;accessorio perfetto per le perline. Puoi creare uno stile unico e rendere i tuoi gioielli sbalorditivi. Queste perle sciolte sono adatte per disegni di bigiotteria, regali fai-da-te, collane, ciondoli, bracciali, orecchini, accessori per abiti, decorazioni per la casa e disegni di nozze.<\/li>\n<li>Poich\u00e9 i separatori di perline in madreperla sono fissati con filo, non dovrai lottare per forarli. Possono anche essere utilizzati con catene metalliche e perle di pietre preziose di cristallo per creare accessori per capelli alla moda, materiali per accessori di abbigliamento e molto altro.<\/li>\n<li>Usa questi separatori di perline in madreperla per realizzare diversi regali artigianali. Possono essere usati come regali preziosi per la tua famiglia e i tuoi amici in occasione di compleanni, Natale, Ringraziamento e altri anniversari speciali delle vacanze, ecc. Oppure regalali ai tuoi amici amanti dell&#8217;artigianato. Questo non solo migliorer\u00e0 le tue abilit\u00e0 artigianali, ma creer\u00e0 anche cameratismo tra te e il tuo amico.<\/li>\n<li>I divisori di perline in madreperla a forma di tubo a colonna hanno una forma eccezionale, sono classici ed eleganti e danno un aspetto molto rinfrescante. \u00c8 visivamente naturale e confortevole, ma allo stesso tempo molto unico e bello. Se esci per strada indossando gioielli a forma di nodo colonnare, ti distinguerai sicuramente, in quanto sono davvero molto belli.<\/li>\n<li>La madreperla \u00e8 probabilmente un materiale naturale che si trova naturalmente in alcune conchiglie. Se hai mai aperto un guscio di ostrica e guardato dentro, noterai facilmente che la madreperla adorna le creazioni di gioielli con riflessi splendenti, conferendo loro un fascino morbido e femminile e simboleggiando la protezione.<\/li>\n<\/ul>\n<h6>Avvertimento:<\/h6>\n<ul>\n<li>A causa dei diversi dispositivi di visualizzazione, sono consentite lievi deviazioni di colore.<\/li>\n<li>I bambini sotto i tre anni di et\u00e0 devono evitare il contatto con il prodotto a causa del rischio di soffocamento.<\/li>\n<li>Quando si indossano gioielli in madreperla, si raccomanda di non esporli a sostanze chimiche come profumi, gel da bagno e detergenti, poich\u00e9 possono alterare il colore naturale della madreperla o addirittura danneggiarlo. Per pulire la madreperla, \u00e8 sufficiente pulirla con un panno morbido o un panno in microfibra.<\/li>\n<\/ul>\n","protected":false},"excerpt":{"rendered":"<ul>\n<li>Dimensioni: circa \u2205 3,5 mm, Spessore: circa 3,5 millimetri<\/li>\n<li>Quantit\u00e0: circa 120pz.<\/li>\n<li>\u00c8 usato per fare collane, orecchini, bracciali e altri gioielli.<\/li>\n<\/ul>\n","protected":false},"featured_media":16330,"comment_status":"open","ping_status":"closed","template":"","meta":[],"product_cat":[1693,1694,1495],"product_tag":[],"yoast_head":"<!-- This site is optimized with the Yoast SEO Premium plugin v20.5 (Yoast SEO v21.5) - https:\/\/yoast.com\/wordpress\/plugins\/seo\/ -->\n<title>Separatori di perline in madreperla colori - Artestar<\/title>\n<meta name=\"description\" content=\"Questi colorati divisori di perline in madreperla sono l&#039;accessorio perfetto per le perline. Puoi creare uno stile unico per rendere i tuoi gioielli sbalorditivi.\" \/>\n<meta name=\"robots\" content=\"index, follow, max-snippet:-1, max-image-preview:large, max-video-preview:-1\" \/>\n<link rel=\"canonical\" href=\"https:\/\/www.artestar.eu\/it\/vendita-all-ingrosso\/separatori-di-perline-nacar\/\" \/>\n<meta property=\"og:locale\" content=\"it_IT\" \/>\n<meta property=\"og:type\" content=\"article\" \/>\n<meta property=\"og:title\" content=\"Separatori di perline in madreperla\" \/>\n<meta property=\"og:description\" content=\"Questi colorati divisori di perline in madreperla sono l&#039;accessorio perfetto per le perline. Puoi creare uno stile unico per rendere i tuoi gioielli sbalorditivi.\" \/>\n<meta property=\"og:url\" content=\"https:\/\/www.artestar.eu\/it\/vendita-all-ingrosso\/separatori-di-perline-nacar\/\" \/>\n<meta property=\"og:site_name\" content=\"Artestar\" \/>\n<meta property=\"article:publisher\" content=\"https:\/\/www.facebook.com\/ARTESTAREU\" \/>\n<meta property=\"article:modified_time\" content=\"2023-10-17T02:39:59+00:00\" \/>\n<meta property=\"og:image\" content=\"https:\/\/www.artestar.eu\/wp-content\/uploads\/2023\/06\/shell-beads-column-2.jpg\" \/>\n\t<meta property=\"og:image:width\" content=\"600\" \/>\n\t<meta property=\"og:image:height\" content=\"600\" \/>\n\t<meta property=\"og:image:type\" content=\"image\/jpeg\" \/>\n<meta name=\"twitter:card\" content=\"summary_large_image\" \/>\n<meta name=\"twitter:label1\" content=\"Availability\" \/>\n\t<meta name=\"twitter:data1\" content=\"In stock\" \/>\n<script type=\"application\/ld+json\" class=\"yoast-schema-graph\">{\"@context\":\"https:\/\/schema.org\",\"@graph\":[{\"@type\":\"WebPage\",\"@id\":\"https:\/\/www.artestar.eu\/it\/vendita-all-ingrosso\/separatori-di-perline-nacar\/\",\"url\":\"https:\/\/www.artestar.eu\/it\/vendita-all-ingrosso\/separatori-di-perline-nacar\/\",\"name\":\"Separatori di perline in madreperla colori - Artestar\",\"isPartOf\":{\"@id\":\"https:\/\/www.artestar.eu\/it\/#website\"},\"datePublished\":\"2023-06-16T08:07:03+00:00\",\"dateModified\":\"2023-10-17T02:39:59+00:00\",\"description\":\"Questi colorati divisori di perline in madreperla sono l'accessorio perfetto per le perline. Puoi creare uno stile unico per rendere i tuoi gioielli sbalorditivi.\",\"breadcrumb\":{\"@id\":\"https:\/\/www.artestar.eu\/it\/vendita-all-ingrosso\/separatori-di-perline-nacar\/#breadcrumb\"},\"inLanguage\":\"it-IT\",\"potentialAction\":[{\"@type\":\"ReadAction\",\"target\":[\"https:\/\/www.artestar.eu\/it\/vendita-all-ingrosso\/separatori-di-perline-nacar\/\"]}]},{\"@type\":\"BreadcrumbList\",\"@id\":\"https:\/\/www.artestar.eu\/it\/vendita-all-ingrosso\/separatori-di-perline-nacar\/#breadcrumb\",\"itemListElement\":[{\"@type\":\"ListItem\",\"position\":1,\"name\":\"Artestar\",\"item\":\"https:\/\/www.artestar.eu\/it\/\"},{\"@type\":\"ListItem\",\"position\":2,\"name\":\"Vendita all&#8217;ingrosso\",\"item\":\"https:\/\/www.artestar.eu\/it\/vendita-all-ingrosso\/\"},{\"@type\":\"ListItem\",\"position\":3,\"name\":\"Separatori di perline in madreperla\"}]},{\"@type\":\"WebSite\",\"@id\":\"https:\/\/www.artestar.eu\/it\/#website\",\"url\":\"https:\/\/www.artestar.eu\/it\/\",\"name\":\"Artestar\",\"description\":\"Mayorista en abalorios y joyer\u00eda\",\"publisher\":{\"@id\":\"https:\/\/www.artestar.eu\/it\/#organization\"},\"alternateName\":\"Artestar-EU\",\"potentialAction\":[{\"@type\":\"SearchAction\",\"target\":{\"@type\":\"EntryPoint\",\"urlTemplate\":\"https:\/\/www.artestar.eu\/it\/?s={search_term_string}\"},\"query-input\":\"required name=search_term_string\"}],\"inLanguage\":\"it-IT\"},{\"@type\":[\"Organization\",\"Place\"],\"@id\":\"https:\/\/www.artestar.eu\/it\/#organization\",\"name\":\"RUBY ABALORIO S.L.\",\"alternateName\":\"Artestar\",\"url\":\"https:\/\/www.artestar.eu\/it\/\",\"logo\":{\"@id\":\"https:\/\/www.artestar.eu\/it\/vendita-all-ingrosso\/separatori-di-perline-nacar\/#local-main-organization-logo\"},\"image\":{\"@id\":\"https:\/\/www.artestar.eu\/it\/vendita-all-ingrosso\/separatori-di-perline-nacar\/#local-main-organization-logo\"},\"sameAs\":[\"https:\/\/www.facebook.com\/ARTESTAREU\",\"https:\/\/www.instagram.com\/artestareu\/\",\"https:\/\/www.pinterest.es\/artestar_eu\/\",\"https:\/\/www.tiktok.com\/@artestar_wholesale\"],\"openingHoursSpecification\":[{\"@type\":\"OpeningHoursSpecification\",\"dayOfWeek\":[\"Monday\",\"Tuesday\",\"Wednesday\",\"Thursday\",\"Friday\",\"Saturday\",\"Sunday\"],\"opens\":\"09:00\",\"closes\":\"17:00\"}]},{\"@type\":\"ImageObject\",\"inLanguage\":\"it-IT\",\"@id\":\"https:\/\/www.artestar.eu\/it\/vendita-all-ingrosso\/separatori-di-perline-nacar\/#local-main-organization-logo\",\"url\":\"https:\/\/www.artestar.eu\/wp-content\/uploads\/2023\/05\/cropped-png.png\",\"contentUrl\":\"https:\/\/www.artestar.eu\/wp-content\/uploads\/2023\/05\/cropped-png.png\",\"width\":512,\"height\":512,\"caption\":\"RUBY ABALORIO S.L.\"}]}<\/script>\n<meta property=\"og:availability\" content=\"instock\" \/>\n<meta property=\"product:availability\" content=\"instock\" \/>\n<meta property=\"product:retailer_item_id\" content=\"BK-YZ-GZ0001-GZ0012\" \/>\n<meta property=\"product:condition\" content=\"new\" \/>\n<!-- \/ Yoast SEO Premium plugin. -->","yoast_head_json":{"title":"Separatori di perline in madreperla colori - Artestar","description":"Questi colorati divisori di perline in madreperla sono l'accessorio perfetto per le perline. Puoi creare uno stile unico per rendere i tuoi gioielli sbalorditivi.","robots":{"index":"index","follow":"follow","max-snippet":"max-snippet:-1","max-image-preview":"max-image-preview:large","max-video-preview":"max-video-preview:-1"},"canonical":"https:\/\/www.artestar.eu\/it\/vendita-all-ingrosso\/separatori-di-perline-nacar\/","og_locale":"it_IT","og_type":"article","og_title":"Separatori di perline in madreperla","og_description":"Questi colorati divisori di perline in madreperla sono l'accessorio perfetto per le perline. Puoi creare uno stile unico per rendere i tuoi gioielli sbalorditivi.","og_url":"https:\/\/www.artestar.eu\/it\/vendita-all-ingrosso\/separatori-di-perline-nacar\/","og_site_name":"Artestar","article_publisher":"https:\/\/www.facebook.com\/ARTESTAREU","article_modified_time":"2023-10-17T02:39:59+00:00","og_image":[{"width":600,"height":600,"url":"https:\/\/www.artestar.eu\/wp-content\/uploads\/2023\/06\/shell-beads-column-2.jpg","type":"image\/jpeg"}],"twitter_card":"summary_large_image","twitter_misc":{"Availability":"In stock"},"schema":{"@context":"https:\/\/schema.org","@graph":[{"@type":"WebPage","@id":"https:\/\/www.artestar.eu\/it\/vendita-all-ingrosso\/separatori-di-perline-nacar\/","url":"https:\/\/www.artestar.eu\/it\/vendita-all-ingrosso\/separatori-di-perline-nacar\/","name":"Separatori di perline in madreperla colori - Artestar","isPartOf":{"@id":"https:\/\/www.artestar.eu\/it\/#website"},"datePublished":"2023-06-16T08:07:03+00:00","dateModified":"2023-10-17T02:39:59+00:00","description":"Questi colorati divisori di perline in madreperla sono l'accessorio perfetto per le perline. Puoi creare uno stile unico per rendere i tuoi gioielli sbalorditivi.","breadcrumb":{"@id":"https:\/\/www.artestar.eu\/it\/vendita-all-ingrosso\/separatori-di-perline-nacar\/#breadcrumb"},"inLanguage":"it-IT","potentialAction":[{"@type":"ReadAction","target":["https:\/\/www.artestar.eu\/it\/vendita-all-ingrosso\/separatori-di-perline-nacar\/"]}]},{"@type":"BreadcrumbList","@id":"https:\/\/www.artestar.eu\/it\/vendita-all-ingrosso\/separatori-di-perline-nacar\/#breadcrumb","itemListElement":[{"@type":"ListItem","position":1,"name":"Artestar","item":"https:\/\/www.artestar.eu\/it\/"},{"@type":"ListItem","position":2,"name":"Vendita all&#8217;ingrosso","item":"https:\/\/www.artestar.eu\/it\/vendita-all-ingrosso\/"},{"@type":"ListItem","position":3,"name":"Separatori di perline in madreperla"}]},{"@type":"WebSite","@id":"https:\/\/www.artestar.eu\/it\/#website","url":"https:\/\/www.artestar.eu\/it\/","name":"Artestar","description":"Mayorista en abalorios y joyer\u00eda","publisher":{"@id":"https:\/\/www.artestar.eu\/it\/#organization"},"alternateName":"Artestar-EU","potentialAction":[{"@type":"SearchAction","target":{"@type":"EntryPoint","urlTemplate":"https:\/\/www.artestar.eu\/it\/?s={search_term_string}"},"query-input":"required name=search_term_string"}],"inLanguage":"it-IT"},{"@type":["Organization","Place"],"@id":"https:\/\/www.artestar.eu\/it\/#organization","name":"RUBY ABALORIO S.L.","alternateName":"Artestar","url":"https:\/\/www.artestar.eu\/it\/","logo":{"@id":"https:\/\/www.artestar.eu\/it\/vendita-all-ingrosso\/separatori-di-perline-nacar\/#local-main-organization-logo"},"image":{"@id":"https:\/\/www.artestar.eu\/it\/vendita-all-ingrosso\/separatori-di-perline-nacar\/#local-main-organization-logo"},"sameAs":["https:\/\/www.facebook.com\/ARTESTAREU","https:\/\/www.instagram.com\/artestareu\/","https:\/\/www.pinterest.es\/artestar_eu\/","https:\/\/www.tiktok.com\/@artestar_wholesale"],"openingHoursSpecification":[{"@type":"OpeningHoursSpecification","dayOfWeek":["Monday","Tuesday","Wednesday","Thursday","Friday","Saturday","Sunday"],"opens":"09:00","closes":"17:00"}]},{"@type":"ImageObject","inLanguage":"it-IT","@id":"https:\/\/www.artestar.eu\/it\/vendita-all-ingrosso\/separatori-di-perline-nacar\/#local-main-organization-logo","url":"https:\/\/www.artestar.eu\/wp-content\/uploads\/2023\/05\/cropped-png.png","contentUrl":"https:\/\/www.artestar.eu\/wp-content\/uploads\/2023\/05\/cropped-png.png","width":512,"height":512,"caption":"RUBY ABALORIO S.L."}]},"og_availability":"instock","product_availability":"instock","product_retailer_item_id":"BK-YZ-GZ0001-GZ0012","product_condition":"new"},"tiered_pricing_type":"fixed","tiered_pricing_fixed_rules":[],"tiered_pricing_percentage_rules":[],"tiered_pricing_minimum":null,"_administrator_tiered_pricing_type":"fixed","_administrator_tiered_pricing_fixed_rules":[],"_editor_tiered_pricing_type":"fixed","_editor_tiered_pricing_fixed_rules":[],"_author_tiered_pricing_type":"fixed","_author_tiered_pricing_fixed_rules":[],"_contributor_tiered_pricing_type":"fixed","_contributor_tiered_pricing_fixed_rules":[],"_subscriber_tiered_pricing_type":"fixed","_subscriber_tiered_pricing_fixed_rules":[],"_wpseo_manager_tiered_pricing_type":"fixed","_wpseo_manager_tiered_pricing_fixed_rules":[],"_wpseo_editor_tiered_pricing_type":"fixed","_wpseo_editor_tiered_pricing_fixed_rules":[],"_customer_tiered_pricing_type":"fixed","_customer_tiered_pricing_fixed_rules":[],"_shop_manager_tiered_pricing_type":"fixed","_shop_manager_tiered_pricing_fixed_rules":[],"_product_manager_tiered_pricing_type":"fixed","_product_manager_tiered_pricing_fixed_rules":[],"_links":{"self":[{"href":"https:\/\/www.artestar.eu\/it\/wp-json\/wp\/v2\/product\/28954"}],"collection":[{"href":"https:\/\/www.artestar.eu\/it\/wp-json\/wp\/v2\/product"}],"about":[{"href":"https:\/\/www.artestar.eu\/it\/wp-json\/wp\/v2\/types\/product"}],"replies":[{"embeddable":true,"href":"https:\/\/www.artestar.eu\/it\/wp-json\/wp\/v2\/comments?post=28954"}],"version-history":[{"count":1,"href":"https:\/\/www.artestar.eu\/it\/wp-json\/wp\/v2\/product\/28954\/revisions"}],"predecessor-version":[{"id":33819,"href":"https:\/\/www.artestar.eu\/it\/wp-json\/wp\/v2\/product\/28954\/revisions\/33819"}],"wp:featuredmedia":[{"embeddable":true,"href":"https:\/\/www.artestar.eu\/it\/wp-json\/wp\/v2\/media\/16330"}],"wp:attachment":[{"href":"https:\/\/www.artestar.eu\/it\/wp-json\/wp\/v2\/media?parent=28954"}],"wp:term":[{"taxonomy":"product_cat","embeddable":true,"href":"https:\/\/www.artestar.eu\/it\/wp-json\/wp\/v2\/product_cat?post=28954"},{"taxonomy":"product_tag","embeddable":true,"href":"https:\/\/www.artestar.eu\/it\/wp-json\/wp\/v2\/product_tag?post=28954"}],"curies":[{"name":"wp","href":"https:\/\/api.w.org\/{rel}","templated":true}]}}