{"id":30037,"date":"2023-07-11T09:29:19","date_gmt":"2023-07-11T09:29:19","guid":{"rendered":"https:\/\/www.artestar.eu\/al-por-mayor\/arenisca-azul-colgante-corazon\/"},"modified":"2023-09-26T02:47:56","modified_gmt":"2023-09-26T02:47:56","slug":"arenaria-blu-pendente-cuore","status":"publish","type":"product","link":"https:\/\/www.artestar.eu\/it\/vendita-all-ingrosso\/arenaria-blu-pendente-cuore\/","title":{"rendered":"Cuore pendente in arenaria blu"},"content":{"rendered":"<p>Pendente cuore in arenaria blu: ogni ciondolo di perline di pietra \u00e8 realizzato con materiali naturali puri e ha un aspetto unico.<\/p>\n<ul>\n<li>Perch\u00e9 con una finitura lucida, questi pendenti di perline in pietra naturale hanno una superficie liscia e sono molto comodi da indossare. Inoltre, il loro aspetto, insieme alla loro consistenza e colore naturali, rendono uniche le perle di pietre preziose.<\/li>\n<li>I nostri pendenti di perline in pietra semipreziosa naturale alleviano lo stress e l&#8217;ansia perch\u00e9 trasmettono messaggi psicologici positivi, una visione ottimistica della vita e si dice che trasmettano energia cosmica al corpo.<\/li>\n<li>Poich\u00e9 il foro in acciaio inossidabile nella parte superiore del ciondolo in pietra \u00e8 della giusta dimensione per infilarlo, tutto ci\u00f2 che serve \u00e8 una catena o una corda. Inoltre, con accessori come una chiusura per aragosta in acciaio inossidabile, per completare il tuo progetto artigianale &#8211; divertiti a creare artigianato con i gioielli!<\/li>\n<li>Questi delicati pendenti di perle di pietra possono essere combinati con altri accessori in metallo, cristalli, perle e conchiglie per creare qualsiasi mestiere di bigiotteria tu voglia, collane, bracciali, orecchini, decorazioni per la casa e molto altro. Inoltre, dai ai tuoi amici e familiari che amano l&#8217;artigianato. Non solo \u00e8 un regalo perfetto, ma viene fornito con i migliori auguri.<\/li>\n<\/ul>\n<h5>Cuore pendente in arenaria blu<\/h5>\n<h6>Precauzione:<\/h6>\n<ul>\n<li>A causa delle differenze nei monitor e nella risoluzione, i colori delle immagini potrebbero differire leggermente dai colori reali.<\/li>\n<li>Avvertenze: i bambini sotto i tre anni di et\u00e0 dovrebbero evitare il contatto, rischio di soffocamento.<\/li>\n<\/ul>\n","protected":false},"excerpt":{"rendered":"<p>Grandezza:<\/p>\n<ul>\n<li>Piccolo: ca. 20 x 22 x 9 millimetri<\/li>\n<li>Medio: ca. 25 x 27 x 9 millimetri<\/li>\n<li>Grande: ca. 30 x 31 x 9 millimetri<\/li>\n<li>Foro: \u00d8 2 mm<\/li>\n<\/ul>\n<p>Quantit\u00e0: 1 pz.<\/p>\n","protected":false},"featured_media":21681,"comment_status":"open","ping_status":"closed","template":"","meta":[],"product_cat":[1137,1138],"product_tag":[],"yoast_head":"<!-- This site is optimized with the Yoast SEO Premium plugin v20.5 (Yoast SEO v21.5) - https:\/\/yoast.com\/wordpress\/plugins\/seo\/ -->\n<title>Cuore pendente in arenaria blu - Artestar<\/title>\n<meta name=\"description\" content=\"I nostri ciondoli in pietra del cuore prezioso sono disponibili in un&#039;ampia variet\u00e0 e sono altamente selettivi. Indispensabile per l&#039;estate.\" \/>\n<meta name=\"robots\" content=\"index, follow, max-snippet:-1, max-image-preview:large, max-video-preview:-1\" \/>\n<link rel=\"canonical\" href=\"https:\/\/www.artestar.eu\/it\/vendita-all-ingrosso\/arenaria-blu-pendente-cuore\/\" \/>\n<meta property=\"og:locale\" content=\"it_IT\" \/>\n<meta property=\"og:type\" content=\"article\" \/>\n<meta property=\"og:title\" content=\"Cuore pendente in arenaria blu\" \/>\n<meta property=\"og:description\" content=\"I nostri ciondoli in pietra del cuore prezioso sono disponibili in un&#039;ampia variet\u00e0 e sono altamente selettivi. Indispensabile per l&#039;estate.\" \/>\n<meta property=\"og:url\" content=\"https:\/\/www.artestar.eu\/it\/vendita-all-ingrosso\/arenaria-blu-pendente-cuore\/\" \/>\n<meta property=\"og:site_name\" content=\"Artestar\" \/>\n<meta property=\"article:publisher\" content=\"https:\/\/www.facebook.com\/ARTESTAREU\" \/>\n<meta property=\"article:modified_time\" content=\"2023-09-26T02:47:56+00:00\" \/>\n<meta property=\"og:image\" content=\"https:\/\/www.artestar.eu\/wp-content\/uploads\/2023\/07\/natural-semi-precious-gemstone-pendants-heart-blue-sandstone.jpg\" \/>\n\t<meta property=\"og:image:width\" content=\"600\" \/>\n\t<meta property=\"og:image:height\" content=\"600\" \/>\n\t<meta property=\"og:image:type\" content=\"image\/jpeg\" \/>\n<meta name=\"twitter:card\" content=\"summary_large_image\" \/>\n<meta name=\"twitter:label1\" content=\"Availability\" \/>\n\t<meta name=\"twitter:data1\" content=\"In stock\" \/>\n<script type=\"application\/ld+json\" class=\"yoast-schema-graph\">{\"@context\":\"https:\/\/schema.org\",\"@graph\":[{\"@type\":\"WebPage\",\"@id\":\"https:\/\/www.artestar.eu\/it\/vendita-all-ingrosso\/arenaria-blu-pendente-cuore\/\",\"url\":\"https:\/\/www.artestar.eu\/it\/vendita-all-ingrosso\/arenaria-blu-pendente-cuore\/\",\"name\":\"Cuore pendente in arenaria blu - Artestar\",\"isPartOf\":{\"@id\":\"https:\/\/www.artestar.eu\/it\/#website\"},\"datePublished\":\"2023-07-11T09:29:19+00:00\",\"dateModified\":\"2023-09-26T02:47:56+00:00\",\"description\":\"I nostri ciondoli in pietra del cuore prezioso sono disponibili in un'ampia variet\u00e0 e sono altamente selettivi. Indispensabile per l'estate.\",\"breadcrumb\":{\"@id\":\"https:\/\/www.artestar.eu\/it\/vendita-all-ingrosso\/arenaria-blu-pendente-cuore\/#breadcrumb\"},\"inLanguage\":\"it-IT\",\"potentialAction\":[{\"@type\":\"ReadAction\",\"target\":[\"https:\/\/www.artestar.eu\/it\/vendita-all-ingrosso\/arenaria-blu-pendente-cuore\/\"]}]},{\"@type\":\"BreadcrumbList\",\"@id\":\"https:\/\/www.artestar.eu\/it\/vendita-all-ingrosso\/arenaria-blu-pendente-cuore\/#breadcrumb\",\"itemListElement\":[{\"@type\":\"ListItem\",\"position\":1,\"name\":\"Artestar\",\"item\":\"https:\/\/www.artestar.eu\/it\/\"},{\"@type\":\"ListItem\",\"position\":2,\"name\":\"Vendita all&#8217;ingrosso\",\"item\":\"https:\/\/www.artestar.eu\/it\/vendita-all-ingrosso\/\"},{\"@type\":\"ListItem\",\"position\":3,\"name\":\"Cuore pendente in arenaria blu\"}]},{\"@type\":\"WebSite\",\"@id\":\"https:\/\/www.artestar.eu\/it\/#website\",\"url\":\"https:\/\/www.artestar.eu\/it\/\",\"name\":\"Artestar\",\"description\":\"Mayorista en abalorios y joyer\u00eda\",\"publisher\":{\"@id\":\"https:\/\/www.artestar.eu\/it\/#organization\"},\"alternateName\":\"Artestar-EU\",\"potentialAction\":[{\"@type\":\"SearchAction\",\"target\":{\"@type\":\"EntryPoint\",\"urlTemplate\":\"https:\/\/www.artestar.eu\/it\/?s={search_term_string}\"},\"query-input\":\"required name=search_term_string\"}],\"inLanguage\":\"it-IT\"},{\"@type\":[\"Organization\",\"Place\"],\"@id\":\"https:\/\/www.artestar.eu\/it\/#organization\",\"name\":\"RUBY ABALORIO S.L.\",\"alternateName\":\"Artestar\",\"url\":\"https:\/\/www.artestar.eu\/it\/\",\"logo\":{\"@id\":\"https:\/\/www.artestar.eu\/it\/vendita-all-ingrosso\/arenaria-blu-pendente-cuore\/#local-main-organization-logo\"},\"image\":{\"@id\":\"https:\/\/www.artestar.eu\/it\/vendita-all-ingrosso\/arenaria-blu-pendente-cuore\/#local-main-organization-logo\"},\"sameAs\":[\"https:\/\/www.facebook.com\/ARTESTAREU\",\"https:\/\/www.instagram.com\/artestareu\/\",\"https:\/\/www.pinterest.es\/artestar_eu\/\",\"https:\/\/www.tiktok.com\/@artestar_wholesale\"],\"openingHoursSpecification\":[{\"@type\":\"OpeningHoursSpecification\",\"dayOfWeek\":[\"Monday\",\"Tuesday\",\"Wednesday\",\"Thursday\",\"Friday\",\"Saturday\",\"Sunday\"],\"opens\":\"09:00\",\"closes\":\"17:00\"}]},{\"@type\":\"ImageObject\",\"inLanguage\":\"it-IT\",\"@id\":\"https:\/\/www.artestar.eu\/it\/vendita-all-ingrosso\/arenaria-blu-pendente-cuore\/#local-main-organization-logo\",\"url\":\"https:\/\/www.artestar.eu\/wp-content\/uploads\/2023\/05\/cropped-png.png\",\"contentUrl\":\"https:\/\/www.artestar.eu\/wp-content\/uploads\/2023\/05\/cropped-png.png\",\"width\":512,\"height\":512,\"caption\":\"RUBY ABALORIO S.L.\"}]}<\/script>\n<meta property=\"og:availability\" content=\"instock\" \/>\n<meta property=\"product:availability\" content=\"instock\" \/>\n<meta property=\"product:retailer_item_id\" content=\"BS-GZ-XX-L0007SM\" \/>\n<meta property=\"product:condition\" content=\"new\" \/>\n<!-- \/ Yoast SEO Premium plugin. -->","yoast_head_json":{"title":"Cuore pendente in arenaria blu - Artestar","description":"I nostri ciondoli in pietra del cuore prezioso sono disponibili in un'ampia variet\u00e0 e sono altamente selettivi. Indispensabile per l'estate.","robots":{"index":"index","follow":"follow","max-snippet":"max-snippet:-1","max-image-preview":"max-image-preview:large","max-video-preview":"max-video-preview:-1"},"canonical":"https:\/\/www.artestar.eu\/it\/vendita-all-ingrosso\/arenaria-blu-pendente-cuore\/","og_locale":"it_IT","og_type":"article","og_title":"Cuore pendente in arenaria blu","og_description":"I nostri ciondoli in pietra del cuore prezioso sono disponibili in un'ampia variet\u00e0 e sono altamente selettivi. Indispensabile per l'estate.","og_url":"https:\/\/www.artestar.eu\/it\/vendita-all-ingrosso\/arenaria-blu-pendente-cuore\/","og_site_name":"Artestar","article_publisher":"https:\/\/www.facebook.com\/ARTESTAREU","article_modified_time":"2023-09-26T02:47:56+00:00","og_image":[{"width":600,"height":600,"url":"https:\/\/www.artestar.eu\/wp-content\/uploads\/2023\/07\/natural-semi-precious-gemstone-pendants-heart-blue-sandstone.jpg","type":"image\/jpeg"}],"twitter_card":"summary_large_image","twitter_misc":{"Availability":"In stock"},"schema":{"@context":"https:\/\/schema.org","@graph":[{"@type":"WebPage","@id":"https:\/\/www.artestar.eu\/it\/vendita-all-ingrosso\/arenaria-blu-pendente-cuore\/","url":"https:\/\/www.artestar.eu\/it\/vendita-all-ingrosso\/arenaria-blu-pendente-cuore\/","name":"Cuore pendente in arenaria blu - Artestar","isPartOf":{"@id":"https:\/\/www.artestar.eu\/it\/#website"},"datePublished":"2023-07-11T09:29:19+00:00","dateModified":"2023-09-26T02:47:56+00:00","description":"I nostri ciondoli in pietra del cuore prezioso sono disponibili in un'ampia variet\u00e0 e sono altamente selettivi. Indispensabile per l'estate.","breadcrumb":{"@id":"https:\/\/www.artestar.eu\/it\/vendita-all-ingrosso\/arenaria-blu-pendente-cuore\/#breadcrumb"},"inLanguage":"it-IT","potentialAction":[{"@type":"ReadAction","target":["https:\/\/www.artestar.eu\/it\/vendita-all-ingrosso\/arenaria-blu-pendente-cuore\/"]}]},{"@type":"BreadcrumbList","@id":"https:\/\/www.artestar.eu\/it\/vendita-all-ingrosso\/arenaria-blu-pendente-cuore\/#breadcrumb","itemListElement":[{"@type":"ListItem","position":1,"name":"Artestar","item":"https:\/\/www.artestar.eu\/it\/"},{"@type":"ListItem","position":2,"name":"Vendita all&#8217;ingrosso","item":"https:\/\/www.artestar.eu\/it\/vendita-all-ingrosso\/"},{"@type":"ListItem","position":3,"name":"Cuore pendente in arenaria blu"}]},{"@type":"WebSite","@id":"https:\/\/www.artestar.eu\/it\/#website","url":"https:\/\/www.artestar.eu\/it\/","name":"Artestar","description":"Mayorista en abalorios y joyer\u00eda","publisher":{"@id":"https:\/\/www.artestar.eu\/it\/#organization"},"alternateName":"Artestar-EU","potentialAction":[{"@type":"SearchAction","target":{"@type":"EntryPoint","urlTemplate":"https:\/\/www.artestar.eu\/it\/?s={search_term_string}"},"query-input":"required name=search_term_string"}],"inLanguage":"it-IT"},{"@type":["Organization","Place"],"@id":"https:\/\/www.artestar.eu\/it\/#organization","name":"RUBY ABALORIO S.L.","alternateName":"Artestar","url":"https:\/\/www.artestar.eu\/it\/","logo":{"@id":"https:\/\/www.artestar.eu\/it\/vendita-all-ingrosso\/arenaria-blu-pendente-cuore\/#local-main-organization-logo"},"image":{"@id":"https:\/\/www.artestar.eu\/it\/vendita-all-ingrosso\/arenaria-blu-pendente-cuore\/#local-main-organization-logo"},"sameAs":["https:\/\/www.facebook.com\/ARTESTAREU","https:\/\/www.instagram.com\/artestareu\/","https:\/\/www.pinterest.es\/artestar_eu\/","https:\/\/www.tiktok.com\/@artestar_wholesale"],"openingHoursSpecification":[{"@type":"OpeningHoursSpecification","dayOfWeek":["Monday","Tuesday","Wednesday","Thursday","Friday","Saturday","Sunday"],"opens":"09:00","closes":"17:00"}]},{"@type":"ImageObject","inLanguage":"it-IT","@id":"https:\/\/www.artestar.eu\/it\/vendita-all-ingrosso\/arenaria-blu-pendente-cuore\/#local-main-organization-logo","url":"https:\/\/www.artestar.eu\/wp-content\/uploads\/2023\/05\/cropped-png.png","contentUrl":"https:\/\/www.artestar.eu\/wp-content\/uploads\/2023\/05\/cropped-png.png","width":512,"height":512,"caption":"RUBY ABALORIO S.L."}]},"og_availability":"instock","product_availability":"instock","product_retailer_item_id":"BS-GZ-XX-L0007SM","product_condition":"new"},"tiered_pricing_type":"fixed","tiered_pricing_fixed_rules":[],"tiered_pricing_percentage_rules":[],"tiered_pricing_minimum":null,"_administrator_tiered_pricing_type":"fixed","_administrator_tiered_pricing_fixed_rules":[],"_editor_tiered_pricing_type":"fixed","_editor_tiered_pricing_fixed_rules":[],"_author_tiered_pricing_type":"fixed","_author_tiered_pricing_fixed_rules":[],"_contributor_tiered_pricing_type":"fixed","_contributor_tiered_pricing_fixed_rules":[],"_subscriber_tiered_pricing_type":"fixed","_subscriber_tiered_pricing_fixed_rules":[],"_wpseo_manager_tiered_pricing_type":"fixed","_wpseo_manager_tiered_pricing_fixed_rules":[],"_wpseo_editor_tiered_pricing_type":"fixed","_wpseo_editor_tiered_pricing_fixed_rules":[],"_customer_tiered_pricing_type":"fixed","_customer_tiered_pricing_fixed_rules":[],"_shop_manager_tiered_pricing_type":"fixed","_shop_manager_tiered_pricing_fixed_rules":[],"_product_manager_tiered_pricing_type":"fixed","_product_manager_tiered_pricing_fixed_rules":[],"_links":{"self":[{"href":"https:\/\/www.artestar.eu\/it\/wp-json\/wp\/v2\/product\/30037"}],"collection":[{"href":"https:\/\/www.artestar.eu\/it\/wp-json\/wp\/v2\/product"}],"about":[{"href":"https:\/\/www.artestar.eu\/it\/wp-json\/wp\/v2\/types\/product"}],"replies":[{"embeddable":true,"href":"https:\/\/www.artestar.eu\/it\/wp-json\/wp\/v2\/comments?post=30037"}],"version-history":[{"count":2,"href":"https:\/\/www.artestar.eu\/it\/wp-json\/wp\/v2\/product\/30037\/revisions"}],"predecessor-version":[{"id":35665,"href":"https:\/\/www.artestar.eu\/it\/wp-json\/wp\/v2\/product\/30037\/revisions\/35665"}],"wp:featuredmedia":[{"embeddable":true,"href":"https:\/\/www.artestar.eu\/it\/wp-json\/wp\/v2\/media\/21681"}],"wp:attachment":[{"href":"https:\/\/www.artestar.eu\/it\/wp-json\/wp\/v2\/media?parent=30037"}],"wp:term":[{"taxonomy":"product_cat","embeddable":true,"href":"https:\/\/www.artestar.eu\/it\/wp-json\/wp\/v2\/product_cat?post=30037"},{"taxonomy":"product_tag","embeddable":true,"href":"https:\/\/www.artestar.eu\/it\/wp-json\/wp\/v2\/product_tag?post=30037"}],"curies":[{"name":"wp","href":"https:\/\/api.w.org\/{rel}","templated":true}]}}