{"id":30498,"date":"2023-06-27T07:42:55","date_gmt":"2023-06-27T07:42:55","guid":{"rendered":"https:\/\/www.artestar.eu\/al-por-mayor\/labradorita-cuentas-piedra-de-facetada\/"},"modified":"2023-09-27T02:59:00","modified_gmt":"2023-09-27T02:59:00","slug":"labradorite-perline-pietra-sfaccettata","status":"publish","type":"product","link":"https:\/\/www.artestar.eu\/it\/vendita-all-ingrosso\/labradorite-perline-pietra-sfaccettata\/","title":{"rendered":"Perle di pietra sfaccettate di Labradorite"},"content":{"rendered":"<p>Perle di pietra sfaccettate di labradite: \u03a6 2 mm &#8211; \u03a6 3 mm &#8211; \u03a6 4 mm, foro: \u03a6 1 mm.<\/p>\n<ul>\n<li>Poich\u00e9 ci sono una variet\u00e0 di dimensioni disponibili, puoi scegliere quello che meglio si adatta alla tua creazione di gioielli fai-da-te. Ogni perla di pietra labradorite sfaccettata \u00e8 realizzata con materiali naturali puri e ha un aspetto unico.<\/li>\n<li>Ogni perla di pietra preziosa \u00e8 realizzata con materiali naturali puri per un look unico. Inoltre, le loro dimensioni, consistenza e colore uniformi rendono uniche le perle di pietre preziose.<\/li>\n<li>Le perle naturali di semi-gemme possono alleviare lo stress e l&#8217;ansia. Inoltre, dare una nota mentale positiva, una visione ottimistica della vita e si dice che trasmettano l&#8217;energia dell&#8217;universo al corpo.<\/li>\n<li>Queste bellissime perle di pietra sciolte sono perfette per la filettatura, basta usare il filo di perle attraverso il foro della perlina e creare le tue creazioni. Goditi il divertimento di creare gioielli artigianali!<\/li>\n<li>Queste perle perforate possono essere combinate con altri accessori metallici, cristalli, perle, conchiglie, ecc., Per realizzare qualsiasi artigianato, collane, bracciali, orecchini, decorazioni per la casa, ecc. Regalalo a familiari e amici che amano l&#8217;artigianato. Non solo \u00e8 un regalo perfetto, ma contiene anche i migliori auguri.<\/li>\n<\/ul>\n<p><img decoding=\"async\" class=\"alignnone wp-image-7321\" src=\"https:\/\/www.artestar.eu%E2%80%8B%E2%80%8B%E2%80%8B%E2%80%8B\/wp-content\/uploads\/2023\/06\/size-faceted-round-stone-beads-1.jpg\" alt=\"Labradorite sfaccettata\" width=\"600\" height=\"600\" srcset=\"https:\/\/www.artestar.eu\/wp-content\/uploads\/2023\/06\/size-faceted-round-stone-beads-1.jpg 1024w, https:\/\/www.artestar.eu\/wp-content\/uploads\/2023\/06\/size-faceted-round-stone-beads-1-300x300.jpg 300w, https:\/\/www.artestar.eu\/wp-content\/uploads\/2023\/06\/size-faceted-round-stone-beads-1-150x150.jpg 150w, https:\/\/www.artestar.eu\/wp-content\/uploads\/2023\/06\/size-faceted-round-stone-beads-1-768x768.jpg 768w, https:\/\/www.artestar.eu\/wp-content\/uploads\/2023\/06\/size-faceted-round-stone-beads-1-450x450.jpg 450w, https:\/\/www.artestar.eu\/wp-content\/uploads\/2023\/06\/size-faceted-round-stone-beads-1-600x600.jpg 600w, https:\/\/www.artestar.eu\/wp-content\/uploads\/2023\/06\/size-faceted-round-stone-beads-1-54x54.jpg 54w\" sizes=\"(max-width: 600px) 100vw, 600px\" \/><\/p>\n<h5>Perle di pietra sfaccettate di Labradorite<\/h5>\n<h6><strong>Precauzione:<\/strong><\/h6>\n<ul>\n<li>A causa di monitor e risoluzioni diversi, il colore dell&#8217;immagine potrebbe essere leggermente diverso dal colore reale.<\/li>\n<li>In una catena di conti della stessa lunghezza. Il numero di perle pu\u00f2 essere leggermente diverso a causa delle differenze nell&#8217;artigianato o nei lotti di produzione.<\/li>\n<li>Le perle di pietra devono essere protette dalla luce solare intensa per evitare di danneggiare la consistenza e il colore della gemma.<\/li>\n<li>Attenzione: i bambini sotto i tre anni evitano il contatto, c&#8217;\u00e8 il pericolo di soffocamento.<\/li>\n<\/ul>\n","protected":false},"excerpt":{"rendered":"<p><img decoding=\"async\" class=\"alignnone size-full wp-image-8562\" src=\"https:\/\/www.artestar.eu%E2%80%8B%E2%80%8B%E2%80%8B%E2%80%8B\/wp-content\/uploads\/2023\/06\/gemstone-beads-faceted-size.jpg\" alt=\"\" width=\"500\" height=\"90\" srcset=\"https:\/\/www.artestar.eu\/wp-content\/uploads\/2023\/06\/gemstone-beads-faceted-size.jpg 500w, https:\/\/www.artestar.eu\/wp-content\/uploads\/2023\/06\/gemstone-beads-faceted-size-300x54.jpg 300w, https:\/\/www.artestar.eu\/wp-content\/uploads\/2023\/06\/gemstone-beads-faceted-size-90x16.jpg 90w\" sizes=\"(max-width: 500px) 100vw, 500px\" \/>Importo approssimativo<\/p>\n<ul>\n<li>Sono ammesse perle di pietre semipreziose naturali, piccole imperfezioni.<\/li>\n<li>A causa dei diversi dispositivi di visualizzazione, ci sar\u00e0 una leggera deviazione nel colore.<\/li>\n<\/ul>\n","protected":false},"featured_media":18925,"comment_status":"open","ping_status":"closed","template":"","meta":[],"product_cat":[1571,1495,1496],"product_tag":[],"yoast_head":"<!-- This site is optimized with the Yoast SEO Premium plugin v20.5 (Yoast SEO v21.5) - https:\/\/yoast.com\/wordpress\/plugins\/seo\/ -->\n<title>Perle di pietra sfaccettate di Labradorite - Artestar<\/title>\n<meta name=\"description\" content=\"La labradorite pu\u00f2 aiutare a ridurre la negativit\u00e0 che drena energia che pu\u00f2 causare depressione, stimolare l&#039;immaginazione e portare nuove idee.\" \/>\n<meta name=\"robots\" content=\"index, follow, max-snippet:-1, max-image-preview:large, max-video-preview:-1\" \/>\n<link rel=\"canonical\" href=\"https:\/\/www.artestar.eu\/it\/vendita-all-ingrosso\/labradorite-perline-pietra-sfaccettata\/\" \/>\n<meta property=\"og:locale\" content=\"it_IT\" \/>\n<meta property=\"og:type\" content=\"article\" \/>\n<meta property=\"og:title\" content=\"Perle di pietra sfaccettate di Labradorite\" \/>\n<meta property=\"og:description\" content=\"La labradorite pu\u00f2 aiutare a ridurre la negativit\u00e0 che drena energia che pu\u00f2 causare depressione, stimolare l&#039;immaginazione e portare nuove idee.\" \/>\n<meta property=\"og:url\" content=\"https:\/\/www.artestar.eu\/it\/vendita-all-ingrosso\/labradorite-perline-pietra-sfaccettata\/\" \/>\n<meta property=\"og:site_name\" content=\"Artestar\" \/>\n<meta property=\"article:publisher\" content=\"https:\/\/www.facebook.com\/ARTESTAREU\" \/>\n<meta property=\"article:modified_time\" content=\"2023-09-27T02:59:00+00:00\" \/>\n<meta property=\"og:image\" content=\"https:\/\/www.artestar.eu\/wp-content\/uploads\/2023\/06\/semi-precious-stones-gemstone-beads-faceted-labradorite.jpg\" \/>\n\t<meta property=\"og:image:width\" content=\"600\" \/>\n\t<meta property=\"og:image:height\" content=\"600\" \/>\n\t<meta property=\"og:image:type\" content=\"image\/jpeg\" \/>\n<meta name=\"twitter:card\" content=\"summary_large_image\" \/>\n<meta name=\"twitter:label1\" content=\"Availability\" \/>\n\t<meta name=\"twitter:data1\" content=\"In stock\" \/>\n<script type=\"application\/ld+json\" class=\"yoast-schema-graph\">{\"@context\":\"https:\/\/schema.org\",\"@graph\":[{\"@type\":\"WebPage\",\"@id\":\"https:\/\/www.artestar.eu\/it\/vendita-all-ingrosso\/labradorite-perline-pietra-sfaccettata\/\",\"url\":\"https:\/\/www.artestar.eu\/it\/vendita-all-ingrosso\/labradorite-perline-pietra-sfaccettata\/\",\"name\":\"Perle di pietra sfaccettate di Labradorite - Artestar\",\"isPartOf\":{\"@id\":\"https:\/\/www.artestar.eu\/it\/#website\"},\"datePublished\":\"2023-06-27T07:42:55+00:00\",\"dateModified\":\"2023-09-27T02:59:00+00:00\",\"description\":\"La labradorite pu\u00f2 aiutare a ridurre la negativit\u00e0 che drena energia che pu\u00f2 causare depressione, stimolare l'immaginazione e portare nuove idee.\",\"breadcrumb\":{\"@id\":\"https:\/\/www.artestar.eu\/it\/vendita-all-ingrosso\/labradorite-perline-pietra-sfaccettata\/#breadcrumb\"},\"inLanguage\":\"it-IT\",\"potentialAction\":[{\"@type\":\"ReadAction\",\"target\":[\"https:\/\/www.artestar.eu\/it\/vendita-all-ingrosso\/labradorite-perline-pietra-sfaccettata\/\"]}]},{\"@type\":\"BreadcrumbList\",\"@id\":\"https:\/\/www.artestar.eu\/it\/vendita-all-ingrosso\/labradorite-perline-pietra-sfaccettata\/#breadcrumb\",\"itemListElement\":[{\"@type\":\"ListItem\",\"position\":1,\"name\":\"Artestar\",\"item\":\"https:\/\/www.artestar.eu\/it\/\"},{\"@type\":\"ListItem\",\"position\":2,\"name\":\"Vendita all&#8217;ingrosso\",\"item\":\"https:\/\/www.artestar.eu\/it\/vendita-all-ingrosso\/\"},{\"@type\":\"ListItem\",\"position\":3,\"name\":\"Perle di pietra sfaccettate di Labradorite\"}]},{\"@type\":\"WebSite\",\"@id\":\"https:\/\/www.artestar.eu\/it\/#website\",\"url\":\"https:\/\/www.artestar.eu\/it\/\",\"name\":\"Artestar\",\"description\":\"Mayorista en abalorios y joyer\u00eda\",\"publisher\":{\"@id\":\"https:\/\/www.artestar.eu\/it\/#organization\"},\"alternateName\":\"Artestar-EU\",\"potentialAction\":[{\"@type\":\"SearchAction\",\"target\":{\"@type\":\"EntryPoint\",\"urlTemplate\":\"https:\/\/www.artestar.eu\/it\/?s={search_term_string}\"},\"query-input\":\"required name=search_term_string\"}],\"inLanguage\":\"it-IT\"},{\"@type\":[\"Organization\",\"Place\"],\"@id\":\"https:\/\/www.artestar.eu\/it\/#organization\",\"name\":\"RUBY ABALORIO S.L.\",\"alternateName\":\"Artestar\",\"url\":\"https:\/\/www.artestar.eu\/it\/\",\"logo\":{\"@id\":\"https:\/\/www.artestar.eu\/it\/vendita-all-ingrosso\/labradorite-perline-pietra-sfaccettata\/#local-main-organization-logo\"},\"image\":{\"@id\":\"https:\/\/www.artestar.eu\/it\/vendita-all-ingrosso\/labradorite-perline-pietra-sfaccettata\/#local-main-organization-logo\"},\"sameAs\":[\"https:\/\/www.facebook.com\/ARTESTAREU\",\"https:\/\/www.instagram.com\/artestareu\/\",\"https:\/\/www.pinterest.es\/artestar_eu\/\",\"https:\/\/www.tiktok.com\/@artestar_wholesale\"],\"openingHoursSpecification\":[{\"@type\":\"OpeningHoursSpecification\",\"dayOfWeek\":[\"Monday\",\"Tuesday\",\"Wednesday\",\"Thursday\",\"Friday\",\"Saturday\",\"Sunday\"],\"opens\":\"09:00\",\"closes\":\"17:00\"}]},{\"@type\":\"ImageObject\",\"inLanguage\":\"it-IT\",\"@id\":\"https:\/\/www.artestar.eu\/it\/vendita-all-ingrosso\/labradorite-perline-pietra-sfaccettata\/#local-main-organization-logo\",\"url\":\"https:\/\/www.artestar.eu\/wp-content\/uploads\/2023\/05\/cropped-png.png\",\"contentUrl\":\"https:\/\/www.artestar.eu\/wp-content\/uploads\/2023\/05\/cropped-png.png\",\"width\":512,\"height\":512,\"caption\":\"RUBY ABALORIO S.L.\"}]}<\/script>\n<meta property=\"og:availability\" content=\"instock\" \/>\n<meta property=\"product:availability\" content=\"instock\" \/>\n<meta property=\"product:retailer_item_id\" content=\"BS-YZ-QM-Y0088-Y0090\" \/>\n<meta property=\"product:condition\" content=\"new\" \/>\n<!-- \/ Yoast SEO Premium plugin. -->","yoast_head_json":{"title":"Perle di pietra sfaccettate di Labradorite - Artestar","description":"La labradorite pu\u00f2 aiutare a ridurre la negativit\u00e0 che drena energia che pu\u00f2 causare depressione, stimolare l'immaginazione e portare nuove idee.","robots":{"index":"index","follow":"follow","max-snippet":"max-snippet:-1","max-image-preview":"max-image-preview:large","max-video-preview":"max-video-preview:-1"},"canonical":"https:\/\/www.artestar.eu\/it\/vendita-all-ingrosso\/labradorite-perline-pietra-sfaccettata\/","og_locale":"it_IT","og_type":"article","og_title":"Perle di pietra sfaccettate di Labradorite","og_description":"La labradorite pu\u00f2 aiutare a ridurre la negativit\u00e0 che drena energia che pu\u00f2 causare depressione, stimolare l'immaginazione e portare nuove idee.","og_url":"https:\/\/www.artestar.eu\/it\/vendita-all-ingrosso\/labradorite-perline-pietra-sfaccettata\/","og_site_name":"Artestar","article_publisher":"https:\/\/www.facebook.com\/ARTESTAREU","article_modified_time":"2023-09-27T02:59:00+00:00","og_image":[{"width":600,"height":600,"url":"https:\/\/www.artestar.eu\/wp-content\/uploads\/2023\/06\/semi-precious-stones-gemstone-beads-faceted-labradorite.jpg","type":"image\/jpeg"}],"twitter_card":"summary_large_image","twitter_misc":{"Availability":"In stock"},"schema":{"@context":"https:\/\/schema.org","@graph":[{"@type":"WebPage","@id":"https:\/\/www.artestar.eu\/it\/vendita-all-ingrosso\/labradorite-perline-pietra-sfaccettata\/","url":"https:\/\/www.artestar.eu\/it\/vendita-all-ingrosso\/labradorite-perline-pietra-sfaccettata\/","name":"Perle di pietra sfaccettate di Labradorite - Artestar","isPartOf":{"@id":"https:\/\/www.artestar.eu\/it\/#website"},"datePublished":"2023-06-27T07:42:55+00:00","dateModified":"2023-09-27T02:59:00+00:00","description":"La labradorite pu\u00f2 aiutare a ridurre la negativit\u00e0 che drena energia che pu\u00f2 causare depressione, stimolare l'immaginazione e portare nuove idee.","breadcrumb":{"@id":"https:\/\/www.artestar.eu\/it\/vendita-all-ingrosso\/labradorite-perline-pietra-sfaccettata\/#breadcrumb"},"inLanguage":"it-IT","potentialAction":[{"@type":"ReadAction","target":["https:\/\/www.artestar.eu\/it\/vendita-all-ingrosso\/labradorite-perline-pietra-sfaccettata\/"]}]},{"@type":"BreadcrumbList","@id":"https:\/\/www.artestar.eu\/it\/vendita-all-ingrosso\/labradorite-perline-pietra-sfaccettata\/#breadcrumb","itemListElement":[{"@type":"ListItem","position":1,"name":"Artestar","item":"https:\/\/www.artestar.eu\/it\/"},{"@type":"ListItem","position":2,"name":"Vendita all&#8217;ingrosso","item":"https:\/\/www.artestar.eu\/it\/vendita-all-ingrosso\/"},{"@type":"ListItem","position":3,"name":"Perle di pietra sfaccettate di Labradorite"}]},{"@type":"WebSite","@id":"https:\/\/www.artestar.eu\/it\/#website","url":"https:\/\/www.artestar.eu\/it\/","name":"Artestar","description":"Mayorista en abalorios y joyer\u00eda","publisher":{"@id":"https:\/\/www.artestar.eu\/it\/#organization"},"alternateName":"Artestar-EU","potentialAction":[{"@type":"SearchAction","target":{"@type":"EntryPoint","urlTemplate":"https:\/\/www.artestar.eu\/it\/?s={search_term_string}"},"query-input":"required name=search_term_string"}],"inLanguage":"it-IT"},{"@type":["Organization","Place"],"@id":"https:\/\/www.artestar.eu\/it\/#organization","name":"RUBY ABALORIO S.L.","alternateName":"Artestar","url":"https:\/\/www.artestar.eu\/it\/","logo":{"@id":"https:\/\/www.artestar.eu\/it\/vendita-all-ingrosso\/labradorite-perline-pietra-sfaccettata\/#local-main-organization-logo"},"image":{"@id":"https:\/\/www.artestar.eu\/it\/vendita-all-ingrosso\/labradorite-perline-pietra-sfaccettata\/#local-main-organization-logo"},"sameAs":["https:\/\/www.facebook.com\/ARTESTAREU","https:\/\/www.instagram.com\/artestareu\/","https:\/\/www.pinterest.es\/artestar_eu\/","https:\/\/www.tiktok.com\/@artestar_wholesale"],"openingHoursSpecification":[{"@type":"OpeningHoursSpecification","dayOfWeek":["Monday","Tuesday","Wednesday","Thursday","Friday","Saturday","Sunday"],"opens":"09:00","closes":"17:00"}]},{"@type":"ImageObject","inLanguage":"it-IT","@id":"https:\/\/www.artestar.eu\/it\/vendita-all-ingrosso\/labradorite-perline-pietra-sfaccettata\/#local-main-organization-logo","url":"https:\/\/www.artestar.eu\/wp-content\/uploads\/2023\/05\/cropped-png.png","contentUrl":"https:\/\/www.artestar.eu\/wp-content\/uploads\/2023\/05\/cropped-png.png","width":512,"height":512,"caption":"RUBY ABALORIO S.L."}]},"og_availability":"instock","product_availability":"instock","product_retailer_item_id":"BS-YZ-QM-Y0088-Y0090","product_condition":"new"},"tiered_pricing_type":"fixed","tiered_pricing_fixed_rules":[],"tiered_pricing_percentage_rules":[],"tiered_pricing_minimum":null,"_administrator_tiered_pricing_type":"fixed","_administrator_tiered_pricing_fixed_rules":[],"_editor_tiered_pricing_type":"fixed","_editor_tiered_pricing_fixed_rules":[],"_author_tiered_pricing_type":"fixed","_author_tiered_pricing_fixed_rules":[],"_contributor_tiered_pricing_type":"fixed","_contributor_tiered_pricing_fixed_rules":[],"_subscriber_tiered_pricing_type":"fixed","_subscriber_tiered_pricing_fixed_rules":[],"_wpseo_manager_tiered_pricing_type":"fixed","_wpseo_manager_tiered_pricing_fixed_rules":[],"_wpseo_editor_tiered_pricing_type":"fixed","_wpseo_editor_tiered_pricing_fixed_rules":[],"_customer_tiered_pricing_type":"fixed","_customer_tiered_pricing_fixed_rules":[],"_shop_manager_tiered_pricing_type":"fixed","_shop_manager_tiered_pricing_fixed_rules":[],"_product_manager_tiered_pricing_type":"fixed","_product_manager_tiered_pricing_fixed_rules":[],"_links":{"self":[{"href":"https:\/\/www.artestar.eu\/it\/wp-json\/wp\/v2\/product\/30498"}],"collection":[{"href":"https:\/\/www.artestar.eu\/it\/wp-json\/wp\/v2\/product"}],"about":[{"href":"https:\/\/www.artestar.eu\/it\/wp-json\/wp\/v2\/types\/product"}],"replies":[{"embeddable":true,"href":"https:\/\/www.artestar.eu\/it\/wp-json\/wp\/v2\/comments?post=30498"}],"version-history":[{"count":2,"href":"https:\/\/www.artestar.eu\/it\/wp-json\/wp\/v2\/product\/30498\/revisions"}],"predecessor-version":[{"id":35750,"href":"https:\/\/www.artestar.eu\/it\/wp-json\/wp\/v2\/product\/30498\/revisions\/35750"}],"wp:featuredmedia":[{"embeddable":true,"href":"https:\/\/www.artestar.eu\/it\/wp-json\/wp\/v2\/media\/18925"}],"wp:attachment":[{"href":"https:\/\/www.artestar.eu\/it\/wp-json\/wp\/v2\/media?parent=30498"}],"wp:term":[{"taxonomy":"product_cat","embeddable":true,"href":"https:\/\/www.artestar.eu\/it\/wp-json\/wp\/v2\/product_cat?post=30498"},{"taxonomy":"product_tag","embeddable":true,"href":"https:\/\/www.artestar.eu\/it\/wp-json\/wp\/v2\/product_tag?post=30498"}],"curies":[{"name":"wp","href":"https:\/\/api.w.org\/{rel}","templated":true}]}}