{"id":30603,"date":"2023-06-08T06:14:23","date_gmt":"2023-06-08T06:14:23","guid":{"rendered":"https:\/\/www.artestar.eu\/al-por-mayor\/pendientes-de-aros-de-acero\/"},"modified":"2023-10-20T03:02:53","modified_gmt":"2023-10-20T03:02:53","slug":"acciaio-orecchini-orecchini","status":"publish","type":"product","link":"https:\/\/www.artestar.eu\/it\/vendita-all-ingrosso\/acciaio-orecchini-orecchini\/","title":{"rendered":"Orecchini a cerchio in acciaio"},"content":{"rendered":"<p>Orecchini a cerchio in acciaio: gli orecchini a cerchio sono disponibili in 3 misure, 20 mm (110 pezzi), 25 mm (110 pezzi) e 30 mm (110 pezzi). I colori metallici possono aggiungere un tocco di stile ai tuoi orecchini, rendendoli pi\u00f9 luminosi e accattivanti.<\/p>\n<ul>\n<li>I cerchi per orecchini sono realizzati in acciaio inossidabile di alta qualit\u00e0. Rispetto ad altre leghe metalliche, offre una buona stabilit\u00e0 e resistenza alla corrosione, durata e una lunga durata. E con bassi costi di manutenzione, \u00e8 ideale per molti design di gioielli.<\/li>\n<li>Gli orecchini a filo a cerchio grande hanno uno stile curvo distintivo nelle orecchie e sono abbastanza leggeri da poter essere indossati da soli. Possono anche essere aperti nella parte superiore per aggiungere ganci agli orecchini. Puoi anche aggiungere catene, perline, nappe o ciondoli per creare diversi stili di accessori.<\/li>\n<li>Puoi anche creare pennarelli creativi per bicchieri di vino per feste di Capodanno, matrimoni, feste di compleanno e altro ancora. Puoi anche mescolare e abbinare perline, perline di pietre preziose e perle per creare i tuoi orecchini a cerchio pendenti unici. Il regalo perfetto per tua figlia, il tuo partner, tua madre o te stesso a San Valentino, Natale, festa della mamma, anniversari o compleanni.<\/li>\n<li>I cerchi a goccia per bicchieri da vino ti consentono di appendere perline con monogramma o di mettere altri segni unici sui tuoi bicchieri da vino per distinguerli. Perch\u00e9 sono facili e divertenti da usare alle feste.<\/li>\n<li>Disponibile in 2 colori (oro e acciaio). Diversi colori possono essere abbinati a diversi outfit e occasioni per aggiungere un accento accattivante alle tue uscite.<\/li>\n<\/ul>\n<h5>Orecchini a cerchio in acciaio<\/h5>\n<ul>\n<li>La dimensione viene misurata a mano e potrebbero esserci lievi errori dovuti alla misurazione manuale.<\/li>\n<li>Evitare collisioni e attriti tra il prodotto e altri oggetti per evitare la deformazione di orecchini, graffi o danni alla superficie del prodotto.<\/li>\n<li>Tenere i vestiti asciutti ed evitare di indossare orecchini quando si fa il bagno o si nuota.<\/li>\n<\/ul>\n","protected":false},"excerpt":{"rendered":"<p><img decoding=\"async\" class=\"alignnone size-full wp-image-8902\" src=\"https:\/\/www.artestar.eu%E2%80%8B%E2%80%8B%E2%80%8B%E2%80%8B\/wp-content\/uploads\/2023\/06\/stainless-steel-large-circle-wire-earrings-silver-size.jpg\" alt=\"Orecchini a cerchio\" width=\"1000\" height=\"180\" srcset=\"https:\/\/www.artestar.eu\/wp-content\/uploads\/2023\/06\/stainless-steel-large-circle-wire-earrings-silver-size.jpg 1000w, https:\/\/www.artestar.eu\/wp-content\/uploads\/2023\/06\/stainless-steel-large-circle-wire-earrings-silver-size-300x54.jpg 300w, https:\/\/www.artestar.eu\/wp-content\/uploads\/2023\/06\/stainless-steel-large-circle-wire-earrings-silver-size-768x138.jpg 768w, https:\/\/www.artestar.eu\/wp-content\/uploads\/2023\/06\/stainless-steel-large-circle-wire-earrings-silver-size-600x108.jpg 600w, https:\/\/www.artestar.eu\/wp-content\/uploads\/2023\/06\/stainless-steel-large-circle-wire-earrings-silver-size-90x16.jpg 90w\" sizes=\"(max-width: 1000px) 100vw, 1000px\" \/><\/p>\n<ul>\n<li>Materiale: acciaio inossidabile<\/li>\n<li>Si prega di fare riferimento all&#8217;immagine del prodotto per dimensioni e quantit\u00e0 dettagliate.<\/li>\n<li>Gli orecchini a cerchio in acciaio possono essere abbinati a perline di pietre preziose e perle per creare i tuoi orecchini unici.<\/li>\n<\/ul>\n","protected":false},"featured_media":18520,"comment_status":"open","ping_status":"closed","template":"","meta":[],"product_cat":[1673,1674,2359],"product_tag":[],"yoast_head":"<!-- This site is optimized with the Yoast SEO Premium plugin v20.5 (Yoast SEO v21.5) - https:\/\/yoast.com\/wordpress\/plugins\/seo\/ -->\n<title>Orecchini a cerchio in acciaio - Artestar<\/title>\n<meta name=\"description\" content=\"Gli orecchini a cerchio in acciaio possono essere abbinati a perline di pietre preziose e perle per creare i tuoi orecchini unici.\" \/>\n<meta name=\"robots\" content=\"index, follow, max-snippet:-1, max-image-preview:large, max-video-preview:-1\" \/>\n<link rel=\"canonical\" href=\"https:\/\/www.artestar.eu\/it\/vendita-all-ingrosso\/acciaio-orecchini-orecchini\/\" \/>\n<meta property=\"og:locale\" content=\"it_IT\" \/>\n<meta property=\"og:type\" content=\"article\" \/>\n<meta property=\"og:title\" content=\"Orecchini a cerchio in acciaio\" \/>\n<meta property=\"og:description\" content=\"Gli orecchini a cerchio in acciaio possono essere abbinati a perline di pietre preziose e perle per creare i tuoi orecchini unici.\" \/>\n<meta property=\"og:url\" content=\"https:\/\/www.artestar.eu\/it\/vendita-all-ingrosso\/acciaio-orecchini-orecchini\/\" \/>\n<meta property=\"og:site_name\" content=\"Artestar\" \/>\n<meta property=\"article:publisher\" content=\"https:\/\/www.facebook.com\/ARTESTAREU\" \/>\n<meta property=\"article:modified_time\" content=\"2023-10-20T03:02:53+00:00\" \/>\n<meta property=\"og:image\" content=\"https:\/\/www.artestar.eu\/wp-content\/uploads\/2023\/06\/stainless-steel-wine-charm-rings-hoops-large-circle-wire-earrings-silver-2.jpg\" \/>\n\t<meta property=\"og:image:width\" content=\"600\" \/>\n\t<meta property=\"og:image:height\" content=\"600\" \/>\n\t<meta property=\"og:image:type\" content=\"image\/jpeg\" \/>\n<meta name=\"twitter:card\" content=\"summary_large_image\" \/>\n<meta name=\"twitter:label1\" content=\"Availability\" \/>\n\t<meta name=\"twitter:data1\" content=\"In stock\" \/>\n<script type=\"application\/ld+json\" class=\"yoast-schema-graph\">{\"@context\":\"https:\/\/schema.org\",\"@graph\":[{\"@type\":\"WebPage\",\"@id\":\"https:\/\/www.artestar.eu\/it\/vendita-all-ingrosso\/acciaio-orecchini-orecchini\/\",\"url\":\"https:\/\/www.artestar.eu\/it\/vendita-all-ingrosso\/acciaio-orecchini-orecchini\/\",\"name\":\"Orecchini a cerchio in acciaio - Artestar\",\"isPartOf\":{\"@id\":\"https:\/\/www.artestar.eu\/it\/#website\"},\"datePublished\":\"2023-06-08T06:14:23+00:00\",\"dateModified\":\"2023-10-20T03:02:53+00:00\",\"description\":\"Gli orecchini a cerchio in acciaio possono essere abbinati a perline di pietre preziose e perle per creare i tuoi orecchini unici.\",\"breadcrumb\":{\"@id\":\"https:\/\/www.artestar.eu\/it\/vendita-all-ingrosso\/acciaio-orecchini-orecchini\/#breadcrumb\"},\"inLanguage\":\"it-IT\",\"potentialAction\":[{\"@type\":\"ReadAction\",\"target\":[\"https:\/\/www.artestar.eu\/it\/vendita-all-ingrosso\/acciaio-orecchini-orecchini\/\"]}]},{\"@type\":\"BreadcrumbList\",\"@id\":\"https:\/\/www.artestar.eu\/it\/vendita-all-ingrosso\/acciaio-orecchini-orecchini\/#breadcrumb\",\"itemListElement\":[{\"@type\":\"ListItem\",\"position\":1,\"name\":\"Artestar\",\"item\":\"https:\/\/www.artestar.eu\/it\/\"},{\"@type\":\"ListItem\",\"position\":2,\"name\":\"Vendita all&#8217;ingrosso\",\"item\":\"https:\/\/www.artestar.eu\/it\/vendita-all-ingrosso\/\"},{\"@type\":\"ListItem\",\"position\":3,\"name\":\"Orecchini a cerchio in acciaio\"}]},{\"@type\":\"WebSite\",\"@id\":\"https:\/\/www.artestar.eu\/it\/#website\",\"url\":\"https:\/\/www.artestar.eu\/it\/\",\"name\":\"Artestar\",\"description\":\"Mayorista en abalorios y joyer\u00eda\",\"publisher\":{\"@id\":\"https:\/\/www.artestar.eu\/it\/#organization\"},\"alternateName\":\"Artestar-EU\",\"potentialAction\":[{\"@type\":\"SearchAction\",\"target\":{\"@type\":\"EntryPoint\",\"urlTemplate\":\"https:\/\/www.artestar.eu\/it\/?s={search_term_string}\"},\"query-input\":\"required name=search_term_string\"}],\"inLanguage\":\"it-IT\"},{\"@type\":[\"Organization\",\"Place\"],\"@id\":\"https:\/\/www.artestar.eu\/it\/#organization\",\"name\":\"RUBY ABALORIO S.L.\",\"alternateName\":\"Artestar\",\"url\":\"https:\/\/www.artestar.eu\/it\/\",\"logo\":{\"@id\":\"https:\/\/www.artestar.eu\/it\/vendita-all-ingrosso\/acciaio-orecchini-orecchini\/#local-main-organization-logo\"},\"image\":{\"@id\":\"https:\/\/www.artestar.eu\/it\/vendita-all-ingrosso\/acciaio-orecchini-orecchini\/#local-main-organization-logo\"},\"sameAs\":[\"https:\/\/www.facebook.com\/ARTESTAREU\",\"https:\/\/www.instagram.com\/artestareu\/\",\"https:\/\/www.pinterest.es\/artestar_eu\/\",\"https:\/\/www.tiktok.com\/@artestar_wholesale\"],\"openingHoursSpecification\":[{\"@type\":\"OpeningHoursSpecification\",\"dayOfWeek\":[\"Monday\",\"Tuesday\",\"Wednesday\",\"Thursday\",\"Friday\",\"Saturday\",\"Sunday\"],\"opens\":\"09:00\",\"closes\":\"17:00\"}]},{\"@type\":\"ImageObject\",\"inLanguage\":\"it-IT\",\"@id\":\"https:\/\/www.artestar.eu\/it\/vendita-all-ingrosso\/acciaio-orecchini-orecchini\/#local-main-organization-logo\",\"url\":\"https:\/\/www.artestar.eu\/wp-content\/uploads\/2023\/05\/cropped-png.png\",\"contentUrl\":\"https:\/\/www.artestar.eu\/wp-content\/uploads\/2023\/05\/cropped-png.png\",\"width\":512,\"height\":512,\"caption\":\"RUBY ABALORIO S.L.\"}]}<\/script>\n<meta property=\"og:availability\" content=\"instock\" \/>\n<meta property=\"product:availability\" content=\"instock\" \/>\n<meta property=\"product:retailer_item_id\" content=\"BXG0111-0113\" \/>\n<meta property=\"product:condition\" content=\"new\" \/>\n<!-- \/ Yoast SEO Premium plugin. -->","yoast_head_json":{"title":"Orecchini a cerchio in acciaio - Artestar","description":"Gli orecchini a cerchio in acciaio possono essere abbinati a perline di pietre preziose e perle per creare i tuoi orecchini unici.","robots":{"index":"index","follow":"follow","max-snippet":"max-snippet:-1","max-image-preview":"max-image-preview:large","max-video-preview":"max-video-preview:-1"},"canonical":"https:\/\/www.artestar.eu\/it\/vendita-all-ingrosso\/acciaio-orecchini-orecchini\/","og_locale":"it_IT","og_type":"article","og_title":"Orecchini a cerchio in acciaio","og_description":"Gli orecchini a cerchio in acciaio possono essere abbinati a perline di pietre preziose e perle per creare i tuoi orecchini unici.","og_url":"https:\/\/www.artestar.eu\/it\/vendita-all-ingrosso\/acciaio-orecchini-orecchini\/","og_site_name":"Artestar","article_publisher":"https:\/\/www.facebook.com\/ARTESTAREU","article_modified_time":"2023-10-20T03:02:53+00:00","og_image":[{"width":600,"height":600,"url":"https:\/\/www.artestar.eu\/wp-content\/uploads\/2023\/06\/stainless-steel-wine-charm-rings-hoops-large-circle-wire-earrings-silver-2.jpg","type":"image\/jpeg"}],"twitter_card":"summary_large_image","twitter_misc":{"Availability":"In stock"},"schema":{"@context":"https:\/\/schema.org","@graph":[{"@type":"WebPage","@id":"https:\/\/www.artestar.eu\/it\/vendita-all-ingrosso\/acciaio-orecchini-orecchini\/","url":"https:\/\/www.artestar.eu\/it\/vendita-all-ingrosso\/acciaio-orecchini-orecchini\/","name":"Orecchini a cerchio in acciaio - Artestar","isPartOf":{"@id":"https:\/\/www.artestar.eu\/it\/#website"},"datePublished":"2023-06-08T06:14:23+00:00","dateModified":"2023-10-20T03:02:53+00:00","description":"Gli orecchini a cerchio in acciaio possono essere abbinati a perline di pietre preziose e perle per creare i tuoi orecchini unici.","breadcrumb":{"@id":"https:\/\/www.artestar.eu\/it\/vendita-all-ingrosso\/acciaio-orecchini-orecchini\/#breadcrumb"},"inLanguage":"it-IT","potentialAction":[{"@type":"ReadAction","target":["https:\/\/www.artestar.eu\/it\/vendita-all-ingrosso\/acciaio-orecchini-orecchini\/"]}]},{"@type":"BreadcrumbList","@id":"https:\/\/www.artestar.eu\/it\/vendita-all-ingrosso\/acciaio-orecchini-orecchini\/#breadcrumb","itemListElement":[{"@type":"ListItem","position":1,"name":"Artestar","item":"https:\/\/www.artestar.eu\/it\/"},{"@type":"ListItem","position":2,"name":"Vendita all&#8217;ingrosso","item":"https:\/\/www.artestar.eu\/it\/vendita-all-ingrosso\/"},{"@type":"ListItem","position":3,"name":"Orecchini a cerchio in acciaio"}]},{"@type":"WebSite","@id":"https:\/\/www.artestar.eu\/it\/#website","url":"https:\/\/www.artestar.eu\/it\/","name":"Artestar","description":"Mayorista en abalorios y joyer\u00eda","publisher":{"@id":"https:\/\/www.artestar.eu\/it\/#organization"},"alternateName":"Artestar-EU","potentialAction":[{"@type":"SearchAction","target":{"@type":"EntryPoint","urlTemplate":"https:\/\/www.artestar.eu\/it\/?s={search_term_string}"},"query-input":"required name=search_term_string"}],"inLanguage":"it-IT"},{"@type":["Organization","Place"],"@id":"https:\/\/www.artestar.eu\/it\/#organization","name":"RUBY ABALORIO S.L.","alternateName":"Artestar","url":"https:\/\/www.artestar.eu\/it\/","logo":{"@id":"https:\/\/www.artestar.eu\/it\/vendita-all-ingrosso\/acciaio-orecchini-orecchini\/#local-main-organization-logo"},"image":{"@id":"https:\/\/www.artestar.eu\/it\/vendita-all-ingrosso\/acciaio-orecchini-orecchini\/#local-main-organization-logo"},"sameAs":["https:\/\/www.facebook.com\/ARTESTAREU","https:\/\/www.instagram.com\/artestareu\/","https:\/\/www.pinterest.es\/artestar_eu\/","https:\/\/www.tiktok.com\/@artestar_wholesale"],"openingHoursSpecification":[{"@type":"OpeningHoursSpecification","dayOfWeek":["Monday","Tuesday","Wednesday","Thursday","Friday","Saturday","Sunday"],"opens":"09:00","closes":"17:00"}]},{"@type":"ImageObject","inLanguage":"it-IT","@id":"https:\/\/www.artestar.eu\/it\/vendita-all-ingrosso\/acciaio-orecchini-orecchini\/#local-main-organization-logo","url":"https:\/\/www.artestar.eu\/wp-content\/uploads\/2023\/05\/cropped-png.png","contentUrl":"https:\/\/www.artestar.eu\/wp-content\/uploads\/2023\/05\/cropped-png.png","width":512,"height":512,"caption":"RUBY ABALORIO S.L."}]},"og_availability":"instock","product_availability":"instock","product_retailer_item_id":"BXG0111-0113","product_condition":"new"},"tiered_pricing_type":"fixed","tiered_pricing_fixed_rules":[],"tiered_pricing_percentage_rules":[],"tiered_pricing_minimum":null,"_administrator_tiered_pricing_type":"fixed","_administrator_tiered_pricing_fixed_rules":[],"_editor_tiered_pricing_type":"fixed","_editor_tiered_pricing_fixed_rules":[],"_author_tiered_pricing_type":"fixed","_author_tiered_pricing_fixed_rules":[],"_contributor_tiered_pricing_type":"fixed","_contributor_tiered_pricing_fixed_rules":[],"_subscriber_tiered_pricing_type":"fixed","_subscriber_tiered_pricing_fixed_rules":[],"_wpseo_manager_tiered_pricing_type":"fixed","_wpseo_manager_tiered_pricing_fixed_rules":[],"_wpseo_editor_tiered_pricing_type":"fixed","_wpseo_editor_tiered_pricing_fixed_rules":[],"_customer_tiered_pricing_type":"fixed","_customer_tiered_pricing_fixed_rules":[],"_shop_manager_tiered_pricing_type":"fixed","_shop_manager_tiered_pricing_fixed_rules":[],"_product_manager_tiered_pricing_type":"fixed","_product_manager_tiered_pricing_fixed_rules":[],"_links":{"self":[{"href":"https:\/\/www.artestar.eu\/it\/wp-json\/wp\/v2\/product\/30603"}],"collection":[{"href":"https:\/\/www.artestar.eu\/it\/wp-json\/wp\/v2\/product"}],"about":[{"href":"https:\/\/www.artestar.eu\/it\/wp-json\/wp\/v2\/types\/product"}],"replies":[{"embeddable":true,"href":"https:\/\/www.artestar.eu\/it\/wp-json\/wp\/v2\/comments?post=30603"}],"version-history":[{"count":2,"href":"https:\/\/www.artestar.eu\/it\/wp-json\/wp\/v2\/product\/30603\/revisions"}],"predecessor-version":[{"id":36971,"href":"https:\/\/www.artestar.eu\/it\/wp-json\/wp\/v2\/product\/30603\/revisions\/36971"}],"wp:featuredmedia":[{"embeddable":true,"href":"https:\/\/www.artestar.eu\/it\/wp-json\/wp\/v2\/media\/18520"}],"wp:attachment":[{"href":"https:\/\/www.artestar.eu\/it\/wp-json\/wp\/v2\/media?parent=30603"}],"wp:term":[{"taxonomy":"product_cat","embeddable":true,"href":"https:\/\/www.artestar.eu\/it\/wp-json\/wp\/v2\/product_cat?post=30603"},{"taxonomy":"product_tag","embeddable":true,"href":"https:\/\/www.artestar.eu\/it\/wp-json\/wp\/v2\/product_tag?post=30603"}],"curies":[{"name":"wp","href":"https:\/\/api.w.org\/{rel}","templated":true}]}}