{"id":31050,"date":"2023-06-07T05:05:24","date_gmt":"2023-06-07T05:05:24","guid":{"rendered":"https:\/\/www.artestar.eu\/al-por-mayor\/pendientes-alfiler-plano-abierto-de-acero\/"},"modified":"2023-10-20T05:18:09","modified_gmt":"2023-10-20T05:18:09","slug":"orecchini-piatti-aperti-in-acciaio","status":"publish","type":"product","link":"https:\/\/www.artestar.eu\/it\/vendita-all-ingrosso\/orecchini-piatti-aperti-in-acciaio\/","title":{"rendered":"Orecchini piatti aperti in acciaio"},"content":{"rendered":"<p>Orecchini a spillo piatto aperti in acciaio: i perni sono disponibili in 3 misure, 30 mm (480 pezzi), 40 mm (400 pezzi), 50 mm (330 pezzi), foro: 3 mm.<\/p>\n<ul>\n<li>I perni ad occhio aperto sono realizzati in acciaio inossidabile di alta qualit\u00e0. Rispetto ad altre leghe metalliche, ha una buona stabilit\u00e0 e resistenza alla corrosione, durevole. E con bassi costi di manutenzione, sono ideali per molti design di gioielli.<\/li>\n<li>Questi perni hanno un design minimalista. Sono sezioni di filo con un semplice foro ad anello a un&#8217;estremit\u00e0 e un anello nella parte superiore per un facile posizionamento di ciondoli o ornamenti.<\/li>\n<li>Le spille sono versatili e possono essere utilizzate per l&#8217;artigianato e la bigiotteria, come orecchini, bracciali, collane e spille di perline.<\/li>\n<li>Nel tuo tempo libero, usa gli spilli per realizzare delicati lavoretti per la tua famiglia e i tuoi cari per San Valentino, la festa della mamma, matrimoni, anniversari, Ringraziamento o compleanni. Saranno sorpresi e amati.<\/li>\n<\/ul>\n<p><img decoding=\"async\" class=\"alignnone size-full wp-image-5528\" src=\"https:\/\/www.artestar.eu%E2%80%8B%E2%80%8B%E2%80%8B%E2%80%8B\/wp-content\/uploads\/2023\/06\/stainless-steel-open-eye-pins-gold-para-creaciones-de-joyeria-DIY-01.jpg\" alt=\"Perni ad occhiello aperto in acciaio\" width=\"600\" height=\"600\" srcset=\"https:\/\/www.artestar.eu\/wp-content\/uploads\/2023\/06\/stainless-steel-open-eye-pins-gold-para-creaciones-de-joyeria-DIY-01.jpg 600w, https:\/\/www.artestar.eu\/wp-content\/uploads\/2023\/06\/stainless-steel-open-eye-pins-gold-para-creaciones-de-joyeria-DIY-01-300x300.jpg 300w, https:\/\/www.artestar.eu\/wp-content\/uploads\/2023\/06\/stainless-steel-open-eye-pins-gold-para-creaciones-de-joyeria-DIY-01-150x150.jpg 150w, https:\/\/www.artestar.eu\/wp-content\/uploads\/2023\/06\/stainless-steel-open-eye-pins-gold-para-creaciones-de-joyeria-DIY-01-450x450.jpg 450w, https:\/\/www.artestar.eu\/wp-content\/uploads\/2023\/06\/stainless-steel-open-eye-pins-gold-para-creaciones-de-joyeria-DIY-01-54x54.jpg 54w\" sizes=\"(max-width: 600px) 100vw, 600px\" \/><\/p>\n<h3>Orecchini piatti aperti in acciaio<\/h3>\n<ul>\n<li>Perch\u00e9 i nostri perni ad occhio aperto sono disponibili in due colori, ciascuno in una variet\u00e0 di dimensioni. Con una quantit\u00e0 sufficiente e dimensioni uniformi per creare liberamente il tuo accessorio di bigiotteria preferito.<\/li>\n<li>Una volta che il perno \u00e8 stato infilato con il cavo o il ciondolo. L&#8217;occhio pu\u00f2 essere utilizzato per attaccarlo ad altri componenti della gioielleria e per stendere il filo in eccesso. Perch\u00e9 con queste spille sarai in grado di creare facilmente i tuoi disegni di bigiotteria.<\/li>\n<li>I disegni semplici e i colori eleganti sono adatti per l&#8217;abbinamento con le pietre preziose. Perle e altri elementi per creare una vasta gamma di bellissimi gioielli.<\/li>\n<\/ul>\n","protected":false},"excerpt":{"rendered":"<p><img decoding=\"async\" class=\"alignnone size-full wp-image-8708\" src=\"https:\/\/www.artestar.eu%E2%80%8B%E2%80%8B%E2%80%8B%E2%80%8B\/wp-content\/uploads\/2023\/06\/stainless-steel-open-eye-pins-silver-size-1.jpg\" alt=\"perni-aperti-perni-in-acciaio-inossidabile-argento-dimensione\" width=\"1000\" height=\"180\" srcset=\"https:\/\/www.artestar.eu\/wp-content\/uploads\/2023\/06\/stainless-steel-open-eye-pins-silver-size-1.jpg 1000w, https:\/\/www.artestar.eu\/wp-content\/uploads\/2023\/06\/stainless-steel-open-eye-pins-silver-size-1-300x54.jpg 300w, https:\/\/www.artestar.eu\/wp-content\/uploads\/2023\/06\/stainless-steel-open-eye-pins-silver-size-1-768x138.jpg 768w, https:\/\/www.artestar.eu\/wp-content\/uploads\/2023\/06\/stainless-steel-open-eye-pins-silver-size-1-600x108.jpg 600w, https:\/\/www.artestar.eu\/wp-content\/uploads\/2023\/06\/stainless-steel-open-eye-pins-silver-size-1-90x16.jpg 90w\" sizes=\"(max-width: 1000px) 100vw, 1000px\" \/><\/p>\n<ul>\n<li>Materiale: acciaio inossidabile<\/li>\n<li>Si prega di fare riferimento all&#8217;immagine del prodotto per dimensioni e quantit\u00e0 dettagliate.<\/li>\n<li>In generale, puoi realizzare accessori come orecchini e collane; Possono anche essere indossati con perline e nastri per creare strati e mostrare creativit\u00e0 e individualit\u00e0.<\/li>\n<\/ul>\n","protected":false},"featured_media":13630,"comment_status":"open","ping_status":"closed","template":"","meta":[],"product_cat":[1673,1674],"product_tag":[],"yoast_head":"<!-- This site is optimized with the Yoast SEO Premium plugin v20.5 (Yoast SEO v21.5) - https:\/\/yoast.com\/wordpress\/plugins\/seo\/ -->\n<title>Orecchini piatti aperti in acciaio- Artestar<\/title>\n<meta name=\"description\" content=\"Le spille in acciaio ad occhio aperto possono essere combinate con pietre preziose, perle e altri oggetti per creare una variet\u00e0 di gioielli squisiti.\" \/>\n<meta name=\"robots\" content=\"index, follow, max-snippet:-1, max-image-preview:large, max-video-preview:-1\" \/>\n<link rel=\"canonical\" href=\"https:\/\/www.artestar.eu\/it\/vendita-all-ingrosso\/orecchini-piatti-aperti-in-acciaio\/\" \/>\n<meta property=\"og:locale\" content=\"it_IT\" \/>\n<meta property=\"og:type\" content=\"article\" \/>\n<meta property=\"og:title\" content=\"Orecchini piatti aperti in acciaio\" \/>\n<meta property=\"og:description\" content=\"Le spille in acciaio ad occhio aperto possono essere combinate con pietre preziose, perle e altri oggetti per creare una variet\u00e0 di gioielli squisiti.\" \/>\n<meta property=\"og:url\" content=\"https:\/\/www.artestar.eu\/it\/vendita-all-ingrosso\/orecchini-piatti-aperti-in-acciaio\/\" \/>\n<meta property=\"og:site_name\" content=\"Artestar\" \/>\n<meta property=\"article:publisher\" content=\"https:\/\/www.facebook.com\/ARTESTAREU\" \/>\n<meta property=\"article:modified_time\" content=\"2023-10-20T05:18:09+00:00\" \/>\n<meta property=\"og:image\" content=\"https:\/\/www.artestar.eu\/wp-content\/uploads\/2023\/06\/stainless-steel-open-eye-pins-silver-para-creaciones-de-joyeria-DIY.jpg\" \/>\n\t<meta property=\"og:image:width\" content=\"600\" \/>\n\t<meta property=\"og:image:height\" content=\"600\" \/>\n\t<meta property=\"og:image:type\" content=\"image\/jpeg\" \/>\n<meta name=\"twitter:card\" content=\"summary_large_image\" \/>\n<meta name=\"twitter:label1\" content=\"Availability\" \/>\n\t<meta name=\"twitter:data1\" content=\"In stock\" \/>\n<script type=\"application\/ld+json\" class=\"yoast-schema-graph\">{\"@context\":\"https:\/\/schema.org\",\"@graph\":[{\"@type\":\"WebPage\",\"@id\":\"https:\/\/www.artestar.eu\/it\/vendita-all-ingrosso\/orecchini-piatti-aperti-in-acciaio\/\",\"url\":\"https:\/\/www.artestar.eu\/it\/vendita-all-ingrosso\/orecchini-piatti-aperti-in-acciaio\/\",\"name\":\"Orecchini piatti aperti in acciaio- Artestar\",\"isPartOf\":{\"@id\":\"https:\/\/www.artestar.eu\/it\/#website\"},\"datePublished\":\"2023-06-07T05:05:24+00:00\",\"dateModified\":\"2023-10-20T05:18:09+00:00\",\"description\":\"Le spille in acciaio ad occhio aperto possono essere combinate con pietre preziose, perle e altri oggetti per creare una variet\u00e0 di gioielli squisiti.\",\"breadcrumb\":{\"@id\":\"https:\/\/www.artestar.eu\/it\/vendita-all-ingrosso\/orecchini-piatti-aperti-in-acciaio\/#breadcrumb\"},\"inLanguage\":\"it-IT\",\"potentialAction\":[{\"@type\":\"ReadAction\",\"target\":[\"https:\/\/www.artestar.eu\/it\/vendita-all-ingrosso\/orecchini-piatti-aperti-in-acciaio\/\"]}]},{\"@type\":\"BreadcrumbList\",\"@id\":\"https:\/\/www.artestar.eu\/it\/vendita-all-ingrosso\/orecchini-piatti-aperti-in-acciaio\/#breadcrumb\",\"itemListElement\":[{\"@type\":\"ListItem\",\"position\":1,\"name\":\"Artestar\",\"item\":\"https:\/\/www.artestar.eu\/it\/\"},{\"@type\":\"ListItem\",\"position\":2,\"name\":\"Vendita all&#8217;ingrosso\",\"item\":\"https:\/\/www.artestar.eu\/it\/vendita-all-ingrosso\/\"},{\"@type\":\"ListItem\",\"position\":3,\"name\":\"Orecchini piatti aperti in acciaio\"}]},{\"@type\":\"WebSite\",\"@id\":\"https:\/\/www.artestar.eu\/it\/#website\",\"url\":\"https:\/\/www.artestar.eu\/it\/\",\"name\":\"Artestar\",\"description\":\"Mayorista en abalorios y joyer\u00eda\",\"publisher\":{\"@id\":\"https:\/\/www.artestar.eu\/it\/#organization\"},\"alternateName\":\"Artestar-EU\",\"potentialAction\":[{\"@type\":\"SearchAction\",\"target\":{\"@type\":\"EntryPoint\",\"urlTemplate\":\"https:\/\/www.artestar.eu\/it\/?s={search_term_string}\"},\"query-input\":\"required name=search_term_string\"}],\"inLanguage\":\"it-IT\"},{\"@type\":[\"Organization\",\"Place\"],\"@id\":\"https:\/\/www.artestar.eu\/it\/#organization\",\"name\":\"RUBY ABALORIO S.L.\",\"alternateName\":\"Artestar\",\"url\":\"https:\/\/www.artestar.eu\/it\/\",\"logo\":{\"@id\":\"https:\/\/www.artestar.eu\/it\/vendita-all-ingrosso\/orecchini-piatti-aperti-in-acciaio\/#local-main-organization-logo\"},\"image\":{\"@id\":\"https:\/\/www.artestar.eu\/it\/vendita-all-ingrosso\/orecchini-piatti-aperti-in-acciaio\/#local-main-organization-logo\"},\"sameAs\":[\"https:\/\/www.facebook.com\/ARTESTAREU\",\"https:\/\/www.instagram.com\/artestareu\/\",\"https:\/\/www.pinterest.es\/artestar_eu\/\",\"https:\/\/www.tiktok.com\/@artestar_wholesale\"],\"openingHoursSpecification\":[{\"@type\":\"OpeningHoursSpecification\",\"dayOfWeek\":[\"Monday\",\"Tuesday\",\"Wednesday\",\"Thursday\",\"Friday\",\"Saturday\",\"Sunday\"],\"opens\":\"09:00\",\"closes\":\"17:00\"}]},{\"@type\":\"ImageObject\",\"inLanguage\":\"it-IT\",\"@id\":\"https:\/\/www.artestar.eu\/it\/vendita-all-ingrosso\/orecchini-piatti-aperti-in-acciaio\/#local-main-organization-logo\",\"url\":\"https:\/\/www.artestar.eu\/wp-content\/uploads\/2023\/05\/cropped-png.png\",\"contentUrl\":\"https:\/\/www.artestar.eu\/wp-content\/uploads\/2023\/05\/cropped-png.png\",\"width\":512,\"height\":512,\"caption\":\"RUBY ABALORIO S.L.\"}]}<\/script>\n<meta property=\"og:availability\" content=\"instock\" \/>\n<meta property=\"product:availability\" content=\"instock\" \/>\n<meta property=\"product:retailer_item_id\" content=\"BXG0085-0087\" \/>\n<meta property=\"product:condition\" content=\"new\" \/>\n<!-- \/ Yoast SEO Premium plugin. -->","yoast_head_json":{"title":"Orecchini piatti aperti in acciaio- Artestar","description":"Le spille in acciaio ad occhio aperto possono essere combinate con pietre preziose, perle e altri oggetti per creare una variet\u00e0 di gioielli squisiti.","robots":{"index":"index","follow":"follow","max-snippet":"max-snippet:-1","max-image-preview":"max-image-preview:large","max-video-preview":"max-video-preview:-1"},"canonical":"https:\/\/www.artestar.eu\/it\/vendita-all-ingrosso\/orecchini-piatti-aperti-in-acciaio\/","og_locale":"it_IT","og_type":"article","og_title":"Orecchini piatti aperti in acciaio","og_description":"Le spille in acciaio ad occhio aperto possono essere combinate con pietre preziose, perle e altri oggetti per creare una variet\u00e0 di gioielli squisiti.","og_url":"https:\/\/www.artestar.eu\/it\/vendita-all-ingrosso\/orecchini-piatti-aperti-in-acciaio\/","og_site_name":"Artestar","article_publisher":"https:\/\/www.facebook.com\/ARTESTAREU","article_modified_time":"2023-10-20T05:18:09+00:00","og_image":[{"width":600,"height":600,"url":"https:\/\/www.artestar.eu\/wp-content\/uploads\/2023\/06\/stainless-steel-open-eye-pins-silver-para-creaciones-de-joyeria-DIY.jpg","type":"image\/jpeg"}],"twitter_card":"summary_large_image","twitter_misc":{"Availability":"In stock"},"schema":{"@context":"https:\/\/schema.org","@graph":[{"@type":"WebPage","@id":"https:\/\/www.artestar.eu\/it\/vendita-all-ingrosso\/orecchini-piatti-aperti-in-acciaio\/","url":"https:\/\/www.artestar.eu\/it\/vendita-all-ingrosso\/orecchini-piatti-aperti-in-acciaio\/","name":"Orecchini piatti aperti in acciaio- Artestar","isPartOf":{"@id":"https:\/\/www.artestar.eu\/it\/#website"},"datePublished":"2023-06-07T05:05:24+00:00","dateModified":"2023-10-20T05:18:09+00:00","description":"Le spille in acciaio ad occhio aperto possono essere combinate con pietre preziose, perle e altri oggetti per creare una variet\u00e0 di gioielli squisiti.","breadcrumb":{"@id":"https:\/\/www.artestar.eu\/it\/vendita-all-ingrosso\/orecchini-piatti-aperti-in-acciaio\/#breadcrumb"},"inLanguage":"it-IT","potentialAction":[{"@type":"ReadAction","target":["https:\/\/www.artestar.eu\/it\/vendita-all-ingrosso\/orecchini-piatti-aperti-in-acciaio\/"]}]},{"@type":"BreadcrumbList","@id":"https:\/\/www.artestar.eu\/it\/vendita-all-ingrosso\/orecchini-piatti-aperti-in-acciaio\/#breadcrumb","itemListElement":[{"@type":"ListItem","position":1,"name":"Artestar","item":"https:\/\/www.artestar.eu\/it\/"},{"@type":"ListItem","position":2,"name":"Vendita all&#8217;ingrosso","item":"https:\/\/www.artestar.eu\/it\/vendita-all-ingrosso\/"},{"@type":"ListItem","position":3,"name":"Orecchini piatti aperti in acciaio"}]},{"@type":"WebSite","@id":"https:\/\/www.artestar.eu\/it\/#website","url":"https:\/\/www.artestar.eu\/it\/","name":"Artestar","description":"Mayorista en abalorios y joyer\u00eda","publisher":{"@id":"https:\/\/www.artestar.eu\/it\/#organization"},"alternateName":"Artestar-EU","potentialAction":[{"@type":"SearchAction","target":{"@type":"EntryPoint","urlTemplate":"https:\/\/www.artestar.eu\/it\/?s={search_term_string}"},"query-input":"required name=search_term_string"}],"inLanguage":"it-IT"},{"@type":["Organization","Place"],"@id":"https:\/\/www.artestar.eu\/it\/#organization","name":"RUBY ABALORIO S.L.","alternateName":"Artestar","url":"https:\/\/www.artestar.eu\/it\/","logo":{"@id":"https:\/\/www.artestar.eu\/it\/vendita-all-ingrosso\/orecchini-piatti-aperti-in-acciaio\/#local-main-organization-logo"},"image":{"@id":"https:\/\/www.artestar.eu\/it\/vendita-all-ingrosso\/orecchini-piatti-aperti-in-acciaio\/#local-main-organization-logo"},"sameAs":["https:\/\/www.facebook.com\/ARTESTAREU","https:\/\/www.instagram.com\/artestareu\/","https:\/\/www.pinterest.es\/artestar_eu\/","https:\/\/www.tiktok.com\/@artestar_wholesale"],"openingHoursSpecification":[{"@type":"OpeningHoursSpecification","dayOfWeek":["Monday","Tuesday","Wednesday","Thursday","Friday","Saturday","Sunday"],"opens":"09:00","closes":"17:00"}]},{"@type":"ImageObject","inLanguage":"it-IT","@id":"https:\/\/www.artestar.eu\/it\/vendita-all-ingrosso\/orecchini-piatti-aperti-in-acciaio\/#local-main-organization-logo","url":"https:\/\/www.artestar.eu\/wp-content\/uploads\/2023\/05\/cropped-png.png","contentUrl":"https:\/\/www.artestar.eu\/wp-content\/uploads\/2023\/05\/cropped-png.png","width":512,"height":512,"caption":"RUBY ABALORIO S.L."}]},"og_availability":"instock","product_availability":"instock","product_retailer_item_id":"BXG0085-0087","product_condition":"new"},"tiered_pricing_type":"fixed","tiered_pricing_fixed_rules":[],"tiered_pricing_percentage_rules":[],"tiered_pricing_minimum":null,"_administrator_tiered_pricing_type":"fixed","_administrator_tiered_pricing_fixed_rules":[],"_editor_tiered_pricing_type":"fixed","_editor_tiered_pricing_fixed_rules":[],"_author_tiered_pricing_type":"fixed","_author_tiered_pricing_fixed_rules":[],"_contributor_tiered_pricing_type":"fixed","_contributor_tiered_pricing_fixed_rules":[],"_subscriber_tiered_pricing_type":"fixed","_subscriber_tiered_pricing_fixed_rules":[],"_wpseo_manager_tiered_pricing_type":"fixed","_wpseo_manager_tiered_pricing_fixed_rules":[],"_wpseo_editor_tiered_pricing_type":"fixed","_wpseo_editor_tiered_pricing_fixed_rules":[],"_customer_tiered_pricing_type":"fixed","_customer_tiered_pricing_fixed_rules":[],"_shop_manager_tiered_pricing_type":"fixed","_shop_manager_tiered_pricing_fixed_rules":[],"_product_manager_tiered_pricing_type":"fixed","_product_manager_tiered_pricing_fixed_rules":[],"_links":{"self":[{"href":"https:\/\/www.artestar.eu\/it\/wp-json\/wp\/v2\/product\/31050"}],"collection":[{"href":"https:\/\/www.artestar.eu\/it\/wp-json\/wp\/v2\/product"}],"about":[{"href":"https:\/\/www.artestar.eu\/it\/wp-json\/wp\/v2\/types\/product"}],"replies":[{"embeddable":true,"href":"https:\/\/www.artestar.eu\/it\/wp-json\/wp\/v2\/comments?post=31050"}],"version-history":[{"count":2,"href":"https:\/\/www.artestar.eu\/it\/wp-json\/wp\/v2\/product\/31050\/revisions"}],"predecessor-version":[{"id":37028,"href":"https:\/\/www.artestar.eu\/it\/wp-json\/wp\/v2\/product\/31050\/revisions\/37028"}],"wp:featuredmedia":[{"embeddable":true,"href":"https:\/\/www.artestar.eu\/it\/wp-json\/wp\/v2\/media\/13630"}],"wp:attachment":[{"href":"https:\/\/www.artestar.eu\/it\/wp-json\/wp\/v2\/media?parent=31050"}],"wp:term":[{"taxonomy":"product_cat","embeddable":true,"href":"https:\/\/www.artestar.eu\/it\/wp-json\/wp\/v2\/product_cat?post=31050"},{"taxonomy":"product_tag","embeddable":true,"href":"https:\/\/www.artestar.eu\/it\/wp-json\/wp\/v2\/product_tag?post=31050"}],"curies":[{"name":"wp","href":"https:\/\/api.w.org\/{rel}","templated":true}]}}