{"id":31074,"date":"2023-06-07T07:25:09","date_gmt":"2023-06-07T07:25:09","guid":{"rendered":"https:\/\/www.artestar.eu\/al-por-mayor\/pendiente-alfiler-cabeza-redonda-color-dorado\/"},"modified":"2023-10-20T05:12:20","modified_gmt":"2023-10-20T05:12:20","slug":"orecchino-spillo-testa-tonda-oro-colore","status":"publish","type":"product","link":"https:\/\/www.artestar.eu\/it\/vendita-all-ingrosso\/orecchino-spillo-testa-tonda-oro-colore\/","title":{"rendered":"Orecchino a spillo a testa tonda color oro"},"content":{"rendered":"<p>Orecchino a spillo a testa tonda color oro<\/p>\n<ul>\n<li>I perni a testa sferica sono realizzati in acciaio inossidabile di alta qualit\u00e0. Rispetto ad altre leghe metalliche, offre una buona stabilit\u00e0 e resistenza alla corrosione, durata e lunga durata. E con bassi costi di manutenzione, \u00e8 ideale per molti design di gioielli.<\/li>\n<li>Dimensioni: i perni a testa sferica sono disponibili in 3 dimensioni, 30 mm (48 pezzi), 40 mm (40 pezzi) e 50 mm (40 pezzi). Perch\u00e9 con un&#8217;ampia gamma di taglie tra cui scegliere, puoi selezionare quella pi\u00f9 adatta per la tua creazione di gioielli fai-da-te.<\/li>\n<li>I perni a testa a sfera sono facili da realizzare, basta inserire le perline, gli strass e i cristalli appropriati nei perni a sfera e quindi progettare e creare diversi stili di gioielli a proprio piacimento.<\/li>\n<li>Usa le palline nel tuo tempo libero per realizzare squisiti lavoretti per la tua famiglia e i tuoi cari a San Valentino, festa della mamma, anniversari, Ringraziamento o compleanni. Ne rimarranno stupiti e lo adoreranno.<\/li>\n<li>I design semplici ed eleganti sono perfetti da combinare con pietre preziose e perle per creare una variet\u00e0 di bellissimi gioielli. Se porti questi adorabili accessori ai tuoi amici, saranno un ottimo complemento per le tue uscite.<\/li>\n<\/ul>\n<p><img decoding=\"async\" class=\"alignnone size-full wp-image-5553\" src=\"https:\/\/www.artestar.eu%E2%80%8B%E2%80%8B%E2%80%8B%E2%80%8B\/wp-content\/uploads\/2023\/06\/stainless-steel-accessories-ball-head-pins-mixed-color.jpg\" alt=\"Perni a testa sferica color oro\" width=\"600\" height=\"600\" srcset=\"https:\/\/www.artestar.eu\/wp-content\/uploads\/2023\/06\/stainless-steel-accessories-ball-head-pins-mixed-color.jpg 600w, https:\/\/www.artestar.eu\/wp-content\/uploads\/2023\/06\/stainless-steel-accessories-ball-head-pins-mixed-color-300x300.jpg 300w, https:\/\/www.artestar.eu\/wp-content\/uploads\/2023\/06\/stainless-steel-accessories-ball-head-pins-mixed-color-150x150.jpg 150w, https:\/\/www.artestar.eu\/wp-content\/uploads\/2023\/06\/stainless-steel-accessories-ball-head-pins-mixed-color-450x450.jpg 450w, https:\/\/www.artestar.eu\/wp-content\/uploads\/2023\/06\/stainless-steel-accessories-ball-head-pins-mixed-color-54x54.jpg 54w\" sizes=\"(max-width: 600px) 100vw, 600px\" \/><\/p>\n<h5>Orecchino a spillo a testa tonda color oro<\/h5>\n<ul>\n<li>Perch\u00e9 i nostri raccordi in acciaio inossidabile sono disponibili in due colori, oro e argento. Ognuno \u00e8 disponibile in una variet\u00e0 di dimensioni, in ampie quantit\u00e0 e dimensioni uniformi, dandoti la libert\u00e0 di creare il tuo accessorio di bigiotteria preferito.<\/li>\n<li>L&#8217;acciaio inossidabile con finitura in oro e argento completa il resto degli accessori di gioielleria. I perni a testa sferica hanno una superficie liscia e arrotondata e sono facili da piegare o raddrizzare.<\/li>\n<li>Perch\u00e9 poi, devi solo far scorrere le perline su questi perni a testa sferica in modo che si trovino all&#8217;estremit\u00e0 dei perni. Quindi, piega l&#8217;altra estremit\u00e0 del perno in un anello e attaccalo al filo decorativo.<\/li>\n<\/ul>\n","protected":false},"excerpt":{"rendered":"<p><img decoding=\"async\" class=\"alignnone size-full wp-image-8896\" src=\"https:\/\/www.artestar.eu%E2%80%8B%E2%80%8B%E2%80%8B%E2%80%8B\/wp-content\/uploads\/2023\/06\/ball-head-pins-gold-size.jpg\" alt=\"Orecchino a spillo a testa tonda\" width=\"1000\" height=\"180\" srcset=\"https:\/\/www.artestar.eu\/wp-content\/uploads\/2023\/06\/ball-head-pins-gold-size.jpg 1000w, https:\/\/www.artestar.eu\/wp-content\/uploads\/2023\/06\/ball-head-pins-gold-size-300x54.jpg 300w, https:\/\/www.artestar.eu\/wp-content\/uploads\/2023\/06\/ball-head-pins-gold-size-768x138.jpg 768w, https:\/\/www.artestar.eu\/wp-content\/uploads\/2023\/06\/ball-head-pins-gold-size-600x108.jpg 600w, https:\/\/www.artestar.eu\/wp-content\/uploads\/2023\/06\/ball-head-pins-gold-size-90x16.jpg 90w\" sizes=\"(max-width: 1000px) 100vw, 1000px\" \/><\/p>\n<ul>\n<li>Materiale: acciaio inossidabile<\/li>\n<li>Si prega di fare riferimento all&#8217;immagine del prodotto per dimensioni e quantit\u00e0 dettagliate.<\/li>\n<li>Le spille a testa a sfera color oro possono essere abbinate a pietre preziose, perle e altro ancora per creare una variet\u00e0 di bellissimi gioielli.<\/li>\n<\/ul>\n","protected":false},"featured_media":13660,"comment_status":"open","ping_status":"closed","template":"","meta":[],"product_cat":[1673,1674],"product_tag":[],"yoast_head":"<!-- This site is optimized with the Yoast SEO Premium plugin v20.5 (Yoast SEO v21.5) - https:\/\/yoast.com\/wordpress\/plugins\/seo\/ -->\n<title>Orecchino a spilla a testa tonda colore oro - Artestar<\/title>\n<meta name=\"description\" content=\"Le spille a testa a sfera color oro possono essere abbinate a pietre preziose, perle e altro ancora per creare una variet\u00e0 di bellissimi gioielli.\" \/>\n<meta name=\"robots\" content=\"index, follow, max-snippet:-1, max-image-preview:large, max-video-preview:-1\" \/>\n<link rel=\"canonical\" href=\"https:\/\/www.artestar.eu\/it\/vendita-all-ingrosso\/orecchino-spillo-testa-tonda-oro-colore\/\" \/>\n<meta property=\"og:locale\" content=\"it_IT\" \/>\n<meta property=\"og:type\" content=\"article\" \/>\n<meta property=\"og:title\" content=\"Orecchino a spillo a testa tonda color oro\" \/>\n<meta property=\"og:description\" content=\"Le spille a testa a sfera color oro possono essere abbinate a pietre preziose, perle e altro ancora per creare una variet\u00e0 di bellissimi gioielli.\" \/>\n<meta property=\"og:url\" content=\"https:\/\/www.artestar.eu\/it\/vendita-all-ingrosso\/orecchino-spillo-testa-tonda-oro-colore\/\" \/>\n<meta property=\"og:site_name\" content=\"Artestar\" \/>\n<meta property=\"article:publisher\" content=\"https:\/\/www.facebook.com\/ARTESTAREU\" \/>\n<meta property=\"article:modified_time\" content=\"2023-10-20T05:12:20+00:00\" \/>\n<meta property=\"og:image\" content=\"https:\/\/www.artestar.eu\/wp-content\/uploads\/2023\/06\/stainless-steel-earring-accessories-ball-head-pins-gold.jpg\" \/>\n\t<meta property=\"og:image:width\" content=\"600\" \/>\n\t<meta property=\"og:image:height\" content=\"600\" \/>\n\t<meta property=\"og:image:type\" content=\"image\/jpeg\" \/>\n<meta name=\"twitter:card\" content=\"summary_large_image\" \/>\n<meta name=\"twitter:label1\" content=\"Availability\" \/>\n\t<meta name=\"twitter:data1\" content=\"In stock\" \/>\n<script type=\"application\/ld+json\" class=\"yoast-schema-graph\">{\"@context\":\"https:\/\/schema.org\",\"@graph\":[{\"@type\":\"WebPage\",\"@id\":\"https:\/\/www.artestar.eu\/it\/vendita-all-ingrosso\/orecchino-spillo-testa-tonda-oro-colore\/\",\"url\":\"https:\/\/www.artestar.eu\/it\/vendita-all-ingrosso\/orecchino-spillo-testa-tonda-oro-colore\/\",\"name\":\"Orecchino a spilla a testa tonda colore oro - Artestar\",\"isPartOf\":{\"@id\":\"https:\/\/www.artestar.eu\/it\/#website\"},\"datePublished\":\"2023-06-07T07:25:09+00:00\",\"dateModified\":\"2023-10-20T05:12:20+00:00\",\"description\":\"Le spille a testa a sfera color oro possono essere abbinate a pietre preziose, perle e altro ancora per creare una variet\u00e0 di bellissimi gioielli.\",\"breadcrumb\":{\"@id\":\"https:\/\/www.artestar.eu\/it\/vendita-all-ingrosso\/orecchino-spillo-testa-tonda-oro-colore\/#breadcrumb\"},\"inLanguage\":\"it-IT\",\"potentialAction\":[{\"@type\":\"ReadAction\",\"target\":[\"https:\/\/www.artestar.eu\/it\/vendita-all-ingrosso\/orecchino-spillo-testa-tonda-oro-colore\/\"]}]},{\"@type\":\"BreadcrumbList\",\"@id\":\"https:\/\/www.artestar.eu\/it\/vendita-all-ingrosso\/orecchino-spillo-testa-tonda-oro-colore\/#breadcrumb\",\"itemListElement\":[{\"@type\":\"ListItem\",\"position\":1,\"name\":\"Artestar\",\"item\":\"https:\/\/www.artestar.eu\/it\/\"},{\"@type\":\"ListItem\",\"position\":2,\"name\":\"Vendita all&#8217;ingrosso\",\"item\":\"https:\/\/www.artestar.eu\/it\/vendita-all-ingrosso\/\"},{\"@type\":\"ListItem\",\"position\":3,\"name\":\"Orecchino a spillo a testa tonda color oro\"}]},{\"@type\":\"WebSite\",\"@id\":\"https:\/\/www.artestar.eu\/it\/#website\",\"url\":\"https:\/\/www.artestar.eu\/it\/\",\"name\":\"Artestar\",\"description\":\"Mayorista en abalorios y joyer\u00eda\",\"publisher\":{\"@id\":\"https:\/\/www.artestar.eu\/it\/#organization\"},\"alternateName\":\"Artestar-EU\",\"potentialAction\":[{\"@type\":\"SearchAction\",\"target\":{\"@type\":\"EntryPoint\",\"urlTemplate\":\"https:\/\/www.artestar.eu\/it\/?s={search_term_string}\"},\"query-input\":\"required name=search_term_string\"}],\"inLanguage\":\"it-IT\"},{\"@type\":[\"Organization\",\"Place\"],\"@id\":\"https:\/\/www.artestar.eu\/it\/#organization\",\"name\":\"RUBY ABALORIO S.L.\",\"alternateName\":\"Artestar\",\"url\":\"https:\/\/www.artestar.eu\/it\/\",\"logo\":{\"@id\":\"https:\/\/www.artestar.eu\/it\/vendita-all-ingrosso\/orecchino-spillo-testa-tonda-oro-colore\/#local-main-organization-logo\"},\"image\":{\"@id\":\"https:\/\/www.artestar.eu\/it\/vendita-all-ingrosso\/orecchino-spillo-testa-tonda-oro-colore\/#local-main-organization-logo\"},\"sameAs\":[\"https:\/\/www.facebook.com\/ARTESTAREU\",\"https:\/\/www.instagram.com\/artestareu\/\",\"https:\/\/www.pinterest.es\/artestar_eu\/\",\"https:\/\/www.tiktok.com\/@artestar_wholesale\"],\"openingHoursSpecification\":[{\"@type\":\"OpeningHoursSpecification\",\"dayOfWeek\":[\"Monday\",\"Tuesday\",\"Wednesday\",\"Thursday\",\"Friday\",\"Saturday\",\"Sunday\"],\"opens\":\"09:00\",\"closes\":\"17:00\"}]},{\"@type\":\"ImageObject\",\"inLanguage\":\"it-IT\",\"@id\":\"https:\/\/www.artestar.eu\/it\/vendita-all-ingrosso\/orecchino-spillo-testa-tonda-oro-colore\/#local-main-organization-logo\",\"url\":\"https:\/\/www.artestar.eu\/wp-content\/uploads\/2023\/05\/cropped-png.png\",\"contentUrl\":\"https:\/\/www.artestar.eu\/wp-content\/uploads\/2023\/05\/cropped-png.png\",\"width\":512,\"height\":512,\"caption\":\"RUBY ABALORIO S.L.\"}]}<\/script>\n<meta property=\"og:availability\" content=\"instock\" \/>\n<meta property=\"product:availability\" content=\"instock\" \/>\n<meta property=\"product:retailer_item_id\" content=\"BXG0088-0090\" \/>\n<meta property=\"product:condition\" content=\"new\" \/>\n<!-- \/ Yoast SEO Premium plugin. -->","yoast_head_json":{"title":"Orecchino a spilla a testa tonda colore oro - Artestar","description":"Le spille a testa a sfera color oro possono essere abbinate a pietre preziose, perle e altro ancora per creare una variet\u00e0 di bellissimi gioielli.","robots":{"index":"index","follow":"follow","max-snippet":"max-snippet:-1","max-image-preview":"max-image-preview:large","max-video-preview":"max-video-preview:-1"},"canonical":"https:\/\/www.artestar.eu\/it\/vendita-all-ingrosso\/orecchino-spillo-testa-tonda-oro-colore\/","og_locale":"it_IT","og_type":"article","og_title":"Orecchino a spillo a testa tonda color oro","og_description":"Le spille a testa a sfera color oro possono essere abbinate a pietre preziose, perle e altro ancora per creare una variet\u00e0 di bellissimi gioielli.","og_url":"https:\/\/www.artestar.eu\/it\/vendita-all-ingrosso\/orecchino-spillo-testa-tonda-oro-colore\/","og_site_name":"Artestar","article_publisher":"https:\/\/www.facebook.com\/ARTESTAREU","article_modified_time":"2023-10-20T05:12:20+00:00","og_image":[{"width":600,"height":600,"url":"https:\/\/www.artestar.eu\/wp-content\/uploads\/2023\/06\/stainless-steel-earring-accessories-ball-head-pins-gold.jpg","type":"image\/jpeg"}],"twitter_card":"summary_large_image","twitter_misc":{"Availability":"In stock"},"schema":{"@context":"https:\/\/schema.org","@graph":[{"@type":"WebPage","@id":"https:\/\/www.artestar.eu\/it\/vendita-all-ingrosso\/orecchino-spillo-testa-tonda-oro-colore\/","url":"https:\/\/www.artestar.eu\/it\/vendita-all-ingrosso\/orecchino-spillo-testa-tonda-oro-colore\/","name":"Orecchino a spilla a testa tonda colore oro - Artestar","isPartOf":{"@id":"https:\/\/www.artestar.eu\/it\/#website"},"datePublished":"2023-06-07T07:25:09+00:00","dateModified":"2023-10-20T05:12:20+00:00","description":"Le spille a testa a sfera color oro possono essere abbinate a pietre preziose, perle e altro ancora per creare una variet\u00e0 di bellissimi gioielli.","breadcrumb":{"@id":"https:\/\/www.artestar.eu\/it\/vendita-all-ingrosso\/orecchino-spillo-testa-tonda-oro-colore\/#breadcrumb"},"inLanguage":"it-IT","potentialAction":[{"@type":"ReadAction","target":["https:\/\/www.artestar.eu\/it\/vendita-all-ingrosso\/orecchino-spillo-testa-tonda-oro-colore\/"]}]},{"@type":"BreadcrumbList","@id":"https:\/\/www.artestar.eu\/it\/vendita-all-ingrosso\/orecchino-spillo-testa-tonda-oro-colore\/#breadcrumb","itemListElement":[{"@type":"ListItem","position":1,"name":"Artestar","item":"https:\/\/www.artestar.eu\/it\/"},{"@type":"ListItem","position":2,"name":"Vendita all&#8217;ingrosso","item":"https:\/\/www.artestar.eu\/it\/vendita-all-ingrosso\/"},{"@type":"ListItem","position":3,"name":"Orecchino a spillo a testa tonda color oro"}]},{"@type":"WebSite","@id":"https:\/\/www.artestar.eu\/it\/#website","url":"https:\/\/www.artestar.eu\/it\/","name":"Artestar","description":"Mayorista en abalorios y joyer\u00eda","publisher":{"@id":"https:\/\/www.artestar.eu\/it\/#organization"},"alternateName":"Artestar-EU","potentialAction":[{"@type":"SearchAction","target":{"@type":"EntryPoint","urlTemplate":"https:\/\/www.artestar.eu\/it\/?s={search_term_string}"},"query-input":"required name=search_term_string"}],"inLanguage":"it-IT"},{"@type":["Organization","Place"],"@id":"https:\/\/www.artestar.eu\/it\/#organization","name":"RUBY ABALORIO S.L.","alternateName":"Artestar","url":"https:\/\/www.artestar.eu\/it\/","logo":{"@id":"https:\/\/www.artestar.eu\/it\/vendita-all-ingrosso\/orecchino-spillo-testa-tonda-oro-colore\/#local-main-organization-logo"},"image":{"@id":"https:\/\/www.artestar.eu\/it\/vendita-all-ingrosso\/orecchino-spillo-testa-tonda-oro-colore\/#local-main-organization-logo"},"sameAs":["https:\/\/www.facebook.com\/ARTESTAREU","https:\/\/www.instagram.com\/artestareu\/","https:\/\/www.pinterest.es\/artestar_eu\/","https:\/\/www.tiktok.com\/@artestar_wholesale"],"openingHoursSpecification":[{"@type":"OpeningHoursSpecification","dayOfWeek":["Monday","Tuesday","Wednesday","Thursday","Friday","Saturday","Sunday"],"opens":"09:00","closes":"17:00"}]},{"@type":"ImageObject","inLanguage":"it-IT","@id":"https:\/\/www.artestar.eu\/it\/vendita-all-ingrosso\/orecchino-spillo-testa-tonda-oro-colore\/#local-main-organization-logo","url":"https:\/\/www.artestar.eu\/wp-content\/uploads\/2023\/05\/cropped-png.png","contentUrl":"https:\/\/www.artestar.eu\/wp-content\/uploads\/2023\/05\/cropped-png.png","width":512,"height":512,"caption":"RUBY ABALORIO S.L."}]},"og_availability":"instock","product_availability":"instock","product_retailer_item_id":"BXG0088-0090","product_condition":"new"},"tiered_pricing_type":"fixed","tiered_pricing_fixed_rules":[],"tiered_pricing_percentage_rules":[],"tiered_pricing_minimum":null,"_administrator_tiered_pricing_type":"fixed","_administrator_tiered_pricing_fixed_rules":[],"_editor_tiered_pricing_type":"fixed","_editor_tiered_pricing_fixed_rules":[],"_author_tiered_pricing_type":"fixed","_author_tiered_pricing_fixed_rules":[],"_contributor_tiered_pricing_type":"fixed","_contributor_tiered_pricing_fixed_rules":[],"_subscriber_tiered_pricing_type":"fixed","_subscriber_tiered_pricing_fixed_rules":[],"_wpseo_manager_tiered_pricing_type":"fixed","_wpseo_manager_tiered_pricing_fixed_rules":[],"_wpseo_editor_tiered_pricing_type":"fixed","_wpseo_editor_tiered_pricing_fixed_rules":[],"_customer_tiered_pricing_type":"fixed","_customer_tiered_pricing_fixed_rules":[],"_shop_manager_tiered_pricing_type":"fixed","_shop_manager_tiered_pricing_fixed_rules":[],"_product_manager_tiered_pricing_type":"fixed","_product_manager_tiered_pricing_fixed_rules":[],"_links":{"self":[{"href":"https:\/\/www.artestar.eu\/it\/wp-json\/wp\/v2\/product\/31074"}],"collection":[{"href":"https:\/\/www.artestar.eu\/it\/wp-json\/wp\/v2\/product"}],"about":[{"href":"https:\/\/www.artestar.eu\/it\/wp-json\/wp\/v2\/types\/product"}],"replies":[{"embeddable":true,"href":"https:\/\/www.artestar.eu\/it\/wp-json\/wp\/v2\/comments?post=31074"}],"version-history":[{"count":2,"href":"https:\/\/www.artestar.eu\/it\/wp-json\/wp\/v2\/product\/31074\/revisions"}],"predecessor-version":[{"id":37021,"href":"https:\/\/www.artestar.eu\/it\/wp-json\/wp\/v2\/product\/31074\/revisions\/37021"}],"wp:featuredmedia":[{"embeddable":true,"href":"https:\/\/www.artestar.eu\/it\/wp-json\/wp\/v2\/media\/13660"}],"wp:attachment":[{"href":"https:\/\/www.artestar.eu\/it\/wp-json\/wp\/v2\/media?parent=31074"}],"wp:term":[{"taxonomy":"product_cat","embeddable":true,"href":"https:\/\/www.artestar.eu\/it\/wp-json\/wp\/v2\/product_cat?post=31074"},{"taxonomy":"product_tag","embeddable":true,"href":"https:\/\/www.artestar.eu\/it\/wp-json\/wp\/v2\/product_tag?post=31074"}],"curies":[{"name":"wp","href":"https:\/\/api.w.org\/{rel}","templated":true}]}}