{"id":31200,"date":"2023-06-06T08:27:07","date_gmt":"2023-06-06T08:27:07","guid":{"rendered":"https:\/\/www.artestar.eu\/al-por-mayor\/cierres-de-resorte-de-acero-3-unids\/"},"modified":"2023-10-24T05:42:09","modified_gmt":"2023-10-24T05:42:09","slug":"cierres-de-resorte-de-acero","status":"publish","type":"product","link":"https:\/\/www.artestar.eu\/it\/vendita-all-ingrosso\/cierres-de-resorte-de-acero\/","title":{"rendered":"Cierres de resorte de acero 3 unids."},"content":{"rendered":"<p>Cierres de resorte de acero: 10 mm &#8211; 12 mm &#8211; 14 mm &#8211; 16 mm.<\/p>\n<ul>\n<li>Cierres de resorte de acero todas embaladas individualmente. Puede elegir el tama\u00f1o adecuado para que combine con sus joyas favoritas.<\/li>\n<li>La cierres de anillo de resorte est\u00e1 hecha de acero inoxidable de alta calidad, que es fuerte y duradero. La superficie es lisa y redondeada para un ajuste c\u00f3modo.<\/li>\n<li>El cierre de presi\u00f3n es f\u00e1cil de agarrar y resulta sencillo y c\u00f3modo de abrir y cerrar. Tambi\u00e9n es seguro y no se aflojar\u00e1 f\u00e1cilmente, por lo que podr\u00e1 usarlo todo el d\u00eda sin problemas.<\/li>\n<li>Los dos bucles del colgante conector de anillo pueden conectar los dos extremos de la cadena para conectar pulseras, collares, cadenas de su\u00e9ter etc.<\/li>\n<li>Tambi\u00e9n puede regalar cierres de muelle adicionales a sus amigos y familiares, a quienes seguro que tambi\u00e9n les encantar\u00e1n.<\/li>\n<li>Los acero Inoxidable cierres son pr\u00e1cticos y se suelen utilizar en cuero, collares y otros materiales de uni\u00f3n de cadenas para ajustar f\u00e1cilmente el collar o la pulsera.<\/li>\n<li>El cierres de resorte restaura joyas que ya tienes o haces joyas caseras.<\/li>\n<li>Un placer utilizar su tiempo libre para hacer y perfeccionar sus delicadas joyas. Estas superficie lisa conector de cierre de joyer\u00eda son f\u00e1ciles de usar y sujetan o cuelgan f\u00e1cilmente sus hermosos collares, pulseras, accesorios de ropa y otros art\u00edculos peque\u00f1os, etc.<\/li>\n<\/ul>\n<h3>Cierres de resorte de acero<\/h3>\n<ul>\n<li>Porque el dise\u00f1o general de la joyer\u00eda con cierres de resorte es simple y exquisito. Sia come accessorio decorativo che pratico, pu\u00f2 esprimere gusto personale e personalit\u00e0 e fornire un&#8217;esperienza d&#8217;uso affidabile.<\/li>\n<li>Poich\u00e9 ogni stile ha una variet\u00e0 di dimensioni tra cui scegliere, la quantit\u00e0 \u00e8 sufficiente e la dimensione \u00e8 uniforme, permettendoti di creare liberamente i tuoi accessori di gioielleria preferiti.<\/li>\n<\/ul>\n","protected":false},"excerpt":{"rendered":"<p><img decoding=\"async\" class=\"alignnone size-full wp-image-8895\" src=\"https:\/\/www.artestar.eu%E2%80%8B%E2%80%8B%E2%80%8B%E2%80%8B\/wp-content\/uploads\/2023\/06\/silver-spring-ring-size.jpg\" alt=\"Cierres de resorte\" width=\"1000\" height=\"180\" srcset=\"https:\/\/www.artestar.eu\/wp-content\/uploads\/2023\/06\/silver-spring-ring-size.jpg 1000w, https:\/\/www.artestar.eu\/wp-content\/uploads\/2023\/06\/silver-spring-ring-size-300x54.jpg 300w, https:\/\/www.artestar.eu\/wp-content\/uploads\/2023\/06\/silver-spring-ring-size-768x138.jpg 768w, https:\/\/www.artestar.eu\/wp-content\/uploads\/2023\/06\/silver-spring-ring-size-600x108.jpg 600w, https:\/\/www.artestar.eu\/wp-content\/uploads\/2023\/06\/silver-spring-ring-size-90x16.jpg 90w\" sizes=\"(max-width: 1000px) 100vw, 1000px\" \/><\/p>\n<ul>\n<li>Materiale: acciaio inossidabile<\/li>\n<li>Fare riferimento all&#8217;immagine del prodotto per dimensioni e quantit\u00e0 dettagliate.<\/li>\n<li>\u00c8 usato per realizzare gioielli, decorazioni, artigianato, ecc.<\/li>\n<\/ul>\n","protected":false},"featured_media":13480,"comment_status":"open","ping_status":"closed","template":"","meta":[],"product_cat":[2014,1673],"product_tag":[],"yoast_head":"<!-- This site is optimized with the Yoast SEO Premium plugin v20.5 (Yoast SEO v21.5) - https:\/\/yoast.com\/wordpress\/plugins\/seo\/ -->\n<title>Cierres de resorte de acero - Artestar<\/title>\n<meta name=\"description\" content=\"Las cierres de resorte de acero est\u00e1n disponibles en diferentes tama\u00f1os para adaptarse a diferentes estilos de moda y preferencias personales.\" \/>\n<meta name=\"robots\" content=\"index, follow, max-snippet:-1, max-image-preview:large, max-video-preview:-1\" \/>\n<link rel=\"canonical\" href=\"https:\/\/www.artestar.eu\/it\/vendita-all-ingrosso\/cierres-de-resorte-de-acero\/\" \/>\n<meta property=\"og:locale\" content=\"it_IT\" \/>\n<meta property=\"og:type\" content=\"article\" \/>\n<meta property=\"og:title\" content=\"Cierres de resorte de acero 3 unids.\" \/>\n<meta property=\"og:description\" content=\"Las cierres de resorte de acero est\u00e1n disponibles en diferentes tama\u00f1os para adaptarse a diferentes estilos de moda y preferencias personales.\" \/>\n<meta property=\"og:url\" content=\"https:\/\/www.artestar.eu\/it\/vendita-all-ingrosso\/cierres-de-resorte-de-acero\/\" \/>\n<meta property=\"og:site_name\" content=\"Artestar\" \/>\n<meta property=\"article:publisher\" content=\"https:\/\/www.facebook.com\/ARTESTAREU\" \/>\n<meta property=\"article:modified_time\" content=\"2023-10-24T05:42:09+00:00\" \/>\n<meta property=\"og:image\" content=\"https:\/\/www.artestar.eu\/wp-content\/uploads\/2023\/06\/stainless-steel-fittings-silver-spring-ring-clasps-closed-ring-clasps.jpg\" \/>\n\t<meta property=\"og:image:width\" content=\"600\" \/>\n\t<meta property=\"og:image:height\" content=\"600\" \/>\n\t<meta property=\"og:image:type\" content=\"image\/jpeg\" \/>\n<meta name=\"twitter:card\" content=\"summary_large_image\" \/>\n<meta name=\"twitter:label1\" content=\"Availability\" \/>\n\t<meta name=\"twitter:data1\" content=\"In stock\" \/>\n<script type=\"application\/ld+json\" class=\"yoast-schema-graph\">{\"@context\":\"https:\/\/schema.org\",\"@graph\":[{\"@type\":\"WebPage\",\"@id\":\"https:\/\/www.artestar.eu\/it\/vendita-all-ingrosso\/cierres-de-resorte-de-acero\/\",\"url\":\"https:\/\/www.artestar.eu\/it\/vendita-all-ingrosso\/cierres-de-resorte-de-acero\/\",\"name\":\"Cierres de resorte de acero - Artestar\",\"isPartOf\":{\"@id\":\"https:\/\/www.artestar.eu\/it\/#website\"},\"datePublished\":\"2023-06-06T08:27:07+00:00\",\"dateModified\":\"2023-10-24T05:42:09+00:00\",\"description\":\"Las cierres de resorte de acero est\u00e1n disponibles en diferentes tama\u00f1os para adaptarse a diferentes estilos de moda y preferencias personales.\",\"breadcrumb\":{\"@id\":\"https:\/\/www.artestar.eu\/it\/vendita-all-ingrosso\/cierres-de-resorte-de-acero\/#breadcrumb\"},\"inLanguage\":\"it-IT\",\"potentialAction\":[{\"@type\":\"ReadAction\",\"target\":[\"https:\/\/www.artestar.eu\/it\/vendita-all-ingrosso\/cierres-de-resorte-de-acero\/\"]}]},{\"@type\":\"BreadcrumbList\",\"@id\":\"https:\/\/www.artestar.eu\/it\/vendita-all-ingrosso\/cierres-de-resorte-de-acero\/#breadcrumb\",\"itemListElement\":[{\"@type\":\"ListItem\",\"position\":1,\"name\":\"Artestar\",\"item\":\"https:\/\/www.artestar.eu\/it\/\"},{\"@type\":\"ListItem\",\"position\":2,\"name\":\"Vendita all&#8217;ingrosso\",\"item\":\"https:\/\/www.artestar.eu\/it\/vendita-all-ingrosso\/\"},{\"@type\":\"ListItem\",\"position\":3,\"name\":\"Cierres de resorte de acero 3 unids.\"}]},{\"@type\":\"WebSite\",\"@id\":\"https:\/\/www.artestar.eu\/it\/#website\",\"url\":\"https:\/\/www.artestar.eu\/it\/\",\"name\":\"Artestar\",\"description\":\"Mayorista en abalorios y joyer\u00eda\",\"publisher\":{\"@id\":\"https:\/\/www.artestar.eu\/it\/#organization\"},\"alternateName\":\"Artestar-EU\",\"potentialAction\":[{\"@type\":\"SearchAction\",\"target\":{\"@type\":\"EntryPoint\",\"urlTemplate\":\"https:\/\/www.artestar.eu\/it\/?s={search_term_string}\"},\"query-input\":\"required name=search_term_string\"}],\"inLanguage\":\"it-IT\"},{\"@type\":[\"Organization\",\"Place\"],\"@id\":\"https:\/\/www.artestar.eu\/it\/#organization\",\"name\":\"RUBY ABALORIO S.L.\",\"alternateName\":\"Artestar\",\"url\":\"https:\/\/www.artestar.eu\/it\/\",\"logo\":{\"@id\":\"https:\/\/www.artestar.eu\/it\/vendita-all-ingrosso\/cierres-de-resorte-de-acero\/#local-main-organization-logo\"},\"image\":{\"@id\":\"https:\/\/www.artestar.eu\/it\/vendita-all-ingrosso\/cierres-de-resorte-de-acero\/#local-main-organization-logo\"},\"sameAs\":[\"https:\/\/www.facebook.com\/ARTESTAREU\",\"https:\/\/www.instagram.com\/artestareu\/\",\"https:\/\/www.pinterest.es\/artestar_eu\/\",\"https:\/\/www.tiktok.com\/@artestar_wholesale\"],\"openingHoursSpecification\":[{\"@type\":\"OpeningHoursSpecification\",\"dayOfWeek\":[\"Monday\",\"Tuesday\",\"Wednesday\",\"Thursday\",\"Friday\",\"Saturday\",\"Sunday\"],\"opens\":\"09:00\",\"closes\":\"17:00\"}]},{\"@type\":\"ImageObject\",\"inLanguage\":\"it-IT\",\"@id\":\"https:\/\/www.artestar.eu\/it\/vendita-all-ingrosso\/cierres-de-resorte-de-acero\/#local-main-organization-logo\",\"url\":\"https:\/\/www.artestar.eu\/wp-content\/uploads\/2023\/05\/cropped-png.png\",\"contentUrl\":\"https:\/\/www.artestar.eu\/wp-content\/uploads\/2023\/05\/cropped-png.png\",\"width\":512,\"height\":512,\"caption\":\"RUBY ABALORIO S.L.\"}]}<\/script>\n<meta property=\"og:availability\" content=\"instock\" \/>\n<meta property=\"product:availability\" content=\"instock\" \/>\n<meta property=\"product:retailer_item_id\" content=\"BXG0069-0072\" \/>\n<meta property=\"product:condition\" content=\"new\" \/>\n<!-- \/ Yoast SEO Premium plugin. -->","yoast_head_json":{"title":"Cierres de resorte de acero - Artestar","description":"Las cierres de resorte de acero est\u00e1n disponibles en diferentes tama\u00f1os para adaptarse a diferentes estilos de moda y preferencias personales.","robots":{"index":"index","follow":"follow","max-snippet":"max-snippet:-1","max-image-preview":"max-image-preview:large","max-video-preview":"max-video-preview:-1"},"canonical":"https:\/\/www.artestar.eu\/it\/vendita-all-ingrosso\/cierres-de-resorte-de-acero\/","og_locale":"it_IT","og_type":"article","og_title":"Cierres de resorte de acero 3 unids.","og_description":"Las cierres de resorte de acero est\u00e1n disponibles en diferentes tama\u00f1os para adaptarse a diferentes estilos de moda y preferencias personales.","og_url":"https:\/\/www.artestar.eu\/it\/vendita-all-ingrosso\/cierres-de-resorte-de-acero\/","og_site_name":"Artestar","article_publisher":"https:\/\/www.facebook.com\/ARTESTAREU","article_modified_time":"2023-10-24T05:42:09+00:00","og_image":[{"width":600,"height":600,"url":"https:\/\/www.artestar.eu\/wp-content\/uploads\/2023\/06\/stainless-steel-fittings-silver-spring-ring-clasps-closed-ring-clasps.jpg","type":"image\/jpeg"}],"twitter_card":"summary_large_image","twitter_misc":{"Availability":"In stock"},"schema":{"@context":"https:\/\/schema.org","@graph":[{"@type":"WebPage","@id":"https:\/\/www.artestar.eu\/it\/vendita-all-ingrosso\/cierres-de-resorte-de-acero\/","url":"https:\/\/www.artestar.eu\/it\/vendita-all-ingrosso\/cierres-de-resorte-de-acero\/","name":"Cierres de resorte de acero - Artestar","isPartOf":{"@id":"https:\/\/www.artestar.eu\/it\/#website"},"datePublished":"2023-06-06T08:27:07+00:00","dateModified":"2023-10-24T05:42:09+00:00","description":"Las cierres de resorte de acero est\u00e1n disponibles en diferentes tama\u00f1os para adaptarse a diferentes estilos de moda y preferencias personales.","breadcrumb":{"@id":"https:\/\/www.artestar.eu\/it\/vendita-all-ingrosso\/cierres-de-resorte-de-acero\/#breadcrumb"},"inLanguage":"it-IT","potentialAction":[{"@type":"ReadAction","target":["https:\/\/www.artestar.eu\/it\/vendita-all-ingrosso\/cierres-de-resorte-de-acero\/"]}]},{"@type":"BreadcrumbList","@id":"https:\/\/www.artestar.eu\/it\/vendita-all-ingrosso\/cierres-de-resorte-de-acero\/#breadcrumb","itemListElement":[{"@type":"ListItem","position":1,"name":"Artestar","item":"https:\/\/www.artestar.eu\/it\/"},{"@type":"ListItem","position":2,"name":"Vendita all&#8217;ingrosso","item":"https:\/\/www.artestar.eu\/it\/vendita-all-ingrosso\/"},{"@type":"ListItem","position":3,"name":"Cierres de resorte de acero 3 unids."}]},{"@type":"WebSite","@id":"https:\/\/www.artestar.eu\/it\/#website","url":"https:\/\/www.artestar.eu\/it\/","name":"Artestar","description":"Mayorista en abalorios y joyer\u00eda","publisher":{"@id":"https:\/\/www.artestar.eu\/it\/#organization"},"alternateName":"Artestar-EU","potentialAction":[{"@type":"SearchAction","target":{"@type":"EntryPoint","urlTemplate":"https:\/\/www.artestar.eu\/it\/?s={search_term_string}"},"query-input":"required name=search_term_string"}],"inLanguage":"it-IT"},{"@type":["Organization","Place"],"@id":"https:\/\/www.artestar.eu\/it\/#organization","name":"RUBY ABALORIO S.L.","alternateName":"Artestar","url":"https:\/\/www.artestar.eu\/it\/","logo":{"@id":"https:\/\/www.artestar.eu\/it\/vendita-all-ingrosso\/cierres-de-resorte-de-acero\/#local-main-organization-logo"},"image":{"@id":"https:\/\/www.artestar.eu\/it\/vendita-all-ingrosso\/cierres-de-resorte-de-acero\/#local-main-organization-logo"},"sameAs":["https:\/\/www.facebook.com\/ARTESTAREU","https:\/\/www.instagram.com\/artestareu\/","https:\/\/www.pinterest.es\/artestar_eu\/","https:\/\/www.tiktok.com\/@artestar_wholesale"],"openingHoursSpecification":[{"@type":"OpeningHoursSpecification","dayOfWeek":["Monday","Tuesday","Wednesday","Thursday","Friday","Saturday","Sunday"],"opens":"09:00","closes":"17:00"}]},{"@type":"ImageObject","inLanguage":"it-IT","@id":"https:\/\/www.artestar.eu\/it\/vendita-all-ingrosso\/cierres-de-resorte-de-acero\/#local-main-organization-logo","url":"https:\/\/www.artestar.eu\/wp-content\/uploads\/2023\/05\/cropped-png.png","contentUrl":"https:\/\/www.artestar.eu\/wp-content\/uploads\/2023\/05\/cropped-png.png","width":512,"height":512,"caption":"RUBY ABALORIO S.L."}]},"og_availability":"instock","product_availability":"instock","product_retailer_item_id":"BXG0069-0072","product_condition":"new"},"tiered_pricing_type":"fixed","tiered_pricing_fixed_rules":[],"tiered_pricing_percentage_rules":[],"tiered_pricing_minimum":null,"_administrator_tiered_pricing_type":"fixed","_administrator_tiered_pricing_fixed_rules":[],"_editor_tiered_pricing_type":"fixed","_editor_tiered_pricing_fixed_rules":[],"_author_tiered_pricing_type":"fixed","_author_tiered_pricing_fixed_rules":[],"_contributor_tiered_pricing_type":"fixed","_contributor_tiered_pricing_fixed_rules":[],"_subscriber_tiered_pricing_type":"fixed","_subscriber_tiered_pricing_fixed_rules":[],"_wpseo_manager_tiered_pricing_type":"fixed","_wpseo_manager_tiered_pricing_fixed_rules":[],"_wpseo_editor_tiered_pricing_type":"fixed","_wpseo_editor_tiered_pricing_fixed_rules":[],"_customer_tiered_pricing_type":"fixed","_customer_tiered_pricing_fixed_rules":[],"_shop_manager_tiered_pricing_type":"fixed","_shop_manager_tiered_pricing_fixed_rules":[],"_product_manager_tiered_pricing_type":"fixed","_product_manager_tiered_pricing_fixed_rules":[],"_links":{"self":[{"href":"https:\/\/www.artestar.eu\/it\/wp-json\/wp\/v2\/product\/31200"}],"collection":[{"href":"https:\/\/www.artestar.eu\/it\/wp-json\/wp\/v2\/product"}],"about":[{"href":"https:\/\/www.artestar.eu\/it\/wp-json\/wp\/v2\/types\/product"}],"replies":[{"embeddable":true,"href":"https:\/\/www.artestar.eu\/it\/wp-json\/wp\/v2\/comments?post=31200"}],"version-history":[{"count":2,"href":"https:\/\/www.artestar.eu\/it\/wp-json\/wp\/v2\/product\/31200\/revisions"}],"predecessor-version":[{"id":37092,"href":"https:\/\/www.artestar.eu\/it\/wp-json\/wp\/v2\/product\/31200\/revisions\/37092"}],"wp:featuredmedia":[{"embeddable":true,"href":"https:\/\/www.artestar.eu\/it\/wp-json\/wp\/v2\/media\/13480"}],"wp:attachment":[{"href":"https:\/\/www.artestar.eu\/it\/wp-json\/wp\/v2\/media?parent=31200"}],"wp:term":[{"taxonomy":"product_cat","embeddable":true,"href":"https:\/\/www.artestar.eu\/it\/wp-json\/wp\/v2\/product_cat?post=31200"},{"taxonomy":"product_tag","embeddable":true,"href":"https:\/\/www.artestar.eu\/it\/wp-json\/wp\/v2\/product_tag?post=31200"}],"curies":[{"name":"wp","href":"https:\/\/api.w.org\/{rel}","templated":true}]}}