{"id":31238,"date":"2023-06-06T07:38:35","date_gmt":"2023-06-06T07:38:35","guid":{"rendered":"https:\/\/www.artestar.eu\/al-por-mayor\/cierres-de-resorte-color-dorado-2-unids\/"},"modified":"2023-10-24T06:22:09","modified_gmt":"2023-10-24T06:22:09","slug":"chiusure-a-molla-color-oro","status":"publish","type":"product","link":"https:\/\/www.artestar.eu\/it\/vendita-all-ingrosso\/chiusure-a-molla-color-oro\/","title":{"rendered":"Chiusure a molla dorate 2 pz."},"content":{"rendered":"<p>Chiusure a molla in oro: 10 mm &#8211; 12 mm &#8211; 14 mm &#8211; 16 mm.<\/p>\n<ul>\n<li>Dorado resort cierres tutti confezionati singolarmente. Puoi scegliere la taglia giusta da abbinare ai tuoi gioielli preferiti.<\/li>\n<li>Le chiusure ad anello a molla sono realizzate in acciaio inossidabile di alta qualit\u00e0, resistente e durevole. La superficie \u00e8 liscia e arrotondata per una vestibilit\u00e0 confortevole.<\/li>\n<li>Il colore oro \u00e8 brillante, classico ed elegante, quindi puoi indossarli con sicurezza con un&#8217;ampia variet\u00e0 di accessori per gioielli.<\/li>\n<li>La chiusura a scatto \u00e8 facile da impugnare ed \u00e8 semplice e comoda da aprire e chiudere. \u00c8 anche sicuro e non si allenta facilmente, quindi potrai indossarlo tutto il giorno senza problemi.<\/li>\n<li>I due anelli del ciondolo del connettore ad anello possono collegare le due estremit\u00e0 della catena per collegare bracciali, collane, catene per maglioni ecc.<\/li>\n<li>Puoi anche regalare chiusure extra per pontili ai tuoi amici e familiari, che sicuramente le adoreranno.<\/li>\n<li>Le chiusure in acciaio inossidabile sono pratiche e vengono tipicamente utilizzate su pelle, collari e altri materiali di rilegatura a catena per regolare facilmente la collana o il bracciale.<\/li>\n<li>Le chiusure a molla ripristinano i gioielli che gi\u00e0 possiedi o realizzano gioielli fatti in casa.<\/li>\n<li>Un piacere utilizzare il tuo tempo libero per realizzare e perfezionare i tuoi delicati gioielli. Questi connettori per la chiusura di gioielli a superficie liscia sono facili da usare e tengono o appendono facilmente le tue bellissime collane, bracciali, accessori di abbigliamento e altri piccoli oggetti, ecc.<\/li>\n<\/ul>\n<h5>Chiusure a molla dorate<\/h5>\n<ul>\n<li>Perch\u00e9 il design generale dei gioielli con chiusura a molla \u00e8 semplice e squisito. Che si tratti di un accessorio decorativo o pratico, pu\u00f2 esprimere il gusto e la personalit\u00e0 personale e fornire un&#8217;esperienza di utilizzo affidabile.<\/li>\n<li>Poich\u00e9 ogni stile ha una variet\u00e0 di taglie tra cui scegliere, la quantit\u00e0 \u00e8 sufficiente e la taglia \u00e8 uniforme, permettendoti di creare liberamente i tuoi accessori di gioielleria preferiti.<\/li>\n<\/ul>\n","protected":false},"excerpt":{"rendered":"<p><img decoding=\"async\" class=\"alignnone wp-image-8893 size-full\" src=\"https:\/\/www.artestar.eu%E2%80%8B%E2%80%8B%E2%80%8B%E2%80%8B\/wp-content\/uploads\/2023\/06\/gold-spring-ring-size.jpg\" alt=\"Serrature a molla\" width=\"1000\" height=\"180\" srcset=\"https:\/\/www.artestar.eu\/wp-content\/uploads\/2023\/06\/gold-spring-ring-size.jpg 1000w, https:\/\/www.artestar.eu\/wp-content\/uploads\/2023\/06\/gold-spring-ring-size-300x54.jpg 300w, https:\/\/www.artestar.eu\/wp-content\/uploads\/2023\/06\/gold-spring-ring-size-768x138.jpg 768w, https:\/\/www.artestar.eu\/wp-content\/uploads\/2023\/06\/gold-spring-ring-size-600x108.jpg 600w, https:\/\/www.artestar.eu\/wp-content\/uploads\/2023\/06\/gold-spring-ring-size-90x16.jpg 90w\" sizes=\"(max-width: 1000px) 100vw, 1000px\" \/><\/p>\n<ul>\n<li>Materiale: acciaio inossidabile<\/li>\n<li>Si prega di fare riferimento all&#8217;immagine del prodotto per dimensioni e quantit\u00e0 dettagliate.<\/li>\n<li>Viene utilizzato per realizzare gioielli, decorazioni, artigianato, ecc.<\/li>\n<\/ul>\n","protected":false},"featured_media":13435,"comment_status":"open","ping_status":"closed","template":"","meta":[],"product_cat":[2014,1673],"product_tag":[],"yoast_head":"<!-- This site is optimized with the Yoast SEO Premium plugin v20.5 (Yoast SEO v21.5) - https:\/\/yoast.com\/wordpress\/plugins\/seo\/ -->\n<title>Chiusure primaverili dorate - Artestar<\/title>\n<meta name=\"description\" content=\"I fermagli a molla dorati sono disponibili in diverse dimensioni per adattarsi ai diversi stili di moda e alle preferenze personali.\" \/>\n<meta name=\"robots\" content=\"index, follow, max-snippet:-1, max-image-preview:large, max-video-preview:-1\" \/>\n<link rel=\"canonical\" href=\"https:\/\/www.artestar.eu\/it\/vendita-all-ingrosso\/chiusure-a-molla-color-oro\/\" \/>\n<meta property=\"og:locale\" content=\"it_IT\" \/>\n<meta property=\"og:type\" content=\"article\" \/>\n<meta property=\"og:title\" content=\"Chiusure a molla dorate 2 pz.\" \/>\n<meta property=\"og:description\" content=\"I fermagli a molla dorati sono disponibili in diverse dimensioni per adattarsi ai diversi stili di moda e alle preferenze personali.\" \/>\n<meta property=\"og:url\" content=\"https:\/\/www.artestar.eu\/it\/vendita-all-ingrosso\/chiusure-a-molla-color-oro\/\" \/>\n<meta property=\"og:site_name\" content=\"Artestar\" \/>\n<meta property=\"article:publisher\" content=\"https:\/\/www.facebook.com\/ARTESTAREU\" \/>\n<meta property=\"article:modified_time\" content=\"2023-10-24T06:22:09+00:00\" \/>\n<meta property=\"og:image\" content=\"https:\/\/www.artestar.eu\/wp-content\/uploads\/2023\/06\/stainless-steel-fittings-gold-spring-ring-clasps-closed-ring-clasps.jpg\" \/>\n\t<meta property=\"og:image:width\" content=\"600\" \/>\n\t<meta property=\"og:image:height\" content=\"600\" \/>\n\t<meta property=\"og:image:type\" content=\"image\/jpeg\" \/>\n<meta name=\"twitter:card\" content=\"summary_large_image\" \/>\n<meta name=\"twitter:label1\" content=\"Availability\" \/>\n\t<meta name=\"twitter:data1\" content=\"In stock\" \/>\n<script type=\"application\/ld+json\" class=\"yoast-schema-graph\">{\"@context\":\"https:\/\/schema.org\",\"@graph\":[{\"@type\":\"WebPage\",\"@id\":\"https:\/\/www.artestar.eu\/it\/vendita-all-ingrosso\/chiusure-a-molla-color-oro\/\",\"url\":\"https:\/\/www.artestar.eu\/it\/vendita-all-ingrosso\/chiusure-a-molla-color-oro\/\",\"name\":\"Chiusure primaverili dorate - Artestar\",\"isPartOf\":{\"@id\":\"https:\/\/www.artestar.eu\/it\/#website\"},\"datePublished\":\"2023-06-06T07:38:35+00:00\",\"dateModified\":\"2023-10-24T06:22:09+00:00\",\"description\":\"I fermagli a molla dorati sono disponibili in diverse dimensioni per adattarsi ai diversi stili di moda e alle preferenze personali.\",\"breadcrumb\":{\"@id\":\"https:\/\/www.artestar.eu\/it\/vendita-all-ingrosso\/chiusure-a-molla-color-oro\/#breadcrumb\"},\"inLanguage\":\"it-IT\",\"potentialAction\":[{\"@type\":\"ReadAction\",\"target\":[\"https:\/\/www.artestar.eu\/it\/vendita-all-ingrosso\/chiusure-a-molla-color-oro\/\"]}]},{\"@type\":\"BreadcrumbList\",\"@id\":\"https:\/\/www.artestar.eu\/it\/vendita-all-ingrosso\/chiusure-a-molla-color-oro\/#breadcrumb\",\"itemListElement\":[{\"@type\":\"ListItem\",\"position\":1,\"name\":\"Artestar\",\"item\":\"https:\/\/www.artestar.eu\/it\/\"},{\"@type\":\"ListItem\",\"position\":2,\"name\":\"Vendita all&#8217;ingrosso\",\"item\":\"https:\/\/www.artestar.eu\/it\/vendita-all-ingrosso\/\"},{\"@type\":\"ListItem\",\"position\":3,\"name\":\"Chiusure a molla dorate 2 pz.\"}]},{\"@type\":\"WebSite\",\"@id\":\"https:\/\/www.artestar.eu\/it\/#website\",\"url\":\"https:\/\/www.artestar.eu\/it\/\",\"name\":\"Artestar\",\"description\":\"Mayorista en abalorios y joyer\u00eda\",\"publisher\":{\"@id\":\"https:\/\/www.artestar.eu\/it\/#organization\"},\"alternateName\":\"Artestar-EU\",\"potentialAction\":[{\"@type\":\"SearchAction\",\"target\":{\"@type\":\"EntryPoint\",\"urlTemplate\":\"https:\/\/www.artestar.eu\/it\/?s={search_term_string}\"},\"query-input\":\"required name=search_term_string\"}],\"inLanguage\":\"it-IT\"},{\"@type\":[\"Organization\",\"Place\"],\"@id\":\"https:\/\/www.artestar.eu\/it\/#organization\",\"name\":\"RUBY ABALORIO S.L.\",\"alternateName\":\"Artestar\",\"url\":\"https:\/\/www.artestar.eu\/it\/\",\"logo\":{\"@id\":\"https:\/\/www.artestar.eu\/it\/vendita-all-ingrosso\/chiusure-a-molla-color-oro\/#local-main-organization-logo\"},\"image\":{\"@id\":\"https:\/\/www.artestar.eu\/it\/vendita-all-ingrosso\/chiusure-a-molla-color-oro\/#local-main-organization-logo\"},\"sameAs\":[\"https:\/\/www.facebook.com\/ARTESTAREU\",\"https:\/\/www.instagram.com\/artestareu\/\",\"https:\/\/www.pinterest.es\/artestar_eu\/\",\"https:\/\/www.tiktok.com\/@artestar_wholesale\"],\"openingHoursSpecification\":[{\"@type\":\"OpeningHoursSpecification\",\"dayOfWeek\":[\"Monday\",\"Tuesday\",\"Wednesday\",\"Thursday\",\"Friday\",\"Saturday\",\"Sunday\"],\"opens\":\"09:00\",\"closes\":\"17:00\"}]},{\"@type\":\"ImageObject\",\"inLanguage\":\"it-IT\",\"@id\":\"https:\/\/www.artestar.eu\/it\/vendita-all-ingrosso\/chiusure-a-molla-color-oro\/#local-main-organization-logo\",\"url\":\"https:\/\/www.artestar.eu\/wp-content\/uploads\/2023\/05\/cropped-png.png\",\"contentUrl\":\"https:\/\/www.artestar.eu\/wp-content\/uploads\/2023\/05\/cropped-png.png\",\"width\":512,\"height\":512,\"caption\":\"RUBY ABALORIO S.L.\"}]}<\/script>\n<meta property=\"og:availability\" content=\"instock\" \/>\n<meta property=\"product:availability\" content=\"instock\" \/>\n<meta property=\"product:retailer_item_id\" content=\"BXG0065-0068\" \/>\n<meta property=\"product:condition\" content=\"new\" \/>\n<!-- \/ Yoast SEO Premium plugin. -->","yoast_head_json":{"title":"Chiusure primaverili dorate - Artestar","description":"I fermagli a molla dorati sono disponibili in diverse dimensioni per adattarsi ai diversi stili di moda e alle preferenze personali.","robots":{"index":"index","follow":"follow","max-snippet":"max-snippet:-1","max-image-preview":"max-image-preview:large","max-video-preview":"max-video-preview:-1"},"canonical":"https:\/\/www.artestar.eu\/it\/vendita-all-ingrosso\/chiusure-a-molla-color-oro\/","og_locale":"it_IT","og_type":"article","og_title":"Chiusure a molla dorate 2 pz.","og_description":"I fermagli a molla dorati sono disponibili in diverse dimensioni per adattarsi ai diversi stili di moda e alle preferenze personali.","og_url":"https:\/\/www.artestar.eu\/it\/vendita-all-ingrosso\/chiusure-a-molla-color-oro\/","og_site_name":"Artestar","article_publisher":"https:\/\/www.facebook.com\/ARTESTAREU","article_modified_time":"2023-10-24T06:22:09+00:00","og_image":[{"width":600,"height":600,"url":"https:\/\/www.artestar.eu\/wp-content\/uploads\/2023\/06\/stainless-steel-fittings-gold-spring-ring-clasps-closed-ring-clasps.jpg","type":"image\/jpeg"}],"twitter_card":"summary_large_image","twitter_misc":{"Availability":"In stock"},"schema":{"@context":"https:\/\/schema.org","@graph":[{"@type":"WebPage","@id":"https:\/\/www.artestar.eu\/it\/vendita-all-ingrosso\/chiusure-a-molla-color-oro\/","url":"https:\/\/www.artestar.eu\/it\/vendita-all-ingrosso\/chiusure-a-molla-color-oro\/","name":"Chiusure primaverili dorate - Artestar","isPartOf":{"@id":"https:\/\/www.artestar.eu\/it\/#website"},"datePublished":"2023-06-06T07:38:35+00:00","dateModified":"2023-10-24T06:22:09+00:00","description":"I fermagli a molla dorati sono disponibili in diverse dimensioni per adattarsi ai diversi stili di moda e alle preferenze personali.","breadcrumb":{"@id":"https:\/\/www.artestar.eu\/it\/vendita-all-ingrosso\/chiusure-a-molla-color-oro\/#breadcrumb"},"inLanguage":"it-IT","potentialAction":[{"@type":"ReadAction","target":["https:\/\/www.artestar.eu\/it\/vendita-all-ingrosso\/chiusure-a-molla-color-oro\/"]}]},{"@type":"BreadcrumbList","@id":"https:\/\/www.artestar.eu\/it\/vendita-all-ingrosso\/chiusure-a-molla-color-oro\/#breadcrumb","itemListElement":[{"@type":"ListItem","position":1,"name":"Artestar","item":"https:\/\/www.artestar.eu\/it\/"},{"@type":"ListItem","position":2,"name":"Vendita all&#8217;ingrosso","item":"https:\/\/www.artestar.eu\/it\/vendita-all-ingrosso\/"},{"@type":"ListItem","position":3,"name":"Chiusure a molla dorate 2 pz."}]},{"@type":"WebSite","@id":"https:\/\/www.artestar.eu\/it\/#website","url":"https:\/\/www.artestar.eu\/it\/","name":"Artestar","description":"Mayorista en abalorios y joyer\u00eda","publisher":{"@id":"https:\/\/www.artestar.eu\/it\/#organization"},"alternateName":"Artestar-EU","potentialAction":[{"@type":"SearchAction","target":{"@type":"EntryPoint","urlTemplate":"https:\/\/www.artestar.eu\/it\/?s={search_term_string}"},"query-input":"required name=search_term_string"}],"inLanguage":"it-IT"},{"@type":["Organization","Place"],"@id":"https:\/\/www.artestar.eu\/it\/#organization","name":"RUBY ABALORIO S.L.","alternateName":"Artestar","url":"https:\/\/www.artestar.eu\/it\/","logo":{"@id":"https:\/\/www.artestar.eu\/it\/vendita-all-ingrosso\/chiusure-a-molla-color-oro\/#local-main-organization-logo"},"image":{"@id":"https:\/\/www.artestar.eu\/it\/vendita-all-ingrosso\/chiusure-a-molla-color-oro\/#local-main-organization-logo"},"sameAs":["https:\/\/www.facebook.com\/ARTESTAREU","https:\/\/www.instagram.com\/artestareu\/","https:\/\/www.pinterest.es\/artestar_eu\/","https:\/\/www.tiktok.com\/@artestar_wholesale"],"openingHoursSpecification":[{"@type":"OpeningHoursSpecification","dayOfWeek":["Monday","Tuesday","Wednesday","Thursday","Friday","Saturday","Sunday"],"opens":"09:00","closes":"17:00"}]},{"@type":"ImageObject","inLanguage":"it-IT","@id":"https:\/\/www.artestar.eu\/it\/vendita-all-ingrosso\/chiusure-a-molla-color-oro\/#local-main-organization-logo","url":"https:\/\/www.artestar.eu\/wp-content\/uploads\/2023\/05\/cropped-png.png","contentUrl":"https:\/\/www.artestar.eu\/wp-content\/uploads\/2023\/05\/cropped-png.png","width":512,"height":512,"caption":"RUBY ABALORIO S.L."}]},"og_availability":"instock","product_availability":"instock","product_retailer_item_id":"BXG0065-0068","product_condition":"new"},"tiered_pricing_type":"fixed","tiered_pricing_fixed_rules":[],"tiered_pricing_percentage_rules":[],"tiered_pricing_minimum":null,"_administrator_tiered_pricing_type":"fixed","_administrator_tiered_pricing_fixed_rules":[],"_editor_tiered_pricing_type":"fixed","_editor_tiered_pricing_fixed_rules":[],"_author_tiered_pricing_type":"fixed","_author_tiered_pricing_fixed_rules":[],"_contributor_tiered_pricing_type":"fixed","_contributor_tiered_pricing_fixed_rules":[],"_subscriber_tiered_pricing_type":"fixed","_subscriber_tiered_pricing_fixed_rules":[],"_wpseo_manager_tiered_pricing_type":"fixed","_wpseo_manager_tiered_pricing_fixed_rules":[],"_wpseo_editor_tiered_pricing_type":"fixed","_wpseo_editor_tiered_pricing_fixed_rules":[],"_customer_tiered_pricing_type":"fixed","_customer_tiered_pricing_fixed_rules":[],"_shop_manager_tiered_pricing_type":"fixed","_shop_manager_tiered_pricing_fixed_rules":[],"_product_manager_tiered_pricing_type":"fixed","_product_manager_tiered_pricing_fixed_rules":[],"_links":{"self":[{"href":"https:\/\/www.artestar.eu\/it\/wp-json\/wp\/v2\/product\/31238"}],"collection":[{"href":"https:\/\/www.artestar.eu\/it\/wp-json\/wp\/v2\/product"}],"about":[{"href":"https:\/\/www.artestar.eu\/it\/wp-json\/wp\/v2\/types\/product"}],"replies":[{"embeddable":true,"href":"https:\/\/www.artestar.eu\/it\/wp-json\/wp\/v2\/comments?post=31238"}],"version-history":[{"count":3,"href":"https:\/\/www.artestar.eu\/it\/wp-json\/wp\/v2\/product\/31238\/revisions"}],"predecessor-version":[{"id":37101,"href":"https:\/\/www.artestar.eu\/it\/wp-json\/wp\/v2\/product\/31238\/revisions\/37101"}],"wp:featuredmedia":[{"embeddable":true,"href":"https:\/\/www.artestar.eu\/it\/wp-json\/wp\/v2\/media\/13435"}],"wp:attachment":[{"href":"https:\/\/www.artestar.eu\/it\/wp-json\/wp\/v2\/media?parent=31238"}],"wp:term":[{"taxonomy":"product_cat","embeddable":true,"href":"https:\/\/www.artestar.eu\/it\/wp-json\/wp\/v2\/product_cat?post=31238"},{"taxonomy":"product_tag","embeddable":true,"href":"https:\/\/www.artestar.eu\/it\/wp-json\/wp\/v2\/product_tag?post=31238"}],"curies":[{"name":"wp","href":"https:\/\/api.w.org\/{rel}","templated":true}]}}