{"id":31288,"date":"2023-06-06T05:57:02","date_gmt":"2023-06-06T05:57:02","guid":{"rendered":"https:\/\/www.artestar.eu\/al-por-mayor\/hebilla-ot-color-dorado-4-unids\/"},"modified":"2023-10-24T06:31:07","modified_gmt":"2023-10-24T06:31:07","slug":"fibbia-ot-colore-oro","status":"publish","type":"product","link":"https:\/\/www.artestar.eu\/it\/vendita-all-ingrosso\/fibbia-ot-colore-oro\/","title":{"rendered":"Fibbia OT colore oro 4 pz."},"content":{"rendered":"<p>Fibbia OT colore oro: 11mm &#8211; 13mm &#8211; 15mm.<\/p>\n<ul>\n<li>Chiusure sailor in acciaio inox una vasta gamma di misure facili e libere di scelta per soddisfare le vostre varie esigenze. Aggiungi un fascino unico ai tuoi gioielli.<\/li>\n<li>Una quantit\u00e0 abbastanza grande da mescolare e abbinare con catene e altri mestieri preferiti render\u00e0 uno splendido accessorio di gioielleria.<\/li>\n<li>Realizzati in acciaio inossidabile di alta qualit\u00e0, gli OT hanno una superficie liscia e saranno comodi da indossare. Sono colorati e non si appannano facilmente, sono molto duri e resistenti e dureranno a lungo.<\/li>\n<li>Queste chiusure a leva sono facili da usare, basta posizionare la traversa sulla fibbia in modo che la barra sia orizzontale e non si allenti quando indossata. Non disturberanno l&#8217;equilibrio del binomio e sono adatti per una vasta gamma di accessori.<\/li>\n<li>Classico ed elegante. Perch\u00e9 la chiusura IQ bar e l&#8217;anello di chiusura T-bar sono facili da indossare e servono per realizzare bracciali, collane, cavigliere e molto altro. Un buon connettore per l&#8217;uso quotidiano.<\/li>\n<\/ul>\n<p><img decoding=\"async\" class=\"alignnone size-full wp-image-5400\" src=\"https:\/\/www.artestar.eu%E2%80%8B%E2%80%8B%E2%80%8B%E2%80%8B\/wp-content\/uploads\/2023\/06\/stainless-steel-fittings-OT-buckle-gold-toggle-clasps.jpg\" alt=\"Fibbia OT color oro\" width=\"600\" height=\"600\" srcset=\"https:\/\/www.artestar.eu\/wp-content\/uploads\/2023\/06\/stainless-steel-fittings-OT-buckle-gold-toggle-clasps.jpg 600w, https:\/\/www.artestar.eu\/wp-content\/uploads\/2023\/06\/stainless-steel-fittings-OT-buckle-gold-toggle-clasps-300x300.jpg 300w, https:\/\/www.artestar.eu\/wp-content\/uploads\/2023\/06\/stainless-steel-fittings-OT-buckle-gold-toggle-clasps-150x150.jpg 150w, https:\/\/www.artestar.eu\/wp-content\/uploads\/2023\/06\/stainless-steel-fittings-OT-buckle-gold-toggle-clasps-450x450.jpg 450w, https:\/\/www.artestar.eu\/wp-content\/uploads\/2023\/06\/stainless-steel-fittings-OT-buckle-gold-toggle-clasps-54x54.jpg 54w\" sizes=\"(max-width: 600px) 100vw, 600px\" \/><\/p>\n<h3>Fibbia OT color oro<\/h3>\n<ul>\n<li>Perch\u00e9 il design complessivo dei gioielli con fibbia OT in acciaio inossidabile \u00e8 semplice e squisito. Che si tratti di un accessorio decorativo o pratico, pu\u00f2 esprimere il gusto e la personalit\u00e0 personale e fornire un&#8217;esperienza di utilizzo affidabile.<\/li>\n<li>Poich\u00e9 ogni stile ha una variet\u00e0 di taglie tra cui scegliere, la quantit\u00e0 \u00e8 sufficiente e la taglia \u00e8 uniforme, permettendoti di creare liberamente i tuoi accessori di gioielleria preferiti.<\/li>\n<\/ul>\n","protected":false},"excerpt":{"rendered":"<p><img decoding=\"async\" class=\"alignnone size-full wp-image-8703\" src=\"https:\/\/www.artestar.eu%E2%80%8B%E2%80%8B%E2%80%8B%E2%80%8B\/wp-content\/uploads\/2023\/06\/stainless-steel-fittings-OT-buckle-gold-size.jpg\" alt=\"Fibbia OT\" width=\"1000\" height=\"180\" srcset=\"https:\/\/www.artestar.eu\/wp-content\/uploads\/2023\/06\/stainless-steel-fittings-OT-buckle-gold-size.jpg 1000w, https:\/\/www.artestar.eu\/wp-content\/uploads\/2023\/06\/stainless-steel-fittings-OT-buckle-gold-size-300x54.jpg 300w, https:\/\/www.artestar.eu\/wp-content\/uploads\/2023\/06\/stainless-steel-fittings-OT-buckle-gold-size-768x138.jpg 768w, https:\/\/www.artestar.eu\/wp-content\/uploads\/2023\/06\/stainless-steel-fittings-OT-buckle-gold-size-600x108.jpg 600w, https:\/\/www.artestar.eu\/wp-content\/uploads\/2023\/06\/stainless-steel-fittings-OT-buckle-gold-size-90x16.jpg 90w\" sizes=\"(max-width: 1000px) 100vw, 1000px\" \/><\/p>\n<ul>\n<li>Materiale: acciaio inossidabile<\/li>\n<li>Si prega di fare riferimento all&#8217;immagine del prodotto per dimensioni e quantit\u00e0 dettagliate.<\/li>\n<li>Viene utilizzato per realizzare gioielli, decorazioni, artigianato, ecc.<\/li>\n<\/ul>\n","protected":false},"featured_media":13325,"comment_status":"open","ping_status":"closed","template":"","meta":[],"product_cat":[2014,1673],"product_tag":[],"yoast_head":"<!-- This site is optimized with the Yoast SEO Premium plugin v20.5 (Yoast SEO v21.5) - https:\/\/yoast.com\/wordpress\/plugins\/seo\/ -->\n<title>Fibbia OT oro - Artestar<\/title>\n<meta name=\"description\" content=\"La fibbia OT in oro \u00e8 disponibile in diverse dimensioni per adattarsi a diversi stili di moda e preferenze personali.\" \/>\n<meta name=\"robots\" content=\"index, follow, max-snippet:-1, max-image-preview:large, max-video-preview:-1\" \/>\n<link rel=\"canonical\" href=\"https:\/\/www.artestar.eu\/it\/vendita-all-ingrosso\/fibbia-ot-colore-oro\/\" \/>\n<meta property=\"og:locale\" content=\"it_IT\" \/>\n<meta property=\"og:type\" content=\"article\" \/>\n<meta property=\"og:title\" content=\"Fibbia OT colore oro 4 pz.\" \/>\n<meta property=\"og:description\" content=\"La fibbia OT in oro \u00e8 disponibile in diverse dimensioni per adattarsi a diversi stili di moda e preferenze personali.\" \/>\n<meta property=\"og:url\" content=\"https:\/\/www.artestar.eu\/it\/vendita-all-ingrosso\/fibbia-ot-colore-oro\/\" \/>\n<meta property=\"og:site_name\" content=\"Artestar\" \/>\n<meta property=\"article:publisher\" content=\"https:\/\/www.facebook.com\/ARTESTAREU\" \/>\n<meta property=\"article:modified_time\" content=\"2023-10-24T06:31:07+00:00\" \/>\n<meta property=\"og:image\" content=\"https:\/\/www.artestar.eu\/wp-content\/uploads\/2023\/06\/stainless-steel-fittings-OT-buckle-gold-toggle-clasps-13mm.jpg\" \/>\n\t<meta property=\"og:image:width\" content=\"600\" \/>\n\t<meta property=\"og:image:height\" content=\"600\" \/>\n\t<meta property=\"og:image:type\" content=\"image\/jpeg\" \/>\n<meta name=\"twitter:card\" content=\"summary_large_image\" \/>\n<meta name=\"twitter:label1\" content=\"Availability\" \/>\n\t<meta name=\"twitter:data1\" content=\"In stock\" \/>\n<script type=\"application\/ld+json\" class=\"yoast-schema-graph\">{\"@context\":\"https:\/\/schema.org\",\"@graph\":[{\"@type\":\"WebPage\",\"@id\":\"https:\/\/www.artestar.eu\/it\/vendita-all-ingrosso\/fibbia-ot-colore-oro\/\",\"url\":\"https:\/\/www.artestar.eu\/it\/vendita-all-ingrosso\/fibbia-ot-colore-oro\/\",\"name\":\"Fibbia OT oro - Artestar\",\"isPartOf\":{\"@id\":\"https:\/\/www.artestar.eu\/it\/#website\"},\"datePublished\":\"2023-06-06T05:57:02+00:00\",\"dateModified\":\"2023-10-24T06:31:07+00:00\",\"description\":\"La fibbia OT in oro \u00e8 disponibile in diverse dimensioni per adattarsi a diversi stili di moda e preferenze personali.\",\"breadcrumb\":{\"@id\":\"https:\/\/www.artestar.eu\/it\/vendita-all-ingrosso\/fibbia-ot-colore-oro\/#breadcrumb\"},\"inLanguage\":\"it-IT\",\"potentialAction\":[{\"@type\":\"ReadAction\",\"target\":[\"https:\/\/www.artestar.eu\/it\/vendita-all-ingrosso\/fibbia-ot-colore-oro\/\"]}]},{\"@type\":\"BreadcrumbList\",\"@id\":\"https:\/\/www.artestar.eu\/it\/vendita-all-ingrosso\/fibbia-ot-colore-oro\/#breadcrumb\",\"itemListElement\":[{\"@type\":\"ListItem\",\"position\":1,\"name\":\"Artestar\",\"item\":\"https:\/\/www.artestar.eu\/it\/\"},{\"@type\":\"ListItem\",\"position\":2,\"name\":\"Vendita all&#8217;ingrosso\",\"item\":\"https:\/\/www.artestar.eu\/it\/vendita-all-ingrosso\/\"},{\"@type\":\"ListItem\",\"position\":3,\"name\":\"Fibbia OT colore oro 4 pz.\"}]},{\"@type\":\"WebSite\",\"@id\":\"https:\/\/www.artestar.eu\/it\/#website\",\"url\":\"https:\/\/www.artestar.eu\/it\/\",\"name\":\"Artestar\",\"description\":\"Mayorista en abalorios y joyer\u00eda\",\"publisher\":{\"@id\":\"https:\/\/www.artestar.eu\/it\/#organization\"},\"alternateName\":\"Artestar-EU\",\"potentialAction\":[{\"@type\":\"SearchAction\",\"target\":{\"@type\":\"EntryPoint\",\"urlTemplate\":\"https:\/\/www.artestar.eu\/it\/?s={search_term_string}\"},\"query-input\":\"required name=search_term_string\"}],\"inLanguage\":\"it-IT\"},{\"@type\":[\"Organization\",\"Place\"],\"@id\":\"https:\/\/www.artestar.eu\/it\/#organization\",\"name\":\"RUBY ABALORIO S.L.\",\"alternateName\":\"Artestar\",\"url\":\"https:\/\/www.artestar.eu\/it\/\",\"logo\":{\"@id\":\"https:\/\/www.artestar.eu\/it\/vendita-all-ingrosso\/fibbia-ot-colore-oro\/#local-main-organization-logo\"},\"image\":{\"@id\":\"https:\/\/www.artestar.eu\/it\/vendita-all-ingrosso\/fibbia-ot-colore-oro\/#local-main-organization-logo\"},\"sameAs\":[\"https:\/\/www.facebook.com\/ARTESTAREU\",\"https:\/\/www.instagram.com\/artestareu\/\",\"https:\/\/www.pinterest.es\/artestar_eu\/\",\"https:\/\/www.tiktok.com\/@artestar_wholesale\"],\"openingHoursSpecification\":[{\"@type\":\"OpeningHoursSpecification\",\"dayOfWeek\":[\"Monday\",\"Tuesday\",\"Wednesday\",\"Thursday\",\"Friday\",\"Saturday\",\"Sunday\"],\"opens\":\"09:00\",\"closes\":\"17:00\"}]},{\"@type\":\"ImageObject\",\"inLanguage\":\"it-IT\",\"@id\":\"https:\/\/www.artestar.eu\/it\/vendita-all-ingrosso\/fibbia-ot-colore-oro\/#local-main-organization-logo\",\"url\":\"https:\/\/www.artestar.eu\/wp-content\/uploads\/2023\/05\/cropped-png.png\",\"contentUrl\":\"https:\/\/www.artestar.eu\/wp-content\/uploads\/2023\/05\/cropped-png.png\",\"width\":512,\"height\":512,\"caption\":\"RUBY ABALORIO S.L.\"}]}<\/script>\n<meta property=\"og:availability\" content=\"instock\" \/>\n<meta property=\"product:availability\" content=\"instock\" \/>\n<meta property=\"product:retailer_item_id\" content=\"BXG0059-0061\" \/>\n<meta property=\"product:condition\" content=\"new\" \/>\n<!-- \/ Yoast SEO Premium plugin. -->","yoast_head_json":{"title":"Fibbia OT oro - Artestar","description":"La fibbia OT in oro \u00e8 disponibile in diverse dimensioni per adattarsi a diversi stili di moda e preferenze personali.","robots":{"index":"index","follow":"follow","max-snippet":"max-snippet:-1","max-image-preview":"max-image-preview:large","max-video-preview":"max-video-preview:-1"},"canonical":"https:\/\/www.artestar.eu\/it\/vendita-all-ingrosso\/fibbia-ot-colore-oro\/","og_locale":"it_IT","og_type":"article","og_title":"Fibbia OT colore oro 4 pz.","og_description":"La fibbia OT in oro \u00e8 disponibile in diverse dimensioni per adattarsi a diversi stili di moda e preferenze personali.","og_url":"https:\/\/www.artestar.eu\/it\/vendita-all-ingrosso\/fibbia-ot-colore-oro\/","og_site_name":"Artestar","article_publisher":"https:\/\/www.facebook.com\/ARTESTAREU","article_modified_time":"2023-10-24T06:31:07+00:00","og_image":[{"width":600,"height":600,"url":"https:\/\/www.artestar.eu\/wp-content\/uploads\/2023\/06\/stainless-steel-fittings-OT-buckle-gold-toggle-clasps-13mm.jpg","type":"image\/jpeg"}],"twitter_card":"summary_large_image","twitter_misc":{"Availability":"In stock"},"schema":{"@context":"https:\/\/schema.org","@graph":[{"@type":"WebPage","@id":"https:\/\/www.artestar.eu\/it\/vendita-all-ingrosso\/fibbia-ot-colore-oro\/","url":"https:\/\/www.artestar.eu\/it\/vendita-all-ingrosso\/fibbia-ot-colore-oro\/","name":"Fibbia OT oro - Artestar","isPartOf":{"@id":"https:\/\/www.artestar.eu\/it\/#website"},"datePublished":"2023-06-06T05:57:02+00:00","dateModified":"2023-10-24T06:31:07+00:00","description":"La fibbia OT in oro \u00e8 disponibile in diverse dimensioni per adattarsi a diversi stili di moda e preferenze personali.","breadcrumb":{"@id":"https:\/\/www.artestar.eu\/it\/vendita-all-ingrosso\/fibbia-ot-colore-oro\/#breadcrumb"},"inLanguage":"it-IT","potentialAction":[{"@type":"ReadAction","target":["https:\/\/www.artestar.eu\/it\/vendita-all-ingrosso\/fibbia-ot-colore-oro\/"]}]},{"@type":"BreadcrumbList","@id":"https:\/\/www.artestar.eu\/it\/vendita-all-ingrosso\/fibbia-ot-colore-oro\/#breadcrumb","itemListElement":[{"@type":"ListItem","position":1,"name":"Artestar","item":"https:\/\/www.artestar.eu\/it\/"},{"@type":"ListItem","position":2,"name":"Vendita all&#8217;ingrosso","item":"https:\/\/www.artestar.eu\/it\/vendita-all-ingrosso\/"},{"@type":"ListItem","position":3,"name":"Fibbia OT colore oro 4 pz."}]},{"@type":"WebSite","@id":"https:\/\/www.artestar.eu\/it\/#website","url":"https:\/\/www.artestar.eu\/it\/","name":"Artestar","description":"Mayorista en abalorios y joyer\u00eda","publisher":{"@id":"https:\/\/www.artestar.eu\/it\/#organization"},"alternateName":"Artestar-EU","potentialAction":[{"@type":"SearchAction","target":{"@type":"EntryPoint","urlTemplate":"https:\/\/www.artestar.eu\/it\/?s={search_term_string}"},"query-input":"required name=search_term_string"}],"inLanguage":"it-IT"},{"@type":["Organization","Place"],"@id":"https:\/\/www.artestar.eu\/it\/#organization","name":"RUBY ABALORIO S.L.","alternateName":"Artestar","url":"https:\/\/www.artestar.eu\/it\/","logo":{"@id":"https:\/\/www.artestar.eu\/it\/vendita-all-ingrosso\/fibbia-ot-colore-oro\/#local-main-organization-logo"},"image":{"@id":"https:\/\/www.artestar.eu\/it\/vendita-all-ingrosso\/fibbia-ot-colore-oro\/#local-main-organization-logo"},"sameAs":["https:\/\/www.facebook.com\/ARTESTAREU","https:\/\/www.instagram.com\/artestareu\/","https:\/\/www.pinterest.es\/artestar_eu\/","https:\/\/www.tiktok.com\/@artestar_wholesale"],"openingHoursSpecification":[{"@type":"OpeningHoursSpecification","dayOfWeek":["Monday","Tuesday","Wednesday","Thursday","Friday","Saturday","Sunday"],"opens":"09:00","closes":"17:00"}]},{"@type":"ImageObject","inLanguage":"it-IT","@id":"https:\/\/www.artestar.eu\/it\/vendita-all-ingrosso\/fibbia-ot-colore-oro\/#local-main-organization-logo","url":"https:\/\/www.artestar.eu\/wp-content\/uploads\/2023\/05\/cropped-png.png","contentUrl":"https:\/\/www.artestar.eu\/wp-content\/uploads\/2023\/05\/cropped-png.png","width":512,"height":512,"caption":"RUBY ABALORIO S.L."}]},"og_availability":"instock","product_availability":"instock","product_retailer_item_id":"BXG0059-0061","product_condition":"new"},"tiered_pricing_type":"fixed","tiered_pricing_fixed_rules":[],"tiered_pricing_percentage_rules":[],"tiered_pricing_minimum":null,"_administrator_tiered_pricing_type":"fixed","_administrator_tiered_pricing_fixed_rules":[],"_editor_tiered_pricing_type":"fixed","_editor_tiered_pricing_fixed_rules":[],"_author_tiered_pricing_type":"fixed","_author_tiered_pricing_fixed_rules":[],"_contributor_tiered_pricing_type":"fixed","_contributor_tiered_pricing_fixed_rules":[],"_subscriber_tiered_pricing_type":"fixed","_subscriber_tiered_pricing_fixed_rules":[],"_wpseo_manager_tiered_pricing_type":"fixed","_wpseo_manager_tiered_pricing_fixed_rules":[],"_wpseo_editor_tiered_pricing_type":"fixed","_wpseo_editor_tiered_pricing_fixed_rules":[],"_customer_tiered_pricing_type":"fixed","_customer_tiered_pricing_fixed_rules":[],"_shop_manager_tiered_pricing_type":"fixed","_shop_manager_tiered_pricing_fixed_rules":[],"_product_manager_tiered_pricing_type":"fixed","_product_manager_tiered_pricing_fixed_rules":[],"_links":{"self":[{"href":"https:\/\/www.artestar.eu\/it\/wp-json\/wp\/v2\/product\/31288"}],"collection":[{"href":"https:\/\/www.artestar.eu\/it\/wp-json\/wp\/v2\/product"}],"about":[{"href":"https:\/\/www.artestar.eu\/it\/wp-json\/wp\/v2\/types\/product"}],"replies":[{"embeddable":true,"href":"https:\/\/www.artestar.eu\/it\/wp-json\/wp\/v2\/comments?post=31288"}],"version-history":[{"count":3,"href":"https:\/\/www.artestar.eu\/it\/wp-json\/wp\/v2\/product\/31288\/revisions"}],"predecessor-version":[{"id":37111,"href":"https:\/\/www.artestar.eu\/it\/wp-json\/wp\/v2\/product\/31288\/revisions\/37111"}],"wp:featuredmedia":[{"embeddable":true,"href":"https:\/\/www.artestar.eu\/it\/wp-json\/wp\/v2\/media\/13325"}],"wp:attachment":[{"href":"https:\/\/www.artestar.eu\/it\/wp-json\/wp\/v2\/media?parent=31288"}],"wp:term":[{"taxonomy":"product_cat","embeddable":true,"href":"https:\/\/www.artestar.eu\/it\/wp-json\/wp\/v2\/product_cat?post=31288"},{"taxonomy":"product_tag","embeddable":true,"href":"https:\/\/www.artestar.eu\/it\/wp-json\/wp\/v2\/product_tag?post=31288"}],"curies":[{"name":"wp","href":"https:\/\/api.w.org\/{rel}","templated":true}]}}