{"id":31432,"date":"2023-06-05T03:44:00","date_gmt":"2023-06-05T03:44:00","guid":{"rendered":"https:\/\/www.artestar.eu\/al-por-mayor\/perlas-de-biwa-cultivadas-de-agua-dulce-barrocas\/"},"modified":"2023-10-26T02:11:48","modified_gmt":"2023-10-26T02:11:48","slug":"perlas-barrocas-cultivadas-biwa-2","status":"publish","type":"product","link":"https:\/\/www.artestar.eu\/it\/vendita-all-ingrosso\/perlas-barrocas-cultivadas-biwa-2\/","title":{"rendered":"Perlas de biwa cultivadas de agua dulce barrocas"},"content":{"rendered":"<p>Perlas de biwa cultivadas de agua dulce barrocas: Las perlas de n\u00e1car barrocas naturales tienen una forma irregular y caracter\u00edstica. Possono assumere varie forme, come dossi irregolari, forme appiattite o contorni naturali irregolari.<\/p>\n<ul>\n<li>Le perle barocche, coltivate al 100% in acqua dolce dalle ostriche, sono apprezzate per la loro bellezza naturale e biologica. Presentano forme, trame superficiali e contorni distintivi che portano un fascino e una personalit\u00e0 unici. C&#8217;\u00e8 anche una grande variet\u00e0 di colori, come il bianco e il rosa.<\/li>\n<li>Poich\u00e9 queste perle della nostra collezione sono perforabili, non dovrai lottare per perforarle. Grazie alla loro forma unica, le perle barocche offrono ancora pi\u00f9 spazio alla creativit\u00e0 nel design dei gioielli. I designer possono creare pezzi unici e individuali in base alla forma e all&#8217;aspetto delle perle. Pertanto, le perle barocche sono una scelta unica, artistica ed elegante.<\/li>\n<li>Le perle d&#8217;acqua dolce coltivate barocche sono magnifici accessori artigianali. Queste perle possono essere utilizzate in una variet\u00e0 di creazioni di gioielli, come collane, bracciali, ciondoli, orecchini e anelli. La sua forma e il suo aspetto unici possono aggiungere un tocco chic ed elegante a un gioiello.<\/li>\n<li>Che si tratti di un compleanno, anniversario, matrimonio o altra occasione speciale, i gioielli della collezione Baroque Pearls sono un bellissimo regalo pieno di significato. Esprimono un sentimento speciale e buoni auspici per il destinatario e diventano un tesoro senza tempo.<\/li>\n<li>Tutte le perle coltivate al naturale sono uniche. A causa dell&#8217;illuminazione e delle impostazioni del computer, il prodotto ricevuto pu\u00f2 variare leggermente, si prega di leggere le dimensioni delle diverse perle barocche prima dell&#8217;acquisto.<\/li>\n<\/ul>\n<h5>Perlas de biwa cultivadas de agua dulce barrocas<\/h5>\n<ul>\n<li>Si dice che le perle d&#8217;acqua dolce coltivate naturalmente non siano solo belle, ma si ritiene che abbiano anche poteri curativi. Possono aiutare a calmare il cuore; Sbarazzati della depressione causata da fobia sociale o attacchi di panico e bassi livelli di serotonina.<\/li>\n<li>Migliorare la memoria attivando la produzione di fattori di crescita nelle cellule nervose del cervello; e stimolare la produzione di collagene, che rigenera rapidamente lo strato cutaneo del nostro corpo, facendoci sentire belli e vibranti.<\/li>\n<\/ul>\n","protected":false},"excerpt":{"rendered":"<ul>\n<li>Dimensioni: ca. 9 x 22 mm<\/li>\n<li>Quantit\u00e0: ca. 19 unids.<\/li>\n<li>Materiale: perle naturali coltivate d&#8217;acqua dolce<\/li>\n<li>Utilizzato per fare collane, bracciali e altri gioielli<\/li>\n<\/ul>\n","protected":false},"featured_media":13100,"comment_status":"open","ping_status":"closed","template":"","meta":[],"product_cat":[1996,1519,1495],"product_tag":[],"yoast_head":"<!-- This site is optimized with the Yoast SEO Premium plugin v20.5 (Yoast SEO v21.5) - https:\/\/yoast.com\/wordpress\/plugins\/seo\/ -->\n<title>Perlas de biwa cultivadas de agua dulce barrocas - Artestar<\/title>\n<meta name=\"description\" content=\"I separatori di perle coltivate d&#039;acqua dolce sono ottimi accessori per l&#039;artigianato. Tutte le perle coltivate naturali sono uniche.\" \/>\n<meta name=\"robots\" content=\"index, follow, max-snippet:-1, max-image-preview:large, max-video-preview:-1\" \/>\n<link rel=\"canonical\" href=\"https:\/\/www.artestar.eu\/it\/vendita-all-ingrosso\/perlas-barrocas-cultivadas-biwa-2\/\" \/>\n<meta property=\"og:locale\" content=\"it_IT\" \/>\n<meta property=\"og:type\" content=\"article\" \/>\n<meta property=\"og:title\" content=\"Perlas de biwa cultivadas de agua dulce barrocas\" \/>\n<meta property=\"og:description\" content=\"I separatori di perle coltivate d&#039;acqua dolce sono ottimi accessori per l&#039;artigianato. Tutte le perle coltivate naturali sono uniche.\" \/>\n<meta property=\"og:url\" content=\"https:\/\/www.artestar.eu\/it\/vendita-all-ingrosso\/perlas-barrocas-cultivadas-biwa-2\/\" \/>\n<meta property=\"og:site_name\" content=\"Artestar\" \/>\n<meta property=\"article:publisher\" content=\"https:\/\/www.facebook.com\/ARTESTAREU\" \/>\n<meta property=\"article:modified_time\" content=\"2023-10-26T02:11:48+00:00\" \/>\n<meta property=\"og:image\" content=\"https:\/\/www.artestar.eu\/wp-content\/uploads\/2023\/06\/cultured-pearls-baroque-biwa-pearl-stick-01-1.jpg\" \/>\n\t<meta property=\"og:image:width\" content=\"600\" \/>\n\t<meta property=\"og:image:height\" content=\"600\" \/>\n\t<meta property=\"og:image:type\" content=\"image\/jpeg\" \/>\n<meta name=\"twitter:card\" content=\"summary_large_image\" \/>\n<meta name=\"twitter:label1\" content=\"Prezzo\" \/>\n\t<meta name=\"twitter:data1\" content=\"21,61&nbsp;&euro; (IVA non inclusa)\" \/>\n\t<meta name=\"twitter:label2\" content=\"Availability\" \/>\n\t<meta name=\"twitter:data2\" content=\"In stock\" \/>\n<script type=\"application\/ld+json\" class=\"yoast-schema-graph\">{\"@context\":\"https:\/\/schema.org\",\"@graph\":[{\"@type\":\"WebPage\",\"@id\":\"https:\/\/www.artestar.eu\/it\/vendita-all-ingrosso\/perlas-barrocas-cultivadas-biwa-2\/\",\"url\":\"https:\/\/www.artestar.eu\/it\/vendita-all-ingrosso\/perlas-barrocas-cultivadas-biwa-2\/\",\"name\":\"Perlas de biwa cultivadas de agua dulce barrocas - Artestar\",\"isPartOf\":{\"@id\":\"https:\/\/www.artestar.eu\/it\/#website\"},\"datePublished\":\"2023-06-05T03:44:00+00:00\",\"dateModified\":\"2023-10-26T02:11:48+00:00\",\"description\":\"I separatori di perle coltivate d'acqua dolce sono ottimi accessori per l'artigianato. Tutte le perle coltivate naturali sono uniche.\",\"breadcrumb\":{\"@id\":\"https:\/\/www.artestar.eu\/it\/vendita-all-ingrosso\/perlas-barrocas-cultivadas-biwa-2\/#breadcrumb\"},\"inLanguage\":\"it-IT\",\"potentialAction\":[{\"@type\":\"ReadAction\",\"target\":[\"https:\/\/www.artestar.eu\/it\/vendita-all-ingrosso\/perlas-barrocas-cultivadas-biwa-2\/\"]}]},{\"@type\":\"BreadcrumbList\",\"@id\":\"https:\/\/www.artestar.eu\/it\/vendita-all-ingrosso\/perlas-barrocas-cultivadas-biwa-2\/#breadcrumb\",\"itemListElement\":[{\"@type\":\"ListItem\",\"position\":1,\"name\":\"Artestar\",\"item\":\"https:\/\/www.artestar.eu\/it\/\"},{\"@type\":\"ListItem\",\"position\":2,\"name\":\"Vendita all&#8217;ingrosso\",\"item\":\"https:\/\/www.artestar.eu\/it\/vendita-all-ingrosso\/\"},{\"@type\":\"ListItem\",\"position\":3,\"name\":\"Perlas de biwa cultivadas de agua dulce barrocas\"}]},{\"@type\":\"WebSite\",\"@id\":\"https:\/\/www.artestar.eu\/it\/#website\",\"url\":\"https:\/\/www.artestar.eu\/it\/\",\"name\":\"Artestar\",\"description\":\"Mayorista en abalorios y joyer\u00eda\",\"publisher\":{\"@id\":\"https:\/\/www.artestar.eu\/it\/#organization\"},\"alternateName\":\"Artestar-EU\",\"potentialAction\":[{\"@type\":\"SearchAction\",\"target\":{\"@type\":\"EntryPoint\",\"urlTemplate\":\"https:\/\/www.artestar.eu\/it\/?s={search_term_string}\"},\"query-input\":\"required name=search_term_string\"}],\"inLanguage\":\"it-IT\"},{\"@type\":[\"Organization\",\"Place\"],\"@id\":\"https:\/\/www.artestar.eu\/it\/#organization\",\"name\":\"RUBY ABALORIO S.L.\",\"alternateName\":\"Artestar\",\"url\":\"https:\/\/www.artestar.eu\/it\/\",\"logo\":{\"@id\":\"https:\/\/www.artestar.eu\/it\/vendita-all-ingrosso\/perlas-barrocas-cultivadas-biwa-2\/#local-main-organization-logo\"},\"image\":{\"@id\":\"https:\/\/www.artestar.eu\/it\/vendita-all-ingrosso\/perlas-barrocas-cultivadas-biwa-2\/#local-main-organization-logo\"},\"sameAs\":[\"https:\/\/www.facebook.com\/ARTESTAREU\",\"https:\/\/www.instagram.com\/artestareu\/\",\"https:\/\/www.pinterest.es\/artestar_eu\/\",\"https:\/\/www.tiktok.com\/@artestar_wholesale\"],\"openingHoursSpecification\":[{\"@type\":\"OpeningHoursSpecification\",\"dayOfWeek\":[\"Monday\",\"Tuesday\",\"Wednesday\",\"Thursday\",\"Friday\",\"Saturday\",\"Sunday\"],\"opens\":\"09:00\",\"closes\":\"17:00\"}]},{\"@type\":\"ImageObject\",\"inLanguage\":\"it-IT\",\"@id\":\"https:\/\/www.artestar.eu\/it\/vendita-all-ingrosso\/perlas-barrocas-cultivadas-biwa-2\/#local-main-organization-logo\",\"url\":\"https:\/\/www.artestar.eu\/wp-content\/uploads\/2023\/05\/cropped-png.png\",\"contentUrl\":\"https:\/\/www.artestar.eu\/wp-content\/uploads\/2023\/05\/cropped-png.png\",\"width\":512,\"height\":512,\"caption\":\"RUBY ABALORIO S.L.\"}]}<\/script>\n<meta property=\"product:price:amount\" content=\"21.61\" \/>\n<meta property=\"product:price:currency\" content=\"EUR\" \/>\n<meta property=\"og:availability\" content=\"instock\" \/>\n<meta property=\"product:availability\" content=\"instock\" \/>\n<meta property=\"product:retailer_item_id\" content=\"ZZ-YX-0017\" \/>\n<meta property=\"product:condition\" content=\"new\" \/>\n<!-- \/ Yoast SEO Premium plugin. -->","yoast_head_json":{"title":"Perlas de biwa cultivadas de agua dulce barrocas - Artestar","description":"I separatori di perle coltivate d'acqua dolce sono ottimi accessori per l'artigianato. Tutte le perle coltivate naturali sono uniche.","robots":{"index":"index","follow":"follow","max-snippet":"max-snippet:-1","max-image-preview":"max-image-preview:large","max-video-preview":"max-video-preview:-1"},"canonical":"https:\/\/www.artestar.eu\/it\/vendita-all-ingrosso\/perlas-barrocas-cultivadas-biwa-2\/","og_locale":"it_IT","og_type":"article","og_title":"Perlas de biwa cultivadas de agua dulce barrocas","og_description":"I separatori di perle coltivate d'acqua dolce sono ottimi accessori per l'artigianato. Tutte le perle coltivate naturali sono uniche.","og_url":"https:\/\/www.artestar.eu\/it\/vendita-all-ingrosso\/perlas-barrocas-cultivadas-biwa-2\/","og_site_name":"Artestar","article_publisher":"https:\/\/www.facebook.com\/ARTESTAREU","article_modified_time":"2023-10-26T02:11:48+00:00","og_image":[{"width":600,"height":600,"url":"https:\/\/www.artestar.eu\/wp-content\/uploads\/2023\/06\/cultured-pearls-baroque-biwa-pearl-stick-01-1.jpg","type":"image\/jpeg"}],"twitter_card":"summary_large_image","twitter_misc":{"Prezzo":"21,61&nbsp;&euro; (IVA non inclusa)","Availability":"In stock"},"schema":{"@context":"https:\/\/schema.org","@graph":[{"@type":"WebPage","@id":"https:\/\/www.artestar.eu\/it\/vendita-all-ingrosso\/perlas-barrocas-cultivadas-biwa-2\/","url":"https:\/\/www.artestar.eu\/it\/vendita-all-ingrosso\/perlas-barrocas-cultivadas-biwa-2\/","name":"Perlas de biwa cultivadas de agua dulce barrocas - Artestar","isPartOf":{"@id":"https:\/\/www.artestar.eu\/it\/#website"},"datePublished":"2023-06-05T03:44:00+00:00","dateModified":"2023-10-26T02:11:48+00:00","description":"I separatori di perle coltivate d'acqua dolce sono ottimi accessori per l'artigianato. Tutte le perle coltivate naturali sono uniche.","breadcrumb":{"@id":"https:\/\/www.artestar.eu\/it\/vendita-all-ingrosso\/perlas-barrocas-cultivadas-biwa-2\/#breadcrumb"},"inLanguage":"it-IT","potentialAction":[{"@type":"ReadAction","target":["https:\/\/www.artestar.eu\/it\/vendita-all-ingrosso\/perlas-barrocas-cultivadas-biwa-2\/"]}]},{"@type":"BreadcrumbList","@id":"https:\/\/www.artestar.eu\/it\/vendita-all-ingrosso\/perlas-barrocas-cultivadas-biwa-2\/#breadcrumb","itemListElement":[{"@type":"ListItem","position":1,"name":"Artestar","item":"https:\/\/www.artestar.eu\/it\/"},{"@type":"ListItem","position":2,"name":"Vendita all&#8217;ingrosso","item":"https:\/\/www.artestar.eu\/it\/vendita-all-ingrosso\/"},{"@type":"ListItem","position":3,"name":"Perlas de biwa cultivadas de agua dulce barrocas"}]},{"@type":"WebSite","@id":"https:\/\/www.artestar.eu\/it\/#website","url":"https:\/\/www.artestar.eu\/it\/","name":"Artestar","description":"Mayorista en abalorios y joyer\u00eda","publisher":{"@id":"https:\/\/www.artestar.eu\/it\/#organization"},"alternateName":"Artestar-EU","potentialAction":[{"@type":"SearchAction","target":{"@type":"EntryPoint","urlTemplate":"https:\/\/www.artestar.eu\/it\/?s={search_term_string}"},"query-input":"required name=search_term_string"}],"inLanguage":"it-IT"},{"@type":["Organization","Place"],"@id":"https:\/\/www.artestar.eu\/it\/#organization","name":"RUBY ABALORIO S.L.","alternateName":"Artestar","url":"https:\/\/www.artestar.eu\/it\/","logo":{"@id":"https:\/\/www.artestar.eu\/it\/vendita-all-ingrosso\/perlas-barrocas-cultivadas-biwa-2\/#local-main-organization-logo"},"image":{"@id":"https:\/\/www.artestar.eu\/it\/vendita-all-ingrosso\/perlas-barrocas-cultivadas-biwa-2\/#local-main-organization-logo"},"sameAs":["https:\/\/www.facebook.com\/ARTESTAREU","https:\/\/www.instagram.com\/artestareu\/","https:\/\/www.pinterest.es\/artestar_eu\/","https:\/\/www.tiktok.com\/@artestar_wholesale"],"openingHoursSpecification":[{"@type":"OpeningHoursSpecification","dayOfWeek":["Monday","Tuesday","Wednesday","Thursday","Friday","Saturday","Sunday"],"opens":"09:00","closes":"17:00"}]},{"@type":"ImageObject","inLanguage":"it-IT","@id":"https:\/\/www.artestar.eu\/it\/vendita-all-ingrosso\/perlas-barrocas-cultivadas-biwa-2\/#local-main-organization-logo","url":"https:\/\/www.artestar.eu\/wp-content\/uploads\/2023\/05\/cropped-png.png","contentUrl":"https:\/\/www.artestar.eu\/wp-content\/uploads\/2023\/05\/cropped-png.png","width":512,"height":512,"caption":"RUBY ABALORIO S.L."}]},"product_price_amount":"21.61","product_price_currency":"EUR","og_availability":"instock","product_availability":"instock","product_retailer_item_id":"ZZ-YX-0017","product_condition":"new"},"tiered_pricing_type":"fixed","tiered_pricing_fixed_rules":[],"tiered_pricing_percentage_rules":[],"tiered_pricing_minimum":null,"_administrator_tiered_pricing_type":"fixed","_administrator_tiered_pricing_fixed_rules":[],"_editor_tiered_pricing_type":"fixed","_editor_tiered_pricing_fixed_rules":[],"_author_tiered_pricing_type":"fixed","_author_tiered_pricing_fixed_rules":[],"_contributor_tiered_pricing_type":"fixed","_contributor_tiered_pricing_fixed_rules":[],"_subscriber_tiered_pricing_type":"fixed","_subscriber_tiered_pricing_fixed_rules":[],"_wpseo_manager_tiered_pricing_type":"fixed","_wpseo_manager_tiered_pricing_fixed_rules":[],"_wpseo_editor_tiered_pricing_type":"fixed","_wpseo_editor_tiered_pricing_fixed_rules":[],"_customer_tiered_pricing_type":"fixed","_customer_tiered_pricing_fixed_rules":[],"_shop_manager_tiered_pricing_type":"fixed","_shop_manager_tiered_pricing_fixed_rules":[],"_product_manager_tiered_pricing_type":"fixed","_product_manager_tiered_pricing_fixed_rules":[],"_links":{"self":[{"href":"https:\/\/www.artestar.eu\/it\/wp-json\/wp\/v2\/product\/31432"}],"collection":[{"href":"https:\/\/www.artestar.eu\/it\/wp-json\/wp\/v2\/product"}],"about":[{"href":"https:\/\/www.artestar.eu\/it\/wp-json\/wp\/v2\/types\/product"}],"replies":[{"embeddable":true,"href":"https:\/\/www.artestar.eu\/it\/wp-json\/wp\/v2\/comments?post=31432"}],"version-history":[{"count":2,"href":"https:\/\/www.artestar.eu\/it\/wp-json\/wp\/v2\/product\/31432\/revisions"}],"predecessor-version":[{"id":37198,"href":"https:\/\/www.artestar.eu\/it\/wp-json\/wp\/v2\/product\/31432\/revisions\/37198"}],"wp:featuredmedia":[{"embeddable":true,"href":"https:\/\/www.artestar.eu\/it\/wp-json\/wp\/v2\/media\/13100"}],"wp:attachment":[{"href":"https:\/\/www.artestar.eu\/it\/wp-json\/wp\/v2\/media?parent=31432"}],"wp:term":[{"taxonomy":"product_cat","embeddable":true,"href":"https:\/\/www.artestar.eu\/it\/wp-json\/wp\/v2\/product_cat?post=31432"},{"taxonomy":"product_tag","embeddable":true,"href":"https:\/\/www.artestar.eu\/it\/wp-json\/wp\/v2\/product_tag?post=31432"}],"curies":[{"name":"wp","href":"https:\/\/api.w.org\/{rel}","templated":true}]}}