{"id":35137,"date":"2023-09-08T09:11:37","date_gmt":"2023-09-08T09:11:37","guid":{"rendered":"https:\/\/www.artestar.eu\/al-por-mayor\/filati-di-poliestere-intrecciati-colorati\/"},"modified":"2023-09-08T09:11:37","modified_gmt":"2023-09-08T09:11:37","slug":"filati-colorati-intrecciati-poliestere","status":"publish","type":"product","link":"https:\/\/www.artestar.eu\/it\/vendita-all-ingrosso\/filati-colorati-intrecciati-poliestere\/","title":{"rendered":"Filati di poliestere intrecciati colorati"},"content":{"rendered":"<p>Filati di poliestere intrecciati colorati<\/p>\n<ul>\n<li>Colore durevole: i filati di poliestere sono realizzati in fibre di poliestere, utilizzando un processo di tintura di alta qualit\u00e0, i filati di poliestere sono pieni di colore e resistenti. I colori rimangono vividi sia all&#8217;interno che all&#8217;esterno.<\/li>\n<li>Praticit\u00e0: il filato di poliestere intrecciato colorato \u00e8 molto resistente, con un&#8217;eccellente resistenza all&#8217;abrasione e durata. Inoltre, non si aggroviglia, non sbiadisce, \u00e8 facile da usare e memorizzare. Ed \u00e8 adatto per una vasta gamma di applicazioni, come abbigliamento, decorazioni per la casa, artigianato e altro ancora.<\/li>\n<li>Uso versatile: il filato intrecciato di poliestere sar\u00e0 l&#8217;ideale per i tuoi mestieri. Adatto per perline di bigiotteria, artigianato fai-da-te, maglieria di pizzo, annodatura facile, bracciali, collane, ecc.<\/li>\n<li>Facile manutenzione: il filato di poliestere tinto non sbiadisce o sbiadisce facilmente e pu\u00f2 resistere a pi\u00f9 lavaggi e all&#8217;uso quotidiano.<\/li>\n<\/ul>\n<p><img decoding=\"async\" class=\"alignnone size-full wp-image-34342\" src=\"https:\/\/www.artestar.eu\/wp-content\/uploads\/2023\/09\/Colorful-braided-polyester-thread-for-braided-jewelry-lace-bracelets-02.jpg\" alt=\"Filati di poliestere intrecciati colorati\" width=\"600\" height=\"600\" srcset=\"https:\/\/www.artestar.eu\/wp-content\/uploads\/2023\/09\/Colorful-braided-polyester-thread-for-braided-jewelry-lace-bracelets-02.jpg 600w, https:\/\/www.artestar.eu\/wp-content\/uploads\/2023\/09\/Colorful-braided-polyester-thread-for-braided-jewelry-lace-bracelets-02-300x300.jpg 300w, https:\/\/www.artestar.eu\/wp-content\/uploads\/2023\/09\/Colorful-braided-polyester-thread-for-braided-jewelry-lace-bracelets-02-150x150.jpg 150w, https:\/\/www.artestar.eu\/wp-content\/uploads\/2023\/09\/Colorful-braided-polyester-thread-for-braided-jewelry-lace-bracelets-02-450x450.jpg 450w, https:\/\/www.artestar.eu\/wp-content\/uploads\/2023\/09\/Colorful-braided-polyester-thread-for-braided-jewelry-lace-bracelets-02-54x54.jpg 54w\" sizes=\"(max-width: 600px) 100vw, 600px\" \/><\/p>\n<p>Filati di poliestere intrecciati<\/p>\n<ul>\n<li>Perch\u00e9 ogni rotolo di corda intrecciata \u00e8 disponibile in quantit\u00e0 sufficiente e in una variet\u00e0 di colori. Se decidete di utilizzare questi fili di poliestere per fare dei bei nodi cinesi. Tessere reti da sogno, impacchettare bottiglie, regali, ecc. Crediamo che i tuoi mestieri saliranno ad un nuovo livello.<\/li>\n<li>Scegli filati di poliestere intrecciati colorati per una creativit\u00e0 senza limiti e prodotti pi\u00f9 unici e attraenti.<\/li>\n<li>Nota: si prega di consentire un leggero errore dovuto alla misurazione manuale.<\/li>\n<\/ul>\n","protected":false},"excerpt":{"rendered":"<ul>\n<li>Quantit\u00e0: 1 pz.<\/li>\n<li>Dimensioni: circa \u22051mm; Bobina: 54&#215;58 mm; Circa. 80 m\/rotolo.<\/li>\n<li>Cordino intrecciato per bracciali fai da te, collana, accessori per la realizzazione di gioielli.<\/li>\n<\/ul>\n","protected":false},"featured_media":34358,"comment_status":"open","ping_status":"closed","template":"","meta":[],"product_cat":[2398,2381],"product_tag":[2872,2875,2880,2889,2892,2897,2868,2900],"yoast_head":"<!-- This site is optimized with the Yoast SEO Premium plugin v20.5 (Yoast SEO v21.5) - https:\/\/yoast.com\/wordpress\/plugins\/seo\/ -->\n<title>Filati di poliestere intrecciati colorati - Artestar<\/title>\n<meta name=\"description\" content=\"Il filo di poliestere intrecciato colorato \u00e8 compatibile con diverse perle e accessori per gioielli. Divertiamoci a creare insieme.\" \/>\n<meta name=\"robots\" content=\"index, follow, max-snippet:-1, max-image-preview:large, max-video-preview:-1\" \/>\n<link rel=\"canonical\" href=\"https:\/\/www.artestar.eu\/it\/vendita-all-ingrosso\/filati-colorati-intrecciati-poliestere\/\" \/>\n<meta property=\"og:locale\" content=\"it_IT\" \/>\n<meta property=\"og:type\" content=\"article\" \/>\n<meta property=\"og:title\" content=\"Filati di poliestere intrecciati colorati\" \/>\n<meta property=\"og:description\" content=\"Il filo di poliestere intrecciato colorato \u00e8 compatibile con diverse perle e accessori per gioielli. Divertiamoci a creare insieme.\" \/>\n<meta property=\"og:url\" content=\"https:\/\/www.artestar.eu\/it\/vendita-all-ingrosso\/filati-colorati-intrecciati-poliestere\/\" \/>\n<meta property=\"og:site_name\" content=\"Artestar\" \/>\n<meta property=\"article:publisher\" content=\"https:\/\/www.facebook.com\/ARTESTAREU\" \/>\n<meta property=\"og:image\" content=\"https:\/\/www.artestar.eu\/wp-content\/uploads\/2023\/09\/Colorful-braided-polyester-thread-for-braided-jewelry-lace-bracelets.jpg\" \/>\n\t<meta property=\"og:image:width\" content=\"600\" \/>\n\t<meta property=\"og:image:height\" content=\"600\" \/>\n\t<meta property=\"og:image:type\" content=\"image\/jpeg\" \/>\n<meta name=\"twitter:card\" content=\"summary_large_image\" \/>\n<meta name=\"twitter:label1\" content=\"Availability\" \/>\n\t<meta name=\"twitter:data1\" content=\"In stock\" \/>\n<script type=\"application\/ld+json\" class=\"yoast-schema-graph\">{\"@context\":\"https:\/\/schema.org\",\"@graph\":[{\"@type\":\"WebPage\",\"@id\":\"https:\/\/www.artestar.eu\/it\/vendita-all-ingrosso\/filati-colorati-intrecciati-poliestere\/\",\"url\":\"https:\/\/www.artestar.eu\/it\/vendita-all-ingrosso\/filati-colorati-intrecciati-poliestere\/\",\"name\":\"Filati di poliestere intrecciati colorati - Artestar\",\"isPartOf\":{\"@id\":\"https:\/\/www.artestar.eu\/it\/#website\"},\"datePublished\":\"2023-09-08T09:11:37+00:00\",\"dateModified\":\"2023-09-08T09:11:37+00:00\",\"description\":\"Il filo di poliestere intrecciato colorato \u00e8 compatibile con diverse perle e accessori per gioielli. Divertiamoci a creare insieme.\",\"breadcrumb\":{\"@id\":\"https:\/\/www.artestar.eu\/it\/vendita-all-ingrosso\/filati-colorati-intrecciati-poliestere\/#breadcrumb\"},\"inLanguage\":\"it-IT\",\"potentialAction\":[{\"@type\":\"ReadAction\",\"target\":[\"https:\/\/www.artestar.eu\/it\/vendita-all-ingrosso\/filati-colorati-intrecciati-poliestere\/\"]}]},{\"@type\":\"BreadcrumbList\",\"@id\":\"https:\/\/www.artestar.eu\/it\/vendita-all-ingrosso\/filati-colorati-intrecciati-poliestere\/#breadcrumb\",\"itemListElement\":[{\"@type\":\"ListItem\",\"position\":1,\"name\":\"Artestar\",\"item\":\"https:\/\/www.artestar.eu\/it\/\"},{\"@type\":\"ListItem\",\"position\":2,\"name\":\"Vendita all&#8217;ingrosso\",\"item\":\"https:\/\/www.artestar.eu\/it\/vendita-all-ingrosso\/\"},{\"@type\":\"ListItem\",\"position\":3,\"name\":\"Filati di poliestere intrecciati colorati\"}]},{\"@type\":\"WebSite\",\"@id\":\"https:\/\/www.artestar.eu\/it\/#website\",\"url\":\"https:\/\/www.artestar.eu\/it\/\",\"name\":\"Artestar\",\"description\":\"Mayorista en abalorios y joyer\u00eda\",\"publisher\":{\"@id\":\"https:\/\/www.artestar.eu\/it\/#organization\"},\"alternateName\":\"Artestar-EU\",\"potentialAction\":[{\"@type\":\"SearchAction\",\"target\":{\"@type\":\"EntryPoint\",\"urlTemplate\":\"https:\/\/www.artestar.eu\/it\/?s={search_term_string}\"},\"query-input\":\"required name=search_term_string\"}],\"inLanguage\":\"it-IT\"},{\"@type\":[\"Organization\",\"Place\"],\"@id\":\"https:\/\/www.artestar.eu\/it\/#organization\",\"name\":\"RUBY ABALORIO S.L.\",\"alternateName\":\"Artestar\",\"url\":\"https:\/\/www.artestar.eu\/it\/\",\"logo\":{\"@id\":\"https:\/\/www.artestar.eu\/it\/vendita-all-ingrosso\/filati-colorati-intrecciati-poliestere\/#local-main-organization-logo\"},\"image\":{\"@id\":\"https:\/\/www.artestar.eu\/it\/vendita-all-ingrosso\/filati-colorati-intrecciati-poliestere\/#local-main-organization-logo\"},\"sameAs\":[\"https:\/\/www.facebook.com\/ARTESTAREU\",\"https:\/\/www.instagram.com\/artestareu\/\",\"https:\/\/www.pinterest.es\/artestar_eu\/\",\"https:\/\/www.tiktok.com\/@artestar_wholesale\"],\"openingHoursSpecification\":[{\"@type\":\"OpeningHoursSpecification\",\"dayOfWeek\":[\"Monday\",\"Tuesday\",\"Wednesday\",\"Thursday\",\"Friday\",\"Saturday\",\"Sunday\"],\"opens\":\"09:00\",\"closes\":\"17:00\"}]},{\"@type\":\"ImageObject\",\"inLanguage\":\"it-IT\",\"@id\":\"https:\/\/www.artestar.eu\/it\/vendita-all-ingrosso\/filati-colorati-intrecciati-poliestere\/#local-main-organization-logo\",\"url\":\"https:\/\/www.artestar.eu\/wp-content\/uploads\/2023\/05\/cropped-png.png\",\"contentUrl\":\"https:\/\/www.artestar.eu\/wp-content\/uploads\/2023\/05\/cropped-png.png\",\"width\":512,\"height\":512,\"caption\":\"RUBY ABALORIO S.L.\"}]}<\/script>\n<meta property=\"og:availability\" content=\"instock\" \/>\n<meta property=\"product:availability\" content=\"instock\" \/>\n<meta property=\"product:retailer_item_id\" content=\"XS-DL0001-0025\" \/>\n<meta property=\"product:condition\" content=\"new\" \/>\n<!-- \/ Yoast SEO Premium plugin. -->","yoast_head_json":{"title":"Filati di poliestere intrecciati colorati - Artestar","description":"Il filo di poliestere intrecciato colorato \u00e8 compatibile con diverse perle e accessori per gioielli. Divertiamoci a creare insieme.","robots":{"index":"index","follow":"follow","max-snippet":"max-snippet:-1","max-image-preview":"max-image-preview:large","max-video-preview":"max-video-preview:-1"},"canonical":"https:\/\/www.artestar.eu\/it\/vendita-all-ingrosso\/filati-colorati-intrecciati-poliestere\/","og_locale":"it_IT","og_type":"article","og_title":"Filati di poliestere intrecciati colorati","og_description":"Il filo di poliestere intrecciato colorato \u00e8 compatibile con diverse perle e accessori per gioielli. Divertiamoci a creare insieme.","og_url":"https:\/\/www.artestar.eu\/it\/vendita-all-ingrosso\/filati-colorati-intrecciati-poliestere\/","og_site_name":"Artestar","article_publisher":"https:\/\/www.facebook.com\/ARTESTAREU","og_image":[{"width":600,"height":600,"url":"https:\/\/www.artestar.eu\/wp-content\/uploads\/2023\/09\/Colorful-braided-polyester-thread-for-braided-jewelry-lace-bracelets.jpg","type":"image\/jpeg"}],"twitter_card":"summary_large_image","twitter_misc":{"Availability":"In stock"},"schema":{"@context":"https:\/\/schema.org","@graph":[{"@type":"WebPage","@id":"https:\/\/www.artestar.eu\/it\/vendita-all-ingrosso\/filati-colorati-intrecciati-poliestere\/","url":"https:\/\/www.artestar.eu\/it\/vendita-all-ingrosso\/filati-colorati-intrecciati-poliestere\/","name":"Filati di poliestere intrecciati colorati - Artestar","isPartOf":{"@id":"https:\/\/www.artestar.eu\/it\/#website"},"datePublished":"2023-09-08T09:11:37+00:00","dateModified":"2023-09-08T09:11:37+00:00","description":"Il filo di poliestere intrecciato colorato \u00e8 compatibile con diverse perle e accessori per gioielli. Divertiamoci a creare insieme.","breadcrumb":{"@id":"https:\/\/www.artestar.eu\/it\/vendita-all-ingrosso\/filati-colorati-intrecciati-poliestere\/#breadcrumb"},"inLanguage":"it-IT","potentialAction":[{"@type":"ReadAction","target":["https:\/\/www.artestar.eu\/it\/vendita-all-ingrosso\/filati-colorati-intrecciati-poliestere\/"]}]},{"@type":"BreadcrumbList","@id":"https:\/\/www.artestar.eu\/it\/vendita-all-ingrosso\/filati-colorati-intrecciati-poliestere\/#breadcrumb","itemListElement":[{"@type":"ListItem","position":1,"name":"Artestar","item":"https:\/\/www.artestar.eu\/it\/"},{"@type":"ListItem","position":2,"name":"Vendita all&#8217;ingrosso","item":"https:\/\/www.artestar.eu\/it\/vendita-all-ingrosso\/"},{"@type":"ListItem","position":3,"name":"Filati di poliestere intrecciati colorati"}]},{"@type":"WebSite","@id":"https:\/\/www.artestar.eu\/it\/#website","url":"https:\/\/www.artestar.eu\/it\/","name":"Artestar","description":"Mayorista en abalorios y joyer\u00eda","publisher":{"@id":"https:\/\/www.artestar.eu\/it\/#organization"},"alternateName":"Artestar-EU","potentialAction":[{"@type":"SearchAction","target":{"@type":"EntryPoint","urlTemplate":"https:\/\/www.artestar.eu\/it\/?s={search_term_string}"},"query-input":"required name=search_term_string"}],"inLanguage":"it-IT"},{"@type":["Organization","Place"],"@id":"https:\/\/www.artestar.eu\/it\/#organization","name":"RUBY ABALORIO S.L.","alternateName":"Artestar","url":"https:\/\/www.artestar.eu\/it\/","logo":{"@id":"https:\/\/www.artestar.eu\/it\/vendita-all-ingrosso\/filati-colorati-intrecciati-poliestere\/#local-main-organization-logo"},"image":{"@id":"https:\/\/www.artestar.eu\/it\/vendita-all-ingrosso\/filati-colorati-intrecciati-poliestere\/#local-main-organization-logo"},"sameAs":["https:\/\/www.facebook.com\/ARTESTAREU","https:\/\/www.instagram.com\/artestareu\/","https:\/\/www.pinterest.es\/artestar_eu\/","https:\/\/www.tiktok.com\/@artestar_wholesale"],"openingHoursSpecification":[{"@type":"OpeningHoursSpecification","dayOfWeek":["Monday","Tuesday","Wednesday","Thursday","Friday","Saturday","Sunday"],"opens":"09:00","closes":"17:00"}]},{"@type":"ImageObject","inLanguage":"it-IT","@id":"https:\/\/www.artestar.eu\/it\/vendita-all-ingrosso\/filati-colorati-intrecciati-poliestere\/#local-main-organization-logo","url":"https:\/\/www.artestar.eu\/wp-content\/uploads\/2023\/05\/cropped-png.png","contentUrl":"https:\/\/www.artestar.eu\/wp-content\/uploads\/2023\/05\/cropped-png.png","width":512,"height":512,"caption":"RUBY ABALORIO S.L."}]},"og_availability":"instock","product_availability":"instock","product_retailer_item_id":"XS-DL0001-0025","product_condition":"new"},"tiered_pricing_type":"fixed","tiered_pricing_fixed_rules":[],"tiered_pricing_percentage_rules":[],"tiered_pricing_minimum":null,"_administrator_tiered_pricing_type":"fixed","_administrator_tiered_pricing_fixed_rules":[],"_editor_tiered_pricing_type":"fixed","_editor_tiered_pricing_fixed_rules":[],"_author_tiered_pricing_type":"fixed","_author_tiered_pricing_fixed_rules":[],"_contributor_tiered_pricing_type":"fixed","_contributor_tiered_pricing_fixed_rules":[],"_subscriber_tiered_pricing_type":"fixed","_subscriber_tiered_pricing_fixed_rules":[],"_wpseo_manager_tiered_pricing_type":"fixed","_wpseo_manager_tiered_pricing_fixed_rules":[],"_wpseo_editor_tiered_pricing_type":"fixed","_wpseo_editor_tiered_pricing_fixed_rules":[],"_customer_tiered_pricing_type":"fixed","_customer_tiered_pricing_fixed_rules":[],"_shop_manager_tiered_pricing_type":"fixed","_shop_manager_tiered_pricing_fixed_rules":[],"_product_manager_tiered_pricing_type":"fixed","_product_manager_tiered_pricing_fixed_rules":[],"_links":{"self":[{"href":"https:\/\/www.artestar.eu\/it\/wp-json\/wp\/v2\/product\/35137"}],"collection":[{"href":"https:\/\/www.artestar.eu\/it\/wp-json\/wp\/v2\/product"}],"about":[{"href":"https:\/\/www.artestar.eu\/it\/wp-json\/wp\/v2\/types\/product"}],"replies":[{"embeddable":true,"href":"https:\/\/www.artestar.eu\/it\/wp-json\/wp\/v2\/comments?post=35137"}],"version-history":[{"count":0,"href":"https:\/\/www.artestar.eu\/it\/wp-json\/wp\/v2\/product\/35137\/revisions"}],"wp:featuredmedia":[{"embeddable":true,"href":"https:\/\/www.artestar.eu\/it\/wp-json\/wp\/v2\/media\/34358"}],"wp:attachment":[{"href":"https:\/\/www.artestar.eu\/it\/wp-json\/wp\/v2\/media?parent=35137"}],"wp:term":[{"taxonomy":"product_cat","embeddable":true,"href":"https:\/\/www.artestar.eu\/it\/wp-json\/wp\/v2\/product_cat?post=35137"},{"taxonomy":"product_tag","embeddable":true,"href":"https:\/\/www.artestar.eu\/it\/wp-json\/wp\/v2\/product_tag?post=35137"}],"curies":[{"name":"wp","href":"https:\/\/api.w.org\/{rel}","templated":true}]}}