{"id":35262,"date":"2023-09-14T02:23:53","date_gmt":"2023-09-14T02:23:53","guid":{"rendered":"https:\/\/www.artestar.eu\/al-por-mayor\/bracciale-scorrevole-regolabile-in-ottone-con-estremita-a-sfera\/"},"modified":"2023-09-19T03:16:06","modified_gmt":"2023-09-19T03:16:06","slug":"scorrevole-ottone-bracciale-scorrevole-regolabilecon-sfera-estremita","status":"publish","type":"product","link":"https:\/\/www.artestar.eu\/it\/vendita-all-ingrosso\/scorrevole-ottone-bracciale-scorrevole-regolabilecon-sfera-estremita\/","title":{"rendered":"Bracciale scorrevole regolabile in ottone (con estremit\u00e0 a sfera)"},"content":{"rendered":"<h5>Bracciale scorrevole regolabile in ottone (con estremit\u00e0 a sfera)<\/h5>\n<ul>\n<li>Design: Questo bracciale \u00e8 realizzato con una catena di rame. Il tallone di arresto (con impugnatura in gomma all&#8217;interno) scorre lungo la catena della cassa per mantenere il bracciale saldamente alla lunghezza desiderata. I dettagli rotondi in vetro dell&#8217;estremit\u00e0 sono saldati. Perch\u00e9 il braccialetto viene fornito con due anelli di salto che possono essere agganciati. Permettendoti di aggiungere una variet\u00e0 di ornamenti per creare un braccialetto unico in base alle tue preferenze personali e alla tua creativit\u00e0.<\/li>\n<li>Materiale: Poich\u00e9 questo braccialetto \u00e8 realizzato in ottone, l&#8217;ottone resiste alla corrosione e all&#8217;usura., la placcatura \u00e8 resistente e non sbiadisce facilmente. I braccialetti a catena scorrevoli cattureranno sicuramente la luce e creeranno un bagliore vibrante che far\u00e0 emergere il lusso in te.<\/li>\n<li>Uso: Questo braccialetto semilavorato \u00e8 facile da indossare. Perch\u00e9 \u00e8 sufficiente far scorrere il singolo cursore a forma di perlina lungo la catena per mantenerlo in posizione per l&#8217;intera lunghezza della catena. Inserire due anelli di collegamento per completare il bracciale. Perch\u00e9 la lunghezza del bracciale si adatta a tutte le dimensioni del polso e pu\u00f2 essere regolata in base alle tue preferenze ed esigenze personali.<\/li>\n<li>Applicazione: Perch\u00e9 \u00e8 possibile aggiungere una variet\u00e0 di ciondoli, perle semipreziose, perle di cristallo, perle e altri ornamenti su entrambi i lati dell&#8217;anello aperto. \u00c8 una buona scelta regalo per la tua famiglia e i tuoi amici per la festa della mamma, Halloween, San Valentino, Natale e altre festivit\u00e0.<\/li>\n<\/ul>\n<p><img decoding=\"async\" class=\"alignnone size-full wp-image-34938\" src=\"https:\/\/www.artestar.eu\/wp-content\/uploads\/2023\/09\/brass-slider-adjustable-slider-bracelet-with-ball-ends-03.jpg\" alt=\"Bracciale scorrevole regolabile in ottone (con estremit\u00e0 a sfera)\" width=\"600\" height=\"600\" srcset=\"https:\/\/www.artestar.eu\/wp-content\/uploads\/2023\/09\/brass-slider-adjustable-slider-bracelet-with-ball-ends-03.jpg 600w, https:\/\/www.artestar.eu\/wp-content\/uploads\/2023\/09\/brass-slider-adjustable-slider-bracelet-with-ball-ends-03-300x300.jpg 300w, https:\/\/www.artestar.eu\/wp-content\/uploads\/2023\/09\/brass-slider-adjustable-slider-bracelet-with-ball-ends-03-150x150.jpg 150w, https:\/\/www.artestar.eu\/wp-content\/uploads\/2023\/09\/brass-slider-adjustable-slider-bracelet-with-ball-ends-03-450x450.jpg 450w, https:\/\/www.artestar.eu\/wp-content\/uploads\/2023\/09\/brass-slider-adjustable-slider-bracelet-with-ball-ends-03-54x54.jpg 54w\" sizes=\"(max-width: 600px) 100vw, 600px\" \/><\/p>\n<h5>Bracciale scorrevole regolabile in ottone<\/h5>\n<p>&nbsp;<\/p>\n<ul>\n<li>Nota: si prega di consentire un leggero errore dovuto alla misurazione manuale.<\/li>\n<\/ul>\n","protected":false},"excerpt":{"rendered":"<ul>\n<li>Quantit\u00e0: 1 pz.<\/li>\n<li class=\"a-spacing-mini\"><span class=\"a-list-item\">Dimensioni approssimative <\/span>: <span class=\"a-list-item\">220 mm di lunghezza, 1,2 mm di spessore, foro: 2 mm.<\/span><\/li>\n<li>Pu\u00f2 essere utilizzato con perline, accessori appesi, ecc. Per realizzare braccialetti.<\/li>\n<\/ul>\n","protected":false},"featured_media":34924,"comment_status":"open","ping_status":"closed","template":"","meta":[],"product_cat":[1673,2371],"product_tag":[3075,3123,3124,2897,2868],"yoast_head":"<!-- This site is optimized with the Yoast SEO Premium plugin v20.5 (Yoast SEO v21.5) - https:\/\/yoast.com\/wordpress\/plugins\/seo\/ -->\n<title>Bracciale scorrevole regolabile in ottone -% Artestar Artestar%%<\/title>\n<meta name=\"description\" content=\"Il cursore del bracciale scorrevole regolabile in ottone si combina con diverse perline e accessori per creare diversi stili di bracciale.\" \/>\n<meta name=\"robots\" content=\"index, follow, max-snippet:-1, max-image-preview:large, max-video-preview:-1\" \/>\n<link rel=\"canonical\" href=\"https:\/\/www.artestar.eu\/it\/vendita-all-ingrosso\/scorrevole-ottone-bracciale-scorrevole-regolabilecon-sfera-estremita\/\" \/>\n<meta property=\"og:locale\" content=\"it_IT\" \/>\n<meta property=\"og:type\" content=\"article\" \/>\n<meta property=\"og:title\" content=\"Bracciale scorrevole regolabile in ottone (con estremit\u00e0 a sfera)\" \/>\n<meta property=\"og:description\" content=\"Il cursore del bracciale scorrevole regolabile in ottone si combina con diverse perline e accessori per creare diversi stili di bracciale.\" \/>\n<meta property=\"og:url\" content=\"https:\/\/www.artestar.eu\/it\/vendita-all-ingrosso\/scorrevole-ottone-bracciale-scorrevole-regolabilecon-sfera-estremita\/\" \/>\n<meta property=\"og:site_name\" content=\"Artestar\" \/>\n<meta property=\"article:publisher\" content=\"https:\/\/www.facebook.com\/ARTESTAREU\" \/>\n<meta property=\"article:modified_time\" content=\"2023-09-19T03:16:06+00:00\" \/>\n<meta property=\"og:image\" content=\"https:\/\/www.artestar.eu\/wp-content\/uploads\/2023\/09\/brass-slider-adjustable-slider-bracelet-with-ball-ends.jpg\" \/>\n\t<meta property=\"og:image:width\" content=\"600\" \/>\n\t<meta property=\"og:image:height\" content=\"600\" \/>\n\t<meta property=\"og:image:type\" content=\"image\/jpeg\" \/>\n<meta name=\"twitter:card\" content=\"summary_large_image\" \/>\n<meta name=\"twitter:label1\" content=\"Prezzo\" \/>\n\t<meta name=\"twitter:data1\" content=\"0,76&nbsp;&euro; (IVA non inclusa)\" \/>\n\t<meta name=\"twitter:label2\" content=\"Availability\" \/>\n\t<meta name=\"twitter:data2\" content=\"In stock\" \/>\n<script type=\"application\/ld+json\" class=\"yoast-schema-graph\">{\"@context\":\"https:\/\/schema.org\",\"@graph\":[{\"@type\":\"WebPage\",\"@id\":\"https:\/\/www.artestar.eu\/it\/vendita-all-ingrosso\/scorrevole-ottone-bracciale-scorrevole-regolabilecon-sfera-estremita\/\",\"url\":\"https:\/\/www.artestar.eu\/it\/vendita-all-ingrosso\/scorrevole-ottone-bracciale-scorrevole-regolabilecon-sfera-estremita\/\",\"name\":\"Bracciale scorrevole regolabile in ottone -% Artestar Artestar%%\",\"isPartOf\":{\"@id\":\"https:\/\/www.artestar.eu\/it\/#website\"},\"datePublished\":\"2023-09-14T02:23:53+00:00\",\"dateModified\":\"2023-09-19T03:16:06+00:00\",\"description\":\"Il cursore del bracciale scorrevole regolabile in ottone si combina con diverse perline e accessori per creare diversi stili di bracciale.\",\"breadcrumb\":{\"@id\":\"https:\/\/www.artestar.eu\/it\/vendita-all-ingrosso\/scorrevole-ottone-bracciale-scorrevole-regolabilecon-sfera-estremita\/#breadcrumb\"},\"inLanguage\":\"it-IT\",\"potentialAction\":[{\"@type\":\"ReadAction\",\"target\":[\"https:\/\/www.artestar.eu\/it\/vendita-all-ingrosso\/scorrevole-ottone-bracciale-scorrevole-regolabilecon-sfera-estremita\/\"]}]},{\"@type\":\"BreadcrumbList\",\"@id\":\"https:\/\/www.artestar.eu\/it\/vendita-all-ingrosso\/scorrevole-ottone-bracciale-scorrevole-regolabilecon-sfera-estremita\/#breadcrumb\",\"itemListElement\":[{\"@type\":\"ListItem\",\"position\":1,\"name\":\"Artestar\",\"item\":\"https:\/\/www.artestar.eu\/it\/\"},{\"@type\":\"ListItem\",\"position\":2,\"name\":\"Vendita all&#8217;ingrosso\",\"item\":\"https:\/\/www.artestar.eu\/it\/vendita-all-ingrosso\/\"},{\"@type\":\"ListItem\",\"position\":3,\"name\":\"Bracciale scorrevole regolabile in ottone (con estremit\u00e0 a sfera)\"}]},{\"@type\":\"WebSite\",\"@id\":\"https:\/\/www.artestar.eu\/it\/#website\",\"url\":\"https:\/\/www.artestar.eu\/it\/\",\"name\":\"Artestar\",\"description\":\"Mayorista en abalorios y joyer\u00eda\",\"publisher\":{\"@id\":\"https:\/\/www.artestar.eu\/it\/#organization\"},\"alternateName\":\"Artestar-EU\",\"potentialAction\":[{\"@type\":\"SearchAction\",\"target\":{\"@type\":\"EntryPoint\",\"urlTemplate\":\"https:\/\/www.artestar.eu\/it\/?s={search_term_string}\"},\"query-input\":\"required name=search_term_string\"}],\"inLanguage\":\"it-IT\"},{\"@type\":[\"Organization\",\"Place\"],\"@id\":\"https:\/\/www.artestar.eu\/it\/#organization\",\"name\":\"RUBY ABALORIO S.L.\",\"alternateName\":\"Artestar\",\"url\":\"https:\/\/www.artestar.eu\/it\/\",\"logo\":{\"@id\":\"https:\/\/www.artestar.eu\/it\/vendita-all-ingrosso\/scorrevole-ottone-bracciale-scorrevole-regolabilecon-sfera-estremita\/#local-main-organization-logo\"},\"image\":{\"@id\":\"https:\/\/www.artestar.eu\/it\/vendita-all-ingrosso\/scorrevole-ottone-bracciale-scorrevole-regolabilecon-sfera-estremita\/#local-main-organization-logo\"},\"sameAs\":[\"https:\/\/www.facebook.com\/ARTESTAREU\",\"https:\/\/www.instagram.com\/artestareu\/\",\"https:\/\/www.pinterest.es\/artestar_eu\/\",\"https:\/\/www.tiktok.com\/@artestar_wholesale\"],\"openingHoursSpecification\":[{\"@type\":\"OpeningHoursSpecification\",\"dayOfWeek\":[\"Monday\",\"Tuesday\",\"Wednesday\",\"Thursday\",\"Friday\",\"Saturday\",\"Sunday\"],\"opens\":\"09:00\",\"closes\":\"17:00\"}]},{\"@type\":\"ImageObject\",\"inLanguage\":\"it-IT\",\"@id\":\"https:\/\/www.artestar.eu\/it\/vendita-all-ingrosso\/scorrevole-ottone-bracciale-scorrevole-regolabilecon-sfera-estremita\/#local-main-organization-logo\",\"url\":\"https:\/\/www.artestar.eu\/wp-content\/uploads\/2023\/05\/cropped-png.png\",\"contentUrl\":\"https:\/\/www.artestar.eu\/wp-content\/uploads\/2023\/05\/cropped-png.png\",\"width\":512,\"height\":512,\"caption\":\"RUBY ABALORIO S.L.\"}]}<\/script>\n<meta property=\"product:price:amount\" content=\"0.76\" \/>\n<meta property=\"product:price:currency\" content=\"EUR\" \/>\n<meta property=\"og:availability\" content=\"instock\" \/>\n<meta property=\"product:availability\" content=\"instock\" \/>\n<meta property=\"product:retailer_item_id\" content=\"BCPSL-T0002\" \/>\n<meta property=\"product:condition\" content=\"new\" \/>\n<!-- \/ Yoast SEO Premium plugin. -->","yoast_head_json":{"title":"Bracciale scorrevole regolabile in ottone -% Artestar Artestar%%","description":"Il cursore del bracciale scorrevole regolabile in ottone si combina con diverse perline e accessori per creare diversi stili di bracciale.","robots":{"index":"index","follow":"follow","max-snippet":"max-snippet:-1","max-image-preview":"max-image-preview:large","max-video-preview":"max-video-preview:-1"},"canonical":"https:\/\/www.artestar.eu\/it\/vendita-all-ingrosso\/scorrevole-ottone-bracciale-scorrevole-regolabilecon-sfera-estremita\/","og_locale":"it_IT","og_type":"article","og_title":"Bracciale scorrevole regolabile in ottone (con estremit\u00e0 a sfera)","og_description":"Il cursore del bracciale scorrevole regolabile in ottone si combina con diverse perline e accessori per creare diversi stili di bracciale.","og_url":"https:\/\/www.artestar.eu\/it\/vendita-all-ingrosso\/scorrevole-ottone-bracciale-scorrevole-regolabilecon-sfera-estremita\/","og_site_name":"Artestar","article_publisher":"https:\/\/www.facebook.com\/ARTESTAREU","article_modified_time":"2023-09-19T03:16:06+00:00","og_image":[{"width":600,"height":600,"url":"https:\/\/www.artestar.eu\/wp-content\/uploads\/2023\/09\/brass-slider-adjustable-slider-bracelet-with-ball-ends.jpg","type":"image\/jpeg"}],"twitter_card":"summary_large_image","twitter_misc":{"Prezzo":"0,76&nbsp;&euro; (IVA non inclusa)","Availability":"In stock"},"schema":{"@context":"https:\/\/schema.org","@graph":[{"@type":"WebPage","@id":"https:\/\/www.artestar.eu\/it\/vendita-all-ingrosso\/scorrevole-ottone-bracciale-scorrevole-regolabilecon-sfera-estremita\/","url":"https:\/\/www.artestar.eu\/it\/vendita-all-ingrosso\/scorrevole-ottone-bracciale-scorrevole-regolabilecon-sfera-estremita\/","name":"Bracciale scorrevole regolabile in ottone -% Artestar Artestar%%","isPartOf":{"@id":"https:\/\/www.artestar.eu\/it\/#website"},"datePublished":"2023-09-14T02:23:53+00:00","dateModified":"2023-09-19T03:16:06+00:00","description":"Il cursore del bracciale scorrevole regolabile in ottone si combina con diverse perline e accessori per creare diversi stili di bracciale.","breadcrumb":{"@id":"https:\/\/www.artestar.eu\/it\/vendita-all-ingrosso\/scorrevole-ottone-bracciale-scorrevole-regolabilecon-sfera-estremita\/#breadcrumb"},"inLanguage":"it-IT","potentialAction":[{"@type":"ReadAction","target":["https:\/\/www.artestar.eu\/it\/vendita-all-ingrosso\/scorrevole-ottone-bracciale-scorrevole-regolabilecon-sfera-estremita\/"]}]},{"@type":"BreadcrumbList","@id":"https:\/\/www.artestar.eu\/it\/vendita-all-ingrosso\/scorrevole-ottone-bracciale-scorrevole-regolabilecon-sfera-estremita\/#breadcrumb","itemListElement":[{"@type":"ListItem","position":1,"name":"Artestar","item":"https:\/\/www.artestar.eu\/it\/"},{"@type":"ListItem","position":2,"name":"Vendita all&#8217;ingrosso","item":"https:\/\/www.artestar.eu\/it\/vendita-all-ingrosso\/"},{"@type":"ListItem","position":3,"name":"Bracciale scorrevole regolabile in ottone (con estremit\u00e0 a sfera)"}]},{"@type":"WebSite","@id":"https:\/\/www.artestar.eu\/it\/#website","url":"https:\/\/www.artestar.eu\/it\/","name":"Artestar","description":"Mayorista en abalorios y joyer\u00eda","publisher":{"@id":"https:\/\/www.artestar.eu\/it\/#organization"},"alternateName":"Artestar-EU","potentialAction":[{"@type":"SearchAction","target":{"@type":"EntryPoint","urlTemplate":"https:\/\/www.artestar.eu\/it\/?s={search_term_string}"},"query-input":"required name=search_term_string"}],"inLanguage":"it-IT"},{"@type":["Organization","Place"],"@id":"https:\/\/www.artestar.eu\/it\/#organization","name":"RUBY ABALORIO S.L.","alternateName":"Artestar","url":"https:\/\/www.artestar.eu\/it\/","logo":{"@id":"https:\/\/www.artestar.eu\/it\/vendita-all-ingrosso\/scorrevole-ottone-bracciale-scorrevole-regolabilecon-sfera-estremita\/#local-main-organization-logo"},"image":{"@id":"https:\/\/www.artestar.eu\/it\/vendita-all-ingrosso\/scorrevole-ottone-bracciale-scorrevole-regolabilecon-sfera-estremita\/#local-main-organization-logo"},"sameAs":["https:\/\/www.facebook.com\/ARTESTAREU","https:\/\/www.instagram.com\/artestareu\/","https:\/\/www.pinterest.es\/artestar_eu\/","https:\/\/www.tiktok.com\/@artestar_wholesale"],"openingHoursSpecification":[{"@type":"OpeningHoursSpecification","dayOfWeek":["Monday","Tuesday","Wednesday","Thursday","Friday","Saturday","Sunday"],"opens":"09:00","closes":"17:00"}]},{"@type":"ImageObject","inLanguage":"it-IT","@id":"https:\/\/www.artestar.eu\/it\/vendita-all-ingrosso\/scorrevole-ottone-bracciale-scorrevole-regolabilecon-sfera-estremita\/#local-main-organization-logo","url":"https:\/\/www.artestar.eu\/wp-content\/uploads\/2023\/05\/cropped-png.png","contentUrl":"https:\/\/www.artestar.eu\/wp-content\/uploads\/2023\/05\/cropped-png.png","width":512,"height":512,"caption":"RUBY ABALORIO S.L."}]},"product_price_amount":"0.76","product_price_currency":"EUR","og_availability":"instock","product_availability":"instock","product_retailer_item_id":"BCPSL-T0002","product_condition":"new"},"tiered_pricing_type":"fixed","tiered_pricing_fixed_rules":[],"tiered_pricing_percentage_rules":[],"tiered_pricing_minimum":null,"_administrator_tiered_pricing_type":"fixed","_administrator_tiered_pricing_fixed_rules":[],"_editor_tiered_pricing_type":"fixed","_editor_tiered_pricing_fixed_rules":[],"_author_tiered_pricing_type":"fixed","_author_tiered_pricing_fixed_rules":[],"_contributor_tiered_pricing_type":"fixed","_contributor_tiered_pricing_fixed_rules":[],"_subscriber_tiered_pricing_type":"fixed","_subscriber_tiered_pricing_fixed_rules":[],"_wpseo_manager_tiered_pricing_type":"fixed","_wpseo_manager_tiered_pricing_fixed_rules":[],"_wpseo_editor_tiered_pricing_type":"fixed","_wpseo_editor_tiered_pricing_fixed_rules":[],"_customer_tiered_pricing_type":"fixed","_customer_tiered_pricing_fixed_rules":[],"_shop_manager_tiered_pricing_type":"fixed","_shop_manager_tiered_pricing_fixed_rules":[],"_product_manager_tiered_pricing_type":"fixed","_product_manager_tiered_pricing_fixed_rules":[],"_links":{"self":[{"href":"https:\/\/www.artestar.eu\/it\/wp-json\/wp\/v2\/product\/35262"}],"collection":[{"href":"https:\/\/www.artestar.eu\/it\/wp-json\/wp\/v2\/product"}],"about":[{"href":"https:\/\/www.artestar.eu\/it\/wp-json\/wp\/v2\/types\/product"}],"replies":[{"embeddable":true,"href":"https:\/\/www.artestar.eu\/it\/wp-json\/wp\/v2\/comments?post=35262"}],"version-history":[{"count":1,"href":"https:\/\/www.artestar.eu\/it\/wp-json\/wp\/v2\/product\/35262\/revisions"}],"predecessor-version":[{"id":35380,"href":"https:\/\/www.artestar.eu\/it\/wp-json\/wp\/v2\/product\/35262\/revisions\/35380"}],"wp:featuredmedia":[{"embeddable":true,"href":"https:\/\/www.artestar.eu\/it\/wp-json\/wp\/v2\/media\/34924"}],"wp:attachment":[{"href":"https:\/\/www.artestar.eu\/it\/wp-json\/wp\/v2\/media?parent=35262"}],"wp:term":[{"taxonomy":"product_cat","embeddable":true,"href":"https:\/\/www.artestar.eu\/it\/wp-json\/wp\/v2\/product_cat?post=35262"},{"taxonomy":"product_tag","embeddable":true,"href":"https:\/\/www.artestar.eu\/it\/wp-json\/wp\/v2\/product_tag?post=35262"}],"curies":[{"name":"wp","href":"https:\/\/api.w.org\/{rel}","templated":true}]}}