{"id":52471,"date":"2023-12-07T09:24:56","date_gmt":"2023-12-07T09:24:56","guid":{"rendered":"https:\/\/www.artestar.eu\/?post_type=product&#038;p=52471"},"modified":"2023-12-13T15:23:11","modified_gmt":"2023-12-13T15:23:11","slug":"lote-60-pinzas-chupetero-de-plastico","status":"publish","type":"product","link":"https:\/\/www.artestar.eu\/it\/al-por-mayor\/lote-60-pinzas-chupetero-de-plastico\/","title":{"rendered":"Lote 60 Pinzas Chupetero de Pl\u00e1stico"},"content":{"rendered":"<p><strong>\u00a060 Pinzas de Pl\u00e1stico para chupeteros<\/strong><\/p>\n<p>Accesorio de cadena para chupete: Pinza para chupeteros, son muy f\u00e1ciles de abrir y cerrar y no se caen f\u00e1cilmente una vez aseguradas, para que puedas utilizarlas para hacer cadena de chupete, cadena para cochecito , mordedores y juguetes para beb\u00e9. La apertura de 4.5 cm tambi\u00e9n permite fijarlos a las capotas m\u00e1s anchas o a los manillares. No es t\u00f3xico ni tiene olor, es sano y respetuoso con el medio ambiente, la superficie del pinza madera chupetero est\u00e1 cuidadosamente pulida, no raya la piel del beb\u00e9, son seguros para el beb\u00e9.<\/p>\n<ul>\n<li>Cantidad: 60 unidades, f\u00e1ciles de combinar y usar.<\/li>\n<li>Tama\u00f1o: \u00d8 35mm x 48mm. 4 colores disponibles: gris, rosa, menta, azul.<\/li>\n<li>Material: pl\u00e1stico, no t\u00f3xico, no BPA, buen acabado, son seguros para el beb\u00e9.<\/li>\n<li>Buena calidad: Pinza fabricada en metal, f\u00e1cil de limpiar y esterilizar, no se suelta f\u00e1cilmente, y no deja rastro en la ropa de tu beb\u00e9 cuando se usa como chupeteros<\/li>\n<li>El regalo perfecto para el beb\u00e9: las Pinzas de Chupetero de pl\u00e1sticoo es el juguete perfecto para su hijo, o como regalo para un amigo.<\/li>\n<li>Hay un peque\u00f1o orificio al final de los clips, puede atar los juguetes con clips de la p\u00e9rdida, colgar juguetes, o cordones de mu\u00f1ecos, m\u00f3viles, etc&#8230;<\/li>\n<\/ul>\n<p><img decoding=\"async\" class=\"alignnone wp-image-30818 size-fusion-800\" src=\"https:\/\/www.rubydiy.com\/wp-content\/uploads\/2020\/11\/pinzas-para-chupetes-cabeza-redonda-menta-800x800.jpg\" alt=\"\u00a0Pinzas Chupeteros de Pl\u00e1stico\" width=\"800\" height=\"800\" \/><\/p>\n<h3><strong>\u00a0Pinzas chupetero de pl\u00e1stico<\/strong><\/h3>\n<p><strong>Especificaci\u00f3n<\/strong><\/p>\n<ul>\n<li>Limpieza: debe ser esterilizado con agua y jab\u00f3n neutro antes de cada uso.<\/li>\n<li>Debe limpiarlo despu\u00e9s de cada uso y dejarlo secar al aire libre.<\/li>\n<li>Comprueba el estado de la pinza a menudo. No meter en el microondas.<\/li>\n<li>El color puede variar levemente debido a su la configuraci\u00f3n de la pantalla.<\/li>\n<li>Puede darse una diferencia de 1 a 3 mm respecto a las medidas especificadas.<\/li>\n<li>Aseg\u00farate de que no te importa antes de comprar.<\/li>\n<li>El Comprador asume toda la responsabilidad respecto al uso del producto.<\/li>\n<li>Si alg\u00fan da\u00f1o o p\u00e9rdida es causado por la negligencia del comprador, el vendedor no ser\u00e1 responsable.<\/li>\n<\/ul>\n<p><strong>Consejos<\/strong><\/p>\n<ul>\n<li>Si desea limpiar las cuentas de madera, l\u00edmpielas suavemente con una toalla h\u00fameda.<\/li>\n<li>\n<div class=\"okr-block-clipboard\" data-okr=\"%7B%22okrDelta%22%3A%5B%7B%22lineType%22%3A%22text%22%2C%22lineOptions%22%3A%7B%7D%2C%22lineContent%22%3A%5B%7B%22opType%22%3A%22text%22%2C%22options%22%3A%7B%22text%22%3A%22No%20sumerja%20ni%20remoje%20ning%C3%BAn%20art%C3%ADculos%20de%20madera%20en%20el%20agua.%20Tampoco%20los%20poner%20en%20la%20navera%20o%20la%20lavavajillas.%22%7D%7D%5D%7D%2C%7B%22lineType%22%3A%22text%22%2C%22lineOptions%22%3A%7B%7D%2C%22lineContent%22%3A%5B%7B%22opType%22%3A%22text%22%2C%22options%22%3A%7B%22text%22%3A%22Los%20art%C3%ADculos%20de%20madera%20est%C3%A1n%20hechos%20de%20madera%20natural%20y%2C%20por%20lo%20tanto%2C%20pueden%20ocurrir%20algunas%20variaciones%2C%20por%20lo%20que%20deben%20manipularse%20con%20cuidado%20para%20evitar%20da%C3%B1os.%22%7D%7D%5D%7D%5D%2C%22businessKey%22%3A%22lark-doc%22%7D\">No los lave directamente en el agua, lo que afectar\u00e1 el brillo original de la madera.<\/div>\n<\/li>\n<li>No sumerja ni remoje ning\u00fan art\u00edculos de madera en el agua. Tampoco los poner en la nevera o la lavavajillas.<\/li>\n<li>Los art\u00edculos de madera est\u00e1n hechos de madera natural, por lo que podr\u00edan ocurrir algunas variaciones y deben manipularse con cuidado para evitar da\u00f1os.<\/li>\n<\/ul>\n<p><strong>Servicio de calidad<\/strong><\/p>\n<ul>\n<li>Si tiene alguna pregunta, comun\u00edquese con nosotros, responderemos sus preguntas lo antes posible.<\/li>\n<\/ul>\n","protected":false},"excerpt":{"rendered":"<p><strong>Medidas:<\/strong>\u00a0\u00d8 35mm x 48mm<\/p>\n<p><strong>Cantidad:<\/strong> 60 uds.<\/p>\n<p><strong>Material: <\/strong>Pl\u00e1stico<\/p>\n<p>&nbsp;<\/p>\n","protected":false},"featured_media":52772,"comment_status":"closed","ping_status":"closed","template":"","meta":[],"product_cat":[3145,3693],"product_tag":[],"yoast_head":"<!-- This site is optimized with the Yoast SEO Premium plugin v20.5 (Yoast SEO v21.5) - https:\/\/yoast.com\/wordpress\/plugins\/seo\/ -->\n<title>\u00a060 Pinzas de Pl\u00e1stico para chupeteros - Artestar<\/title>\n<meta name=\"description\" content=\"\u00a0lote 6pcs Pinzas Chupetero de Pl\u00e1stico para bebe, colores Clips Pl\u00e1stico para hacer Chupeteros Personalizado, Pinzas Chupeteros\" \/>\n<meta name=\"robots\" content=\"index, follow, max-snippet:-1, max-image-preview:large, max-video-preview:-1\" \/>\n<link rel=\"canonical\" href=\"https:\/\/www.artestar.eu\/it\/al-por-mayor\/lote-60-pinzas-chupetero-de-plastico\/\" \/>\n<meta property=\"og:locale\" content=\"it_IT\" \/>\n<meta property=\"og:type\" content=\"article\" \/>\n<meta property=\"og:title\" content=\"Lote 60 Pinzas Chupetero de Pl\u00e1stico\" \/>\n<meta property=\"og:description\" content=\"\u00a0lote 6pcs Pinzas Chupetero de Pl\u00e1stico para bebe, colores Clips Pl\u00e1stico para hacer Chupeteros Personalizado, Pinzas Chupeteros\" \/>\n<meta property=\"og:url\" content=\"https:\/\/www.artestar.eu\/it\/al-por-mayor\/lote-60-pinzas-chupetero-de-plastico\/\" \/>\n<meta property=\"og:site_name\" content=\"Artestar\" \/>\n<meta property=\"article:publisher\" content=\"https:\/\/www.facebook.com\/ARTESTAREU\" \/>\n<meta property=\"article:modified_time\" content=\"2023-12-13T15:23:11+00:00\" \/>\n<meta property=\"og:image\" content=\"https:\/\/www.artestar.eu\/wp-content\/uploads\/2023\/12\/pinza-plastico-para-chupetero.jpg\" \/>\n\t<meta property=\"og:image:width\" content=\"1000\" \/>\n\t<meta property=\"og:image:height\" content=\"1000\" \/>\n\t<meta property=\"og:image:type\" content=\"image\/jpeg\" \/>\n<meta name=\"twitter:card\" content=\"summary_large_image\" \/>\n<meta name=\"twitter:label1\" content=\"Availability\" \/>\n\t<meta name=\"twitter:data1\" content=\"In stock\" \/>\n<script type=\"application\/ld+json\" class=\"yoast-schema-graph\">{\"@context\":\"https:\/\/schema.org\",\"@graph\":[{\"@type\":\"WebPage\",\"@id\":\"https:\/\/www.artestar.eu\/it\/al-por-mayor\/lote-60-pinzas-chupetero-de-plastico\/\",\"url\":\"https:\/\/www.artestar.eu\/it\/al-por-mayor\/lote-60-pinzas-chupetero-de-plastico\/\",\"name\":\"\u00a060 Pinzas de Pl\u00e1stico para chupeteros - Artestar\",\"isPartOf\":{\"@id\":\"https:\/\/www.artestar.eu\/it\/#website\"},\"datePublished\":\"2023-12-07T09:24:56+00:00\",\"dateModified\":\"2023-12-13T15:23:11+00:00\",\"description\":\"\u00a0lote 6pcs Pinzas Chupetero de Pl\u00e1stico para bebe, colores Clips Pl\u00e1stico para hacer Chupeteros Personalizado, Pinzas Chupeteros\",\"breadcrumb\":{\"@id\":\"https:\/\/www.artestar.eu\/it\/al-por-mayor\/lote-60-pinzas-chupetero-de-plastico\/#breadcrumb\"},\"inLanguage\":\"it-IT\",\"potentialAction\":[{\"@type\":\"ReadAction\",\"target\":[\"https:\/\/www.artestar.eu\/it\/al-por-mayor\/lote-60-pinzas-chupetero-de-plastico\/\"]}]},{\"@type\":\"BreadcrumbList\",\"@id\":\"https:\/\/www.artestar.eu\/it\/al-por-mayor\/lote-60-pinzas-chupetero-de-plastico\/#breadcrumb\",\"itemListElement\":[{\"@type\":\"ListItem\",\"position\":1,\"name\":\"Artestar\",\"item\":\"https:\/\/www.artestar.eu\/it\/\"},{\"@type\":\"ListItem\",\"position\":2,\"name\":\"Vendita all&#8217;ingrosso\",\"item\":\"https:\/\/www.artestar.eu\/it\/vendita-all-ingrosso\/\"},{\"@type\":\"ListItem\",\"position\":3,\"name\":\"Lote 60 Pinzas Chupetero de Pl\u00e1stico\"}]},{\"@type\":\"WebSite\",\"@id\":\"https:\/\/www.artestar.eu\/it\/#website\",\"url\":\"https:\/\/www.artestar.eu\/it\/\",\"name\":\"Artestar\",\"description\":\"Mayorista en abalorios y joyer\u00eda\",\"publisher\":{\"@id\":\"https:\/\/www.artestar.eu\/it\/#organization\"},\"alternateName\":\"Artestar-EU\",\"potentialAction\":[{\"@type\":\"SearchAction\",\"target\":{\"@type\":\"EntryPoint\",\"urlTemplate\":\"https:\/\/www.artestar.eu\/it\/?s={search_term_string}\"},\"query-input\":\"required name=search_term_string\"}],\"inLanguage\":\"it-IT\"},{\"@type\":[\"Organization\",\"Place\"],\"@id\":\"https:\/\/www.artestar.eu\/it\/#organization\",\"name\":\"RUBY ABALORIO S.L.\",\"alternateName\":\"Artestar\",\"url\":\"https:\/\/www.artestar.eu\/it\/\",\"logo\":{\"@id\":\"https:\/\/www.artestar.eu\/it\/al-por-mayor\/lote-60-pinzas-chupetero-de-plastico\/#local-main-organization-logo\"},\"image\":{\"@id\":\"https:\/\/www.artestar.eu\/it\/al-por-mayor\/lote-60-pinzas-chupetero-de-plastico\/#local-main-organization-logo\"},\"sameAs\":[\"https:\/\/www.facebook.com\/ARTESTAREU\",\"https:\/\/www.instagram.com\/artestareu\/\",\"https:\/\/www.pinterest.es\/artestar_eu\/\",\"https:\/\/www.tiktok.com\/@artestar_wholesale\"],\"openingHoursSpecification\":[{\"@type\":\"OpeningHoursSpecification\",\"dayOfWeek\":[\"Monday\",\"Tuesday\",\"Wednesday\",\"Thursday\",\"Friday\",\"Saturday\",\"Sunday\"],\"opens\":\"09:00\",\"closes\":\"17:00\"}]},{\"@type\":\"ImageObject\",\"inLanguage\":\"it-IT\",\"@id\":\"https:\/\/www.artestar.eu\/it\/al-por-mayor\/lote-60-pinzas-chupetero-de-plastico\/#local-main-organization-logo\",\"url\":\"https:\/\/www.artestar.eu\/wp-content\/uploads\/2023\/05\/cropped-png.png\",\"contentUrl\":\"https:\/\/www.artestar.eu\/wp-content\/uploads\/2023\/05\/cropped-png.png\",\"width\":512,\"height\":512,\"caption\":\"RUBY ABALORIO S.L.\"}]}<\/script>\n<meta property=\"og:availability\" content=\"instock\" \/>\n<meta property=\"product:availability\" content=\"instock\" \/>\n<meta property=\"product:retailer_item_id\" content=\"SP0217P\" \/>\n<meta property=\"product:condition\" content=\"new\" \/>\n<!-- \/ Yoast SEO Premium plugin. -->","yoast_head_json":{"title":"\u00a060 Pinzas de Pl\u00e1stico para chupeteros - Artestar","description":"\u00a0lote 6pcs Pinzas Chupetero de Pl\u00e1stico para bebe, colores Clips Pl\u00e1stico para hacer Chupeteros Personalizado, Pinzas Chupeteros","robots":{"index":"index","follow":"follow","max-snippet":"max-snippet:-1","max-image-preview":"max-image-preview:large","max-video-preview":"max-video-preview:-1"},"canonical":"https:\/\/www.artestar.eu\/it\/al-por-mayor\/lote-60-pinzas-chupetero-de-plastico\/","og_locale":"it_IT","og_type":"article","og_title":"Lote 60 Pinzas Chupetero de Pl\u00e1stico","og_description":"\u00a0lote 6pcs Pinzas Chupetero de Pl\u00e1stico para bebe, colores Clips Pl\u00e1stico para hacer Chupeteros Personalizado, Pinzas Chupeteros","og_url":"https:\/\/www.artestar.eu\/it\/al-por-mayor\/lote-60-pinzas-chupetero-de-plastico\/","og_site_name":"Artestar","article_publisher":"https:\/\/www.facebook.com\/ARTESTAREU","article_modified_time":"2023-12-13T15:23:11+00:00","og_image":[{"width":1000,"height":1000,"url":"https:\/\/www.artestar.eu\/wp-content\/uploads\/2023\/12\/pinza-plastico-para-chupetero.jpg","type":"image\/jpeg"}],"twitter_card":"summary_large_image","twitter_misc":{"Availability":"In stock"},"schema":{"@context":"https:\/\/schema.org","@graph":[{"@type":"WebPage","@id":"https:\/\/www.artestar.eu\/it\/al-por-mayor\/lote-60-pinzas-chupetero-de-plastico\/","url":"https:\/\/www.artestar.eu\/it\/al-por-mayor\/lote-60-pinzas-chupetero-de-plastico\/","name":"\u00a060 Pinzas de Pl\u00e1stico para chupeteros - Artestar","isPartOf":{"@id":"https:\/\/www.artestar.eu\/it\/#website"},"datePublished":"2023-12-07T09:24:56+00:00","dateModified":"2023-12-13T15:23:11+00:00","description":"\u00a0lote 6pcs Pinzas Chupetero de Pl\u00e1stico para bebe, colores Clips Pl\u00e1stico para hacer Chupeteros Personalizado, Pinzas Chupeteros","breadcrumb":{"@id":"https:\/\/www.artestar.eu\/it\/al-por-mayor\/lote-60-pinzas-chupetero-de-plastico\/#breadcrumb"},"inLanguage":"it-IT","potentialAction":[{"@type":"ReadAction","target":["https:\/\/www.artestar.eu\/it\/al-por-mayor\/lote-60-pinzas-chupetero-de-plastico\/"]}]},{"@type":"BreadcrumbList","@id":"https:\/\/www.artestar.eu\/it\/al-por-mayor\/lote-60-pinzas-chupetero-de-plastico\/#breadcrumb","itemListElement":[{"@type":"ListItem","position":1,"name":"Artestar","item":"https:\/\/www.artestar.eu\/it\/"},{"@type":"ListItem","position":2,"name":"Vendita all&#8217;ingrosso","item":"https:\/\/www.artestar.eu\/it\/vendita-all-ingrosso\/"},{"@type":"ListItem","position":3,"name":"Lote 60 Pinzas Chupetero de Pl\u00e1stico"}]},{"@type":"WebSite","@id":"https:\/\/www.artestar.eu\/it\/#website","url":"https:\/\/www.artestar.eu\/it\/","name":"Artestar","description":"Mayorista en abalorios y joyer\u00eda","publisher":{"@id":"https:\/\/www.artestar.eu\/it\/#organization"},"alternateName":"Artestar-EU","potentialAction":[{"@type":"SearchAction","target":{"@type":"EntryPoint","urlTemplate":"https:\/\/www.artestar.eu\/it\/?s={search_term_string}"},"query-input":"required name=search_term_string"}],"inLanguage":"it-IT"},{"@type":["Organization","Place"],"@id":"https:\/\/www.artestar.eu\/it\/#organization","name":"RUBY ABALORIO S.L.","alternateName":"Artestar","url":"https:\/\/www.artestar.eu\/it\/","logo":{"@id":"https:\/\/www.artestar.eu\/it\/al-por-mayor\/lote-60-pinzas-chupetero-de-plastico\/#local-main-organization-logo"},"image":{"@id":"https:\/\/www.artestar.eu\/it\/al-por-mayor\/lote-60-pinzas-chupetero-de-plastico\/#local-main-organization-logo"},"sameAs":["https:\/\/www.facebook.com\/ARTESTAREU","https:\/\/www.instagram.com\/artestareu\/","https:\/\/www.pinterest.es\/artestar_eu\/","https:\/\/www.tiktok.com\/@artestar_wholesale"],"openingHoursSpecification":[{"@type":"OpeningHoursSpecification","dayOfWeek":["Monday","Tuesday","Wednesday","Thursday","Friday","Saturday","Sunday"],"opens":"09:00","closes":"17:00"}]},{"@type":"ImageObject","inLanguage":"it-IT","@id":"https:\/\/www.artestar.eu\/it\/al-por-mayor\/lote-60-pinzas-chupetero-de-plastico\/#local-main-organization-logo","url":"https:\/\/www.artestar.eu\/wp-content\/uploads\/2023\/05\/cropped-png.png","contentUrl":"https:\/\/www.artestar.eu\/wp-content\/uploads\/2023\/05\/cropped-png.png","width":512,"height":512,"caption":"RUBY ABALORIO S.L."}]},"og_availability":"instock","product_availability":"instock","product_retailer_item_id":"SP0217P","product_condition":"new"},"tiered_pricing_type":"fixed","tiered_pricing_fixed_rules":[],"tiered_pricing_percentage_rules":[],"tiered_pricing_minimum":null,"_administrator_tiered_pricing_type":"fixed","_administrator_tiered_pricing_fixed_rules":[],"_editor_tiered_pricing_type":"fixed","_editor_tiered_pricing_fixed_rules":[],"_author_tiered_pricing_type":"fixed","_author_tiered_pricing_fixed_rules":[],"_contributor_tiered_pricing_type":"fixed","_contributor_tiered_pricing_fixed_rules":[],"_subscriber_tiered_pricing_type":"fixed","_subscriber_tiered_pricing_fixed_rules":[],"_wpseo_manager_tiered_pricing_type":"fixed","_wpseo_manager_tiered_pricing_fixed_rules":[],"_wpseo_editor_tiered_pricing_type":"fixed","_wpseo_editor_tiered_pricing_fixed_rules":[],"_customer_tiered_pricing_type":"fixed","_customer_tiered_pricing_fixed_rules":[],"_shop_manager_tiered_pricing_type":"fixed","_shop_manager_tiered_pricing_fixed_rules":[],"_product_manager_tiered_pricing_type":"fixed","_product_manager_tiered_pricing_fixed_rules":[],"_links":{"self":[{"href":"https:\/\/www.artestar.eu\/it\/wp-json\/wp\/v2\/product\/52471"}],"collection":[{"href":"https:\/\/www.artestar.eu\/it\/wp-json\/wp\/v2\/product"}],"about":[{"href":"https:\/\/www.artestar.eu\/it\/wp-json\/wp\/v2\/types\/product"}],"replies":[{"embeddable":true,"href":"https:\/\/www.artestar.eu\/it\/wp-json\/wp\/v2\/comments?post=52471"}],"version-history":[{"count":3,"href":"https:\/\/www.artestar.eu\/it\/wp-json\/wp\/v2\/product\/52471\/revisions"}],"predecessor-version":[{"id":57579,"href":"https:\/\/www.artestar.eu\/it\/wp-json\/wp\/v2\/product\/52471\/revisions\/57579"}],"wp:featuredmedia":[{"embeddable":true,"href":"https:\/\/www.artestar.eu\/it\/wp-json\/wp\/v2\/media\/52772"}],"wp:attachment":[{"href":"https:\/\/www.artestar.eu\/it\/wp-json\/wp\/v2\/media?parent=52471"}],"wp:term":[{"taxonomy":"product_cat","embeddable":true,"href":"https:\/\/www.artestar.eu\/it\/wp-json\/wp\/v2\/product_cat?post=52471"},{"taxonomy":"product_tag","embeddable":true,"href":"https:\/\/www.artestar.eu\/it\/wp-json\/wp\/v2\/product_tag?post=52471"}],"curies":[{"name":"wp","href":"https:\/\/api.w.org\/{rel}","templated":true}]}}