{"id":53076,"date":"2023-12-07T09:29:54","date_gmt":"2023-12-07T09:29:54","guid":{"rendered":"https:\/\/www.artestar.eu\/?post_type=product&#038;p=53076"},"modified":"2023-12-14T10:54:39","modified_gmt":"2023-12-14T10:54:39","slug":"10-pinzas-chupetero-de-madera-haya-estrella","status":"publish","type":"product","link":"https:\/\/www.artestar.eu\/it\/al-por-mayor\/10-pinzas-chupetero-de-madera-haya-estrella\/","title":{"rendered":"10 Pinzas Chupetero de Madera Haya Estrella"},"content":{"rendered":"<h3><strong>Pinza Chupetero de Madera Haya Estrella <\/strong><\/h3>\n<p>Accesorio de cadena para chupete: Pinza de madera y\u00a0 metal para chupeteros, son muy f\u00e1ciles de abrir y cerrar y no se caen f\u00e1cilmente una vez aseguradas, para que puedas utilizarlas para hacer cadena de chupete, cadena para cochecito , mordedores y juguetes para beb\u00e9. No es t\u00f3xico ni tiene olor, es sano y respetuoso con el medio ambiente, la superficie del pinza madera chupetero est\u00e1 cuidadosamente pulida, no raya la piel del beb\u00e9, son seguros para el beb\u00e9.<\/p>\n<ul>\n<li>Cantidad: 10 unidades, f\u00e1ciles de combinar y usar<\/li>\n<li>Tama\u00f1o: 5,3 cm x 3,7 cm<\/li>\n<li>Material: madera de haya natural y metal, no BPA,<\/li>\n<li>Buena calidad: Pinza fabricada en metal, f\u00e1cil de limpiar y esterilizar, no se suelta f\u00e1cilmente, y no deja rastro en la ropa de tu beb\u00e9 cuando se usa como chupeteros<\/li>\n<li>El regalo perfecto para el beb\u00e9: nuestro Pinza Chupetero de Madera Haya Estrellason el juguete perfecto para su hijo, o como regalo para un amigo.<\/li>\n<\/ul>\n<p>&nbsp;<\/p>\n<p><strong>ADVERTENCIA<\/strong><\/p>\n<p>No dejar las piezas sueltas al alcance de los ni\u00f1os, las piezas sueltas pueden provocar asfixias.<\/p>\n<p>Lavar antes del primer uso, siempre inspeccionar antes de usar.<\/p>\n<p>Se recomienda esterilizar con agua y jab\u00f3n neutro antes de dar al beb\u00e9 y mantener el producto limpio antes de su uso. Usar siempre bajo supervisi\u00f3n adulta.<\/p>\n<p>De f\u00e1cil limpieza, con agua y jab\u00f3n,\u00a0NO USAR PRODUCTOS ABRASIVOS NI T\u00d3XICOS.<\/p>\n<h3><img decoding=\"async\" class=\"aligncenter wp-image-51345\" src=\"https:\/\/www.rubydiy.com\/wp-content\/uploads\/2022\/02\/Pinza-Chupetero-de-Madera-Haya-Estrella-300x300.jpg\" alt=\"Pinza Chupetero de Madera Haya Estrella \" width=\"320\" height=\"320\" \/><\/h3>\n<h3><strong>10 Pinzas de Madera Haya Estrella para DIY<\/strong><\/h3>\n<p><strong>Especificaci\u00f3n<\/strong><\/p>\n<ul>\n<li>Debe limpiarlo despu\u00e9s de cada uso y dejarlo secar al aire libre.<\/li>\n<li>Comprueba el estado de la pinza a menudo. No meter en el microondas.<\/li>\n<li>El color puede variar levemente debido a su la configuraci\u00f3n de la pantalla.<\/li>\n<li>El Comprador asume toda la responsabilidad respecto al uso del producto.<\/li>\n<li>Si alg\u00fan da\u00f1o o p\u00e9rdida es causado por la negligencia del comprador, el vendedor no ser\u00e1 responsable.<\/li>\n<\/ul>\n<p class=\"a-spacing-mini\"><b>Caracter\u00edsticas<\/b><\/p>\n<ul>\n<li><span class=\"a-text-italic\">Es de color amarillento que, con el tiempo, se vuelve rojizo para pasar a un rojizo oscuro. <\/span><\/li>\n<li><span class=\"a-text-italic\">El haya es adem\u00e1s una especie muy valiosa para la selvicultura, ya que puede crecer en ambientes muy diversos.<\/span><\/li>\n<li>Respetuoso con el medio ambiente, utiliza un clip de chupete de madera natural en lugar de uno de pl\u00e1stico para proteger el medio ambiente. El material de madera se puede reciclar al 100% y no causar\u00e1 ninguna contaminaci\u00f3n a la naturaleza.<\/li>\n<\/ul>\n","protected":false},"excerpt":{"rendered":"<p><strong>Pinza Chupetero de Madera Haya <\/strong><strong>Estrella <\/strong><\/p>\n<p><strong>Tama\u00f1o<\/strong>:\u00a0 5,3 cm x 3,7 cm<\/p>\n<p><strong>Cantidad<\/strong>: 10 ud<\/p>\n<p><strong>Material<\/strong>: Madera haya y Metal<\/p>\n","protected":false},"featured_media":53243,"comment_status":"open","ping_status":"closed","template":"","meta":[],"product_cat":[3145,3693],"product_tag":[],"yoast_head":"<!-- This site is optimized with the Yoast SEO Premium plugin v20.5 (Yoast SEO v21.5) - https:\/\/yoast.com\/wordpress\/plugins\/seo\/ -->\n<title>10 Pinzas Chupetero de Madera Haya Estrella - Artestar<\/title>\n<meta name=\"description\" content=\"Pinza Chupetero de Madera Haya Estrella para DIY, Pinza de Madera Haya Coraz\u00f3n para hacer Chupeteros, Clip Madera Natural para Beb\u00e9\" \/>\n<meta name=\"robots\" content=\"index, follow, max-snippet:-1, max-image-preview:large, max-video-preview:-1\" \/>\n<link rel=\"canonical\" href=\"https:\/\/www.artestar.eu\/it\/al-por-mayor\/10-pinzas-chupetero-de-madera-haya-estrella\/\" \/>\n<meta property=\"og:locale\" content=\"it_IT\" \/>\n<meta property=\"og:type\" content=\"article\" \/>\n<meta property=\"og:title\" content=\"10 Pinzas Chupetero de Madera Haya Estrella\" \/>\n<meta property=\"og:description\" content=\"Pinza Chupetero de Madera Haya Estrella para DIY, Pinza de Madera Haya Coraz\u00f3n para hacer Chupeteros, Clip Madera Natural para Beb\u00e9\" \/>\n<meta property=\"og:url\" content=\"https:\/\/www.artestar.eu\/it\/al-por-mayor\/10-pinzas-chupetero-de-madera-haya-estrella\/\" \/>\n<meta property=\"og:site_name\" content=\"Artestar\" \/>\n<meta property=\"article:publisher\" content=\"https:\/\/www.facebook.com\/ARTESTAREU\" \/>\n<meta property=\"article:modified_time\" content=\"2023-12-14T10:54:39+00:00\" \/>\n<meta property=\"og:image\" content=\"https:\/\/www.artestar.eu\/wp-content\/uploads\/2023\/12\/Pinza-Chupetero-de-Madera-Haya-Estrella-2.jpg\" \/>\n\t<meta property=\"og:image:width\" content=\"600\" \/>\n\t<meta property=\"og:image:height\" content=\"600\" \/>\n\t<meta property=\"og:image:type\" content=\"image\/jpeg\" \/>\n<meta name=\"twitter:card\" content=\"summary_large_image\" \/>\n<meta name=\"twitter:label1\" content=\"Prezzo\" \/>\n\t<meta name=\"twitter:data1\" content=\"7,92&nbsp;&euro; (IVA non inclusa)\" \/>\n\t<meta name=\"twitter:label2\" content=\"Availability\" \/>\n\t<meta name=\"twitter:data2\" content=\"In stock\" \/>\n<script type=\"application\/ld+json\" class=\"yoast-schema-graph\">{\"@context\":\"https:\/\/schema.org\",\"@graph\":[{\"@type\":\"WebPage\",\"@id\":\"https:\/\/www.artestar.eu\/it\/al-por-mayor\/10-pinzas-chupetero-de-madera-haya-estrella\/\",\"url\":\"https:\/\/www.artestar.eu\/it\/al-por-mayor\/10-pinzas-chupetero-de-madera-haya-estrella\/\",\"name\":\"10 Pinzas Chupetero de Madera Haya Estrella - Artestar\",\"isPartOf\":{\"@id\":\"https:\/\/www.artestar.eu\/it\/#website\"},\"datePublished\":\"2023-12-07T09:29:54+00:00\",\"dateModified\":\"2023-12-14T10:54:39+00:00\",\"description\":\"Pinza Chupetero de Madera Haya Estrella para DIY, Pinza de Madera Haya Coraz\u00f3n para hacer Chupeteros, Clip Madera Natural para Beb\u00e9\",\"breadcrumb\":{\"@id\":\"https:\/\/www.artestar.eu\/it\/al-por-mayor\/10-pinzas-chupetero-de-madera-haya-estrella\/#breadcrumb\"},\"inLanguage\":\"it-IT\",\"potentialAction\":[{\"@type\":\"ReadAction\",\"target\":[\"https:\/\/www.artestar.eu\/it\/al-por-mayor\/10-pinzas-chupetero-de-madera-haya-estrella\/\"]}]},{\"@type\":\"BreadcrumbList\",\"@id\":\"https:\/\/www.artestar.eu\/it\/al-por-mayor\/10-pinzas-chupetero-de-madera-haya-estrella\/#breadcrumb\",\"itemListElement\":[{\"@type\":\"ListItem\",\"position\":1,\"name\":\"Artestar\",\"item\":\"https:\/\/www.artestar.eu\/it\/\"},{\"@type\":\"ListItem\",\"position\":2,\"name\":\"Vendita all&#8217;ingrosso\",\"item\":\"https:\/\/www.artestar.eu\/it\/vendita-all-ingrosso\/\"},{\"@type\":\"ListItem\",\"position\":3,\"name\":\"10 Pinzas Chupetero de Madera Haya Estrella\"}]},{\"@type\":\"WebSite\",\"@id\":\"https:\/\/www.artestar.eu\/it\/#website\",\"url\":\"https:\/\/www.artestar.eu\/it\/\",\"name\":\"Artestar\",\"description\":\"Mayorista en abalorios y joyer\u00eda\",\"publisher\":{\"@id\":\"https:\/\/www.artestar.eu\/it\/#organization\"},\"alternateName\":\"Artestar-EU\",\"potentialAction\":[{\"@type\":\"SearchAction\",\"target\":{\"@type\":\"EntryPoint\",\"urlTemplate\":\"https:\/\/www.artestar.eu\/it\/?s={search_term_string}\"},\"query-input\":\"required name=search_term_string\"}],\"inLanguage\":\"it-IT\"},{\"@type\":[\"Organization\",\"Place\"],\"@id\":\"https:\/\/www.artestar.eu\/it\/#organization\",\"name\":\"RUBY ABALORIO S.L.\",\"alternateName\":\"Artestar\",\"url\":\"https:\/\/www.artestar.eu\/it\/\",\"logo\":{\"@id\":\"https:\/\/www.artestar.eu\/it\/al-por-mayor\/10-pinzas-chupetero-de-madera-haya-estrella\/#local-main-organization-logo\"},\"image\":{\"@id\":\"https:\/\/www.artestar.eu\/it\/al-por-mayor\/10-pinzas-chupetero-de-madera-haya-estrella\/#local-main-organization-logo\"},\"sameAs\":[\"https:\/\/www.facebook.com\/ARTESTAREU\",\"https:\/\/www.instagram.com\/artestareu\/\",\"https:\/\/www.pinterest.es\/artestar_eu\/\",\"https:\/\/www.tiktok.com\/@artestar_wholesale\"],\"openingHoursSpecification\":[{\"@type\":\"OpeningHoursSpecification\",\"dayOfWeek\":[\"Monday\",\"Tuesday\",\"Wednesday\",\"Thursday\",\"Friday\",\"Saturday\",\"Sunday\"],\"opens\":\"09:00\",\"closes\":\"17:00\"}]},{\"@type\":\"ImageObject\",\"inLanguage\":\"it-IT\",\"@id\":\"https:\/\/www.artestar.eu\/it\/al-por-mayor\/10-pinzas-chupetero-de-madera-haya-estrella\/#local-main-organization-logo\",\"url\":\"https:\/\/www.artestar.eu\/wp-content\/uploads\/2023\/05\/cropped-png.png\",\"contentUrl\":\"https:\/\/www.artestar.eu\/wp-content\/uploads\/2023\/05\/cropped-png.png\",\"width\":512,\"height\":512,\"caption\":\"RUBY ABALORIO S.L.\"}]}<\/script>\n<meta property=\"product:price:amount\" content=\"7.92\" \/>\n<meta property=\"product:price:currency\" content=\"EUR\" \/>\n<meta property=\"og:availability\" content=\"instock\" \/>\n<meta property=\"product:availability\" content=\"instock\" \/>\n<meta property=\"product:retailer_item_id\" content=\"SP0204\" \/>\n<meta property=\"product:condition\" content=\"new\" \/>\n<!-- \/ Yoast SEO Premium plugin. -->","yoast_head_json":{"title":"10 Pinzas Chupetero de Madera Haya Estrella - Artestar","description":"Pinza Chupetero de Madera Haya Estrella para DIY, Pinza de Madera Haya Coraz\u00f3n para hacer Chupeteros, Clip Madera Natural para Beb\u00e9","robots":{"index":"index","follow":"follow","max-snippet":"max-snippet:-1","max-image-preview":"max-image-preview:large","max-video-preview":"max-video-preview:-1"},"canonical":"https:\/\/www.artestar.eu\/it\/al-por-mayor\/10-pinzas-chupetero-de-madera-haya-estrella\/","og_locale":"it_IT","og_type":"article","og_title":"10 Pinzas Chupetero de Madera Haya Estrella","og_description":"Pinza Chupetero de Madera Haya Estrella para DIY, Pinza de Madera Haya Coraz\u00f3n para hacer Chupeteros, Clip Madera Natural para Beb\u00e9","og_url":"https:\/\/www.artestar.eu\/it\/al-por-mayor\/10-pinzas-chupetero-de-madera-haya-estrella\/","og_site_name":"Artestar","article_publisher":"https:\/\/www.facebook.com\/ARTESTAREU","article_modified_time":"2023-12-14T10:54:39+00:00","og_image":[{"width":600,"height":600,"url":"https:\/\/www.artestar.eu\/wp-content\/uploads\/2023\/12\/Pinza-Chupetero-de-Madera-Haya-Estrella-2.jpg","type":"image\/jpeg"}],"twitter_card":"summary_large_image","twitter_misc":{"Prezzo":"7,92&nbsp;&euro; (IVA non inclusa)","Availability":"In stock"},"schema":{"@context":"https:\/\/schema.org","@graph":[{"@type":"WebPage","@id":"https:\/\/www.artestar.eu\/it\/al-por-mayor\/10-pinzas-chupetero-de-madera-haya-estrella\/","url":"https:\/\/www.artestar.eu\/it\/al-por-mayor\/10-pinzas-chupetero-de-madera-haya-estrella\/","name":"10 Pinzas Chupetero de Madera Haya Estrella - Artestar","isPartOf":{"@id":"https:\/\/www.artestar.eu\/it\/#website"},"datePublished":"2023-12-07T09:29:54+00:00","dateModified":"2023-12-14T10:54:39+00:00","description":"Pinza Chupetero de Madera Haya Estrella para DIY, Pinza de Madera Haya Coraz\u00f3n para hacer Chupeteros, Clip Madera Natural para Beb\u00e9","breadcrumb":{"@id":"https:\/\/www.artestar.eu\/it\/al-por-mayor\/10-pinzas-chupetero-de-madera-haya-estrella\/#breadcrumb"},"inLanguage":"it-IT","potentialAction":[{"@type":"ReadAction","target":["https:\/\/www.artestar.eu\/it\/al-por-mayor\/10-pinzas-chupetero-de-madera-haya-estrella\/"]}]},{"@type":"BreadcrumbList","@id":"https:\/\/www.artestar.eu\/it\/al-por-mayor\/10-pinzas-chupetero-de-madera-haya-estrella\/#breadcrumb","itemListElement":[{"@type":"ListItem","position":1,"name":"Artestar","item":"https:\/\/www.artestar.eu\/it\/"},{"@type":"ListItem","position":2,"name":"Vendita all&#8217;ingrosso","item":"https:\/\/www.artestar.eu\/it\/vendita-all-ingrosso\/"},{"@type":"ListItem","position":3,"name":"10 Pinzas Chupetero de Madera Haya Estrella"}]},{"@type":"WebSite","@id":"https:\/\/www.artestar.eu\/it\/#website","url":"https:\/\/www.artestar.eu\/it\/","name":"Artestar","description":"Mayorista en abalorios y joyer\u00eda","publisher":{"@id":"https:\/\/www.artestar.eu\/it\/#organization"},"alternateName":"Artestar-EU","potentialAction":[{"@type":"SearchAction","target":{"@type":"EntryPoint","urlTemplate":"https:\/\/www.artestar.eu\/it\/?s={search_term_string}"},"query-input":"required name=search_term_string"}],"inLanguage":"it-IT"},{"@type":["Organization","Place"],"@id":"https:\/\/www.artestar.eu\/it\/#organization","name":"RUBY ABALORIO S.L.","alternateName":"Artestar","url":"https:\/\/www.artestar.eu\/it\/","logo":{"@id":"https:\/\/www.artestar.eu\/it\/al-por-mayor\/10-pinzas-chupetero-de-madera-haya-estrella\/#local-main-organization-logo"},"image":{"@id":"https:\/\/www.artestar.eu\/it\/al-por-mayor\/10-pinzas-chupetero-de-madera-haya-estrella\/#local-main-organization-logo"},"sameAs":["https:\/\/www.facebook.com\/ARTESTAREU","https:\/\/www.instagram.com\/artestareu\/","https:\/\/www.pinterest.es\/artestar_eu\/","https:\/\/www.tiktok.com\/@artestar_wholesale"],"openingHoursSpecification":[{"@type":"OpeningHoursSpecification","dayOfWeek":["Monday","Tuesday","Wednesday","Thursday","Friday","Saturday","Sunday"],"opens":"09:00","closes":"17:00"}]},{"@type":"ImageObject","inLanguage":"it-IT","@id":"https:\/\/www.artestar.eu\/it\/al-por-mayor\/10-pinzas-chupetero-de-madera-haya-estrella\/#local-main-organization-logo","url":"https:\/\/www.artestar.eu\/wp-content\/uploads\/2023\/05\/cropped-png.png","contentUrl":"https:\/\/www.artestar.eu\/wp-content\/uploads\/2023\/05\/cropped-png.png","width":512,"height":512,"caption":"RUBY ABALORIO S.L."}]},"product_price_amount":"7.92","product_price_currency":"EUR","og_availability":"instock","product_availability":"instock","product_retailer_item_id":"SP0204","product_condition":"new"},"tiered_pricing_type":"fixed","tiered_pricing_fixed_rules":[],"tiered_pricing_percentage_rules":[],"tiered_pricing_minimum":null,"_administrator_tiered_pricing_type":"fixed","_administrator_tiered_pricing_fixed_rules":[],"_editor_tiered_pricing_type":"fixed","_editor_tiered_pricing_fixed_rules":[],"_author_tiered_pricing_type":"fixed","_author_tiered_pricing_fixed_rules":[],"_contributor_tiered_pricing_type":"fixed","_contributor_tiered_pricing_fixed_rules":[],"_subscriber_tiered_pricing_type":"fixed","_subscriber_tiered_pricing_fixed_rules":[],"_wpseo_manager_tiered_pricing_type":"fixed","_wpseo_manager_tiered_pricing_fixed_rules":[],"_wpseo_editor_tiered_pricing_type":"fixed","_wpseo_editor_tiered_pricing_fixed_rules":[],"_customer_tiered_pricing_type":"fixed","_customer_tiered_pricing_fixed_rules":[],"_shop_manager_tiered_pricing_type":"fixed","_shop_manager_tiered_pricing_fixed_rules":[],"_product_manager_tiered_pricing_type":"fixed","_product_manager_tiered_pricing_fixed_rules":[],"_links":{"self":[{"href":"https:\/\/www.artestar.eu\/it\/wp-json\/wp\/v2\/product\/53076"}],"collection":[{"href":"https:\/\/www.artestar.eu\/it\/wp-json\/wp\/v2\/product"}],"about":[{"href":"https:\/\/www.artestar.eu\/it\/wp-json\/wp\/v2\/types\/product"}],"replies":[{"embeddable":true,"href":"https:\/\/www.artestar.eu\/it\/wp-json\/wp\/v2\/comments?post=53076"}],"version-history":[{"count":3,"href":"https:\/\/www.artestar.eu\/it\/wp-json\/wp\/v2\/product\/53076\/revisions"}],"predecessor-version":[{"id":57898,"href":"https:\/\/www.artestar.eu\/it\/wp-json\/wp\/v2\/product\/53076\/revisions\/57898"}],"wp:featuredmedia":[{"embeddable":true,"href":"https:\/\/www.artestar.eu\/it\/wp-json\/wp\/v2\/media\/53243"}],"wp:attachment":[{"href":"https:\/\/www.artestar.eu\/it\/wp-json\/wp\/v2\/media?parent=53076"}],"wp:term":[{"taxonomy":"product_cat","embeddable":true,"href":"https:\/\/www.artestar.eu\/it\/wp-json\/wp\/v2\/product_cat?post=53076"},{"taxonomy":"product_tag","embeddable":true,"href":"https:\/\/www.artestar.eu\/it\/wp-json\/wp\/v2\/product_tag?post=53076"}],"curies":[{"name":"wp","href":"https:\/\/api.w.org\/{rel}","templated":true}]}}