{"id":25393,"date":"2023-05-26T02:51:16","date_gmt":"2023-05-26T02:51:16","guid":{"rendered":"https:\/\/www.artestar.eu\/al-por-mayor\/piedras-sueltas-grandes-500g\/"},"modified":"2023-10-26T06:20:32","modified_gmt":"2023-10-26T06:20:32","slug":"pedras-semipreciosas-soltas","status":"publish","type":"product","link":"https:\/\/www.artestar.eu\/pt-pt\/atacado\/pedras-semipreciosas-soltas\/","title":{"rendered":"Grandes pedras soltas 500g"},"content":{"rendered":"<h3>Pedras semipreciosas soltas de mistura aleat\u00f3ria<\/h3>\n<ul>\n<li>Grandes pedras soltas: A maioria tem forma quadrada e mede aprox. 25mm x 20mm x 20mm.<\/li>\n<li>Pequenas pedras soltas: cada uma tem uma forma diferente e medidas aproximadas. metade das grandes pedras soltas.<\/li>\n<\/ul>\n<h5>Carater\u00edsticas:<\/h5>\n<p>Compara\u00e7\u00e3o de tamanho entre grande (esquerda) e pequeno (direita)<\/p>\n<p><img decoding=\"async\" class=\"wp-image-4577\" src=\"https:\/\/www.artestar.eu%E2%80%8B%E2%80%8B%E2%80%8B%E2%80%8B\/wp-content\/uploads\/2023\/05\/semi-precious-stones-beads-healing-crystals-polishing-mixed.jpg\" alt=\"Cristais curativos de cascalho semiprecioso\" width=\"450\" height=\"450\" srcset=\"https:\/\/www.artestar.eu\/wp-content\/uploads\/2023\/05\/semi-precious-stones-beads-healing-crystals-polishing-mixed.jpg 600w, https:\/\/www.artestar.eu\/wp-content\/uploads\/2023\/05\/semi-precious-stones-beads-healing-crystals-polishing-mixed-300x300.jpg 300w, https:\/\/www.artestar.eu\/wp-content\/uploads\/2023\/05\/semi-precious-stones-beads-healing-crystals-polishing-mixed-150x150.jpg 150w, https:\/\/www.artestar.eu\/wp-content\/uploads\/2023\/05\/semi-precious-stones-beads-healing-crystals-polishing-mixed-450x450.jpg 450w, https:\/\/www.artestar.eu\/wp-content\/uploads\/2023\/05\/semi-precious-stones-beads-healing-crystals-polishing-mixed-54x54.jpg 54w\" sizes=\"(max-width: 450px) 100vw, 450px\" \/><\/p>\n<h4>O papel do cascalho semiprecioso:<\/h4>\n<ul>\n<li>Pedras semipreciosas soltas naturais s\u00e3o cristais curativos que t\u00eam sido usados desde os tempos antigos para melhorar a sa\u00fade f\u00edsica, emocional e espiritual. Estas pedras s\u00e3o formadas na natureza e t\u00eam sido usadas em todo o mundo pelas suas propriedades curativas.<\/li>\n<li>As pedras soltas semipreciosas t\u00eam uma energia \u00fanica e acredita-se que afetam positivamente diferentes \u00e1reas da vida. Por exemplo, a ametista est\u00e1 associada ao relaxamento e \u00e0 clareza mental, enquanto o quartzo rosa est\u00e1 associado ao amor e \u00e0 cura emocional.<\/li>\n<li>Algumas pessoas carregam cascalho semiprecioso com eles, coloc\u00e1-los em sua casa ou us\u00e1-los durante a medita\u00e7\u00e3o para obter os benef\u00edcios de cura e eles tamb\u00e9m podem ser usados em terapias de cura para ajudar a equilibrar os chakras e reduzir o estresse.<\/li>\n<li>Al\u00e9m de suas propriedades curativas, os cristais semipreciosos naturais tamb\u00e9m s\u00e3o valorizados por sua beleza. Muitas pessoas usam-nos como ornamentos ou para criar belas joias. Estes cristais podem ser encontrados em uma variedade de cores e formas, tornando-os \u00fanicos e atraentes.<\/li>\n<li>Alguns dos cristais semipreciosos naturais mais populares incluem quartzo rosa, ametista, olho de tigre, turmalina negra e citrino. Cada um tem propriedades \u00fanicas e pode ser usado para diferentes fins.<\/li>\n<li>Em suma, os cristais semipreciosos naturais s\u00e3o pedras preciosas que t\u00eam sido usadas h\u00e1 s\u00e9culos pelas suas propriedades curativas e beleza. Estes cristais podem ser usados para melhorar a sa\u00fade f\u00edsica, emocional e espiritual, bem como para criar joias bonitas e \u00fanicas.<\/li>\n<\/ul>\n<p>&nbsp;<\/p>\n","protected":false},"excerpt":{"rendered":"<ul>\n<li><strong><span class=\"\" data-slate-node=\"text\"><span class=\"11\" data-slate-leaf=\"true\">O peso de cada pe\u00e7a \u00e9 de cerca de 490~510g<\/span><\/span><\/strong><\/li>\n<li data-slate-node=\"element\"><strong><span class=\"\" data-slate-node=\"text\"><span class=\"21\" data-slate-leaf=\"true\">N\u00famero de pedras pequenas: cerca de 68~72pcs<\/span><\/span><\/strong><\/li>\n<li data-slate-node=\"element\" data-slate-fragment=\"JTVCJTdCJTIydHlwZSUyMiUzQSUyMnBhcmFncmFwaCUyMiUyQyUyMmNoaWxkcmVuJTIyJTNBJTVCJTdCJTIydGV4dCUyMiUzQSUyMlBhcXVldGUlMjBkZSUyMG1lemNsYSUyMGFsZWF0b3JpYSUyMiUyQyUyMnNlbnRlbmNlJTIyJTNBMCUyQyUyMmNoaWxkU2VudGVuY2UlMjIlM0EwJTdEJTVEJTdEJTJDJTdCJTIydHlwZSUyMiUzQSUyMnBhcmFncmFwaCUyMiUyQyUyMmNoaWxkcmVuJTIyJTNBJTVCJTdCJTIydGV4dCUyMiUzQSUyMkVsJTIwcGVzbyUyMGRlJTIwY2FkYSUyMHBpZXphJTIwZXMlMjBkZSUyMHVub3MlMjA0OTB+NTEwZyUyMiUyQyUyMnNlbnRlbmNlJTIyJTNBMSUyQyUyMmNoaWxkU2VudGVuY2UlMjIlM0ExJTdEJTVEJTdEJTJDJTdCJTIydHlwZSUyMiUzQSUyMnBhcmFncmFwaCUyMiUyQyUyMmNoaWxkcmVuJTIyJTNBJTVCJTdCJTIydGV4dCUyMiUzQSUyMk4lQzMlQkFtZXJvJTIwZGUlMjBwaWVkcmFzJTIwcGVxdWUlQzMlQjFhcyUzQSUyMHVuYXMlMjA2OCUyMH4lMjA3MiUyMHVuaWRzJTIyJTJDJTIyc2VudGVuY2UlMjIlM0EyJTJDJTIyY2hpbGRTZW50ZW5jZSUyMiUzQTElN0QlNUQlN0QlMkMlN0IlMjJ0eXBlJTIyJTNBJTIycGFyYWdyYXBoJTIyJTJDJTIyY2hpbGRyZW4lMjIlM0ElNUIlN0IlMjJ0ZXh0JTIyJTNBJTIyTiVDMyVCQW1lcm8lMjBkZSUyMHBpZWRyYXMlMjBncmFuZGVzJTNBJTIwdW5hcyUyMDMwfjM1JTIwdW5pZHMlMjIlMkMlMjJzZW50ZW5jZSUyMiUzQTMlMkMlMjJjaGlsZFNlbnRlbmNlJTIyJTNBMSU3RCU1RCU3RCU1RA==\"><strong><span class=\"\" data-slate-node=\"text\"><span class=\"31\" data-slate-leaf=\"true\">N\u00famero de pedras grandes: cerca de 30~35pcs<\/span><\/span><\/strong><\/li>\n<\/ul>\n","protected":false},"featured_media":11895,"comment_status":"open","ping_status":"closed","template":"","meta":[],"product_cat":[1498,1499,1500],"product_tag":[],"yoast_head":"<!-- This site is optimized with the Yoast SEO Premium plugin v20.5 (Yoast SEO v21.5) - https:\/\/yoast.com\/wordpress\/plugins\/seo\/ -->\n<title>- Artestar Pedras soltas semipreciosas<\/title>\n<meta name=\"description\" content=\"\ud83d\uded2Venda por atacado Natural Pedras Semi-Preciosas Soltas, Cristais de Cura de Cascalho Semi-preciosos, Pedras Soltas, \ud83d\ude9aEntrega Direta de F\u00e1brica\" \/>\n<meta name=\"robots\" content=\"index, follow, max-snippet:-1, max-image-preview:large, max-video-preview:-1\" \/>\n<link rel=\"canonical\" href=\"https:\/\/www.artestar.eu\/pt-pt\/atacado\/pedras-semipreciosas-soltas\/\" \/>\n<meta property=\"og:locale\" content=\"pt_PT\" \/>\n<meta property=\"og:type\" content=\"article\" \/>\n<meta property=\"og:title\" content=\"Grandes pedras soltas 500g\" \/>\n<meta property=\"og:description\" content=\"\ud83d\uded2Venda por atacado Natural Pedras Semi-Preciosas Soltas, Cristais de Cura de Cascalho Semi-preciosos, Pedras Soltas, \ud83d\ude9aEntrega Direta de F\u00e1brica\" \/>\n<meta property=\"og:url\" content=\"https:\/\/www.artestar.eu\/pt-pt\/atacado\/pedras-semipreciosas-soltas\/\" \/>\n<meta property=\"og:site_name\" content=\"Artestar\" \/>\n<meta property=\"article:publisher\" content=\"https:\/\/www.facebook.com\/ARTESTAREU\" \/>\n<meta property=\"article:modified_time\" content=\"2023-10-26T06:20:32+00:00\" \/>\n<meta property=\"og:image\" content=\"https:\/\/www.artestar.eu\/wp-content\/uploads\/2023\/05\/semi-precious-stones-beads-healing-crystals-polishing-mixed-irregular-01.jpg\" \/>\n\t<meta property=\"og:image:width\" content=\"600\" \/>\n\t<meta property=\"og:image:height\" content=\"600\" \/>\n\t<meta property=\"og:image:type\" content=\"image\/jpeg\" \/>\n<meta name=\"twitter:card\" content=\"summary_large_image\" \/>\n<meta name=\"twitter:label1\" content=\"pre\u00e7o\" \/>\n\t<meta name=\"twitter:data1\" content=\"11,44&nbsp;&euro; (IVA N\u00c3O inclu\u00eddo)\" \/>\n\t<meta name=\"twitter:label2\" content=\"Availability\" \/>\n\t<meta name=\"twitter:data2\" content=\"Em estoque\" \/>\n<script type=\"application\/ld+json\" class=\"yoast-schema-graph\">{\"@context\":\"https:\/\/schema.org\",\"@graph\":[{\"@type\":\"WebPage\",\"@id\":\"https:\/\/www.artestar.eu\/pt-pt\/atacado\/pedras-semipreciosas-soltas\/\",\"url\":\"https:\/\/www.artestar.eu\/pt-pt\/atacado\/pedras-semipreciosas-soltas\/\",\"name\":\"- Artestar Pedras soltas semipreciosas\",\"isPartOf\":{\"@id\":\"https:\/\/www.artestar.eu\/pt-pt\/#website\"},\"datePublished\":\"2023-05-26T02:51:16+00:00\",\"dateModified\":\"2023-10-26T06:20:32+00:00\",\"description\":\"\ud83d\uded2Venda por atacado Natural Pedras Semi-Preciosas Soltas, Cristais de Cura de Cascalho Semi-preciosos, Pedras Soltas, \ud83d\ude9aEntrega Direta de F\u00e1brica\",\"breadcrumb\":{\"@id\":\"https:\/\/www.artestar.eu\/pt-pt\/atacado\/pedras-semipreciosas-soltas\/#breadcrumb\"},\"inLanguage\":\"pt-PT\",\"potentialAction\":[{\"@type\":\"ReadAction\",\"target\":[\"https:\/\/www.artestar.eu\/pt-pt\/atacado\/pedras-semipreciosas-soltas\/\"]}]},{\"@type\":\"BreadcrumbList\",\"@id\":\"https:\/\/www.artestar.eu\/pt-pt\/atacado\/pedras-semipreciosas-soltas\/#breadcrumb\",\"itemListElement\":[{\"@type\":\"ListItem\",\"position\":1,\"name\":\"Artestar\",\"item\":\"https:\/\/www.artestar.eu\/pt-pt\/\"},{\"@type\":\"ListItem\",\"position\":2,\"name\":\"Atacado\",\"item\":\"https:\/\/www.artestar.eu\/pt-pt\/atacado\/\"},{\"@type\":\"ListItem\",\"position\":3,\"name\":\"Grandes pedras soltas 500g\"}]},{\"@type\":\"WebSite\",\"@id\":\"https:\/\/www.artestar.eu\/pt-pt\/#website\",\"url\":\"https:\/\/www.artestar.eu\/pt-pt\/\",\"name\":\"Artestar\",\"description\":\"Mayorista en abalorios y joyer\u00eda\",\"publisher\":{\"@id\":\"https:\/\/www.artestar.eu\/pt-pt\/#organization\"},\"alternateName\":\"Artestar-EU\",\"potentialAction\":[{\"@type\":\"SearchAction\",\"target\":{\"@type\":\"EntryPoint\",\"urlTemplate\":\"https:\/\/www.artestar.eu\/pt-pt\/?s={search_term_string}\"},\"query-input\":\"required name=search_term_string\"}],\"inLanguage\":\"pt-PT\"},{\"@type\":[\"Organization\",\"Place\"],\"@id\":\"https:\/\/www.artestar.eu\/pt-pt\/#organization\",\"name\":\"RUBY ABALORIO S.L.\",\"alternateName\":\"Artestar\",\"url\":\"https:\/\/www.artestar.eu\/pt-pt\/\",\"logo\":{\"@id\":\"https:\/\/www.artestar.eu\/pt-pt\/atacado\/pedras-semipreciosas-soltas\/#local-main-organization-logo\"},\"image\":{\"@id\":\"https:\/\/www.artestar.eu\/pt-pt\/atacado\/pedras-semipreciosas-soltas\/#local-main-organization-logo\"},\"sameAs\":[\"https:\/\/www.facebook.com\/ARTESTAREU\",\"https:\/\/www.instagram.com\/artestareu\/\",\"https:\/\/www.pinterest.es\/artestar_eu\/\",\"https:\/\/www.tiktok.com\/@artestar_wholesale\"],\"openingHoursSpecification\":[{\"@type\":\"OpeningHoursSpecification\",\"dayOfWeek\":[\"Monday\",\"Tuesday\",\"Wednesday\",\"Thursday\",\"Friday\",\"Saturday\",\"Sunday\"],\"opens\":\"09:00\",\"closes\":\"17:00\"}]},{\"@type\":\"ImageObject\",\"inLanguage\":\"pt-PT\",\"@id\":\"https:\/\/www.artestar.eu\/pt-pt\/atacado\/pedras-semipreciosas-soltas\/#local-main-organization-logo\",\"url\":\"https:\/\/www.artestar.eu\/wp-content\/uploads\/2023\/05\/cropped-png.png\",\"contentUrl\":\"https:\/\/www.artestar.eu\/wp-content\/uploads\/2023\/05\/cropped-png.png\",\"width\":512,\"height\":512,\"caption\":\"RUBY ABALORIO S.L.\"}]}<\/script>\n<meta property=\"product:price:amount\" content=\"11.44\" \/>\n<meta property=\"product:price:currency\" content=\"EUR\" \/>\n<meta property=\"og:availability\" content=\"instock\" \/>\n<meta property=\"product:availability\" content=\"instock\" \/>\n<meta property=\"product:retailer_item_id\" content=\"BS-ZY-0001-0061\" \/>\n<meta property=\"product:condition\" content=\"new\" \/>\n<!-- \/ Yoast SEO Premium plugin. -->","yoast_head_json":{"title":"- Artestar Pedras soltas semipreciosas","description":"\ud83d\uded2Venda por atacado Natural Pedras Semi-Preciosas Soltas, Cristais de Cura de Cascalho Semi-preciosos, Pedras Soltas, \ud83d\ude9aEntrega Direta de F\u00e1brica","robots":{"index":"index","follow":"follow","max-snippet":"max-snippet:-1","max-image-preview":"max-image-preview:large","max-video-preview":"max-video-preview:-1"},"canonical":"https:\/\/www.artestar.eu\/pt-pt\/atacado\/pedras-semipreciosas-soltas\/","og_locale":"pt_PT","og_type":"article","og_title":"Grandes pedras soltas 500g","og_description":"\ud83d\uded2Venda por atacado Natural Pedras Semi-Preciosas Soltas, Cristais de Cura de Cascalho Semi-preciosos, Pedras Soltas, \ud83d\ude9aEntrega Direta de F\u00e1brica","og_url":"https:\/\/www.artestar.eu\/pt-pt\/atacado\/pedras-semipreciosas-soltas\/","og_site_name":"Artestar","article_publisher":"https:\/\/www.facebook.com\/ARTESTAREU","article_modified_time":"2023-10-26T06:20:32+00:00","og_image":[{"width":600,"height":600,"url":"https:\/\/www.artestar.eu\/wp-content\/uploads\/2023\/05\/semi-precious-stones-beads-healing-crystals-polishing-mixed-irregular-01.jpg","type":"image\/jpeg"}],"twitter_card":"summary_large_image","twitter_misc":{"pre\u00e7o":"11,44&nbsp;&euro; (IVA N\u00c3O inclu\u00eddo)","Availability":"Em estoque"},"schema":{"@context":"https:\/\/schema.org","@graph":[{"@type":"WebPage","@id":"https:\/\/www.artestar.eu\/pt-pt\/atacado\/pedras-semipreciosas-soltas\/","url":"https:\/\/www.artestar.eu\/pt-pt\/atacado\/pedras-semipreciosas-soltas\/","name":"- Artestar Pedras soltas semipreciosas","isPartOf":{"@id":"https:\/\/www.artestar.eu\/pt-pt\/#website"},"datePublished":"2023-05-26T02:51:16+00:00","dateModified":"2023-10-26T06:20:32+00:00","description":"\ud83d\uded2Venda por atacado Natural Pedras Semi-Preciosas Soltas, Cristais de Cura de Cascalho Semi-preciosos, Pedras Soltas, \ud83d\ude9aEntrega Direta de F\u00e1brica","breadcrumb":{"@id":"https:\/\/www.artestar.eu\/pt-pt\/atacado\/pedras-semipreciosas-soltas\/#breadcrumb"},"inLanguage":"pt-PT","potentialAction":[{"@type":"ReadAction","target":["https:\/\/www.artestar.eu\/pt-pt\/atacado\/pedras-semipreciosas-soltas\/"]}]},{"@type":"BreadcrumbList","@id":"https:\/\/www.artestar.eu\/pt-pt\/atacado\/pedras-semipreciosas-soltas\/#breadcrumb","itemListElement":[{"@type":"ListItem","position":1,"name":"Artestar","item":"https:\/\/www.artestar.eu\/pt-pt\/"},{"@type":"ListItem","position":2,"name":"Atacado","item":"https:\/\/www.artestar.eu\/pt-pt\/atacado\/"},{"@type":"ListItem","position":3,"name":"Grandes pedras soltas 500g"}]},{"@type":"WebSite","@id":"https:\/\/www.artestar.eu\/pt-pt\/#website","url":"https:\/\/www.artestar.eu\/pt-pt\/","name":"Artestar","description":"Mayorista en abalorios y joyer\u00eda","publisher":{"@id":"https:\/\/www.artestar.eu\/pt-pt\/#organization"},"alternateName":"Artestar-EU","potentialAction":[{"@type":"SearchAction","target":{"@type":"EntryPoint","urlTemplate":"https:\/\/www.artestar.eu\/pt-pt\/?s={search_term_string}"},"query-input":"required name=search_term_string"}],"inLanguage":"pt-PT"},{"@type":["Organization","Place"],"@id":"https:\/\/www.artestar.eu\/pt-pt\/#organization","name":"RUBY ABALORIO S.L.","alternateName":"Artestar","url":"https:\/\/www.artestar.eu\/pt-pt\/","logo":{"@id":"https:\/\/www.artestar.eu\/pt-pt\/atacado\/pedras-semipreciosas-soltas\/#local-main-organization-logo"},"image":{"@id":"https:\/\/www.artestar.eu\/pt-pt\/atacado\/pedras-semipreciosas-soltas\/#local-main-organization-logo"},"sameAs":["https:\/\/www.facebook.com\/ARTESTAREU","https:\/\/www.instagram.com\/artestareu\/","https:\/\/www.pinterest.es\/artestar_eu\/","https:\/\/www.tiktok.com\/@artestar_wholesale"],"openingHoursSpecification":[{"@type":"OpeningHoursSpecification","dayOfWeek":["Monday","Tuesday","Wednesday","Thursday","Friday","Saturday","Sunday"],"opens":"09:00","closes":"17:00"}]},{"@type":"ImageObject","inLanguage":"pt-PT","@id":"https:\/\/www.artestar.eu\/pt-pt\/atacado\/pedras-semipreciosas-soltas\/#local-main-organization-logo","url":"https:\/\/www.artestar.eu\/wp-content\/uploads\/2023\/05\/cropped-png.png","contentUrl":"https:\/\/www.artestar.eu\/wp-content\/uploads\/2023\/05\/cropped-png.png","width":512,"height":512,"caption":"RUBY ABALORIO S.L."}]},"product_price_amount":"11.44","product_price_currency":"EUR","og_availability":"instock","product_availability":"instock","product_retailer_item_id":"BS-ZY-0001-0061","product_condition":"new"},"tiered_pricing_type":"percentage","tiered_pricing_fixed_rules":[],"tiered_pricing_percentage_rules":[],"tiered_pricing_minimum":null,"_administrator_tiered_pricing_type":"fixed","_administrator_tiered_pricing_fixed_rules":[],"_editor_tiered_pricing_type":"fixed","_editor_tiered_pricing_fixed_rules":[],"_author_tiered_pricing_type":"fixed","_author_tiered_pricing_fixed_rules":[],"_contributor_tiered_pricing_type":"fixed","_contributor_tiered_pricing_fixed_rules":[],"_subscriber_tiered_pricing_type":"fixed","_subscriber_tiered_pricing_fixed_rules":[],"_wpseo_manager_tiered_pricing_type":"fixed","_wpseo_manager_tiered_pricing_fixed_rules":[],"_wpseo_editor_tiered_pricing_type":"fixed","_wpseo_editor_tiered_pricing_fixed_rules":[],"_customer_tiered_pricing_type":"fixed","_customer_tiered_pricing_fixed_rules":[],"_shop_manager_tiered_pricing_type":"fixed","_shop_manager_tiered_pricing_fixed_rules":[],"_product_manager_tiered_pricing_type":"fixed","_product_manager_tiered_pricing_fixed_rules":[],"_links":{"self":[{"href":"https:\/\/www.artestar.eu\/pt-pt\/wp-json\/wp\/v2\/product\/25393"}],"collection":[{"href":"https:\/\/www.artestar.eu\/pt-pt\/wp-json\/wp\/v2\/product"}],"about":[{"href":"https:\/\/www.artestar.eu\/pt-pt\/wp-json\/wp\/v2\/types\/product"}],"replies":[{"embeddable":true,"href":"https:\/\/www.artestar.eu\/pt-pt\/wp-json\/wp\/v2\/comments?post=25393"}],"version-history":[{"count":2,"href":"https:\/\/www.artestar.eu\/pt-pt\/wp-json\/wp\/v2\/product\/25393\/revisions"}],"predecessor-version":[{"id":37294,"href":"https:\/\/www.artestar.eu\/pt-pt\/wp-json\/wp\/v2\/product\/25393\/revisions\/37294"}],"wp:featuredmedia":[{"embeddable":true,"href":"https:\/\/www.artestar.eu\/pt-pt\/wp-json\/wp\/v2\/media\/11895"}],"wp:attachment":[{"href":"https:\/\/www.artestar.eu\/pt-pt\/wp-json\/wp\/v2\/media?parent=25393"}],"wp:term":[{"taxonomy":"product_cat","embeddable":true,"href":"https:\/\/www.artestar.eu\/pt-pt\/wp-json\/wp\/v2\/product_cat?post=25393"},{"taxonomy":"product_tag","embeddable":true,"href":"https:\/\/www.artestar.eu\/pt-pt\/wp-json\/wp\/v2\/product_tag?post=25393"}],"curies":[{"name":"wp","href":"https:\/\/api.w.org\/{rel}","templated":true}]}}