{"id":25513,"date":"2023-05-30T07:05:00","date_gmt":"2023-05-30T07:05:00","guid":{"rendered":"https:\/\/www.artestar.eu\/al-por-mayor\/perlas-cultivadas-medio-perforados-90-pares\/"},"modified":"2024-03-08T22:12:53","modified_gmt":"2024-03-08T22:12:53","slug":"perolas-cultivadas-medias-perfuradas-90-pares","status":"publish","type":"product","link":"https:\/\/www.artestar.eu\/pt-pt\/atacado\/perolas-cultivadas-medias-perfuradas-90-pares\/","title":{"rendered":"P\u00e9rolas cultivadas meio perfuradas 90 pares"},"content":{"rendered":"<p>P\u00e9rolas cultivadas perfuradas m\u00e9dias naturais: 5 mm.<\/p>\n<ul>\n<li>P\u00e9rolas cultivadas semiperfuradas est\u00e3o dispon\u00edveis em diferentes tamanhos. Assim, voc\u00ea pode escolher o tamanho ou tamanhos que melhor se adequam a voc\u00ea e DIY para fazer qualquer estilo de brincos que voc\u00ea gosta.<\/li>\n<li>As p\u00e9rolas cultivadas em \u00e1gua doce 100% naturais prov\u00eam de ostras, que t\u00eam uma forma natural redonda. Todas as p\u00e9rolas naturais de \u00e1gua doce s\u00e3o \u00fanicas e t\u00eam uma superf\u00edcie redonda e lisa, o que as torna muito confort\u00e1veis de usar. Se voc\u00ea olhar de perto, voc\u00ea tamb\u00e9m ver\u00e1 a textura \u00fanica da superf\u00edcie das p\u00e9rolas cultivadas naturais, o que lhes d\u00e1 um toque natural e elegante.<\/li>\n<li>As p\u00e9rolas cultivadas em \u00e1gua doce natural n\u00e3o s\u00e3o apenas frescas, confort\u00e1veis e elegantes, mas tamb\u00e9m vers\u00e1teis. Estas p\u00e9rolas semiperfuradas e soltas s\u00e3o geralmente adequadas para brincos, tachas e muito mais. Como temos essas contas em buracos semi-alados, voc\u00ea n\u00e3o ter\u00e1 que se esfor\u00e7ar para perfur\u00e1-las.<\/li>\n<li>P\u00e9rolas cultivadas de \u00e1gua doce s\u00e3o \u00f3timos acess\u00f3rios para artesanato. Podemos usar estes acess\u00f3rios para brincos para fazer qualquer of\u00edcio criativo que gostamos. O produto acabado pode ser dado a amigos e familiares em casamentos, anivers\u00e1rios, anivers\u00e1rios e muitas outras ocasi\u00f5es. Temos certeza de que eles v\u00e3o am\u00e1-los, pois eles facilmente aumentar\u00e3o a confian\u00e7a e o charme de uma mulher.<\/li>\n<\/ul>\n<h5>P\u00e9rolas cultivadas perfuradas em meio natural<\/h5>\n<ul>\n<li>Todas as p\u00e9rolas cultivadas naturalmente s\u00e3o \u00fanicas. Devido \u00e0 ilumina\u00e7\u00e3o e configura\u00e7\u00f5es do computador, o produto recebido pode variar ligeiramente, Leia os tamanhos das diferentes p\u00e9rolas de meio diamante antes de comprar e escolha o cart\u00e3o que voc\u00ea mais gosta.<\/li>\n<li>O nacre prov\u00e9m de v\u00e1rios tipos de moluscos marinhos, como as ostras. Se tentar abrir uma concha de ostra e olhar atentamente para a sua superf\u00edcie interna, ver\u00e1 que est\u00e1 ligeiramente brilhante e cintilante. Com ele voc\u00ea pode fazer belos objetos decorativos que v\u00e3o atrair muita aten\u00e7\u00e3o.<\/li>\n<li>Diz-se que as p\u00e9rolas cultivadas em \u00e1gua doce natural n\u00e3o s\u00e3o apenas belas, mas tamb\u00e9m lhes s\u00e3o atribu\u00eddos poderes curativos. Eles podem ajudar a acalmar o cora\u00e7\u00e3o; livrar-se de fobias sociais ou ataques de p\u00e2nico e depress\u00f5es causadas por baixos n\u00edveis de serotonina; melhorar a mem\u00f3ria, ativando a produ\u00e7\u00e3o de fatores de crescimento nas c\u00e9lulas nervosas do c\u00e9rebro; e estimular a produ\u00e7\u00e3o de col\u00e1geno, que regenera rapidamente a camada de pele do nosso corpo e nos faz sentir bonitos e vibrantes.<\/li>\n<\/ul>\n","protected":false},"excerpt":{"rendered":"<ul>\n<li>Tamanho: aprox. \u03a65 mil\u00edmetros<\/li>\n<li>Quantidade: aprox. 90 pares (180pcs)<\/li>\n<li>Material: p\u00e9rolas de \u00e1gua doce cultivadas naturalmente<\/li>\n<li>Usado para fazer brincos, pulseiras e outras joias<\/li>\n<\/ul>\n","protected":false},"featured_media":12055,"comment_status":"open","ping_status":"closed","template":"","meta":[],"product_cat":[1498,1524,1525],"product_tag":[],"yoast_head":"<!-- This site is optimized with the Yoast SEO Premium plugin v20.5 (Yoast SEO v21.5) - https:\/\/yoast.com\/wordpress\/plugins\/seo\/ -->\n<title>P\u00e9rolas naturais de cultura m\u00e9dia - Artestar<\/title>\n<meta name=\"description\" content=\"P\u00e9rolas semiperfuradas 100% naturais de \u00e1gua doce v\u00eam de ostras, que t\u00eam uma forma redonda natural.\" \/>\n<meta name=\"robots\" content=\"index, follow, max-snippet:-1, max-image-preview:large, max-video-preview:-1\" \/>\n<link rel=\"canonical\" href=\"https:\/\/www.artestar.eu\/pt-pt\/atacado\/perolas-cultivadas-medias-perfuradas-90-pares\/\" \/>\n<meta property=\"og:locale\" content=\"pt_PT\" \/>\n<meta property=\"og:type\" content=\"article\" \/>\n<meta property=\"og:title\" content=\"P\u00e9rolas cultivadas meio perfuradas 90 pares\" \/>\n<meta property=\"og:description\" content=\"P\u00e9rolas semiperfuradas 100% naturais de \u00e1gua doce v\u00eam de ostras, que t\u00eam uma forma redonda natural.\" \/>\n<meta property=\"og:url\" content=\"https:\/\/www.artestar.eu\/pt-pt\/atacado\/perolas-cultivadas-medias-perfuradas-90-pares\/\" \/>\n<meta property=\"og:site_name\" content=\"Artestar\" \/>\n<meta property=\"article:publisher\" content=\"https:\/\/www.facebook.com\/ARTESTAREU\" \/>\n<meta property=\"article:modified_time\" content=\"2024-03-08T22:12:53+00:00\" \/>\n<meta property=\"og:image\" content=\"https:\/\/www.artestar.eu\/wp-content\/uploads\/2023\/05\/cultured-pearls-accessories-for-earrings-half-perforated-90-pairs.jpg\" \/>\n\t<meta property=\"og:image:width\" content=\"600\" \/>\n\t<meta property=\"og:image:height\" content=\"600\" \/>\n\t<meta property=\"og:image:type\" content=\"image\/jpeg\" \/>\n<meta name=\"twitter:card\" content=\"summary_large_image\" \/>\n<meta name=\"twitter:label1\" content=\"pre\u00e7o\" \/>\n\t<meta name=\"twitter:data1\" content=\"27,46&nbsp;&euro; (IVA N\u00c3O inclu\u00eddo)\" \/>\n\t<meta name=\"twitter:label2\" content=\"Availability\" \/>\n\t<meta name=\"twitter:data2\" content=\"Em estoque\" \/>\n<script type=\"application\/ld+json\" class=\"yoast-schema-graph\">{\"@context\":\"https:\/\/schema.org\",\"@graph\":[{\"@type\":\"WebPage\",\"@id\":\"https:\/\/www.artestar.eu\/pt-pt\/atacado\/perolas-cultivadas-medias-perfuradas-90-pares\/\",\"url\":\"https:\/\/www.artestar.eu\/pt-pt\/atacado\/perolas-cultivadas-medias-perfuradas-90-pares\/\",\"name\":\"P\u00e9rolas naturais de cultura m\u00e9dia - Artestar\",\"isPartOf\":{\"@id\":\"https:\/\/www.artestar.eu\/pt-pt\/#website\"},\"datePublished\":\"2023-05-30T07:05:00+00:00\",\"dateModified\":\"2024-03-08T22:12:53+00:00\",\"description\":\"P\u00e9rolas semiperfuradas 100% naturais de \u00e1gua doce v\u00eam de ostras, que t\u00eam uma forma redonda natural.\",\"breadcrumb\":{\"@id\":\"https:\/\/www.artestar.eu\/pt-pt\/atacado\/perolas-cultivadas-medias-perfuradas-90-pares\/#breadcrumb\"},\"inLanguage\":\"pt-PT\",\"potentialAction\":[{\"@type\":\"ReadAction\",\"target\":[\"https:\/\/www.artestar.eu\/pt-pt\/atacado\/perolas-cultivadas-medias-perfuradas-90-pares\/\"]}]},{\"@type\":\"BreadcrumbList\",\"@id\":\"https:\/\/www.artestar.eu\/pt-pt\/atacado\/perolas-cultivadas-medias-perfuradas-90-pares\/#breadcrumb\",\"itemListElement\":[{\"@type\":\"ListItem\",\"position\":1,\"name\":\"Artestar\",\"item\":\"https:\/\/www.artestar.eu\/pt-pt\/\"},{\"@type\":\"ListItem\",\"position\":2,\"name\":\"Atacado\",\"item\":\"https:\/\/www.artestar.eu\/pt-pt\/atacado\/\"},{\"@type\":\"ListItem\",\"position\":3,\"name\":\"P\u00e9rolas cultivadas meio perfuradas 90 pares\"}]},{\"@type\":\"WebSite\",\"@id\":\"https:\/\/www.artestar.eu\/pt-pt\/#website\",\"url\":\"https:\/\/www.artestar.eu\/pt-pt\/\",\"name\":\"Artestar\",\"description\":\"Mayorista en abalorios y joyer\u00eda\",\"publisher\":{\"@id\":\"https:\/\/www.artestar.eu\/pt-pt\/#organization\"},\"alternateName\":\"Artestar-EU\",\"potentialAction\":[{\"@type\":\"SearchAction\",\"target\":{\"@type\":\"EntryPoint\",\"urlTemplate\":\"https:\/\/www.artestar.eu\/pt-pt\/?s={search_term_string}\"},\"query-input\":\"required name=search_term_string\"}],\"inLanguage\":\"pt-PT\"},{\"@type\":[\"Organization\",\"Place\"],\"@id\":\"https:\/\/www.artestar.eu\/pt-pt\/#organization\",\"name\":\"RUBY ABALORIO S.L.\",\"alternateName\":\"Artestar\",\"url\":\"https:\/\/www.artestar.eu\/pt-pt\/\",\"logo\":{\"@id\":\"https:\/\/www.artestar.eu\/pt-pt\/atacado\/perolas-cultivadas-medias-perfuradas-90-pares\/#local-main-organization-logo\"},\"image\":{\"@id\":\"https:\/\/www.artestar.eu\/pt-pt\/atacado\/perolas-cultivadas-medias-perfuradas-90-pares\/#local-main-organization-logo\"},\"sameAs\":[\"https:\/\/www.facebook.com\/ARTESTAREU\",\"https:\/\/www.instagram.com\/artestareu\/\",\"https:\/\/www.pinterest.es\/artestar_eu\/\",\"https:\/\/www.tiktok.com\/@artestar_wholesale\"],\"openingHoursSpecification\":[{\"@type\":\"OpeningHoursSpecification\",\"dayOfWeek\":[\"Monday\",\"Tuesday\",\"Wednesday\",\"Thursday\",\"Friday\",\"Saturday\",\"Sunday\"],\"opens\":\"09:00\",\"closes\":\"17:00\"}]},{\"@type\":\"ImageObject\",\"inLanguage\":\"pt-PT\",\"@id\":\"https:\/\/www.artestar.eu\/pt-pt\/atacado\/perolas-cultivadas-medias-perfuradas-90-pares\/#local-main-organization-logo\",\"url\":\"https:\/\/www.artestar.eu\/wp-content\/uploads\/2023\/05\/cropped-png.png\",\"contentUrl\":\"https:\/\/www.artestar.eu\/wp-content\/uploads\/2023\/05\/cropped-png.png\",\"width\":512,\"height\":512,\"caption\":\"RUBY ABALORIO S.L.\"}]}<\/script>\n<meta property=\"product:price:amount\" content=\"27.46\" \/>\n<meta property=\"product:price:currency\" content=\"EUR\" \/>\n<meta property=\"og:availability\" content=\"instock\" \/>\n<meta property=\"product:availability\" content=\"instock\" \/>\n<meta property=\"product:retailer_item_id\" content=\"ZZ-ES-0007\" \/>\n<meta property=\"product:condition\" content=\"new\" \/>\n<!-- \/ Yoast SEO Premium plugin. -->","yoast_head_json":{"title":"P\u00e9rolas naturais de cultura m\u00e9dia - Artestar","description":"P\u00e9rolas semiperfuradas 100% naturais de \u00e1gua doce v\u00eam de ostras, que t\u00eam uma forma redonda natural.","robots":{"index":"index","follow":"follow","max-snippet":"max-snippet:-1","max-image-preview":"max-image-preview:large","max-video-preview":"max-video-preview:-1"},"canonical":"https:\/\/www.artestar.eu\/pt-pt\/atacado\/perolas-cultivadas-medias-perfuradas-90-pares\/","og_locale":"pt_PT","og_type":"article","og_title":"P\u00e9rolas cultivadas meio perfuradas 90 pares","og_description":"P\u00e9rolas semiperfuradas 100% naturais de \u00e1gua doce v\u00eam de ostras, que t\u00eam uma forma redonda natural.","og_url":"https:\/\/www.artestar.eu\/pt-pt\/atacado\/perolas-cultivadas-medias-perfuradas-90-pares\/","og_site_name":"Artestar","article_publisher":"https:\/\/www.facebook.com\/ARTESTAREU","article_modified_time":"2024-03-08T22:12:53+00:00","og_image":[{"width":600,"height":600,"url":"https:\/\/www.artestar.eu\/wp-content\/uploads\/2023\/05\/cultured-pearls-accessories-for-earrings-half-perforated-90-pairs.jpg","type":"image\/jpeg"}],"twitter_card":"summary_large_image","twitter_misc":{"pre\u00e7o":"27,46&nbsp;&euro; (IVA N\u00c3O inclu\u00eddo)","Availability":"Em estoque"},"schema":{"@context":"https:\/\/schema.org","@graph":[{"@type":"WebPage","@id":"https:\/\/www.artestar.eu\/pt-pt\/atacado\/perolas-cultivadas-medias-perfuradas-90-pares\/","url":"https:\/\/www.artestar.eu\/pt-pt\/atacado\/perolas-cultivadas-medias-perfuradas-90-pares\/","name":"P\u00e9rolas naturais de cultura m\u00e9dia - Artestar","isPartOf":{"@id":"https:\/\/www.artestar.eu\/pt-pt\/#website"},"datePublished":"2023-05-30T07:05:00+00:00","dateModified":"2024-03-08T22:12:53+00:00","description":"P\u00e9rolas semiperfuradas 100% naturais de \u00e1gua doce v\u00eam de ostras, que t\u00eam uma forma redonda natural.","breadcrumb":{"@id":"https:\/\/www.artestar.eu\/pt-pt\/atacado\/perolas-cultivadas-medias-perfuradas-90-pares\/#breadcrumb"},"inLanguage":"pt-PT","potentialAction":[{"@type":"ReadAction","target":["https:\/\/www.artestar.eu\/pt-pt\/atacado\/perolas-cultivadas-medias-perfuradas-90-pares\/"]}]},{"@type":"BreadcrumbList","@id":"https:\/\/www.artestar.eu\/pt-pt\/atacado\/perolas-cultivadas-medias-perfuradas-90-pares\/#breadcrumb","itemListElement":[{"@type":"ListItem","position":1,"name":"Artestar","item":"https:\/\/www.artestar.eu\/pt-pt\/"},{"@type":"ListItem","position":2,"name":"Atacado","item":"https:\/\/www.artestar.eu\/pt-pt\/atacado\/"},{"@type":"ListItem","position":3,"name":"P\u00e9rolas cultivadas meio perfuradas 90 pares"}]},{"@type":"WebSite","@id":"https:\/\/www.artestar.eu\/pt-pt\/#website","url":"https:\/\/www.artestar.eu\/pt-pt\/","name":"Artestar","description":"Mayorista en abalorios y joyer\u00eda","publisher":{"@id":"https:\/\/www.artestar.eu\/pt-pt\/#organization"},"alternateName":"Artestar-EU","potentialAction":[{"@type":"SearchAction","target":{"@type":"EntryPoint","urlTemplate":"https:\/\/www.artestar.eu\/pt-pt\/?s={search_term_string}"},"query-input":"required name=search_term_string"}],"inLanguage":"pt-PT"},{"@type":["Organization","Place"],"@id":"https:\/\/www.artestar.eu\/pt-pt\/#organization","name":"RUBY ABALORIO S.L.","alternateName":"Artestar","url":"https:\/\/www.artestar.eu\/pt-pt\/","logo":{"@id":"https:\/\/www.artestar.eu\/pt-pt\/atacado\/perolas-cultivadas-medias-perfuradas-90-pares\/#local-main-organization-logo"},"image":{"@id":"https:\/\/www.artestar.eu\/pt-pt\/atacado\/perolas-cultivadas-medias-perfuradas-90-pares\/#local-main-organization-logo"},"sameAs":["https:\/\/www.facebook.com\/ARTESTAREU","https:\/\/www.instagram.com\/artestareu\/","https:\/\/www.pinterest.es\/artestar_eu\/","https:\/\/www.tiktok.com\/@artestar_wholesale"],"openingHoursSpecification":[{"@type":"OpeningHoursSpecification","dayOfWeek":["Monday","Tuesday","Wednesday","Thursday","Friday","Saturday","Sunday"],"opens":"09:00","closes":"17:00"}]},{"@type":"ImageObject","inLanguage":"pt-PT","@id":"https:\/\/www.artestar.eu\/pt-pt\/atacado\/perolas-cultivadas-medias-perfuradas-90-pares\/#local-main-organization-logo","url":"https:\/\/www.artestar.eu\/wp-content\/uploads\/2023\/05\/cropped-png.png","contentUrl":"https:\/\/www.artestar.eu\/wp-content\/uploads\/2023\/05\/cropped-png.png","width":512,"height":512,"caption":"RUBY ABALORIO S.L."}]},"product_price_amount":"27.46","product_price_currency":"EUR","og_availability":"instock","product_availability":"instock","product_retailer_item_id":"ZZ-ES-0007","product_condition":"new"},"tiered_pricing_type":"fixed","tiered_pricing_fixed_rules":[],"tiered_pricing_percentage_rules":[],"tiered_pricing_minimum":null,"_administrator_tiered_pricing_type":"fixed","_administrator_tiered_pricing_fixed_rules":[],"_editor_tiered_pricing_type":"fixed","_editor_tiered_pricing_fixed_rules":[],"_author_tiered_pricing_type":"fixed","_author_tiered_pricing_fixed_rules":[],"_contributor_tiered_pricing_type":"fixed","_contributor_tiered_pricing_fixed_rules":[],"_subscriber_tiered_pricing_type":"fixed","_subscriber_tiered_pricing_fixed_rules":[],"_wpseo_manager_tiered_pricing_type":"fixed","_wpseo_manager_tiered_pricing_fixed_rules":[],"_wpseo_editor_tiered_pricing_type":"fixed","_wpseo_editor_tiered_pricing_fixed_rules":[],"_customer_tiered_pricing_type":"fixed","_customer_tiered_pricing_fixed_rules":[],"_shop_manager_tiered_pricing_type":"fixed","_shop_manager_tiered_pricing_fixed_rules":[],"_product_manager_tiered_pricing_type":"fixed","_product_manager_tiered_pricing_fixed_rules":[],"_links":{"self":[{"href":"https:\/\/www.artestar.eu\/pt-pt\/wp-json\/wp\/v2\/product\/25513"}],"collection":[{"href":"https:\/\/www.artestar.eu\/pt-pt\/wp-json\/wp\/v2\/product"}],"about":[{"href":"https:\/\/www.artestar.eu\/pt-pt\/wp-json\/wp\/v2\/types\/product"}],"replies":[{"embeddable":true,"href":"https:\/\/www.artestar.eu\/pt-pt\/wp-json\/wp\/v2\/comments?post=25513"}],"version-history":[{"count":1,"href":"https:\/\/www.artestar.eu\/pt-pt\/wp-json\/wp\/v2\/product\/25513\/revisions"}],"predecessor-version":[{"id":32102,"href":"https:\/\/www.artestar.eu\/pt-pt\/wp-json\/wp\/v2\/product\/25513\/revisions\/32102"}],"wp:featuredmedia":[{"embeddable":true,"href":"https:\/\/www.artestar.eu\/pt-pt\/wp-json\/wp\/v2\/media\/12055"}],"wp:attachment":[{"href":"https:\/\/www.artestar.eu\/pt-pt\/wp-json\/wp\/v2\/media?parent=25513"}],"wp:term":[{"taxonomy":"product_cat","embeddable":true,"href":"https:\/\/www.artestar.eu\/pt-pt\/wp-json\/wp\/v2\/product_cat?post=25513"},{"taxonomy":"product_tag","embeddable":true,"href":"https:\/\/www.artestar.eu\/pt-pt\/wp-json\/wp\/v2\/product_tag?post=25513"}],"curies":[{"name":"wp","href":"https:\/\/api.w.org\/{rel}","templated":true}]}}