{"id":26071,"date":"2023-06-09T08:43:52","date_gmt":"2023-06-09T08:43:52","guid":{"rendered":"https:\/\/www.artestar.eu\/al-por-mayor\/cuentas-de-conchas-de-paua-cuadrado\/"},"modified":"2023-10-20T02:30:39","modified_gmt":"2023-10-20T02:30:39","slug":"contas-de-concha-quadrada","status":"publish","type":"product","link":"https:\/\/www.artestar.eu\/pt-pt\/atacado\/contas-de-concha-quadrada\/","title":{"rendered":"Contas quadradas de concha de paua"},"content":{"rendered":"<p>Contas quadradas de concha de paua s\u00e3o um cl\u00e1ssico. Designs \u00fanicos podem tornar as suas cria\u00e7\u00f5es \u00fanicas e apelativas. E porque as contas de concha de abalone t\u00eam uma superf\u00edcie lisa e texturizada para maior conforto de uso.<\/p>\n<h5>Carater\u00edsticas:<\/h5>\n<ul>\n<li>Tamanho: Contas quadradas de concha de paua est\u00e3o dispon\u00edveis em uma variedade de tamanhos. 10 x 10 mm, 12 x 12 mm. O suficiente para atender \u00e0s suas v\u00e1rias necessidades.<\/li>\n<li>Porque gr\u00e2nulos de concha com orif\u00edcios para f\u00e1cil rosqueamento. Perfeito para mi\u00e7angas, colares, pulseiras, brincos e outros desenhos de bijuterias; Tamb\u00e9m para presentes DIY, artesanato, decora\u00e7\u00e3o de casa e casamentos, etc.<\/li>\n<li>Use estas contas \u00fanicas de concha de paua para fazer presentes exclusivos para seus amigos e familiares e expressar os melhores e mais calorosos desejos em anivers\u00e1rios, anivers\u00e1rios, Natal, Dia das M\u00e3es e Dia dos Namorados.<\/li>\n<li>Porque o desenho de cada tal\u00e3o \u00e9 \u00fanico, o que o torna um elemento especial da joia.<\/li>\n<li>Escondido dentro das conchas de abalone \u00e9 uma gama de cores iridescentes. De azuis frescos, verdes marinhos e roxos profundos a amarelos e rosas suaves a dourados e prateados cintilantes.<\/li>\n<li>Porque al\u00e9m das suas cores apelativas, apresentam um fascinante padr\u00e3o de banda que lembra o mar, tornando-os ideais para cria\u00e7\u00f5es com tem\u00e1tica marinha.<\/li>\n<li>As contas de casca de paua s\u00e3o um subproduto natural que pode ser trabalhado. Porque s\u00e3o f\u00e1ceis de cortar e moldar, podem ser criados numa variedade de produtos bonitos, e temos uma variedade de formas caracter\u00edsticas para escolher.<\/li>\n<\/ul>\n<p><img decoding=\"async\" class=\"alignnone size-full wp-image-5840\" src=\"https:\/\/www.artestar.eu%E2%80%8B%E2%80%8B%E2%80%8B%E2%80%8B\/wp-content\/uploads\/2023\/06\/square-paua-shell-beads-01-1.jpg\" alt=\"Contas quadradas de concha de paua\" width=\"600\" height=\"600\" srcset=\"https:\/\/www.artestar.eu\/wp-content\/uploads\/2023\/06\/square-paua-shell-beads-01-1.jpg 600w, https:\/\/www.artestar.eu\/wp-content\/uploads\/2023\/06\/square-paua-shell-beads-01-1-300x300.jpg 300w, https:\/\/www.artestar.eu\/wp-content\/uploads\/2023\/06\/square-paua-shell-beads-01-1-150x150.jpg 150w, https:\/\/www.artestar.eu\/wp-content\/uploads\/2023\/06\/square-paua-shell-beads-01-1-450x450.jpg 450w, https:\/\/www.artestar.eu\/wp-content\/uploads\/2023\/06\/square-paua-shell-beads-01-1-54x54.jpg 54w\" sizes=\"(max-width: 600px) 100vw, 600px\" \/><\/p>\n<h6>Aten\u00e7\u00e3o:<\/h6>\n<ul>\n<li>Devido aos diferentes dispositivos de exibi\u00e7\u00e3o, pequenos desvios de cor s\u00e3o permitidos.<\/li>\n<li>Crian\u00e7as com menos de tr\u00eas anos devem evitar o contacto com o produto devido ao risco de asfixia.<\/li>\n<\/ul>\n","protected":false},"excerpt":{"rendered":"<ul>\n<li>10 x 10 mm: aprox. 33pcs.<\/li>\n<li>12 x12 mm: aprox. 39pcs.<\/li>\n<li>Cores \u00fanicas do arco-\u00edris<\/li>\n<li>Usado para fazer colares, pulseiras e outras joias<\/li>\n<\/ul>\n","protected":false},"featured_media":14167,"comment_status":"open","ping_status":"closed","template":"","meta":[],"product_cat":[1498,1698,1697],"product_tag":[],"yoast_head":"<!-- This site is optimized with the Yoast SEO Premium plugin v20.5 (Yoast SEO v21.5) - https:\/\/yoast.com\/wordpress\/plugins\/seo\/ -->\n<title>Paua Shell Beads Square - Artestar<\/title>\n<meta name=\"description\" content=\"As contas de casca de paua s\u00e3o um subproduto natural que pode ser trabalhado. Eles apresentam um fascinante padr\u00e3o de banda que lembra o mar.\" \/>\n<meta name=\"robots\" content=\"index, follow, max-snippet:-1, max-image-preview:large, max-video-preview:-1\" \/>\n<link rel=\"canonical\" href=\"https:\/\/www.artestar.eu\/pt-pt\/atacado\/contas-de-concha-quadrada\/\" \/>\n<meta property=\"og:locale\" content=\"pt_PT\" \/>\n<meta property=\"og:type\" content=\"article\" \/>\n<meta property=\"og:title\" content=\"Contas quadradas de concha de paua\" \/>\n<meta property=\"og:description\" content=\"As contas de casca de paua s\u00e3o um subproduto natural que pode ser trabalhado. Eles apresentam um fascinante padr\u00e3o de banda que lembra o mar.\" \/>\n<meta property=\"og:url\" content=\"https:\/\/www.artestar.eu\/pt-pt\/atacado\/contas-de-concha-quadrada\/\" \/>\n<meta property=\"og:site_name\" content=\"Artestar\" \/>\n<meta property=\"article:publisher\" content=\"https:\/\/www.facebook.com\/ARTESTAREU\" \/>\n<meta property=\"article:modified_time\" content=\"2023-10-20T02:30:39+00:00\" \/>\n<meta property=\"og:image\" content=\"https:\/\/www.artestar.eu\/wp-content\/uploads\/2023\/06\/square-paua-shell-beads.jpg\" \/>\n\t<meta property=\"og:image:width\" content=\"600\" \/>\n\t<meta property=\"og:image:height\" content=\"600\" \/>\n\t<meta property=\"og:image:type\" content=\"image\/jpeg\" \/>\n<meta name=\"twitter:card\" content=\"summary_large_image\" \/>\n<meta name=\"twitter:label1\" content=\"Availability\" \/>\n\t<meta name=\"twitter:data1\" content=\"Em estoque\" \/>\n<script type=\"application\/ld+json\" class=\"yoast-schema-graph\">{\"@context\":\"https:\/\/schema.org\",\"@graph\":[{\"@type\":\"WebPage\",\"@id\":\"https:\/\/www.artestar.eu\/pt-pt\/atacado\/contas-de-concha-quadrada\/\",\"url\":\"https:\/\/www.artestar.eu\/pt-pt\/atacado\/contas-de-concha-quadrada\/\",\"name\":\"Paua Shell Beads Square - Artestar\",\"isPartOf\":{\"@id\":\"https:\/\/www.artestar.eu\/pt-pt\/#website\"},\"datePublished\":\"2023-06-09T08:43:52+00:00\",\"dateModified\":\"2023-10-20T02:30:39+00:00\",\"description\":\"As contas de casca de paua s\u00e3o um subproduto natural que pode ser trabalhado. Eles apresentam um fascinante padr\u00e3o de banda que lembra o mar.\",\"breadcrumb\":{\"@id\":\"https:\/\/www.artestar.eu\/pt-pt\/atacado\/contas-de-concha-quadrada\/#breadcrumb\"},\"inLanguage\":\"pt-PT\",\"potentialAction\":[{\"@type\":\"ReadAction\",\"target\":[\"https:\/\/www.artestar.eu\/pt-pt\/atacado\/contas-de-concha-quadrada\/\"]}]},{\"@type\":\"BreadcrumbList\",\"@id\":\"https:\/\/www.artestar.eu\/pt-pt\/atacado\/contas-de-concha-quadrada\/#breadcrumb\",\"itemListElement\":[{\"@type\":\"ListItem\",\"position\":1,\"name\":\"Artestar\",\"item\":\"https:\/\/www.artestar.eu\/pt-pt\/\"},{\"@type\":\"ListItem\",\"position\":2,\"name\":\"Atacado\",\"item\":\"https:\/\/www.artestar.eu\/pt-pt\/atacado\/\"},{\"@type\":\"ListItem\",\"position\":3,\"name\":\"Contas quadradas de concha de paua\"}]},{\"@type\":\"WebSite\",\"@id\":\"https:\/\/www.artestar.eu\/pt-pt\/#website\",\"url\":\"https:\/\/www.artestar.eu\/pt-pt\/\",\"name\":\"Artestar\",\"description\":\"Mayorista en abalorios y joyer\u00eda\",\"publisher\":{\"@id\":\"https:\/\/www.artestar.eu\/pt-pt\/#organization\"},\"alternateName\":\"Artestar-EU\",\"potentialAction\":[{\"@type\":\"SearchAction\",\"target\":{\"@type\":\"EntryPoint\",\"urlTemplate\":\"https:\/\/www.artestar.eu\/pt-pt\/?s={search_term_string}\"},\"query-input\":\"required name=search_term_string\"}],\"inLanguage\":\"pt-PT\"},{\"@type\":[\"Organization\",\"Place\"],\"@id\":\"https:\/\/www.artestar.eu\/pt-pt\/#organization\",\"name\":\"RUBY ABALORIO S.L.\",\"alternateName\":\"Artestar\",\"url\":\"https:\/\/www.artestar.eu\/pt-pt\/\",\"logo\":{\"@id\":\"https:\/\/www.artestar.eu\/pt-pt\/atacado\/contas-de-concha-quadrada\/#local-main-organization-logo\"},\"image\":{\"@id\":\"https:\/\/www.artestar.eu\/pt-pt\/atacado\/contas-de-concha-quadrada\/#local-main-organization-logo\"},\"sameAs\":[\"https:\/\/www.facebook.com\/ARTESTAREU\",\"https:\/\/www.instagram.com\/artestareu\/\",\"https:\/\/www.pinterest.es\/artestar_eu\/\",\"https:\/\/www.tiktok.com\/@artestar_wholesale\"],\"openingHoursSpecification\":[{\"@type\":\"OpeningHoursSpecification\",\"dayOfWeek\":[\"Monday\",\"Tuesday\",\"Wednesday\",\"Thursday\",\"Friday\",\"Saturday\",\"Sunday\"],\"opens\":\"09:00\",\"closes\":\"17:00\"}]},{\"@type\":\"ImageObject\",\"inLanguage\":\"pt-PT\",\"@id\":\"https:\/\/www.artestar.eu\/pt-pt\/atacado\/contas-de-concha-quadrada\/#local-main-organization-logo\",\"url\":\"https:\/\/www.artestar.eu\/wp-content\/uploads\/2023\/05\/cropped-png.png\",\"contentUrl\":\"https:\/\/www.artestar.eu\/wp-content\/uploads\/2023\/05\/cropped-png.png\",\"width\":512,\"height\":512,\"caption\":\"RUBY ABALORIO S.L.\"}]}<\/script>\n<meta property=\"og:availability\" content=\"instock\" \/>\n<meta property=\"product:availability\" content=\"instock\" \/>\n<meta property=\"product:retailer_item_id\" content=\"BK-BY-FX00010003\" \/>\n<meta property=\"product:condition\" content=\"new\" \/>\n<!-- \/ Yoast SEO Premium plugin. -->","yoast_head_json":{"title":"Paua Shell Beads Square - Artestar","description":"As contas de casca de paua s\u00e3o um subproduto natural que pode ser trabalhado. Eles apresentam um fascinante padr\u00e3o de banda que lembra o mar.","robots":{"index":"index","follow":"follow","max-snippet":"max-snippet:-1","max-image-preview":"max-image-preview:large","max-video-preview":"max-video-preview:-1"},"canonical":"https:\/\/www.artestar.eu\/pt-pt\/atacado\/contas-de-concha-quadrada\/","og_locale":"pt_PT","og_type":"article","og_title":"Contas quadradas de concha de paua","og_description":"As contas de casca de paua s\u00e3o um subproduto natural que pode ser trabalhado. Eles apresentam um fascinante padr\u00e3o de banda que lembra o mar.","og_url":"https:\/\/www.artestar.eu\/pt-pt\/atacado\/contas-de-concha-quadrada\/","og_site_name":"Artestar","article_publisher":"https:\/\/www.facebook.com\/ARTESTAREU","article_modified_time":"2023-10-20T02:30:39+00:00","og_image":[{"width":600,"height":600,"url":"https:\/\/www.artestar.eu\/wp-content\/uploads\/2023\/06\/square-paua-shell-beads.jpg","type":"image\/jpeg"}],"twitter_card":"summary_large_image","twitter_misc":{"Availability":"Em estoque"},"schema":{"@context":"https:\/\/schema.org","@graph":[{"@type":"WebPage","@id":"https:\/\/www.artestar.eu\/pt-pt\/atacado\/contas-de-concha-quadrada\/","url":"https:\/\/www.artestar.eu\/pt-pt\/atacado\/contas-de-concha-quadrada\/","name":"Paua Shell Beads Square - Artestar","isPartOf":{"@id":"https:\/\/www.artestar.eu\/pt-pt\/#website"},"datePublished":"2023-06-09T08:43:52+00:00","dateModified":"2023-10-20T02:30:39+00:00","description":"As contas de casca de paua s\u00e3o um subproduto natural que pode ser trabalhado. Eles apresentam um fascinante padr\u00e3o de banda que lembra o mar.","breadcrumb":{"@id":"https:\/\/www.artestar.eu\/pt-pt\/atacado\/contas-de-concha-quadrada\/#breadcrumb"},"inLanguage":"pt-PT","potentialAction":[{"@type":"ReadAction","target":["https:\/\/www.artestar.eu\/pt-pt\/atacado\/contas-de-concha-quadrada\/"]}]},{"@type":"BreadcrumbList","@id":"https:\/\/www.artestar.eu\/pt-pt\/atacado\/contas-de-concha-quadrada\/#breadcrumb","itemListElement":[{"@type":"ListItem","position":1,"name":"Artestar","item":"https:\/\/www.artestar.eu\/pt-pt\/"},{"@type":"ListItem","position":2,"name":"Atacado","item":"https:\/\/www.artestar.eu\/pt-pt\/atacado\/"},{"@type":"ListItem","position":3,"name":"Contas quadradas de concha de paua"}]},{"@type":"WebSite","@id":"https:\/\/www.artestar.eu\/pt-pt\/#website","url":"https:\/\/www.artestar.eu\/pt-pt\/","name":"Artestar","description":"Mayorista en abalorios y joyer\u00eda","publisher":{"@id":"https:\/\/www.artestar.eu\/pt-pt\/#organization"},"alternateName":"Artestar-EU","potentialAction":[{"@type":"SearchAction","target":{"@type":"EntryPoint","urlTemplate":"https:\/\/www.artestar.eu\/pt-pt\/?s={search_term_string}"},"query-input":"required name=search_term_string"}],"inLanguage":"pt-PT"},{"@type":["Organization","Place"],"@id":"https:\/\/www.artestar.eu\/pt-pt\/#organization","name":"RUBY ABALORIO S.L.","alternateName":"Artestar","url":"https:\/\/www.artestar.eu\/pt-pt\/","logo":{"@id":"https:\/\/www.artestar.eu\/pt-pt\/atacado\/contas-de-concha-quadrada\/#local-main-organization-logo"},"image":{"@id":"https:\/\/www.artestar.eu\/pt-pt\/atacado\/contas-de-concha-quadrada\/#local-main-organization-logo"},"sameAs":["https:\/\/www.facebook.com\/ARTESTAREU","https:\/\/www.instagram.com\/artestareu\/","https:\/\/www.pinterest.es\/artestar_eu\/","https:\/\/www.tiktok.com\/@artestar_wholesale"],"openingHoursSpecification":[{"@type":"OpeningHoursSpecification","dayOfWeek":["Monday","Tuesday","Wednesday","Thursday","Friday","Saturday","Sunday"],"opens":"09:00","closes":"17:00"}]},{"@type":"ImageObject","inLanguage":"pt-PT","@id":"https:\/\/www.artestar.eu\/pt-pt\/atacado\/contas-de-concha-quadrada\/#local-main-organization-logo","url":"https:\/\/www.artestar.eu\/wp-content\/uploads\/2023\/05\/cropped-png.png","contentUrl":"https:\/\/www.artestar.eu\/wp-content\/uploads\/2023\/05\/cropped-png.png","width":512,"height":512,"caption":"RUBY ABALORIO S.L."}]},"og_availability":"instock","product_availability":"instock","product_retailer_item_id":"BK-BY-FX00010003","product_condition":"new"},"tiered_pricing_type":"fixed","tiered_pricing_fixed_rules":[],"tiered_pricing_percentage_rules":[],"tiered_pricing_minimum":null,"_administrator_tiered_pricing_type":"fixed","_administrator_tiered_pricing_fixed_rules":[],"_editor_tiered_pricing_type":"fixed","_editor_tiered_pricing_fixed_rules":[],"_author_tiered_pricing_type":"fixed","_author_tiered_pricing_fixed_rules":[],"_contributor_tiered_pricing_type":"fixed","_contributor_tiered_pricing_fixed_rules":[],"_subscriber_tiered_pricing_type":"fixed","_subscriber_tiered_pricing_fixed_rules":[],"_wpseo_manager_tiered_pricing_type":"fixed","_wpseo_manager_tiered_pricing_fixed_rules":[],"_wpseo_editor_tiered_pricing_type":"fixed","_wpseo_editor_tiered_pricing_fixed_rules":[],"_customer_tiered_pricing_type":"fixed","_customer_tiered_pricing_fixed_rules":[],"_shop_manager_tiered_pricing_type":"fixed","_shop_manager_tiered_pricing_fixed_rules":[],"_product_manager_tiered_pricing_type":"fixed","_product_manager_tiered_pricing_fixed_rules":[],"_links":{"self":[{"href":"https:\/\/www.artestar.eu\/pt-pt\/wp-json\/wp\/v2\/product\/26071"}],"collection":[{"href":"https:\/\/www.artestar.eu\/pt-pt\/wp-json\/wp\/v2\/product"}],"about":[{"href":"https:\/\/www.artestar.eu\/pt-pt\/wp-json\/wp\/v2\/types\/product"}],"replies":[{"embeddable":true,"href":"https:\/\/www.artestar.eu\/pt-pt\/wp-json\/wp\/v2\/comments?post=26071"}],"version-history":[{"count":2,"href":"https:\/\/www.artestar.eu\/pt-pt\/wp-json\/wp\/v2\/product\/26071\/revisions"}],"predecessor-version":[{"id":36961,"href":"https:\/\/www.artestar.eu\/pt-pt\/wp-json\/wp\/v2\/product\/26071\/revisions\/36961"}],"wp:featuredmedia":[{"embeddable":true,"href":"https:\/\/www.artestar.eu\/pt-pt\/wp-json\/wp\/v2\/media\/14167"}],"wp:attachment":[{"href":"https:\/\/www.artestar.eu\/pt-pt\/wp-json\/wp\/v2\/media?parent=26071"}],"wp:term":[{"taxonomy":"product_cat","embeddable":true,"href":"https:\/\/www.artestar.eu\/pt-pt\/wp-json\/wp\/v2\/product_cat?post=26071"},{"taxonomy":"product_tag","embeddable":true,"href":"https:\/\/www.artestar.eu\/pt-pt\/wp-json\/wp\/v2\/product_tag?post=26071"}],"curies":[{"name":"wp","href":"https:\/\/api.w.org\/{rel}","templated":true}]}}