{"id":26628,"date":"2023-05-31T09:37:01","date_gmt":"2023-05-31T09:37:01","guid":{"rendered":"https:\/\/www.artestar.eu\/al-por-mayor\/perlas-cultivadas-naturales-rectangular-para-conectores\/"},"modified":"2024-11-09T02:00:27","modified_gmt":"2024-11-09T02:00:27","slug":"perolas-cultivadas-naturais-retangulares-para-conectores","status":"publish","type":"product","link":"https:\/\/www.artestar.eu\/pt-pt\/atacado\/perolas-cultivadas-naturais-retangulares-para-conectores\/","title":{"rendered":"P\u00e9rolas retangulares cultivadas naturais para conectores"},"content":{"rendered":"<p>P\u00e9rolas Cultivadas Retangulares Naturais para Conectores (Cor Ouro): Devido \u00e0 forma irregular das p\u00e9rolas naturais de \u00e1gua doce, os tamanhos podem variar ligeiramente. A cor cl\u00e1ssica da concha \u00e9 elegante e elegante, e seria uma \u00f3tima op\u00e7\u00e3o para presentes criativos.<\/p>\n<ul>\n<li>Uma p\u00e9rola cultivada de \u00e1gua doce 100% natural de uma ostra, tem uma forma natural e todas as p\u00e9rolas naturais de \u00e1gua doce s\u00e3o \u00fanicas. Voc\u00ea pode ver a textura \u00fanica de p\u00e9rolas cultivadas naturais em sua superf\u00edcie, o que lhe d\u00e1 um toque natural e elegante.<\/li>\n<li>P\u00e9rolas cultivadas em \u00e1gua doce natural podem ser combinadas com acess\u00f3rios de metal de a\u00e7o inoxid\u00e1vel. Contas de pedras preciosas e muito mais para criar qualquer estilo que voc\u00ea quiser, criando pe\u00e7as glamourosas que voc\u00ea n\u00e3o esperaria. Exemplos incluem brincos, colares, pingentes e pulseiras.<\/li>\n<li>Todos os pendentes de p\u00e9rolas v\u00eam com an\u00e9is de a\u00e7o inoxid\u00e1vel no topo, e como os furos nos pingentes s\u00e3o do tamanho certo, voc\u00ea pode passar por eles sem qualquer esfor\u00e7o. Al\u00e9m disso, podem ser usados como enfeites de cabelo, material acess\u00f3rio para roupas e chaveiros.<\/li>\n<li>Os pingentes naturais em madrep\u00e9rola est\u00e3o dispon\u00edveis em diferentes tamanhos e formas. Assim, voc\u00ea pode escolher uma ou v\u00e1rias das p\u00e9rolas mais preciosas e voc\u00ea pode absolutamente presentear uma de nossas pe\u00e7as individuais ou um produto acabado correspondente para seus amigos e familiares, que v\u00e3o achar muito significativo e adorar.<\/li>\n<\/ul>\n<h5>P\u00e9rolas retangulares cultivadas naturais para conectores (cor dourada)<\/h5>\n<ul>\n<li>Todas as p\u00e9rolas cultivadas naturalmente s\u00e3o \u00fanicas. O produto recebido pode variar ligeiramente devido aos efeitos de ilumina\u00e7\u00e3o e \u00e0s configura\u00e7\u00f5es do computador<\/li>\n<li>Eles podem variar ligeiramente devido aos efeitos de ilumina\u00e7\u00e3o e configura\u00e7\u00f5es do computador. Ent\u00e3o, por favor, leia os tamanhos dos diferentes fios de p\u00e9rolas antes de comprar e escolha o que voc\u00ea mais gosta.<\/li>\n<li>As madrep\u00e9rolas prov\u00eam de v\u00e1rios tipos de moluscos marinhos, como as ostras. Se tentar abrir a casca da ostra e observar atentamente a sua superf\u00edcie interna, ver\u00e1 que est\u00e1 ligeiramente brilhante e cintilante. Com ele voc\u00ea pode fazer lindos enfeites que v\u00e3o atrair muita aten\u00e7\u00e3o.<\/li>\n<\/ul>\n","protected":false},"excerpt":{"rendered":"<ul>\n<li>Tamanho: aprox. 8 x 21 mil\u00edmetros<\/li>\n<li>Material: p\u00e9rolas de \u00e1gua doce cultivadas naturalmente<\/li>\n<li>Usado para fazer colares, pingentes e outras joias<\/li>\n<\/ul>\n","protected":false},"featured_media":12380,"comment_status":"open","ping_status":"closed","template":"","meta":[],"product_cat":[1142,1592],"product_tag":[],"yoast_head":"<!-- This site is optimized with the Yoast SEO Premium plugin v20.5 (Yoast SEO v21.5) - https:\/\/yoast.com\/wordpress\/plugins\/seo\/ -->\n<title>P\u00e9rolas retangulares cultivadas naturais para conectores<\/title>\n<meta name=\"description\" content=\"Madrep\u00e9rolas v\u00eam de v\u00e1rios tipos de moluscos marinhos, conectores de p\u00e9rolas cultivadas podem fazer belos ornamentos que atrair\u00e3o muita aten\u00e7\u00e3o.\" \/>\n<meta name=\"robots\" content=\"index, follow, max-snippet:-1, max-image-preview:large, max-video-preview:-1\" \/>\n<link rel=\"canonical\" href=\"https:\/\/www.artestar.eu\/pt-pt\/atacado\/perolas-cultivadas-naturais-retangulares-para-conectores\/\" \/>\n<meta property=\"og:locale\" content=\"pt_PT\" \/>\n<meta property=\"og:type\" content=\"article\" \/>\n<meta property=\"og:title\" content=\"P\u00e9rolas retangulares cultivadas naturais para conectores\" \/>\n<meta property=\"og:description\" content=\"Madrep\u00e9rolas v\u00eam de v\u00e1rios tipos de moluscos marinhos, conectores de p\u00e9rolas cultivadas podem fazer belos ornamentos que atrair\u00e3o muita aten\u00e7\u00e3o.\" \/>\n<meta property=\"og:url\" content=\"https:\/\/www.artestar.eu\/pt-pt\/atacado\/perolas-cultivadas-naturais-retangulares-para-conectores\/\" \/>\n<meta property=\"og:site_name\" content=\"Artestar\" \/>\n<meta property=\"article:publisher\" content=\"https:\/\/www.facebook.com\/ARTESTAREU\" \/>\n<meta property=\"article:modified_time\" content=\"2024-11-09T02:00:27+00:00\" \/>\n<meta property=\"og:image\" content=\"https:\/\/www.artestar.eu\/wp-content\/uploads\/2023\/05\/cultured-pearls-connectors-strip-gold.jpg\" \/>\n\t<meta property=\"og:image:width\" content=\"600\" \/>\n\t<meta property=\"og:image:height\" content=\"600\" \/>\n\t<meta property=\"og:image:type\" content=\"image\/jpeg\" \/>\n<meta name=\"twitter:card\" content=\"summary_large_image\" \/>\n<meta name=\"twitter:label1\" content=\"pre\u00e7o\" \/>\n\t<meta name=\"twitter:data1\" content=\"0,89&nbsp;&euro; (IVA N\u00c3O inclu\u00eddo)\" \/>\n\t<meta name=\"twitter:label2\" content=\"Availability\" \/>\n\t<meta name=\"twitter:data2\" content=\"Em estoque\" \/>\n<script type=\"application\/ld+json\" class=\"yoast-schema-graph\">{\"@context\":\"https:\/\/schema.org\",\"@graph\":[{\"@type\":\"WebPage\",\"@id\":\"https:\/\/www.artestar.eu\/pt-pt\/atacado\/perolas-cultivadas-naturais-retangulares-para-conectores\/\",\"url\":\"https:\/\/www.artestar.eu\/pt-pt\/atacado\/perolas-cultivadas-naturais-retangulares-para-conectores\/\",\"name\":\"P\u00e9rolas retangulares cultivadas naturais para conectores\",\"isPartOf\":{\"@id\":\"https:\/\/www.artestar.eu\/pt-pt\/#website\"},\"datePublished\":\"2023-05-31T09:37:01+00:00\",\"dateModified\":\"2024-11-09T02:00:27+00:00\",\"description\":\"Madrep\u00e9rolas v\u00eam de v\u00e1rios tipos de moluscos marinhos, conectores de p\u00e9rolas cultivadas podem fazer belos ornamentos que atrair\u00e3o muita aten\u00e7\u00e3o.\",\"breadcrumb\":{\"@id\":\"https:\/\/www.artestar.eu\/pt-pt\/atacado\/perolas-cultivadas-naturais-retangulares-para-conectores\/#breadcrumb\"},\"inLanguage\":\"pt-PT\",\"potentialAction\":[{\"@type\":\"ReadAction\",\"target\":[\"https:\/\/www.artestar.eu\/pt-pt\/atacado\/perolas-cultivadas-naturais-retangulares-para-conectores\/\"]}]},{\"@type\":\"BreadcrumbList\",\"@id\":\"https:\/\/www.artestar.eu\/pt-pt\/atacado\/perolas-cultivadas-naturais-retangulares-para-conectores\/#breadcrumb\",\"itemListElement\":[{\"@type\":\"ListItem\",\"position\":1,\"name\":\"Artestar\",\"item\":\"https:\/\/www.artestar.eu\/pt-pt\/\"},{\"@type\":\"ListItem\",\"position\":2,\"name\":\"Atacado\",\"item\":\"https:\/\/www.artestar.eu\/pt-pt\/atacado\/\"},{\"@type\":\"ListItem\",\"position\":3,\"name\":\"P\u00e9rolas retangulares cultivadas naturais para conectores\"}]},{\"@type\":\"WebSite\",\"@id\":\"https:\/\/www.artestar.eu\/pt-pt\/#website\",\"url\":\"https:\/\/www.artestar.eu\/pt-pt\/\",\"name\":\"Artestar\",\"description\":\"Mayorista en abalorios y joyer\u00eda\",\"publisher\":{\"@id\":\"https:\/\/www.artestar.eu\/pt-pt\/#organization\"},\"alternateName\":\"Artestar-EU\",\"potentialAction\":[{\"@type\":\"SearchAction\",\"target\":{\"@type\":\"EntryPoint\",\"urlTemplate\":\"https:\/\/www.artestar.eu\/pt-pt\/?s={search_term_string}\"},\"query-input\":\"required name=search_term_string\"}],\"inLanguage\":\"pt-PT\"},{\"@type\":[\"Organization\",\"Place\"],\"@id\":\"https:\/\/www.artestar.eu\/pt-pt\/#organization\",\"name\":\"RUBY ABALORIO S.L.\",\"alternateName\":\"Artestar\",\"url\":\"https:\/\/www.artestar.eu\/pt-pt\/\",\"logo\":{\"@id\":\"https:\/\/www.artestar.eu\/pt-pt\/atacado\/perolas-cultivadas-naturais-retangulares-para-conectores\/#local-main-organization-logo\"},\"image\":{\"@id\":\"https:\/\/www.artestar.eu\/pt-pt\/atacado\/perolas-cultivadas-naturais-retangulares-para-conectores\/#local-main-organization-logo\"},\"sameAs\":[\"https:\/\/www.facebook.com\/ARTESTAREU\",\"https:\/\/www.instagram.com\/artestareu\/\",\"https:\/\/www.pinterest.es\/artestar_eu\/\",\"https:\/\/www.tiktok.com\/@artestar_wholesale\"],\"openingHoursSpecification\":[{\"@type\":\"OpeningHoursSpecification\",\"dayOfWeek\":[\"Monday\",\"Tuesday\",\"Wednesday\",\"Thursday\",\"Friday\",\"Saturday\",\"Sunday\"],\"opens\":\"09:00\",\"closes\":\"17:00\"}]},{\"@type\":\"ImageObject\",\"inLanguage\":\"pt-PT\",\"@id\":\"https:\/\/www.artestar.eu\/pt-pt\/atacado\/perolas-cultivadas-naturais-retangulares-para-conectores\/#local-main-organization-logo\",\"url\":\"https:\/\/www.artestar.eu\/wp-content\/uploads\/2023\/05\/cropped-png.png\",\"contentUrl\":\"https:\/\/www.artestar.eu\/wp-content\/uploads\/2023\/05\/cropped-png.png\",\"width\":512,\"height\":512,\"caption\":\"RUBY ABALORIO S.L.\"}]}<\/script>\n<meta property=\"product:price:amount\" content=\"0.89\" \/>\n<meta property=\"product:price:currency\" content=\"EUR\" \/>\n<meta property=\"og:availability\" content=\"instock\" \/>\n<meta property=\"product:availability\" content=\"instock\" \/>\n<meta property=\"product:retailer_item_id\" content=\"ZZ-SD-0016\" \/>\n<meta property=\"product:condition\" content=\"new\" \/>\n<!-- \/ Yoast SEO Premium plugin. -->","yoast_head_json":{"title":"P\u00e9rolas retangulares cultivadas naturais para conectores","description":"Madrep\u00e9rolas v\u00eam de v\u00e1rios tipos de moluscos marinhos, conectores de p\u00e9rolas cultivadas podem fazer belos ornamentos que atrair\u00e3o muita aten\u00e7\u00e3o.","robots":{"index":"index","follow":"follow","max-snippet":"max-snippet:-1","max-image-preview":"max-image-preview:large","max-video-preview":"max-video-preview:-1"},"canonical":"https:\/\/www.artestar.eu\/pt-pt\/atacado\/perolas-cultivadas-naturais-retangulares-para-conectores\/","og_locale":"pt_PT","og_type":"article","og_title":"P\u00e9rolas retangulares cultivadas naturais para conectores","og_description":"Madrep\u00e9rolas v\u00eam de v\u00e1rios tipos de moluscos marinhos, conectores de p\u00e9rolas cultivadas podem fazer belos ornamentos que atrair\u00e3o muita aten\u00e7\u00e3o.","og_url":"https:\/\/www.artestar.eu\/pt-pt\/atacado\/perolas-cultivadas-naturais-retangulares-para-conectores\/","og_site_name":"Artestar","article_publisher":"https:\/\/www.facebook.com\/ARTESTAREU","article_modified_time":"2024-11-09T02:00:27+00:00","og_image":[{"width":600,"height":600,"url":"https:\/\/www.artestar.eu\/wp-content\/uploads\/2023\/05\/cultured-pearls-connectors-strip-gold.jpg","type":"image\/jpeg"}],"twitter_card":"summary_large_image","twitter_misc":{"pre\u00e7o":"0,89&nbsp;&euro; (IVA N\u00c3O inclu\u00eddo)","Availability":"Em estoque"},"schema":{"@context":"https:\/\/schema.org","@graph":[{"@type":"WebPage","@id":"https:\/\/www.artestar.eu\/pt-pt\/atacado\/perolas-cultivadas-naturais-retangulares-para-conectores\/","url":"https:\/\/www.artestar.eu\/pt-pt\/atacado\/perolas-cultivadas-naturais-retangulares-para-conectores\/","name":"P\u00e9rolas retangulares cultivadas naturais para conectores","isPartOf":{"@id":"https:\/\/www.artestar.eu\/pt-pt\/#website"},"datePublished":"2023-05-31T09:37:01+00:00","dateModified":"2024-11-09T02:00:27+00:00","description":"Madrep\u00e9rolas v\u00eam de v\u00e1rios tipos de moluscos marinhos, conectores de p\u00e9rolas cultivadas podem fazer belos ornamentos que atrair\u00e3o muita aten\u00e7\u00e3o.","breadcrumb":{"@id":"https:\/\/www.artestar.eu\/pt-pt\/atacado\/perolas-cultivadas-naturais-retangulares-para-conectores\/#breadcrumb"},"inLanguage":"pt-PT","potentialAction":[{"@type":"ReadAction","target":["https:\/\/www.artestar.eu\/pt-pt\/atacado\/perolas-cultivadas-naturais-retangulares-para-conectores\/"]}]},{"@type":"BreadcrumbList","@id":"https:\/\/www.artestar.eu\/pt-pt\/atacado\/perolas-cultivadas-naturais-retangulares-para-conectores\/#breadcrumb","itemListElement":[{"@type":"ListItem","position":1,"name":"Artestar","item":"https:\/\/www.artestar.eu\/pt-pt\/"},{"@type":"ListItem","position":2,"name":"Atacado","item":"https:\/\/www.artestar.eu\/pt-pt\/atacado\/"},{"@type":"ListItem","position":3,"name":"P\u00e9rolas retangulares cultivadas naturais para conectores"}]},{"@type":"WebSite","@id":"https:\/\/www.artestar.eu\/pt-pt\/#website","url":"https:\/\/www.artestar.eu\/pt-pt\/","name":"Artestar","description":"Mayorista en abalorios y joyer\u00eda","publisher":{"@id":"https:\/\/www.artestar.eu\/pt-pt\/#organization"},"alternateName":"Artestar-EU","potentialAction":[{"@type":"SearchAction","target":{"@type":"EntryPoint","urlTemplate":"https:\/\/www.artestar.eu\/pt-pt\/?s={search_term_string}"},"query-input":"required name=search_term_string"}],"inLanguage":"pt-PT"},{"@type":["Organization","Place"],"@id":"https:\/\/www.artestar.eu\/pt-pt\/#organization","name":"RUBY ABALORIO S.L.","alternateName":"Artestar","url":"https:\/\/www.artestar.eu\/pt-pt\/","logo":{"@id":"https:\/\/www.artestar.eu\/pt-pt\/atacado\/perolas-cultivadas-naturais-retangulares-para-conectores\/#local-main-organization-logo"},"image":{"@id":"https:\/\/www.artestar.eu\/pt-pt\/atacado\/perolas-cultivadas-naturais-retangulares-para-conectores\/#local-main-organization-logo"},"sameAs":["https:\/\/www.facebook.com\/ARTESTAREU","https:\/\/www.instagram.com\/artestareu\/","https:\/\/www.pinterest.es\/artestar_eu\/","https:\/\/www.tiktok.com\/@artestar_wholesale"],"openingHoursSpecification":[{"@type":"OpeningHoursSpecification","dayOfWeek":["Monday","Tuesday","Wednesday","Thursday","Friday","Saturday","Sunday"],"opens":"09:00","closes":"17:00"}]},{"@type":"ImageObject","inLanguage":"pt-PT","@id":"https:\/\/www.artestar.eu\/pt-pt\/atacado\/perolas-cultivadas-naturais-retangulares-para-conectores\/#local-main-organization-logo","url":"https:\/\/www.artestar.eu\/wp-content\/uploads\/2023\/05\/cropped-png.png","contentUrl":"https:\/\/www.artestar.eu\/wp-content\/uploads\/2023\/05\/cropped-png.png","width":512,"height":512,"caption":"RUBY ABALORIO S.L."}]},"product_price_amount":"0.89","product_price_currency":"EUR","og_availability":"instock","product_availability":"instock","product_retailer_item_id":"ZZ-SD-0016","product_condition":"new"},"tiered_pricing_type":"percentage","tiered_pricing_fixed_rules":{"5":"10"},"tiered_pricing_percentage_rules":[],"tiered_pricing_minimum":null,"_administrator_tiered_pricing_type":"fixed","_administrator_tiered_pricing_fixed_rules":[],"_editor_tiered_pricing_type":"fixed","_editor_tiered_pricing_fixed_rules":[],"_author_tiered_pricing_type":"fixed","_author_tiered_pricing_fixed_rules":[],"_contributor_tiered_pricing_type":"fixed","_contributor_tiered_pricing_fixed_rules":[],"_subscriber_tiered_pricing_type":"fixed","_subscriber_tiered_pricing_fixed_rules":[],"_wpseo_manager_tiered_pricing_type":"fixed","_wpseo_manager_tiered_pricing_fixed_rules":[],"_wpseo_editor_tiered_pricing_type":"fixed","_wpseo_editor_tiered_pricing_fixed_rules":[],"_customer_tiered_pricing_type":"fixed","_customer_tiered_pricing_fixed_rules":[],"_shop_manager_tiered_pricing_type":"fixed","_shop_manager_tiered_pricing_fixed_rules":[],"_product_manager_tiered_pricing_type":"fixed","_product_manager_tiered_pricing_fixed_rules":[],"_links":{"self":[{"href":"https:\/\/www.artestar.eu\/pt-pt\/wp-json\/wp\/v2\/product\/26628"}],"collection":[{"href":"https:\/\/www.artestar.eu\/pt-pt\/wp-json\/wp\/v2\/product"}],"about":[{"href":"https:\/\/www.artestar.eu\/pt-pt\/wp-json\/wp\/v2\/types\/product"}],"replies":[{"embeddable":true,"href":"https:\/\/www.artestar.eu\/pt-pt\/wp-json\/wp\/v2\/comments?post=26628"}],"version-history":[{"count":2,"href":"https:\/\/www.artestar.eu\/pt-pt\/wp-json\/wp\/v2\/product\/26628\/revisions"}],"predecessor-version":[{"id":37349,"href":"https:\/\/www.artestar.eu\/pt-pt\/wp-json\/wp\/v2\/product\/26628\/revisions\/37349"}],"wp:featuredmedia":[{"embeddable":true,"href":"https:\/\/www.artestar.eu\/pt-pt\/wp-json\/wp\/v2\/media\/12380"}],"wp:attachment":[{"href":"https:\/\/www.artestar.eu\/pt-pt\/wp-json\/wp\/v2\/media?parent=26628"}],"wp:term":[{"taxonomy":"product_cat","embeddable":true,"href":"https:\/\/www.artestar.eu\/pt-pt\/wp-json\/wp\/v2\/product_cat?post=26628"},{"taxonomy":"product_tag","embeddable":true,"href":"https:\/\/www.artestar.eu\/pt-pt\/wp-json\/wp\/v2\/product_tag?post=26628"}],"curies":[{"name":"wp","href":"https:\/\/api.w.org\/{rel}","templated":true}]}}