{"id":26894,"date":"2023-06-15T08:30:04","date_gmt":"2023-06-15T08:30:04","guid":{"rendered":"https:\/\/www.artestar.eu\/al-por-mayor\/cuentas-de-nacar-columna-3-x-5-mm\/"},"modified":"2023-10-17T03:15:51","modified_gmt":"2023-10-17T03:15:51","slug":"contas-coloridas-de-concha","status":"publish","type":"product","link":"https:\/\/www.artestar.eu\/pt-pt\/atacado\/contas-coloridas-de-concha\/","title":{"rendered":"Coluna de gr\u00e2nulos em madrep\u00e9rola 3 x 5 mm"},"content":{"rendered":"<p>Nossas contas de concha colunar coloridas naturais est\u00e3o dispon\u00edveis em muitas cores bonitas, tornando-as muito seletivas. Sinta-se livre para escolher sua cor e forma favoritas para criar suas pr\u00f3prias joias DIY criativas.<\/p>\n<h5>Carater\u00edsticas:<\/h5>\n<ul>\n<li>Macias e frescas, estas contas naturais coloridas de concha em madrep\u00e9rola s\u00e3o bonitas, leves e confort\u00e1veis de usar.<\/li>\n<li>Estas contas de concha colunar coloridas naturais s\u00e3o o acess\u00f3rio perfeito para beading. Voc\u00ea pode criar um estilo \u00fanico e tornar suas joias deslumbrantes. Estas contas soltas s\u00e3o adequadas para designs de bijuterias, presentes DIY, colares, pingentes, pulseiras, brincos, acess\u00f3rios de vestido, decora\u00e7\u00e3o de casa e designs de casamento.<\/li>\n<li>Como as contas de concha de madrep\u00e9rola s\u00e3o mantidas no lugar com fio, voc\u00ea n\u00e3o ter\u00e1 que se esfor\u00e7ar para perfur\u00e1-las. Eles tamb\u00e9m podem ser usados com correntes de metal e contas de pedra preciosa de cristal para criar acess\u00f3rios de cabelo elegantes, materiais acess\u00f3rios de roupas e muito mais.<\/li>\n<li>Use estas contas de concha para fazer diferentes presentes artesanais. Eles podem ser usados como presentes preciosos para sua fam\u00edlia e amigos em anivers\u00e1rios, Natal, A\u00e7\u00e3o de Gra\u00e7as e outros anivers\u00e1rios de feriados especiais, etc. Ou d\u00ea-os aos seus amigos amantes do artesanato. Isso n\u00e3o s\u00f3 melhorar\u00e1 suas habilidades artesanais, mas tamb\u00e9m criar\u00e1 camaradagem entre voc\u00ea e seu amigo.<\/li>\n<li>As contas de concha em forma de tubo de pilar t\u00eam uma forma excecional, s\u00e3o cl\u00e1ssicas e elegantes e d\u00e3o um aspeto muito refrescante. \u00c9 visualmente natural e confort\u00e1vel, mas ao mesmo tempo muito \u00fanico e bonito. Se voc\u00ea sair usando joias em forma de n\u00f3 de bambu, certamente vai se destacar, pois elas s\u00e3o realmente muito bonitas.<\/li>\n<li>A madrep\u00e9rola \u00e9 indiscutivelmente um material de concha natural que ocorre naturalmente em certas conchas. Se voc\u00ea j\u00e1 abriu uma concha de ostra e olhou para dentro, facilmente notar\u00e1 que madrep\u00e9rola adorna cria\u00e7\u00f5es de joias com reflexos cintilantes, conferindo-lhes um charme suave e feminino e simbolizando prote\u00e7\u00e3o.<\/li>\n<\/ul>\n<h6>Aten\u00e7\u00e3o:<\/h6>\n<ul>\n<li>Devido aos diferentes dispositivos de exibi\u00e7\u00e3o, pequenos desvios de cor s\u00e3o permitidos.<\/li>\n<li>Crian\u00e7as menores de tr\u00eas anos de idade devem evitar o contato com o produto devido ao risco de asfixia.<\/li>\n<li>Ao usar joias de madrep\u00e9rola, recomenda-se n\u00e3o exp\u00f4-las a produtos qu\u00edmicos como perfumes, g\u00e9is de banho e detergentes, pois podem alterar a cor natural da madrep\u00e9rola ou at\u00e9 mesmo danific\u00e1-la. Para limpar madrep\u00e9rola, basta limp\u00e1-la com um pano macio ou de microfibra.<\/li>\n<\/ul>\n","protected":false},"excerpt":{"rendered":"<ul>\n<li>Dimens\u00f5es: 3 x 5 mm<\/li>\n<li>Quantidade: aprox. 80pcs.<\/li>\n<li>Ampla gama de cores<\/li>\n<li>\u00c9 usado para fazer colares, brincos, pulseiras e outras joias<\/li>\n<\/ul>\n","protected":false},"featured_media":15981,"comment_status":"open","ping_status":"closed","template":"","meta":[],"product_cat":[1498,1698,1697],"product_tag":[],"yoast_head":"<!-- This site is optimized with the Yoast SEO Premium plugin v20.5 (Yoast SEO v21.5) - https:\/\/yoast.com\/wordpress\/plugins\/seo\/ -->\n<title>Contas de concha coloridas naturais - Artestar<\/title>\n<meta name=\"description\" content=\"Estas contas de concha naturalmente coloridas s\u00e3o o acess\u00f3rio perfeito para beading. Voc\u00ea pode criar um estilo \u00fanico para tornar suas joias deslumbrantes.\" \/>\n<meta name=\"robots\" content=\"index, follow, max-snippet:-1, max-image-preview:large, max-video-preview:-1\" \/>\n<link rel=\"canonical\" href=\"https:\/\/www.artestar.eu\/pt-pt\/atacado\/contas-coloridas-de-concha\/\" \/>\n<meta property=\"og:locale\" content=\"pt_PT\" \/>\n<meta property=\"og:type\" content=\"article\" \/>\n<meta property=\"og:title\" content=\"Coluna de gr\u00e2nulos em madrep\u00e9rola 3 x 5 mm\" \/>\n<meta property=\"og:description\" content=\"Estas contas de concha naturalmente coloridas s\u00e3o o acess\u00f3rio perfeito para beading. Voc\u00ea pode criar um estilo \u00fanico para tornar suas joias deslumbrantes.\" \/>\n<meta property=\"og:url\" content=\"https:\/\/www.artestar.eu\/pt-pt\/atacado\/contas-coloridas-de-concha\/\" \/>\n<meta property=\"og:site_name\" content=\"Artestar\" \/>\n<meta property=\"article:publisher\" content=\"https:\/\/www.facebook.com\/ARTESTAREU\" \/>\n<meta property=\"article:modified_time\" content=\"2023-10-17T03:15:51+00:00\" \/>\n<meta property=\"og:image\" content=\"https:\/\/www.artestar.eu\/wp-content\/uploads\/2023\/06\/shell-beads-column-1.jpg\" \/>\n\t<meta property=\"og:image:width\" content=\"600\" \/>\n\t<meta property=\"og:image:height\" content=\"600\" \/>\n\t<meta property=\"og:image:type\" content=\"image\/jpeg\" \/>\n<meta name=\"twitter:card\" content=\"summary_large_image\" \/>\n<meta name=\"twitter:label1\" content=\"Availability\" \/>\n\t<meta name=\"twitter:data1\" content=\"Em estoque\" \/>\n<script type=\"application\/ld+json\" class=\"yoast-schema-graph\">{\"@context\":\"https:\/\/schema.org\",\"@graph\":[{\"@type\":\"WebPage\",\"@id\":\"https:\/\/www.artestar.eu\/pt-pt\/atacado\/contas-coloridas-de-concha\/\",\"url\":\"https:\/\/www.artestar.eu\/pt-pt\/atacado\/contas-coloridas-de-concha\/\",\"name\":\"Contas de concha coloridas naturais - Artestar\",\"isPartOf\":{\"@id\":\"https:\/\/www.artestar.eu\/pt-pt\/#website\"},\"datePublished\":\"2023-06-15T08:30:04+00:00\",\"dateModified\":\"2023-10-17T03:15:51+00:00\",\"description\":\"Estas contas de concha naturalmente coloridas s\u00e3o o acess\u00f3rio perfeito para beading. Voc\u00ea pode criar um estilo \u00fanico para tornar suas joias deslumbrantes.\",\"breadcrumb\":{\"@id\":\"https:\/\/www.artestar.eu\/pt-pt\/atacado\/contas-coloridas-de-concha\/#breadcrumb\"},\"inLanguage\":\"pt-PT\",\"potentialAction\":[{\"@type\":\"ReadAction\",\"target\":[\"https:\/\/www.artestar.eu\/pt-pt\/atacado\/contas-coloridas-de-concha\/\"]}]},{\"@type\":\"BreadcrumbList\",\"@id\":\"https:\/\/www.artestar.eu\/pt-pt\/atacado\/contas-coloridas-de-concha\/#breadcrumb\",\"itemListElement\":[{\"@type\":\"ListItem\",\"position\":1,\"name\":\"Artestar\",\"item\":\"https:\/\/www.artestar.eu\/pt-pt\/\"},{\"@type\":\"ListItem\",\"position\":2,\"name\":\"Atacado\",\"item\":\"https:\/\/www.artestar.eu\/pt-pt\/atacado\/\"},{\"@type\":\"ListItem\",\"position\":3,\"name\":\"Coluna de gr\u00e2nulos em madrep\u00e9rola 3 x 5 mm\"}]},{\"@type\":\"WebSite\",\"@id\":\"https:\/\/www.artestar.eu\/pt-pt\/#website\",\"url\":\"https:\/\/www.artestar.eu\/pt-pt\/\",\"name\":\"Artestar\",\"description\":\"Mayorista en abalorios y joyer\u00eda\",\"publisher\":{\"@id\":\"https:\/\/www.artestar.eu\/pt-pt\/#organization\"},\"alternateName\":\"Artestar-EU\",\"potentialAction\":[{\"@type\":\"SearchAction\",\"target\":{\"@type\":\"EntryPoint\",\"urlTemplate\":\"https:\/\/www.artestar.eu\/pt-pt\/?s={search_term_string}\"},\"query-input\":\"required name=search_term_string\"}],\"inLanguage\":\"pt-PT\"},{\"@type\":[\"Organization\",\"Place\"],\"@id\":\"https:\/\/www.artestar.eu\/pt-pt\/#organization\",\"name\":\"RUBY ABALORIO S.L.\",\"alternateName\":\"Artestar\",\"url\":\"https:\/\/www.artestar.eu\/pt-pt\/\",\"logo\":{\"@id\":\"https:\/\/www.artestar.eu\/pt-pt\/atacado\/contas-coloridas-de-concha\/#local-main-organization-logo\"},\"image\":{\"@id\":\"https:\/\/www.artestar.eu\/pt-pt\/atacado\/contas-coloridas-de-concha\/#local-main-organization-logo\"},\"sameAs\":[\"https:\/\/www.facebook.com\/ARTESTAREU\",\"https:\/\/www.instagram.com\/artestareu\/\",\"https:\/\/www.pinterest.es\/artestar_eu\/\",\"https:\/\/www.tiktok.com\/@artestar_wholesale\"],\"openingHoursSpecification\":[{\"@type\":\"OpeningHoursSpecification\",\"dayOfWeek\":[\"Monday\",\"Tuesday\",\"Wednesday\",\"Thursday\",\"Friday\",\"Saturday\",\"Sunday\"],\"opens\":\"09:00\",\"closes\":\"17:00\"}]},{\"@type\":\"ImageObject\",\"inLanguage\":\"pt-PT\",\"@id\":\"https:\/\/www.artestar.eu\/pt-pt\/atacado\/contas-coloridas-de-concha\/#local-main-organization-logo\",\"url\":\"https:\/\/www.artestar.eu\/wp-content\/uploads\/2023\/05\/cropped-png.png\",\"contentUrl\":\"https:\/\/www.artestar.eu\/wp-content\/uploads\/2023\/05\/cropped-png.png\",\"width\":512,\"height\":512,\"caption\":\"RUBY ABALORIO S.L.\"}]}<\/script>\n<meta property=\"og:availability\" content=\"instock\" \/>\n<meta property=\"product:availability\" content=\"instock\" \/>\n<meta property=\"product:retailer_item_id\" content=\"BK-YZ-ZG0001-0011\" \/>\n<meta property=\"product:condition\" content=\"new\" \/>\n<!-- \/ Yoast SEO Premium plugin. -->","yoast_head_json":{"title":"Contas de concha coloridas naturais - Artestar","description":"Estas contas de concha naturalmente coloridas s\u00e3o o acess\u00f3rio perfeito para beading. Voc\u00ea pode criar um estilo \u00fanico para tornar suas joias deslumbrantes.","robots":{"index":"index","follow":"follow","max-snippet":"max-snippet:-1","max-image-preview":"max-image-preview:large","max-video-preview":"max-video-preview:-1"},"canonical":"https:\/\/www.artestar.eu\/pt-pt\/atacado\/contas-coloridas-de-concha\/","og_locale":"pt_PT","og_type":"article","og_title":"Coluna de gr\u00e2nulos em madrep\u00e9rola 3 x 5 mm","og_description":"Estas contas de concha naturalmente coloridas s\u00e3o o acess\u00f3rio perfeito para beading. Voc\u00ea pode criar um estilo \u00fanico para tornar suas joias deslumbrantes.","og_url":"https:\/\/www.artestar.eu\/pt-pt\/atacado\/contas-coloridas-de-concha\/","og_site_name":"Artestar","article_publisher":"https:\/\/www.facebook.com\/ARTESTAREU","article_modified_time":"2023-10-17T03:15:51+00:00","og_image":[{"width":600,"height":600,"url":"https:\/\/www.artestar.eu\/wp-content\/uploads\/2023\/06\/shell-beads-column-1.jpg","type":"image\/jpeg"}],"twitter_card":"summary_large_image","twitter_misc":{"Availability":"Em estoque"},"schema":{"@context":"https:\/\/schema.org","@graph":[{"@type":"WebPage","@id":"https:\/\/www.artestar.eu\/pt-pt\/atacado\/contas-coloridas-de-concha\/","url":"https:\/\/www.artestar.eu\/pt-pt\/atacado\/contas-coloridas-de-concha\/","name":"Contas de concha coloridas naturais - Artestar","isPartOf":{"@id":"https:\/\/www.artestar.eu\/pt-pt\/#website"},"datePublished":"2023-06-15T08:30:04+00:00","dateModified":"2023-10-17T03:15:51+00:00","description":"Estas contas de concha naturalmente coloridas s\u00e3o o acess\u00f3rio perfeito para beading. Voc\u00ea pode criar um estilo \u00fanico para tornar suas joias deslumbrantes.","breadcrumb":{"@id":"https:\/\/www.artestar.eu\/pt-pt\/atacado\/contas-coloridas-de-concha\/#breadcrumb"},"inLanguage":"pt-PT","potentialAction":[{"@type":"ReadAction","target":["https:\/\/www.artestar.eu\/pt-pt\/atacado\/contas-coloridas-de-concha\/"]}]},{"@type":"BreadcrumbList","@id":"https:\/\/www.artestar.eu\/pt-pt\/atacado\/contas-coloridas-de-concha\/#breadcrumb","itemListElement":[{"@type":"ListItem","position":1,"name":"Artestar","item":"https:\/\/www.artestar.eu\/pt-pt\/"},{"@type":"ListItem","position":2,"name":"Atacado","item":"https:\/\/www.artestar.eu\/pt-pt\/atacado\/"},{"@type":"ListItem","position":3,"name":"Coluna de gr\u00e2nulos em madrep\u00e9rola 3 x 5 mm"}]},{"@type":"WebSite","@id":"https:\/\/www.artestar.eu\/pt-pt\/#website","url":"https:\/\/www.artestar.eu\/pt-pt\/","name":"Artestar","description":"Mayorista en abalorios y joyer\u00eda","publisher":{"@id":"https:\/\/www.artestar.eu\/pt-pt\/#organization"},"alternateName":"Artestar-EU","potentialAction":[{"@type":"SearchAction","target":{"@type":"EntryPoint","urlTemplate":"https:\/\/www.artestar.eu\/pt-pt\/?s={search_term_string}"},"query-input":"required name=search_term_string"}],"inLanguage":"pt-PT"},{"@type":["Organization","Place"],"@id":"https:\/\/www.artestar.eu\/pt-pt\/#organization","name":"RUBY ABALORIO S.L.","alternateName":"Artestar","url":"https:\/\/www.artestar.eu\/pt-pt\/","logo":{"@id":"https:\/\/www.artestar.eu\/pt-pt\/atacado\/contas-coloridas-de-concha\/#local-main-organization-logo"},"image":{"@id":"https:\/\/www.artestar.eu\/pt-pt\/atacado\/contas-coloridas-de-concha\/#local-main-organization-logo"},"sameAs":["https:\/\/www.facebook.com\/ARTESTAREU","https:\/\/www.instagram.com\/artestareu\/","https:\/\/www.pinterest.es\/artestar_eu\/","https:\/\/www.tiktok.com\/@artestar_wholesale"],"openingHoursSpecification":[{"@type":"OpeningHoursSpecification","dayOfWeek":["Monday","Tuesday","Wednesday","Thursday","Friday","Saturday","Sunday"],"opens":"09:00","closes":"17:00"}]},{"@type":"ImageObject","inLanguage":"pt-PT","@id":"https:\/\/www.artestar.eu\/pt-pt\/atacado\/contas-coloridas-de-concha\/#local-main-organization-logo","url":"https:\/\/www.artestar.eu\/wp-content\/uploads\/2023\/05\/cropped-png.png","contentUrl":"https:\/\/www.artestar.eu\/wp-content\/uploads\/2023\/05\/cropped-png.png","width":512,"height":512,"caption":"RUBY ABALORIO S.L."}]},"og_availability":"instock","product_availability":"instock","product_retailer_item_id":"BK-YZ-ZG0001-0011","product_condition":"new"},"tiered_pricing_type":"fixed","tiered_pricing_fixed_rules":[],"tiered_pricing_percentage_rules":[],"tiered_pricing_minimum":null,"_administrator_tiered_pricing_type":"fixed","_administrator_tiered_pricing_fixed_rules":[],"_editor_tiered_pricing_type":"fixed","_editor_tiered_pricing_fixed_rules":[],"_author_tiered_pricing_type":"fixed","_author_tiered_pricing_fixed_rules":[],"_contributor_tiered_pricing_type":"fixed","_contributor_tiered_pricing_fixed_rules":[],"_subscriber_tiered_pricing_type":"fixed","_subscriber_tiered_pricing_fixed_rules":[],"_wpseo_manager_tiered_pricing_type":"fixed","_wpseo_manager_tiered_pricing_fixed_rules":[],"_wpseo_editor_tiered_pricing_type":"fixed","_wpseo_editor_tiered_pricing_fixed_rules":[],"_customer_tiered_pricing_type":"fixed","_customer_tiered_pricing_fixed_rules":[],"_shop_manager_tiered_pricing_type":"fixed","_shop_manager_tiered_pricing_fixed_rules":[],"_product_manager_tiered_pricing_type":"fixed","_product_manager_tiered_pricing_fixed_rules":[],"_links":{"self":[{"href":"https:\/\/www.artestar.eu\/pt-pt\/wp-json\/wp\/v2\/product\/26894"}],"collection":[{"href":"https:\/\/www.artestar.eu\/pt-pt\/wp-json\/wp\/v2\/product"}],"about":[{"href":"https:\/\/www.artestar.eu\/pt-pt\/wp-json\/wp\/v2\/types\/product"}],"replies":[{"embeddable":true,"href":"https:\/\/www.artestar.eu\/pt-pt\/wp-json\/wp\/v2\/comments?post=26894"}],"version-history":[{"count":2,"href":"https:\/\/www.artestar.eu\/pt-pt\/wp-json\/wp\/v2\/product\/26894\/revisions"}],"predecessor-version":[{"id":36639,"href":"https:\/\/www.artestar.eu\/pt-pt\/wp-json\/wp\/v2\/product\/26894\/revisions\/36639"}],"wp:featuredmedia":[{"embeddable":true,"href":"https:\/\/www.artestar.eu\/pt-pt\/wp-json\/wp\/v2\/media\/15981"}],"wp:attachment":[{"href":"https:\/\/www.artestar.eu\/pt-pt\/wp-json\/wp\/v2\/media?parent=26894"}],"wp:term":[{"taxonomy":"product_cat","embeddable":true,"href":"https:\/\/www.artestar.eu\/pt-pt\/wp-json\/wp\/v2\/product_cat?post=26894"},{"taxonomy":"product_tag","embeddable":true,"href":"https:\/\/www.artestar.eu\/pt-pt\/wp-json\/wp\/v2\/product_tag?post=26894"}],"curies":[{"name":"wp","href":"https:\/\/api.w.org\/{rel}","templated":true}]}}