{"id":27117,"date":"2023-08-01T07:01:28","date_gmt":"2023-08-01T07:01:28","guid":{"rendered":"https:\/\/www.artestar.eu\/al-por-mayor\/amatistas-colgante-de-piedra-en-bruto\/"},"modified":"2023-09-20T06:11:57","modified_gmt":"2023-09-20T06:11:57","slug":"ametistas-pingente-de-pedra-bruta-em-bruto","status":"publish","type":"product","link":"https:\/\/www.artestar.eu\/pt-pt\/atacado\/ametistas-pingente-de-pedra-bruta-em-bruto\/","title":{"rendered":"Pingente de pedra \u00e1spera de ametista"},"content":{"rendered":"<p>Pingente de pedra \u00e1spera de ametista: Cada pingente \u00e9 feito de pedras semipreciosas naturais cruas que mant\u00eam sua forma, textura e cor \u00fanicas. Mostrando o charme fascinante das pedras preciosas naturais n\u00e3o processadas.<\/p>\n<ul>\n<li>Design vers\u00e1til: Com o seu design simples mas apelativo, este pendente de pedra natural \u00e9 o acess\u00f3rio ideal para qualquer ocasi\u00e3o. Os tons neutros e naturais permitem-lhe us\u00e1-lo com roupas casuais e formais, adicionando um toque de sofistica\u00e7\u00e3o ao seu estilo.<\/li>\n<li>Energia e Cura: As pedras semipreciosas naturais s\u00e3o conhecidas pelas suas propriedades metaf\u00edsicas e energias \u00fanicas. Acredita-se que usar este pingente incentiva positividade, equil\u00edbrio e prote\u00e7\u00e3o, permitindo que voc\u00ea carregue o poder da natureza com voc\u00ea para onde quer que v\u00e1.<\/li>\n<li>Charme: Projetado com apelo universal, este pingente \u00e9 o presente perfeito para quem busca uma conex\u00e3o com a natureza ou deseja abra\u00e7ar a individualidade.<\/li>\n<li>Abrace a beleza natural e a energia antiga das pedras preciosas com o nosso Pingente de Pedra Natural Crua. Voc\u00ea pode us\u00e1-lo como uma joia \u00fanica ou combin\u00e1-lo com outros colares para obter um visual personalizado. Quer seja um amante da natureza, um entusiasta de cristais ou algu\u00e9m que procura adicionar um elemento \u00fanico \u00e0 sua cole\u00e7\u00e3o de joias, este pendente \u00e9 a personifica\u00e7\u00e3o perfeita da eleg\u00e2ncia. Possua uma pe\u00e7a de arte da natureza e torne-a parte integrante da viagem da sua vida.<\/li>\n<\/ul>\n<p><img decoding=\"async\" class=\"alignnone size-full wp-image-9519\" src=\"https:\/\/www.artestar.eu%E2%80%8B%E2%80%8B%E2%80%8B%E2%80%8B\/wp-content\/uploads\/2023\/07\/natural-semi-precious-gemstone-pendants-rough-raw-03.jpg\" alt=\"pendente de pedra bruta\" width=\"600\" height=\"600\" srcset=\"https:\/\/www.artestar.eu\/wp-content\/uploads\/2023\/07\/natural-semi-precious-gemstone-pendants-rough-raw-03.jpg 600w, https:\/\/www.artestar.eu\/wp-content\/uploads\/2023\/07\/natural-semi-precious-gemstone-pendants-rough-raw-03-300x300.jpg 300w, https:\/\/www.artestar.eu\/wp-content\/uploads\/2023\/07\/natural-semi-precious-gemstone-pendants-rough-raw-03-150x150.jpg 150w, https:\/\/www.artestar.eu\/wp-content\/uploads\/2023\/07\/natural-semi-precious-gemstone-pendants-rough-raw-03-450x450.jpg 450w, https:\/\/www.artestar.eu\/wp-content\/uploads\/2023\/07\/natural-semi-precious-gemstone-pendants-rough-raw-03-54x54.jpg 54w\" sizes=\"(max-width: 600px) 100vw, 600px\" \/><\/p>\n<h5>Pingente de pedra \u00e1spera de ametista<\/h5>\n<ul>\n<li>Cuidado: Devido a diferen\u00e7as nos monitores e resolu\u00e7\u00e3o, as cores da imagem podem diferir ligeiramente das cores reais.<\/li>\n<li>As contas de pedra devem ser protegidas da luz solar intensa para evitar danificar a textura e a cor da pedra.<\/li>\n<\/ul>\n","protected":false},"excerpt":{"rendered":"<ul>\n<li>Quantidade: 1pcs.<\/li>\n<li>Tamanho: aprox. 22~34 x 20~24 x 11~16 mm, agujero: aprox. \u2205 2 mm<\/li>\n<li>Por ser uma pedra natural, as formas e tamanhos podem variar. As dimens\u00f5es s\u00e3o apenas para refer\u00eancia.<\/li>\n<\/ul>\n","protected":false},"featured_media":23117,"comment_status":"open","ping_status":"closed","template":"","meta":[],"product_cat":[1143,1142],"product_tag":[],"yoast_head":"<!-- This site is optimized with the Yoast SEO Premium plugin v20.5 (Yoast SEO v21.5) - https:\/\/yoast.com\/wordpress\/plugins\/seo\/ -->\n<title>Pingente de pedra \u00e1spera de ametista - Artestar<\/title>\n<meta name=\"description\" content=\"Nossos preciosos pingentes de pedra bruta v\u00eam em uma grande variedade e s\u00e3o altamente seletivos. Essencial para o ver\u00e3o.\" \/>\n<meta name=\"robots\" content=\"index, follow, max-snippet:-1, max-image-preview:large, max-video-preview:-1\" \/>\n<link rel=\"canonical\" href=\"https:\/\/www.artestar.eu\/pt-pt\/atacado\/ametistas-pingente-de-pedra-bruta-em-bruto\/\" \/>\n<meta property=\"og:locale\" content=\"pt_PT\" \/>\n<meta property=\"og:type\" content=\"article\" \/>\n<meta property=\"og:title\" content=\"Pingente de pedra \u00e1spera de ametista\" \/>\n<meta property=\"og:description\" content=\"Nossos preciosos pingentes de pedra bruta v\u00eam em uma grande variedade e s\u00e3o altamente seletivos. Essencial para o ver\u00e3o.\" \/>\n<meta property=\"og:url\" content=\"https:\/\/www.artestar.eu\/pt-pt\/atacado\/ametistas-pingente-de-pedra-bruta-em-bruto\/\" \/>\n<meta property=\"og:site_name\" content=\"Artestar\" \/>\n<meta property=\"article:publisher\" content=\"https:\/\/www.facebook.com\/ARTESTAREU\" \/>\n<meta property=\"article:modified_time\" content=\"2023-09-20T06:11:57+00:00\" \/>\n<meta property=\"og:image\" content=\"https:\/\/www.artestar.eu\/wp-content\/uploads\/2023\/07\/natural-semi-precious-gemstone-pendants-rough-raw-amethysts.jpg\" \/>\n\t<meta property=\"og:image:width\" content=\"600\" \/>\n\t<meta property=\"og:image:height\" content=\"600\" \/>\n\t<meta property=\"og:image:type\" content=\"image\/jpeg\" \/>\n<meta name=\"twitter:card\" content=\"summary_large_image\" \/>\n<meta name=\"twitter:label1\" content=\"pre\u00e7o\" \/>\n\t<meta name=\"twitter:data1\" content=\"0,25&nbsp;&euro; (IVA N\u00c3O inclu\u00eddo)\" \/>\n\t<meta name=\"twitter:label2\" content=\"Availability\" \/>\n\t<meta name=\"twitter:data2\" content=\"Em estoque\" \/>\n<script type=\"application\/ld+json\" class=\"yoast-schema-graph\">{\"@context\":\"https:\/\/schema.org\",\"@graph\":[{\"@type\":\"WebPage\",\"@id\":\"https:\/\/www.artestar.eu\/pt-pt\/atacado\/ametistas-pingente-de-pedra-bruta-em-bruto\/\",\"url\":\"https:\/\/www.artestar.eu\/pt-pt\/atacado\/ametistas-pingente-de-pedra-bruta-em-bruto\/\",\"name\":\"Pingente de pedra \u00e1spera de ametista - Artestar\",\"isPartOf\":{\"@id\":\"https:\/\/www.artestar.eu\/pt-pt\/#website\"},\"datePublished\":\"2023-08-01T07:01:28+00:00\",\"dateModified\":\"2023-09-20T06:11:57+00:00\",\"description\":\"Nossos preciosos pingentes de pedra bruta v\u00eam em uma grande variedade e s\u00e3o altamente seletivos. Essencial para o ver\u00e3o.\",\"breadcrumb\":{\"@id\":\"https:\/\/www.artestar.eu\/pt-pt\/atacado\/ametistas-pingente-de-pedra-bruta-em-bruto\/#breadcrumb\"},\"inLanguage\":\"pt-PT\",\"potentialAction\":[{\"@type\":\"ReadAction\",\"target\":[\"https:\/\/www.artestar.eu\/pt-pt\/atacado\/ametistas-pingente-de-pedra-bruta-em-bruto\/\"]}]},{\"@type\":\"BreadcrumbList\",\"@id\":\"https:\/\/www.artestar.eu\/pt-pt\/atacado\/ametistas-pingente-de-pedra-bruta-em-bruto\/#breadcrumb\",\"itemListElement\":[{\"@type\":\"ListItem\",\"position\":1,\"name\":\"Artestar\",\"item\":\"https:\/\/www.artestar.eu\/pt-pt\/\"},{\"@type\":\"ListItem\",\"position\":2,\"name\":\"Atacado\",\"item\":\"https:\/\/www.artestar.eu\/pt-pt\/atacado\/\"},{\"@type\":\"ListItem\",\"position\":3,\"name\":\"Pingente de pedra \u00e1spera de ametista\"}]},{\"@type\":\"WebSite\",\"@id\":\"https:\/\/www.artestar.eu\/pt-pt\/#website\",\"url\":\"https:\/\/www.artestar.eu\/pt-pt\/\",\"name\":\"Artestar\",\"description\":\"Mayorista en abalorios y joyer\u00eda\",\"publisher\":{\"@id\":\"https:\/\/www.artestar.eu\/pt-pt\/#organization\"},\"alternateName\":\"Artestar-EU\",\"potentialAction\":[{\"@type\":\"SearchAction\",\"target\":{\"@type\":\"EntryPoint\",\"urlTemplate\":\"https:\/\/www.artestar.eu\/pt-pt\/?s={search_term_string}\"},\"query-input\":\"required name=search_term_string\"}],\"inLanguage\":\"pt-PT\"},{\"@type\":[\"Organization\",\"Place\"],\"@id\":\"https:\/\/www.artestar.eu\/pt-pt\/#organization\",\"name\":\"RUBY ABALORIO S.L.\",\"alternateName\":\"Artestar\",\"url\":\"https:\/\/www.artestar.eu\/pt-pt\/\",\"logo\":{\"@id\":\"https:\/\/www.artestar.eu\/pt-pt\/atacado\/ametistas-pingente-de-pedra-bruta-em-bruto\/#local-main-organization-logo\"},\"image\":{\"@id\":\"https:\/\/www.artestar.eu\/pt-pt\/atacado\/ametistas-pingente-de-pedra-bruta-em-bruto\/#local-main-organization-logo\"},\"sameAs\":[\"https:\/\/www.facebook.com\/ARTESTAREU\",\"https:\/\/www.instagram.com\/artestareu\/\",\"https:\/\/www.pinterest.es\/artestar_eu\/\",\"https:\/\/www.tiktok.com\/@artestar_wholesale\"],\"openingHoursSpecification\":[{\"@type\":\"OpeningHoursSpecification\",\"dayOfWeek\":[\"Monday\",\"Tuesday\",\"Wednesday\",\"Thursday\",\"Friday\",\"Saturday\",\"Sunday\"],\"opens\":\"09:00\",\"closes\":\"17:00\"}]},{\"@type\":\"ImageObject\",\"inLanguage\":\"pt-PT\",\"@id\":\"https:\/\/www.artestar.eu\/pt-pt\/atacado\/ametistas-pingente-de-pedra-bruta-em-bruto\/#local-main-organization-logo\",\"url\":\"https:\/\/www.artestar.eu\/wp-content\/uploads\/2023\/05\/cropped-png.png\",\"contentUrl\":\"https:\/\/www.artestar.eu\/wp-content\/uploads\/2023\/05\/cropped-png.png\",\"width\":512,\"height\":512,\"caption\":\"RUBY ABALORIO S.L.\"}]}<\/script>\n<meta property=\"product:price:amount\" content=\"0.25\" \/>\n<meta property=\"product:price:currency\" content=\"EUR\" \/>\n<meta property=\"og:availability\" content=\"instock\" \/>\n<meta property=\"product:availability\" content=\"instock\" \/>\n<meta property=\"product:retailer_item_id\" content=\"BS-GZ-M0013\" \/>\n<meta property=\"product:condition\" content=\"new\" \/>\n<!-- \/ Yoast SEO Premium plugin. -->","yoast_head_json":{"title":"Pingente de pedra \u00e1spera de ametista - Artestar","description":"Nossos preciosos pingentes de pedra bruta v\u00eam em uma grande variedade e s\u00e3o altamente seletivos. Essencial para o ver\u00e3o.","robots":{"index":"index","follow":"follow","max-snippet":"max-snippet:-1","max-image-preview":"max-image-preview:large","max-video-preview":"max-video-preview:-1"},"canonical":"https:\/\/www.artestar.eu\/pt-pt\/atacado\/ametistas-pingente-de-pedra-bruta-em-bruto\/","og_locale":"pt_PT","og_type":"article","og_title":"Pingente de pedra \u00e1spera de ametista","og_description":"Nossos preciosos pingentes de pedra bruta v\u00eam em uma grande variedade e s\u00e3o altamente seletivos. Essencial para o ver\u00e3o.","og_url":"https:\/\/www.artestar.eu\/pt-pt\/atacado\/ametistas-pingente-de-pedra-bruta-em-bruto\/","og_site_name":"Artestar","article_publisher":"https:\/\/www.facebook.com\/ARTESTAREU","article_modified_time":"2023-09-20T06:11:57+00:00","og_image":[{"width":600,"height":600,"url":"https:\/\/www.artestar.eu\/wp-content\/uploads\/2023\/07\/natural-semi-precious-gemstone-pendants-rough-raw-amethysts.jpg","type":"image\/jpeg"}],"twitter_card":"summary_large_image","twitter_misc":{"pre\u00e7o":"0,25&nbsp;&euro; (IVA N\u00c3O inclu\u00eddo)","Availability":"Em estoque"},"schema":{"@context":"https:\/\/schema.org","@graph":[{"@type":"WebPage","@id":"https:\/\/www.artestar.eu\/pt-pt\/atacado\/ametistas-pingente-de-pedra-bruta-em-bruto\/","url":"https:\/\/www.artestar.eu\/pt-pt\/atacado\/ametistas-pingente-de-pedra-bruta-em-bruto\/","name":"Pingente de pedra \u00e1spera de ametista - Artestar","isPartOf":{"@id":"https:\/\/www.artestar.eu\/pt-pt\/#website"},"datePublished":"2023-08-01T07:01:28+00:00","dateModified":"2023-09-20T06:11:57+00:00","description":"Nossos preciosos pingentes de pedra bruta v\u00eam em uma grande variedade e s\u00e3o altamente seletivos. Essencial para o ver\u00e3o.","breadcrumb":{"@id":"https:\/\/www.artestar.eu\/pt-pt\/atacado\/ametistas-pingente-de-pedra-bruta-em-bruto\/#breadcrumb"},"inLanguage":"pt-PT","potentialAction":[{"@type":"ReadAction","target":["https:\/\/www.artestar.eu\/pt-pt\/atacado\/ametistas-pingente-de-pedra-bruta-em-bruto\/"]}]},{"@type":"BreadcrumbList","@id":"https:\/\/www.artestar.eu\/pt-pt\/atacado\/ametistas-pingente-de-pedra-bruta-em-bruto\/#breadcrumb","itemListElement":[{"@type":"ListItem","position":1,"name":"Artestar","item":"https:\/\/www.artestar.eu\/pt-pt\/"},{"@type":"ListItem","position":2,"name":"Atacado","item":"https:\/\/www.artestar.eu\/pt-pt\/atacado\/"},{"@type":"ListItem","position":3,"name":"Pingente de pedra \u00e1spera de ametista"}]},{"@type":"WebSite","@id":"https:\/\/www.artestar.eu\/pt-pt\/#website","url":"https:\/\/www.artestar.eu\/pt-pt\/","name":"Artestar","description":"Mayorista en abalorios y joyer\u00eda","publisher":{"@id":"https:\/\/www.artestar.eu\/pt-pt\/#organization"},"alternateName":"Artestar-EU","potentialAction":[{"@type":"SearchAction","target":{"@type":"EntryPoint","urlTemplate":"https:\/\/www.artestar.eu\/pt-pt\/?s={search_term_string}"},"query-input":"required name=search_term_string"}],"inLanguage":"pt-PT"},{"@type":["Organization","Place"],"@id":"https:\/\/www.artestar.eu\/pt-pt\/#organization","name":"RUBY ABALORIO S.L.","alternateName":"Artestar","url":"https:\/\/www.artestar.eu\/pt-pt\/","logo":{"@id":"https:\/\/www.artestar.eu\/pt-pt\/atacado\/ametistas-pingente-de-pedra-bruta-em-bruto\/#local-main-organization-logo"},"image":{"@id":"https:\/\/www.artestar.eu\/pt-pt\/atacado\/ametistas-pingente-de-pedra-bruta-em-bruto\/#local-main-organization-logo"},"sameAs":["https:\/\/www.facebook.com\/ARTESTAREU","https:\/\/www.instagram.com\/artestareu\/","https:\/\/www.pinterest.es\/artestar_eu\/","https:\/\/www.tiktok.com\/@artestar_wholesale"],"openingHoursSpecification":[{"@type":"OpeningHoursSpecification","dayOfWeek":["Monday","Tuesday","Wednesday","Thursday","Friday","Saturday","Sunday"],"opens":"09:00","closes":"17:00"}]},{"@type":"ImageObject","inLanguage":"pt-PT","@id":"https:\/\/www.artestar.eu\/pt-pt\/atacado\/ametistas-pingente-de-pedra-bruta-em-bruto\/#local-main-organization-logo","url":"https:\/\/www.artestar.eu\/wp-content\/uploads\/2023\/05\/cropped-png.png","contentUrl":"https:\/\/www.artestar.eu\/wp-content\/uploads\/2023\/05\/cropped-png.png","width":512,"height":512,"caption":"RUBY ABALORIO S.L."}]},"product_price_amount":"0.25","product_price_currency":"EUR","og_availability":"instock","product_availability":"instock","product_retailer_item_id":"BS-GZ-M0013","product_condition":"new"},"tiered_pricing_type":"percentage","tiered_pricing_fixed_rules":{"20":"10"},"tiered_pricing_percentage_rules":[],"tiered_pricing_minimum":null,"_administrator_tiered_pricing_type":"fixed","_administrator_tiered_pricing_fixed_rules":[],"_editor_tiered_pricing_type":"fixed","_editor_tiered_pricing_fixed_rules":[],"_author_tiered_pricing_type":"fixed","_author_tiered_pricing_fixed_rules":[],"_contributor_tiered_pricing_type":"fixed","_contributor_tiered_pricing_fixed_rules":[],"_subscriber_tiered_pricing_type":"fixed","_subscriber_tiered_pricing_fixed_rules":[],"_wpseo_manager_tiered_pricing_type":"fixed","_wpseo_manager_tiered_pricing_fixed_rules":[],"_wpseo_editor_tiered_pricing_type":"fixed","_wpseo_editor_tiered_pricing_fixed_rules":[],"_customer_tiered_pricing_type":"fixed","_customer_tiered_pricing_fixed_rules":[],"_shop_manager_tiered_pricing_type":"fixed","_shop_manager_tiered_pricing_fixed_rules":[],"_product_manager_tiered_pricing_type":"fixed","_product_manager_tiered_pricing_fixed_rules":[],"_links":{"self":[{"href":"https:\/\/www.artestar.eu\/pt-pt\/wp-json\/wp\/v2\/product\/27117"}],"collection":[{"href":"https:\/\/www.artestar.eu\/pt-pt\/wp-json\/wp\/v2\/product"}],"about":[{"href":"https:\/\/www.artestar.eu\/pt-pt\/wp-json\/wp\/v2\/types\/product"}],"replies":[{"embeddable":true,"href":"https:\/\/www.artestar.eu\/pt-pt\/wp-json\/wp\/v2\/comments?post=27117"}],"version-history":[{"count":1,"href":"https:\/\/www.artestar.eu\/pt-pt\/wp-json\/wp\/v2\/product\/27117\/revisions"}],"predecessor-version":[{"id":35453,"href":"https:\/\/www.artestar.eu\/pt-pt\/wp-json\/wp\/v2\/product\/27117\/revisions\/35453"}],"wp:featuredmedia":[{"embeddable":true,"href":"https:\/\/www.artestar.eu\/pt-pt\/wp-json\/wp\/v2\/media\/23117"}],"wp:attachment":[{"href":"https:\/\/www.artestar.eu\/pt-pt\/wp-json\/wp\/v2\/media?parent=27117"}],"wp:term":[{"taxonomy":"product_cat","embeddable":true,"href":"https:\/\/www.artestar.eu\/pt-pt\/wp-json\/wp\/v2\/product_cat?post=27117"},{"taxonomy":"product_tag","embeddable":true,"href":"https:\/\/www.artestar.eu\/pt-pt\/wp-json\/wp\/v2\/product_tag?post=27117"}],"curies":[{"name":"wp","href":"https:\/\/api.w.org\/{rel}","templated":true}]}}