{"id":27186,"date":"2023-06-01T05:22:00","date_gmt":"2023-06-01T05:22:00","guid":{"rendered":"https:\/\/www.artestar.eu\/al-por-mayor\/ganchos-para-pendientes-color-dorado-36-unids\/"},"modified":"2023-10-26T01:54:30","modified_gmt":"2023-10-26T01:54:30","slug":"ganchos-para-brincos-ouro-cor","status":"publish","type":"product","link":"https:\/\/www.artestar.eu\/pt-pt\/atacado\/ganchos-para-brincos-ouro-cor\/","title":{"rendered":"Ganchos para brincos cor ouro 36 pcs."},"content":{"rendered":"<p>Ganchos para brincos de ouro: 36pcs.<\/p>\n<ul>\n<li>Os ganchos auriculares s\u00e3o feitos de metal de alta qualidade, leves, f\u00e1ceis de usar, resistentes e dur\u00e1veis, n\u00e3o enferrujam facilmente, perfeitos para bijuterias, especialmente para brincos.<\/li>\n<li>Os ganchos de orelha dourados s\u00e3o brilhantes e atraentes. Com uma superf\u00edcie lisa e arredondada, leve e confort\u00e1vel de usar, e um design cl\u00e1ssico e elegante, eles ser\u00e3o um \u00f3timo acess\u00f3rio de joias para voc\u00ea.<\/li>\n<li>Os ganchos auriculares t\u00eam um ilh\u00f3 de abertura para que possa facilmente fixar o anel de abertura, corrente e pendente. Uma vez terminado, basta usar um alicate para fechar o ciclo.<\/li>\n<li>Os nossos ganchos simples e delicados para brincos dourados, em forma de gancho, s\u00e3o perfeitos para brincos, joias glamorosas ou pe\u00e7as decorativas finas.<\/li>\n<li>Estes lindos ganchos s\u00e3o adequados para quase todas as ocasi\u00f5es em que os brincos s\u00e3o usados, criando um produto acabado perfeito para o dia a dia, casamentos, festas e muito mais.<\/li>\n<li>Se voc\u00ea adicionar seus enfeites favoritos aos ganchos de ouro para brincos. Seu look ficar\u00e1 mais alegre e voc\u00ea pode us\u00e1-los para fazer seus pr\u00f3prios brincos ou para restaurar os antigos.<\/li>\n<\/ul>\n<p><img decoding=\"async\" class=\"alignnone size-full wp-image-5082\" src=\"https:\/\/www.artestar.eu%E2%80%8B%E2%80%8B%E2%80%8B%E2%80%8B\/wp-content\/uploads\/2023\/06\/stainless-steel-earring-accessories-mixed-color-earring-hook.jpg\" alt=\"Ganchos para brincos de ouro\" width=\"600\" height=\"600\" srcset=\"https:\/\/www.artestar.eu\/wp-content\/uploads\/2023\/06\/stainless-steel-earring-accessories-mixed-color-earring-hook.jpg 600w, https:\/\/www.artestar.eu\/wp-content\/uploads\/2023\/06\/stainless-steel-earring-accessories-mixed-color-earring-hook-300x300.jpg 300w, https:\/\/www.artestar.eu\/wp-content\/uploads\/2023\/06\/stainless-steel-earring-accessories-mixed-color-earring-hook-150x150.jpg 150w, https:\/\/www.artestar.eu\/wp-content\/uploads\/2023\/06\/stainless-steel-earring-accessories-mixed-color-earring-hook-450x450.jpg 450w, https:\/\/www.artestar.eu\/wp-content\/uploads\/2023\/06\/stainless-steel-earring-accessories-mixed-color-earring-hook-54x54.jpg 54w\" sizes=\"(max-width: 600px) 100vw, 600px\" \/><\/p>\n<h5>Ganchos para brincos de ouro<\/h5>\n<ul>\n<li>O processo de cria\u00e7\u00e3o de joias \u00e9 simples e divertido, por isso deixe o seu telem\u00f3vel no seu tempo livre, use a sua imagina\u00e7\u00e3o e divirta-se com bricolage.<\/li>\n<li>Estes delicados itens de bricolage s\u00e3o \u00f3timos presentes para amigos e familiares amantes do artesanato e servem para muitas ocasi\u00f5es. Como casamentos, A\u00e7\u00e3o de Gra\u00e7as, Natal, festas de anivers\u00e1rio, cerim\u00f4nias de formatura e muito mais. N\u00e3o \u00e9 apenas um presente agrad\u00e1vel, mas tamb\u00e9m uma mensagem maravilhosa de carinho e amor.<\/li>\n<\/ul>\n","protected":false},"excerpt":{"rendered":"<ul>\n<li>\n<div data-slate-node=\"element\"><span data-slate-node=\"text\"><span class=\"00\" data-slate-leaf=\"true\">Material: a\u00e7o inoxid\u00e1vel<\/span><\/span><\/div>\n<\/li>\n<li>\n<div data-slate-node=\"element\"><span data-slate-node=\"text\"><span class=\"11\" data-slate-leaf=\"true\">Comprimento: aprox.  <\/span><\/span><span data-slate-node=\"text\"><span class=\"12\" data-slate-leaf=\"true\">20 mil\u00edmetros; Largura: aprox. 19 mil\u00edmetros<\/span><\/span><\/div>\n<\/li>\n<li>\n<div data-slate-node=\"element\"><span data-slate-node=\"text\"><span class=\"21\" data-slate-leaf=\"true\">Quantidade em cada embalagem: 36pcs.<\/span><\/span><\/div>\n<\/li>\n<li>Acess\u00f3rios cl\u00e1ssicos de brincos de moda em a\u00e7o inoxid\u00e1vel<\/li>\n<\/ul>\n","protected":false},"featured_media":12550,"comment_status":"open","ping_status":"closed","template":"","meta":[],"product_cat":[1682,1681],"product_tag":[],"yoast_head":"<!-- This site is optimized with the Yoast SEO Premium plugin v20.5 (Yoast SEO v21.5) - https:\/\/yoast.com\/wordpress\/plugins\/seo\/ -->\n<title>Ganchos para brincos cor ouro 36 pcs. - Artestar<\/title>\n<meta name=\"description\" content=\"Ganchos para brincos de ouro, um acess\u00f3rio de moda com um toque pessoal que se adapta a cada ocasi\u00e3o e estilo. Acess\u00f3rios para brincos.\" \/>\n<meta name=\"robots\" content=\"index, follow, max-snippet:-1, max-image-preview:large, max-video-preview:-1\" \/>\n<link rel=\"canonical\" href=\"https:\/\/www.artestar.eu\/pt-pt\/atacado\/ganchos-para-brincos-ouro-cor\/\" \/>\n<meta property=\"og:locale\" content=\"pt_PT\" \/>\n<meta property=\"og:type\" content=\"article\" \/>\n<meta property=\"og:title\" content=\"Ganchos para brincos cor ouro 36 pcs.\" \/>\n<meta property=\"og:description\" content=\"Ganchos para brincos de ouro, um acess\u00f3rio de moda com um toque pessoal que se adapta a cada ocasi\u00e3o e estilo. Acess\u00f3rios para brincos.\" \/>\n<meta property=\"og:url\" content=\"https:\/\/www.artestar.eu\/pt-pt\/atacado\/ganchos-para-brincos-ouro-cor\/\" \/>\n<meta property=\"og:site_name\" content=\"Artestar\" \/>\n<meta property=\"article:publisher\" content=\"https:\/\/www.facebook.com\/ARTESTAREU\" \/>\n<meta property=\"article:modified_time\" content=\"2023-10-26T01:54:30+00:00\" \/>\n<meta property=\"og:image\" content=\"https:\/\/www.artestar.eu\/wp-content\/uploads\/2023\/06\/stainless-steel-earring-accessories-earring-hook-gold.jpg\" \/>\n\t<meta property=\"og:image:width\" content=\"600\" \/>\n\t<meta property=\"og:image:height\" content=\"600\" \/>\n\t<meta property=\"og:image:type\" content=\"image\/jpeg\" \/>\n<meta name=\"twitter:card\" content=\"summary_large_image\" \/>\n<meta name=\"twitter:label1\" content=\"pre\u00e7o\" \/>\n\t<meta name=\"twitter:data1\" content=\"1,15&nbsp;&euro; (IVA N\u00c3O inclu\u00eddo)\" \/>\n\t<meta name=\"twitter:label2\" content=\"Availability\" \/>\n\t<meta name=\"twitter:data2\" content=\"Em estoque\" \/>\n<script type=\"application\/ld+json\" class=\"yoast-schema-graph\">{\"@context\":\"https:\/\/schema.org\",\"@graph\":[{\"@type\":\"WebPage\",\"@id\":\"https:\/\/www.artestar.eu\/pt-pt\/atacado\/ganchos-para-brincos-ouro-cor\/\",\"url\":\"https:\/\/www.artestar.eu\/pt-pt\/atacado\/ganchos-para-brincos-ouro-cor\/\",\"name\":\"Ganchos para brincos cor ouro 36 pcs. - Artestar\",\"isPartOf\":{\"@id\":\"https:\/\/www.artestar.eu\/pt-pt\/#website\"},\"datePublished\":\"2023-06-01T05:22:00+00:00\",\"dateModified\":\"2023-10-26T01:54:30+00:00\",\"description\":\"Ganchos para brincos de ouro, um acess\u00f3rio de moda com um toque pessoal que se adapta a cada ocasi\u00e3o e estilo. Acess\u00f3rios para brincos.\",\"breadcrumb\":{\"@id\":\"https:\/\/www.artestar.eu\/pt-pt\/atacado\/ganchos-para-brincos-ouro-cor\/#breadcrumb\"},\"inLanguage\":\"pt-PT\",\"potentialAction\":[{\"@type\":\"ReadAction\",\"target\":[\"https:\/\/www.artestar.eu\/pt-pt\/atacado\/ganchos-para-brincos-ouro-cor\/\"]}]},{\"@type\":\"BreadcrumbList\",\"@id\":\"https:\/\/www.artestar.eu\/pt-pt\/atacado\/ganchos-para-brincos-ouro-cor\/#breadcrumb\",\"itemListElement\":[{\"@type\":\"ListItem\",\"position\":1,\"name\":\"Artestar\",\"item\":\"https:\/\/www.artestar.eu\/pt-pt\/\"},{\"@type\":\"ListItem\",\"position\":2,\"name\":\"Atacado\",\"item\":\"https:\/\/www.artestar.eu\/pt-pt\/atacado\/\"},{\"@type\":\"ListItem\",\"position\":3,\"name\":\"Ganchos para brincos cor ouro 36 pcs.\"}]},{\"@type\":\"WebSite\",\"@id\":\"https:\/\/www.artestar.eu\/pt-pt\/#website\",\"url\":\"https:\/\/www.artestar.eu\/pt-pt\/\",\"name\":\"Artestar\",\"description\":\"Mayorista en abalorios y joyer\u00eda\",\"publisher\":{\"@id\":\"https:\/\/www.artestar.eu\/pt-pt\/#organization\"},\"alternateName\":\"Artestar-EU\",\"potentialAction\":[{\"@type\":\"SearchAction\",\"target\":{\"@type\":\"EntryPoint\",\"urlTemplate\":\"https:\/\/www.artestar.eu\/pt-pt\/?s={search_term_string}\"},\"query-input\":\"required name=search_term_string\"}],\"inLanguage\":\"pt-PT\"},{\"@type\":[\"Organization\",\"Place\"],\"@id\":\"https:\/\/www.artestar.eu\/pt-pt\/#organization\",\"name\":\"RUBY ABALORIO S.L.\",\"alternateName\":\"Artestar\",\"url\":\"https:\/\/www.artestar.eu\/pt-pt\/\",\"logo\":{\"@id\":\"https:\/\/www.artestar.eu\/pt-pt\/atacado\/ganchos-para-brincos-ouro-cor\/#local-main-organization-logo\"},\"image\":{\"@id\":\"https:\/\/www.artestar.eu\/pt-pt\/atacado\/ganchos-para-brincos-ouro-cor\/#local-main-organization-logo\"},\"sameAs\":[\"https:\/\/www.facebook.com\/ARTESTAREU\",\"https:\/\/www.instagram.com\/artestareu\/\",\"https:\/\/www.pinterest.es\/artestar_eu\/\",\"https:\/\/www.tiktok.com\/@artestar_wholesale\"],\"openingHoursSpecification\":[{\"@type\":\"OpeningHoursSpecification\",\"dayOfWeek\":[\"Monday\",\"Tuesday\",\"Wednesday\",\"Thursday\",\"Friday\",\"Saturday\",\"Sunday\"],\"opens\":\"09:00\",\"closes\":\"17:00\"}]},{\"@type\":\"ImageObject\",\"inLanguage\":\"pt-PT\",\"@id\":\"https:\/\/www.artestar.eu\/pt-pt\/atacado\/ganchos-para-brincos-ouro-cor\/#local-main-organization-logo\",\"url\":\"https:\/\/www.artestar.eu\/wp-content\/uploads\/2023\/05\/cropped-png.png\",\"contentUrl\":\"https:\/\/www.artestar.eu\/wp-content\/uploads\/2023\/05\/cropped-png.png\",\"width\":512,\"height\":512,\"caption\":\"RUBY ABALORIO S.L.\"}]}<\/script>\n<meta property=\"product:price:amount\" content=\"1.15\" \/>\n<meta property=\"product:price:currency\" content=\"EUR\" \/>\n<meta property=\"og:availability\" content=\"instock\" \/>\n<meta property=\"product:availability\" content=\"instock\" \/>\n<meta property=\"product:retailer_item_id\" content=\"BXG-0057\" \/>\n<meta property=\"product:condition\" content=\"new\" \/>\n<!-- \/ Yoast SEO Premium plugin. -->","yoast_head_json":{"title":"Ganchos para brincos cor ouro 36 pcs. - Artestar","description":"Ganchos para brincos de ouro, um acess\u00f3rio de moda com um toque pessoal que se adapta a cada ocasi\u00e3o e estilo. Acess\u00f3rios para brincos.","robots":{"index":"index","follow":"follow","max-snippet":"max-snippet:-1","max-image-preview":"max-image-preview:large","max-video-preview":"max-video-preview:-1"},"canonical":"https:\/\/www.artestar.eu\/pt-pt\/atacado\/ganchos-para-brincos-ouro-cor\/","og_locale":"pt_PT","og_type":"article","og_title":"Ganchos para brincos cor ouro 36 pcs.","og_description":"Ganchos para brincos de ouro, um acess\u00f3rio de moda com um toque pessoal que se adapta a cada ocasi\u00e3o e estilo. Acess\u00f3rios para brincos.","og_url":"https:\/\/www.artestar.eu\/pt-pt\/atacado\/ganchos-para-brincos-ouro-cor\/","og_site_name":"Artestar","article_publisher":"https:\/\/www.facebook.com\/ARTESTAREU","article_modified_time":"2023-10-26T01:54:30+00:00","og_image":[{"width":600,"height":600,"url":"https:\/\/www.artestar.eu\/wp-content\/uploads\/2023\/06\/stainless-steel-earring-accessories-earring-hook-gold.jpg","type":"image\/jpeg"}],"twitter_card":"summary_large_image","twitter_misc":{"pre\u00e7o":"1,15&nbsp;&euro; (IVA N\u00c3O inclu\u00eddo)","Availability":"Em estoque"},"schema":{"@context":"https:\/\/schema.org","@graph":[{"@type":"WebPage","@id":"https:\/\/www.artestar.eu\/pt-pt\/atacado\/ganchos-para-brincos-ouro-cor\/","url":"https:\/\/www.artestar.eu\/pt-pt\/atacado\/ganchos-para-brincos-ouro-cor\/","name":"Ganchos para brincos cor ouro 36 pcs. - Artestar","isPartOf":{"@id":"https:\/\/www.artestar.eu\/pt-pt\/#website"},"datePublished":"2023-06-01T05:22:00+00:00","dateModified":"2023-10-26T01:54:30+00:00","description":"Ganchos para brincos de ouro, um acess\u00f3rio de moda com um toque pessoal que se adapta a cada ocasi\u00e3o e estilo. Acess\u00f3rios para brincos.","breadcrumb":{"@id":"https:\/\/www.artestar.eu\/pt-pt\/atacado\/ganchos-para-brincos-ouro-cor\/#breadcrumb"},"inLanguage":"pt-PT","potentialAction":[{"@type":"ReadAction","target":["https:\/\/www.artestar.eu\/pt-pt\/atacado\/ganchos-para-brincos-ouro-cor\/"]}]},{"@type":"BreadcrumbList","@id":"https:\/\/www.artestar.eu\/pt-pt\/atacado\/ganchos-para-brincos-ouro-cor\/#breadcrumb","itemListElement":[{"@type":"ListItem","position":1,"name":"Artestar","item":"https:\/\/www.artestar.eu\/pt-pt\/"},{"@type":"ListItem","position":2,"name":"Atacado","item":"https:\/\/www.artestar.eu\/pt-pt\/atacado\/"},{"@type":"ListItem","position":3,"name":"Ganchos para brincos cor ouro 36 pcs."}]},{"@type":"WebSite","@id":"https:\/\/www.artestar.eu\/pt-pt\/#website","url":"https:\/\/www.artestar.eu\/pt-pt\/","name":"Artestar","description":"Mayorista en abalorios y joyer\u00eda","publisher":{"@id":"https:\/\/www.artestar.eu\/pt-pt\/#organization"},"alternateName":"Artestar-EU","potentialAction":[{"@type":"SearchAction","target":{"@type":"EntryPoint","urlTemplate":"https:\/\/www.artestar.eu\/pt-pt\/?s={search_term_string}"},"query-input":"required name=search_term_string"}],"inLanguage":"pt-PT"},{"@type":["Organization","Place"],"@id":"https:\/\/www.artestar.eu\/pt-pt\/#organization","name":"RUBY ABALORIO S.L.","alternateName":"Artestar","url":"https:\/\/www.artestar.eu\/pt-pt\/","logo":{"@id":"https:\/\/www.artestar.eu\/pt-pt\/atacado\/ganchos-para-brincos-ouro-cor\/#local-main-organization-logo"},"image":{"@id":"https:\/\/www.artestar.eu\/pt-pt\/atacado\/ganchos-para-brincos-ouro-cor\/#local-main-organization-logo"},"sameAs":["https:\/\/www.facebook.com\/ARTESTAREU","https:\/\/www.instagram.com\/artestareu\/","https:\/\/www.pinterest.es\/artestar_eu\/","https:\/\/www.tiktok.com\/@artestar_wholesale"],"openingHoursSpecification":[{"@type":"OpeningHoursSpecification","dayOfWeek":["Monday","Tuesday","Wednesday","Thursday","Friday","Saturday","Sunday"],"opens":"09:00","closes":"17:00"}]},{"@type":"ImageObject","inLanguage":"pt-PT","@id":"https:\/\/www.artestar.eu\/pt-pt\/atacado\/ganchos-para-brincos-ouro-cor\/#local-main-organization-logo","url":"https:\/\/www.artestar.eu\/wp-content\/uploads\/2023\/05\/cropped-png.png","contentUrl":"https:\/\/www.artestar.eu\/wp-content\/uploads\/2023\/05\/cropped-png.png","width":512,"height":512,"caption":"RUBY ABALORIO S.L."}]},"product_price_amount":"1.15","product_price_currency":"EUR","og_availability":"instock","product_availability":"instock","product_retailer_item_id":"BXG-0057","product_condition":"new"},"tiered_pricing_type":"percentage","tiered_pricing_fixed_rules":{"5":"10"},"tiered_pricing_percentage_rules":[],"tiered_pricing_minimum":null,"_administrator_tiered_pricing_type":"fixed","_administrator_tiered_pricing_fixed_rules":[],"_editor_tiered_pricing_type":"fixed","_editor_tiered_pricing_fixed_rules":[],"_author_tiered_pricing_type":"fixed","_author_tiered_pricing_fixed_rules":[],"_contributor_tiered_pricing_type":"fixed","_contributor_tiered_pricing_fixed_rules":[],"_subscriber_tiered_pricing_type":"fixed","_subscriber_tiered_pricing_fixed_rules":[],"_wpseo_manager_tiered_pricing_type":"fixed","_wpseo_manager_tiered_pricing_fixed_rules":[],"_wpseo_editor_tiered_pricing_type":"fixed","_wpseo_editor_tiered_pricing_fixed_rules":[],"_customer_tiered_pricing_type":"fixed","_customer_tiered_pricing_fixed_rules":[],"_shop_manager_tiered_pricing_type":"fixed","_shop_manager_tiered_pricing_fixed_rules":[],"_product_manager_tiered_pricing_type":"fixed","_product_manager_tiered_pricing_fixed_rules":[],"_links":{"self":[{"href":"https:\/\/www.artestar.eu\/pt-pt\/wp-json\/wp\/v2\/product\/27186"}],"collection":[{"href":"https:\/\/www.artestar.eu\/pt-pt\/wp-json\/wp\/v2\/product"}],"about":[{"href":"https:\/\/www.artestar.eu\/pt-pt\/wp-json\/wp\/v2\/types\/product"}],"replies":[{"embeddable":true,"href":"https:\/\/www.artestar.eu\/pt-pt\/wp-json\/wp\/v2\/comments?post=27186"}],"version-history":[{"count":1,"href":"https:\/\/www.artestar.eu\/pt-pt\/wp-json\/wp\/v2\/product\/27186\/revisions"}],"predecessor-version":[{"id":32192,"href":"https:\/\/www.artestar.eu\/pt-pt\/wp-json\/wp\/v2\/product\/27186\/revisions\/32192"}],"wp:featuredmedia":[{"embeddable":true,"href":"https:\/\/www.artestar.eu\/pt-pt\/wp-json\/wp\/v2\/media\/12550"}],"wp:attachment":[{"href":"https:\/\/www.artestar.eu\/pt-pt\/wp-json\/wp\/v2\/media?parent=27186"}],"wp:term":[{"taxonomy":"product_cat","embeddable":true,"href":"https:\/\/www.artestar.eu\/pt-pt\/wp-json\/wp\/v2\/product_cat?post=27186"},{"taxonomy":"product_tag","embeddable":true,"href":"https:\/\/www.artestar.eu\/pt-pt\/wp-json\/wp\/v2\/product_tag?post=27186"}],"curies":[{"name":"wp","href":"https:\/\/api.w.org\/{rel}","templated":true}]}}