{"id":27241,"date":"2023-06-13T05:57:13","date_gmt":"2023-06-13T05:57:13","guid":{"rendered":"https:\/\/www.artestar.eu\/al-por-mayor\/cuentas-de-concha-de-labio-negro-flor\/"},"modified":"2023-10-17T05:24:25","modified_gmt":"2023-10-17T05:24:25","slug":"preto-labio-concha-contas-flor","status":"publish","type":"product","link":"https:\/\/www.artestar.eu\/pt-pt\/atacado\/preto-labio-concha-contas-flor\/","title":{"rendered":"L\u00e1bio de flor preta Shell Beads"},"content":{"rendered":"<p>As contas de concha de l\u00e1bio preto flor s\u00e3o cinza-prateado em geral com destaques iridescentes, tem um acabamento suave e dur\u00e1vel.<\/p>\n<h5>Carater\u00edsticas:<\/h5>\n<ul>\n<li>Tamanho: Porque as contas de concha de l\u00e1bio preto flor est\u00e3o dispon\u00edveis em uma variedade de tamanhos. 10 mm, 15 mm. O suficiente para atender \u00e0s suas v\u00e1rias necessidades.<\/li>\n<li>As contas de concha de l\u00e1bio preto natural podem ser combinadas com ganchos de brinco para criar brincos bonitos, outros artesanatos criativos de joias, colares e pulseiras, etc.<\/li>\n<li>Eles tamb\u00e9m podem ser usados para mostradores de rel\u00f3gios, joias finas, facas de luxo, l\u00e2mpadas, murais, decora\u00e7\u00e3o de casa e casamentos.<\/li>\n<li>Como s\u00edmbolo de boa sorte e bons votos. As joias de madrep\u00e9rola s\u00e3o o presente perfeito para anivers\u00e1rios, anivers\u00e1rios, Natal, Dia das M\u00e3es e Dia dos Namorados.<\/li>\n<li>As conchas de l\u00e1bios pretos s\u00e3o um subproduto natural que pode ser processado. Corte e modele facilmente para criar uma variedade de produtos bonitos. Uma variedade de formas caracter\u00edsticas est\u00e3o dispon\u00edveis para voc\u00ea escolher.<\/li>\n<li>Madrep\u00e9rola traz uma sensa\u00e7\u00e3o de leveza e for\u00e7a. Ajudando-o a lembrar-se do seu verdadeiro eu e dando-lhe uma dose saud\u00e1vel de confian\u00e7a quando precisar.<\/li>\n<\/ul>\n<h6>Aten\u00e7\u00e3o:<\/h6>\n<ul>\n<li>Devido aos diferentes dispositivos de exibi\u00e7\u00e3o, pequenos desvios de cor s\u00e3o permitidos.<\/li>\n<li>Crian\u00e7as com menos de tr\u00eas anos devem evitar o contacto com o produto devido ao risco de asfixia.<\/li>\n<li>Ao usar joias de madrep\u00e9rola, recomenda-se n\u00e3o exp\u00f4-las a produtos qu\u00edmicos como perfumes, lavagens corporais e detergentes, pois podem alterar a cor natural da madrep\u00e9rola ou at\u00e9 mesmo danific\u00e1-la. Para limpar madrep\u00e9rola, basta limp\u00e1-la com um pano macio ou de microfibra.<\/li>\n<\/ul>\n","protected":false},"excerpt":{"rendered":"<ul>\n<li>10 mm: aprox. 29pcs.<\/li>\n<li>15 mm: aprox. 42pcs.<\/li>\n<li>As cores do arco-\u00edris s\u00e3o \u00fanicas e mudam com a luz<\/li>\n<li>Usado para fazer colares, pulseiras e outras joias<\/li>\n<\/ul>\n","protected":false},"featured_media":37542,"comment_status":"open","ping_status":"closed","template":"","meta":[],"product_cat":[1498,1698,1697],"product_tag":[],"yoast_head":"<!-- This site is optimized with the Yoast SEO Premium plugin v20.5 (Yoast SEO v21.5) - https:\/\/yoast.com\/wordpress\/plugins\/seo\/ -->\n<title>Preto Lip Shell Beads - Artestar<\/title>\n<meta name=\"description\" content=\"As contas pretas da concha labial s\u00e3o cinza-prateado em geral com destaques iridescentes, tem um acabamento suave e dur\u00e1vel.\" \/>\n<meta name=\"robots\" content=\"index, follow, max-snippet:-1, max-image-preview:large, max-video-preview:-1\" \/>\n<link rel=\"canonical\" href=\"https:\/\/www.artestar.eu\/pt-pt\/atacado\/preto-labio-concha-contas-flor\/\" \/>\n<meta property=\"og:locale\" content=\"pt_PT\" \/>\n<meta property=\"og:type\" content=\"article\" \/>\n<meta property=\"og:title\" content=\"L\u00e1bio de flor preta Shell Beads\" \/>\n<meta property=\"og:description\" content=\"As contas pretas da concha labial s\u00e3o cinza-prateado em geral com destaques iridescentes, tem um acabamento suave e dur\u00e1vel.\" \/>\n<meta property=\"og:url\" content=\"https:\/\/www.artestar.eu\/pt-pt\/atacado\/preto-labio-concha-contas-flor\/\" \/>\n<meta property=\"og:site_name\" content=\"Artestar\" \/>\n<meta property=\"article:publisher\" content=\"https:\/\/www.facebook.com\/ARTESTAREU\" \/>\n<meta property=\"article:modified_time\" content=\"2023-10-17T05:24:25+00:00\" \/>\n<meta property=\"og:image\" content=\"https:\/\/www.artestar.eu\/wp-content\/uploads\/2023\/06\/plum-bossom-black-lip-shell-beads.jpg\" \/>\n\t<meta property=\"og:image:width\" content=\"600\" \/>\n\t<meta property=\"og:image:height\" content=\"600\" \/>\n\t<meta property=\"og:image:type\" content=\"image\/jpeg\" \/>\n<meta name=\"twitter:card\" content=\"summary_large_image\" \/>\n<meta name=\"twitter:label1\" content=\"Availability\" \/>\n\t<meta name=\"twitter:data1\" content=\"Em estoque\" \/>\n<script type=\"application\/ld+json\" class=\"yoast-schema-graph\">{\"@context\":\"https:\/\/schema.org\",\"@graph\":[{\"@type\":\"WebPage\",\"@id\":\"https:\/\/www.artestar.eu\/pt-pt\/atacado\/preto-labio-concha-contas-flor\/\",\"url\":\"https:\/\/www.artestar.eu\/pt-pt\/atacado\/preto-labio-concha-contas-flor\/\",\"name\":\"Preto Lip Shell Beads - Artestar\",\"isPartOf\":{\"@id\":\"https:\/\/www.artestar.eu\/pt-pt\/#website\"},\"datePublished\":\"2023-06-13T05:57:13+00:00\",\"dateModified\":\"2023-10-17T05:24:25+00:00\",\"description\":\"As contas pretas da concha labial s\u00e3o cinza-prateado em geral com destaques iridescentes, tem um acabamento suave e dur\u00e1vel.\",\"breadcrumb\":{\"@id\":\"https:\/\/www.artestar.eu\/pt-pt\/atacado\/preto-labio-concha-contas-flor\/#breadcrumb\"},\"inLanguage\":\"pt-PT\",\"potentialAction\":[{\"@type\":\"ReadAction\",\"target\":[\"https:\/\/www.artestar.eu\/pt-pt\/atacado\/preto-labio-concha-contas-flor\/\"]}]},{\"@type\":\"BreadcrumbList\",\"@id\":\"https:\/\/www.artestar.eu\/pt-pt\/atacado\/preto-labio-concha-contas-flor\/#breadcrumb\",\"itemListElement\":[{\"@type\":\"ListItem\",\"position\":1,\"name\":\"Artestar\",\"item\":\"https:\/\/www.artestar.eu\/pt-pt\/\"},{\"@type\":\"ListItem\",\"position\":2,\"name\":\"Atacado\",\"item\":\"https:\/\/www.artestar.eu\/pt-pt\/atacado\/\"},{\"@type\":\"ListItem\",\"position\":3,\"name\":\"L\u00e1bio de flor preta Shell Beads\"}]},{\"@type\":\"WebSite\",\"@id\":\"https:\/\/www.artestar.eu\/pt-pt\/#website\",\"url\":\"https:\/\/www.artestar.eu\/pt-pt\/\",\"name\":\"Artestar\",\"description\":\"Mayorista en abalorios y joyer\u00eda\",\"publisher\":{\"@id\":\"https:\/\/www.artestar.eu\/pt-pt\/#organization\"},\"alternateName\":\"Artestar-EU\",\"potentialAction\":[{\"@type\":\"SearchAction\",\"target\":{\"@type\":\"EntryPoint\",\"urlTemplate\":\"https:\/\/www.artestar.eu\/pt-pt\/?s={search_term_string}\"},\"query-input\":\"required name=search_term_string\"}],\"inLanguage\":\"pt-PT\"},{\"@type\":[\"Organization\",\"Place\"],\"@id\":\"https:\/\/www.artestar.eu\/pt-pt\/#organization\",\"name\":\"RUBY ABALORIO S.L.\",\"alternateName\":\"Artestar\",\"url\":\"https:\/\/www.artestar.eu\/pt-pt\/\",\"logo\":{\"@id\":\"https:\/\/www.artestar.eu\/pt-pt\/atacado\/preto-labio-concha-contas-flor\/#local-main-organization-logo\"},\"image\":{\"@id\":\"https:\/\/www.artestar.eu\/pt-pt\/atacado\/preto-labio-concha-contas-flor\/#local-main-organization-logo\"},\"sameAs\":[\"https:\/\/www.facebook.com\/ARTESTAREU\",\"https:\/\/www.instagram.com\/artestareu\/\",\"https:\/\/www.pinterest.es\/artestar_eu\/\",\"https:\/\/www.tiktok.com\/@artestar_wholesale\"],\"openingHoursSpecification\":[{\"@type\":\"OpeningHoursSpecification\",\"dayOfWeek\":[\"Monday\",\"Tuesday\",\"Wednesday\",\"Thursday\",\"Friday\",\"Saturday\",\"Sunday\"],\"opens\":\"09:00\",\"closes\":\"17:00\"}]},{\"@type\":\"ImageObject\",\"inLanguage\":\"pt-PT\",\"@id\":\"https:\/\/www.artestar.eu\/pt-pt\/atacado\/preto-labio-concha-contas-flor\/#local-main-organization-logo\",\"url\":\"https:\/\/www.artestar.eu\/wp-content\/uploads\/2023\/05\/cropped-png.png\",\"contentUrl\":\"https:\/\/www.artestar.eu\/wp-content\/uploads\/2023\/05\/cropped-png.png\",\"width\":512,\"height\":512,\"caption\":\"RUBY ABALORIO S.L.\"}]}<\/script>\n<meta property=\"og:availability\" content=\"instock\" \/>\n<meta property=\"product:availability\" content=\"instock\" \/>\n<meta property=\"product:retailer_item_id\" content=\"BK-MS-0013\uff0d0014\" \/>\n<meta property=\"product:condition\" content=\"new\" \/>\n<!-- \/ Yoast SEO Premium plugin. -->","yoast_head_json":{"title":"Preto Lip Shell Beads - Artestar","description":"As contas pretas da concha labial s\u00e3o cinza-prateado em geral com destaques iridescentes, tem um acabamento suave e dur\u00e1vel.","robots":{"index":"index","follow":"follow","max-snippet":"max-snippet:-1","max-image-preview":"max-image-preview:large","max-video-preview":"max-video-preview:-1"},"canonical":"https:\/\/www.artestar.eu\/pt-pt\/atacado\/preto-labio-concha-contas-flor\/","og_locale":"pt_PT","og_type":"article","og_title":"L\u00e1bio de flor preta Shell Beads","og_description":"As contas pretas da concha labial s\u00e3o cinza-prateado em geral com destaques iridescentes, tem um acabamento suave e dur\u00e1vel.","og_url":"https:\/\/www.artestar.eu\/pt-pt\/atacado\/preto-labio-concha-contas-flor\/","og_site_name":"Artestar","article_publisher":"https:\/\/www.facebook.com\/ARTESTAREU","article_modified_time":"2023-10-17T05:24:25+00:00","og_image":[{"width":600,"height":600,"url":"https:\/\/www.artestar.eu\/wp-content\/uploads\/2023\/06\/plum-bossom-black-lip-shell-beads.jpg","type":"image\/jpeg"}],"twitter_card":"summary_large_image","twitter_misc":{"Availability":"Em estoque"},"schema":{"@context":"https:\/\/schema.org","@graph":[{"@type":"WebPage","@id":"https:\/\/www.artestar.eu\/pt-pt\/atacado\/preto-labio-concha-contas-flor\/","url":"https:\/\/www.artestar.eu\/pt-pt\/atacado\/preto-labio-concha-contas-flor\/","name":"Preto Lip Shell Beads - Artestar","isPartOf":{"@id":"https:\/\/www.artestar.eu\/pt-pt\/#website"},"datePublished":"2023-06-13T05:57:13+00:00","dateModified":"2023-10-17T05:24:25+00:00","description":"As contas pretas da concha labial s\u00e3o cinza-prateado em geral com destaques iridescentes, tem um acabamento suave e dur\u00e1vel.","breadcrumb":{"@id":"https:\/\/www.artestar.eu\/pt-pt\/atacado\/preto-labio-concha-contas-flor\/#breadcrumb"},"inLanguage":"pt-PT","potentialAction":[{"@type":"ReadAction","target":["https:\/\/www.artestar.eu\/pt-pt\/atacado\/preto-labio-concha-contas-flor\/"]}]},{"@type":"BreadcrumbList","@id":"https:\/\/www.artestar.eu\/pt-pt\/atacado\/preto-labio-concha-contas-flor\/#breadcrumb","itemListElement":[{"@type":"ListItem","position":1,"name":"Artestar","item":"https:\/\/www.artestar.eu\/pt-pt\/"},{"@type":"ListItem","position":2,"name":"Atacado","item":"https:\/\/www.artestar.eu\/pt-pt\/atacado\/"},{"@type":"ListItem","position":3,"name":"L\u00e1bio de flor preta Shell Beads"}]},{"@type":"WebSite","@id":"https:\/\/www.artestar.eu\/pt-pt\/#website","url":"https:\/\/www.artestar.eu\/pt-pt\/","name":"Artestar","description":"Mayorista en abalorios y joyer\u00eda","publisher":{"@id":"https:\/\/www.artestar.eu\/pt-pt\/#organization"},"alternateName":"Artestar-EU","potentialAction":[{"@type":"SearchAction","target":{"@type":"EntryPoint","urlTemplate":"https:\/\/www.artestar.eu\/pt-pt\/?s={search_term_string}"},"query-input":"required name=search_term_string"}],"inLanguage":"pt-PT"},{"@type":["Organization","Place"],"@id":"https:\/\/www.artestar.eu\/pt-pt\/#organization","name":"RUBY ABALORIO S.L.","alternateName":"Artestar","url":"https:\/\/www.artestar.eu\/pt-pt\/","logo":{"@id":"https:\/\/www.artestar.eu\/pt-pt\/atacado\/preto-labio-concha-contas-flor\/#local-main-organization-logo"},"image":{"@id":"https:\/\/www.artestar.eu\/pt-pt\/atacado\/preto-labio-concha-contas-flor\/#local-main-organization-logo"},"sameAs":["https:\/\/www.facebook.com\/ARTESTAREU","https:\/\/www.instagram.com\/artestareu\/","https:\/\/www.pinterest.es\/artestar_eu\/","https:\/\/www.tiktok.com\/@artestar_wholesale"],"openingHoursSpecification":[{"@type":"OpeningHoursSpecification","dayOfWeek":["Monday","Tuesday","Wednesday","Thursday","Friday","Saturday","Sunday"],"opens":"09:00","closes":"17:00"}]},{"@type":"ImageObject","inLanguage":"pt-PT","@id":"https:\/\/www.artestar.eu\/pt-pt\/atacado\/preto-labio-concha-contas-flor\/#local-main-organization-logo","url":"https:\/\/www.artestar.eu\/wp-content\/uploads\/2023\/05\/cropped-png.png","contentUrl":"https:\/\/www.artestar.eu\/wp-content\/uploads\/2023\/05\/cropped-png.png","width":512,"height":512,"caption":"RUBY ABALORIO S.L."}]},"og_availability":"instock","product_availability":"instock","product_retailer_item_id":"BK-MS-0013\uff0d0014","product_condition":"new"},"tiered_pricing_type":"fixed","tiered_pricing_fixed_rules":[],"tiered_pricing_percentage_rules":[],"tiered_pricing_minimum":null,"_administrator_tiered_pricing_type":"fixed","_administrator_tiered_pricing_fixed_rules":[],"_editor_tiered_pricing_type":"fixed","_editor_tiered_pricing_fixed_rules":[],"_author_tiered_pricing_type":"fixed","_author_tiered_pricing_fixed_rules":[],"_contributor_tiered_pricing_type":"fixed","_contributor_tiered_pricing_fixed_rules":[],"_subscriber_tiered_pricing_type":"fixed","_subscriber_tiered_pricing_fixed_rules":[],"_wpseo_manager_tiered_pricing_type":"fixed","_wpseo_manager_tiered_pricing_fixed_rules":[],"_wpseo_editor_tiered_pricing_type":"fixed","_wpseo_editor_tiered_pricing_fixed_rules":[],"_customer_tiered_pricing_type":"fixed","_customer_tiered_pricing_fixed_rules":[],"_shop_manager_tiered_pricing_type":"fixed","_shop_manager_tiered_pricing_fixed_rules":[],"_product_manager_tiered_pricing_type":"fixed","_product_manager_tiered_pricing_fixed_rules":[],"_links":{"self":[{"href":"https:\/\/www.artestar.eu\/pt-pt\/wp-json\/wp\/v2\/product\/27241"}],"collection":[{"href":"https:\/\/www.artestar.eu\/pt-pt\/wp-json\/wp\/v2\/product"}],"about":[{"href":"https:\/\/www.artestar.eu\/pt-pt\/wp-json\/wp\/v2\/types\/product"}],"replies":[{"embeddable":true,"href":"https:\/\/www.artestar.eu\/pt-pt\/wp-json\/wp\/v2\/comments?post=27241"}],"version-history":[{"count":2,"href":"https:\/\/www.artestar.eu\/pt-pt\/wp-json\/wp\/v2\/product\/27241\/revisions"}],"predecessor-version":[{"id":36683,"href":"https:\/\/www.artestar.eu\/pt-pt\/wp-json\/wp\/v2\/product\/27241\/revisions\/36683"}],"wp:featuredmedia":[{"embeddable":true,"href":"https:\/\/www.artestar.eu\/pt-pt\/wp-json\/wp\/v2\/media\/37542"}],"wp:attachment":[{"href":"https:\/\/www.artestar.eu\/pt-pt\/wp-json\/wp\/v2\/media?parent=27241"}],"wp:term":[{"taxonomy":"product_cat","embeddable":true,"href":"https:\/\/www.artestar.eu\/pt-pt\/wp-json\/wp\/v2\/product_cat?post=27241"},{"taxonomy":"product_tag","embeddable":true,"href":"https:\/\/www.artestar.eu\/pt-pt\/wp-json\/wp\/v2\/product_tag?post=27241"}],"curies":[{"name":"wp","href":"https:\/\/api.w.org\/{rel}","templated":true}]}}