{"id":27244,"date":"2023-06-02T02:17:36","date_gmt":"2023-06-02T02:17:36","guid":{"rendered":"https:\/\/www.artestar.eu\/al-por-mayor\/cierres-de-langosta-color-dorado\/"},"modified":"2023-10-25T03:46:47","modified_gmt":"2023-10-25T03:46:47","slug":"lagosta-fechos-dourado-cor","status":"publish","type":"product","link":"https:\/\/www.artestar.eu\/pt-pt\/atacado\/lagosta-fechos-dourado-cor\/","title":{"rendered":"Fechos de lagosta dourados"},"content":{"rendered":"<p>Fechos de lagosta dourada: 9 mm &#8211; 10 mm &#8211; 11 mm &#8211; 12 mm &#8211; 13 mm &#8211; 15 mm.<\/p>\n<ul>\n<li>As tampas de lagosta de a\u00e7o est\u00e3o dispon\u00edveis em uma ampla gama de tamanhos e t\u00eam um acabamento suave para um ajuste confort\u00e1vel.<\/li>\n<li>O fecho curvo de lagosta \u00e9 feito de a\u00e7o inoxid\u00e1vel de alta qualidade. Comparado com outras ligas met\u00e1licas, \u00e9 est\u00e1vel e resistente \u00e0 corros\u00e3o, dur\u00e1vel e duradouro. E com baixos custos de manuten\u00e7\u00e3o, \u00e9 ideal para muitos designs de joias.<\/li>\n<li>Os suportes de garra de lagosta s\u00e3o compactos e flex\u00edveis, facilitando o seu uso. \u00c9 f\u00e1cil de abrir e fechar. No final do fechamento da lagosta h\u00e1 um pequeno orif\u00edcio para roscar ou prender um anel dividido. Basta colocar um anel de crava\u00e7\u00e3o na parte inferior do fecho do gatilho do papagaio e fech\u00e1-lo com um alicate. Coloque alguma corrente e use-a como extensor, um acess\u00f3rio pr\u00e1tico para fazer bijuterias.<\/li>\n<li>As tampas de lagosta de a\u00e7o inoxid\u00e1vel t\u00eam uma ampla gama de usos, pode ser usada para reparar algumas joias existentes, acess\u00f3rios de bijuteria, etc. Tamb\u00e9m \u00e9 adequado para fazer pe\u00e7as criativas com an\u00e9is de salto, extens\u00f5es, correntes e outros acess\u00f3rios de a\u00e7o inoxid\u00e1vel e v\u00e1rios cristais de pedras preciosas, p\u00e9rolas e contas de concha DIY. Inclui brincos, pulseiras, tornozeleiras, colares, pingentes, correntes de cintura, ganchos de chaveiro, correntes de \u00f3culos e artesanato.<\/li>\n<li>Voc\u00ea pode dar o requintado DIY feito para a fam\u00edlia e amigos que amam artesanato, como eles s\u00e3o adequados para muitas ocasi\u00f5es. Como casamentos, A\u00e7\u00e3o de Gra\u00e7as, Natal, festas de anivers\u00e1rio, cerim\u00f4nias de formatura e muito mais. N\u00e3o \u00e9 apenas um presente agrad\u00e1vel, mas tamb\u00e9m uma mensagem maravilhosa de carinho e amor.<\/li>\n<\/ul>\n<p><img decoding=\"async\" class=\"alignnone size-full wp-image-5115\" src=\"https:\/\/www.artestar.eu%E2%80%8B%E2%80%8B%E2%80%8B%E2%80%8B\/wp-content\/uploads\/2023\/06\/stainless-steel-lobster-clasp-gold-parrot-trigger-locks.jpg\" alt=\"Fechos de lagosta dourados\" width=\"600\" height=\"600\" srcset=\"https:\/\/www.artestar.eu\/wp-content\/uploads\/2023\/06\/stainless-steel-lobster-clasp-gold-parrot-trigger-locks.jpg 600w, https:\/\/www.artestar.eu\/wp-content\/uploads\/2023\/06\/stainless-steel-lobster-clasp-gold-parrot-trigger-locks-300x300.jpg 300w, https:\/\/www.artestar.eu\/wp-content\/uploads\/2023\/06\/stainless-steel-lobster-clasp-gold-parrot-trigger-locks-150x150.jpg 150w, https:\/\/www.artestar.eu\/wp-content\/uploads\/2023\/06\/stainless-steel-lobster-clasp-gold-parrot-trigger-locks-450x450.jpg 450w, https:\/\/www.artestar.eu\/wp-content\/uploads\/2023\/06\/stainless-steel-lobster-clasp-gold-parrot-trigger-locks-54x54.jpg 54w\" sizes=\"(max-width: 600px) 100vw, 600px\" \/><\/p>\n<h5>Fechos de lagosta dourados<\/h5>\n<ul>\n<li>Cuidado: Estes acess\u00f3rios de a\u00e7o inoxid\u00e1vel s\u00e3o pe\u00e7as pequenas, por favor, mantenha fora do alcance das crian\u00e7as.<\/li>\n<li>Todos os nossos acess\u00f3rios em a\u00e7o inoxid\u00e1vel est\u00e3o dispon\u00edveis em duas cores, ouro e a\u00e7o. Cada um est\u00e1 dispon\u00edvel em tamanhos diferentes, em grandes quantidades e em tamanhos uniformes, dando-lhe liberdade para criar o seu acess\u00f3rio de joalharia favorito.<\/li>\n<\/ul>\n","protected":false},"excerpt":{"rendered":"<p><img decoding=\"async\" class=\"alignnone size-full wp-image-6375\" src=\"https:\/\/www.artestar.eu%E2%80%8B%E2%80%8B%E2%80%8B%E2%80%8B\/wp-content\/uploads\/2023\/06\/size-lobster-clasps-gold-7.jpg\" alt=\"Fechos de lagosta dourados\" width=\"1000\" height=\"180\" srcset=\"https:\/\/www.artestar.eu\/wp-content\/uploads\/2023\/06\/size-lobster-clasps-gold-7.jpg 1000w, https:\/\/www.artestar.eu\/wp-content\/uploads\/2023\/06\/size-lobster-clasps-gold-7-300x54.jpg 300w, https:\/\/www.artestar.eu\/wp-content\/uploads\/2023\/06\/size-lobster-clasps-gold-7-768x138.jpg 768w, https:\/\/www.artestar.eu\/wp-content\/uploads\/2023\/06\/size-lobster-clasps-gold-7-600x108.jpg 600w, https:\/\/www.artestar.eu\/wp-content\/uploads\/2023\/06\/size-lobster-clasps-gold-7-90x16.jpg 90w\" sizes=\"(max-width: 1000px) 100vw, 1000px\" \/>Quantidade aproximada<\/p>\n<ul>\n<li>Material: A\u00e7o Inoxid\u00e1vel<\/li>\n<li>Quer esteja a fabricar ou a usar joias, um broche de lagosta em a\u00e7o inoxid\u00e1vel \u00e9 uma pe\u00e7a pr\u00e1tica e fi\u00e1vel.<\/li>\n<\/ul>\n","protected":false},"featured_media":12605,"comment_status":"open","ping_status":"closed","template":"","meta":[],"product_cat":[2018,1681],"product_tag":[],"yoast_head":"<!-- This site is optimized with the Yoast SEO Premium plugin v20.5 (Yoast SEO v21.5) - https:\/\/yoast.com\/wordpress\/plugins\/seo\/ -->\n<title>Fechos de lagosta dourada - Artestar<\/title>\n<meta name=\"description\" content=\"O fecho de lagosta dourado pode ser usado para prender correntes, ajustar comprimentos e \u00e9 um \u00f3timo acess\u00f3rio para finalizar acess\u00f3rios.\" \/>\n<meta name=\"robots\" content=\"index, follow, max-snippet:-1, max-image-preview:large, max-video-preview:-1\" \/>\n<link rel=\"canonical\" href=\"https:\/\/www.artestar.eu\/pt-pt\/atacado\/lagosta-fechos-dourado-cor\/\" \/>\n<meta property=\"og:locale\" content=\"pt_PT\" \/>\n<meta property=\"og:type\" content=\"article\" \/>\n<meta property=\"og:title\" content=\"Fechos de lagosta dourados\" \/>\n<meta property=\"og:description\" content=\"O fecho de lagosta dourado pode ser usado para prender correntes, ajustar comprimentos e \u00e9 um \u00f3timo acess\u00f3rio para finalizar acess\u00f3rios.\" \/>\n<meta property=\"og:url\" content=\"https:\/\/www.artestar.eu\/pt-pt\/atacado\/lagosta-fechos-dourado-cor\/\" \/>\n<meta property=\"og:site_name\" content=\"Artestar\" \/>\n<meta property=\"article:publisher\" content=\"https:\/\/www.facebook.com\/ARTESTAREU\" \/>\n<meta property=\"article:modified_time\" content=\"2023-10-25T03:46:47+00:00\" \/>\n<meta property=\"og:image\" content=\"https:\/\/www.artestar.eu\/wp-content\/uploads\/2023\/06\/stainless-steel-lobster-clasp-gold.jpg\" \/>\n\t<meta property=\"og:image:width\" content=\"600\" \/>\n\t<meta property=\"og:image:height\" content=\"600\" \/>\n\t<meta property=\"og:image:type\" content=\"image\/jpeg\" \/>\n<meta name=\"twitter:card\" content=\"summary_large_image\" \/>\n<meta name=\"twitter:label1\" content=\"Availability\" \/>\n\t<meta name=\"twitter:data1\" content=\"Em estoque\" \/>\n<script type=\"application\/ld+json\" class=\"yoast-schema-graph\">{\"@context\":\"https:\/\/schema.org\",\"@graph\":[{\"@type\":\"WebPage\",\"@id\":\"https:\/\/www.artestar.eu\/pt-pt\/atacado\/lagosta-fechos-dourado-cor\/\",\"url\":\"https:\/\/www.artestar.eu\/pt-pt\/atacado\/lagosta-fechos-dourado-cor\/\",\"name\":\"Fechos de lagosta dourada - Artestar\",\"isPartOf\":{\"@id\":\"https:\/\/www.artestar.eu\/pt-pt\/#website\"},\"datePublished\":\"2023-06-02T02:17:36+00:00\",\"dateModified\":\"2023-10-25T03:46:47+00:00\",\"description\":\"O fecho de lagosta dourado pode ser usado para prender correntes, ajustar comprimentos e \u00e9 um \u00f3timo acess\u00f3rio para finalizar acess\u00f3rios.\",\"breadcrumb\":{\"@id\":\"https:\/\/www.artestar.eu\/pt-pt\/atacado\/lagosta-fechos-dourado-cor\/#breadcrumb\"},\"inLanguage\":\"pt-PT\",\"potentialAction\":[{\"@type\":\"ReadAction\",\"target\":[\"https:\/\/www.artestar.eu\/pt-pt\/atacado\/lagosta-fechos-dourado-cor\/\"]}]},{\"@type\":\"BreadcrumbList\",\"@id\":\"https:\/\/www.artestar.eu\/pt-pt\/atacado\/lagosta-fechos-dourado-cor\/#breadcrumb\",\"itemListElement\":[{\"@type\":\"ListItem\",\"position\":1,\"name\":\"Artestar\",\"item\":\"https:\/\/www.artestar.eu\/pt-pt\/\"},{\"@type\":\"ListItem\",\"position\":2,\"name\":\"Atacado\",\"item\":\"https:\/\/www.artestar.eu\/pt-pt\/atacado\/\"},{\"@type\":\"ListItem\",\"position\":3,\"name\":\"Fechos de lagosta dourados\"}]},{\"@type\":\"WebSite\",\"@id\":\"https:\/\/www.artestar.eu\/pt-pt\/#website\",\"url\":\"https:\/\/www.artestar.eu\/pt-pt\/\",\"name\":\"Artestar\",\"description\":\"Mayorista en abalorios y joyer\u00eda\",\"publisher\":{\"@id\":\"https:\/\/www.artestar.eu\/pt-pt\/#organization\"},\"alternateName\":\"Artestar-EU\",\"potentialAction\":[{\"@type\":\"SearchAction\",\"target\":{\"@type\":\"EntryPoint\",\"urlTemplate\":\"https:\/\/www.artestar.eu\/pt-pt\/?s={search_term_string}\"},\"query-input\":\"required name=search_term_string\"}],\"inLanguage\":\"pt-PT\"},{\"@type\":[\"Organization\",\"Place\"],\"@id\":\"https:\/\/www.artestar.eu\/pt-pt\/#organization\",\"name\":\"RUBY ABALORIO S.L.\",\"alternateName\":\"Artestar\",\"url\":\"https:\/\/www.artestar.eu\/pt-pt\/\",\"logo\":{\"@id\":\"https:\/\/www.artestar.eu\/pt-pt\/atacado\/lagosta-fechos-dourado-cor\/#local-main-organization-logo\"},\"image\":{\"@id\":\"https:\/\/www.artestar.eu\/pt-pt\/atacado\/lagosta-fechos-dourado-cor\/#local-main-organization-logo\"},\"sameAs\":[\"https:\/\/www.facebook.com\/ARTESTAREU\",\"https:\/\/www.instagram.com\/artestareu\/\",\"https:\/\/www.pinterest.es\/artestar_eu\/\",\"https:\/\/www.tiktok.com\/@artestar_wholesale\"],\"openingHoursSpecification\":[{\"@type\":\"OpeningHoursSpecification\",\"dayOfWeek\":[\"Monday\",\"Tuesday\",\"Wednesday\",\"Thursday\",\"Friday\",\"Saturday\",\"Sunday\"],\"opens\":\"09:00\",\"closes\":\"17:00\"}]},{\"@type\":\"ImageObject\",\"inLanguage\":\"pt-PT\",\"@id\":\"https:\/\/www.artestar.eu\/pt-pt\/atacado\/lagosta-fechos-dourado-cor\/#local-main-organization-logo\",\"url\":\"https:\/\/www.artestar.eu\/wp-content\/uploads\/2023\/05\/cropped-png.png\",\"contentUrl\":\"https:\/\/www.artestar.eu\/wp-content\/uploads\/2023\/05\/cropped-png.png\",\"width\":512,\"height\":512,\"caption\":\"RUBY ABALORIO S.L.\"}]}<\/script>\n<meta property=\"og:availability\" content=\"instock\" \/>\n<meta property=\"product:availability\" content=\"instock\" \/>\n<meta property=\"product:retailer_item_id\" content=\"BXG0009-0014\" \/>\n<meta property=\"product:condition\" content=\"new\" \/>\n<!-- \/ Yoast SEO Premium plugin. -->","yoast_head_json":{"title":"Fechos de lagosta dourada - Artestar","description":"O fecho de lagosta dourado pode ser usado para prender correntes, ajustar comprimentos e \u00e9 um \u00f3timo acess\u00f3rio para finalizar acess\u00f3rios.","robots":{"index":"index","follow":"follow","max-snippet":"max-snippet:-1","max-image-preview":"max-image-preview:large","max-video-preview":"max-video-preview:-1"},"canonical":"https:\/\/www.artestar.eu\/pt-pt\/atacado\/lagosta-fechos-dourado-cor\/","og_locale":"pt_PT","og_type":"article","og_title":"Fechos de lagosta dourados","og_description":"O fecho de lagosta dourado pode ser usado para prender correntes, ajustar comprimentos e \u00e9 um \u00f3timo acess\u00f3rio para finalizar acess\u00f3rios.","og_url":"https:\/\/www.artestar.eu\/pt-pt\/atacado\/lagosta-fechos-dourado-cor\/","og_site_name":"Artestar","article_publisher":"https:\/\/www.facebook.com\/ARTESTAREU","article_modified_time":"2023-10-25T03:46:47+00:00","og_image":[{"width":600,"height":600,"url":"https:\/\/www.artestar.eu\/wp-content\/uploads\/2023\/06\/stainless-steel-lobster-clasp-gold.jpg","type":"image\/jpeg"}],"twitter_card":"summary_large_image","twitter_misc":{"Availability":"Em estoque"},"schema":{"@context":"https:\/\/schema.org","@graph":[{"@type":"WebPage","@id":"https:\/\/www.artestar.eu\/pt-pt\/atacado\/lagosta-fechos-dourado-cor\/","url":"https:\/\/www.artestar.eu\/pt-pt\/atacado\/lagosta-fechos-dourado-cor\/","name":"Fechos de lagosta dourada - Artestar","isPartOf":{"@id":"https:\/\/www.artestar.eu\/pt-pt\/#website"},"datePublished":"2023-06-02T02:17:36+00:00","dateModified":"2023-10-25T03:46:47+00:00","description":"O fecho de lagosta dourado pode ser usado para prender correntes, ajustar comprimentos e \u00e9 um \u00f3timo acess\u00f3rio para finalizar acess\u00f3rios.","breadcrumb":{"@id":"https:\/\/www.artestar.eu\/pt-pt\/atacado\/lagosta-fechos-dourado-cor\/#breadcrumb"},"inLanguage":"pt-PT","potentialAction":[{"@type":"ReadAction","target":["https:\/\/www.artestar.eu\/pt-pt\/atacado\/lagosta-fechos-dourado-cor\/"]}]},{"@type":"BreadcrumbList","@id":"https:\/\/www.artestar.eu\/pt-pt\/atacado\/lagosta-fechos-dourado-cor\/#breadcrumb","itemListElement":[{"@type":"ListItem","position":1,"name":"Artestar","item":"https:\/\/www.artestar.eu\/pt-pt\/"},{"@type":"ListItem","position":2,"name":"Atacado","item":"https:\/\/www.artestar.eu\/pt-pt\/atacado\/"},{"@type":"ListItem","position":3,"name":"Fechos de lagosta dourados"}]},{"@type":"WebSite","@id":"https:\/\/www.artestar.eu\/pt-pt\/#website","url":"https:\/\/www.artestar.eu\/pt-pt\/","name":"Artestar","description":"Mayorista en abalorios y joyer\u00eda","publisher":{"@id":"https:\/\/www.artestar.eu\/pt-pt\/#organization"},"alternateName":"Artestar-EU","potentialAction":[{"@type":"SearchAction","target":{"@type":"EntryPoint","urlTemplate":"https:\/\/www.artestar.eu\/pt-pt\/?s={search_term_string}"},"query-input":"required name=search_term_string"}],"inLanguage":"pt-PT"},{"@type":["Organization","Place"],"@id":"https:\/\/www.artestar.eu\/pt-pt\/#organization","name":"RUBY ABALORIO S.L.","alternateName":"Artestar","url":"https:\/\/www.artestar.eu\/pt-pt\/","logo":{"@id":"https:\/\/www.artestar.eu\/pt-pt\/atacado\/lagosta-fechos-dourado-cor\/#local-main-organization-logo"},"image":{"@id":"https:\/\/www.artestar.eu\/pt-pt\/atacado\/lagosta-fechos-dourado-cor\/#local-main-organization-logo"},"sameAs":["https:\/\/www.facebook.com\/ARTESTAREU","https:\/\/www.instagram.com\/artestareu\/","https:\/\/www.pinterest.es\/artestar_eu\/","https:\/\/www.tiktok.com\/@artestar_wholesale"],"openingHoursSpecification":[{"@type":"OpeningHoursSpecification","dayOfWeek":["Monday","Tuesday","Wednesday","Thursday","Friday","Saturday","Sunday"],"opens":"09:00","closes":"17:00"}]},{"@type":"ImageObject","inLanguage":"pt-PT","@id":"https:\/\/www.artestar.eu\/pt-pt\/atacado\/lagosta-fechos-dourado-cor\/#local-main-organization-logo","url":"https:\/\/www.artestar.eu\/wp-content\/uploads\/2023\/05\/cropped-png.png","contentUrl":"https:\/\/www.artestar.eu\/wp-content\/uploads\/2023\/05\/cropped-png.png","width":512,"height":512,"caption":"RUBY ABALORIO S.L."}]},"og_availability":"instock","product_availability":"instock","product_retailer_item_id":"BXG0009-0014","product_condition":"new"},"tiered_pricing_type":"fixed","tiered_pricing_fixed_rules":[],"tiered_pricing_percentage_rules":[],"tiered_pricing_minimum":null,"_administrator_tiered_pricing_type":"fixed","_administrator_tiered_pricing_fixed_rules":[],"_editor_tiered_pricing_type":"fixed","_editor_tiered_pricing_fixed_rules":[],"_author_tiered_pricing_type":"fixed","_author_tiered_pricing_fixed_rules":[],"_contributor_tiered_pricing_type":"fixed","_contributor_tiered_pricing_fixed_rules":[],"_subscriber_tiered_pricing_type":"fixed","_subscriber_tiered_pricing_fixed_rules":[],"_wpseo_manager_tiered_pricing_type":"fixed","_wpseo_manager_tiered_pricing_fixed_rules":[],"_wpseo_editor_tiered_pricing_type":"fixed","_wpseo_editor_tiered_pricing_fixed_rules":[],"_customer_tiered_pricing_type":"fixed","_customer_tiered_pricing_fixed_rules":[],"_shop_manager_tiered_pricing_type":"fixed","_shop_manager_tiered_pricing_fixed_rules":[],"_product_manager_tiered_pricing_type":"fixed","_product_manager_tiered_pricing_fixed_rules":[],"_links":{"self":[{"href":"https:\/\/www.artestar.eu\/pt-pt\/wp-json\/wp\/v2\/product\/27244"}],"collection":[{"href":"https:\/\/www.artestar.eu\/pt-pt\/wp-json\/wp\/v2\/product"}],"about":[{"href":"https:\/\/www.artestar.eu\/pt-pt\/wp-json\/wp\/v2\/types\/product"}],"replies":[{"embeddable":true,"href":"https:\/\/www.artestar.eu\/pt-pt\/wp-json\/wp\/v2\/comments?post=27244"}],"version-history":[{"count":2,"href":"https:\/\/www.artestar.eu\/pt-pt\/wp-json\/wp\/v2\/product\/27244\/revisions"}],"predecessor-version":[{"id":37161,"href":"https:\/\/www.artestar.eu\/pt-pt\/wp-json\/wp\/v2\/product\/27244\/revisions\/37161"}],"wp:featuredmedia":[{"embeddable":true,"href":"https:\/\/www.artestar.eu\/pt-pt\/wp-json\/wp\/v2\/media\/12605"}],"wp:attachment":[{"href":"https:\/\/www.artestar.eu\/pt-pt\/wp-json\/wp\/v2\/media?parent=27244"}],"wp:term":[{"taxonomy":"product_cat","embeddable":true,"href":"https:\/\/www.artestar.eu\/pt-pt\/wp-json\/wp\/v2\/product_cat?post=27244"},{"taxonomy":"product_tag","embeddable":true,"href":"https:\/\/www.artestar.eu\/pt-pt\/wp-json\/wp\/v2\/product_tag?post=27244"}],"curies":[{"name":"wp","href":"https:\/\/api.w.org\/{rel}","templated":true}]}}