{"id":27309,"date":"2023-06-02T02:21:24","date_gmt":"2023-06-02T02:21:24","guid":{"rendered":"https:\/\/www.artestar.eu\/al-por-mayor\/separadores-perlas-cultivadas\/"},"modified":"2023-10-25T03:41:28","modified_gmt":"2023-10-25T03:41:28","slug":"separadores-perolas-cultivadas-2","status":"publish","type":"product","link":"https:\/\/www.artestar.eu\/pt-pt\/atacado\/separadores-perolas-cultivadas-2\/","title":{"rendered":"Separadores de p\u00e9rolas cultivadas"},"content":{"rendered":"<p>Separadores de p\u00e9rolas cultivados naturalmente: Os espa\u00e7adores naturais de madrep\u00e9rola v\u00eam em muitos tamanhos diferentes. Assim, voc\u00ea pode escolher o tamanho que melhor se adapta a voc\u00ea e DIY com qualquer estilo de joia que voc\u00ea quiser.<\/p>\n<ul>\n<li>As p\u00e9rolas cultivadas em \u00e1gua doce 100% naturais prov\u00eam de ostras e t\u00eam uma forma natural. Estas contas separadoras de p\u00e9rolas t\u00eam uma superf\u00edcie redonda e fresca e s\u00e3o muito confort\u00e1veis e elegantes de usar. Se voc\u00ea olhar de perto, ver\u00e1 tamb\u00e9m que as p\u00e9rolas cultivadas naturalmente t\u00eam uma textura \u00fanica que lhes d\u00e1 um toque elegante.<\/li>\n<li>Como essas p\u00e9rolas que temos s\u00e3o perfuradas, voc\u00ea n\u00e3o ter\u00e1 que se esfor\u00e7ar para perfur\u00e1-las. Voc\u00ea pode escolher entre diferentes tamanhos, formas e cores de p\u00e9rolas, com designs espa\u00e7adores espec\u00edficos, para criar pe\u00e7as \u00fanicas de joias. Assim, todos podem ter suas pr\u00f3prias joias de p\u00e9rolas especiais.<\/li>\n<li>Os separadores de p\u00e9rolas cultivadas em \u00e1gua doce s\u00e3o \u00f3timos acess\u00f3rios para artesanato. Quer se trate de um vestido de noite formal, um look casual para o dia-a-dia ou uma roupa de festa elegante, um separador de p\u00e9rolas adiciona um toque brilhante. Traz classe e eleg\u00e2ncia ao conjunto e adiciona um toque de grandeza ao seu senso de moda.<\/li>\n<li>Seja um anivers\u00e1rio, anivers\u00e1rio, casamento ou qualquer outra ocasi\u00e3o especial, um acess\u00f3rio da Pearl Bead Collection \u00e9 um presente precioso e significativo. Exprimem um carinho especial e votos de felicidades para com o destinat\u00e1rio e tornam-se um tesouro imperec\u00edvel.<\/li>\n<\/ul>\n<p><img decoding=\"async\" class=\"alignnone wp-image-8472 size-full\" src=\"https:\/\/www.artestar.eu%E2%80%8B%E2%80%8B%E2%80%8B%E2%80%8B\/wp-content\/uploads\/2023\/06\/freshwater-cultured-pearls-21.jpg\" alt=\"Separadores de p\u00e9rolas cultivados naturalmente\" width=\"600\" height=\"600\" srcset=\"https:\/\/www.artestar.eu\/wp-content\/uploads\/2023\/06\/freshwater-cultured-pearls-21.jpg 600w, https:\/\/www.artestar.eu\/wp-content\/uploads\/2023\/06\/freshwater-cultured-pearls-21-300x300.jpg 300w, https:\/\/www.artestar.eu\/wp-content\/uploads\/2023\/06\/freshwater-cultured-pearls-21-150x150.jpg 150w, https:\/\/www.artestar.eu\/wp-content\/uploads\/2023\/06\/freshwater-cultured-pearls-21-450x450.jpg 450w, https:\/\/www.artestar.eu\/wp-content\/uploads\/2023\/06\/freshwater-cultured-pearls-21-54x54.jpg 54w\" sizes=\"(max-width: 600px) 100vw, 600px\" \/><\/p>\n<h5>Separadores de p\u00e9rolas cultivados naturalmente<\/h5>\n<ul>\n<li>Todas as p\u00e9rolas cultivadas naturalmente s\u00e3o \u00fanicas. Devido \u00e0 ilumina\u00e7\u00e3o e \u00e0s configura\u00e7\u00f5es do computador, o produto recebido pode variar um pouco, leia os tamanhos dos diferentes separadores de p\u00e9rolas antes de comprar.<\/li>\n<li>Melhorar a mem\u00f3ria, ativando a produ\u00e7\u00e3o de fatores de crescimento nas c\u00e9lulas nervosas do c\u00e9rebro. E estimular a produ\u00e7\u00e3o de colag\u00e9nio, que regenera rapidamente a camada de pele do nosso corpo, fazendo-nos sentir bonitos e vibrantes.<\/li>\n<\/ul>\n","protected":false},"excerpt":{"rendered":"<p><img decoding=\"async\" class=\"alignnone size-full wp-image-8529\" src=\"https:\/\/www.artestar.eu%E2%80%8B%E2%80%8B%E2%80%8B%E2%80%8B\/wp-content\/uploads\/2023\/06\/cultured-pearl-spacers-2.jpg\" alt=\"Separadores de p\u00e9rolas cultivadas por tamanho\" width=\"1000\" height=\"180\" srcset=\"https:\/\/www.artestar.eu\/wp-content\/uploads\/2023\/06\/cultured-pearl-spacers-2.jpg 1000w, https:\/\/www.artestar.eu\/wp-content\/uploads\/2023\/06\/cultured-pearl-spacers-2-300x54.jpg 300w, https:\/\/www.artestar.eu\/wp-content\/uploads\/2023\/06\/cultured-pearl-spacers-2-768x138.jpg 768w, https:\/\/www.artestar.eu\/wp-content\/uploads\/2023\/06\/cultured-pearl-spacers-2-600x108.jpg 600w, https:\/\/www.artestar.eu\/wp-content\/uploads\/2023\/06\/cultured-pearl-spacers-2-90x16.jpg 90w\" sizes=\"(max-width: 1000px) 100vw, 1000px\" \/>Montante aproximado<\/p>\n<ul>\n<li>Material: P\u00e9rolas de \u00e1gua doce cultivadas naturalmente<\/li>\n<li>Usado para fazer colares, pulseiras e outras joias<\/li>\n<li>Todas as p\u00e9rolas cultivadas naturalmente s\u00e3o \u00fanicas.<\/li>\n<\/ul>\n","protected":false},"featured_media":12455,"comment_status":"open","ping_status":"closed","template":"","meta":[],"product_cat":[1498,1998,1524],"product_tag":[],"yoast_head":"<!-- This site is optimized with the Yoast SEO Premium plugin v20.5 (Yoast SEO v21.5) - https:\/\/yoast.com\/wordpress\/plugins\/seo\/ -->\n<title>Separadores de p\u00e9rolas cultivados naturais- Artestar<\/title>\n<meta name=\"description\" content=\"Os separadores de p\u00e9rolas cultivadas em \u00e1gua doce s\u00e3o \u00f3timos acess\u00f3rios para artesanato. Todas as p\u00e9rolas cultivadas naturalmente s\u00e3o \u00fanicas.\" \/>\n<meta name=\"robots\" content=\"index, follow, max-snippet:-1, max-image-preview:large, max-video-preview:-1\" \/>\n<link rel=\"canonical\" href=\"https:\/\/www.artestar.eu\/pt-pt\/atacado\/separadores-perolas-cultivadas-2\/\" \/>\n<meta property=\"og:locale\" content=\"pt_PT\" \/>\n<meta property=\"og:type\" content=\"article\" \/>\n<meta property=\"og:title\" content=\"Separadores de p\u00e9rolas cultivadas\" \/>\n<meta property=\"og:description\" content=\"Os separadores de p\u00e9rolas cultivadas em \u00e1gua doce s\u00e3o \u00f3timos acess\u00f3rios para artesanato. Todas as p\u00e9rolas cultivadas naturalmente s\u00e3o \u00fanicas.\" \/>\n<meta property=\"og:url\" content=\"https:\/\/www.artestar.eu\/pt-pt\/atacado\/separadores-perolas-cultivadas-2\/\" \/>\n<meta property=\"og:site_name\" content=\"Artestar\" \/>\n<meta property=\"article:publisher\" content=\"https:\/\/www.facebook.com\/ARTESTAREU\" \/>\n<meta property=\"article:modified_time\" content=\"2023-10-25T03:41:28+00:00\" \/>\n<meta property=\"og:image\" content=\"https:\/\/www.artestar.eu\/wp-content\/uploads\/2023\/06\/freshwater-cultured-pearls-1.jpg\" \/>\n\t<meta property=\"og:image:width\" content=\"600\" \/>\n\t<meta property=\"og:image:height\" content=\"600\" \/>\n\t<meta property=\"og:image:type\" content=\"image\/jpeg\" \/>\n<meta name=\"twitter:card\" content=\"summary_large_image\" \/>\n<meta name=\"twitter:label1\" content=\"Availability\" \/>\n\t<meta name=\"twitter:data1\" content=\"Em estoque\" \/>\n<script type=\"application\/ld+json\" class=\"yoast-schema-graph\">{\"@context\":\"https:\/\/schema.org\",\"@graph\":[{\"@type\":\"WebPage\",\"@id\":\"https:\/\/www.artestar.eu\/pt-pt\/atacado\/separadores-perolas-cultivadas-2\/\",\"url\":\"https:\/\/www.artestar.eu\/pt-pt\/atacado\/separadores-perolas-cultivadas-2\/\",\"name\":\"Separadores de p\u00e9rolas cultivados naturais- Artestar\",\"isPartOf\":{\"@id\":\"https:\/\/www.artestar.eu\/pt-pt\/#website\"},\"datePublished\":\"2023-06-02T02:21:24+00:00\",\"dateModified\":\"2023-10-25T03:41:28+00:00\",\"description\":\"Os separadores de p\u00e9rolas cultivadas em \u00e1gua doce s\u00e3o \u00f3timos acess\u00f3rios para artesanato. Todas as p\u00e9rolas cultivadas naturalmente s\u00e3o \u00fanicas.\",\"breadcrumb\":{\"@id\":\"https:\/\/www.artestar.eu\/pt-pt\/atacado\/separadores-perolas-cultivadas-2\/#breadcrumb\"},\"inLanguage\":\"pt-PT\",\"potentialAction\":[{\"@type\":\"ReadAction\",\"target\":[\"https:\/\/www.artestar.eu\/pt-pt\/atacado\/separadores-perolas-cultivadas-2\/\"]}]},{\"@type\":\"BreadcrumbList\",\"@id\":\"https:\/\/www.artestar.eu\/pt-pt\/atacado\/separadores-perolas-cultivadas-2\/#breadcrumb\",\"itemListElement\":[{\"@type\":\"ListItem\",\"position\":1,\"name\":\"Artestar\",\"item\":\"https:\/\/www.artestar.eu\/pt-pt\/\"},{\"@type\":\"ListItem\",\"position\":2,\"name\":\"Atacado\",\"item\":\"https:\/\/www.artestar.eu\/pt-pt\/atacado\/\"},{\"@type\":\"ListItem\",\"position\":3,\"name\":\"Separadores de p\u00e9rolas cultivadas\"}]},{\"@type\":\"WebSite\",\"@id\":\"https:\/\/www.artestar.eu\/pt-pt\/#website\",\"url\":\"https:\/\/www.artestar.eu\/pt-pt\/\",\"name\":\"Artestar\",\"description\":\"Mayorista en abalorios y joyer\u00eda\",\"publisher\":{\"@id\":\"https:\/\/www.artestar.eu\/pt-pt\/#organization\"},\"alternateName\":\"Artestar-EU\",\"potentialAction\":[{\"@type\":\"SearchAction\",\"target\":{\"@type\":\"EntryPoint\",\"urlTemplate\":\"https:\/\/www.artestar.eu\/pt-pt\/?s={search_term_string}\"},\"query-input\":\"required name=search_term_string\"}],\"inLanguage\":\"pt-PT\"},{\"@type\":[\"Organization\",\"Place\"],\"@id\":\"https:\/\/www.artestar.eu\/pt-pt\/#organization\",\"name\":\"RUBY ABALORIO S.L.\",\"alternateName\":\"Artestar\",\"url\":\"https:\/\/www.artestar.eu\/pt-pt\/\",\"logo\":{\"@id\":\"https:\/\/www.artestar.eu\/pt-pt\/atacado\/separadores-perolas-cultivadas-2\/#local-main-organization-logo\"},\"image\":{\"@id\":\"https:\/\/www.artestar.eu\/pt-pt\/atacado\/separadores-perolas-cultivadas-2\/#local-main-organization-logo\"},\"sameAs\":[\"https:\/\/www.facebook.com\/ARTESTAREU\",\"https:\/\/www.instagram.com\/artestareu\/\",\"https:\/\/www.pinterest.es\/artestar_eu\/\",\"https:\/\/www.tiktok.com\/@artestar_wholesale\"],\"openingHoursSpecification\":[{\"@type\":\"OpeningHoursSpecification\",\"dayOfWeek\":[\"Monday\",\"Tuesday\",\"Wednesday\",\"Thursday\",\"Friday\",\"Saturday\",\"Sunday\"],\"opens\":\"09:00\",\"closes\":\"17:00\"}]},{\"@type\":\"ImageObject\",\"inLanguage\":\"pt-PT\",\"@id\":\"https:\/\/www.artestar.eu\/pt-pt\/atacado\/separadores-perolas-cultivadas-2\/#local-main-organization-logo\",\"url\":\"https:\/\/www.artestar.eu\/wp-content\/uploads\/2023\/05\/cropped-png.png\",\"contentUrl\":\"https:\/\/www.artestar.eu\/wp-content\/uploads\/2023\/05\/cropped-png.png\",\"width\":512,\"height\":512,\"caption\":\"RUBY ABALORIO S.L.\"}]}<\/script>\n<meta property=\"og:availability\" content=\"instock\" \/>\n<meta property=\"product:availability\" content=\"instock\" \/>\n<meta property=\"product:retailer_item_id\" content=\"ZZ-GZ-0001-0004\" \/>\n<meta property=\"product:condition\" content=\"new\" \/>\n<!-- \/ Yoast SEO Premium plugin. -->","yoast_head_json":{"title":"Separadores de p\u00e9rolas cultivados naturais- Artestar","description":"Os separadores de p\u00e9rolas cultivadas em \u00e1gua doce s\u00e3o \u00f3timos acess\u00f3rios para artesanato. Todas as p\u00e9rolas cultivadas naturalmente s\u00e3o \u00fanicas.","robots":{"index":"index","follow":"follow","max-snippet":"max-snippet:-1","max-image-preview":"max-image-preview:large","max-video-preview":"max-video-preview:-1"},"canonical":"https:\/\/www.artestar.eu\/pt-pt\/atacado\/separadores-perolas-cultivadas-2\/","og_locale":"pt_PT","og_type":"article","og_title":"Separadores de p\u00e9rolas cultivadas","og_description":"Os separadores de p\u00e9rolas cultivadas em \u00e1gua doce s\u00e3o \u00f3timos acess\u00f3rios para artesanato. Todas as p\u00e9rolas cultivadas naturalmente s\u00e3o \u00fanicas.","og_url":"https:\/\/www.artestar.eu\/pt-pt\/atacado\/separadores-perolas-cultivadas-2\/","og_site_name":"Artestar","article_publisher":"https:\/\/www.facebook.com\/ARTESTAREU","article_modified_time":"2023-10-25T03:41:28+00:00","og_image":[{"width":600,"height":600,"url":"https:\/\/www.artestar.eu\/wp-content\/uploads\/2023\/06\/freshwater-cultured-pearls-1.jpg","type":"image\/jpeg"}],"twitter_card":"summary_large_image","twitter_misc":{"Availability":"Em estoque"},"schema":{"@context":"https:\/\/schema.org","@graph":[{"@type":"WebPage","@id":"https:\/\/www.artestar.eu\/pt-pt\/atacado\/separadores-perolas-cultivadas-2\/","url":"https:\/\/www.artestar.eu\/pt-pt\/atacado\/separadores-perolas-cultivadas-2\/","name":"Separadores de p\u00e9rolas cultivados naturais- Artestar","isPartOf":{"@id":"https:\/\/www.artestar.eu\/pt-pt\/#website"},"datePublished":"2023-06-02T02:21:24+00:00","dateModified":"2023-10-25T03:41:28+00:00","description":"Os separadores de p\u00e9rolas cultivadas em \u00e1gua doce s\u00e3o \u00f3timos acess\u00f3rios para artesanato. Todas as p\u00e9rolas cultivadas naturalmente s\u00e3o \u00fanicas.","breadcrumb":{"@id":"https:\/\/www.artestar.eu\/pt-pt\/atacado\/separadores-perolas-cultivadas-2\/#breadcrumb"},"inLanguage":"pt-PT","potentialAction":[{"@type":"ReadAction","target":["https:\/\/www.artestar.eu\/pt-pt\/atacado\/separadores-perolas-cultivadas-2\/"]}]},{"@type":"BreadcrumbList","@id":"https:\/\/www.artestar.eu\/pt-pt\/atacado\/separadores-perolas-cultivadas-2\/#breadcrumb","itemListElement":[{"@type":"ListItem","position":1,"name":"Artestar","item":"https:\/\/www.artestar.eu\/pt-pt\/"},{"@type":"ListItem","position":2,"name":"Atacado","item":"https:\/\/www.artestar.eu\/pt-pt\/atacado\/"},{"@type":"ListItem","position":3,"name":"Separadores de p\u00e9rolas cultivadas"}]},{"@type":"WebSite","@id":"https:\/\/www.artestar.eu\/pt-pt\/#website","url":"https:\/\/www.artestar.eu\/pt-pt\/","name":"Artestar","description":"Mayorista en abalorios y joyer\u00eda","publisher":{"@id":"https:\/\/www.artestar.eu\/pt-pt\/#organization"},"alternateName":"Artestar-EU","potentialAction":[{"@type":"SearchAction","target":{"@type":"EntryPoint","urlTemplate":"https:\/\/www.artestar.eu\/pt-pt\/?s={search_term_string}"},"query-input":"required name=search_term_string"}],"inLanguage":"pt-PT"},{"@type":["Organization","Place"],"@id":"https:\/\/www.artestar.eu\/pt-pt\/#organization","name":"RUBY ABALORIO S.L.","alternateName":"Artestar","url":"https:\/\/www.artestar.eu\/pt-pt\/","logo":{"@id":"https:\/\/www.artestar.eu\/pt-pt\/atacado\/separadores-perolas-cultivadas-2\/#local-main-organization-logo"},"image":{"@id":"https:\/\/www.artestar.eu\/pt-pt\/atacado\/separadores-perolas-cultivadas-2\/#local-main-organization-logo"},"sameAs":["https:\/\/www.facebook.com\/ARTESTAREU","https:\/\/www.instagram.com\/artestareu\/","https:\/\/www.pinterest.es\/artestar_eu\/","https:\/\/www.tiktok.com\/@artestar_wholesale"],"openingHoursSpecification":[{"@type":"OpeningHoursSpecification","dayOfWeek":["Monday","Tuesday","Wednesday","Thursday","Friday","Saturday","Sunday"],"opens":"09:00","closes":"17:00"}]},{"@type":"ImageObject","inLanguage":"pt-PT","@id":"https:\/\/www.artestar.eu\/pt-pt\/atacado\/separadores-perolas-cultivadas-2\/#local-main-organization-logo","url":"https:\/\/www.artestar.eu\/wp-content\/uploads\/2023\/05\/cropped-png.png","contentUrl":"https:\/\/www.artestar.eu\/wp-content\/uploads\/2023\/05\/cropped-png.png","width":512,"height":512,"caption":"RUBY ABALORIO S.L."}]},"og_availability":"instock","product_availability":"instock","product_retailer_item_id":"ZZ-GZ-0001-0004","product_condition":"new"},"tiered_pricing_type":"fixed","tiered_pricing_fixed_rules":[],"tiered_pricing_percentage_rules":[],"tiered_pricing_minimum":null,"_administrator_tiered_pricing_type":"fixed","_administrator_tiered_pricing_fixed_rules":[],"_editor_tiered_pricing_type":"fixed","_editor_tiered_pricing_fixed_rules":[],"_author_tiered_pricing_type":"fixed","_author_tiered_pricing_fixed_rules":[],"_contributor_tiered_pricing_type":"fixed","_contributor_tiered_pricing_fixed_rules":[],"_subscriber_tiered_pricing_type":"fixed","_subscriber_tiered_pricing_fixed_rules":[],"_wpseo_manager_tiered_pricing_type":"fixed","_wpseo_manager_tiered_pricing_fixed_rules":[],"_wpseo_editor_tiered_pricing_type":"fixed","_wpseo_editor_tiered_pricing_fixed_rules":[],"_customer_tiered_pricing_type":"fixed","_customer_tiered_pricing_fixed_rules":[],"_shop_manager_tiered_pricing_type":"fixed","_shop_manager_tiered_pricing_fixed_rules":[],"_product_manager_tiered_pricing_type":"fixed","_product_manager_tiered_pricing_fixed_rules":[],"_links":{"self":[{"href":"https:\/\/www.artestar.eu\/pt-pt\/wp-json\/wp\/v2\/product\/27309"}],"collection":[{"href":"https:\/\/www.artestar.eu\/pt-pt\/wp-json\/wp\/v2\/product"}],"about":[{"href":"https:\/\/www.artestar.eu\/pt-pt\/wp-json\/wp\/v2\/types\/product"}],"replies":[{"embeddable":true,"href":"https:\/\/www.artestar.eu\/pt-pt\/wp-json\/wp\/v2\/comments?post=27309"}],"version-history":[{"count":2,"href":"https:\/\/www.artestar.eu\/pt-pt\/wp-json\/wp\/v2\/product\/27309\/revisions"}],"predecessor-version":[{"id":33826,"href":"https:\/\/www.artestar.eu\/pt-pt\/wp-json\/wp\/v2\/product\/27309\/revisions\/33826"}],"wp:featuredmedia":[{"embeddable":true,"href":"https:\/\/www.artestar.eu\/pt-pt\/wp-json\/wp\/v2\/media\/12455"}],"wp:attachment":[{"href":"https:\/\/www.artestar.eu\/pt-pt\/wp-json\/wp\/v2\/media?parent=27309"}],"wp:term":[{"taxonomy":"product_cat","embeddable":true,"href":"https:\/\/www.artestar.eu\/pt-pt\/wp-json\/wp\/v2\/product_cat?post=27309"},{"taxonomy":"product_tag","embeddable":true,"href":"https:\/\/www.artestar.eu\/pt-pt\/wp-json\/wp\/v2\/product_tag?post=27309"}],"curies":[{"name":"wp","href":"https:\/\/api.w.org\/{rel}","templated":true}]}}