{"id":27431,"date":"2023-06-02T05:24:41","date_gmt":"2023-06-02T05:24:41","guid":{"rendered":"https:\/\/www.artestar.eu\/al-por-mayor\/perlas-barrocas-cultivadas-edison\/"},"modified":"2023-10-26T05:37:07","modified_gmt":"2023-10-26T05:37:07","slug":"perlas-barrocas-cultivadas-edison","status":"publish","type":"product","link":"https:\/\/www.artestar.eu\/pt-pt\/atacado\/perlas-barrocas-cultivadas-edison\/","title":{"rendered":"Edison cultivou p\u00e9rolas barrocas"},"content":{"rendered":"<p>Perlas barrocas cultivadas edison blanco: Las perlas de n\u00e1car barrocas naturales tienen una forma irregular y caracter\u00edstica. Podem assumir v\u00e1rias formas, como solavancos irregulares, formas achatadas ou contornos naturais irregulares.<\/p>\n<ul>\n<li>As p\u00e9rolas barrocas, cultivadas 100% em \u00e1gua doce de ostras, s\u00e3o apreciadas pela sua beleza natural e org\u00e2nica. Apresentam formas distintas, texturas superficiais e contornos que carregam um charme e personalidade \u00fanicos. H\u00e1 tamb\u00e9m uma grande variedade de cores, como branco e rosa.<\/li>\n<li>Como essas p\u00e9rolas da nossa cole\u00e7\u00e3o s\u00e3o perfur\u00e1veis, voc\u00ea n\u00e3o ter\u00e1 que se esfor\u00e7ar para perfur\u00e1-las. Gra\u00e7as \u00e0 sua forma \u00fanica, as p\u00e9rolas barrocas oferecem ainda mais espa\u00e7o para a criatividade no design de joias. Os designers podem criar pe\u00e7as \u00fanicas e individuais com base na forma e apar\u00eancia das p\u00e9rolas. Portanto, as p\u00e9rolas barrocas s\u00e3o uma escolha \u00fanica, art\u00edstica e elegante.<\/li>\n<li>P\u00e9rolas de \u00e1gua doce cultivadas barrocas s\u00e3o magn\u00edficos acess\u00f3rios de artesanato. Essas p\u00e9rolas podem ser usadas em uma variedade de cria\u00e7\u00f5es de joias, como colares, pulseiras, pingentes, brincos e an\u00e9is. A sua forma e apar\u00eancia \u00fanicas podem adicionar um toque chique e elegante a uma pe\u00e7a de joia.<\/li>\n<li>Seja um anivers\u00e1rio, anivers\u00e1rio, casamento ou outra ocasi\u00e3o especial, as joias da cole\u00e7\u00e3o Baroque Pearls s\u00e3o um belo presente cheio de significado. Eles expressam um sentimento especial e bons desejos para o destinat\u00e1rio e se tornam um tesouro atemporal.<\/li>\n<\/ul>\n<div id=\"attachment_12675\" style=\"width: 610px\" class=\"wp-caption alignnone\"><img aria-describedby=\"caption-attachment-12675\" decoding=\"async\" class=\"wp-image-5149 size-full\" src=\"https:\/\/www.artestar.eu%E2%80%8B%E2%80%8B%E2%80%8B%E2%80%8B\/wp-content\/uploads\/2023\/06\/cultured-pearls.jpg\" alt=\"Perlas barrocas cultivadas edison \/blanco\" width=\"600\" height=\"600\" srcset=\"https:\/\/www.artestar.eu\/wp-content\/uploads\/2023\/06\/cultured-pearls.jpg 600w, https:\/\/www.artestar.eu\/wp-content\/uploads\/2023\/06\/cultured-pearls-300x300.jpg 300w, https:\/\/www.artestar.eu\/wp-content\/uploads\/2023\/06\/cultured-pearls-150x150.jpg 150w, https:\/\/www.artestar.eu\/wp-content\/uploads\/2023\/06\/cultured-pearls-450x450.jpg 450w, https:\/\/www.artestar.eu\/wp-content\/uploads\/2023\/06\/cultured-pearls-54x54.jpg 54w\" sizes=\"(max-width: 600px) 100vw, 600px\" \/><p id=\"caption-attachment-12675\" class=\"wp-caption-text\">Perlas barrocas cultivadas edison blanco<\/p><\/div>\n<ul>\n<li>Todas as p\u00e9rolas cultivadas naturalmente s\u00e3o \u00fanicas. Devido \u00e0s configura\u00e7\u00f5es de ilumina\u00e7\u00e3o e computador, o produto recebido pode variar ligeiramente, por favor, leia os tamanhos das diferentes p\u00e9rolas barrocas antes de comprar.<\/li>\n<\/ul>\n","protected":false},"excerpt":{"rendered":"<ul>\n<li>Casi redondeado: aprox. \u220510 mm<\/li>\n<li>Quantidade: aprox. 31pcs.<\/li>\n<li>Material: p\u00e9rolas de \u00e1gua doce cultivadas naturalmente<\/li>\n<li>Usado para fazer colares, pulseiras e outras joias<\/li>\n<\/ul>\n","protected":false},"featured_media":12660,"comment_status":"open","ping_status":"closed","template":"","meta":[],"product_cat":[1498,1998,1524],"product_tag":[],"yoast_head":"<!-- This site is optimized with the Yoast SEO Premium plugin v20.5 (Yoast SEO v21.5) - https:\/\/yoast.com\/wordpress\/plugins\/seo\/ -->\n<title>Perlas barrocas cultivadas edison blanco - Artestar<\/title>\n<meta name=\"description\" content=\"As p\u00e9rolas de \u00e1gua doce cultivadas pelo barroco s\u00e3o \u00f3timos acess\u00f3rios para o artesanato. Todas as p\u00e9rolas cultivadas naturalmente s\u00e3o \u00fanicas.\" \/>\n<meta name=\"robots\" content=\"index, follow, max-snippet:-1, max-image-preview:large, max-video-preview:-1\" \/>\n<link rel=\"canonical\" href=\"https:\/\/www.artestar.eu\/pt-pt\/atacado\/perlas-barrocas-cultivadas-edison\/\" \/>\n<meta property=\"og:locale\" content=\"pt_PT\" \/>\n<meta property=\"og:type\" content=\"article\" \/>\n<meta property=\"og:title\" content=\"Edison cultivou p\u00e9rolas barrocas\" \/>\n<meta property=\"og:description\" content=\"As p\u00e9rolas de \u00e1gua doce cultivadas pelo barroco s\u00e3o \u00f3timos acess\u00f3rios para o artesanato. Todas as p\u00e9rolas cultivadas naturalmente s\u00e3o \u00fanicas.\" \/>\n<meta property=\"og:url\" content=\"https:\/\/www.artestar.eu\/pt-pt\/atacado\/perlas-barrocas-cultivadas-edison\/\" \/>\n<meta property=\"og:site_name\" content=\"Artestar\" \/>\n<meta property=\"article:publisher\" content=\"https:\/\/www.facebook.com\/ARTESTAREU\" \/>\n<meta property=\"article:modified_time\" content=\"2023-10-26T05:37:07+00:00\" \/>\n<meta property=\"og:image\" content=\"https:\/\/www.artestar.eu\/wp-content\/uploads\/2023\/06\/freshwater-cultured-pearls-5.jpg\" \/>\n\t<meta property=\"og:image:width\" content=\"600\" \/>\n\t<meta property=\"og:image:height\" content=\"600\" \/>\n\t<meta property=\"og:image:type\" content=\"image\/jpeg\" \/>\n<meta name=\"twitter:card\" content=\"summary_large_image\" \/>\n<meta name=\"twitter:label1\" content=\"pre\u00e7o\" \/>\n\t<meta name=\"twitter:data1\" content=\"21,61&nbsp;&euro; (IVA N\u00c3O inclu\u00eddo)\" \/>\n\t<meta name=\"twitter:label2\" content=\"Availability\" \/>\n\t<meta name=\"twitter:data2\" content=\"Em estoque\" \/>\n<script type=\"application\/ld+json\" class=\"yoast-schema-graph\">{\"@context\":\"https:\/\/schema.org\",\"@graph\":[{\"@type\":\"WebPage\",\"@id\":\"https:\/\/www.artestar.eu\/pt-pt\/atacado\/perlas-barrocas-cultivadas-edison\/\",\"url\":\"https:\/\/www.artestar.eu\/pt-pt\/atacado\/perlas-barrocas-cultivadas-edison\/\",\"name\":\"Perlas barrocas cultivadas edison blanco - Artestar\",\"isPartOf\":{\"@id\":\"https:\/\/www.artestar.eu\/pt-pt\/#website\"},\"datePublished\":\"2023-06-02T05:24:41+00:00\",\"dateModified\":\"2023-10-26T05:37:07+00:00\",\"description\":\"As p\u00e9rolas de \u00e1gua doce cultivadas pelo barroco s\u00e3o \u00f3timos acess\u00f3rios para o artesanato. Todas as p\u00e9rolas cultivadas naturalmente s\u00e3o \u00fanicas.\",\"breadcrumb\":{\"@id\":\"https:\/\/www.artestar.eu\/pt-pt\/atacado\/perlas-barrocas-cultivadas-edison\/#breadcrumb\"},\"inLanguage\":\"pt-PT\",\"potentialAction\":[{\"@type\":\"ReadAction\",\"target\":[\"https:\/\/www.artestar.eu\/pt-pt\/atacado\/perlas-barrocas-cultivadas-edison\/\"]}]},{\"@type\":\"BreadcrumbList\",\"@id\":\"https:\/\/www.artestar.eu\/pt-pt\/atacado\/perlas-barrocas-cultivadas-edison\/#breadcrumb\",\"itemListElement\":[{\"@type\":\"ListItem\",\"position\":1,\"name\":\"Artestar\",\"item\":\"https:\/\/www.artestar.eu\/pt-pt\/\"},{\"@type\":\"ListItem\",\"position\":2,\"name\":\"Atacado\",\"item\":\"https:\/\/www.artestar.eu\/pt-pt\/atacado\/\"},{\"@type\":\"ListItem\",\"position\":3,\"name\":\"Edison cultivou p\u00e9rolas barrocas\"}]},{\"@type\":\"WebSite\",\"@id\":\"https:\/\/www.artestar.eu\/pt-pt\/#website\",\"url\":\"https:\/\/www.artestar.eu\/pt-pt\/\",\"name\":\"Artestar\",\"description\":\"Mayorista en abalorios y joyer\u00eda\",\"publisher\":{\"@id\":\"https:\/\/www.artestar.eu\/pt-pt\/#organization\"},\"alternateName\":\"Artestar-EU\",\"potentialAction\":[{\"@type\":\"SearchAction\",\"target\":{\"@type\":\"EntryPoint\",\"urlTemplate\":\"https:\/\/www.artestar.eu\/pt-pt\/?s={search_term_string}\"},\"query-input\":\"required name=search_term_string\"}],\"inLanguage\":\"pt-PT\"},{\"@type\":[\"Organization\",\"Place\"],\"@id\":\"https:\/\/www.artestar.eu\/pt-pt\/#organization\",\"name\":\"RUBY ABALORIO S.L.\",\"alternateName\":\"Artestar\",\"url\":\"https:\/\/www.artestar.eu\/pt-pt\/\",\"logo\":{\"@id\":\"https:\/\/www.artestar.eu\/pt-pt\/atacado\/perlas-barrocas-cultivadas-edison\/#local-main-organization-logo\"},\"image\":{\"@id\":\"https:\/\/www.artestar.eu\/pt-pt\/atacado\/perlas-barrocas-cultivadas-edison\/#local-main-organization-logo\"},\"sameAs\":[\"https:\/\/www.facebook.com\/ARTESTAREU\",\"https:\/\/www.instagram.com\/artestareu\/\",\"https:\/\/www.pinterest.es\/artestar_eu\/\",\"https:\/\/www.tiktok.com\/@artestar_wholesale\"],\"openingHoursSpecification\":[{\"@type\":\"OpeningHoursSpecification\",\"dayOfWeek\":[\"Monday\",\"Tuesday\",\"Wednesday\",\"Thursday\",\"Friday\",\"Saturday\",\"Sunday\"],\"opens\":\"09:00\",\"closes\":\"17:00\"}]},{\"@type\":\"ImageObject\",\"inLanguage\":\"pt-PT\",\"@id\":\"https:\/\/www.artestar.eu\/pt-pt\/atacado\/perlas-barrocas-cultivadas-edison\/#local-main-organization-logo\",\"url\":\"https:\/\/www.artestar.eu\/wp-content\/uploads\/2023\/05\/cropped-png.png\",\"contentUrl\":\"https:\/\/www.artestar.eu\/wp-content\/uploads\/2023\/05\/cropped-png.png\",\"width\":512,\"height\":512,\"caption\":\"RUBY ABALORIO S.L.\"}]}<\/script>\n<meta property=\"product:price:amount\" content=\"21.61\" \/>\n<meta property=\"product:price:currency\" content=\"EUR\" \/>\n<meta property=\"og:availability\" content=\"instock\" \/>\n<meta property=\"product:availability\" content=\"instock\" \/>\n<meta property=\"product:retailer_item_id\" content=\"ZZ-YX-0009\" \/>\n<meta property=\"product:condition\" content=\"new\" \/>\n<!-- \/ Yoast SEO Premium plugin. -->","yoast_head_json":{"title":"Perlas barrocas cultivadas edison blanco - Artestar","description":"As p\u00e9rolas de \u00e1gua doce cultivadas pelo barroco s\u00e3o \u00f3timos acess\u00f3rios para o artesanato. Todas as p\u00e9rolas cultivadas naturalmente s\u00e3o \u00fanicas.","robots":{"index":"index","follow":"follow","max-snippet":"max-snippet:-1","max-image-preview":"max-image-preview:large","max-video-preview":"max-video-preview:-1"},"canonical":"https:\/\/www.artestar.eu\/pt-pt\/atacado\/perlas-barrocas-cultivadas-edison\/","og_locale":"pt_PT","og_type":"article","og_title":"Edison cultivou p\u00e9rolas barrocas","og_description":"As p\u00e9rolas de \u00e1gua doce cultivadas pelo barroco s\u00e3o \u00f3timos acess\u00f3rios para o artesanato. Todas as p\u00e9rolas cultivadas naturalmente s\u00e3o \u00fanicas.","og_url":"https:\/\/www.artestar.eu\/pt-pt\/atacado\/perlas-barrocas-cultivadas-edison\/","og_site_name":"Artestar","article_publisher":"https:\/\/www.facebook.com\/ARTESTAREU","article_modified_time":"2023-10-26T05:37:07+00:00","og_image":[{"width":600,"height":600,"url":"https:\/\/www.artestar.eu\/wp-content\/uploads\/2023\/06\/freshwater-cultured-pearls-5.jpg","type":"image\/jpeg"}],"twitter_card":"summary_large_image","twitter_misc":{"pre\u00e7o":"21,61&nbsp;&euro; (IVA N\u00c3O inclu\u00eddo)","Availability":"Em estoque"},"schema":{"@context":"https:\/\/schema.org","@graph":[{"@type":"WebPage","@id":"https:\/\/www.artestar.eu\/pt-pt\/atacado\/perlas-barrocas-cultivadas-edison\/","url":"https:\/\/www.artestar.eu\/pt-pt\/atacado\/perlas-barrocas-cultivadas-edison\/","name":"Perlas barrocas cultivadas edison blanco - Artestar","isPartOf":{"@id":"https:\/\/www.artestar.eu\/pt-pt\/#website"},"datePublished":"2023-06-02T05:24:41+00:00","dateModified":"2023-10-26T05:37:07+00:00","description":"As p\u00e9rolas de \u00e1gua doce cultivadas pelo barroco s\u00e3o \u00f3timos acess\u00f3rios para o artesanato. Todas as p\u00e9rolas cultivadas naturalmente s\u00e3o \u00fanicas.","breadcrumb":{"@id":"https:\/\/www.artestar.eu\/pt-pt\/atacado\/perlas-barrocas-cultivadas-edison\/#breadcrumb"},"inLanguage":"pt-PT","potentialAction":[{"@type":"ReadAction","target":["https:\/\/www.artestar.eu\/pt-pt\/atacado\/perlas-barrocas-cultivadas-edison\/"]}]},{"@type":"BreadcrumbList","@id":"https:\/\/www.artestar.eu\/pt-pt\/atacado\/perlas-barrocas-cultivadas-edison\/#breadcrumb","itemListElement":[{"@type":"ListItem","position":1,"name":"Artestar","item":"https:\/\/www.artestar.eu\/pt-pt\/"},{"@type":"ListItem","position":2,"name":"Atacado","item":"https:\/\/www.artestar.eu\/pt-pt\/atacado\/"},{"@type":"ListItem","position":3,"name":"Edison cultivou p\u00e9rolas barrocas"}]},{"@type":"WebSite","@id":"https:\/\/www.artestar.eu\/pt-pt\/#website","url":"https:\/\/www.artestar.eu\/pt-pt\/","name":"Artestar","description":"Mayorista en abalorios y joyer\u00eda","publisher":{"@id":"https:\/\/www.artestar.eu\/pt-pt\/#organization"},"alternateName":"Artestar-EU","potentialAction":[{"@type":"SearchAction","target":{"@type":"EntryPoint","urlTemplate":"https:\/\/www.artestar.eu\/pt-pt\/?s={search_term_string}"},"query-input":"required name=search_term_string"}],"inLanguage":"pt-PT"},{"@type":["Organization","Place"],"@id":"https:\/\/www.artestar.eu\/pt-pt\/#organization","name":"RUBY ABALORIO S.L.","alternateName":"Artestar","url":"https:\/\/www.artestar.eu\/pt-pt\/","logo":{"@id":"https:\/\/www.artestar.eu\/pt-pt\/atacado\/perlas-barrocas-cultivadas-edison\/#local-main-organization-logo"},"image":{"@id":"https:\/\/www.artestar.eu\/pt-pt\/atacado\/perlas-barrocas-cultivadas-edison\/#local-main-organization-logo"},"sameAs":["https:\/\/www.facebook.com\/ARTESTAREU","https:\/\/www.instagram.com\/artestareu\/","https:\/\/www.pinterest.es\/artestar_eu\/","https:\/\/www.tiktok.com\/@artestar_wholesale"],"openingHoursSpecification":[{"@type":"OpeningHoursSpecification","dayOfWeek":["Monday","Tuesday","Wednesday","Thursday","Friday","Saturday","Sunday"],"opens":"09:00","closes":"17:00"}]},{"@type":"ImageObject","inLanguage":"pt-PT","@id":"https:\/\/www.artestar.eu\/pt-pt\/atacado\/perlas-barrocas-cultivadas-edison\/#local-main-organization-logo","url":"https:\/\/www.artestar.eu\/wp-content\/uploads\/2023\/05\/cropped-png.png","contentUrl":"https:\/\/www.artestar.eu\/wp-content\/uploads\/2023\/05\/cropped-png.png","width":512,"height":512,"caption":"RUBY ABALORIO S.L."}]},"product_price_amount":"21.61","product_price_currency":"EUR","og_availability":"instock","product_availability":"instock","product_retailer_item_id":"ZZ-YX-0009","product_condition":"new"},"tiered_pricing_type":"percentage","tiered_pricing_fixed_rules":[],"tiered_pricing_percentage_rules":[],"tiered_pricing_minimum":null,"_administrator_tiered_pricing_type":"fixed","_administrator_tiered_pricing_fixed_rules":[],"_editor_tiered_pricing_type":"fixed","_editor_tiered_pricing_fixed_rules":[],"_author_tiered_pricing_type":"fixed","_author_tiered_pricing_fixed_rules":[],"_contributor_tiered_pricing_type":"fixed","_contributor_tiered_pricing_fixed_rules":[],"_subscriber_tiered_pricing_type":"fixed","_subscriber_tiered_pricing_fixed_rules":[],"_wpseo_manager_tiered_pricing_type":"fixed","_wpseo_manager_tiered_pricing_fixed_rules":[],"_wpseo_editor_tiered_pricing_type":"fixed","_wpseo_editor_tiered_pricing_fixed_rules":[],"_customer_tiered_pricing_type":"fixed","_customer_tiered_pricing_fixed_rules":[],"_shop_manager_tiered_pricing_type":"fixed","_shop_manager_tiered_pricing_fixed_rules":[],"_product_manager_tiered_pricing_type":"fixed","_product_manager_tiered_pricing_fixed_rules":[],"_links":{"self":[{"href":"https:\/\/www.artestar.eu\/pt-pt\/wp-json\/wp\/v2\/product\/27431"}],"collection":[{"href":"https:\/\/www.artestar.eu\/pt-pt\/wp-json\/wp\/v2\/product"}],"about":[{"href":"https:\/\/www.artestar.eu\/pt-pt\/wp-json\/wp\/v2\/types\/product"}],"replies":[{"embeddable":true,"href":"https:\/\/www.artestar.eu\/pt-pt\/wp-json\/wp\/v2\/comments?post=27431"}],"version-history":[{"count":2,"href":"https:\/\/www.artestar.eu\/pt-pt\/wp-json\/wp\/v2\/product\/27431\/revisions"}],"predecessor-version":[{"id":37220,"href":"https:\/\/www.artestar.eu\/pt-pt\/wp-json\/wp\/v2\/product\/27431\/revisions\/37220"}],"wp:featuredmedia":[{"embeddable":true,"href":"https:\/\/www.artestar.eu\/pt-pt\/wp-json\/wp\/v2\/media\/12660"}],"wp:attachment":[{"href":"https:\/\/www.artestar.eu\/pt-pt\/wp-json\/wp\/v2\/media?parent=27431"}],"wp:term":[{"taxonomy":"product_cat","embeddable":true,"href":"https:\/\/www.artestar.eu\/pt-pt\/wp-json\/wp\/v2\/product_cat?post=27431"},{"taxonomy":"product_tag","embeddable":true,"href":"https:\/\/www.artestar.eu\/pt-pt\/wp-json\/wp\/v2\/product_tag?post=27431"}],"curies":[{"name":"wp","href":"https:\/\/api.w.org\/{rel}","templated":true}]}}