{"id":28235,"date":"2023-07-20T09:10:50","date_gmt":"2023-07-20T09:10:50","guid":{"rendered":"https:\/\/www.artestar.eu\/al-por-mayor\/piedras-semipreciosas-mano-de-hamsa-para-colgante\/"},"modified":"2023-09-23T02:38:53","modified_gmt":"2023-09-23T02:38:53","slug":"piedras-semipreciosas-mano-de-hamsa-para-colgantes","status":"publish","type":"product","link":"https:\/\/www.artestar.eu\/pt-pt\/atacado\/piedras-semipreciosas-mano-de-hamsa-para-colgantes\/","title":{"rendered":"Piedras semipreciosas mano de hamsa para colgante"},"content":{"rendered":"<p>Piedras semipreciosas mano de hamsa para colgante: Debido a que cada colgante de cuentas de piedra est\u00e1 hecho de materiales naturales puros, es \u00fanico.<\/p>\n<ul>\n<li data-slate-node=\"element\"><span data-slate-node=\"text\"><span class=\"21\" data-slate-leaf=\"true\">Com um acabamento polido, estes pendentes de p\u00e9rolas de pedra natural t\u00eam uma superf\u00edcie lisa e s\u00e3o muito confort\u00e1veis de usar. <\/span><\/span>Al\u00e9m disso, a sua <span data-slate-node=\"text\"><span class=\"22\" data-slate-leaf=\"true\">apar\u00eancia, juntamente com a sua textura e cor naturais, tornam as contas de pedras preciosas \u00fanicas<\/span><\/span><span data-slate-node=\"text\"><span class=\"23\" data-slate-leaf=\"true\">.<\/span><\/span><\/li>\n<li data-slate-node=\"element\"><span class=\"41\" data-slate-leaf=\"true\">Usar nossos pingentes feitos de pedras semipreciosas naturais alivia o estresse e a ansiedade, <span data-slate-fragment=\"JTVCJTdCJTIydHlwZSUyMiUzQSUyMnBhcmFncmFwaCUyMiUyQyUyMmNoaWxkcmVuJTIyJTNBJTVCJTdCJTIydGV4dCUyMiUzQSUyMnBvcnF1ZSUyMiUyQyUyMnNlbnRlbmNlJTIyJTNBNCUyQyUyMmNoaWxkU2VudGVuY2UlMjIlM0ExJTdEJTVEJTdEJTVE\">porque<\/span> transmitem mensagens psicol\u00f3gicas positivas e uma vis\u00e3o otimista da vida, e dizem transmitir energia c\u00f3smica ao corpo<\/span><span data-slate-node=\"text\"><span class=\"42\" data-slate-leaf=\"true\">.<\/span><\/span><\/li>\n<li data-slate-node=\"element\"><span class=\"61\" data-slate-leaf=\"true\">Os orif\u00edcios de a\u00e7o inoxid\u00e1vel no topo dos pendentes de pedra t\u00eam o tamanho certo para rosqueamento.  <\/span><span data-slate-node=\"text\"><span class=\"62\" data-slate-leaf=\"true\">Muitas vezes \u00e9 apenas uma quest\u00e3o de enfiar uma corrente ou cord\u00e3o.  <\/span><\/span><span data-slate-node=\"text\"><span class=\"63\" data-slate-leaf=\"true\">Com acess\u00f3rios como um fecho de lagosta em a\u00e7o inoxid\u00e1vel, para completar o seu pr\u00f3prio projeto artesanal \u2013 divirta-se a fazer artesanato com joias!<\/span><\/span><\/li>\n<li data-slate-node=\"element\"><span class=\"81\" data-slate-leaf=\"true\"><span data-slate-string=\"true\">Estes delicados pingentes de pedras preciosas podem ser combinados com outros acess\u00f3rios de metal, cristal, p\u00e9rola e concha. Voc\u00ea pode criar qualquer artesanato de joias, colares, pulseiras, brincos, decora\u00e7\u00e3o de casa e muito mais que voc\u00ea quiser.  <\/span><\/span><span class=\"\" data-slate-node=\"text\"><br \/>\n  <span class=\"82\" data-slate-leaf=\"true\"><br \/>\n    <span data-slate-string=\"true\">D\u00ea-o aos seus amigos e familiares que amam artesanato. <\/span><br \/>\n  <\/span><br \/>\n<\/span><span data-slate-node=\"text\"><br \/>\n  <span class=\"83\" data-slate-leaf=\"true\">N\u00e3o s\u00f3 \u00e9 um presente perfeito, mas vem com os melhores desejos<\/span><br \/>\n<\/span><span data-slate-node=\"text\"><br \/>\n  <span class=\"84\" data-slate-leaf=\"true\">.<\/span><br \/>\n<\/span><\/li>\n<\/ul>\n<p><img decoding=\"async\" class=\"alignnone wp-image-9268 size-full\" src=\"https:\/\/www.artestar.eu%E2%80%8B%E2%80%8B%E2%80%8B%E2%80%8B\/wp-content\/uploads\/2023\/07\/natural-semi-precious-gemstone-pendants-hamsa-hand-01.jpg\" alt=\"Piedras semipreciosas mano de hamsa para colgante\" width=\"600\" height=\"600\" srcset=\"https:\/\/www.artestar.eu\/wp-content\/uploads\/2023\/07\/natural-semi-precious-gemstone-pendants-hamsa-hand-01.jpg 600w, https:\/\/www.artestar.eu\/wp-content\/uploads\/2023\/07\/natural-semi-precious-gemstone-pendants-hamsa-hand-01-300x300.jpg 300w, https:\/\/www.artestar.eu\/wp-content\/uploads\/2023\/07\/natural-semi-precious-gemstone-pendants-hamsa-hand-01-150x150.jpg 150w, https:\/\/www.artestar.eu\/wp-content\/uploads\/2023\/07\/natural-semi-precious-gemstone-pendants-hamsa-hand-01-450x450.jpg 450w, https:\/\/www.artestar.eu\/wp-content\/uploads\/2023\/07\/natural-semi-precious-gemstone-pendants-hamsa-hand-01-54x54.jpg 54w\" sizes=\"(max-width: 600px) 100vw, 600px\" \/><\/p>\n<h5 data-slate-node=\"element\">Piedras semipreciosas mano de hamsa para colgante<\/h5>\n<ul>\n<li data-slate-node=\"element\"><span data-slate-node=\"text\"><span class=\"101\" data-slate-leaf=\"true\">Cuidado: Devido a diferen\u00e7as nos monitores e resolu\u00e7\u00e3o, as cores da imagem podem diferir ligeiramente das cores reais<\/span><\/span><span data-slate-node=\"text\"><span class=\"102\" data-slate-leaf=\"true\">.<\/span><\/span><\/li>\n<li data-slate-node=\"element\"><span class=\"121\" data-slate-leaf=\"true\">As contas de pedra devem ser protegidas da luz solar intensa para evitar danificar a textura e a cor da pedra<\/span><span data-slate-node=\"text\"><span class=\"122\" data-slate-leaf=\"true\">.<\/span><\/span><\/li>\n<li data-slate-node=\"element\">Aviso: Crian\u00e7as menores de tr\u00eas anos devem evitar contato, risco de asfixia.<\/li>\n<\/ul>\n","protected":false},"excerpt":{"rendered":"<ul>\n<li>Quantidade: 1pcs.<\/li>\n<li>Tamanho: aprox. 32 x 37 x 7~10 mm, agujero: aprox. 3 x 8 mm<\/li>\n<li>Devido a fatores como a ilumina\u00e7\u00e3o ou varia\u00e7\u00f5es naturais dos materiais utilizados, o produto pode variar ligeiramente em cor e forma.<\/li>\n<\/ul>\n","protected":false},"featured_media":22672,"comment_status":"open","ping_status":"closed","template":"","meta":[],"product_cat":[1143,1142],"product_tag":[],"yoast_head":"<!-- This site is optimized with the Yoast SEO Premium plugin v20.5 (Yoast SEO v21.5) - https:\/\/yoast.com\/wordpress\/plugins\/seo\/ -->\n<title>Artestar<\/title>\n<meta name=\"description\" content=\"Nuestros colgante de piedra mano hamsa manopreciosas vienen en una amplia variedad y son altamente selectivos. Essencial para o ver\u00e3o.\" \/>\n<meta name=\"robots\" content=\"index, follow, max-snippet:-1, max-image-preview:large, max-video-preview:-1\" \/>\n<link rel=\"canonical\" href=\"https:\/\/www.artestar.eu\/pt-pt\/atacado\/piedras-semipreciosas-mano-de-hamsa-para-colgantes\/\" \/>\n<meta property=\"og:locale\" content=\"pt_PT\" \/>\n<meta property=\"og:type\" content=\"article\" \/>\n<meta property=\"og:title\" content=\"Piedras semipreciosas mano de hamsa para colgante\" \/>\n<meta property=\"og:description\" content=\"Nuestros colgante de piedra mano hamsa manopreciosas vienen en una amplia variedad y son altamente selectivos. Essencial para o ver\u00e3o.\" \/>\n<meta property=\"og:url\" content=\"https:\/\/www.artestar.eu\/pt-pt\/atacado\/piedras-semipreciosas-mano-de-hamsa-para-colgantes\/\" \/>\n<meta property=\"og:site_name\" content=\"Artestar\" \/>\n<meta property=\"article:publisher\" content=\"https:\/\/www.facebook.com\/ARTESTAREU\" \/>\n<meta property=\"article:modified_time\" content=\"2023-09-23T02:38:53+00:00\" \/>\n<meta property=\"og:image\" content=\"https:\/\/www.artestar.eu\/wp-content\/uploads\/2023\/07\/natural-semi-precious-gemstone-pendants-hamsa-hand.jpg\" \/>\n\t<meta property=\"og:image:width\" content=\"600\" \/>\n\t<meta property=\"og:image:height\" content=\"600\" \/>\n\t<meta property=\"og:image:type\" content=\"image\/jpeg\" \/>\n<meta name=\"twitter:card\" content=\"summary_large_image\" \/>\n<meta name=\"twitter:label1\" content=\"Availability\" \/>\n\t<meta name=\"twitter:data1\" content=\"Em estoque\" \/>\n<script type=\"application\/ld+json\" class=\"yoast-schema-graph\">{\"@context\":\"https:\/\/schema.org\",\"@graph\":[{\"@type\":\"WebPage\",\"@id\":\"https:\/\/www.artestar.eu\/pt-pt\/atacado\/piedras-semipreciosas-mano-de-hamsa-para-colgantes\/\",\"url\":\"https:\/\/www.artestar.eu\/pt-pt\/atacado\/piedras-semipreciosas-mano-de-hamsa-para-colgantes\/\",\"name\":\"\",\"isPartOf\":{\"@id\":\"https:\/\/www.artestar.eu\/pt-pt\/#website\"},\"datePublished\":\"2023-07-20T09:10:50+00:00\",\"dateModified\":\"2023-09-23T02:38:53+00:00\",\"description\":\"Nuestros colgante de piedra mano hamsa manopreciosas vienen en una amplia variedad y son altamente selectivos. Essencial para o ver\u00e3o.\",\"breadcrumb\":{\"@id\":\"https:\/\/www.artestar.eu\/pt-pt\/atacado\/piedras-semipreciosas-mano-de-hamsa-para-colgantes\/#breadcrumb\"},\"inLanguage\":\"pt-PT\",\"potentialAction\":[{\"@type\":\"ReadAction\",\"target\":[\"https:\/\/www.artestar.eu\/pt-pt\/atacado\/piedras-semipreciosas-mano-de-hamsa-para-colgantes\/\"]}]},{\"@type\":\"BreadcrumbList\",\"@id\":\"https:\/\/www.artestar.eu\/pt-pt\/atacado\/piedras-semipreciosas-mano-de-hamsa-para-colgantes\/#breadcrumb\",\"itemListElement\":[{\"@type\":\"ListItem\",\"position\":1,\"name\":\"Artestar\",\"item\":\"https:\/\/www.artestar.eu\/pt-pt\/\"},{\"@type\":\"ListItem\",\"position\":2,\"name\":\"Atacado\",\"item\":\"https:\/\/www.artestar.eu\/pt-pt\/atacado\/\"},{\"@type\":\"ListItem\",\"position\":3,\"name\":\"Piedras semipreciosas mano de hamsa para colgante\"}]},{\"@type\":\"WebSite\",\"@id\":\"https:\/\/www.artestar.eu\/pt-pt\/#website\",\"url\":\"https:\/\/www.artestar.eu\/pt-pt\/\",\"name\":\"Artestar\",\"description\":\"Mayorista en abalorios y joyer\u00eda\",\"publisher\":{\"@id\":\"https:\/\/www.artestar.eu\/pt-pt\/#organization\"},\"alternateName\":\"Artestar-EU\",\"potentialAction\":[{\"@type\":\"SearchAction\",\"target\":{\"@type\":\"EntryPoint\",\"urlTemplate\":\"https:\/\/www.artestar.eu\/pt-pt\/?s={search_term_string}\"},\"query-input\":\"required name=search_term_string\"}],\"inLanguage\":\"pt-PT\"},{\"@type\":[\"Organization\",\"Place\"],\"@id\":\"https:\/\/www.artestar.eu\/pt-pt\/#organization\",\"name\":\"RUBY ABALORIO S.L.\",\"alternateName\":\"Artestar\",\"url\":\"https:\/\/www.artestar.eu\/pt-pt\/\",\"logo\":{\"@id\":\"https:\/\/www.artestar.eu\/pt-pt\/atacado\/piedras-semipreciosas-mano-de-hamsa-para-colgantes\/#local-main-organization-logo\"},\"image\":{\"@id\":\"https:\/\/www.artestar.eu\/pt-pt\/atacado\/piedras-semipreciosas-mano-de-hamsa-para-colgantes\/#local-main-organization-logo\"},\"sameAs\":[\"https:\/\/www.facebook.com\/ARTESTAREU\",\"https:\/\/www.instagram.com\/artestareu\/\",\"https:\/\/www.pinterest.es\/artestar_eu\/\",\"https:\/\/www.tiktok.com\/@artestar_wholesale\"],\"openingHoursSpecification\":[{\"@type\":\"OpeningHoursSpecification\",\"dayOfWeek\":[\"Monday\",\"Tuesday\",\"Wednesday\",\"Thursday\",\"Friday\",\"Saturday\",\"Sunday\"],\"opens\":\"09:00\",\"closes\":\"17:00\"}]},{\"@type\":\"ImageObject\",\"inLanguage\":\"pt-PT\",\"@id\":\"https:\/\/www.artestar.eu\/pt-pt\/atacado\/piedras-semipreciosas-mano-de-hamsa-para-colgantes\/#local-main-organization-logo\",\"url\":\"https:\/\/www.artestar.eu\/wp-content\/uploads\/2023\/05\/cropped-png.png\",\"contentUrl\":\"https:\/\/www.artestar.eu\/wp-content\/uploads\/2023\/05\/cropped-png.png\",\"width\":512,\"height\":512,\"caption\":\"RUBY ABALORIO S.L.\"}]}<\/script>\n<meta property=\"og:availability\" content=\"instock\" \/>\n<meta property=\"product:availability\" content=\"instock\" \/>\n<meta property=\"product:retailer_item_id\" content=\"BS-GZ-FS0001-0007\" \/>\n<meta property=\"product:condition\" content=\"new\" \/>\n<!-- \/ Yoast SEO Premium plugin. -->","yoast_head_json":{"title":"Artestar","description":"Nuestros colgante de piedra mano hamsa manopreciosas vienen en una amplia variedad y son altamente selectivos. Essencial para o ver\u00e3o.","robots":{"index":"index","follow":"follow","max-snippet":"max-snippet:-1","max-image-preview":"max-image-preview:large","max-video-preview":"max-video-preview:-1"},"canonical":"https:\/\/www.artestar.eu\/pt-pt\/atacado\/piedras-semipreciosas-mano-de-hamsa-para-colgantes\/","og_locale":"pt_PT","og_type":"article","og_title":"Piedras semipreciosas mano de hamsa para colgante","og_description":"Nuestros colgante de piedra mano hamsa manopreciosas vienen en una amplia variedad y son altamente selectivos. Essencial para o ver\u00e3o.","og_url":"https:\/\/www.artestar.eu\/pt-pt\/atacado\/piedras-semipreciosas-mano-de-hamsa-para-colgantes\/","og_site_name":"Artestar","article_publisher":"https:\/\/www.facebook.com\/ARTESTAREU","article_modified_time":"2023-09-23T02:38:53+00:00","og_image":[{"width":600,"height":600,"url":"https:\/\/www.artestar.eu\/wp-content\/uploads\/2023\/07\/natural-semi-precious-gemstone-pendants-hamsa-hand.jpg","type":"image\/jpeg"}],"twitter_card":"summary_large_image","twitter_misc":{"Availability":"Em estoque"},"schema":{"@context":"https:\/\/schema.org","@graph":[{"@type":"WebPage","@id":"https:\/\/www.artestar.eu\/pt-pt\/atacado\/piedras-semipreciosas-mano-de-hamsa-para-colgantes\/","url":"https:\/\/www.artestar.eu\/pt-pt\/atacado\/piedras-semipreciosas-mano-de-hamsa-para-colgantes\/","name":"","isPartOf":{"@id":"https:\/\/www.artestar.eu\/pt-pt\/#website"},"datePublished":"2023-07-20T09:10:50+00:00","dateModified":"2023-09-23T02:38:53+00:00","description":"Nuestros colgante de piedra mano hamsa manopreciosas vienen en una amplia variedad y son altamente selectivos. Essencial para o ver\u00e3o.","breadcrumb":{"@id":"https:\/\/www.artestar.eu\/pt-pt\/atacado\/piedras-semipreciosas-mano-de-hamsa-para-colgantes\/#breadcrumb"},"inLanguage":"pt-PT","potentialAction":[{"@type":"ReadAction","target":["https:\/\/www.artestar.eu\/pt-pt\/atacado\/piedras-semipreciosas-mano-de-hamsa-para-colgantes\/"]}]},{"@type":"BreadcrumbList","@id":"https:\/\/www.artestar.eu\/pt-pt\/atacado\/piedras-semipreciosas-mano-de-hamsa-para-colgantes\/#breadcrumb","itemListElement":[{"@type":"ListItem","position":1,"name":"Artestar","item":"https:\/\/www.artestar.eu\/pt-pt\/"},{"@type":"ListItem","position":2,"name":"Atacado","item":"https:\/\/www.artestar.eu\/pt-pt\/atacado\/"},{"@type":"ListItem","position":3,"name":"Piedras semipreciosas mano de hamsa para colgante"}]},{"@type":"WebSite","@id":"https:\/\/www.artestar.eu\/pt-pt\/#website","url":"https:\/\/www.artestar.eu\/pt-pt\/","name":"Artestar","description":"Mayorista en abalorios y joyer\u00eda","publisher":{"@id":"https:\/\/www.artestar.eu\/pt-pt\/#organization"},"alternateName":"Artestar-EU","potentialAction":[{"@type":"SearchAction","target":{"@type":"EntryPoint","urlTemplate":"https:\/\/www.artestar.eu\/pt-pt\/?s={search_term_string}"},"query-input":"required name=search_term_string"}],"inLanguage":"pt-PT"},{"@type":["Organization","Place"],"@id":"https:\/\/www.artestar.eu\/pt-pt\/#organization","name":"RUBY ABALORIO S.L.","alternateName":"Artestar","url":"https:\/\/www.artestar.eu\/pt-pt\/","logo":{"@id":"https:\/\/www.artestar.eu\/pt-pt\/atacado\/piedras-semipreciosas-mano-de-hamsa-para-colgantes\/#local-main-organization-logo"},"image":{"@id":"https:\/\/www.artestar.eu\/pt-pt\/atacado\/piedras-semipreciosas-mano-de-hamsa-para-colgantes\/#local-main-organization-logo"},"sameAs":["https:\/\/www.facebook.com\/ARTESTAREU","https:\/\/www.instagram.com\/artestareu\/","https:\/\/www.pinterest.es\/artestar_eu\/","https:\/\/www.tiktok.com\/@artestar_wholesale"],"openingHoursSpecification":[{"@type":"OpeningHoursSpecification","dayOfWeek":["Monday","Tuesday","Wednesday","Thursday","Friday","Saturday","Sunday"],"opens":"09:00","closes":"17:00"}]},{"@type":"ImageObject","inLanguage":"pt-PT","@id":"https:\/\/www.artestar.eu\/pt-pt\/atacado\/piedras-semipreciosas-mano-de-hamsa-para-colgantes\/#local-main-organization-logo","url":"https:\/\/www.artestar.eu\/wp-content\/uploads\/2023\/05\/cropped-png.png","contentUrl":"https:\/\/www.artestar.eu\/wp-content\/uploads\/2023\/05\/cropped-png.png","width":512,"height":512,"caption":"RUBY ABALORIO S.L."}]},"og_availability":"instock","product_availability":"instock","product_retailer_item_id":"BS-GZ-FS0001-0007","product_condition":"new"},"tiered_pricing_type":"fixed","tiered_pricing_fixed_rules":[],"tiered_pricing_percentage_rules":[],"tiered_pricing_minimum":null,"_administrator_tiered_pricing_type":"fixed","_administrator_tiered_pricing_fixed_rules":[],"_editor_tiered_pricing_type":"fixed","_editor_tiered_pricing_fixed_rules":[],"_author_tiered_pricing_type":"fixed","_author_tiered_pricing_fixed_rules":[],"_contributor_tiered_pricing_type":"fixed","_contributor_tiered_pricing_fixed_rules":[],"_subscriber_tiered_pricing_type":"fixed","_subscriber_tiered_pricing_fixed_rules":[],"_wpseo_manager_tiered_pricing_type":"fixed","_wpseo_manager_tiered_pricing_fixed_rules":[],"_wpseo_editor_tiered_pricing_type":"fixed","_wpseo_editor_tiered_pricing_fixed_rules":[],"_customer_tiered_pricing_type":"fixed","_customer_tiered_pricing_fixed_rules":[],"_shop_manager_tiered_pricing_type":"fixed","_shop_manager_tiered_pricing_fixed_rules":[],"_product_manager_tiered_pricing_type":"fixed","_product_manager_tiered_pricing_fixed_rules":[],"_links":{"self":[{"href":"https:\/\/www.artestar.eu\/pt-pt\/wp-json\/wp\/v2\/product\/28235"}],"collection":[{"href":"https:\/\/www.artestar.eu\/pt-pt\/wp-json\/wp\/v2\/product"}],"about":[{"href":"https:\/\/www.artestar.eu\/pt-pt\/wp-json\/wp\/v2\/types\/product"}],"replies":[{"embeddable":true,"href":"https:\/\/www.artestar.eu\/pt-pt\/wp-json\/wp\/v2\/comments?post=28235"}],"version-history":[{"count":2,"href":"https:\/\/www.artestar.eu\/pt-pt\/wp-json\/wp\/v2\/product\/28235\/revisions"}],"predecessor-version":[{"id":35560,"href":"https:\/\/www.artestar.eu\/pt-pt\/wp-json\/wp\/v2\/product\/28235\/revisions\/35560"}],"wp:featuredmedia":[{"embeddable":true,"href":"https:\/\/www.artestar.eu\/pt-pt\/wp-json\/wp\/v2\/media\/22672"}],"wp:attachment":[{"href":"https:\/\/www.artestar.eu\/pt-pt\/wp-json\/wp\/v2\/media?parent=28235"}],"wp:term":[{"taxonomy":"product_cat","embeddable":true,"href":"https:\/\/www.artestar.eu\/pt-pt\/wp-json\/wp\/v2\/product_cat?post=28235"},{"taxonomy":"product_tag","embeddable":true,"href":"https:\/\/www.artestar.eu\/pt-pt\/wp-json\/wp\/v2\/product_tag?post=28235"}],"curies":[{"name":"wp","href":"https:\/\/api.w.org\/{rel}","templated":true}]}}