{"id":28617,"date":"2023-06-17T08:36:37","date_gmt":"2023-06-17T08:36:37","guid":{"rendered":"https:\/\/www.artestar.eu\/al-por-mayor\/agata-raya-azul-cuentas-de-piedra\/"},"modified":"2023-10-17T01:29:11","modified_gmt":"2023-10-17T01:29:11","slug":"agata-azul-listra-pedra-contas","status":"publish","type":"product","link":"https:\/\/www.artestar.eu\/pt-pt\/atacado\/agata-azul-listra-pedra-contas\/","title":{"rendered":"Contas de pedra de \u00e1gata listrada azul"},"content":{"rendered":"<p>Contas de pedra de \u00e1gata listrada azul: 4mm &#8211; 6mm &#8211; 8mm &#8211; 10mm &#8211; 12mm, furo: 1mm.<\/p>\n<ul>\n<li>Porque cada tal\u00e3o de pedra preciosa \u00e9 feito de materiais naturais puros para um aspeto \u00fanico.<\/li>\n<li>Os gr\u00e2nulos de pedra natural s\u00e3o macios e redondos ap\u00f3s o polimento, o que os torna confort\u00e1veis de usar. Al\u00e9m disso, seu tamanho uniforme e textura e cor \u00fanicas tornam as contas de pedras preciosas \u00fanicas.<\/li>\n<li>Contas naturais de semi-gemas podem aliviar o estresse e a ansiedade, dar uma nota mental positiva, uma vis\u00e3o otimista da vida e dizem transmitir a energia do universo para o corpo.<\/li>\n<li>Estas belas contas de pedra s\u00e3o perfeitas para rosquear, basta usar fio de p\u00e9rola atrav\u00e9s do buraco do tal\u00e3o e us\u00e1-los em seus projetos. Aproveite a divers\u00e3o de fazer artesanato de joias!<\/li>\n<li>Estas contas perfuradas podem ser combinadas com outros acess\u00f3rios de metal, cristais, p\u00e9rolas, conchas, etc., DIY para fazer qualquer artesanato, colares, pulseiras, brincos, decora\u00e7\u00f5es para casa, etc. D\u00ea-o \u00e0 fam\u00edlia e amigos que amam artesanato. N\u00e3o s\u00f3 \u00e9 um presente perfeito, mas tamb\u00e9m cont\u00e9m os melhores desejos.<\/li>\n<\/ul>\n<p><img decoding=\"async\" class=\"alignnone size-full wp-image-6843\" src=\"https:\/\/www.artestar.eu%E2%80%8B%E2%80%8B%E2%80%8B%E2%80%8B\/wp-content\/uploads\/2023\/06\/semi-precious-stones-round-gemstone-beads-3.jpg\" alt=\"\u00c1gata listrada azul redonda\" width=\"600\" height=\"600\" srcset=\"https:\/\/www.artestar.eu\/wp-content\/uploads\/2023\/06\/semi-precious-stones-round-gemstone-beads-3.jpg 600w, https:\/\/www.artestar.eu\/wp-content\/uploads\/2023\/06\/semi-precious-stones-round-gemstone-beads-3-300x300.jpg 300w, https:\/\/www.artestar.eu\/wp-content\/uploads\/2023\/06\/semi-precious-stones-round-gemstone-beads-3-150x150.jpg 150w, https:\/\/www.artestar.eu\/wp-content\/uploads\/2023\/06\/semi-precious-stones-round-gemstone-beads-3-450x450.jpg 450w, https:\/\/www.artestar.eu\/wp-content\/uploads\/2023\/06\/semi-precious-stones-round-gemstone-beads-3-54x54.jpg 54w\" sizes=\"(max-width: 600px) 100vw, 600px\" \/><\/p>\n<h5>\u00c1gata listrada azul contas de pedra redonda natural<\/h5>\n<p><strong>Precau\u00e7\u00e3o:<\/strong><\/p>\n<ul>\n<li>Devido a diferentes monitores e resolu\u00e7\u00f5es, a cor da imagem pode ser ligeiramente diferente da cor real.<\/li>\n<li>Numa cadeia de contas com a mesma dimens\u00e3o. O n\u00famero de contas pode ser ligeiramente diferente devido a diferen\u00e7as no artesanato ou nos lotes de produ\u00e7\u00e3o.<\/li>\n<li>As contas de pedra devem ser protegidas da luz solar intensa para evitar danificar a textura e a cor da pedra preciosa.<\/li>\n<li>Aviso: Crian\u00e7as menores de tr\u00eas anos evitam o contato, h\u00e1 perigo de asfixia.<\/li>\n<\/ul>\n","protected":false},"excerpt":{"rendered":"<p><img decoding=\"async\" class=\"alignnone size-full wp-image-6888\" src=\"https:\/\/www.artestar.eu%E2%80%8B%E2%80%8B%E2%80%8B%E2%80%8B\/wp-content\/uploads\/2023\/06\/size-semiprecious-stone-round-4.jpg\" alt=\"Tamanho das contas de pedra da \u00e1gata listrada azul\" width=\"1000\" height=\"180\" srcset=\"https:\/\/www.artestar.eu\/wp-content\/uploads\/2023\/06\/size-semiprecious-stone-round-4.jpg 1000w, https:\/\/www.artestar.eu\/wp-content\/uploads\/2023\/06\/size-semiprecious-stone-round-4-300x54.jpg 300w, https:\/\/www.artestar.eu\/wp-content\/uploads\/2023\/06\/size-semiprecious-stone-round-4-768x138.jpg 768w, https:\/\/www.artestar.eu\/wp-content\/uploads\/2023\/06\/size-semiprecious-stone-round-4-600x108.jpg 600w, https:\/\/www.artestar.eu\/wp-content\/uploads\/2023\/06\/size-semiprecious-stone-round-4-90x16.jpg 90w\" sizes=\"(max-width: 1000px) 100vw, 1000px\" \/>Montante aproximado<\/p>\n<ul>\n<li>Contas de pedras semipreciosas naturais, pequenas imperfei\u00e7\u00f5es s\u00e3o permitidas.<\/li>\n<li>Devido aos diferentes dispositivos de exibi\u00e7\u00e3o, haver\u00e1 um ligeiro desvio na cor.<\/li>\n<\/ul>\n","protected":false},"featured_media":16933,"comment_status":"open","ping_status":"closed","template":"","meta":[],"product_cat":[1498,1580,1499],"product_tag":[],"yoast_head":"<!-- This site is optimized with the Yoast SEO Premium plugin v20.5 (Yoast SEO v21.5) - https:\/\/yoast.com\/wordpress\/plugins\/seo\/ -->\n<title>Blue Striped Agate Stone Beads - Artestar<\/title>\n<meta name=\"description\" content=\"A \u00c1gata \u00e9 uma pedra com propriedades protetoras, fortalecedoras e estabilizadoras que podem equilibrar as emo\u00e7\u00f5es e o corpo.\" \/>\n<meta name=\"robots\" content=\"index, follow, max-snippet:-1, max-image-preview:large, max-video-preview:-1\" \/>\n<link rel=\"canonical\" href=\"https:\/\/www.artestar.eu\/pt-pt\/atacado\/agata-azul-listra-pedra-contas\/\" \/>\n<meta property=\"og:locale\" content=\"pt_PT\" \/>\n<meta property=\"og:type\" content=\"article\" \/>\n<meta property=\"og:title\" content=\"Contas de pedra de \u00e1gata listrada azul\" \/>\n<meta property=\"og:description\" content=\"A \u00c1gata \u00e9 uma pedra com propriedades protetoras, fortalecedoras e estabilizadoras que podem equilibrar as emo\u00e7\u00f5es e o corpo.\" \/>\n<meta property=\"og:url\" content=\"https:\/\/www.artestar.eu\/pt-pt\/atacado\/agata-azul-listra-pedra-contas\/\" \/>\n<meta property=\"og:site_name\" content=\"Artestar\" \/>\n<meta property=\"article:publisher\" content=\"https:\/\/www.facebook.com\/ARTESTAREU\" \/>\n<meta property=\"article:modified_time\" content=\"2023-10-17T01:29:11+00:00\" \/>\n<meta property=\"og:image\" content=\"https:\/\/www.artestar.eu\/wp-content\/uploads\/2023\/06\/semi-precious-gemstone-beads-blue-stripe-agate.jpg\" \/>\n\t<meta property=\"og:image:width\" content=\"600\" \/>\n\t<meta property=\"og:image:height\" content=\"600\" \/>\n\t<meta property=\"og:image:type\" content=\"image\/jpeg\" \/>\n<meta name=\"twitter:card\" content=\"summary_large_image\" \/>\n<meta name=\"twitter:label1\" content=\"Availability\" \/>\n\t<meta name=\"twitter:data1\" content=\"Em estoque\" \/>\n<script type=\"application\/ld+json\" class=\"yoast-schema-graph\">{\"@context\":\"https:\/\/schema.org\",\"@graph\":[{\"@type\":\"WebPage\",\"@id\":\"https:\/\/www.artestar.eu\/pt-pt\/atacado\/agata-azul-listra-pedra-contas\/\",\"url\":\"https:\/\/www.artestar.eu\/pt-pt\/atacado\/agata-azul-listra-pedra-contas\/\",\"name\":\"Blue Striped Agate Stone Beads - Artestar\",\"isPartOf\":{\"@id\":\"https:\/\/www.artestar.eu\/pt-pt\/#website\"},\"datePublished\":\"2023-06-17T08:36:37+00:00\",\"dateModified\":\"2023-10-17T01:29:11+00:00\",\"description\":\"A \u00c1gata \u00e9 uma pedra com propriedades protetoras, fortalecedoras e estabilizadoras que podem equilibrar as emo\u00e7\u00f5es e o corpo.\",\"breadcrumb\":{\"@id\":\"https:\/\/www.artestar.eu\/pt-pt\/atacado\/agata-azul-listra-pedra-contas\/#breadcrumb\"},\"inLanguage\":\"pt-PT\",\"potentialAction\":[{\"@type\":\"ReadAction\",\"target\":[\"https:\/\/www.artestar.eu\/pt-pt\/atacado\/agata-azul-listra-pedra-contas\/\"]}]},{\"@type\":\"BreadcrumbList\",\"@id\":\"https:\/\/www.artestar.eu\/pt-pt\/atacado\/agata-azul-listra-pedra-contas\/#breadcrumb\",\"itemListElement\":[{\"@type\":\"ListItem\",\"position\":1,\"name\":\"Artestar\",\"item\":\"https:\/\/www.artestar.eu\/pt-pt\/\"},{\"@type\":\"ListItem\",\"position\":2,\"name\":\"Atacado\",\"item\":\"https:\/\/www.artestar.eu\/pt-pt\/atacado\/\"},{\"@type\":\"ListItem\",\"position\":3,\"name\":\"Contas de pedra de \u00e1gata listrada azul\"}]},{\"@type\":\"WebSite\",\"@id\":\"https:\/\/www.artestar.eu\/pt-pt\/#website\",\"url\":\"https:\/\/www.artestar.eu\/pt-pt\/\",\"name\":\"Artestar\",\"description\":\"Mayorista en abalorios y joyer\u00eda\",\"publisher\":{\"@id\":\"https:\/\/www.artestar.eu\/pt-pt\/#organization\"},\"alternateName\":\"Artestar-EU\",\"potentialAction\":[{\"@type\":\"SearchAction\",\"target\":{\"@type\":\"EntryPoint\",\"urlTemplate\":\"https:\/\/www.artestar.eu\/pt-pt\/?s={search_term_string}\"},\"query-input\":\"required name=search_term_string\"}],\"inLanguage\":\"pt-PT\"},{\"@type\":[\"Organization\",\"Place\"],\"@id\":\"https:\/\/www.artestar.eu\/pt-pt\/#organization\",\"name\":\"RUBY ABALORIO S.L.\",\"alternateName\":\"Artestar\",\"url\":\"https:\/\/www.artestar.eu\/pt-pt\/\",\"logo\":{\"@id\":\"https:\/\/www.artestar.eu\/pt-pt\/atacado\/agata-azul-listra-pedra-contas\/#local-main-organization-logo\"},\"image\":{\"@id\":\"https:\/\/www.artestar.eu\/pt-pt\/atacado\/agata-azul-listra-pedra-contas\/#local-main-organization-logo\"},\"sameAs\":[\"https:\/\/www.facebook.com\/ARTESTAREU\",\"https:\/\/www.instagram.com\/artestareu\/\",\"https:\/\/www.pinterest.es\/artestar_eu\/\",\"https:\/\/www.tiktok.com\/@artestar_wholesale\"],\"openingHoursSpecification\":[{\"@type\":\"OpeningHoursSpecification\",\"dayOfWeek\":[\"Monday\",\"Tuesday\",\"Wednesday\",\"Thursday\",\"Friday\",\"Saturday\",\"Sunday\"],\"opens\":\"09:00\",\"closes\":\"17:00\"}]},{\"@type\":\"ImageObject\",\"inLanguage\":\"pt-PT\",\"@id\":\"https:\/\/www.artestar.eu\/pt-pt\/atacado\/agata-azul-listra-pedra-contas\/#local-main-organization-logo\",\"url\":\"https:\/\/www.artestar.eu\/wp-content\/uploads\/2023\/05\/cropped-png.png\",\"contentUrl\":\"https:\/\/www.artestar.eu\/wp-content\/uploads\/2023\/05\/cropped-png.png\",\"width\":512,\"height\":512,\"caption\":\"RUBY ABALORIO S.L.\"}]}<\/script>\n<meta property=\"og:availability\" content=\"instock\" \/>\n<meta property=\"product:availability\" content=\"instock\" \/>\n<meta property=\"product:retailer_item_id\" content=\"BS-YZ-0083-0087\" \/>\n<meta property=\"product:condition\" content=\"new\" \/>\n<!-- \/ Yoast SEO Premium plugin. -->","yoast_head_json":{"title":"Blue Striped Agate Stone Beads - Artestar","description":"A \u00c1gata \u00e9 uma pedra com propriedades protetoras, fortalecedoras e estabilizadoras que podem equilibrar as emo\u00e7\u00f5es e o corpo.","robots":{"index":"index","follow":"follow","max-snippet":"max-snippet:-1","max-image-preview":"max-image-preview:large","max-video-preview":"max-video-preview:-1"},"canonical":"https:\/\/www.artestar.eu\/pt-pt\/atacado\/agata-azul-listra-pedra-contas\/","og_locale":"pt_PT","og_type":"article","og_title":"Contas de pedra de \u00e1gata listrada azul","og_description":"A \u00c1gata \u00e9 uma pedra com propriedades protetoras, fortalecedoras e estabilizadoras que podem equilibrar as emo\u00e7\u00f5es e o corpo.","og_url":"https:\/\/www.artestar.eu\/pt-pt\/atacado\/agata-azul-listra-pedra-contas\/","og_site_name":"Artestar","article_publisher":"https:\/\/www.facebook.com\/ARTESTAREU","article_modified_time":"2023-10-17T01:29:11+00:00","og_image":[{"width":600,"height":600,"url":"https:\/\/www.artestar.eu\/wp-content\/uploads\/2023\/06\/semi-precious-gemstone-beads-blue-stripe-agate.jpg","type":"image\/jpeg"}],"twitter_card":"summary_large_image","twitter_misc":{"Availability":"Em estoque"},"schema":{"@context":"https:\/\/schema.org","@graph":[{"@type":"WebPage","@id":"https:\/\/www.artestar.eu\/pt-pt\/atacado\/agata-azul-listra-pedra-contas\/","url":"https:\/\/www.artestar.eu\/pt-pt\/atacado\/agata-azul-listra-pedra-contas\/","name":"Blue Striped Agate Stone Beads - Artestar","isPartOf":{"@id":"https:\/\/www.artestar.eu\/pt-pt\/#website"},"datePublished":"2023-06-17T08:36:37+00:00","dateModified":"2023-10-17T01:29:11+00:00","description":"A \u00c1gata \u00e9 uma pedra com propriedades protetoras, fortalecedoras e estabilizadoras que podem equilibrar as emo\u00e7\u00f5es e o corpo.","breadcrumb":{"@id":"https:\/\/www.artestar.eu\/pt-pt\/atacado\/agata-azul-listra-pedra-contas\/#breadcrumb"},"inLanguage":"pt-PT","potentialAction":[{"@type":"ReadAction","target":["https:\/\/www.artestar.eu\/pt-pt\/atacado\/agata-azul-listra-pedra-contas\/"]}]},{"@type":"BreadcrumbList","@id":"https:\/\/www.artestar.eu\/pt-pt\/atacado\/agata-azul-listra-pedra-contas\/#breadcrumb","itemListElement":[{"@type":"ListItem","position":1,"name":"Artestar","item":"https:\/\/www.artestar.eu\/pt-pt\/"},{"@type":"ListItem","position":2,"name":"Atacado","item":"https:\/\/www.artestar.eu\/pt-pt\/atacado\/"},{"@type":"ListItem","position":3,"name":"Contas de pedra de \u00e1gata listrada azul"}]},{"@type":"WebSite","@id":"https:\/\/www.artestar.eu\/pt-pt\/#website","url":"https:\/\/www.artestar.eu\/pt-pt\/","name":"Artestar","description":"Mayorista en abalorios y joyer\u00eda","publisher":{"@id":"https:\/\/www.artestar.eu\/pt-pt\/#organization"},"alternateName":"Artestar-EU","potentialAction":[{"@type":"SearchAction","target":{"@type":"EntryPoint","urlTemplate":"https:\/\/www.artestar.eu\/pt-pt\/?s={search_term_string}"},"query-input":"required name=search_term_string"}],"inLanguage":"pt-PT"},{"@type":["Organization","Place"],"@id":"https:\/\/www.artestar.eu\/pt-pt\/#organization","name":"RUBY ABALORIO S.L.","alternateName":"Artestar","url":"https:\/\/www.artestar.eu\/pt-pt\/","logo":{"@id":"https:\/\/www.artestar.eu\/pt-pt\/atacado\/agata-azul-listra-pedra-contas\/#local-main-organization-logo"},"image":{"@id":"https:\/\/www.artestar.eu\/pt-pt\/atacado\/agata-azul-listra-pedra-contas\/#local-main-organization-logo"},"sameAs":["https:\/\/www.facebook.com\/ARTESTAREU","https:\/\/www.instagram.com\/artestareu\/","https:\/\/www.pinterest.es\/artestar_eu\/","https:\/\/www.tiktok.com\/@artestar_wholesale"],"openingHoursSpecification":[{"@type":"OpeningHoursSpecification","dayOfWeek":["Monday","Tuesday","Wednesday","Thursday","Friday","Saturday","Sunday"],"opens":"09:00","closes":"17:00"}]},{"@type":"ImageObject","inLanguage":"pt-PT","@id":"https:\/\/www.artestar.eu\/pt-pt\/atacado\/agata-azul-listra-pedra-contas\/#local-main-organization-logo","url":"https:\/\/www.artestar.eu\/wp-content\/uploads\/2023\/05\/cropped-png.png","contentUrl":"https:\/\/www.artestar.eu\/wp-content\/uploads\/2023\/05\/cropped-png.png","width":512,"height":512,"caption":"RUBY ABALORIO S.L."}]},"og_availability":"instock","product_availability":"instock","product_retailer_item_id":"BS-YZ-0083-0087","product_condition":"new"},"tiered_pricing_type":"fixed","tiered_pricing_fixed_rules":[],"tiered_pricing_percentage_rules":[],"tiered_pricing_minimum":null,"_administrator_tiered_pricing_type":"fixed","_administrator_tiered_pricing_fixed_rules":[],"_editor_tiered_pricing_type":"fixed","_editor_tiered_pricing_fixed_rules":[],"_author_tiered_pricing_type":"fixed","_author_tiered_pricing_fixed_rules":[],"_contributor_tiered_pricing_type":"fixed","_contributor_tiered_pricing_fixed_rules":[],"_subscriber_tiered_pricing_type":"fixed","_subscriber_tiered_pricing_fixed_rules":[],"_wpseo_manager_tiered_pricing_type":"fixed","_wpseo_manager_tiered_pricing_fixed_rules":[],"_wpseo_editor_tiered_pricing_type":"fixed","_wpseo_editor_tiered_pricing_fixed_rules":[],"_customer_tiered_pricing_type":"fixed","_customer_tiered_pricing_fixed_rules":[],"_shop_manager_tiered_pricing_type":"fixed","_shop_manager_tiered_pricing_fixed_rules":[],"_product_manager_tiered_pricing_type":"fixed","_product_manager_tiered_pricing_fixed_rules":[],"_links":{"self":[{"href":"https:\/\/www.artestar.eu\/pt-pt\/wp-json\/wp\/v2\/product\/28617"}],"collection":[{"href":"https:\/\/www.artestar.eu\/pt-pt\/wp-json\/wp\/v2\/product"}],"about":[{"href":"https:\/\/www.artestar.eu\/pt-pt\/wp-json\/wp\/v2\/types\/product"}],"replies":[{"embeddable":true,"href":"https:\/\/www.artestar.eu\/pt-pt\/wp-json\/wp\/v2\/comments?post=28617"}],"version-history":[{"count":2,"href":"https:\/\/www.artestar.eu\/pt-pt\/wp-json\/wp\/v2\/product\/28617\/revisions"}],"predecessor-version":[{"id":36535,"href":"https:\/\/www.artestar.eu\/pt-pt\/wp-json\/wp\/v2\/product\/28617\/revisions\/36535"}],"wp:featuredmedia":[{"embeddable":true,"href":"https:\/\/www.artestar.eu\/pt-pt\/wp-json\/wp\/v2\/media\/16933"}],"wp:attachment":[{"href":"https:\/\/www.artestar.eu\/pt-pt\/wp-json\/wp\/v2\/media?parent=28617"}],"wp:term":[{"taxonomy":"product_cat","embeddable":true,"href":"https:\/\/www.artestar.eu\/pt-pt\/wp-json\/wp\/v2\/product_cat?post=28617"},{"taxonomy":"product_tag","embeddable":true,"href":"https:\/\/www.artestar.eu\/pt-pt\/wp-json\/wp\/v2\/product_tag?post=28617"}],"curies":[{"name":"wp","href":"https:\/\/api.w.org\/{rel}","templated":true}]}}