{"id":29263,"date":"2023-06-20T02:05:23","date_gmt":"2023-06-20T02:05:23","guid":{"rendered":"https:\/\/www.artestar.eu\/al-por-mayor\/malaquita-facetados-abaco\/"},"modified":"2023-10-12T03:50:10","modified_gmt":"2023-10-12T03:50:10","slug":"malaquita-facetados-abaco","status":"publish","type":"product","link":"https:\/\/www.artestar.eu\/pt-pt\/atacado\/malaquita-facetados-abaco\/","title":{"rendered":"Malaquita facetados \u00e1baco"},"content":{"rendered":"<p>Malaquita facetados \u00e1baco: 3mm &#8211; 4 mm, agujero: 1 mm.<\/p>\n<ul>\n<li>Cada tal\u00e3o de pedra preciosa \u00e9 feito de materiais naturais puros para um visual \u00fanico.<\/li>\n<li>Al\u00e9m disso, seu tamanho, textura e cor uniformes tornam as contas de pedras preciosas \u00fanicas.<\/li>\n<li>Contas naturais de semi-pedras preciosas podem aliviar o stress e a ansiedade. Al\u00e9m disso, d\u00e3o uma nota mental positiva, uma vis\u00e3o otimista da vida e dizem transmitir a energia do universo para o corpo.<\/li>\n<li>Estas belas contas de pedra soltas s\u00e3o perfeitas para roscar, basta usar fio de p\u00e9rola atrav\u00e9s do buraco do tal\u00e3o e fazer suas pr\u00f3prias cria\u00e7\u00f5es. Aproveite a divers\u00e3o de fazer artesanato de joias!<\/li>\n<li>Estas contas perfuradas podem ser combinadas com outros acess\u00f3rios de metal, cristais, p\u00e9rolas, conchas, etc., para fazer qualquer artesanato, colares, pulseiras, brincos, decora\u00e7\u00f5es para casa, etc. D\u00ea-o \u00e0 fam\u00edlia e amigos que amam artesanato. N\u00e3o s\u00f3 \u00e9 um presente perfeito, mas tamb\u00e9m cont\u00e9m os melhores desejos.<\/li>\n<\/ul>\n<p><img decoding=\"async\" class=\"alignnone wp-image-6758 size-full\" src=\"https:\/\/www.artestar.eu%E2%80%8B%E2%80%8B%E2%80%8B%E2%80%8B\/wp-content\/uploads\/2023\/06\/size-faceted-abacus-stone-beads-1.jpg\" alt=\"Jasper ponto azul facetado\" width=\"600\" height=\"600\" srcset=\"https:\/\/www.artestar.eu\/wp-content\/uploads\/2023\/06\/size-faceted-abacus-stone-beads-1.jpg 600w, https:\/\/www.artestar.eu\/wp-content\/uploads\/2023\/06\/size-faceted-abacus-stone-beads-1-300x300.jpg 300w, https:\/\/www.artestar.eu\/wp-content\/uploads\/2023\/06\/size-faceted-abacus-stone-beads-1-150x150.jpg 150w, https:\/\/www.artestar.eu\/wp-content\/uploads\/2023\/06\/size-faceted-abacus-stone-beads-1-450x450.jpg 450w, https:\/\/www.artestar.eu\/wp-content\/uploads\/2023\/06\/size-faceted-abacus-stone-beads-1-54x54.jpg 54w\" sizes=\"(max-width: 600px) 100vw, 600px\" \/><\/p>\n<h5>Malaquita facetados \u00e1baco<\/h5>\n<h6><strong>Precau\u00e7\u00e3o:<\/strong><\/h6>\n<ul>\n<li>Devido a diferentes monitores e resolu\u00e7\u00f5es, a cor da imagem pode ser ligeiramente diferente da cor real.<\/li>\n<li>Numa cadeia de contas com a mesma dimens\u00e3o. O n\u00famero de contas pode ser ligeiramente diferente devido a diferen\u00e7as no artesanato ou nos lotes de produ\u00e7\u00e3o.<\/li>\n<li>As contas de pedra devem ser protegidas da luz solar intensa para evitar danificar a textura e a cor da pedra preciosa.<\/li>\n<li>Aviso: Crian\u00e7as menores de tr\u00eas anos evitam o contato, h\u00e1 perigo de asfixia.<\/li>\n<\/ul>\n","protected":false},"excerpt":{"rendered":"<p><img decoding=\"async\" class=\"alignnone wp-image-6757 size-full\" src=\"https:\/\/www.artestar.eu%E2%80%8B%E2%80%8B%E2%80%8B%E2%80%8B\/wp-content\/uploads\/2023\/06\/size-faceted-gemstone-beads.jpg\" alt=\"Malaquita facetados \u00e1baco tama\u00f1o\" width=\"1000\" height=\"180\" srcset=\"https:\/\/www.artestar.eu\/wp-content\/uploads\/2023\/06\/size-faceted-gemstone-beads.jpg 1000w, https:\/\/www.artestar.eu\/wp-content\/uploads\/2023\/06\/size-faceted-gemstone-beads-300x54.jpg 300w, https:\/\/www.artestar.eu\/wp-content\/uploads\/2023\/06\/size-faceted-gemstone-beads-768x138.jpg 768w, https:\/\/www.artestar.eu\/wp-content\/uploads\/2023\/06\/size-faceted-gemstone-beads-600x108.jpg 600w, https:\/\/www.artestar.eu\/wp-content\/uploads\/2023\/06\/size-faceted-gemstone-beads-90x16.jpg 90w\" sizes=\"(max-width: 1000px) 100vw, 1000px\" \/>Montante aproximado<\/p>\n<ul>\n<li>Contas de pedras semipreciosas naturais, pequenas imperfei\u00e7\u00f5es s\u00e3o permitidas.<\/li>\n<li>Devido aos diferentes dispositivos de exibi\u00e7\u00e3o, haver\u00e1 um ligeiro desvio na cor.<\/li>\n<\/ul>\n","protected":false},"featured_media":17546,"comment_status":"open","ping_status":"closed","template":"","meta":[],"product_cat":[1498,1580,1499],"product_tag":[],"yoast_head":"<!-- This site is optimized with the Yoast SEO Premium plugin v20.5 (Yoast SEO v21.5) - https:\/\/yoast.com\/wordpress\/plugins\/seo\/ -->\n<title>Malaquita facetados \u00e1baco - Artestar<\/title>\n<meta name=\"description\" content=\"Malaquita promove o amor e remove energias impuras, estimulando a for\u00e7a vital positiva no corpo e aura.\" \/>\n<meta name=\"robots\" content=\"index, follow, max-snippet:-1, max-image-preview:large, max-video-preview:-1\" \/>\n<link rel=\"canonical\" href=\"https:\/\/www.artestar.eu\/pt-pt\/atacado\/malaquita-facetados-abaco\/\" \/>\n<meta property=\"og:locale\" content=\"pt_PT\" \/>\n<meta property=\"og:type\" content=\"article\" \/>\n<meta property=\"og:title\" content=\"Malaquita facetados \u00e1baco\" \/>\n<meta property=\"og:description\" content=\"Malaquita promove o amor e remove energias impuras, estimulando a for\u00e7a vital positiva no corpo e aura.\" \/>\n<meta property=\"og:url\" content=\"https:\/\/www.artestar.eu\/pt-pt\/atacado\/malaquita-facetados-abaco\/\" \/>\n<meta property=\"og:site_name\" content=\"Artestar\" \/>\n<meta property=\"article:publisher\" content=\"https:\/\/www.facebook.com\/ARTESTAREU\" \/>\n<meta property=\"article:modified_time\" content=\"2023-10-12T03:50:10+00:00\" \/>\n<meta property=\"og:image\" content=\"https:\/\/www.artestar.eu\/wp-content\/uploads\/2023\/06\/semi-precious-stones-gemstone-beads-faceted-abacus-malachite-01.jpg\" \/>\n\t<meta property=\"og:image:width\" content=\"600\" \/>\n\t<meta property=\"og:image:height\" content=\"600\" \/>\n\t<meta property=\"og:image:type\" content=\"image\/jpeg\" \/>\n<meta name=\"twitter:card\" content=\"summary_large_image\" \/>\n<meta name=\"twitter:label1\" content=\"Availability\" \/>\n\t<meta name=\"twitter:data1\" content=\"Em estoque\" \/>\n<script type=\"application\/ld+json\" class=\"yoast-schema-graph\">{\"@context\":\"https:\/\/schema.org\",\"@graph\":[{\"@type\":\"WebPage\",\"@id\":\"https:\/\/www.artestar.eu\/pt-pt\/atacado\/malaquita-facetados-abaco\/\",\"url\":\"https:\/\/www.artestar.eu\/pt-pt\/atacado\/malaquita-facetados-abaco\/\",\"name\":\"Malaquita facetados \u00e1baco - Artestar\",\"isPartOf\":{\"@id\":\"https:\/\/www.artestar.eu\/pt-pt\/#website\"},\"datePublished\":\"2023-06-20T02:05:23+00:00\",\"dateModified\":\"2023-10-12T03:50:10+00:00\",\"description\":\"Malaquita promove o amor e remove energias impuras, estimulando a for\u00e7a vital positiva no corpo e aura.\",\"breadcrumb\":{\"@id\":\"https:\/\/www.artestar.eu\/pt-pt\/atacado\/malaquita-facetados-abaco\/#breadcrumb\"},\"inLanguage\":\"pt-PT\",\"potentialAction\":[{\"@type\":\"ReadAction\",\"target\":[\"https:\/\/www.artestar.eu\/pt-pt\/atacado\/malaquita-facetados-abaco\/\"]}]},{\"@type\":\"BreadcrumbList\",\"@id\":\"https:\/\/www.artestar.eu\/pt-pt\/atacado\/malaquita-facetados-abaco\/#breadcrumb\",\"itemListElement\":[{\"@type\":\"ListItem\",\"position\":1,\"name\":\"Artestar\",\"item\":\"https:\/\/www.artestar.eu\/pt-pt\/\"},{\"@type\":\"ListItem\",\"position\":2,\"name\":\"Atacado\",\"item\":\"https:\/\/www.artestar.eu\/pt-pt\/atacado\/\"},{\"@type\":\"ListItem\",\"position\":3,\"name\":\"Malaquita facetados \u00e1baco\"}]},{\"@type\":\"WebSite\",\"@id\":\"https:\/\/www.artestar.eu\/pt-pt\/#website\",\"url\":\"https:\/\/www.artestar.eu\/pt-pt\/\",\"name\":\"Artestar\",\"description\":\"Mayorista en abalorios y joyer\u00eda\",\"publisher\":{\"@id\":\"https:\/\/www.artestar.eu\/pt-pt\/#organization\"},\"alternateName\":\"Artestar-EU\",\"potentialAction\":[{\"@type\":\"SearchAction\",\"target\":{\"@type\":\"EntryPoint\",\"urlTemplate\":\"https:\/\/www.artestar.eu\/pt-pt\/?s={search_term_string}\"},\"query-input\":\"required name=search_term_string\"}],\"inLanguage\":\"pt-PT\"},{\"@type\":[\"Organization\",\"Place\"],\"@id\":\"https:\/\/www.artestar.eu\/pt-pt\/#organization\",\"name\":\"RUBY ABALORIO S.L.\",\"alternateName\":\"Artestar\",\"url\":\"https:\/\/www.artestar.eu\/pt-pt\/\",\"logo\":{\"@id\":\"https:\/\/www.artestar.eu\/pt-pt\/atacado\/malaquita-facetados-abaco\/#local-main-organization-logo\"},\"image\":{\"@id\":\"https:\/\/www.artestar.eu\/pt-pt\/atacado\/malaquita-facetados-abaco\/#local-main-organization-logo\"},\"sameAs\":[\"https:\/\/www.facebook.com\/ARTESTAREU\",\"https:\/\/www.instagram.com\/artestareu\/\",\"https:\/\/www.pinterest.es\/artestar_eu\/\",\"https:\/\/www.tiktok.com\/@artestar_wholesale\"],\"openingHoursSpecification\":[{\"@type\":\"OpeningHoursSpecification\",\"dayOfWeek\":[\"Monday\",\"Tuesday\",\"Wednesday\",\"Thursday\",\"Friday\",\"Saturday\",\"Sunday\"],\"opens\":\"09:00\",\"closes\":\"17:00\"}]},{\"@type\":\"ImageObject\",\"inLanguage\":\"pt-PT\",\"@id\":\"https:\/\/www.artestar.eu\/pt-pt\/atacado\/malaquita-facetados-abaco\/#local-main-organization-logo\",\"url\":\"https:\/\/www.artestar.eu\/wp-content\/uploads\/2023\/05\/cropped-png.png\",\"contentUrl\":\"https:\/\/www.artestar.eu\/wp-content\/uploads\/2023\/05\/cropped-png.png\",\"width\":512,\"height\":512,\"caption\":\"RUBY ABALORIO S.L.\"}]}<\/script>\n<meta property=\"og:availability\" content=\"instock\" \/>\n<meta property=\"product:availability\" content=\"instock\" \/>\n<meta property=\"product:retailer_item_id\" content=\"BS-YZ-QM-B0019-B0020\" \/>\n<meta property=\"product:condition\" content=\"new\" \/>\n<!-- \/ Yoast SEO Premium plugin. -->","yoast_head_json":{"title":"Malaquita facetados \u00e1baco - Artestar","description":"Malaquita promove o amor e remove energias impuras, estimulando a for\u00e7a vital positiva no corpo e aura.","robots":{"index":"index","follow":"follow","max-snippet":"max-snippet:-1","max-image-preview":"max-image-preview:large","max-video-preview":"max-video-preview:-1"},"canonical":"https:\/\/www.artestar.eu\/pt-pt\/atacado\/malaquita-facetados-abaco\/","og_locale":"pt_PT","og_type":"article","og_title":"Malaquita facetados \u00e1baco","og_description":"Malaquita promove o amor e remove energias impuras, estimulando a for\u00e7a vital positiva no corpo e aura.","og_url":"https:\/\/www.artestar.eu\/pt-pt\/atacado\/malaquita-facetados-abaco\/","og_site_name":"Artestar","article_publisher":"https:\/\/www.facebook.com\/ARTESTAREU","article_modified_time":"2023-10-12T03:50:10+00:00","og_image":[{"width":600,"height":600,"url":"https:\/\/www.artestar.eu\/wp-content\/uploads\/2023\/06\/semi-precious-stones-gemstone-beads-faceted-abacus-malachite-01.jpg","type":"image\/jpeg"}],"twitter_card":"summary_large_image","twitter_misc":{"Availability":"Em estoque"},"schema":{"@context":"https:\/\/schema.org","@graph":[{"@type":"WebPage","@id":"https:\/\/www.artestar.eu\/pt-pt\/atacado\/malaquita-facetados-abaco\/","url":"https:\/\/www.artestar.eu\/pt-pt\/atacado\/malaquita-facetados-abaco\/","name":"Malaquita facetados \u00e1baco - Artestar","isPartOf":{"@id":"https:\/\/www.artestar.eu\/pt-pt\/#website"},"datePublished":"2023-06-20T02:05:23+00:00","dateModified":"2023-10-12T03:50:10+00:00","description":"Malaquita promove o amor e remove energias impuras, estimulando a for\u00e7a vital positiva no corpo e aura.","breadcrumb":{"@id":"https:\/\/www.artestar.eu\/pt-pt\/atacado\/malaquita-facetados-abaco\/#breadcrumb"},"inLanguage":"pt-PT","potentialAction":[{"@type":"ReadAction","target":["https:\/\/www.artestar.eu\/pt-pt\/atacado\/malaquita-facetados-abaco\/"]}]},{"@type":"BreadcrumbList","@id":"https:\/\/www.artestar.eu\/pt-pt\/atacado\/malaquita-facetados-abaco\/#breadcrumb","itemListElement":[{"@type":"ListItem","position":1,"name":"Artestar","item":"https:\/\/www.artestar.eu\/pt-pt\/"},{"@type":"ListItem","position":2,"name":"Atacado","item":"https:\/\/www.artestar.eu\/pt-pt\/atacado\/"},{"@type":"ListItem","position":3,"name":"Malaquita facetados \u00e1baco"}]},{"@type":"WebSite","@id":"https:\/\/www.artestar.eu\/pt-pt\/#website","url":"https:\/\/www.artestar.eu\/pt-pt\/","name":"Artestar","description":"Mayorista en abalorios y joyer\u00eda","publisher":{"@id":"https:\/\/www.artestar.eu\/pt-pt\/#organization"},"alternateName":"Artestar-EU","potentialAction":[{"@type":"SearchAction","target":{"@type":"EntryPoint","urlTemplate":"https:\/\/www.artestar.eu\/pt-pt\/?s={search_term_string}"},"query-input":"required name=search_term_string"}],"inLanguage":"pt-PT"},{"@type":["Organization","Place"],"@id":"https:\/\/www.artestar.eu\/pt-pt\/#organization","name":"RUBY ABALORIO S.L.","alternateName":"Artestar","url":"https:\/\/www.artestar.eu\/pt-pt\/","logo":{"@id":"https:\/\/www.artestar.eu\/pt-pt\/atacado\/malaquita-facetados-abaco\/#local-main-organization-logo"},"image":{"@id":"https:\/\/www.artestar.eu\/pt-pt\/atacado\/malaquita-facetados-abaco\/#local-main-organization-logo"},"sameAs":["https:\/\/www.facebook.com\/ARTESTAREU","https:\/\/www.instagram.com\/artestareu\/","https:\/\/www.pinterest.es\/artestar_eu\/","https:\/\/www.tiktok.com\/@artestar_wholesale"],"openingHoursSpecification":[{"@type":"OpeningHoursSpecification","dayOfWeek":["Monday","Tuesday","Wednesday","Thursday","Friday","Saturday","Sunday"],"opens":"09:00","closes":"17:00"}]},{"@type":"ImageObject","inLanguage":"pt-PT","@id":"https:\/\/www.artestar.eu\/pt-pt\/atacado\/malaquita-facetados-abaco\/#local-main-organization-logo","url":"https:\/\/www.artestar.eu\/wp-content\/uploads\/2023\/05\/cropped-png.png","contentUrl":"https:\/\/www.artestar.eu\/wp-content\/uploads\/2023\/05\/cropped-png.png","width":512,"height":512,"caption":"RUBY ABALORIO S.L."}]},"og_availability":"instock","product_availability":"instock","product_retailer_item_id":"BS-YZ-QM-B0019-B0020","product_condition":"new"},"tiered_pricing_type":"fixed","tiered_pricing_fixed_rules":[],"tiered_pricing_percentage_rules":[],"tiered_pricing_minimum":null,"_administrator_tiered_pricing_type":"fixed","_administrator_tiered_pricing_fixed_rules":[],"_editor_tiered_pricing_type":"fixed","_editor_tiered_pricing_fixed_rules":[],"_author_tiered_pricing_type":"fixed","_author_tiered_pricing_fixed_rules":[],"_contributor_tiered_pricing_type":"fixed","_contributor_tiered_pricing_fixed_rules":[],"_subscriber_tiered_pricing_type":"fixed","_subscriber_tiered_pricing_fixed_rules":[],"_wpseo_manager_tiered_pricing_type":"fixed","_wpseo_manager_tiered_pricing_fixed_rules":[],"_wpseo_editor_tiered_pricing_type":"fixed","_wpseo_editor_tiered_pricing_fixed_rules":[],"_customer_tiered_pricing_type":"fixed","_customer_tiered_pricing_fixed_rules":[],"_shop_manager_tiered_pricing_type":"fixed","_shop_manager_tiered_pricing_fixed_rules":[],"_product_manager_tiered_pricing_type":"fixed","_product_manager_tiered_pricing_fixed_rules":[],"_links":{"self":[{"href":"https:\/\/www.artestar.eu\/pt-pt\/wp-json\/wp\/v2\/product\/29263"}],"collection":[{"href":"https:\/\/www.artestar.eu\/pt-pt\/wp-json\/wp\/v2\/product"}],"about":[{"href":"https:\/\/www.artestar.eu\/pt-pt\/wp-json\/wp\/v2\/types\/product"}],"replies":[{"embeddable":true,"href":"https:\/\/www.artestar.eu\/pt-pt\/wp-json\/wp\/v2\/comments?post=29263"}],"version-history":[{"count":2,"href":"https:\/\/www.artestar.eu\/pt-pt\/wp-json\/wp\/v2\/product\/29263\/revisions"}],"predecessor-version":[{"id":36183,"href":"https:\/\/www.artestar.eu\/pt-pt\/wp-json\/wp\/v2\/product\/29263\/revisions\/36183"}],"wp:featuredmedia":[{"embeddable":true,"href":"https:\/\/www.artestar.eu\/pt-pt\/wp-json\/wp\/v2\/media\/17546"}],"wp:attachment":[{"href":"https:\/\/www.artestar.eu\/pt-pt\/wp-json\/wp\/v2\/media?parent=29263"}],"wp:term":[{"taxonomy":"product_cat","embeddable":true,"href":"https:\/\/www.artestar.eu\/pt-pt\/wp-json\/wp\/v2\/product_cat?post=29263"},{"taxonomy":"product_tag","embeddable":true,"href":"https:\/\/www.artestar.eu\/pt-pt\/wp-json\/wp\/v2\/product_tag?post=29263"}],"curies":[{"name":"wp","href":"https:\/\/api.w.org\/{rel}","templated":true}]}}